{"id":6737,"date":"2024-01-03T12:12:03","date_gmt":"2024-01-03T12:12:03","guid":{"rendered":"https:\/\/www.riwal.com\/sv\/?page_id=6737"},"modified":"2024-01-17T12:32:10","modified_gmt":"2024-01-17T12:32:10","slug":"ansvarsfriskrivning","status":"publish","type":"page","link":"https:\/\/www.riwal.com\/sv\/ansvarsfriskrivning\/","title":{"rendered":"Ansvarsfriskrivning"},"content":{"rendered":"<div class=\"rental-wp-default-block rental-theme-block-default-margin\">\n\t\t\t\t\t\t\t\t<div class=\"container\">\n<div class=\"wp-block-group is-layout-constrained wp-block-group-is-layout-constrained\">\n<div class=\"wp-block-rental-theme-title-text rental-theme-block-default-margin\">\n\t<div class=\"wp-block-rental-theme-title-text__container\">\n\t\t<div class=\"wp-block-rental-theme-title-text__wrapper\">\n\t\t\t<h1 class='wp-block-rental-theme-title-text__title'>Ansvarsfriskrivning f\u00f6r www.riwal.com<\/h1>\t\t<\/div>\n\t\t<div class='wp-block-rental-theme-title-text__text'>\n\n<p>Riwal f\u00f6rbeh\u00e5ller sig r\u00e4tten att \u00e4ndra inneh\u00e5llet n\u00e4r som helst eller att ta bort delar av det utan att beh\u00f6va informera dig. Webbplatsanv\u00e4ndare rekommenderas att l\u00e4sa ansvarsfriskrivningen ofta s\u00e5 att de alltid kommer att vara uppdaterade med den senaste versionen.<\/p>\n\n\n\n<h3 class=\"wp-block-heading\" id=\"h-begransar-ansvar\">Begr\u00e4nsar ansvar<\/h3>\n\n\n\n<p>Riwal str\u00e4var efter att komplettera och\/eller uppdatera inneh\u00e5llet p\u00e5 webbplatsen s\u00e5 ofta som m\u00f6jligt. Trots denna omsorg och uppm\u00e4rksamhet \u00e4r det fortfarande m\u00f6jligt att inneh\u00e5llet \u00e4r ofullst\u00e4ndigt och\/eller felaktigt.<\/p>\n\n\n\n<p>Inneh\u00e5llet som erbjuds p\u00e5 webbplatsen erbjuds utan n\u00e5gon form av garanti eller anspr\u00e5k p\u00e5 korrekthet. Dessa material kan \u00e4ndras n\u00e4r som helst utan meddelande eller p\u00e5minnelse fr\u00e5n Riwal.<\/p>\n\n\n\n<p>Trots den st\u00e4ndiga omsorg som Riwal \u00e4gnar \u00e5t webbplatsen och den information som publiceras p\u00e5 den, kan Riwal inte h\u00e5llas ansvarig f\u00f6r fullst\u00e4ndigheten, riktigheten och aktualiteten av webbplatsen och den information som publiceras.<\/p>\n\n<\/div>\n\t<\/div>\n<\/div>\n\n\n<div class=\"wp-block-group is-layout-constrained wp-block-group-is-layout-constrained\">\n<div class=\"wp-block-group is-layout-constrained wp-block-group-is-layout-constrained\">\n<div class=\"wp-block-group is-layout-constrained wp-block-group-is-layout-constrained\">\n<p>Informationen p\u00e5 webbplatsen \u00e4r endast avsedd f\u00f6r allm\u00e4nna \u00e4ndam\u00e5l och kan inte betraktas som r\u00e5dgivning. Riwal ansvarar inte f\u00f6r f\u00f6rlust eller skada som uppst\u00e5r p\u00e5 grund av anv\u00e4ndningen av webbplatsen (eller of\u00f6rm\u00e5gan att anv\u00e4nda den), inklusive f\u00f6rlust eller skada orsakad av virus eller felaktig eller ofullst\u00e4ndig information, s\u00e5vida inte s\u00e5dan f\u00f6rlust eller skada \u00e4r resultatet av avsiktliga handlingar av tj\u00e4nstefel eller grov v\u00e5rdsl\u00f6shet fr\u00e5n Riwals sida.<\/p>\n\n\n\n<p>Riwal kommer inte heller att h\u00e5llas ansvarigt f\u00f6r f\u00f6rlust eller skada till f\u00f6ljd av anv\u00e4ndningen av elektroniska kommunikationsmedel, inklusive \u2013 men inte begr\u00e4nsat till \u2013 f\u00f6rlust eller skada orsakad av f\u00f6rseningar i tillhandah\u00e5llandet av elektronisk kommunikation. Inte heller g\u00e4llande underl\u00e5tenhet att tillhandah\u00e5lla elektronisk kommunikation, avlyssning eller manipulation av elektronisk kommunikation fr\u00e5n tredje part eller datorprogram som anv\u00e4nds f\u00f6r elektronisk kommunikation och spridning av virus. Specifikt \u00e4r alla priser p\u00e5 webbplatsen betingade och f\u00f6rem\u00e5l f\u00f6r skriv- eller programmeringsfel. Ansvar accepteras inte f\u00f6r n\u00e5gra konsekvenser relaterade till s\u00e5dana fel. Avtal kommer inte att ing\u00e5s baserat p\u00e5 s\u00e5dana fel.<\/p>\n\n\n\n<p>Information fr\u00e5n tredje part \u00e4r ett uttryck f\u00f6r deras personliga \u00e5sikter. Riwal \u00e4r inte ansvarig f\u00f6r denna information.<\/p>\n\n\n\n<p>Denna webbplats inneh\u00e5ller l\u00e4nkar till externa webbplatser som hanteras av tredje part. Riwal ansvarar inte f\u00f6r inneh\u00e5llet eller prestanda p\u00e5 dessa externa webbplatser. Riwal tar inget som helst ansvar f\u00f6r kvaliteten p\u00e5 de produkter och\/eller tj\u00e4nster som erbjuds av s\u00e5dana externa webbplatser och \u00e4r inte ansvarig f\u00f6r anv\u00e4ndningen av inneh\u00e5llet p\u00e5 webbplatser som l\u00e4nkar till eller fr\u00e5n webbplatsen.<\/p>\n<\/div>\n\n\n\n<div class=\"wp-block-group is-layout-constrained wp-block-group-is-layout-constrained\">\n<h3 class=\"wp-block-heading\" id=\"h-upphovsratt\">Upphovsr\u00e4tt<\/h3>\n\n\n\n<p>Alla immateriella r\u00e4ttigheter relaterade till detta material f\u00f6rblir hos Riwal.<\/p>\n\n\n\n<p>Kopiering, distribution och all annan anv\u00e4ndning av detta material \u00e4r f\u00f6rbjudet utan skriftligt tillst\u00e5nd fr\u00e5n Riwal, med f\u00f6rbeh\u00e5ll f\u00f6r och endast i den utstr\u00e4ckning som annat best\u00e4ms av bindande regler (s\u00e5som citatr\u00e4tten) om inte annat anges f\u00f6r specifikt material.<\/p>\n\n\n\n<p>Om inte annat anges kommer alla r\u00e4ttigheter p\u00e5 webbplatsen och informationen p\u00e5 webbplatsen, inklusive \u2013 men inte begr\u00e4nsat till \u2013 upphovsr\u00e4tter och andra immateriella r\u00e4ttigheter, att tillh\u00f6ra Riwal. Dessa r\u00e4ttigheter avser alla r\u00e4ttigheter till varum\u00e4rket, bilder, textm\u00e4rken och logotyper f\u00f6r Riwal illustrerade eller portr\u00e4tterade p\u00e5 denna webbplats.<\/p>\n\n\n\n<p>&#8221;Riwal&#8221; \u00e4r ett registrerat varum\u00e4rke som tillh\u00f6r Riwal.<\/p>\n\n\n\n<p>Anv\u00e4ndare kan l\u00e4sa och kopiera informationen p\u00e5 webbplatsen f\u00f6r personligt, icke-kommersiellt bruk, till exempel genom att skriva ut eller spara informationen.<\/p>\n\n\n\n<p>All annan anv\u00e4ndning av webbplatsen eller informationen p\u00e5 webbplatsen, s\u00e5som att spara och\/eller duplicera (del av) Riwals webbplats p\u00e5 en extern webbplats eller uppr\u00e4tta l\u00e4nkar, hypertextl\u00e4nkar eller djupl\u00e4nkar mellan webbplatsen och n\u00e5gon annan webbplats, \u00e4r f\u00f6rbjuden utan Riwals uttryckliga skriftliga tillst\u00e5nd.<\/p>\n<\/div>\n\n\n\n<div class=\"wp-block-group is-layout-constrained wp-block-group-is-layout-constrained\">\n<h3 class=\"wp-block-heading\" id=\"h-ovrigt\">\u00d6vrigt <\/h3>\n\n\n\n<p>Denna ansvarsfriskrivning kan komma att anpassas fr\u00e5n tid till annan.<\/p>\n<\/div>\n<\/div>\n<\/div>\n<\/div>\n<\/div>\n\t\t\t\t\t\t\t<\/div> \n\n<div class=\"container\">\n<p><\/p>\n<\/div>","protected":false},"excerpt":{"rendered":"<p>Informationen p\u00e5 webbplatsen \u00e4r endast avsedd f\u00f6r allm\u00e4nna \u00e4ndam\u00e5l och kan inte betraktas som r\u00e5dgivning. Riwal ansvarar inte f\u00f6r f\u00f6rlust eller skada som uppst\u00e5r p\u00e5 grund av anv\u00e4ndningen av webbplatsen (eller of\u00f6rm\u00e5gan att anv\u00e4nda den), inklusive f\u00f6rlust eller skada orsakad av virus eller felaktig eller ofullst\u00e4ndig information, s\u00e5vida inte s\u00e5dan f\u00f6rlust eller skada \u00e4r resultatet &hellip; <a href=\"https:\/\/www.riwal.com\/sv\/ansvarsfriskrivning\/\">G\u00e5 vidare<\/a><\/p>\n","protected":false},"author":14,"featured_media":0,"parent":0,"menu_order":0,"comment_status":"closed","ping_status":"closed","template":"","meta":{"_acf_changed":false,"footnotes":""},"class_list":["post-6737","page","type-page","status-publish","hentry"],"acf":[],"yoast_head":"<!-- This site is optimized with the Yoast SEO Premium plugin v27.1 (Yoast SEO v27.1.1) - https:\/\/yoast.com\/product\/yoast-seo-premium-wordpress\/ -->\n<title>Ansvarsfriskrivning | Riwal Sverige<\/title>\n<meta name=\"description\" content=\"H\u00e4r hittar du Riwals ansvarsfriskrivning d\u00e4r vi beskriver vad vi tar, och vad vi inte tar ansvar \u00f6ver. L\u00e4s mer h\u00e4r.\" \/>\n<meta name=\"robots\" content=\"index, follow, max-snippet:-1, max-image-preview:large, max-video-preview:-1\" \/>\n<link rel=\"canonical\" href=\"https:\/\/www.riwal.com\/sv\/ansvarsfriskrivning\/\" \/>\n<meta property=\"og:locale\" content=\"sv_SE\" \/>\n<meta property=\"og:type\" content=\"article\" \/>\n<meta property=\"og:title\" content=\"Ansvarsfriskrivning\" \/>\n<meta property=\"og:description\" content=\"H\u00e4r hittar du Riwals ansvarsfriskrivning d\u00e4r vi beskriver vad vi tar, och vad vi inte tar ansvar \u00f6ver. L\u00e4s mer h\u00e4r.\" \/>\n<meta property=\"og:url\" content=\"https:\/\/www.riwal.com\/sv\/ansvarsfriskrivning\/\" \/>\n<meta property=\"og:site_name\" content=\"Riwal Sverige\" \/>\n<meta property=\"article:modified_time\" content=\"2024-01-17T12:32:10+00:00\" \/>\n<meta name=\"twitter:card\" content=\"summary_large_image\" \/>\n<meta name=\"twitter:label1\" content=\"Est. reading time\" \/>\n\t<meta name=\"twitter:data1\" content=\"3 minuter\" \/>\n<script type=\"application\/ld+json\" class=\"yoast-schema-graph\">{\"@context\":\"https:\/\/schema.org\",\"@graph\":[{\"@type\":\"WebPage\",\"@id\":\"https:\/\/www.riwal.com\/sv\/ansvarsfriskrivning\/\",\"url\":\"https:\/\/www.riwal.com\/sv\/ansvarsfriskrivning\/\",\"name\":\"Ansvarsfriskrivning | Riwal Sverige\",\"isPartOf\":{\"@id\":\"https:\/\/www.riwal.com\/sv\/#website\"},\"datePublished\":\"2024-01-03T12:12:03+00:00\",\"dateModified\":\"2024-01-17T12:32:10+00:00\",\"description\":\"H\u00e4r hittar du Riwals ansvarsfriskrivning d\u00e4r vi beskriver vad vi tar, och vad vi inte tar ansvar \u00f6ver. L\u00e4s mer h\u00e4r.\",\"breadcrumb\":{\"@id\":\"https:\/\/www.riwal.com\/sv\/ansvarsfriskrivning\/#breadcrumb\"},\"inLanguage\":\"sv-SE\",\"potentialAction\":[{\"@type\":\"ReadAction\",\"target\":[\"https:\/\/www.riwal.com\/sv\/ansvarsfriskrivning\/\"]}]},{\"@type\":\"BreadcrumbList\",\"@id\":\"https:\/\/www.riwal.com\/sv\/ansvarsfriskrivning\/#breadcrumb\",\"itemListElement\":[{\"@type\":\"ListItem\",\"position\":1,\"name\":\"Hem\",\"item\":\"https:\/\/www.riwal.com\/sv\/\"},{\"@type\":\"ListItem\",\"position\":2,\"name\":\"Ansvarsfriskrivning\"}]},{\"@type\":\"WebSite\",\"@id\":\"https:\/\/www.riwal.com\/sv\/#website\",\"url\":\"https:\/\/www.riwal.com\/sv\/\",\"name\":\"Riwal Sverige\",\"description\":\"Arial work platform &amp; Telehandler Rental\/Sales\",\"publisher\":{\"@id\":\"https:\/\/www.riwal.com\/sv\/#organization\"},\"potentialAction\":[{\"@type\":\"SearchAction\",\"target\":{\"@type\":\"EntryPoint\",\"urlTemplate\":\"https:\/\/www.riwal.com\/sv\/?s={search_term_string}\"},\"query-input\":{\"@type\":\"PropertyValueSpecification\",\"valueRequired\":true,\"valueName\":\"search_term_string\"}}],\"inLanguage\":\"sv-SE\"},{\"@type\":\"Organization\",\"@id\":\"https:\/\/www.riwal.com\/sv\/#organization\",\"name\":\"Riwal\",\"url\":\"https:\/\/www.riwal.com\/sv\/\",\"logo\":{\"@type\":\"ImageObject\",\"inLanguage\":\"sv-SE\",\"@id\":\"https:\/\/www.riwal.com\/sv\/#\/schema\/logo\/image\/\",\"url\":\"\",\"contentUrl\":\"\",\"caption\":\"Riwal\"},\"image\":{\"@id\":\"https:\/\/www.riwal.com\/sv\/#\/schema\/logo\/image\/\"}}]}<\/script>\n<!-- \/ Yoast SEO Premium plugin. -->","yoast_head_json":{"title":"Ansvarsfriskrivning | Riwal Sverige","description":"H\u00e4r hittar du Riwals ansvarsfriskrivning d\u00e4r vi beskriver vad vi tar, och vad vi inte tar ansvar \u00f6ver. L\u00e4s mer h\u00e4r.","robots":{"index":"index","follow":"follow","max-snippet":"max-snippet:-1","max-image-preview":"max-image-preview:large","max-video-preview":"max-video-preview:-1"},"canonical":"https:\/\/www.riwal.com\/sv\/ansvarsfriskrivning\/","og_locale":"sv_SE","og_type":"article","og_title":"Ansvarsfriskrivning","og_description":"H\u00e4r hittar du Riwals ansvarsfriskrivning d\u00e4r vi beskriver vad vi tar, och vad vi inte tar ansvar \u00f6ver. L\u00e4s mer h\u00e4r.","og_url":"https:\/\/www.riwal.com\/sv\/ansvarsfriskrivning\/","og_site_name":"Riwal Sverige","article_modified_time":"2024-01-17T12:32:10+00:00","twitter_card":"summary_large_image","twitter_misc":{"Est. reading time":"3 minuter"},"schema":{"@context":"https:\/\/schema.org","@graph":[{"@type":"WebPage","@id":"https:\/\/www.riwal.com\/sv\/ansvarsfriskrivning\/","url":"https:\/\/www.riwal.com\/sv\/ansvarsfriskrivning\/","name":"Ansvarsfriskrivning | Riwal Sverige","isPartOf":{"@id":"https:\/\/www.riwal.com\/sv\/#website"},"datePublished":"2024-01-03T12:12:03+00:00","dateModified":"2024-01-17T12:32:10+00:00","description":"H\u00e4r hittar du Riwals ansvarsfriskrivning d\u00e4r vi beskriver vad vi tar, och vad vi inte tar ansvar \u00f6ver. L\u00e4s mer h\u00e4r.","breadcrumb":{"@id":"https:\/\/www.riwal.com\/sv\/ansvarsfriskrivning\/#breadcrumb"},"inLanguage":"sv-SE","potentialAction":[{"@type":"ReadAction","target":["https:\/\/www.riwal.com\/sv\/ansvarsfriskrivning\/"]}]},{"@type":"BreadcrumbList","@id":"https:\/\/www.riwal.com\/sv\/ansvarsfriskrivning\/#breadcrumb","itemListElement":[{"@type":"ListItem","position":1,"name":"Hem","item":"https:\/\/www.riwal.com\/sv\/"},{"@type":"ListItem","position":2,"name":"Ansvarsfriskrivning"}]},{"@type":"WebSite","@id":"https:\/\/www.riwal.com\/sv\/#website","url":"https:\/\/www.riwal.com\/sv\/","name":"Riwal Sverige","description":"Arial work platform &amp; Telehandler Rental\/Sales","publisher":{"@id":"https:\/\/www.riwal.com\/sv\/#organization"},"potentialAction":[{"@type":"SearchAction","target":{"@type":"EntryPoint","urlTemplate":"https:\/\/www.riwal.com\/sv\/?s={search_term_string}"},"query-input":{"@type":"PropertyValueSpecification","valueRequired":true,"valueName":"search_term_string"}}],"inLanguage":"sv-SE"},{"@type":"Organization","@id":"https:\/\/www.riwal.com\/sv\/#organization","name":"Riwal","url":"https:\/\/www.riwal.com\/sv\/","logo":{"@type":"ImageObject","inLanguage":"sv-SE","@id":"https:\/\/www.riwal.com\/sv\/#\/schema\/logo\/image\/","url":"","contentUrl":"","caption":"Riwal"},"image":{"@id":"https:\/\/www.riwal.com\/sv\/#\/schema\/logo\/image\/"}}]}},"_links":{"self":[{"href":"https:\/\/www.riwal.com\/sv\/wp-json\/wp\/v2\/pages\/6737","targetHints":{"allow":["GET"]}}],"collection":[{"href":"https:\/\/www.riwal.com\/sv\/wp-json\/wp\/v2\/pages"}],"about":[{"href":"https:\/\/www.riwal.com\/sv\/wp-json\/wp\/v2\/types\/page"}],"author":[{"embeddable":true,"href":"https:\/\/www.riwal.com\/sv\/wp-json\/wp\/v2\/users\/14"}],"replies":[{"embeddable":true,"href":"https:\/\/www.riwal.com\/sv\/wp-json\/wp\/v2\/comments?post=6737"}],"version-history":[{"count":4,"href":"https:\/\/www.riwal.com\/sv\/wp-json\/wp\/v2\/pages\/6737\/revisions"}],"predecessor-version":[{"id":7384,"href":"https:\/\/www.riwal.com\/sv\/wp-json\/wp\/v2\/pages\/6737\/revisions\/7384"}],"wp:attachment":[{"href":"https:\/\/www.riwal.com\/sv\/wp-json\/wp\/v2\/media?parent=6737"}],"curies":[{"name":"wp","href":"https:\/\/api.w.org\/{rel}","templated":true}]}}