{"id":427,"date":"2023-04-21T12:12:55","date_gmt":"2023-04-21T12:12:55","guid":{"rendered":"https:\/\/www.riwal.com\/en\/?page_id=427"},"modified":"2024-10-22T10:13:33","modified_gmt":"2024-10-22T08:13:33","slug":"karriar","status":"publish","type":"page","link":"https:\/\/www.riwal.com\/sv\/karriar\/","title":{"rendered":"Karri\u00e4r"},"content":{"rendered":"\n<div class=\"wp-block-rental-theme-header\">\n\t<div class=\"wp-block-rental-theme-header__lines\">\n\t\t<svg width=\"726\" height=\"442\" viewBox=\"0 0 726 442\" fill=\"none\" xmlns=\"http:\/\/www.w3.org\/2000\/svg\"><g opacity=\".5\"><mask id=\"path-1-inside-1_1_2\" fill=\"#fff\"><path fill-rule=\"evenodd\" clip-rule=\"evenodd\" d=\"M441.458.5H284.542L0 285.042v156.917l156.917-.001L363 235.876l206.083 206.082 156.917.001V285.042L441.458.5Z\"\/><\/mask><path d=\"M284.542.5v-1h-.415l-.292.293.707.707Zm156.916 0 .708-.707-.293-.293h-.415v1ZM0 285.042l-.707-.708-.293.293v.415h1Zm0 156.917h-1v1h1v-1Zm156.917-.001v1h.414l.293-.292-.707-.708ZM363 235.876l.707-.708-.707-.707-.707.707.707.708Zm206.083 206.082-.707.708.293.292h.414v-1Zm156.917.001v1h1v-1h-1Zm0-156.917h1v-.415l-.293-.293-.707.708ZM284.542 1.5h156.916v-2H284.542v2ZM.707 285.749 285.25 1.207l-1.414-1.414L-.707 284.334l1.414 1.415ZM1 441.959V285.042h-2v156.917h2Zm155.917-1.001L0 440.959v2l156.917-.001v-2Zm205.376-205.79L156.21 441.251l1.414 1.415 206.083-206.083-1.414-1.415Zm0 1.415 206.083 206.083 1.414-1.415-206.083-206.083-1.414 1.415Zm206.79 206.375 156.917.001v-2l-156.917-.001v2ZM727 441.959V285.042h-2v156.917h2Zm-.293-157.625L442.166-.206l-1.415 1.413L725.293 285.75l1.414-1.415Z\" fill=\"#5B728B\" mask=\"url(#path-1-inside-1_1_2)\"\/><\/g><\/svg>\t\t<svg width=\"726\" height=\"442\" viewBox=\"0 0 726 442\" fill=\"none\" xmlns=\"http:\/\/www.w3.org\/2000\/svg\"><g opacity=\".5\"><mask id=\"path-1-inside-1_1_2\" fill=\"#fff\"><path fill-rule=\"evenodd\" clip-rule=\"evenodd\" d=\"M441.458.5H284.542L0 285.042v156.917l156.917-.001L363 235.876l206.083 206.082 156.917.001V285.042L441.458.5Z\"\/><\/mask><path d=\"M284.542.5v-1h-.415l-.292.293.707.707Zm156.916 0 .708-.707-.293-.293h-.415v1ZM0 285.042l-.707-.708-.293.293v.415h1Zm0 156.917h-1v1h1v-1Zm156.917-.001v1h.414l.293-.292-.707-.708ZM363 235.876l.707-.708-.707-.707-.707.707.707.708Zm206.083 206.082-.707.708.293.292h.414v-1Zm156.917.001v1h1v-1h-1Zm0-156.917h1v-.415l-.293-.293-.707.708ZM284.542 1.5h156.916v-2H284.542v2ZM.707 285.749 285.25 1.207l-1.414-1.414L-.707 284.334l1.414 1.415ZM1 441.959V285.042h-2v156.917h2Zm155.917-1.001L0 440.959v2l156.917-.001v-2Zm205.376-205.79L156.21 441.251l1.414 1.415 206.083-206.083-1.414-1.415Zm0 1.415 206.083 206.083 1.414-1.415-206.083-206.083-1.414 1.415Zm206.79 206.375 156.917.001v-2l-156.917-.001v2ZM727 441.959V285.042h-2v156.917h2Zm-.293-157.625L442.166-.206l-1.415 1.413L725.293 285.75l1.414-1.415Z\" fill=\"#5B728B\" mask=\"url(#path-1-inside-1_1_2)\"\/><\/g><\/svg>\t<\/div>\n\t<img fetchpriority=\"high\" decoding=\"async\" width=\"1388\" height=\"925\" src=\"https:\/\/eqsk4m2dkju.exactdn.com\/app\/uploads\/sites\/13\/2023\/06\/riwal-aerial-work-platform-rental-sales-26-1388x925.webp?strip=all&amp;quality=92&amp;webp=92&amp;avif=80&amp;sharp=1\" class=\"wp-block-rental-theme-header__image wp-block-rental-theme-header__image--desktop\" alt=\"karri\u00e4r-lediga-jobb\" loading=\"eager\" srcset=\"https:\/\/eqsk4m2dkju.exactdn.com\/app\/uploads\/sites\/13\/2023\/06\/riwal-aerial-work-platform-rental-sales-26-1388x925.webp?strip=all&amp;quality=92&amp;webp=92&amp;avif=80&amp;sharp=1 1388w, https:\/\/eqsk4m2dkju.exactdn.com\/app\/uploads\/sites\/13\/2023\/06\/riwal-aerial-work-platform-rental-sales-26-2048x1365.webp?strip=all&amp;quality=92&amp;webp=92&amp;avif=80&amp;sharp=1 2048w, https:\/\/eqsk4m2dkju.exactdn.com\/app\/uploads\/sites\/13\/2023\/06\/riwal-aerial-work-platform-rental-sales-26-830x553.webp?strip=all&amp;quality=92&amp;webp=92&amp;avif=80&amp;sharp=1 830w, https:\/\/eqsk4m2dkju.exactdn.com\/app\/uploads\/sites\/13\/2023\/06\/riwal-aerial-work-platform-rental-sales-26-250x167.webp?strip=all&amp;quality=92&amp;webp=92&amp;avif=80&amp;sharp=1 250w, https:\/\/eqsk4m2dkju.exactdn.com\/app\/uploads\/sites\/13\/2023\/06\/riwal-aerial-work-platform-rental-sales-26-300x200.webp?strip=all&amp;quality=92&amp;webp=92&amp;avif=80&amp;sharp=1 300w, https:\/\/eqsk4m2dkju.exactdn.com\/app\/uploads\/sites\/13\/2023\/06\/riwal-aerial-work-platform-rental-sales-26-768x512.webp?strip=all&amp;quality=92&amp;webp=92&amp;avif=80&amp;sharp=1 768w, https:\/\/eqsk4m2dkju.exactdn.com\/app\/uploads\/sites\/13\/2023\/06\/riwal-aerial-work-platform-rental-sales-26-1024x683.webp?strip=all&amp;quality=92&amp;webp=92&amp;avif=80&amp;sharp=1 1024w, https:\/\/eqsk4m2dkju.exactdn.com\/app\/uploads\/sites\/13\/2023\/06\/riwal-aerial-work-platform-rental-sales-26-1536x1024.webp?strip=all&amp;quality=92&amp;webp=92&amp;avif=80&amp;sharp=1 1536w, https:\/\/eqsk4m2dkju.exactdn.com\/app\/uploads\/sites\/13\/2023\/06\/riwal-aerial-work-platform-rental-sales-26-178x119.webp?strip=all&amp;quality=92&amp;webp=92&amp;avif=80&amp;sharp=1 178w, https:\/\/eqsk4m2dkju.exactdn.com\/app\/uploads\/sites\/13\/2023\/06\/riwal-aerial-work-platform-rental-sales-26-390x260.webp?strip=all&amp;quality=92&amp;webp=92&amp;avif=80&amp;sharp=1 390w, https:\/\/eqsk4m2dkju.exactdn.com\/app\/uploads\/sites\/13\/2023\/06\/riwal-aerial-work-platform-rental-sales-26-scaled.webp?strip=all&amp;quality=92&amp;webp=92&amp;avif=80&amp;sharp=1&amp;w=512 512w, https:\/\/eqsk4m2dkju.exactdn.com\/app\/uploads\/sites\/13\/2023\/06\/riwal-aerial-work-platform-rental-sales-26-scaled.webp?strip=all&amp;quality=92&amp;webp=92&amp;avif=80&amp;sharp=1 2560w, https:\/\/eqsk4m2dkju.exactdn.com\/app\/uploads\/sites\/13\/2023\/06\/riwal-aerial-work-platform-rental-sales-26-scaled.webp?strip=all&amp;quality=92&amp;webp=92&amp;avif=80&amp;sharp=1&amp;w=450 450w\" sizes=\"(max-width: 1388px) 100vw, 1388px\" \/>\t<img decoding=\"async\" width=\"390\" height=\"260\" src=\"https:\/\/eqsk4m2dkju.exactdn.com\/app\/uploads\/sites\/13\/2023\/06\/riwal-aerial-work-platform-rental-sales-26-390x260.webp?strip=all&amp;quality=92&amp;webp=92&amp;avif=80&amp;sharp=1\" class=\"wp-block-rental-theme-header__image wp-block-rental-theme-header__image--mobile\" alt=\"karri\u00e4r-lediga-jobb\" loading=\"eager\" srcset=\"https:\/\/eqsk4m2dkju.exactdn.com\/app\/uploads\/sites\/13\/2023\/06\/riwal-aerial-work-platform-rental-sales-26-390x260.webp?strip=all&amp;quality=92&amp;webp=92&amp;avif=80&amp;sharp=1 390w, https:\/\/eqsk4m2dkju.exactdn.com\/app\/uploads\/sites\/13\/2023\/06\/riwal-aerial-work-platform-rental-sales-26-2048x1365.webp?strip=all&amp;quality=92&amp;webp=92&amp;avif=80&amp;sharp=1 2048w, https:\/\/eqsk4m2dkju.exactdn.com\/app\/uploads\/sites\/13\/2023\/06\/riwal-aerial-work-platform-rental-sales-26-1388x925.webp?strip=all&amp;quality=92&amp;webp=92&amp;avif=80&amp;sharp=1 1388w, https:\/\/eqsk4m2dkju.exactdn.com\/app\/uploads\/sites\/13\/2023\/06\/riwal-aerial-work-platform-rental-sales-26-830x553.webp?strip=all&amp;quality=92&amp;webp=92&amp;avif=80&amp;sharp=1 830w, https:\/\/eqsk4m2dkju.exactdn.com\/app\/uploads\/sites\/13\/2023\/06\/riwal-aerial-work-platform-rental-sales-26-250x167.webp?strip=all&amp;quality=92&amp;webp=92&amp;avif=80&amp;sharp=1 250w, https:\/\/eqsk4m2dkju.exactdn.com\/app\/uploads\/sites\/13\/2023\/06\/riwal-aerial-work-platform-rental-sales-26-300x200.webp?strip=all&amp;quality=92&amp;webp=92&amp;avif=80&amp;sharp=1 300w, https:\/\/eqsk4m2dkju.exactdn.com\/app\/uploads\/sites\/13\/2023\/06\/riwal-aerial-work-platform-rental-sales-26-768x512.webp?strip=all&amp;quality=92&amp;webp=92&amp;avif=80&amp;sharp=1 768w, https:\/\/eqsk4m2dkju.exactdn.com\/app\/uploads\/sites\/13\/2023\/06\/riwal-aerial-work-platform-rental-sales-26-1024x683.webp?strip=all&amp;quality=92&amp;webp=92&amp;avif=80&amp;sharp=1 1024w, https:\/\/eqsk4m2dkju.exactdn.com\/app\/uploads\/sites\/13\/2023\/06\/riwal-aerial-work-platform-rental-sales-26-1536x1024.webp?strip=all&amp;quality=92&amp;webp=92&amp;avif=80&amp;sharp=1 1536w, https:\/\/eqsk4m2dkju.exactdn.com\/app\/uploads\/sites\/13\/2023\/06\/riwal-aerial-work-platform-rental-sales-26-178x119.webp?strip=all&amp;quality=92&amp;webp=92&amp;avif=80&amp;sharp=1 178w, https:\/\/eqsk4m2dkju.exactdn.com\/app\/uploads\/sites\/13\/2023\/06\/riwal-aerial-work-platform-rental-sales-26-scaled.webp?strip=all&amp;quality=92&amp;webp=92&amp;avif=80&amp;sharp=1&amp;w=512 512w, https:\/\/eqsk4m2dkju.exactdn.com\/app\/uploads\/sites\/13\/2023\/06\/riwal-aerial-work-platform-rental-sales-26-scaled.webp?strip=all&amp;quality=92&amp;webp=92&amp;avif=80&amp;sharp=1 2560w\" sizes=\"(max-width: 390px) 100vw, 390px\" \/>\t<div class=\"container\">\n\t\t<h1 class='wp-block-rental-theme-header__title' style='position: absolute; min-height: 120px'>Karri\u00e4r<\/h1>\t<\/div>\n<\/div>\n\n\n<div class=\"rental-wp-default-block rental-theme-block-default-margin\">\n\t\t\t\t\t\t\t\t<div class=\"container\"><\/div>\n\t\t\t\t\t\t\t<\/div> \n\n<div class=\"rental-wp-default-block rental-theme-block-default-margin\">\n\t\t\t\t\t\t\t\t<div class=\"container\">\n<div class=\"wp-block-columns image-text__columns is-layout-flex wp-container-core-columns-is-layout-28f84493 wp-block-columns-is-layout-flex\">\n<div class=\"wp-block-column image-text__column is-layout-flow wp-block-column-is-layout-flow\">\n<figure class=\"wp-block-image size-full is-resized\"><img decoding=\"async\" src=\"https:\/\/eqsk4m2dkju.exactdn.com\/app\/themes\/rental\/dist\/images\/double-image-example.jpg?strip=all&quality=92&webp=92&avif=80&sharp=1&w=1920\" alt=\"Lediga-tj\u00e4nster-karri\u00e4r-Riwal\" class=\"wp-image-253\" style=\"width:581px;height:581px\" \/><\/figure>\n<\/div>\n\n\n\n<div class=\"wp-block-column is-vertically-aligned-top has-primary-color has-text-color is-layout-flow wp-block-column-is-layout-flow\">\n<h2 class=\"wp-block-heading\" id=\"h-vill-du-vaxa-med-oss\">Vill du v\u00e4xa med oss?  <\/h2>\n\n\n\n<p class=\"has-normal-font-size\">Riwal Sverige \u00e4r ett av landets st\u00f6rsta liftuthyrningsf\u00f6retag. Vi \u00e4r specialister p\u00e5 uthyrning av liftar, teleskoplastare och minikranar. V\u00e5r viktigaste uppgift \u00e4r att anv\u00e4nda v\u00e5r kompetens och erfarenhet f\u00f6r att leverera smarta och s\u00e4kra men samtidigt h\u00e5llbara l\u00f6sningar som tar v\u00e5ra kunder till nya h\u00f6jder. <\/p>\n\n\n\n<p class=\"has-normal-font-size\">P\u00e5 Riwal ser vi Team Work som en enormt viktig v\u00e4rdegrund. Vi f\u00e5r jobbet gjort tillsammans. Att utforska innovativa l\u00f6sningar och skapa nya m\u00f6jligheter \u00e4r vad Riwal handlar om. Vi jobbar h\u00e5rt, samtidigt som vi har roligt tillsammans. <\/p>\n\n\n\n<p class=\"has-normal-font-size\">V\u00e5ra medarbetare \u00e4r nyckeln till v\u00e5r framg\u00e5ng och dina m\u00f6jligheter att utveckla dig sj\u00e4lv inom Riwal \u00e4r m\u00e5nga. D\u00e4rf\u00f6r vill vi bidra till din personliga och professionella utveckling och ge dig de verktygen du beh\u00f6ver f\u00f6r att lyckas. Kika in v\u00e5ra lediga tj\u00e4nster f\u00f6r att se om n\u00e5gon passar dig! <\/p>\n<\/div>\n<\/div>\n<\/div>\n\t\t\t\t\t\t\t<\/div> \n\n<div class=\"rental-wp-default-block rental-theme-block-default-margin\">\n\t\t\t\t\t\t\t\t<div class=\"container\">\n<div class=\"wp-block-columns is-layout-flex wp-container-core-columns-is-layout-28f84493 wp-block-columns-is-layout-flex\">\n<div class=\"wp-block-column is-layout-flow wp-block-column-is-layout-flow\">\n<h2 class=\"wp-block-heading\" id=\"h-lyft-din-karriar\">Lyft din karri\u00e4r! <\/h2>\n\n\n\n<p class=\"has-normal-font-size\">Att arbeta p\u00e5 Riwal inneb\u00e4r att arbeta i ett dynamiskt, internationellt och snabbv\u00e4xande f\u00f6retag med \u00f6ver 1 400 anst\u00e4llda i 14 l\u00e4nder v\u00e4rlden \u00f6ver. V\u00e5r f\u00f6retagskultur \u00e4r unik. Den bygger p\u00e5 entrepren\u00f6rskap, m\u00e5ngfald, en k\u00e4nsla av innovation, uth\u00e5llighet, h\u00e5rt arbete, pragmatiskt t\u00e4nkande, stolthet \u00f6ver v\u00e5rt varum\u00e4rke och passion f\u00f6r v\u00e5r verksamhet. Vi v\u00e4rdes\u00e4tter m\u00e5nga egenskaper s\u00e5som engagemang och initiativ och kommer att st\u00f6dja dig i att anv\u00e4nda och utveckla dina f\u00e4rdigheter. L\u00e4s g\u00e4rna mer om <a href=\"https:\/\/www.riwal.com\/sv\/om-riwal\/\">Riwal<\/a> och hur vi arbetar. <\/p>\n\n\n\n<p class=\"has-normal-font-size\">Vill du p\u00e5b\u00f6rja din karri\u00e4r hos oss? V\u00e4lkommen med din ans\u00f6kan! <\/p>\n\n\n\n<div class=\"wp-block-buttons is-layout-flex wp-block-buttons-is-layout-flex\">\n<div class=\"wp-block-button\"><a class=\"wp-block-button__link wp-element-button\" href=\"https:\/\/careers.cramo.com\/sv-se\/lediga-tjanster\">Cramo Careers<\/a><\/div>\n<\/div>\n<\/div>\n\n\n\n<div class=\"wp-block-column is-layout-flow wp-block-column-is-layout-flow\">\n<figure class=\"wp-block-image size-large\"><img loading=\"lazy\" decoding=\"async\" width=\"1024\" height=\"683\" src=\"https:\/\/eqsk4m2dkju.exactdn.com\/app\/uploads\/sites\/13\/2023\/06\/riwal-aerial-work-platform-rental-sales-107-1024x683.webp?strip=all&quality=92&webp=92&avif=80&sharp=1\" alt=\"jobba-p\u00e5-riwal\" class=\"wp-image-1179\" srcset=\"https:\/\/eqsk4m2dkju.exactdn.com\/app\/uploads\/sites\/13\/2023\/06\/riwal-aerial-work-platform-rental-sales-107-1024x683.webp?strip=all&amp;quality=92&amp;webp=92&amp;avif=80&amp;sharp=1 1024w, https:\/\/eqsk4m2dkju.exactdn.com\/app\/uploads\/sites\/13\/2023\/06\/riwal-aerial-work-platform-rental-sales-107-2048x1365.webp?strip=all&amp;quality=92&amp;webp=92&amp;avif=80&amp;sharp=1 2048w, https:\/\/eqsk4m2dkju.exactdn.com\/app\/uploads\/sites\/13\/2023\/06\/riwal-aerial-work-platform-rental-sales-107-1388x925.webp?strip=all&amp;quality=92&amp;webp=92&amp;avif=80&amp;sharp=1 1388w, https:\/\/eqsk4m2dkju.exactdn.com\/app\/uploads\/sites\/13\/2023\/06\/riwal-aerial-work-platform-rental-sales-107-830x553.webp?strip=all&amp;quality=92&amp;webp=92&amp;avif=80&amp;sharp=1 830w, https:\/\/eqsk4m2dkju.exactdn.com\/app\/uploads\/sites\/13\/2023\/06\/riwal-aerial-work-platform-rental-sales-107-250x167.webp?strip=all&amp;quality=92&amp;webp=92&amp;avif=80&amp;sharp=1 250w, https:\/\/eqsk4m2dkju.exactdn.com\/app\/uploads\/sites\/13\/2023\/06\/riwal-aerial-work-platform-rental-sales-107-300x200.webp?strip=all&amp;quality=92&amp;webp=92&amp;avif=80&amp;sharp=1 300w, https:\/\/eqsk4m2dkju.exactdn.com\/app\/uploads\/sites\/13\/2023\/06\/riwal-aerial-work-platform-rental-sales-107-768x512.webp?strip=all&amp;quality=92&amp;webp=92&amp;avif=80&amp;sharp=1 768w, https:\/\/eqsk4m2dkju.exactdn.com\/app\/uploads\/sites\/13\/2023\/06\/riwal-aerial-work-platform-rental-sales-107-1536x1024.webp?strip=all&amp;quality=92&amp;webp=92&amp;avif=80&amp;sharp=1 1536w, https:\/\/eqsk4m2dkju.exactdn.com\/app\/uploads\/sites\/13\/2023\/06\/riwal-aerial-work-platform-rental-sales-107-178x119.webp?strip=all&amp;quality=92&amp;webp=92&amp;avif=80&amp;sharp=1 178w, https:\/\/eqsk4m2dkju.exactdn.com\/app\/uploads\/sites\/13\/2023\/06\/riwal-aerial-work-platform-rental-sales-107-390x260.webp?strip=all&amp;quality=92&amp;webp=92&amp;avif=80&amp;sharp=1 390w, https:\/\/eqsk4m2dkju.exactdn.com\/app\/uploads\/sites\/13\/2023\/06\/riwal-aerial-work-platform-rental-sales-107-scaled.webp?strip=all&amp;quality=92&amp;webp=92&amp;avif=80&amp;sharp=1&amp;w=512 512w, https:\/\/eqsk4m2dkju.exactdn.com\/app\/uploads\/sites\/13\/2023\/06\/riwal-aerial-work-platform-rental-sales-107-scaled.webp?strip=all&amp;quality=92&amp;webp=92&amp;avif=80&amp;sharp=1 2560w, https:\/\/eqsk4m2dkju.exactdn.com\/app\/uploads\/sites\/13\/2023\/06\/riwal-aerial-work-platform-rental-sales-107-scaled.webp?strip=all&amp;quality=92&amp;webp=92&amp;avif=80&amp;sharp=1&amp;w=450 450w\" sizes=\"auto, (max-width: 1024px) 100vw, 1024px\" \/><\/figure>\n<\/div>\n<\/div>\n<\/div>\n\t\t\t\t\t\t\t<\/div> \n\n<div class=\"container\">\n<p><\/p>\n<\/div>","protected":false},"excerpt":{"rendered":"<p>Vill du v\u00e4xa med oss? Riwal Sverige \u00e4r ett av landets st\u00f6rsta liftuthyrningsf\u00f6retag. Vi \u00e4r specialister p\u00e5 uthyrning av liftar, teleskoplastare och minikranar. V\u00e5r viktigaste uppgift \u00e4r att anv\u00e4nda v\u00e5r kompetens och erfarenhet f\u00f6r att leverera smarta och s\u00e4kra men samtidigt h\u00e5llbara l\u00f6sningar som tar v\u00e5ra kunder till nya h\u00f6jder. P\u00e5 Riwal ser vi Team &hellip; <a href=\"https:\/\/www.riwal.com\/sv\/karriar\/\">G\u00e5 vidare<\/a><\/p>\n","protected":false},"author":6,"featured_media":1100,"parent":0,"menu_order":0,"comment_status":"closed","ping_status":"closed","template":"","meta":{"_acf_changed":false,"footnotes":""},"class_list":["post-427","page","type-page","status-publish","has-post-thumbnail","hentry"],"acf":[],"yoast_head":"<!-- This site is optimized with the Yoast SEO Premium plugin v27.1 (Yoast SEO v27.1.1) - https:\/\/yoast.com\/product\/yoast-seo-premium-wordpress\/ -->\n<title>Karri\u00e4r | Lediga tj\u00e4nster | Riwal Sverige<\/title>\n<meta name=\"description\" content=\"Karri\u00e4r - kom och jobba med oss p\u00e5 Riwal! Vi arbetar h\u00e5rt, men vi har ocks\u00e5 roligt tillsammans. S\u00f6k n\u00e5gon av v\u00e5ra lediga tj\u00e4nster redan idag!\" \/>\n<meta name=\"robots\" content=\"index, follow, max-snippet:-1, max-image-preview:large, max-video-preview:-1\" \/>\n<link rel=\"canonical\" href=\"https:\/\/www.riwal.com\/sv\/karriar\/\" \/>\n<meta property=\"og:locale\" content=\"sv_SE\" \/>\n<meta property=\"og:type\" content=\"article\" \/>\n<meta property=\"og:title\" content=\"Karri\u00e4r\" \/>\n<meta property=\"og:description\" content=\"Karri\u00e4r - kom och jobba med oss p\u00e5 Riwal! Vi arbetar h\u00e5rt, men vi har ocks\u00e5 roligt tillsammans. S\u00f6k n\u00e5gon av v\u00e5ra lediga tj\u00e4nster redan idag!\" \/>\n<meta property=\"og:url\" content=\"https:\/\/www.riwal.com\/sv\/karriar\/\" \/>\n<meta property=\"og:site_name\" content=\"Riwal Sverige\" \/>\n<meta property=\"article:modified_time\" content=\"2024-10-22T08:13:33+00:00\" \/>\n<meta property=\"og:image\" content=\"https:\/\/www.riwal.com\/app\/uploads\/sites\/13\/2023\/06\/riwal-aerial-work-platform-rental-sales-26-scaled.webp\" \/>\n\t<meta property=\"og:image:width\" content=\"2560\" \/>\n\t<meta property=\"og:image:height\" content=\"1707\" \/>\n\t<meta property=\"og:image:type\" content=\"image\/webp\" \/>\n<meta name=\"twitter:card\" content=\"summary_large_image\" \/>\n<meta name=\"twitter:label1\" content=\"Est. reading time\" \/>\n\t<meta name=\"twitter:data1\" content=\"2 minuter\" \/>\n<script type=\"application\/ld+json\" class=\"yoast-schema-graph\">{\"@context\":\"https:\/\/schema.org\",\"@graph\":[{\"@type\":\"WebPage\",\"@id\":\"https:\/\/www.riwal.com\/sv\/karriar\/\",\"url\":\"https:\/\/www.riwal.com\/sv\/karriar\/\",\"name\":\"Karri\u00e4r | Lediga tj\u00e4nster | Riwal Sverige\",\"isPartOf\":{\"@id\":\"https:\/\/www.riwal.com\/sv\/#website\"},\"primaryImageOfPage\":{\"@id\":\"https:\/\/www.riwal.com\/sv\/karriar\/#primaryimage\"},\"image\":{\"@id\":\"https:\/\/www.riwal.com\/sv\/karriar\/#primaryimage\"},\"thumbnailUrl\":\"https:\/\/eqsk4m2dkju.exactdn.com\/app\/uploads\/sites\/13\/2023\/06\/riwal-aerial-work-platform-rental-sales-26-scaled.webp?strip=all&quality=92&webp=92&avif=80&sharp=1\",\"datePublished\":\"2023-04-21T12:12:55+00:00\",\"dateModified\":\"2024-10-22T08:13:33+00:00\",\"description\":\"Karri\u00e4r - kom och jobba med oss p\u00e5 Riwal! Vi arbetar h\u00e5rt, men vi har ocks\u00e5 roligt tillsammans. S\u00f6k n\u00e5gon av v\u00e5ra lediga tj\u00e4nster redan idag!\",\"breadcrumb\":{\"@id\":\"https:\/\/www.riwal.com\/sv\/karriar\/#breadcrumb\"},\"inLanguage\":\"sv-SE\",\"potentialAction\":[{\"@type\":\"ReadAction\",\"target\":[\"https:\/\/www.riwal.com\/sv\/karriar\/\"]}]},{\"@type\":\"ImageObject\",\"inLanguage\":\"sv-SE\",\"@id\":\"https:\/\/www.riwal.com\/sv\/karriar\/#primaryimage\",\"url\":\"https:\/\/eqsk4m2dkju.exactdn.com\/app\/uploads\/sites\/13\/2023\/06\/riwal-aerial-work-platform-rental-sales-26-scaled.webp?strip=all&quality=92&webp=92&avif=80&sharp=1\",\"contentUrl\":\"https:\/\/eqsk4m2dkju.exactdn.com\/app\/uploads\/sites\/13\/2023\/06\/riwal-aerial-work-platform-rental-sales-26-scaled.webp?strip=all&quality=92&webp=92&avif=80&sharp=1\",\"width\":2560,\"height\":1707,\"caption\":\"karri\u00e4r-lediga-jobb\"},{\"@type\":\"BreadcrumbList\",\"@id\":\"https:\/\/www.riwal.com\/sv\/karriar\/#breadcrumb\",\"itemListElement\":[{\"@type\":\"ListItem\",\"position\":1,\"name\":\"Hem\",\"item\":\"https:\/\/www.riwal.com\/sv\/\"},{\"@type\":\"ListItem\",\"position\":2,\"name\":\"Karri\u00e4r\"}]},{\"@type\":\"WebSite\",\"@id\":\"https:\/\/www.riwal.com\/sv\/#website\",\"url\":\"https:\/\/www.riwal.com\/sv\/\",\"name\":\"Riwal Sverige\",\"description\":\"Arial work platform &amp; Telehandler Rental\/Sales\",\"publisher\":{\"@id\":\"https:\/\/www.riwal.com\/sv\/#organization\"},\"potentialAction\":[{\"@type\":\"SearchAction\",\"target\":{\"@type\":\"EntryPoint\",\"urlTemplate\":\"https:\/\/www.riwal.com\/sv\/?s={search_term_string}\"},\"query-input\":{\"@type\":\"PropertyValueSpecification\",\"valueRequired\":true,\"valueName\":\"search_term_string\"}}],\"inLanguage\":\"sv-SE\"},{\"@type\":\"Organization\",\"@id\":\"https:\/\/www.riwal.com\/sv\/#organization\",\"name\":\"Riwal\",\"url\":\"https:\/\/www.riwal.com\/sv\/\",\"logo\":{\"@type\":\"ImageObject\",\"inLanguage\":\"sv-SE\",\"@id\":\"https:\/\/www.riwal.com\/sv\/#\/schema\/logo\/image\/\",\"url\":\"\",\"contentUrl\":\"\",\"caption\":\"Riwal\"},\"image\":{\"@id\":\"https:\/\/www.riwal.com\/sv\/#\/schema\/logo\/image\/\"}}]}<\/script>\n<!-- \/ Yoast SEO Premium plugin. -->","yoast_head_json":{"title":"Karri\u00e4r | Lediga tj\u00e4nster | Riwal Sverige","description":"Karri\u00e4r - kom och jobba med oss p\u00e5 Riwal! Vi arbetar h\u00e5rt, men vi har ocks\u00e5 roligt tillsammans. S\u00f6k n\u00e5gon av v\u00e5ra lediga tj\u00e4nster redan idag!","robots":{"index":"index","follow":"follow","max-snippet":"max-snippet:-1","max-image-preview":"max-image-preview:large","max-video-preview":"max-video-preview:-1"},"canonical":"https:\/\/www.riwal.com\/sv\/karriar\/","og_locale":"sv_SE","og_type":"article","og_title":"Karri\u00e4r","og_description":"Karri\u00e4r - kom och jobba med oss p\u00e5 Riwal! Vi arbetar h\u00e5rt, men vi har ocks\u00e5 roligt tillsammans. S\u00f6k n\u00e5gon av v\u00e5ra lediga tj\u00e4nster redan idag!","og_url":"https:\/\/www.riwal.com\/sv\/karriar\/","og_site_name":"Riwal Sverige","article_modified_time":"2024-10-22T08:13:33+00:00","og_image":[{"width":2560,"height":1707,"url":"https:\/\/www.riwal.com\/app\/uploads\/sites\/13\/2023\/06\/riwal-aerial-work-platform-rental-sales-26-scaled.webp","type":"image\/webp"}],"twitter_card":"summary_large_image","twitter_misc":{"Est. reading time":"2 minuter"},"schema":{"@context":"https:\/\/schema.org","@graph":[{"@type":"WebPage","@id":"https:\/\/www.riwal.com\/sv\/karriar\/","url":"https:\/\/www.riwal.com\/sv\/karriar\/","name":"Karri\u00e4r | Lediga tj\u00e4nster | Riwal Sverige","isPartOf":{"@id":"https:\/\/www.riwal.com\/sv\/#website"},"primaryImageOfPage":{"@id":"https:\/\/www.riwal.com\/sv\/karriar\/#primaryimage"},"image":{"@id":"https:\/\/www.riwal.com\/sv\/karriar\/#primaryimage"},"thumbnailUrl":"https:\/\/eqsk4m2dkju.exactdn.com\/app\/uploads\/sites\/13\/2023\/06\/riwal-aerial-work-platform-rental-sales-26-scaled.webp?strip=all&quality=92&webp=92&avif=80&sharp=1","datePublished":"2023-04-21T12:12:55+00:00","dateModified":"2024-10-22T08:13:33+00:00","description":"Karri\u00e4r - kom och jobba med oss p\u00e5 Riwal! Vi arbetar h\u00e5rt, men vi har ocks\u00e5 roligt tillsammans. S\u00f6k n\u00e5gon av v\u00e5ra lediga tj\u00e4nster redan idag!","breadcrumb":{"@id":"https:\/\/www.riwal.com\/sv\/karriar\/#breadcrumb"},"inLanguage":"sv-SE","potentialAction":[{"@type":"ReadAction","target":["https:\/\/www.riwal.com\/sv\/karriar\/"]}]},{"@type":"ImageObject","inLanguage":"sv-SE","@id":"https:\/\/www.riwal.com\/sv\/karriar\/#primaryimage","url":"https:\/\/eqsk4m2dkju.exactdn.com\/app\/uploads\/sites\/13\/2023\/06\/riwal-aerial-work-platform-rental-sales-26-scaled.webp?strip=all&quality=92&webp=92&avif=80&sharp=1","contentUrl":"https:\/\/eqsk4m2dkju.exactdn.com\/app\/uploads\/sites\/13\/2023\/06\/riwal-aerial-work-platform-rental-sales-26-scaled.webp?strip=all&quality=92&webp=92&avif=80&sharp=1","width":2560,"height":1707,"caption":"karri\u00e4r-lediga-jobb"},{"@type":"BreadcrumbList","@id":"https:\/\/www.riwal.com\/sv\/karriar\/#breadcrumb","itemListElement":[{"@type":"ListItem","position":1,"name":"Hem","item":"https:\/\/www.riwal.com\/sv\/"},{"@type":"ListItem","position":2,"name":"Karri\u00e4r"}]},{"@type":"WebSite","@id":"https:\/\/www.riwal.com\/sv\/#website","url":"https:\/\/www.riwal.com\/sv\/","name":"Riwal Sverige","description":"Arial work platform &amp; Telehandler Rental\/Sales","publisher":{"@id":"https:\/\/www.riwal.com\/sv\/#organization"},"potentialAction":[{"@type":"SearchAction","target":{"@type":"EntryPoint","urlTemplate":"https:\/\/www.riwal.com\/sv\/?s={search_term_string}"},"query-input":{"@type":"PropertyValueSpecification","valueRequired":true,"valueName":"search_term_string"}}],"inLanguage":"sv-SE"},{"@type":"Organization","@id":"https:\/\/www.riwal.com\/sv\/#organization","name":"Riwal","url":"https:\/\/www.riwal.com\/sv\/","logo":{"@type":"ImageObject","inLanguage":"sv-SE","@id":"https:\/\/www.riwal.com\/sv\/#\/schema\/logo\/image\/","url":"","contentUrl":"","caption":"Riwal"},"image":{"@id":"https:\/\/www.riwal.com\/sv\/#\/schema\/logo\/image\/"}}]}},"_links":{"self":[{"href":"https:\/\/www.riwal.com\/sv\/wp-json\/wp\/v2\/pages\/427","targetHints":{"allow":["GET"]}}],"collection":[{"href":"https:\/\/www.riwal.com\/sv\/wp-json\/wp\/v2\/pages"}],"about":[{"href":"https:\/\/www.riwal.com\/sv\/wp-json\/wp\/v2\/types\/page"}],"author":[{"embeddable":true,"href":"https:\/\/www.riwal.com\/sv\/wp-json\/wp\/v2\/users\/6"}],"replies":[{"embeddable":true,"href":"https:\/\/www.riwal.com\/sv\/wp-json\/wp\/v2\/comments?post=427"}],"version-history":[{"count":69,"href":"https:\/\/www.riwal.com\/sv\/wp-json\/wp\/v2\/pages\/427\/revisions"}],"predecessor-version":[{"id":16274,"href":"https:\/\/www.riwal.com\/sv\/wp-json\/wp\/v2\/pages\/427\/revisions\/16274"}],"wp:featuredmedia":[{"embeddable":true,"href":"https:\/\/www.riwal.com\/sv\/wp-json\/wp\/v2\/media\/1100"}],"wp:attachment":[{"href":"https:\/\/www.riwal.com\/sv\/wp-json\/wp\/v2\/media?parent=427"}],"curies":[{"name":"wp","href":"https:\/\/api.w.org\/{rel}","templated":true}]}}