{"id":3512,"date":"2023-08-31T10:58:22","date_gmt":"2023-08-31T10:58:22","guid":{"rendered":"https:\/\/www.riwal.com\/sv\/?page_id=3512"},"modified":"2025-12-15T15:36:14","modified_gmt":"2025-12-15T14:36:14","slug":"om-riwal","status":"publish","type":"page","link":"https:\/\/www.riwal.com\/sv\/om-riwal\/","title":{"rendered":"Om Riwal"},"content":{"rendered":"<div class=\"rental-wp-default-block rental-theme-block-default-margin\">\n\t\t\t\t\t\t\t\t<div class=\"container\">\n<div class=\"wp-block-columns is-layout-flex wp-container-core-columns-is-layout-28f84493 wp-block-columns-is-layout-flex\">\n<div class=\"wp-block-column is-layout-flow wp-block-column-is-layout-flow\" style=\"flex-basis:33.33%\">\n<h2 class=\"wp-block-heading\" id=\"h-arbete-pa-hojd-med-riwal\">Arbete p\u00e5 h\u00f6jd med Riwal<\/h2>\n<\/div>\n\n\n\n<div class=\"wp-block-column is-layout-flow wp-block-column-is-layout-flow\" style=\"flex-basis:66.66%\">\n<p>Riwal har sedan 1968 varit specialisten p\u00e5 s\u00e4ker och effektivt arbete p\u00e5 h\u00f6jd. Med \u00f6ver 55 \u00e5rs erfarenhet och gedigen kunskap om liftar, teleskoplastare och gaffeltruckar st\u00f6ttar vi dagligen kunder inom bygg, industri och logistik. Sedan 2024 \u00e4r Riwal en del av <a href=\"https:\/\/www.cramo.se\/sv\">Cramo AB<\/a>. Tillsammans har vi en av de modernaste och mest h\u00e5llbara liftflottorna i Europa, d\u00e4r \u00f6ver 60% \u00e4r elektriska eller hybrider. Detta g\u00f6r det m\u00f6jligt f\u00f6r oss att leverera tillf\u00f6rlitliga, framtidss\u00e4kra l\u00f6sningar f\u00f6r varje projekt.<\/p>\n\n\n\n<p>V\u00e5r styrka ligger inte bara i uthyrning av maskiner, utan ocks\u00e5 i kompletterande tj\u00e4nster, specialist\u00acr\u00e5dgivning, professionella s\u00e4kerhetsutbildningar och smarta, behovsanpassade l\u00f6sningar. Tack vare ett starkt internationellt n\u00e4tverk och ett dedikerat team av specialister s\u00e4kerst\u00e4ller vi snabb tillg\u00e4nglighet, personlig service och maximal drifttid p\u00e5 varje arbetsplats. P\u00e5 s\u00e5 s\u00e4tt h\u00e5ller vi ditt arbete p\u00e5 h\u00f6jd i st\u00e4ndig r\u00f6relse.<\/p>\n<\/div>\n<\/div>\n<\/div>\n\t\t\t\t\t\t\t<\/div> ","protected":false},"excerpt":{"rendered":"<p>Arbete p\u00e5 h\u00f6jd med Riwal Riwal har sedan 1968 varit specialisten p\u00e5 s\u00e4ker och effektivt arbete p\u00e5 h\u00f6jd. Med \u00f6ver 55 \u00e5rs erfarenhet och gedigen kunskap om liftar, teleskoplastare och gaffeltruckar st\u00f6ttar vi dagligen kunder inom bygg, industri och logistik. Sedan 2024 \u00e4r Riwal en del av Cramo AB. Tillsammans har vi en av de &hellip; <a href=\"https:\/\/www.riwal.com\/sv\/om-riwal\/\">G\u00e5 vidare<\/a><\/p>\n","protected":false},"author":19,"featured_media":1191,"parent":0,"menu_order":0,"comment_status":"closed","ping_status":"closed","template":"","meta":{"_acf_changed":false,"footnotes":""},"class_list":["post-3512","page","type-page","status-publish","has-post-thumbnail","hentry"],"acf":[],"yoast_head":"<!-- This site is optimized with the Yoast SEO Premium plugin v27.1 (Yoast SEO v27.1.1) - https:\/\/yoast.com\/product\/yoast-seo-premium-wordpress\/ -->\n<title>Om Riwal | V\u00e5r historia | Riwal Group<\/title>\n<meta name=\"description\" content=\"Riwal \u00e4r ett \u00e4r v\u00e4rldens ledande f\u00f6retag inom liftuthyrning, och finns i 14 l\u00e4nder utspridda i Europa, Mellan\u00f6stern och Indien. L\u00e4r mer h\u00e4r.\" \/>\n<meta name=\"robots\" content=\"index, follow, max-snippet:-1, max-image-preview:large, max-video-preview:-1\" \/>\n<link rel=\"canonical\" href=\"https:\/\/www.riwal.com\/sv\/om-riwal\/\" \/>\n<meta property=\"og:locale\" content=\"sv_SE\" \/>\n<meta property=\"og:type\" content=\"article\" \/>\n<meta property=\"og:title\" content=\"Om Riwal\" \/>\n<meta property=\"og:description\" content=\"Riwal \u00e4r ett \u00e4r v\u00e4rldens ledande f\u00f6retag inom liftuthyrning, och finns i 14 l\u00e4nder utspridda i Europa, Mellan\u00f6stern och Indien. L\u00e4r mer h\u00e4r.\" \/>\n<meta property=\"og:url\" content=\"https:\/\/www.riwal.com\/sv\/om-riwal\/\" \/>\n<meta property=\"og:site_name\" content=\"Riwal Sverige\" \/>\n<meta property=\"article:modified_time\" content=\"2025-12-15T14:36:14+00:00\" \/>\n<meta property=\"og:image\" content=\"https:\/\/www.riwal.com\/app\/uploads\/sites\/13\/2023\/06\/riwal-aerial-work-platform-rental-sales-119-scaled.webp\" \/>\n\t<meta property=\"og:image:width\" content=\"2560\" \/>\n\t<meta property=\"og:image:height\" content=\"1707\" \/>\n\t<meta property=\"og:image:type\" content=\"image\/webp\" \/>\n<meta name=\"twitter:card\" content=\"summary_large_image\" \/>\n<meta name=\"twitter:label1\" content=\"Est. reading time\" \/>\n\t<meta name=\"twitter:data1\" content=\"1 minut\" \/>\n<script type=\"application\/ld+json\" class=\"yoast-schema-graph\">{\"@context\":\"https:\/\/schema.org\",\"@graph\":[{\"@type\":\"WebPage\",\"@id\":\"https:\/\/www.riwal.com\/sv\/om-riwal\/\",\"url\":\"https:\/\/www.riwal.com\/sv\/om-riwal\/\",\"name\":\"Om Riwal | V\u00e5r historia | Riwal Group\",\"isPartOf\":{\"@id\":\"https:\/\/www.riwal.com\/sv\/#website\"},\"primaryImageOfPage\":{\"@id\":\"https:\/\/www.riwal.com\/sv\/om-riwal\/#primaryimage\"},\"image\":{\"@id\":\"https:\/\/www.riwal.com\/sv\/om-riwal\/#primaryimage\"},\"thumbnailUrl\":\"https:\/\/eqsk4m2dkju.exactdn.com\/app\/uploads\/sites\/13\/2023\/06\/riwal-aerial-work-platform-rental-sales-119-scaled.webp?strip=all&quality=92&webp=92&avif=80&sharp=1\",\"datePublished\":\"2023-08-31T10:58:22+00:00\",\"dateModified\":\"2025-12-15T14:36:14+00:00\",\"description\":\"Riwal \u00e4r ett \u00e4r v\u00e4rldens ledande f\u00f6retag inom liftuthyrning, och finns i 14 l\u00e4nder utspridda i Europa, Mellan\u00f6stern och Indien. L\u00e4r mer h\u00e4r.\",\"breadcrumb\":{\"@id\":\"https:\/\/www.riwal.com\/sv\/om-riwal\/#breadcrumb\"},\"inLanguage\":\"sv-SE\",\"potentialAction\":[{\"@type\":\"ReadAction\",\"target\":[\"https:\/\/www.riwal.com\/sv\/om-riwal\/\"]}]},{\"@type\":\"ImageObject\",\"inLanguage\":\"sv-SE\",\"@id\":\"https:\/\/www.riwal.com\/sv\/om-riwal\/#primaryimage\",\"url\":\"https:\/\/eqsk4m2dkju.exactdn.com\/app\/uploads\/sites\/13\/2023\/06\/riwal-aerial-work-platform-rental-sales-119-scaled.webp?strip=all&quality=92&webp=92&avif=80&sharp=1\",\"contentUrl\":\"https:\/\/eqsk4m2dkju.exactdn.com\/app\/uploads\/sites\/13\/2023\/06\/riwal-aerial-work-platform-rental-sales-119-scaled.webp?strip=all&quality=92&webp=92&avif=80&sharp=1\",\"width\":2560,\"height\":1707,\"caption\":\"historia\"},{\"@type\":\"BreadcrumbList\",\"@id\":\"https:\/\/www.riwal.com\/sv\/om-riwal\/#breadcrumb\",\"itemListElement\":[{\"@type\":\"ListItem\",\"position\":1,\"name\":\"Hem\",\"item\":\"https:\/\/www.riwal.com\/sv\/\"},{\"@type\":\"ListItem\",\"position\":2,\"name\":\"Om Riwal\"}]},{\"@type\":\"WebSite\",\"@id\":\"https:\/\/www.riwal.com\/sv\/#website\",\"url\":\"https:\/\/www.riwal.com\/sv\/\",\"name\":\"Riwal Sverige\",\"description\":\"Arial work platform &amp; Telehandler Rental\/Sales\",\"publisher\":{\"@id\":\"https:\/\/www.riwal.com\/sv\/#organization\"},\"potentialAction\":[{\"@type\":\"SearchAction\",\"target\":{\"@type\":\"EntryPoint\",\"urlTemplate\":\"https:\/\/www.riwal.com\/sv\/?s={search_term_string}\"},\"query-input\":{\"@type\":\"PropertyValueSpecification\",\"valueRequired\":true,\"valueName\":\"search_term_string\"}}],\"inLanguage\":\"sv-SE\"},{\"@type\":\"Organization\",\"@id\":\"https:\/\/www.riwal.com\/sv\/#organization\",\"name\":\"Riwal\",\"url\":\"https:\/\/www.riwal.com\/sv\/\",\"logo\":{\"@type\":\"ImageObject\",\"inLanguage\":\"sv-SE\",\"@id\":\"https:\/\/www.riwal.com\/sv\/#\/schema\/logo\/image\/\",\"url\":\"\",\"contentUrl\":\"\",\"caption\":\"Riwal\"},\"image\":{\"@id\":\"https:\/\/www.riwal.com\/sv\/#\/schema\/logo\/image\/\"}}]}<\/script>\n<!-- \/ Yoast SEO Premium plugin. -->","yoast_head_json":{"title":"Om Riwal | V\u00e5r historia | Riwal Group","description":"Riwal \u00e4r ett \u00e4r v\u00e4rldens ledande f\u00f6retag inom liftuthyrning, och finns i 14 l\u00e4nder utspridda i Europa, Mellan\u00f6stern och Indien. L\u00e4r mer h\u00e4r.","robots":{"index":"index","follow":"follow","max-snippet":"max-snippet:-1","max-image-preview":"max-image-preview:large","max-video-preview":"max-video-preview:-1"},"canonical":"https:\/\/www.riwal.com\/sv\/om-riwal\/","og_locale":"sv_SE","og_type":"article","og_title":"Om Riwal","og_description":"Riwal \u00e4r ett \u00e4r v\u00e4rldens ledande f\u00f6retag inom liftuthyrning, och finns i 14 l\u00e4nder utspridda i Europa, Mellan\u00f6stern och Indien. L\u00e4r mer h\u00e4r.","og_url":"https:\/\/www.riwal.com\/sv\/om-riwal\/","og_site_name":"Riwal Sverige","article_modified_time":"2025-12-15T14:36:14+00:00","og_image":[{"width":2560,"height":1707,"url":"https:\/\/www.riwal.com\/app\/uploads\/sites\/13\/2023\/06\/riwal-aerial-work-platform-rental-sales-119-scaled.webp","type":"image\/webp"}],"twitter_card":"summary_large_image","twitter_misc":{"Est. reading time":"1 minut"},"schema":{"@context":"https:\/\/schema.org","@graph":[{"@type":"WebPage","@id":"https:\/\/www.riwal.com\/sv\/om-riwal\/","url":"https:\/\/www.riwal.com\/sv\/om-riwal\/","name":"Om Riwal | V\u00e5r historia | Riwal Group","isPartOf":{"@id":"https:\/\/www.riwal.com\/sv\/#website"},"primaryImageOfPage":{"@id":"https:\/\/www.riwal.com\/sv\/om-riwal\/#primaryimage"},"image":{"@id":"https:\/\/www.riwal.com\/sv\/om-riwal\/#primaryimage"},"thumbnailUrl":"https:\/\/eqsk4m2dkju.exactdn.com\/app\/uploads\/sites\/13\/2023\/06\/riwal-aerial-work-platform-rental-sales-119-scaled.webp?strip=all&quality=92&webp=92&avif=80&sharp=1","datePublished":"2023-08-31T10:58:22+00:00","dateModified":"2025-12-15T14:36:14+00:00","description":"Riwal \u00e4r ett \u00e4r v\u00e4rldens ledande f\u00f6retag inom liftuthyrning, och finns i 14 l\u00e4nder utspridda i Europa, Mellan\u00f6stern och Indien. L\u00e4r mer h\u00e4r.","breadcrumb":{"@id":"https:\/\/www.riwal.com\/sv\/om-riwal\/#breadcrumb"},"inLanguage":"sv-SE","potentialAction":[{"@type":"ReadAction","target":["https:\/\/www.riwal.com\/sv\/om-riwal\/"]}]},{"@type":"ImageObject","inLanguage":"sv-SE","@id":"https:\/\/www.riwal.com\/sv\/om-riwal\/#primaryimage","url":"https:\/\/eqsk4m2dkju.exactdn.com\/app\/uploads\/sites\/13\/2023\/06\/riwal-aerial-work-platform-rental-sales-119-scaled.webp?strip=all&quality=92&webp=92&avif=80&sharp=1","contentUrl":"https:\/\/eqsk4m2dkju.exactdn.com\/app\/uploads\/sites\/13\/2023\/06\/riwal-aerial-work-platform-rental-sales-119-scaled.webp?strip=all&quality=92&webp=92&avif=80&sharp=1","width":2560,"height":1707,"caption":"historia"},{"@type":"BreadcrumbList","@id":"https:\/\/www.riwal.com\/sv\/om-riwal\/#breadcrumb","itemListElement":[{"@type":"ListItem","position":1,"name":"Hem","item":"https:\/\/www.riwal.com\/sv\/"},{"@type":"ListItem","position":2,"name":"Om Riwal"}]},{"@type":"WebSite","@id":"https:\/\/www.riwal.com\/sv\/#website","url":"https:\/\/www.riwal.com\/sv\/","name":"Riwal Sverige","description":"Arial work platform &amp; Telehandler Rental\/Sales","publisher":{"@id":"https:\/\/www.riwal.com\/sv\/#organization"},"potentialAction":[{"@type":"SearchAction","target":{"@type":"EntryPoint","urlTemplate":"https:\/\/www.riwal.com\/sv\/?s={search_term_string}"},"query-input":{"@type":"PropertyValueSpecification","valueRequired":true,"valueName":"search_term_string"}}],"inLanguage":"sv-SE"},{"@type":"Organization","@id":"https:\/\/www.riwal.com\/sv\/#organization","name":"Riwal","url":"https:\/\/www.riwal.com\/sv\/","logo":{"@type":"ImageObject","inLanguage":"sv-SE","@id":"https:\/\/www.riwal.com\/sv\/#\/schema\/logo\/image\/","url":"","contentUrl":"","caption":"Riwal"},"image":{"@id":"https:\/\/www.riwal.com\/sv\/#\/schema\/logo\/image\/"}}]}},"_links":{"self":[{"href":"https:\/\/www.riwal.com\/sv\/wp-json\/wp\/v2\/pages\/3512","targetHints":{"allow":["GET"]}}],"collection":[{"href":"https:\/\/www.riwal.com\/sv\/wp-json\/wp\/v2\/pages"}],"about":[{"href":"https:\/\/www.riwal.com\/sv\/wp-json\/wp\/v2\/types\/page"}],"author":[{"embeddable":true,"href":"https:\/\/www.riwal.com\/sv\/wp-json\/wp\/v2\/users\/19"}],"replies":[{"embeddable":true,"href":"https:\/\/www.riwal.com\/sv\/wp-json\/wp\/v2\/comments?post=3512"}],"version-history":[{"count":70,"href":"https:\/\/www.riwal.com\/sv\/wp-json\/wp\/v2\/pages\/3512\/revisions"}],"predecessor-version":[{"id":20684,"href":"https:\/\/www.riwal.com\/sv\/wp-json\/wp\/v2\/pages\/3512\/revisions\/20684"}],"wp:featuredmedia":[{"embeddable":true,"href":"https:\/\/www.riwal.com\/sv\/wp-json\/wp\/v2\/media\/1191"}],"wp:attachment":[{"href":"https:\/\/www.riwal.com\/sv\/wp-json\/wp\/v2\/media?parent=3512"}],"curies":[{"name":"wp","href":"https:\/\/api.w.org\/{rel}","templated":true}]}}