{"id":6318,"date":"2024-03-04T21:02:57","date_gmt":"2024-03-04T21:02:57","guid":{"rendered":"https:\/\/www.riwal.com\/sl\/?page_id=6318"},"modified":"2024-03-04T21:05:13","modified_gmt":"2024-03-04T21:05:13","slug":"uradni-zastopniki-jlg","status":"publish","type":"page","link":"https:\/\/www.riwal.com\/sl\/o-riwalu\/uradni-zastopniki-jlg\/","title":{"rendered":"Uradni zastopniki JLG"},"content":{"rendered":"<div class=\"rental-wp-default-block rental-theme-block-default-margin\">\n\t\t\t\t\t\t\t\t<div class=\"container\">\n<div class=\"wp-block-columns is-layout-flex wp-container-core-columns-is-layout-28f84493 wp-block-columns-is-layout-flex\">\n<div class=\"wp-block-column is-layout-flow wp-block-column-is-layout-flow\" style=\"flex-basis:66.66%\">\n<p>Ste podjetnik? Nakup delovne platforme ali teleskopskega vili\u010darja lahko predstavlja idealno re\u0161itev v va\u0161i situaciji. \u010ce se odlo\u010dite za nakup, ima Riwal na voljo nove delovne platforme vseh oblik in velikosti. Od leta 1995 smo ekskluzivni distributer podjetja JLG Industries na Nizozemskem in trenutno smo tudi uradni distributer JLG v dr\u017eavah, kot so Poljska, Kazahstan, Hrva\u0161ka in Slovenija. Poleg tega je Riwal ekskluzivni distributer podjetja Magni v Poljski.<\/p>\n\n\n\n<p>Nakup delovne platforme ali teleskopskega vili\u010darja je investicija. Kot specialist, ki pokriva celoten svet, z veseljem delimo svoje znanje, da vam pomagamo sprejeti pravilno odlo\u010ditev. Ne prodajamo le visokokakovostnih strojev, temve\u010d tudi organiziramo svetovni prevoz in natovarjanje kontejnerjev. S svojimi predanimi prodajnimi in tehni\u010dnimi ekipami v 14 dr\u017eavah je vedno na voljo lokalni strokovnjak podjetja Riwal za svetovanje in vzdr\u017eevanje.<\/p>\n<\/div>\n\n\n\n<div class=\"wp-block-column is-layout-flow wp-block-column-is-layout-flow\" style=\"flex-basis:33.33%\"><\/div>\n<\/div>\n<\/div>\n\t\t\t\t\t\t\t<\/div> \n\n<div class=\"container\">\n<ul class=\"wp-block-list\">\n<li>Ekskluzivni distributer priznanih blagovnih znamk<\/li>\n\n\n\n<li>Globalno pokritost s na\u0161im mednarodnim oddelkom za prodajo<\/li>\n\n\n\n<li>Svetovne re\u0161itve in globalno omre\u017eje<\/li>\n\n\n\n<li>Celoten nabor elektri\u010dnih re\u0161itev podjetja Riwal<\/li>\n\n\n\n<li>Svetovna dostava<\/li>\n\n\n\n<li>30 let mednarodnih izku\u0161enj<\/li>\n<\/ul>\n<\/div>","protected":false},"excerpt":{"rendered":"<p>Ste podjetnik? Nakup delovne platforme ali teleskopskega vili\u010darja lahko predstavlja idealno re\u0161itev v va\u0161i situaciji. \u010ce se odlo\u010dite za nakup, ima Riwal na voljo nove delovne platforme vseh oblik in velikosti. Od leta 1995 smo ekskluzivni distributer podjetja JLG Industries na Nizozemskem in trenutno smo tudi uradni distributer JLG v dr\u017eavah, kot so Poljska, Kazahstan, &hellip; <a href=\"https:\/\/www.riwal.com\/sl\/o-riwalu\/uradni-zastopniki-jlg\/\">Se nadaljuje<\/a><\/p>\n","protected":false},"author":45,"featured_media":0,"parent":3792,"menu_order":0,"comment_status":"closed","ping_status":"closed","template":"","meta":{"_acf_changed":false,"footnotes":""},"class_list":["post-6318","page","type-page","status-publish","hentry"],"acf":[],"yoast_head":"<!-- This site is optimized with the Yoast SEO Premium plugin v27.1 (Yoast SEO v27.1.1) - https:\/\/yoast.com\/product\/yoast-seo-premium-wordpress\/ -->\n<title>Uradni zastopniki JLG - Riwal Slovenija<\/title>\n<meta name=\"description\" content=\"Od leta 1995 smo ekskluzivni distributer podjetja JLG Industries tudi v Sloveniji. Na voljo smo vam za informacije, svetovanje in vzdr\u017eevanje.\" \/>\n<meta name=\"robots\" content=\"index, follow, max-snippet:-1, max-image-preview:large, max-video-preview:-1\" \/>\n<link rel=\"canonical\" href=\"https:\/\/www.riwal.com\/sl\/o-riwalu\/uradni-zastopniki-jlg\/\" \/>\n<meta property=\"og:locale\" content=\"sl_SI\" \/>\n<meta property=\"og:type\" content=\"article\" \/>\n<meta property=\"og:title\" content=\"Uradni zastopniki JLG\" \/>\n<meta property=\"og:description\" content=\"Od leta 1995 smo ekskluzivni distributer podjetja JLG Industries tudi v Sloveniji. Na voljo smo vam za informacije, svetovanje in vzdr\u017eevanje.\" \/>\n<meta property=\"og:url\" content=\"https:\/\/www.riwal.com\/sl\/o-riwalu\/uradni-zastopniki-jlg\/\" \/>\n<meta property=\"og:site_name\" content=\"Riwal Slovenija\" \/>\n<meta property=\"article:modified_time\" content=\"2024-03-04T21:05:13+00:00\" \/>\n<meta name=\"twitter:card\" content=\"summary_large_image\" \/>\n<meta name=\"twitter:label1\" content=\"Est. reading time\" \/>\n\t<meta name=\"twitter:data1\" content=\"1 minuta\" \/>\n<script type=\"application\/ld+json\" class=\"yoast-schema-graph\">{\"@context\":\"https:\/\/schema.org\",\"@graph\":[{\"@type\":\"WebPage\",\"@id\":\"https:\/\/www.riwal.com\/sl\/o-riwalu\/uradni-zastopniki-jlg\/\",\"url\":\"https:\/\/www.riwal.com\/sl\/o-riwalu\/uradni-zastopniki-jlg\/\",\"name\":\"Uradni zastopniki JLG - Riwal Slovenija\",\"isPartOf\":{\"@id\":\"https:\/\/www.riwal.com\/sl\/#website\"},\"datePublished\":\"2024-03-04T21:02:57+00:00\",\"dateModified\":\"2024-03-04T21:05:13+00:00\",\"description\":\"Od leta 1995 smo ekskluzivni distributer podjetja JLG Industries tudi v Sloveniji. Na voljo smo vam za informacije, svetovanje in vzdr\u017eevanje.\",\"breadcrumb\":{\"@id\":\"https:\/\/www.riwal.com\/sl\/o-riwalu\/uradni-zastopniki-jlg\/#breadcrumb\"},\"inLanguage\":\"sl-SI\",\"potentialAction\":[{\"@type\":\"ReadAction\",\"target\":[\"https:\/\/www.riwal.com\/sl\/o-riwalu\/uradni-zastopniki-jlg\/\"]}]},{\"@type\":\"BreadcrumbList\",\"@id\":\"https:\/\/www.riwal.com\/sl\/o-riwalu\/uradni-zastopniki-jlg\/#breadcrumb\",\"itemListElement\":[{\"@type\":\"ListItem\",\"position\":1,\"name\":\"Domov\",\"item\":\"https:\/\/www.riwal.com\/sl\/\"},{\"@type\":\"ListItem\",\"position\":2,\"name\":\"O riwalu\",\"item\":\"https:\/\/www.riwal.com\/sl\/o-riwalu\/\"},{\"@type\":\"ListItem\",\"position\":3,\"name\":\"Uradni zastopniki JLG\"}]},{\"@type\":\"WebSite\",\"@id\":\"https:\/\/www.riwal.com\/sl\/#website\",\"url\":\"https:\/\/www.riwal.com\/sl\/\",\"name\":\"Riwal\",\"description\":\"Arial work platform &amp; Telehandler Rental\/Sales\",\"publisher\":{\"@id\":\"https:\/\/www.riwal.com\/sl\/#organization\"},\"potentialAction\":[{\"@type\":\"SearchAction\",\"target\":{\"@type\":\"EntryPoint\",\"urlTemplate\":\"https:\/\/www.riwal.com\/sl\/?s={search_term_string}\"},\"query-input\":{\"@type\":\"PropertyValueSpecification\",\"valueRequired\":true,\"valueName\":\"search_term_string\"}}],\"inLanguage\":\"sl-SI\"},{\"@type\":\"Organization\",\"@id\":\"https:\/\/www.riwal.com\/sl\/#organization\",\"name\":\"Riwal\",\"url\":\"https:\/\/www.riwal.com\/sl\/\",\"logo\":{\"@type\":\"ImageObject\",\"inLanguage\":\"sl-SI\",\"@id\":\"https:\/\/www.riwal.com\/sl\/#\/schema\/logo\/image\/\",\"url\":\"\",\"contentUrl\":\"\",\"caption\":\"Riwal\"},\"image\":{\"@id\":\"https:\/\/www.riwal.com\/sl\/#\/schema\/logo\/image\/\"}}]}<\/script>\n<!-- \/ Yoast SEO Premium plugin. -->","yoast_head_json":{"title":"Uradni zastopniki JLG - Riwal Slovenija","description":"Od leta 1995 smo ekskluzivni distributer podjetja JLG Industries tudi v Sloveniji. Na voljo smo vam za informacije, svetovanje in vzdr\u017eevanje.","robots":{"index":"index","follow":"follow","max-snippet":"max-snippet:-1","max-image-preview":"max-image-preview:large","max-video-preview":"max-video-preview:-1"},"canonical":"https:\/\/www.riwal.com\/sl\/o-riwalu\/uradni-zastopniki-jlg\/","og_locale":"sl_SI","og_type":"article","og_title":"Uradni zastopniki JLG","og_description":"Od leta 1995 smo ekskluzivni distributer podjetja JLG Industries tudi v Sloveniji. Na voljo smo vam za informacije, svetovanje in vzdr\u017eevanje.","og_url":"https:\/\/www.riwal.com\/sl\/o-riwalu\/uradni-zastopniki-jlg\/","og_site_name":"Riwal Slovenija","article_modified_time":"2024-03-04T21:05:13+00:00","twitter_card":"summary_large_image","twitter_misc":{"Est. reading time":"1 minuta"},"schema":{"@context":"https:\/\/schema.org","@graph":[{"@type":"WebPage","@id":"https:\/\/www.riwal.com\/sl\/o-riwalu\/uradni-zastopniki-jlg\/","url":"https:\/\/www.riwal.com\/sl\/o-riwalu\/uradni-zastopniki-jlg\/","name":"Uradni zastopniki JLG - Riwal Slovenija","isPartOf":{"@id":"https:\/\/www.riwal.com\/sl\/#website"},"datePublished":"2024-03-04T21:02:57+00:00","dateModified":"2024-03-04T21:05:13+00:00","description":"Od leta 1995 smo ekskluzivni distributer podjetja JLG Industries tudi v Sloveniji. Na voljo smo vam za informacije, svetovanje in vzdr\u017eevanje.","breadcrumb":{"@id":"https:\/\/www.riwal.com\/sl\/o-riwalu\/uradni-zastopniki-jlg\/#breadcrumb"},"inLanguage":"sl-SI","potentialAction":[{"@type":"ReadAction","target":["https:\/\/www.riwal.com\/sl\/o-riwalu\/uradni-zastopniki-jlg\/"]}]},{"@type":"BreadcrumbList","@id":"https:\/\/www.riwal.com\/sl\/o-riwalu\/uradni-zastopniki-jlg\/#breadcrumb","itemListElement":[{"@type":"ListItem","position":1,"name":"Domov","item":"https:\/\/www.riwal.com\/sl\/"},{"@type":"ListItem","position":2,"name":"O riwalu","item":"https:\/\/www.riwal.com\/sl\/o-riwalu\/"},{"@type":"ListItem","position":3,"name":"Uradni zastopniki JLG"}]},{"@type":"WebSite","@id":"https:\/\/www.riwal.com\/sl\/#website","url":"https:\/\/www.riwal.com\/sl\/","name":"Riwal","description":"Arial work platform &amp; Telehandler Rental\/Sales","publisher":{"@id":"https:\/\/www.riwal.com\/sl\/#organization"},"potentialAction":[{"@type":"SearchAction","target":{"@type":"EntryPoint","urlTemplate":"https:\/\/www.riwal.com\/sl\/?s={search_term_string}"},"query-input":{"@type":"PropertyValueSpecification","valueRequired":true,"valueName":"search_term_string"}}],"inLanguage":"sl-SI"},{"@type":"Organization","@id":"https:\/\/www.riwal.com\/sl\/#organization","name":"Riwal","url":"https:\/\/www.riwal.com\/sl\/","logo":{"@type":"ImageObject","inLanguage":"sl-SI","@id":"https:\/\/www.riwal.com\/sl\/#\/schema\/logo\/image\/","url":"","contentUrl":"","caption":"Riwal"},"image":{"@id":"https:\/\/www.riwal.com\/sl\/#\/schema\/logo\/image\/"}}]}},"_links":{"self":[{"href":"https:\/\/www.riwal.com\/sl\/wp-json\/wp\/v2\/pages\/6318","targetHints":{"allow":["GET"]}}],"collection":[{"href":"https:\/\/www.riwal.com\/sl\/wp-json\/wp\/v2\/pages"}],"about":[{"href":"https:\/\/www.riwal.com\/sl\/wp-json\/wp\/v2\/types\/page"}],"author":[{"embeddable":true,"href":"https:\/\/www.riwal.com\/sl\/wp-json\/wp\/v2\/users\/45"}],"replies":[{"embeddable":true,"href":"https:\/\/www.riwal.com\/sl\/wp-json\/wp\/v2\/comments?post=6318"}],"version-history":[{"count":1,"href":"https:\/\/www.riwal.com\/sl\/wp-json\/wp\/v2\/pages\/6318\/revisions"}],"predecessor-version":[{"id":6319,"href":"https:\/\/www.riwal.com\/sl\/wp-json\/wp\/v2\/pages\/6318\/revisions\/6319"}],"up":[{"embeddable":true,"href":"https:\/\/www.riwal.com\/sl\/wp-json\/wp\/v2\/pages\/3792"}],"wp:attachment":[{"href":"https:\/\/www.riwal.com\/sl\/wp-json\/wp\/v2\/media?parent=6318"}],"curies":[{"name":"wp","href":"https:\/\/api.w.org\/{rel}","templated":true}]}}