{"id":5762,"date":"2024-02-06T08:50:15","date_gmt":"2024-02-06T08:50:15","guid":{"rendered":"https:\/\/www.riwal.com\/sl\/?page_id=5762"},"modified":"2024-02-06T08:50:15","modified_gmt":"2024-02-06T08:50:15","slug":"teleskopski-vilicar-genie-za-prodajo","status":"publish","type":"page","link":"https:\/\/www.riwal.com\/sl\/o-riwalu\/kategorije-naprav\/teleskopski-vilicar-genie-za-prodajo\/","title":{"rendered":"Teleskopski vili\u010dar Genie za prodajo"},"content":{"rendered":"<div class=\"container\">\n<h2 class=\"wp-block-heading\" id=\"h-teleskopski-vilicar-genie-za-prodajo\">Teleskopski vili\u010dar Genie za prodajo<\/h2>\n<\/div>\n\n<div class=\"rental-wp-default-block rental-theme-block-default-margin\">\n\t\t\t\t\t\t\t\t<div class=\"container\">\n<div class=\"wp-block-columns is-layout-flex wp-container-core-columns-is-layout-28f84493 wp-block-columns-is-layout-flex\">\n<div class=\"wp-block-column is-layout-flow wp-block-column-is-layout-flow\" style=\"flex-basis:66.66%\">\n<p>Teleskopski vili\u010darji Genie nudijo natan\u010dno tisto, kar potrebujete za produktivnost v obmo\u010djih na poljubni vi\u0161ini, katera je te\u017eko dose\u010di ali imajo omejen dostop. S svojim izjemnim dizajnom nudijo vsestransko napravo, ki izpolnjuje vse potrebe va\u0161ega delovi\u0161\u010da. S \u0161iroko paleto razli\u010dnih tipov ima &nbsp;Riwal za vas vedno na voljo pravi teleskopski vili\u010dar Genie za prodajo. Razi\u0161\u010dite na\u0161o ponudbo novih in rabljenih teleskopskih vili\u010darjev Genie ali nas kontaktirajte za va\u0161im potrebam prilagojen nasvet. Z najve\u010djim veseljem bomo skupaj z vami ugotovili, kaj se potrebuje in \u017eeli ter poskrbeli, da boste na podlagi prejetih informacij lahko sprejeli premi\u0161ljeno odlo\u010ditev glede va\u0161ega teleskopskega vili\u010darja&nbsp;Genie.<\/p>\n\n\n\n<h2 class=\"wp-block-heading\">Zakaj teleskopski vili\u010dar Genie?<\/h2>\n\n\n\n<p>Ko potrebujete spodoben teleskopski vili\u010dar, je teleskopski vili\u010dar Genie vedno prava izbira. Kot eden vodilnih proizvajalcev in razvijalcev dvi\u017ene opreme je Genie poznan po proizvajanju re\u0161itev dviganja vrhunske kakovosti, ki so zasnovane tako, da pove\u010dajo va\u0161o produktivnost v te\u017ekih delovnih okoljih. Visoka zmogljivost, inteligenten dizajn in izjemna vsestranskost zagotavljajo, da delate z najbolj\u0161im, kar je na voljo na trgu. Z najve\u010djo lahkoto se boste premaknili iz enega mesta na drugo, na kakr\u0161nem koli terenu ali povr\u0161ini. Z natan\u010dnim pozicioniranjem roke boste spravili materiale to\u010dno tja, kjer morajo biti.<\/p>\n\n\n\n<h2 class=\"wp-block-heading\"><strong>Nov ali rabljen teleskopski vili\u010dar Genie za prodajo<\/strong><\/h2>\n\n\n\n<p>Pri Riwalu lahko najdete \u0161iroko paleto teleskopskih vili\u010darjev Genie, tako novih kot rabljenih. \u010ce se odlo\u010dite za investiranje v rabljeni teleskopski vili\u010dar, vam ni treba skrbeti o morebitnem zmanj\u0161anju njegove kakovosti. &nbsp;Vsi na\u0161i&nbsp; stroji so najvi\u0161je, vrhunske kakovosti in na\u0161a zavezanost k popolni storitvi zagotavlja, da lahko vedno ra\u010dunate na ekipo na\u0161ih strokovnjakov v primeru, \u010de nastopijo kakr\u0161nekoli te\u017eave.<\/p>\n\n\n\n<h2 class=\"wp-block-heading\"><strong>Riwal je va\u0161 partner za popolno storitev<\/strong><\/h2>\n\n\n\n<p>Na\u0161i strokovnjaki pri Riwalu vas boo z veseljem informirali o vseh razli\u010dnih specifikacijah, ki jih imajo na\u0161i teleskopski vili\u010darji Genie, ki so na zalogi za vas. Ali ste radovedni, kateri tip teleskopskega vili\u010darja je najbolj primeren za delo, ki ga morate opraviti? Na\u0161a ekipa vam bo z najve\u010djim veseljem to razlo\u017eila. Skupaj bomo naredili seznam zahtev, ki jih mora va\u0161 stroj izpolnjevati in Riwal vam bo ponudil izbiro najbolj primernih teleskopskih vili\u010darjev Genie za va\u0161e podjetje, gradbi\u0161\u010de ali projekt.<br><br><\/p>\n\n\n\n<h2 class=\"wp-block-heading\"><strong>Varnost<\/strong><\/h2>\n\n\n\n<p>Pri Riwalu je varnost bistvenega pomena. Za vas kot na\u0161o stranko bomo poskrbeli, da boste varno delali z na\u0161o opremo. Namre\u010d, v na\u0161em Riwal izobra\u017eevalnem centru nudimo usposabljanja \/ te\u010daje, ki vam bodo omogo\u010dili prejem ustreznega potrdila za opremo, ki jo boste upravljali. \u0160e zlasti pri delu s teleskopskimi vili\u010darji je izrednega pomena znanje o tem, kako delati na varen na\u010din. To je razlog, zakaj je Riwal razvil \u0161olanje za teleskopski vili\u010dar, ki je namenjeno varnemu delu s to vrsto opreme.<\/p>\n\n\n\n<h3 class=\"wp-block-heading\"><strong>Va\u0161 teleskopski vili\u010dar Genie za prodajo pri Riwalu<\/strong><\/h3>\n\n\n\n<p>Prepri\u010dani smo, da boste z na\u0161o \u0161iroko paleto novih in rabljenih teleskopskih vili\u010darjev na\u0161li pravi teleskopski vili\u010dar Genie za prodajo pri Riwalu. Na\u0161i strokovnjaki vam bodo z veseljem svetovali in poskrbeli, da boste lahko na osnovi prejetih informacij sprejeli premi\u0161ljeno odlo\u010ditev glede tipa teleskopskega vili\u010darja in njegovih specifikacij in glede tega, ali kupiti rabljen teleskopski vili\u010dar ali pa investirati v popolnoma novega. Tudi po va\u0161em nakupu ne bomo prenehali z nudenjem vrhunske storitve. \u0160e naprej namre\u010d tesno sodelujemo z na\u0161imi strankami.<\/p>\n<\/div>\n\n\n\n<div class=\"wp-block-column is-layout-flow wp-block-column-is-layout-flow\" style=\"flex-basis:33.33%\">\n<figure class=\"wp-block-image size-full\"><img loading=\"lazy\" decoding=\"async\" width=\"450\" height=\"230\" src=\"https:\/\/eqsk4m2dkju.exactdn.com\/app\/uploads\/sites\/10\/2024\/02\/Genie-forklift-1.webp?strip=all&quality=92&webp=92&avif=80&sharp=1\" alt=\"\" class=\"wp-image-5719\" srcset=\"https:\/\/eqsk4m2dkju.exactdn.com\/app\/uploads\/sites\/10\/2024\/02\/Genie-forklift-1.webp?strip=all&amp;quality=92&amp;webp=92&amp;avif=80&amp;sharp=1 450w, https:\/\/eqsk4m2dkju.exactdn.com\/app\/uploads\/sites\/10\/2024\/02\/Genie-forklift-1-300x153.webp?strip=all&amp;quality=92&amp;webp=92&amp;avif=80&amp;sharp=1 300w, https:\/\/eqsk4m2dkju.exactdn.com\/app\/uploads\/sites\/10\/2024\/02\/Genie-forklift-1-178x91.webp?strip=all&amp;quality=92&amp;webp=92&amp;avif=80&amp;sharp=1 178w, https:\/\/eqsk4m2dkju.exactdn.com\/app\/uploads\/sites\/10\/2024\/02\/Genie-forklift-1-390x199.webp?strip=all&amp;quality=92&amp;webp=92&amp;avif=80&amp;sharp=1 390w, https:\/\/eqsk4m2dkju.exactdn.com\/app\/uploads\/sites\/10\/2024\/02\/Genie-forklift-1-250x128.webp?strip=all&amp;quality=92&amp;webp=92&amp;avif=80&amp;sharp=1 250w, https:\/\/eqsk4m2dkju.exactdn.com\/app\/uploads\/sites\/10\/2024\/02\/Genie-forklift-1-237x121.webp?strip=all&amp;quality=92&amp;webp=92&amp;avif=80&amp;sharp=1 237w, https:\/\/eqsk4m2dkju.exactdn.com\/app\/uploads\/sites\/10\/2024\/02\/Genie-forklift-1.webp?strip=all&amp;quality=92&amp;webp=92&amp;avif=80&amp;sharp=1&amp;w=90 90w\" sizes=\"auto, (max-width: 450px) 100vw, 450px\" \/><\/figure>\n\n\n\n<figure class=\"wp-block-image size-full\"><img loading=\"lazy\" decoding=\"async\" width=\"500\" height=\"364\" src=\"https:\/\/eqsk4m2dkju.exactdn.com\/app\/uploads\/sites\/10\/2024\/02\/DSC_0093-2.webp?strip=all&quality=92&webp=92&avif=80&sharp=1\" alt=\"\" class=\"wp-image-5727\" srcset=\"https:\/\/eqsk4m2dkju.exactdn.com\/app\/uploads\/sites\/10\/2024\/02\/DSC_0093-2.webp?strip=all&amp;quality=92&amp;webp=92&amp;avif=80&amp;sharp=1 500w, https:\/\/eqsk4m2dkju.exactdn.com\/app\/uploads\/sites\/10\/2024\/02\/DSC_0093-2-300x218.webp?strip=all&amp;quality=92&amp;webp=92&amp;avif=80&amp;sharp=1 300w, https:\/\/eqsk4m2dkju.exactdn.com\/app\/uploads\/sites\/10\/2024\/02\/DSC_0093-2-178x130.webp?strip=all&amp;quality=92&amp;webp=92&amp;avif=80&amp;sharp=1 178w, https:\/\/eqsk4m2dkju.exactdn.com\/app\/uploads\/sites\/10\/2024\/02\/DSC_0093-2-390x284.webp?strip=all&amp;quality=92&amp;webp=92&amp;avif=80&amp;sharp=1 390w, https:\/\/eqsk4m2dkju.exactdn.com\/app\/uploads\/sites\/10\/2024\/02\/DSC_0093-2-250x182.webp?strip=all&amp;quality=92&amp;webp=92&amp;avif=80&amp;sharp=1 250w, https:\/\/eqsk4m2dkju.exactdn.com\/app\/uploads\/sites\/10\/2024\/02\/DSC_0093-2-237x173.webp?strip=all&amp;quality=92&amp;webp=92&amp;avif=80&amp;sharp=1 237w, https:\/\/eqsk4m2dkju.exactdn.com\/app\/uploads\/sites\/10\/2024\/02\/DSC_0093-2-474x345.webp?strip=all&amp;quality=92&amp;webp=92&amp;avif=80&amp;sharp=1 474w, https:\/\/eqsk4m2dkju.exactdn.com\/app\/uploads\/sites\/10\/2024\/02\/DSC_0093-2.webp?strip=all&amp;quality=92&amp;webp=92&amp;avif=80&amp;sharp=1&amp;w=100 100w\" sizes=\"auto, (max-width: 500px) 100vw, 500px\" \/><\/figure>\n\n\n\n<p><strong>Vas zanima?<\/strong><\/p>\n\n\n\n<p>info_si@riwal.com<\/p>\n\n\n\n<p>Pokli\u010dite nas: 01 544 34 34<\/p>\n\n\n\n<div class=\"wp-block-buttons is-layout-flex wp-block-buttons-is-layout-flex\">\n<div class=\"wp-block-button\"><a class=\"wp-block-button__link wp-element-button\" href=\"https:\/\/www.riwal.com\/sl\/najem\/\">Oprema za najem<\/a><\/div>\n<\/div>\n\n\n\n<div class=\"wp-block-buttons is-layout-flex wp-block-buttons-is-layout-flex\">\n<div class=\"wp-block-button\"><a class=\"wp-block-button__link wp-element-button\" href=\"https:\/\/www.riwal.com\/sl\/prodaja\/rabljene-dvizne-naprave\/\">Rabljene naprave za prodajo<\/a><\/div>\n<\/div>\n\n\n\n<div class=\"wp-block-columns is-layout-flex wp-container-core-columns-is-layout-28f84493 wp-block-columns-is-layout-flex\">\n<div class=\"wp-block-column is-layout-flow wp-block-column-is-layout-flow\"><\/div>\n\n\n\n<div class=\"wp-block-column is-layout-flow wp-block-column-is-layout-flow\"><\/div>\n<\/div>\n<\/div>\n<\/div>\n<\/div>\n\t\t\t\t\t\t\t<\/div> ","protected":false},"excerpt":{"rendered":"<p>Teleskopski vili\u010dar Genie za prodajo Teleskopski vili\u010darji Genie nudijo natan\u010dno tisto, kar potrebujete za produktivnost v obmo\u010djih na poljubni vi\u0161ini, katera je te\u017eko dose\u010di ali imajo omejen dostop. S svojim izjemnim dizajnom nudijo vsestransko napravo, ki izpolnjuje vse potrebe va\u0161ega delovi\u0161\u010da. S \u0161iroko paleto razli\u010dnih tipov ima &nbsp;Riwal za vas vedno na voljo pravi teleskopski &hellip; <a href=\"https:\/\/www.riwal.com\/sl\/o-riwalu\/kategorije-naprav\/teleskopski-vilicar-genie-za-prodajo\/\">Se nadaljuje<\/a><\/p>\n","protected":false},"author":45,"featured_media":0,"parent":5700,"menu_order":0,"comment_status":"closed","ping_status":"closed","template":"","meta":{"_acf_changed":false,"footnotes":""},"class_list":["post-5762","page","type-page","status-publish","hentry"],"acf":[],"yoast_head":"<!-- This site is optimized with the Yoast SEO Premium plugin v27.1 (Yoast SEO v27.1.1) - https:\/\/yoast.com\/product\/yoast-seo-premium-wordpress\/ -->\n<title>Teleskopski vili\u010dar Genie za prodajo - Riwal Slovenija<\/title>\n<meta name=\"robots\" content=\"index, follow, max-snippet:-1, max-image-preview:large, max-video-preview:-1\" \/>\n<link rel=\"canonical\" href=\"https:\/\/www.riwal.com\/sl\/o-riwalu\/kategorije-naprav\/teleskopski-vilicar-genie-za-prodajo\/\" \/>\n<meta property=\"og:locale\" content=\"sl_SI\" \/>\n<meta property=\"og:type\" content=\"article\" \/>\n<meta property=\"og:title\" content=\"Teleskopski vili\u010dar Genie za prodajo\" \/>\n<meta property=\"og:description\" content=\"Teleskopski vili\u010dar Genie za prodajo Teleskopski vili\u010darji Genie nudijo natan\u010dno tisto, kar potrebujete za produktivnost v obmo\u010djih na poljubni vi\u0161ini, katera je te\u017eko dose\u010di ali imajo omejen dostop. S svojim izjemnim dizajnom nudijo vsestransko napravo, ki izpolnjuje vse potrebe va\u0161ega delovi\u0161\u010da. S \u0161iroko paleto razli\u010dnih tipov ima &nbsp;Riwal za vas vedno na voljo pravi teleskopski &hellip; Se nadaljuje\" \/>\n<meta property=\"og:url\" content=\"https:\/\/www.riwal.com\/sl\/o-riwalu\/kategorije-naprav\/teleskopski-vilicar-genie-za-prodajo\/\" \/>\n<meta property=\"og:site_name\" content=\"Riwal Slovenija\" \/>\n<meta property=\"og:image\" content=\"https:\/\/www.riwal.com\/app\/uploads\/sites\/10\/2024\/02\/Genie-forklift-1.webp\" \/>\n<meta name=\"twitter:card\" content=\"summary_large_image\" \/>\n<meta name=\"twitter:label1\" content=\"Est. reading time\" \/>\n\t<meta name=\"twitter:data1\" content=\"4 minute\" \/>\n<script type=\"application\/ld+json\" class=\"yoast-schema-graph\">{\"@context\":\"https:\/\/schema.org\",\"@graph\":[{\"@type\":\"WebPage\",\"@id\":\"https:\/\/www.riwal.com\/sl\/o-riwalu\/kategorije-naprav\/teleskopski-vilicar-genie-za-prodajo\/\",\"url\":\"https:\/\/www.riwal.com\/sl\/o-riwalu\/kategorije-naprav\/teleskopski-vilicar-genie-za-prodajo\/\",\"name\":\"Teleskopski vili\u010dar Genie za prodajo - Riwal Slovenija\",\"isPartOf\":{\"@id\":\"https:\/\/www.riwal.com\/sl\/#website\"},\"primaryImageOfPage\":{\"@id\":\"https:\/\/www.riwal.com\/sl\/o-riwalu\/kategorije-naprav\/teleskopski-vilicar-genie-za-prodajo\/#primaryimage\"},\"image\":{\"@id\":\"https:\/\/www.riwal.com\/sl\/o-riwalu\/kategorije-naprav\/teleskopski-vilicar-genie-za-prodajo\/#primaryimage\"},\"thumbnailUrl\":\"https:\/\/www.riwal.com\/app\/uploads\/sites\/10\/2024\/02\/Genie-forklift-1.webp\",\"datePublished\":\"2024-02-06T08:50:15+00:00\",\"breadcrumb\":{\"@id\":\"https:\/\/www.riwal.com\/sl\/o-riwalu\/kategorije-naprav\/teleskopski-vilicar-genie-za-prodajo\/#breadcrumb\"},\"inLanguage\":\"sl-SI\",\"potentialAction\":[{\"@type\":\"ReadAction\",\"target\":[\"https:\/\/www.riwal.com\/sl\/o-riwalu\/kategorije-naprav\/teleskopski-vilicar-genie-za-prodajo\/\"]}]},{\"@type\":\"ImageObject\",\"inLanguage\":\"sl-SI\",\"@id\":\"https:\/\/www.riwal.com\/sl\/o-riwalu\/kategorije-naprav\/teleskopski-vilicar-genie-za-prodajo\/#primaryimage\",\"url\":\"https:\/\/www.riwal.com\/app\/uploads\/sites\/10\/2024\/02\/Genie-forklift-1.webp\",\"contentUrl\":\"https:\/\/www.riwal.com\/app\/uploads\/sites\/10\/2024\/02\/Genie-forklift-1.webp\"},{\"@type\":\"BreadcrumbList\",\"@id\":\"https:\/\/www.riwal.com\/sl\/o-riwalu\/kategorije-naprav\/teleskopski-vilicar-genie-za-prodajo\/#breadcrumb\",\"itemListElement\":[{\"@type\":\"ListItem\",\"position\":1,\"name\":\"Domov\",\"item\":\"https:\/\/www.riwal.com\/sl\/\"},{\"@type\":\"ListItem\",\"position\":2,\"name\":\"O riwalu\",\"item\":\"https:\/\/www.riwal.com\/sl\/o-riwalu\/\"},{\"@type\":\"ListItem\",\"position\":3,\"name\":\"Kategorije naprav\",\"item\":\"https:\/\/www.riwal.com\/sl\/o-riwalu\/kategorije-naprav\/\"},{\"@type\":\"ListItem\",\"position\":4,\"name\":\"Teleskopski vili\u010dar Genie za prodajo\"}]},{\"@type\":\"WebSite\",\"@id\":\"https:\/\/www.riwal.com\/sl\/#website\",\"url\":\"https:\/\/www.riwal.com\/sl\/\",\"name\":\"Riwal\",\"description\":\"Arial work platform &amp; Telehandler Rental\/Sales\",\"publisher\":{\"@id\":\"https:\/\/www.riwal.com\/sl\/#organization\"},\"potentialAction\":[{\"@type\":\"SearchAction\",\"target\":{\"@type\":\"EntryPoint\",\"urlTemplate\":\"https:\/\/www.riwal.com\/sl\/?s={search_term_string}\"},\"query-input\":{\"@type\":\"PropertyValueSpecification\",\"valueRequired\":true,\"valueName\":\"search_term_string\"}}],\"inLanguage\":\"sl-SI\"},{\"@type\":\"Organization\",\"@id\":\"https:\/\/www.riwal.com\/sl\/#organization\",\"name\":\"Riwal\",\"url\":\"https:\/\/www.riwal.com\/sl\/\",\"logo\":{\"@type\":\"ImageObject\",\"inLanguage\":\"sl-SI\",\"@id\":\"https:\/\/www.riwal.com\/sl\/#\/schema\/logo\/image\/\",\"url\":\"\",\"contentUrl\":\"\",\"caption\":\"Riwal\"},\"image\":{\"@id\":\"https:\/\/www.riwal.com\/sl\/#\/schema\/logo\/image\/\"}}]}<\/script>\n<!-- \/ Yoast SEO Premium plugin. -->","yoast_head_json":{"title":"Teleskopski vili\u010dar Genie za prodajo - Riwal Slovenija","robots":{"index":"index","follow":"follow","max-snippet":"max-snippet:-1","max-image-preview":"max-image-preview:large","max-video-preview":"max-video-preview:-1"},"canonical":"https:\/\/www.riwal.com\/sl\/o-riwalu\/kategorije-naprav\/teleskopski-vilicar-genie-za-prodajo\/","og_locale":"sl_SI","og_type":"article","og_title":"Teleskopski vili\u010dar Genie za prodajo","og_description":"Teleskopski vili\u010dar Genie za prodajo Teleskopski vili\u010darji Genie nudijo natan\u010dno tisto, kar potrebujete za produktivnost v obmo\u010djih na poljubni vi\u0161ini, katera je te\u017eko dose\u010di ali imajo omejen dostop. S svojim izjemnim dizajnom nudijo vsestransko napravo, ki izpolnjuje vse potrebe va\u0161ega delovi\u0161\u010da. S \u0161iroko paleto razli\u010dnih tipov ima &nbsp;Riwal za vas vedno na voljo pravi teleskopski &hellip; Se nadaljuje","og_url":"https:\/\/www.riwal.com\/sl\/o-riwalu\/kategorije-naprav\/teleskopski-vilicar-genie-za-prodajo\/","og_site_name":"Riwal Slovenija","og_image":[{"url":"https:\/\/www.riwal.com\/app\/uploads\/sites\/10\/2024\/02\/Genie-forklift-1.webp","type":"","width":"","height":""}],"twitter_card":"summary_large_image","twitter_misc":{"Est. reading time":"4 minute"},"schema":{"@context":"https:\/\/schema.org","@graph":[{"@type":"WebPage","@id":"https:\/\/www.riwal.com\/sl\/o-riwalu\/kategorije-naprav\/teleskopski-vilicar-genie-za-prodajo\/","url":"https:\/\/www.riwal.com\/sl\/o-riwalu\/kategorije-naprav\/teleskopski-vilicar-genie-za-prodajo\/","name":"Teleskopski vili\u010dar Genie za prodajo - Riwal Slovenija","isPartOf":{"@id":"https:\/\/www.riwal.com\/sl\/#website"},"primaryImageOfPage":{"@id":"https:\/\/www.riwal.com\/sl\/o-riwalu\/kategorije-naprav\/teleskopski-vilicar-genie-za-prodajo\/#primaryimage"},"image":{"@id":"https:\/\/www.riwal.com\/sl\/o-riwalu\/kategorije-naprav\/teleskopski-vilicar-genie-za-prodajo\/#primaryimage"},"thumbnailUrl":"https:\/\/www.riwal.com\/app\/uploads\/sites\/10\/2024\/02\/Genie-forklift-1.webp","datePublished":"2024-02-06T08:50:15+00:00","breadcrumb":{"@id":"https:\/\/www.riwal.com\/sl\/o-riwalu\/kategorije-naprav\/teleskopski-vilicar-genie-za-prodajo\/#breadcrumb"},"inLanguage":"sl-SI","potentialAction":[{"@type":"ReadAction","target":["https:\/\/www.riwal.com\/sl\/o-riwalu\/kategorije-naprav\/teleskopski-vilicar-genie-za-prodajo\/"]}]},{"@type":"ImageObject","inLanguage":"sl-SI","@id":"https:\/\/www.riwal.com\/sl\/o-riwalu\/kategorije-naprav\/teleskopski-vilicar-genie-za-prodajo\/#primaryimage","url":"https:\/\/www.riwal.com\/app\/uploads\/sites\/10\/2024\/02\/Genie-forklift-1.webp","contentUrl":"https:\/\/www.riwal.com\/app\/uploads\/sites\/10\/2024\/02\/Genie-forklift-1.webp"},{"@type":"BreadcrumbList","@id":"https:\/\/www.riwal.com\/sl\/o-riwalu\/kategorije-naprav\/teleskopski-vilicar-genie-za-prodajo\/#breadcrumb","itemListElement":[{"@type":"ListItem","position":1,"name":"Domov","item":"https:\/\/www.riwal.com\/sl\/"},{"@type":"ListItem","position":2,"name":"O riwalu","item":"https:\/\/www.riwal.com\/sl\/o-riwalu\/"},{"@type":"ListItem","position":3,"name":"Kategorije naprav","item":"https:\/\/www.riwal.com\/sl\/o-riwalu\/kategorije-naprav\/"},{"@type":"ListItem","position":4,"name":"Teleskopski vili\u010dar Genie za prodajo"}]},{"@type":"WebSite","@id":"https:\/\/www.riwal.com\/sl\/#website","url":"https:\/\/www.riwal.com\/sl\/","name":"Riwal","description":"Arial work platform &amp; Telehandler Rental\/Sales","publisher":{"@id":"https:\/\/www.riwal.com\/sl\/#organization"},"potentialAction":[{"@type":"SearchAction","target":{"@type":"EntryPoint","urlTemplate":"https:\/\/www.riwal.com\/sl\/?s={search_term_string}"},"query-input":{"@type":"PropertyValueSpecification","valueRequired":true,"valueName":"search_term_string"}}],"inLanguage":"sl-SI"},{"@type":"Organization","@id":"https:\/\/www.riwal.com\/sl\/#organization","name":"Riwal","url":"https:\/\/www.riwal.com\/sl\/","logo":{"@type":"ImageObject","inLanguage":"sl-SI","@id":"https:\/\/www.riwal.com\/sl\/#\/schema\/logo\/image\/","url":"","contentUrl":"","caption":"Riwal"},"image":{"@id":"https:\/\/www.riwal.com\/sl\/#\/schema\/logo\/image\/"}}]}},"_links":{"self":[{"href":"https:\/\/www.riwal.com\/sl\/wp-json\/wp\/v2\/pages\/5762","targetHints":{"allow":["GET"]}}],"collection":[{"href":"https:\/\/www.riwal.com\/sl\/wp-json\/wp\/v2\/pages"}],"about":[{"href":"https:\/\/www.riwal.com\/sl\/wp-json\/wp\/v2\/types\/page"}],"author":[{"embeddable":true,"href":"https:\/\/www.riwal.com\/sl\/wp-json\/wp\/v2\/users\/45"}],"replies":[{"embeddable":true,"href":"https:\/\/www.riwal.com\/sl\/wp-json\/wp\/v2\/comments?post=5762"}],"version-history":[{"count":1,"href":"https:\/\/www.riwal.com\/sl\/wp-json\/wp\/v2\/pages\/5762\/revisions"}],"predecessor-version":[{"id":5763,"href":"https:\/\/www.riwal.com\/sl\/wp-json\/wp\/v2\/pages\/5762\/revisions\/5763"}],"up":[{"embeddable":true,"href":"https:\/\/www.riwal.com\/sl\/wp-json\/wp\/v2\/pages\/5700"}],"wp:attachment":[{"href":"https:\/\/www.riwal.com\/sl\/wp-json\/wp\/v2\/media?parent=5762"}],"curies":[{"name":"wp","href":"https:\/\/api.w.org\/{rel}","templated":true}]}}