{"id":5760,"date":"2024-02-06T08:49:00","date_gmt":"2024-02-06T08:49:00","guid":{"rendered":"https:\/\/www.riwal.com\/sl\/?page_id=5760"},"modified":"2024-02-06T08:49:00","modified_gmt":"2024-02-06T08:49:00","slug":"dvizna-kosara-z-lomljivo-roko-jlg","status":"publish","type":"page","link":"https:\/\/www.riwal.com\/sl\/o-riwalu\/kategorije-naprav\/dvizna-kosara-z-lomljivo-roko-jlg\/","title":{"rendered":"Dvi\u017ena ko\u0161ara z lomljivo roko JLG"},"content":{"rendered":"<div class=\"container\">\n<h2 class=\"wp-block-heading\" id=\"h-dvizna-kosara-z-lomljivo-roko-jlg\">Dvi\u017ena ko\u0161ara z lomljivo roko JLG<\/h2>\n<\/div>\n\n<div class=\"rental-wp-default-block rental-theme-block-default-margin\">\n\t\t\t\t\t\t\t\t<div class=\"container\">\n<div class=\"wp-block-columns is-layout-flex wp-container-core-columns-is-layout-28f84493 wp-block-columns-is-layout-flex\">\n<div class=\"wp-block-column is-layout-flow wp-block-column-is-layout-flow\" style=\"flex-basis:66.66%\">\n<p>Ni\u010d nenavadnega na gradbi\u0161\u010du ni, da je treba dose\u010di do te\u017eko dostopnega mesta na dolo\u010deni vi\u0161ini. Dvi\u017ena ko\u0161ara z lomljivo roko vam nudi pravo re\u0161itev. S svojimi karakteristikami vsestranskosti vam bo dvi\u017ena ko\u0161ara z lomljivo roko omogo\u010dila precizno pozicioniranje in dostop v vsakem trenutku. \u0160e zlasti, \u010de se odlo\u010dite za dvi\u017eno ko\u0161aro z lomljivo roko JLG. Kot vodilni razvijalec in proizvajalec strojev, ki lahko dose\u017eejo velike vi\u0161ine, nudi JLG linijo visokokakovostnih, vrhunskih dvi\u017enih ko\u0161ar z lomljivo roko, ki zagotavljajo enostaven dostop do vsakega obmo\u010dja, ki ga morate dose\u010di. Pri Riwalu se lahko odlo\u010dite za nakup va\u0161e lastne popolnoma nove ali rabljene dvi\u017ene ko\u0161are z lomljivo roko JLG, ali pa, v kolikor dvi\u017ene ko\u0161are z lomljivo roko ne potrebujete vsakodnevno ali jo potrebujete samo za enkratni projekt, izberete dvi\u017eno ko\u0161aro z lomljivo roko JLG iz na\u0161e flote za najem.<\/p>\n\n\n\n<h2 class=\"wp-block-heading\">Prava dvi\u017ena ko\u0161ara z lomljivo roko JLG za delo, ki ga morate opraviti<\/h2>\n\n\n\n<p>Kateri tip dvi\u017ene ko\u0161are z lomljivo roko JLG potrebujete, je odvisno od \u0161tevilnih dejavnikov. Riwal vam nudi \u0161iroko paleto dvi\u017enih ko\u0161ar z lomljivo roko, ki se razlikujejo po svoji nosilnosti, delovni vi\u0161ini, tipu pogona in te\u017ei. Vsaka dvi\u017ena ko\u0161ara z lomljivo roko je bolj ali manj primerna za razli\u010dne vrste dela. Tisto, kar jim je skupno, je njihova zmo\u017enost, da zahvaljujo\u010d svojim gibljivim zglobom v glavni roki se\u017eejo navzgor in \u010dez razli\u010dne objekte. Zaradi tega je ta tip dvigala JLG osnovni del profesionalne opreme v \u0161tevilnih industrijskih panogah. \u010ce niste prepri\u010dani, katero dvigalo JLG je pravo za va\u0161e podjetje ali projekt ali \u010de bi \u017eeleli ve\u010d informacij o specifikacijah razli\u010dnih tipov dvi\u017enih ko\u0161ar z lomljivo roko, lahko kontaktirate strokovnjake pri Riwalu. \u0160 \u0161tevilnimi leti bogatih izku\u0161enj je na\u0161a ekipa ustrezno opremljena, da vas vodi po poti do premi\u0161ljene odlo\u010ditve. In to bomo z najve\u010djim veseljem tudi storili.<\/p>\n\n\n\n<h2 class=\"wp-block-heading\"><strong>Nakup va\u0161e lastne dvi\u017ene ko\u0161are z zglobno roko JLG<\/strong><\/h2>\n\n\n\n<p>\u010ce nameravate uporabljati&nbsp; va\u0161o dvi\u017eno ko\u0161aro z lomljivo roko JLG vsakodnevno, je veliko bolje, da se odlo\u010dite za nakup kot pa za najem enega od teh vrhunskih, visoko kakovostnih dvigal. Z naj\u0161ir\u0161o paleto razli\u010dnih dvigal JLG za prodajo vam zagotavljamo, da boste na\u0161li pravo dvi\u017eno ko\u0161aro z lomljivo roko JLG za va\u0161e podjetje ali projekt. Dovolite, da vam na\u0161a strokovna ekipa z nasveti pomaga do premi\u0161ljene odlo\u010ditve. Navsezadnje, investicija v re\u0161itev dviganja je velika odlo\u010ditev in pri Riwalu si prizadevamo, da so na\u0161e stranke zadovoljne z re\u0161itvami za vi\u0161ino, ki jih nudimo. Z na\u0161imi dolgoletnimi izku\u0161njami dobro vemo, katera je prava dvi\u017ena ko\u0161ara z zglobno roko JLG za va\u0161e podjetje, industrijsko panogo ali projekt. Riwal ima za vas na voljo pravo novo ali rabljeno dvi\u017eno ko\u0161aro JLG za prodajo. O tem smo trdno prepri\u010dani.<\/p>\n\n\n\n<h2 class=\"wp-block-heading\"><strong>Riwal kot va\u0161 partner za najem dvi\u017enih naprav JLG<\/strong><\/h2>\n\n\n\n<p>Ali potrebujete dvi\u017eno ko\u0161aro z lomljivo roko JLG samo za enkraten projekt in je ne nameravate uporabljati redno? V tem primeru boste ugotovili, da je Riwal za vas tudi pravi partner za najem dvi\u017enih naprav JLG. Na\u0161a obse\u017ena flota za najem je zagotovilo, da vam je prava dvi\u017ena ko\u0161ara z lomljivo roko JLG na dosegu roke. Na\u0161e dru\u017einsko podjetje \u017ee dolgo vrsto let zagotavlja dvi\u017ene delovne plo\u0161\u010dadi za dela in projekte po vsej Evropi. Z na\u0161im obse\u017enim strokovnim znanjem vam bo pomagali najti pravo &nbsp;dvi\u017eno ko\u0161aro z lomljivo roko za va\u0161e specifi\u010dno delo. \u010ce \u017eelite, vam dvi\u017eno ko\u0161aro, plo\u0161\u010dad ali teleskopski vili\u010dar lahko tudi dostavimo na izbrano lokacijo.&nbsp;<br><\/p>\n\n\n\n<h3 class=\"wp-block-heading\"><strong>Riwal: dvi\u017ene ko\u0161are in plo\u0161\u010dadi JLG za prodajo ali va\u0161 partner za najem dvi\u017ene opreme JLG<\/strong><\/h3>\n\n\n\n<p>Kontaktirajte na\u0161o izku\u0161eno ekipo za ve\u010d informacij o razli\u010dnih tipih dvi\u017enih ko\u0161ar z lomljivo roko JLG, ki jih nudi Riwal, bodisi za namene prodaje ali za najem. Vam ali va\u0161im zaposlenim lahko zagotovimo tudi zahtevano certificiranje v na\u0161em centru za usposabljanje.<\/p>\n<\/div>\n\n\n\n<div class=\"wp-block-column is-layout-flow wp-block-column-is-layout-flow\" style=\"flex-basis:33.33%\">\n<figure class=\"wp-block-image size-full\"><img loading=\"lazy\" decoding=\"async\" width=\"800\" height=\"565\" src=\"https:\/\/eqsk4m2dkju.exactdn.com\/app\/uploads\/sites\/10\/2024\/02\/jlg-boom-lift-teaser.webp?strip=all&quality=92&webp=92&avif=80&sharp=1\" alt=\"\" class=\"wp-image-5722\" srcset=\"https:\/\/eqsk4m2dkju.exactdn.com\/app\/uploads\/sites\/10\/2024\/02\/jlg-boom-lift-teaser.webp?strip=all&amp;quality=92&amp;webp=92&amp;avif=80&amp;sharp=1 800w, https:\/\/eqsk4m2dkju.exactdn.com\/app\/uploads\/sites\/10\/2024\/02\/jlg-boom-lift-teaser-300x212.webp?strip=all&amp;quality=92&amp;webp=92&amp;avif=80&amp;sharp=1 300w, https:\/\/eqsk4m2dkju.exactdn.com\/app\/uploads\/sites\/10\/2024\/02\/jlg-boom-lift-teaser-768x542.webp?strip=all&amp;quality=92&amp;webp=92&amp;avif=80&amp;sharp=1 768w, https:\/\/eqsk4m2dkju.exactdn.com\/app\/uploads\/sites\/10\/2024\/02\/jlg-boom-lift-teaser-178x126.webp?strip=all&amp;quality=92&amp;webp=92&amp;avif=80&amp;sharp=1 178w, https:\/\/eqsk4m2dkju.exactdn.com\/app\/uploads\/sites\/10\/2024\/02\/jlg-boom-lift-teaser-390x275.webp?strip=all&amp;quality=92&amp;webp=92&amp;avif=80&amp;sharp=1 390w, https:\/\/eqsk4m2dkju.exactdn.com\/app\/uploads\/sites\/10\/2024\/02\/jlg-boom-lift-teaser-250x177.webp?strip=all&amp;quality=92&amp;webp=92&amp;avif=80&amp;sharp=1 250w, https:\/\/eqsk4m2dkju.exactdn.com\/app\/uploads\/sites\/10\/2024\/02\/jlg-boom-lift-teaser-620x438.webp?strip=all&amp;quality=92&amp;webp=92&amp;avif=80&amp;sharp=1 620w, https:\/\/eqsk4m2dkju.exactdn.com\/app\/uploads\/sites\/10\/2024\/02\/jlg-boom-lift-teaser-237x167.webp?strip=all&amp;quality=92&amp;webp=92&amp;avif=80&amp;sharp=1 237w, https:\/\/eqsk4m2dkju.exactdn.com\/app\/uploads\/sites\/10\/2024\/02\/jlg-boom-lift-teaser-474x335.webp?strip=all&amp;quality=92&amp;webp=92&amp;avif=80&amp;sharp=1 474w\" sizes=\"auto, (max-width: 800px) 100vw, 800px\" \/><\/figure>\n\n\n\n<figure class=\"wp-block-image size-full\"><img loading=\"lazy\" decoding=\"async\" width=\"500\" height=\"364\" src=\"https:\/\/eqsk4m2dkju.exactdn.com\/app\/uploads\/sites\/10\/2024\/02\/DSC_0093-2.webp?strip=all&quality=92&webp=92&avif=80&sharp=1\" alt=\"\" class=\"wp-image-5727\" srcset=\"https:\/\/eqsk4m2dkju.exactdn.com\/app\/uploads\/sites\/10\/2024\/02\/DSC_0093-2.webp?strip=all&amp;quality=92&amp;webp=92&amp;avif=80&amp;sharp=1 500w, https:\/\/eqsk4m2dkju.exactdn.com\/app\/uploads\/sites\/10\/2024\/02\/DSC_0093-2-300x218.webp?strip=all&amp;quality=92&amp;webp=92&amp;avif=80&amp;sharp=1 300w, https:\/\/eqsk4m2dkju.exactdn.com\/app\/uploads\/sites\/10\/2024\/02\/DSC_0093-2-178x130.webp?strip=all&amp;quality=92&amp;webp=92&amp;avif=80&amp;sharp=1 178w, https:\/\/eqsk4m2dkju.exactdn.com\/app\/uploads\/sites\/10\/2024\/02\/DSC_0093-2-390x284.webp?strip=all&amp;quality=92&amp;webp=92&amp;avif=80&amp;sharp=1 390w, https:\/\/eqsk4m2dkju.exactdn.com\/app\/uploads\/sites\/10\/2024\/02\/DSC_0093-2-250x182.webp?strip=all&amp;quality=92&amp;webp=92&amp;avif=80&amp;sharp=1 250w, https:\/\/eqsk4m2dkju.exactdn.com\/app\/uploads\/sites\/10\/2024\/02\/DSC_0093-2-237x173.webp?strip=all&amp;quality=92&amp;webp=92&amp;avif=80&amp;sharp=1 237w, https:\/\/eqsk4m2dkju.exactdn.com\/app\/uploads\/sites\/10\/2024\/02\/DSC_0093-2-474x345.webp?strip=all&amp;quality=92&amp;webp=92&amp;avif=80&amp;sharp=1 474w, https:\/\/eqsk4m2dkju.exactdn.com\/app\/uploads\/sites\/10\/2024\/02\/DSC_0093-2.webp?strip=all&amp;quality=92&amp;webp=92&amp;avif=80&amp;sharp=1&amp;w=100 100w\" sizes=\"auto, (max-width: 500px) 100vw, 500px\" \/><\/figure>\n\n\n\n<p><strong>Vas zanima?<\/strong><\/p>\n\n\n\n<p>info_si@riwal.com<\/p>\n\n\n\n<p>Pokli\u010dite nas: 01 544 34 34<\/p>\n\n\n\n<div class=\"wp-block-buttons is-layout-flex wp-block-buttons-is-layout-flex\">\n<div class=\"wp-block-button\"><a class=\"wp-block-button__link wp-element-button\" href=\"https:\/\/www.riwal.com\/sl\/najem\/\">Oprema za najem<\/a><\/div>\n<\/div>\n\n\n\n<div class=\"wp-block-buttons is-layout-flex wp-block-buttons-is-layout-flex\">\n<div class=\"wp-block-button\"><a class=\"wp-block-button__link wp-element-button\" href=\"https:\/\/www.riwal.com\/sl\/prodaja\/rabljene-dvizne-naprave\/\">Rabljene naprave za prodajo<\/a><\/div>\n<\/div>\n\n\n\n<div class=\"wp-block-columns is-layout-flex wp-container-core-columns-is-layout-28f84493 wp-block-columns-is-layout-flex\">\n<div class=\"wp-block-column is-layout-flow wp-block-column-is-layout-flow\"><\/div>\n\n\n\n<div class=\"wp-block-column is-layout-flow wp-block-column-is-layout-flow\"><\/div>\n<\/div>\n<\/div>\n<\/div>\n<\/div>\n\t\t\t\t\t\t\t<\/div> ","protected":false},"excerpt":{"rendered":"<p>Dvi\u017ena ko\u0161ara z lomljivo roko JLG Ni\u010d nenavadnega na gradbi\u0161\u010du ni, da je treba dose\u010di do te\u017eko dostopnega mesta na dolo\u010deni vi\u0161ini. Dvi\u017ena ko\u0161ara z lomljivo roko vam nudi pravo re\u0161itev. S svojimi karakteristikami vsestranskosti vam bo dvi\u017ena ko\u0161ara z lomljivo roko omogo\u010dila precizno pozicioniranje in dostop v vsakem trenutku. \u0160e zlasti, \u010de se odlo\u010dite &hellip; <a href=\"https:\/\/www.riwal.com\/sl\/o-riwalu\/kategorije-naprav\/dvizna-kosara-z-lomljivo-roko-jlg\/\">Se nadaljuje<\/a><\/p>\n","protected":false},"author":45,"featured_media":0,"parent":5700,"menu_order":0,"comment_status":"closed","ping_status":"closed","template":"","meta":{"_acf_changed":false,"footnotes":""},"class_list":["post-5760","page","type-page","status-publish","hentry"],"acf":[],"yoast_head":"<!-- This site is optimized with the Yoast SEO Premium plugin v27.1 (Yoast SEO v27.1.1) - https:\/\/yoast.com\/product\/yoast-seo-premium-wordpress\/ -->\n<title>Dvi\u017ena ko\u0161ara z lomljivo roko JLG - Riwal Slovenija<\/title>\n<meta name=\"robots\" content=\"index, follow, max-snippet:-1, max-image-preview:large, max-video-preview:-1\" \/>\n<link rel=\"canonical\" href=\"https:\/\/www.riwal.com\/sl\/o-riwalu\/kategorije-naprav\/dvizna-kosara-z-lomljivo-roko-jlg\/\" \/>\n<meta property=\"og:locale\" content=\"sl_SI\" \/>\n<meta property=\"og:type\" content=\"article\" \/>\n<meta property=\"og:title\" content=\"Dvi\u017ena ko\u0161ara z lomljivo roko JLG\" \/>\n<meta property=\"og:description\" content=\"Dvi\u017ena ko\u0161ara z lomljivo roko JLG Ni\u010d nenavadnega na gradbi\u0161\u010du ni, da je treba dose\u010di do te\u017eko dostopnega mesta na dolo\u010deni vi\u0161ini. Dvi\u017ena ko\u0161ara z lomljivo roko vam nudi pravo re\u0161itev. S svojimi karakteristikami vsestranskosti vam bo dvi\u017ena ko\u0161ara z lomljivo roko omogo\u010dila precizno pozicioniranje in dostop v vsakem trenutku. \u0160e zlasti, \u010de se odlo\u010dite &hellip; Se nadaljuje\" \/>\n<meta property=\"og:url\" content=\"https:\/\/www.riwal.com\/sl\/o-riwalu\/kategorije-naprav\/dvizna-kosara-z-lomljivo-roko-jlg\/\" \/>\n<meta property=\"og:site_name\" content=\"Riwal Slovenija\" \/>\n<meta property=\"og:image\" content=\"https:\/\/www.riwal.com\/app\/uploads\/sites\/10\/2024\/02\/jlg-boom-lift-teaser.webp\" \/>\n<meta name=\"twitter:card\" content=\"summary_large_image\" \/>\n<meta name=\"twitter:label1\" content=\"Est. reading time\" \/>\n\t<meta name=\"twitter:data1\" content=\"4 minute\" \/>\n<script type=\"application\/ld+json\" class=\"yoast-schema-graph\">{\"@context\":\"https:\/\/schema.org\",\"@graph\":[{\"@type\":\"WebPage\",\"@id\":\"https:\/\/www.riwal.com\/sl\/o-riwalu\/kategorije-naprav\/dvizna-kosara-z-lomljivo-roko-jlg\/\",\"url\":\"https:\/\/www.riwal.com\/sl\/o-riwalu\/kategorije-naprav\/dvizna-kosara-z-lomljivo-roko-jlg\/\",\"name\":\"Dvi\u017ena ko\u0161ara z lomljivo roko JLG - Riwal Slovenija\",\"isPartOf\":{\"@id\":\"https:\/\/www.riwal.com\/sl\/#website\"},\"primaryImageOfPage\":{\"@id\":\"https:\/\/www.riwal.com\/sl\/o-riwalu\/kategorije-naprav\/dvizna-kosara-z-lomljivo-roko-jlg\/#primaryimage\"},\"image\":{\"@id\":\"https:\/\/www.riwal.com\/sl\/o-riwalu\/kategorije-naprav\/dvizna-kosara-z-lomljivo-roko-jlg\/#primaryimage\"},\"thumbnailUrl\":\"https:\/\/www.riwal.com\/app\/uploads\/sites\/10\/2024\/02\/jlg-boom-lift-teaser.webp\",\"datePublished\":\"2024-02-06T08:49:00+00:00\",\"breadcrumb\":{\"@id\":\"https:\/\/www.riwal.com\/sl\/o-riwalu\/kategorije-naprav\/dvizna-kosara-z-lomljivo-roko-jlg\/#breadcrumb\"},\"inLanguage\":\"sl-SI\",\"potentialAction\":[{\"@type\":\"ReadAction\",\"target\":[\"https:\/\/www.riwal.com\/sl\/o-riwalu\/kategorije-naprav\/dvizna-kosara-z-lomljivo-roko-jlg\/\"]}]},{\"@type\":\"ImageObject\",\"inLanguage\":\"sl-SI\",\"@id\":\"https:\/\/www.riwal.com\/sl\/o-riwalu\/kategorije-naprav\/dvizna-kosara-z-lomljivo-roko-jlg\/#primaryimage\",\"url\":\"https:\/\/www.riwal.com\/app\/uploads\/sites\/10\/2024\/02\/jlg-boom-lift-teaser.webp\",\"contentUrl\":\"https:\/\/www.riwal.com\/app\/uploads\/sites\/10\/2024\/02\/jlg-boom-lift-teaser.webp\"},{\"@type\":\"BreadcrumbList\",\"@id\":\"https:\/\/www.riwal.com\/sl\/o-riwalu\/kategorije-naprav\/dvizna-kosara-z-lomljivo-roko-jlg\/#breadcrumb\",\"itemListElement\":[{\"@type\":\"ListItem\",\"position\":1,\"name\":\"Domov\",\"item\":\"https:\/\/www.riwal.com\/sl\/\"},{\"@type\":\"ListItem\",\"position\":2,\"name\":\"O riwalu\",\"item\":\"https:\/\/www.riwal.com\/sl\/o-riwalu\/\"},{\"@type\":\"ListItem\",\"position\":3,\"name\":\"Kategorije naprav\",\"item\":\"https:\/\/www.riwal.com\/sl\/o-riwalu\/kategorije-naprav\/\"},{\"@type\":\"ListItem\",\"position\":4,\"name\":\"Dvi\u017ena ko\u0161ara z lomljivo roko JLG\"}]},{\"@type\":\"WebSite\",\"@id\":\"https:\/\/www.riwal.com\/sl\/#website\",\"url\":\"https:\/\/www.riwal.com\/sl\/\",\"name\":\"Riwal\",\"description\":\"Arial work platform &amp; Telehandler Rental\/Sales\",\"publisher\":{\"@id\":\"https:\/\/www.riwal.com\/sl\/#organization\"},\"potentialAction\":[{\"@type\":\"SearchAction\",\"target\":{\"@type\":\"EntryPoint\",\"urlTemplate\":\"https:\/\/www.riwal.com\/sl\/?s={search_term_string}\"},\"query-input\":{\"@type\":\"PropertyValueSpecification\",\"valueRequired\":true,\"valueName\":\"search_term_string\"}}],\"inLanguage\":\"sl-SI\"},{\"@type\":\"Organization\",\"@id\":\"https:\/\/www.riwal.com\/sl\/#organization\",\"name\":\"Riwal\",\"url\":\"https:\/\/www.riwal.com\/sl\/\",\"logo\":{\"@type\":\"ImageObject\",\"inLanguage\":\"sl-SI\",\"@id\":\"https:\/\/www.riwal.com\/sl\/#\/schema\/logo\/image\/\",\"url\":\"\",\"contentUrl\":\"\",\"caption\":\"Riwal\"},\"image\":{\"@id\":\"https:\/\/www.riwal.com\/sl\/#\/schema\/logo\/image\/\"}}]}<\/script>\n<!-- \/ Yoast SEO Premium plugin. -->","yoast_head_json":{"title":"Dvi\u017ena ko\u0161ara z lomljivo roko JLG - Riwal Slovenija","robots":{"index":"index","follow":"follow","max-snippet":"max-snippet:-1","max-image-preview":"max-image-preview:large","max-video-preview":"max-video-preview:-1"},"canonical":"https:\/\/www.riwal.com\/sl\/o-riwalu\/kategorije-naprav\/dvizna-kosara-z-lomljivo-roko-jlg\/","og_locale":"sl_SI","og_type":"article","og_title":"Dvi\u017ena ko\u0161ara z lomljivo roko JLG","og_description":"Dvi\u017ena ko\u0161ara z lomljivo roko JLG Ni\u010d nenavadnega na gradbi\u0161\u010du ni, da je treba dose\u010di do te\u017eko dostopnega mesta na dolo\u010deni vi\u0161ini. Dvi\u017ena ko\u0161ara z lomljivo roko vam nudi pravo re\u0161itev. S svojimi karakteristikami vsestranskosti vam bo dvi\u017ena ko\u0161ara z lomljivo roko omogo\u010dila precizno pozicioniranje in dostop v vsakem trenutku. \u0160e zlasti, \u010de se odlo\u010dite &hellip; Se nadaljuje","og_url":"https:\/\/www.riwal.com\/sl\/o-riwalu\/kategorije-naprav\/dvizna-kosara-z-lomljivo-roko-jlg\/","og_site_name":"Riwal Slovenija","og_image":[{"url":"https:\/\/www.riwal.com\/app\/uploads\/sites\/10\/2024\/02\/jlg-boom-lift-teaser.webp","type":"","width":"","height":""}],"twitter_card":"summary_large_image","twitter_misc":{"Est. reading time":"4 minute"},"schema":{"@context":"https:\/\/schema.org","@graph":[{"@type":"WebPage","@id":"https:\/\/www.riwal.com\/sl\/o-riwalu\/kategorije-naprav\/dvizna-kosara-z-lomljivo-roko-jlg\/","url":"https:\/\/www.riwal.com\/sl\/o-riwalu\/kategorije-naprav\/dvizna-kosara-z-lomljivo-roko-jlg\/","name":"Dvi\u017ena ko\u0161ara z lomljivo roko JLG - Riwal Slovenija","isPartOf":{"@id":"https:\/\/www.riwal.com\/sl\/#website"},"primaryImageOfPage":{"@id":"https:\/\/www.riwal.com\/sl\/o-riwalu\/kategorije-naprav\/dvizna-kosara-z-lomljivo-roko-jlg\/#primaryimage"},"image":{"@id":"https:\/\/www.riwal.com\/sl\/o-riwalu\/kategorije-naprav\/dvizna-kosara-z-lomljivo-roko-jlg\/#primaryimage"},"thumbnailUrl":"https:\/\/www.riwal.com\/app\/uploads\/sites\/10\/2024\/02\/jlg-boom-lift-teaser.webp","datePublished":"2024-02-06T08:49:00+00:00","breadcrumb":{"@id":"https:\/\/www.riwal.com\/sl\/o-riwalu\/kategorije-naprav\/dvizna-kosara-z-lomljivo-roko-jlg\/#breadcrumb"},"inLanguage":"sl-SI","potentialAction":[{"@type":"ReadAction","target":["https:\/\/www.riwal.com\/sl\/o-riwalu\/kategorije-naprav\/dvizna-kosara-z-lomljivo-roko-jlg\/"]}]},{"@type":"ImageObject","inLanguage":"sl-SI","@id":"https:\/\/www.riwal.com\/sl\/o-riwalu\/kategorije-naprav\/dvizna-kosara-z-lomljivo-roko-jlg\/#primaryimage","url":"https:\/\/www.riwal.com\/app\/uploads\/sites\/10\/2024\/02\/jlg-boom-lift-teaser.webp","contentUrl":"https:\/\/www.riwal.com\/app\/uploads\/sites\/10\/2024\/02\/jlg-boom-lift-teaser.webp"},{"@type":"BreadcrumbList","@id":"https:\/\/www.riwal.com\/sl\/o-riwalu\/kategorije-naprav\/dvizna-kosara-z-lomljivo-roko-jlg\/#breadcrumb","itemListElement":[{"@type":"ListItem","position":1,"name":"Domov","item":"https:\/\/www.riwal.com\/sl\/"},{"@type":"ListItem","position":2,"name":"O riwalu","item":"https:\/\/www.riwal.com\/sl\/o-riwalu\/"},{"@type":"ListItem","position":3,"name":"Kategorije naprav","item":"https:\/\/www.riwal.com\/sl\/o-riwalu\/kategorije-naprav\/"},{"@type":"ListItem","position":4,"name":"Dvi\u017ena ko\u0161ara z lomljivo roko JLG"}]},{"@type":"WebSite","@id":"https:\/\/www.riwal.com\/sl\/#website","url":"https:\/\/www.riwal.com\/sl\/","name":"Riwal","description":"Arial work platform &amp; Telehandler Rental\/Sales","publisher":{"@id":"https:\/\/www.riwal.com\/sl\/#organization"},"potentialAction":[{"@type":"SearchAction","target":{"@type":"EntryPoint","urlTemplate":"https:\/\/www.riwal.com\/sl\/?s={search_term_string}"},"query-input":{"@type":"PropertyValueSpecification","valueRequired":true,"valueName":"search_term_string"}}],"inLanguage":"sl-SI"},{"@type":"Organization","@id":"https:\/\/www.riwal.com\/sl\/#organization","name":"Riwal","url":"https:\/\/www.riwal.com\/sl\/","logo":{"@type":"ImageObject","inLanguage":"sl-SI","@id":"https:\/\/www.riwal.com\/sl\/#\/schema\/logo\/image\/","url":"","contentUrl":"","caption":"Riwal"},"image":{"@id":"https:\/\/www.riwal.com\/sl\/#\/schema\/logo\/image\/"}}]}},"_links":{"self":[{"href":"https:\/\/www.riwal.com\/sl\/wp-json\/wp\/v2\/pages\/5760","targetHints":{"allow":["GET"]}}],"collection":[{"href":"https:\/\/www.riwal.com\/sl\/wp-json\/wp\/v2\/pages"}],"about":[{"href":"https:\/\/www.riwal.com\/sl\/wp-json\/wp\/v2\/types\/page"}],"author":[{"embeddable":true,"href":"https:\/\/www.riwal.com\/sl\/wp-json\/wp\/v2\/users\/45"}],"replies":[{"embeddable":true,"href":"https:\/\/www.riwal.com\/sl\/wp-json\/wp\/v2\/comments?post=5760"}],"version-history":[{"count":1,"href":"https:\/\/www.riwal.com\/sl\/wp-json\/wp\/v2\/pages\/5760\/revisions"}],"predecessor-version":[{"id":5761,"href":"https:\/\/www.riwal.com\/sl\/wp-json\/wp\/v2\/pages\/5760\/revisions\/5761"}],"up":[{"embeddable":true,"href":"https:\/\/www.riwal.com\/sl\/wp-json\/wp\/v2\/pages\/5700"}],"wp:attachment":[{"href":"https:\/\/www.riwal.com\/sl\/wp-json\/wp\/v2\/media?parent=5760"}],"curies":[{"name":"wp","href":"https:\/\/api.w.org\/{rel}","templated":true}]}}