{"id":5758,"date":"2024-02-06T08:47:47","date_gmt":"2024-02-06T08:47:47","guid":{"rendered":"https:\/\/www.riwal.com\/sl\/?page_id=5758"},"modified":"2024-02-06T08:47:47","modified_gmt":"2024-02-06T08:47:47","slug":"jlg-pajek","status":"publish","type":"page","link":"https:\/\/www.riwal.com\/sl\/o-riwalu\/kategorije-naprav\/jlg-pajek\/","title":{"rendered":"JLG pajek"},"content":{"rendered":"<div class=\"container\">\n<h2 class=\"wp-block-heading\" id=\"h-jlg-dvizna-kosara-pajek\">JLG dvi\u017ena ko\u0161ara pajek<\/h2>\n<\/div>\n\n<div class=\"rental-wp-default-block rental-theme-block-default-margin\">\n\t\t\t\t\t\t\t\t<div class=\"container\">\n<div class=\"wp-block-columns is-layout-flex wp-container-core-columns-is-layout-28f84493 wp-block-columns-is-layout-flex\">\n<div class=\"wp-block-column is-layout-flow wp-block-column-is-layout-flow\" style=\"flex-basis:66.66%\">\n<p>Dvi\u017ena ko\u0161ara-pajek je idealna dvi\u017ena delovna plo\u0161\u010dad za izvajanje nalog na veliki vi\u0161ini v omejenih prostorih. S svojimi \u0161tirimi stabilizatorji dvi\u017ena ko\u0161ara-pajek zagotavlja izjemno stabilnost na vsakem gradbi\u0161\u010du. Zaradi nizke te\u017ee, s katero se odlikuje ta tip dvi\u017ene plo\u0161\u010dadi je dvi\u017ena ko\u0161ara-pajek idealna za delo v obmo\u010djih, ki se zlahka po\u0161kodujejo, na primer pri izvajanju vzdr\u017eevalnih del v notranjih prostorih. \u010ce se zanimate za nakup ali najem dvi\u017ene ko\u0161are-pajka, je vedno prava izbira dvi\u017ena ko\u0161ara-pajek JLG. Kot vodilni razvijalec in proizvajalec re\u0161itev za delo na vi\u0161ini je JLG vedno sposoben izdelati vrhunsko, visoko kakovostno dvi\u017eno opremo. Pri Riwalu lahko izbirate v \u0161iroki paleti razli\u010dnih dvi\u017enih ko\u0161ar-pajkov JLG. Na\u0161i strokovnjaki vas bodo z veseljem informirali o razli\u010dnih specifikacijah.<\/p>\n\n\n\n<h2 class=\"wp-block-heading\"><strong>Dvi\u017ena ko\u0161ara-pajek JLG: najbolj\u0161a izbira<\/strong><\/h2>\n\n\n\n<p>Dvi\u017ena ko\u0161ara-pajek je idealna re\u0161itev pri delu na velikih vi\u0161inah v notranjih prostorih, lahko pa se uporablja tudi pri delu na zunanjih gradbi\u0161\u010dih, ne glede na vremenske pogoje. Dvigalo je namensko zasnovano za dostop do obmo\u010dij, ki jih bolj tradicionalne dvi\u017ene ko\u0161are ne morejo dose\u010di in se pogosto uporablja namesto tradicionalnih in dragih sistemov gradbenih odrov. Njena nizka te\u017ea, fleksibilnost, vsestranskost in okretnost zagotavljajo delavcem dostop do vsake majhne ali ozke to\u010dke, brez najmanj\u0161ega truda. Delo z dvi\u017eno ko\u0161aro-pajkom JLG vam zagotavlja vrhunsko kakovost, ki je na samem vrhu vseh prednosti, katere ponujajo obi\u010dajne dvi\u017ene ko\u0161are-pajki. Dvi\u017ena ko\u0161ara-pajek JLG ima nizko te\u017eo in se zaradi svojih gosenic lahko uporablja na prakti\u010dno katerikoli lokaciji. Riwal vam nudi \u0161iroko paleto dvi\u017enih ko\u0161ar-pajkov JLG in lahko zato podjetjem v razli\u010dnih industrijskih panogah zagotovi to\u010dno pravo dvi\u017eno napravo.<\/p>\n\n\n\n<h2 class=\"wp-block-heading\"><strong>Prava dvi\u017ena ko\u0161ara-pajek JLG za va\u0161e podjetje<\/strong><\/h2>\n\n\n\n<p>Pri iskanju dvi\u017ene ko\u0161are-pajka JLG boste naleteli na \u0161tevilne tipe. Vendar&nbsp; pa, katera dvi\u017ena ko\u0161ara-pajek JLG je prava za va\u0161o vrsto aktivnosti? To je odvisno od nosilnosti, dosega in delovne vi\u0161ine, ki jo potrebujete. Na\u0161i strokovnjaki vam bodo pomagali najti pravo dvi\u017eno ko\u0161aro-pajka za va\u0161 projekt ali delo, ne glede na to, v kateri industrijski panogi delujete. Riwal ima dolgoletne izku\u0161nje v dobavljanju dvi\u017enih ko\u0161ar-pajkov najrazli\u010dnej\u0161im podjetjem in \u010dlani na\u0161e ekipe se bodo z veseljem pogovorili z vami o na\u0161i obse\u017eni paleti. Z veseljem vas bodo tudi obiskali na va\u0161em delovi\u0161\u010du in vam svetovali glede na va\u0161e potrebe.<br><\/p>\n\n\n\n<h2 class=\"wp-block-heading\"><strong>Kupujete ali najemate?<\/strong><\/h2>\n\n\n\n<p>Pri Riwalu lahko kupite, pa tudi najamete va\u0161o dvi\u017eno ko\u0161aro-pajka JLG. Bodisi da se odlo\u010dite za eno ali za drugo mo\u017enost, v vsakem primeru vam bomo zagotovili najbolj\u0161i nasvet, kot tudi odli\u010dno storitev. \u010ce va\u0161e delo zahteva uporabo dvi\u017ene ko\u0161are-pajka na redni osnovi, je nakup prava izbira za vas. \u010ce pa gre za potrebo samo za en projekt ali \u010de nameravate uporabiti dvi\u017eno ko\u0161aro \u2013pajka dvakrat ali trikrat na leto, je veliko bolj\u0161a izbira najem. Kot va\u0161 partner za najem dvi\u017enih naprav JLG vam bomo z informacijami pomagali, da se boste premi\u0161ljeno odlo\u010dili.<br><\/p>\n\n\n\n<h3 class=\"wp-block-heading\"><strong>Riwal vam nudi pravo dvi\u017eno ko\u0161aro-pajka JLG<\/strong><\/h3>\n\n\n\n<p>Pri Riwalu boste na\u0161li pravo dvi\u017eno ko\u0161aro-pajka JLG za va\u0161e delo ali za va\u0161 projekt. Kot va\u0161 dobavitelj bomo poskrbeli, da se boste na osnovi prejetih informacij premi\u0161ljeno odlo\u010dili: ali kupiti ali najeti in kak\u0161en tip dvi\u017ene ko\u0161are-pajka JLG izbrati &nbsp;Ra\u010dunate lahko na vrhunsko storitev, tudi po nakupu ali najemu va\u0161ege dvi\u017ene ko\u0161are pri Riwalu. Kot podjetje, kjer &nbsp;kupite va\u0161o dvi\u017eno ko\u0161aro-pajka JLG, vendar to\u010dno na enakem nivoju, kot kadar je Riwal va\u0161 partner za najem JLG.<\/p>\n<\/div>\n\n\n\n<div class=\"wp-block-column is-layout-flow wp-block-column-is-layout-flow\" style=\"flex-basis:33.33%\">\n<figure class=\"wp-block-image size-full\"><img loading=\"lazy\" decoding=\"async\" width=\"450\" height=\"230\" src=\"https:\/\/eqsk4m2dkju.exactdn.com\/app\/uploads\/sites\/10\/2024\/02\/teaser-jlg-spider.webp?strip=all&quality=92&webp=92&avif=80&sharp=1\" alt=\"\" class=\"wp-image-5721\" srcset=\"https:\/\/eqsk4m2dkju.exactdn.com\/app\/uploads\/sites\/10\/2024\/02\/teaser-jlg-spider.webp?strip=all&amp;quality=92&amp;webp=92&amp;avif=80&amp;sharp=1 450w, https:\/\/eqsk4m2dkju.exactdn.com\/app\/uploads\/sites\/10\/2024\/02\/teaser-jlg-spider-300x153.webp?strip=all&amp;quality=92&amp;webp=92&amp;avif=80&amp;sharp=1 300w, https:\/\/eqsk4m2dkju.exactdn.com\/app\/uploads\/sites\/10\/2024\/02\/teaser-jlg-spider-178x91.webp?strip=all&amp;quality=92&amp;webp=92&amp;avif=80&amp;sharp=1 178w, https:\/\/eqsk4m2dkju.exactdn.com\/app\/uploads\/sites\/10\/2024\/02\/teaser-jlg-spider-390x199.webp?strip=all&amp;quality=92&amp;webp=92&amp;avif=80&amp;sharp=1 390w, https:\/\/eqsk4m2dkju.exactdn.com\/app\/uploads\/sites\/10\/2024\/02\/teaser-jlg-spider-250x128.webp?strip=all&amp;quality=92&amp;webp=92&amp;avif=80&amp;sharp=1 250w, https:\/\/eqsk4m2dkju.exactdn.com\/app\/uploads\/sites\/10\/2024\/02\/teaser-jlg-spider-237x121.webp?strip=all&amp;quality=92&amp;webp=92&amp;avif=80&amp;sharp=1 237w, https:\/\/eqsk4m2dkju.exactdn.com\/app\/uploads\/sites\/10\/2024\/02\/teaser-jlg-spider.webp?strip=all&amp;quality=92&amp;webp=92&amp;avif=80&amp;sharp=1&amp;w=90 90w\" sizes=\"auto, (max-width: 450px) 100vw, 450px\" \/><\/figure>\n\n\n\n<figure class=\"wp-block-image size-full\"><img loading=\"lazy\" decoding=\"async\" width=\"500\" height=\"364\" src=\"https:\/\/eqsk4m2dkju.exactdn.com\/app\/uploads\/sites\/10\/2024\/02\/DSC_0093-2.webp?strip=all&quality=92&webp=92&avif=80&sharp=1\" alt=\"\" class=\"wp-image-5727\" srcset=\"https:\/\/eqsk4m2dkju.exactdn.com\/app\/uploads\/sites\/10\/2024\/02\/DSC_0093-2.webp?strip=all&amp;quality=92&amp;webp=92&amp;avif=80&amp;sharp=1 500w, https:\/\/eqsk4m2dkju.exactdn.com\/app\/uploads\/sites\/10\/2024\/02\/DSC_0093-2-300x218.webp?strip=all&amp;quality=92&amp;webp=92&amp;avif=80&amp;sharp=1 300w, https:\/\/eqsk4m2dkju.exactdn.com\/app\/uploads\/sites\/10\/2024\/02\/DSC_0093-2-178x130.webp?strip=all&amp;quality=92&amp;webp=92&amp;avif=80&amp;sharp=1 178w, https:\/\/eqsk4m2dkju.exactdn.com\/app\/uploads\/sites\/10\/2024\/02\/DSC_0093-2-390x284.webp?strip=all&amp;quality=92&amp;webp=92&amp;avif=80&amp;sharp=1 390w, https:\/\/eqsk4m2dkju.exactdn.com\/app\/uploads\/sites\/10\/2024\/02\/DSC_0093-2-250x182.webp?strip=all&amp;quality=92&amp;webp=92&amp;avif=80&amp;sharp=1 250w, https:\/\/eqsk4m2dkju.exactdn.com\/app\/uploads\/sites\/10\/2024\/02\/DSC_0093-2-237x173.webp?strip=all&amp;quality=92&amp;webp=92&amp;avif=80&amp;sharp=1 237w, https:\/\/eqsk4m2dkju.exactdn.com\/app\/uploads\/sites\/10\/2024\/02\/DSC_0093-2-474x345.webp?strip=all&amp;quality=92&amp;webp=92&amp;avif=80&amp;sharp=1 474w, https:\/\/eqsk4m2dkju.exactdn.com\/app\/uploads\/sites\/10\/2024\/02\/DSC_0093-2.webp?strip=all&amp;quality=92&amp;webp=92&amp;avif=80&amp;sharp=1&amp;w=100 100w\" sizes=\"auto, (max-width: 500px) 100vw, 500px\" \/><\/figure>\n\n\n\n<p><strong>Vas zanima?<\/strong><\/p>\n\n\n\n<p>info_si@riwal.com<\/p>\n\n\n\n<p>Pokli\u010dite nas: 01 544 34 34<\/p>\n\n\n\n<div class=\"wp-block-buttons is-layout-flex wp-block-buttons-is-layout-flex\">\n<div class=\"wp-block-button\"><a class=\"wp-block-button__link wp-element-button\" href=\"https:\/\/www.riwal.com\/sl\/najem\/\">Oprema za najem<\/a><\/div>\n<\/div>\n\n\n\n<div class=\"wp-block-buttons is-layout-flex wp-block-buttons-is-layout-flex\">\n<div class=\"wp-block-button\"><a class=\"wp-block-button__link wp-element-button\" href=\"https:\/\/www.riwal.com\/sl\/prodaja\/rabljene-dvizne-naprave\/\">Rabljene naprave za prodajo<\/a><\/div>\n<\/div>\n\n\n\n<div class=\"wp-block-columns is-layout-flex wp-container-core-columns-is-layout-28f84493 wp-block-columns-is-layout-flex\">\n<div class=\"wp-block-column is-layout-flow wp-block-column-is-layout-flow\"><\/div>\n\n\n\n<div class=\"wp-block-column is-layout-flow wp-block-column-is-layout-flow\"><\/div>\n<\/div>\n<\/div>\n<\/div>\n<\/div>\n\t\t\t\t\t\t\t<\/div> ","protected":false},"excerpt":{"rendered":"<p>JLG dvi\u017ena ko\u0161ara pajek Dvi\u017ena ko\u0161ara-pajek je idealna dvi\u017ena delovna plo\u0161\u010dad za izvajanje nalog na veliki vi\u0161ini v omejenih prostorih. S svojimi \u0161tirimi stabilizatorji dvi\u017ena ko\u0161ara-pajek zagotavlja izjemno stabilnost na vsakem gradbi\u0161\u010du. Zaradi nizke te\u017ee, s katero se odlikuje ta tip dvi\u017ene plo\u0161\u010dadi je dvi\u017ena ko\u0161ara-pajek idealna za delo v obmo\u010djih, ki se zlahka po\u0161kodujejo, &hellip; <a href=\"https:\/\/www.riwal.com\/sl\/o-riwalu\/kategorije-naprav\/jlg-pajek\/\">Se nadaljuje<\/a><\/p>\n","protected":false},"author":45,"featured_media":0,"parent":5700,"menu_order":0,"comment_status":"closed","ping_status":"closed","template":"","meta":{"_acf_changed":false,"footnotes":""},"class_list":["post-5758","page","type-page","status-publish","hentry"],"acf":[],"yoast_head":"<!-- This site is optimized with the Yoast SEO Premium plugin v27.1 (Yoast SEO v27.1.1) - https:\/\/yoast.com\/product\/yoast-seo-premium-wordpress\/ -->\n<title>JLG pajek - Riwal Slovenija<\/title>\n<meta name=\"robots\" content=\"index, follow, max-snippet:-1, max-image-preview:large, max-video-preview:-1\" \/>\n<link rel=\"canonical\" href=\"https:\/\/www.riwal.com\/sl\/o-riwalu\/kategorije-naprav\/jlg-pajek\/\" \/>\n<meta property=\"og:locale\" content=\"sl_SI\" \/>\n<meta property=\"og:type\" content=\"article\" \/>\n<meta property=\"og:title\" content=\"JLG pajek\" \/>\n<meta property=\"og:description\" content=\"JLG dvi\u017ena ko\u0161ara pajek Dvi\u017ena ko\u0161ara-pajek je idealna dvi\u017ena delovna plo\u0161\u010dad za izvajanje nalog na veliki vi\u0161ini v omejenih prostorih. S svojimi \u0161tirimi stabilizatorji dvi\u017ena ko\u0161ara-pajek zagotavlja izjemno stabilnost na vsakem gradbi\u0161\u010du. Zaradi nizke te\u017ee, s katero se odlikuje ta tip dvi\u017ene plo\u0161\u010dadi je dvi\u017ena ko\u0161ara-pajek idealna za delo v obmo\u010djih, ki se zlahka po\u0161kodujejo, &hellip; Se nadaljuje\" \/>\n<meta property=\"og:url\" content=\"https:\/\/www.riwal.com\/sl\/o-riwalu\/kategorije-naprav\/jlg-pajek\/\" \/>\n<meta property=\"og:site_name\" content=\"Riwal Slovenija\" \/>\n<meta property=\"og:image\" content=\"https:\/\/www.riwal.com\/app\/uploads\/sites\/10\/2024\/02\/teaser-jlg-spider.webp\" \/>\n<meta name=\"twitter:card\" content=\"summary_large_image\" \/>\n<meta name=\"twitter:label1\" content=\"Est. reading time\" \/>\n\t<meta name=\"twitter:data1\" content=\"4 minute\" \/>\n<script type=\"application\/ld+json\" class=\"yoast-schema-graph\">{\"@context\":\"https:\/\/schema.org\",\"@graph\":[{\"@type\":\"WebPage\",\"@id\":\"https:\/\/www.riwal.com\/sl\/o-riwalu\/kategorije-naprav\/jlg-pajek\/\",\"url\":\"https:\/\/www.riwal.com\/sl\/o-riwalu\/kategorije-naprav\/jlg-pajek\/\",\"name\":\"JLG pajek - Riwal Slovenija\",\"isPartOf\":{\"@id\":\"https:\/\/www.riwal.com\/sl\/#website\"},\"primaryImageOfPage\":{\"@id\":\"https:\/\/www.riwal.com\/sl\/o-riwalu\/kategorije-naprav\/jlg-pajek\/#primaryimage\"},\"image\":{\"@id\":\"https:\/\/www.riwal.com\/sl\/o-riwalu\/kategorije-naprav\/jlg-pajek\/#primaryimage\"},\"thumbnailUrl\":\"https:\/\/www.riwal.com\/app\/uploads\/sites\/10\/2024\/02\/teaser-jlg-spider.webp\",\"datePublished\":\"2024-02-06T08:47:47+00:00\",\"breadcrumb\":{\"@id\":\"https:\/\/www.riwal.com\/sl\/o-riwalu\/kategorije-naprav\/jlg-pajek\/#breadcrumb\"},\"inLanguage\":\"sl-SI\",\"potentialAction\":[{\"@type\":\"ReadAction\",\"target\":[\"https:\/\/www.riwal.com\/sl\/o-riwalu\/kategorije-naprav\/jlg-pajek\/\"]}]},{\"@type\":\"ImageObject\",\"inLanguage\":\"sl-SI\",\"@id\":\"https:\/\/www.riwal.com\/sl\/o-riwalu\/kategorije-naprav\/jlg-pajek\/#primaryimage\",\"url\":\"https:\/\/www.riwal.com\/app\/uploads\/sites\/10\/2024\/02\/teaser-jlg-spider.webp\",\"contentUrl\":\"https:\/\/www.riwal.com\/app\/uploads\/sites\/10\/2024\/02\/teaser-jlg-spider.webp\"},{\"@type\":\"BreadcrumbList\",\"@id\":\"https:\/\/www.riwal.com\/sl\/o-riwalu\/kategorije-naprav\/jlg-pajek\/#breadcrumb\",\"itemListElement\":[{\"@type\":\"ListItem\",\"position\":1,\"name\":\"Domov\",\"item\":\"https:\/\/www.riwal.com\/sl\/\"},{\"@type\":\"ListItem\",\"position\":2,\"name\":\"O riwalu\",\"item\":\"https:\/\/www.riwal.com\/sl\/o-riwalu\/\"},{\"@type\":\"ListItem\",\"position\":3,\"name\":\"Kategorije naprav\",\"item\":\"https:\/\/www.riwal.com\/sl\/o-riwalu\/kategorije-naprav\/\"},{\"@type\":\"ListItem\",\"position\":4,\"name\":\"JLG pajek\"}]},{\"@type\":\"WebSite\",\"@id\":\"https:\/\/www.riwal.com\/sl\/#website\",\"url\":\"https:\/\/www.riwal.com\/sl\/\",\"name\":\"Riwal\",\"description\":\"Arial work platform &amp; Telehandler Rental\/Sales\",\"publisher\":{\"@id\":\"https:\/\/www.riwal.com\/sl\/#organization\"},\"potentialAction\":[{\"@type\":\"SearchAction\",\"target\":{\"@type\":\"EntryPoint\",\"urlTemplate\":\"https:\/\/www.riwal.com\/sl\/?s={search_term_string}\"},\"query-input\":{\"@type\":\"PropertyValueSpecification\",\"valueRequired\":true,\"valueName\":\"search_term_string\"}}],\"inLanguage\":\"sl-SI\"},{\"@type\":\"Organization\",\"@id\":\"https:\/\/www.riwal.com\/sl\/#organization\",\"name\":\"Riwal\",\"url\":\"https:\/\/www.riwal.com\/sl\/\",\"logo\":{\"@type\":\"ImageObject\",\"inLanguage\":\"sl-SI\",\"@id\":\"https:\/\/www.riwal.com\/sl\/#\/schema\/logo\/image\/\",\"url\":\"\",\"contentUrl\":\"\",\"caption\":\"Riwal\"},\"image\":{\"@id\":\"https:\/\/www.riwal.com\/sl\/#\/schema\/logo\/image\/\"}}]}<\/script>\n<!-- \/ Yoast SEO Premium plugin. -->","yoast_head_json":{"title":"JLG pajek - Riwal Slovenija","robots":{"index":"index","follow":"follow","max-snippet":"max-snippet:-1","max-image-preview":"max-image-preview:large","max-video-preview":"max-video-preview:-1"},"canonical":"https:\/\/www.riwal.com\/sl\/o-riwalu\/kategorije-naprav\/jlg-pajek\/","og_locale":"sl_SI","og_type":"article","og_title":"JLG pajek","og_description":"JLG dvi\u017ena ko\u0161ara pajek Dvi\u017ena ko\u0161ara-pajek je idealna dvi\u017ena delovna plo\u0161\u010dad za izvajanje nalog na veliki vi\u0161ini v omejenih prostorih. S svojimi \u0161tirimi stabilizatorji dvi\u017ena ko\u0161ara-pajek zagotavlja izjemno stabilnost na vsakem gradbi\u0161\u010du. Zaradi nizke te\u017ee, s katero se odlikuje ta tip dvi\u017ene plo\u0161\u010dadi je dvi\u017ena ko\u0161ara-pajek idealna za delo v obmo\u010djih, ki se zlahka po\u0161kodujejo, &hellip; Se nadaljuje","og_url":"https:\/\/www.riwal.com\/sl\/o-riwalu\/kategorije-naprav\/jlg-pajek\/","og_site_name":"Riwal Slovenija","og_image":[{"url":"https:\/\/www.riwal.com\/app\/uploads\/sites\/10\/2024\/02\/teaser-jlg-spider.webp","type":"","width":"","height":""}],"twitter_card":"summary_large_image","twitter_misc":{"Est. reading time":"4 minute"},"schema":{"@context":"https:\/\/schema.org","@graph":[{"@type":"WebPage","@id":"https:\/\/www.riwal.com\/sl\/o-riwalu\/kategorije-naprav\/jlg-pajek\/","url":"https:\/\/www.riwal.com\/sl\/o-riwalu\/kategorije-naprav\/jlg-pajek\/","name":"JLG pajek - Riwal Slovenija","isPartOf":{"@id":"https:\/\/www.riwal.com\/sl\/#website"},"primaryImageOfPage":{"@id":"https:\/\/www.riwal.com\/sl\/o-riwalu\/kategorije-naprav\/jlg-pajek\/#primaryimage"},"image":{"@id":"https:\/\/www.riwal.com\/sl\/o-riwalu\/kategorije-naprav\/jlg-pajek\/#primaryimage"},"thumbnailUrl":"https:\/\/www.riwal.com\/app\/uploads\/sites\/10\/2024\/02\/teaser-jlg-spider.webp","datePublished":"2024-02-06T08:47:47+00:00","breadcrumb":{"@id":"https:\/\/www.riwal.com\/sl\/o-riwalu\/kategorije-naprav\/jlg-pajek\/#breadcrumb"},"inLanguage":"sl-SI","potentialAction":[{"@type":"ReadAction","target":["https:\/\/www.riwal.com\/sl\/o-riwalu\/kategorije-naprav\/jlg-pajek\/"]}]},{"@type":"ImageObject","inLanguage":"sl-SI","@id":"https:\/\/www.riwal.com\/sl\/o-riwalu\/kategorije-naprav\/jlg-pajek\/#primaryimage","url":"https:\/\/www.riwal.com\/app\/uploads\/sites\/10\/2024\/02\/teaser-jlg-spider.webp","contentUrl":"https:\/\/www.riwal.com\/app\/uploads\/sites\/10\/2024\/02\/teaser-jlg-spider.webp"},{"@type":"BreadcrumbList","@id":"https:\/\/www.riwal.com\/sl\/o-riwalu\/kategorije-naprav\/jlg-pajek\/#breadcrumb","itemListElement":[{"@type":"ListItem","position":1,"name":"Domov","item":"https:\/\/www.riwal.com\/sl\/"},{"@type":"ListItem","position":2,"name":"O riwalu","item":"https:\/\/www.riwal.com\/sl\/o-riwalu\/"},{"@type":"ListItem","position":3,"name":"Kategorije naprav","item":"https:\/\/www.riwal.com\/sl\/o-riwalu\/kategorije-naprav\/"},{"@type":"ListItem","position":4,"name":"JLG pajek"}]},{"@type":"WebSite","@id":"https:\/\/www.riwal.com\/sl\/#website","url":"https:\/\/www.riwal.com\/sl\/","name":"Riwal","description":"Arial work platform &amp; Telehandler Rental\/Sales","publisher":{"@id":"https:\/\/www.riwal.com\/sl\/#organization"},"potentialAction":[{"@type":"SearchAction","target":{"@type":"EntryPoint","urlTemplate":"https:\/\/www.riwal.com\/sl\/?s={search_term_string}"},"query-input":{"@type":"PropertyValueSpecification","valueRequired":true,"valueName":"search_term_string"}}],"inLanguage":"sl-SI"},{"@type":"Organization","@id":"https:\/\/www.riwal.com\/sl\/#organization","name":"Riwal","url":"https:\/\/www.riwal.com\/sl\/","logo":{"@type":"ImageObject","inLanguage":"sl-SI","@id":"https:\/\/www.riwal.com\/sl\/#\/schema\/logo\/image\/","url":"","contentUrl":"","caption":"Riwal"},"image":{"@id":"https:\/\/www.riwal.com\/sl\/#\/schema\/logo\/image\/"}}]}},"_links":{"self":[{"href":"https:\/\/www.riwal.com\/sl\/wp-json\/wp\/v2\/pages\/5758","targetHints":{"allow":["GET"]}}],"collection":[{"href":"https:\/\/www.riwal.com\/sl\/wp-json\/wp\/v2\/pages"}],"about":[{"href":"https:\/\/www.riwal.com\/sl\/wp-json\/wp\/v2\/types\/page"}],"author":[{"embeddable":true,"href":"https:\/\/www.riwal.com\/sl\/wp-json\/wp\/v2\/users\/45"}],"replies":[{"embeddable":true,"href":"https:\/\/www.riwal.com\/sl\/wp-json\/wp\/v2\/comments?post=5758"}],"version-history":[{"count":1,"href":"https:\/\/www.riwal.com\/sl\/wp-json\/wp\/v2\/pages\/5758\/revisions"}],"predecessor-version":[{"id":5759,"href":"https:\/\/www.riwal.com\/sl\/wp-json\/wp\/v2\/pages\/5758\/revisions\/5759"}],"up":[{"embeddable":true,"href":"https:\/\/www.riwal.com\/sl\/wp-json\/wp\/v2\/pages\/5700"}],"wp:attachment":[{"href":"https:\/\/www.riwal.com\/sl\/wp-json\/wp\/v2\/media?parent=5758"}],"curies":[{"name":"wp","href":"https:\/\/api.w.org\/{rel}","templated":true}]}}