{"id":5756,"date":"2024-02-06T08:46:38","date_gmt":"2024-02-06T08:46:38","guid":{"rendered":"https:\/\/www.riwal.com\/sl\/?page_id=5756"},"modified":"2024-02-06T08:46:39","modified_gmt":"2024-02-06T08:46:39","slug":"genie-vertikalni-dvig","status":"publish","type":"page","link":"https:\/\/www.riwal.com\/sl\/o-riwalu\/kategorije-naprav\/genie-vertikalni-dvig\/","title":{"rendered":"Genie vertikalni dvig"},"content":{"rendered":"<div class=\"container\">\n<h2 class=\"wp-block-heading\" id=\"h-kosara-z-vertikalnim-jambornim-dvigom-genie\">Ko\u0161ara z vertikalnim jambornim dvigom Genie<\/h2>\n<\/div>\n\n<div class=\"rental-wp-default-block rental-theme-block-default-margin\">\n\t\t\t\t\t\t\t\t<div class=\"container\">\n<div class=\"wp-block-columns is-layout-flex wp-container-core-columns-is-layout-28f84493 wp-block-columns-is-layout-flex\">\n<div class=\"wp-block-column is-layout-flow wp-block-column-is-layout-flow\" style=\"flex-basis:66.66%\">\n<p>\u010ce vsakodnevno izvajate delo na vi\u0161ini in morate pri va\u0161i vrsti dela posegati v majhne ali ozke prostore, potrebujete re\u0161itve vertikalne dvi\u017ene plo\u0161\u010dadi, ki vam nudijo popoln dostop do sicer te\u017eko dostopnih vogalov ali koridorjev. Z vertikalno dvi\u017eno plo\u0161\u010dadjo Genie boste spoznali, da vam nikoli ve\u010d ne bo treba skrbeti glede dostopnosti v prej tako te\u017eko dostopna obmo\u010dja. Ne samo da so te plo\u0161\u010dadi zasnovane tako, da nudijo priro\u010dnost na katerikoli vi\u0161ini, nudijo le-to tudi za nizko ceno. Poleg tega so zaradi svoje lahke konstrukcije enostavne za uporabo, manevriranje in transport. Pri Riwalu boste na\u0161li \u0161iroko paleto vertikalnih dvi\u017enih plo\u0161\u010dadi Genie, ki vam nudijo ekonomi\u010dno re\u0161itev za va\u0161e potrebe dostopa. Z na\u0161o pomo\u010djo boste na\u0161li va\u0161e dvigalo Genie za prodajo ali za najem.<\/p>\n\n\n\n<h2 class=\"wp-block-heading\"><strong>Pravi tip vertikalne dvi\u017ene plo\u0161\u010dadi Genie<\/strong><\/h2>\n\n\n\n<p>Vertikalne dvi\u017ene plo\u0161\u010dadi so re\u0161itev za tiste, ki morajo varno izvajati delo na razli\u010dnih vi\u0161inah. Pogosto se jih uporablja za razli\u010dna vzdr\u017eevalna dela ali popravila, kot so popravila na strop pritrjenih lu\u010di ali o\u017ei\u010denje na dvignjenih vi\u0161inah. Z vertikalno dvi\u017eno plo\u0161\u010dadjo Genie boste spoznali, da doseganje teh obi\u010dajno ne tako enostavno dostopnih mest ne predstavlja prakti\u010dno nobenega izziva ve\u010d. \u0160iroka paleta razli\u010dnih tipov vertikalnih dvi\u017enih plo\u0161\u010dadi Genie vam nudi mo\u017enost, da izberete to\u010dno pravi tip vertikalne dvi\u017ene plo\u0161\u010dadi. Ne glede na to, ali se odlo\u010dite za nakup ali za najem&nbsp; va\u0161e vertikalne dvi\u017ene plo\u0161\u010dadi Genie, vas bo na\u0161a ekipa strokovnjakov z vsemi potrebnimi informacijami z veseljem vodila do va\u0161e premi\u0161ljene odlo\u010ditve.<\/p>\n\n\n\n<h2 class=\"wp-block-heading\"><strong>Nakup vertikalne dvi\u017ene plo\u0161\u010dadi Genie<\/strong><\/h2>\n\n\n\n<p>\u010ce na\u010drtujete vsakodnevno uporabljati va\u0161o vertikalno dvi\u017eno plo\u0161\u010dad Genie, je nalo\u017eba v va\u0161e lastno dvigalo najbolj\u0161a odlo\u010ditev. Ugotovili boste, da se vam bo va\u0161a nalo\u017eba povrnila \u017ee v zelo kratkem \u010dasu. Zaradi priro\u010dnosti, ki jo nudi re\u0161itev z vertikalno dvi\u017eno plo\u0161\u010dadjo, bodo naloge opravljene veliko la\u017eje, produktivnost pa se bo pove\u010dala. Pri Riwalu se lahko odlo\u010dite za popolnoma novo vertikalno dvi\u017eno plo\u0161\u010dad Genie ali pa izberete eno od na\u0161ih rabljenih vrhunskih dvi\u017enih plo\u0161\u010dadi, ki nikakor ni izgubila na kvaliteti ali na varnosti. Na\u0161a prodajna ekipa vas bo z veseljem obve\u0161\u010dala o vseh razli\u010dnih tipih vertikalnih dvi\u017enih plo\u0161\u010dadi in o tem, kaj ponujajo. Razumemo, da je nakup strojne opreme velika nalo\u017eba in zavezali smo se&nbsp; k temu, da bomo zagotovili, da boste dobili pravo vertikalno dvi\u017eno plo\u0161\u010dad za va\u0161e podjetje ali za va\u0161 projekt.<br><\/p>\n\n\n\n<h2 class=\"wp-block-heading\"><strong>Najem dvigala Genie<\/strong><\/h2>\n\n\n\n<p>Ko vertikalno dvi\u017eno plo\u0161\u010dad potrebujete samo za dolo\u010deno \u010dasovno obdobje ali samo nekajkrat letno, bo morda veliko bolj\u0161a ideja, da va\u0161e dvigalo najamete. Kot va\u0161 partner za najem dvi\u017ene opreme Genie ima Riwal na voljo \u0161iroko paleto razli\u010dnih re\u0161itev za delo na vi\u0161ini, ki nam zagotavljajo, da imamo za vas pravo vertikalno dvi\u017eno plo\u0161\u010dad za najem. Ali je potisno vertikalno dvigalo dovolj ali pa va\u0161e podjetje potrebuje prevozno vertikalno dvi\u017eno plo\u0161\u010dad, katero se z lahkoto preva\u017ea iz enega mesta na drugo? Katero vi\u0161ino \u017eelite dose\u010di? Na\u0161a ekipa za najem se bo z veseljem z vami pogovorila o vseh teh to\u010dkah in vam svetovala, katera vertikalna dvi\u017ena plo\u0161\u010dad Genie je najbolj\u0161a za va\u0161e podjetje ali za va\u0161 projekt.<\/p>\n\n\n\n<h3 class=\"wp-block-heading\"><strong>Va\u0161a vertikalna dvi\u017ena plo\u0161\u010dad Genie vam je na dosegu z Riwalom<\/strong><\/h3>\n\n\n\n<p>Ko kupite ali najamete va\u0161o vertikalno dvi\u017eno plo\u0161\u010dad Genie pri Riwalu, boste dele\u017eni visoko kakovostne storitve, tudi \u010de \u017ee opravljate delo z va\u0161im strojem. V na\u0161em Riwal izobra\u017eevalnem centru vam lahko zagotovimo potrebno certificiranje za delo na vi\u0161ini, poleg tega pa smo vedno pripravljeni na to, da ponudimo pravo re\u0161itev, ko se pojavijo te\u017eave. Kontaktirajte nas za ve\u010d informacij o razli\u010dnih mo\u017enostih. Ne glede na to, ali kupite va\u0161o vertikalno dvi\u017eno plo\u0161\u010dad Genie pri Riwalu ali pa v nas najdete va\u0161ega partnerja za najem dvi\u017ene opreme Genie \u2013 mi smo tu za vas, na vsakem koraku poti.<\/p>\n<\/div>\n\n\n\n<div class=\"wp-block-column is-layout-flow wp-block-column-is-layout-flow\" style=\"flex-basis:33.33%\">\n<figure class=\"wp-block-image size-full\"><img loading=\"lazy\" decoding=\"async\" width=\"450\" height=\"230\" src=\"https:\/\/eqsk4m2dkju.exactdn.com\/app\/uploads\/sites\/10\/2024\/02\/teaser-genie-vertical-lift-riwal.webp?strip=all&quality=92&webp=92&avif=80&sharp=1\" alt=\"\" class=\"wp-image-5720\" srcset=\"https:\/\/eqsk4m2dkju.exactdn.com\/app\/uploads\/sites\/10\/2024\/02\/teaser-genie-vertical-lift-riwal.webp?strip=all&amp;quality=92&amp;webp=92&amp;avif=80&amp;sharp=1 450w, https:\/\/eqsk4m2dkju.exactdn.com\/app\/uploads\/sites\/10\/2024\/02\/teaser-genie-vertical-lift-riwal-300x153.webp?strip=all&amp;quality=92&amp;webp=92&amp;avif=80&amp;sharp=1 300w, https:\/\/eqsk4m2dkju.exactdn.com\/app\/uploads\/sites\/10\/2024\/02\/teaser-genie-vertical-lift-riwal-178x91.webp?strip=all&amp;quality=92&amp;webp=92&amp;avif=80&amp;sharp=1 178w, https:\/\/eqsk4m2dkju.exactdn.com\/app\/uploads\/sites\/10\/2024\/02\/teaser-genie-vertical-lift-riwal-390x199.webp?strip=all&amp;quality=92&amp;webp=92&amp;avif=80&amp;sharp=1 390w, https:\/\/eqsk4m2dkju.exactdn.com\/app\/uploads\/sites\/10\/2024\/02\/teaser-genie-vertical-lift-riwal-250x128.webp?strip=all&amp;quality=92&amp;webp=92&amp;avif=80&amp;sharp=1 250w, https:\/\/eqsk4m2dkju.exactdn.com\/app\/uploads\/sites\/10\/2024\/02\/teaser-genie-vertical-lift-riwal-237x121.webp?strip=all&amp;quality=92&amp;webp=92&amp;avif=80&amp;sharp=1 237w, https:\/\/eqsk4m2dkju.exactdn.com\/app\/uploads\/sites\/10\/2024\/02\/teaser-genie-vertical-lift-riwal.webp?strip=all&amp;quality=92&amp;webp=92&amp;avif=80&amp;sharp=1&amp;w=90 90w\" sizes=\"auto, (max-width: 450px) 100vw, 450px\" \/><\/figure>\n\n\n\n<figure class=\"wp-block-image size-full\"><img loading=\"lazy\" decoding=\"async\" width=\"500\" height=\"364\" src=\"https:\/\/eqsk4m2dkju.exactdn.com\/app\/uploads\/sites\/10\/2024\/02\/DSC_0093-2.webp?strip=all&quality=92&webp=92&avif=80&sharp=1\" alt=\"\" class=\"wp-image-5727\" srcset=\"https:\/\/eqsk4m2dkju.exactdn.com\/app\/uploads\/sites\/10\/2024\/02\/DSC_0093-2.webp?strip=all&amp;quality=92&amp;webp=92&amp;avif=80&amp;sharp=1 500w, https:\/\/eqsk4m2dkju.exactdn.com\/app\/uploads\/sites\/10\/2024\/02\/DSC_0093-2-300x218.webp?strip=all&amp;quality=92&amp;webp=92&amp;avif=80&amp;sharp=1 300w, https:\/\/eqsk4m2dkju.exactdn.com\/app\/uploads\/sites\/10\/2024\/02\/DSC_0093-2-178x130.webp?strip=all&amp;quality=92&amp;webp=92&amp;avif=80&amp;sharp=1 178w, https:\/\/eqsk4m2dkju.exactdn.com\/app\/uploads\/sites\/10\/2024\/02\/DSC_0093-2-390x284.webp?strip=all&amp;quality=92&amp;webp=92&amp;avif=80&amp;sharp=1 390w, https:\/\/eqsk4m2dkju.exactdn.com\/app\/uploads\/sites\/10\/2024\/02\/DSC_0093-2-250x182.webp?strip=all&amp;quality=92&amp;webp=92&amp;avif=80&amp;sharp=1 250w, https:\/\/eqsk4m2dkju.exactdn.com\/app\/uploads\/sites\/10\/2024\/02\/DSC_0093-2-237x173.webp?strip=all&amp;quality=92&amp;webp=92&amp;avif=80&amp;sharp=1 237w, https:\/\/eqsk4m2dkju.exactdn.com\/app\/uploads\/sites\/10\/2024\/02\/DSC_0093-2-474x345.webp?strip=all&amp;quality=92&amp;webp=92&amp;avif=80&amp;sharp=1 474w, https:\/\/eqsk4m2dkju.exactdn.com\/app\/uploads\/sites\/10\/2024\/02\/DSC_0093-2.webp?strip=all&amp;quality=92&amp;webp=92&amp;avif=80&amp;sharp=1&amp;w=100 100w\" sizes=\"auto, (max-width: 500px) 100vw, 500px\" \/><\/figure>\n\n\n\n<p><strong>Vas zanima?<\/strong><\/p>\n\n\n\n<p>info_si@riwal.com<\/p>\n\n\n\n<p>Pokli\u010dite nas: 01 544 34 34<\/p>\n\n\n\n<div class=\"wp-block-buttons is-layout-flex wp-block-buttons-is-layout-flex\">\n<div class=\"wp-block-button\"><a class=\"wp-block-button__link wp-element-button\" href=\"https:\/\/www.riwal.com\/sl\/najem\/\">Oprema za najem<\/a><\/div>\n<\/div>\n\n\n\n<div class=\"wp-block-buttons is-layout-flex wp-block-buttons-is-layout-flex\">\n<div class=\"wp-block-button\"><a class=\"wp-block-button__link wp-element-button\" href=\"https:\/\/www.riwal.com\/sl\/prodaja\/rabljene-dvizne-naprave\/\">Rabljene naprave za prodajo<\/a><\/div>\n<\/div>\n\n\n\n<div class=\"wp-block-columns is-layout-flex wp-container-core-columns-is-layout-28f84493 wp-block-columns-is-layout-flex\">\n<div class=\"wp-block-column is-layout-flow wp-block-column-is-layout-flow\"><\/div>\n\n\n\n<div class=\"wp-block-column is-layout-flow wp-block-column-is-layout-flow\"><\/div>\n<\/div>\n<\/div>\n<\/div>\n<\/div>\n\t\t\t\t\t\t\t<\/div> ","protected":false},"excerpt":{"rendered":"<p>Ko\u0161ara z vertikalnim jambornim dvigom Genie \u010ce vsakodnevno izvajate delo na vi\u0161ini in morate pri va\u0161i vrsti dela posegati v majhne ali ozke prostore, potrebujete re\u0161itve vertikalne dvi\u017ene plo\u0161\u010dadi, ki vam nudijo popoln dostop do sicer te\u017eko dostopnih vogalov ali koridorjev. Z vertikalno dvi\u017eno plo\u0161\u010dadjo Genie boste spoznali, da vam nikoli ve\u010d ne bo treba &hellip; <a href=\"https:\/\/www.riwal.com\/sl\/o-riwalu\/kategorije-naprav\/genie-vertikalni-dvig\/\">Se nadaljuje<\/a><\/p>\n","protected":false},"author":45,"featured_media":0,"parent":5700,"menu_order":0,"comment_status":"closed","ping_status":"closed","template":"","meta":{"_acf_changed":false,"footnotes":""},"class_list":["post-5756","page","type-page","status-publish","hentry"],"acf":[],"yoast_head":"<!-- This site is optimized with the Yoast SEO Premium plugin v27.1 (Yoast SEO v27.1.1) - https:\/\/yoast.com\/product\/yoast-seo-premium-wordpress\/ -->\n<title>Genie vertikalni dvig - Riwal Slovenija<\/title>\n<meta name=\"robots\" content=\"index, follow, max-snippet:-1, max-image-preview:large, max-video-preview:-1\" \/>\n<link rel=\"canonical\" href=\"https:\/\/www.riwal.com\/sl\/o-riwalu\/kategorije-naprav\/genie-vertikalni-dvig\/\" \/>\n<meta property=\"og:locale\" content=\"sl_SI\" \/>\n<meta property=\"og:type\" content=\"article\" \/>\n<meta property=\"og:title\" content=\"Genie vertikalni dvig\" \/>\n<meta property=\"og:description\" content=\"Ko\u0161ara z vertikalnim jambornim dvigom Genie \u010ce vsakodnevno izvajate delo na vi\u0161ini in morate pri va\u0161i vrsti dela posegati v majhne ali ozke prostore, potrebujete re\u0161itve vertikalne dvi\u017ene plo\u0161\u010dadi, ki vam nudijo popoln dostop do sicer te\u017eko dostopnih vogalov ali koridorjev. Z vertikalno dvi\u017eno plo\u0161\u010dadjo Genie boste spoznali, da vam nikoli ve\u010d ne bo treba &hellip; Se nadaljuje\" \/>\n<meta property=\"og:url\" content=\"https:\/\/www.riwal.com\/sl\/o-riwalu\/kategorije-naprav\/genie-vertikalni-dvig\/\" \/>\n<meta property=\"og:site_name\" content=\"Riwal Slovenija\" \/>\n<meta property=\"article:modified_time\" content=\"2024-02-06T08:46:39+00:00\" \/>\n<meta property=\"og:image\" content=\"https:\/\/www.riwal.com\/app\/uploads\/sites\/10\/2024\/02\/teaser-genie-vertical-lift-riwal.webp\" \/>\n<meta name=\"twitter:card\" content=\"summary_large_image\" \/>\n<meta name=\"twitter:label1\" content=\"Est. reading time\" \/>\n\t<meta name=\"twitter:data1\" content=\"4 minute\" \/>\n<script type=\"application\/ld+json\" class=\"yoast-schema-graph\">{\"@context\":\"https:\/\/schema.org\",\"@graph\":[{\"@type\":\"WebPage\",\"@id\":\"https:\/\/www.riwal.com\/sl\/o-riwalu\/kategorije-naprav\/genie-vertikalni-dvig\/\",\"url\":\"https:\/\/www.riwal.com\/sl\/o-riwalu\/kategorije-naprav\/genie-vertikalni-dvig\/\",\"name\":\"Genie vertikalni dvig - Riwal Slovenija\",\"isPartOf\":{\"@id\":\"https:\/\/www.riwal.com\/sl\/#website\"},\"primaryImageOfPage\":{\"@id\":\"https:\/\/www.riwal.com\/sl\/o-riwalu\/kategorije-naprav\/genie-vertikalni-dvig\/#primaryimage\"},\"image\":{\"@id\":\"https:\/\/www.riwal.com\/sl\/o-riwalu\/kategorije-naprav\/genie-vertikalni-dvig\/#primaryimage\"},\"thumbnailUrl\":\"https:\/\/www.riwal.com\/app\/uploads\/sites\/10\/2024\/02\/teaser-genie-vertical-lift-riwal.webp\",\"datePublished\":\"2024-02-06T08:46:38+00:00\",\"dateModified\":\"2024-02-06T08:46:39+00:00\",\"breadcrumb\":{\"@id\":\"https:\/\/www.riwal.com\/sl\/o-riwalu\/kategorije-naprav\/genie-vertikalni-dvig\/#breadcrumb\"},\"inLanguage\":\"sl-SI\",\"potentialAction\":[{\"@type\":\"ReadAction\",\"target\":[\"https:\/\/www.riwal.com\/sl\/o-riwalu\/kategorije-naprav\/genie-vertikalni-dvig\/\"]}]},{\"@type\":\"ImageObject\",\"inLanguage\":\"sl-SI\",\"@id\":\"https:\/\/www.riwal.com\/sl\/o-riwalu\/kategorije-naprav\/genie-vertikalni-dvig\/#primaryimage\",\"url\":\"https:\/\/www.riwal.com\/app\/uploads\/sites\/10\/2024\/02\/teaser-genie-vertical-lift-riwal.webp\",\"contentUrl\":\"https:\/\/www.riwal.com\/app\/uploads\/sites\/10\/2024\/02\/teaser-genie-vertical-lift-riwal.webp\"},{\"@type\":\"BreadcrumbList\",\"@id\":\"https:\/\/www.riwal.com\/sl\/o-riwalu\/kategorije-naprav\/genie-vertikalni-dvig\/#breadcrumb\",\"itemListElement\":[{\"@type\":\"ListItem\",\"position\":1,\"name\":\"Domov\",\"item\":\"https:\/\/www.riwal.com\/sl\/\"},{\"@type\":\"ListItem\",\"position\":2,\"name\":\"O riwalu\",\"item\":\"https:\/\/www.riwal.com\/sl\/o-riwalu\/\"},{\"@type\":\"ListItem\",\"position\":3,\"name\":\"Kategorije naprav\",\"item\":\"https:\/\/www.riwal.com\/sl\/o-riwalu\/kategorije-naprav\/\"},{\"@type\":\"ListItem\",\"position\":4,\"name\":\"Genie vertikalni dvig\"}]},{\"@type\":\"WebSite\",\"@id\":\"https:\/\/www.riwal.com\/sl\/#website\",\"url\":\"https:\/\/www.riwal.com\/sl\/\",\"name\":\"Riwal\",\"description\":\"Arial work platform &amp; Telehandler Rental\/Sales\",\"publisher\":{\"@id\":\"https:\/\/www.riwal.com\/sl\/#organization\"},\"potentialAction\":[{\"@type\":\"SearchAction\",\"target\":{\"@type\":\"EntryPoint\",\"urlTemplate\":\"https:\/\/www.riwal.com\/sl\/?s={search_term_string}\"},\"query-input\":{\"@type\":\"PropertyValueSpecification\",\"valueRequired\":true,\"valueName\":\"search_term_string\"}}],\"inLanguage\":\"sl-SI\"},{\"@type\":\"Organization\",\"@id\":\"https:\/\/www.riwal.com\/sl\/#organization\",\"name\":\"Riwal\",\"url\":\"https:\/\/www.riwal.com\/sl\/\",\"logo\":{\"@type\":\"ImageObject\",\"inLanguage\":\"sl-SI\",\"@id\":\"https:\/\/www.riwal.com\/sl\/#\/schema\/logo\/image\/\",\"url\":\"\",\"contentUrl\":\"\",\"caption\":\"Riwal\"},\"image\":{\"@id\":\"https:\/\/www.riwal.com\/sl\/#\/schema\/logo\/image\/\"}}]}<\/script>\n<!-- \/ Yoast SEO Premium plugin. -->","yoast_head_json":{"title":"Genie vertikalni dvig - Riwal Slovenija","robots":{"index":"index","follow":"follow","max-snippet":"max-snippet:-1","max-image-preview":"max-image-preview:large","max-video-preview":"max-video-preview:-1"},"canonical":"https:\/\/www.riwal.com\/sl\/o-riwalu\/kategorije-naprav\/genie-vertikalni-dvig\/","og_locale":"sl_SI","og_type":"article","og_title":"Genie vertikalni dvig","og_description":"Ko\u0161ara z vertikalnim jambornim dvigom Genie \u010ce vsakodnevno izvajate delo na vi\u0161ini in morate pri va\u0161i vrsti dela posegati v majhne ali ozke prostore, potrebujete re\u0161itve vertikalne dvi\u017ene plo\u0161\u010dadi, ki vam nudijo popoln dostop do sicer te\u017eko dostopnih vogalov ali koridorjev. Z vertikalno dvi\u017eno plo\u0161\u010dadjo Genie boste spoznali, da vam nikoli ve\u010d ne bo treba &hellip; Se nadaljuje","og_url":"https:\/\/www.riwal.com\/sl\/o-riwalu\/kategorije-naprav\/genie-vertikalni-dvig\/","og_site_name":"Riwal Slovenija","article_modified_time":"2024-02-06T08:46:39+00:00","og_image":[{"url":"https:\/\/www.riwal.com\/app\/uploads\/sites\/10\/2024\/02\/teaser-genie-vertical-lift-riwal.webp","type":"","width":"","height":""}],"twitter_card":"summary_large_image","twitter_misc":{"Est. reading time":"4 minute"},"schema":{"@context":"https:\/\/schema.org","@graph":[{"@type":"WebPage","@id":"https:\/\/www.riwal.com\/sl\/o-riwalu\/kategorije-naprav\/genie-vertikalni-dvig\/","url":"https:\/\/www.riwal.com\/sl\/o-riwalu\/kategorije-naprav\/genie-vertikalni-dvig\/","name":"Genie vertikalni dvig - Riwal Slovenija","isPartOf":{"@id":"https:\/\/www.riwal.com\/sl\/#website"},"primaryImageOfPage":{"@id":"https:\/\/www.riwal.com\/sl\/o-riwalu\/kategorije-naprav\/genie-vertikalni-dvig\/#primaryimage"},"image":{"@id":"https:\/\/www.riwal.com\/sl\/o-riwalu\/kategorije-naprav\/genie-vertikalni-dvig\/#primaryimage"},"thumbnailUrl":"https:\/\/www.riwal.com\/app\/uploads\/sites\/10\/2024\/02\/teaser-genie-vertical-lift-riwal.webp","datePublished":"2024-02-06T08:46:38+00:00","dateModified":"2024-02-06T08:46:39+00:00","breadcrumb":{"@id":"https:\/\/www.riwal.com\/sl\/o-riwalu\/kategorije-naprav\/genie-vertikalni-dvig\/#breadcrumb"},"inLanguage":"sl-SI","potentialAction":[{"@type":"ReadAction","target":["https:\/\/www.riwal.com\/sl\/o-riwalu\/kategorije-naprav\/genie-vertikalni-dvig\/"]}]},{"@type":"ImageObject","inLanguage":"sl-SI","@id":"https:\/\/www.riwal.com\/sl\/o-riwalu\/kategorije-naprav\/genie-vertikalni-dvig\/#primaryimage","url":"https:\/\/www.riwal.com\/app\/uploads\/sites\/10\/2024\/02\/teaser-genie-vertical-lift-riwal.webp","contentUrl":"https:\/\/www.riwal.com\/app\/uploads\/sites\/10\/2024\/02\/teaser-genie-vertical-lift-riwal.webp"},{"@type":"BreadcrumbList","@id":"https:\/\/www.riwal.com\/sl\/o-riwalu\/kategorije-naprav\/genie-vertikalni-dvig\/#breadcrumb","itemListElement":[{"@type":"ListItem","position":1,"name":"Domov","item":"https:\/\/www.riwal.com\/sl\/"},{"@type":"ListItem","position":2,"name":"O riwalu","item":"https:\/\/www.riwal.com\/sl\/o-riwalu\/"},{"@type":"ListItem","position":3,"name":"Kategorije naprav","item":"https:\/\/www.riwal.com\/sl\/o-riwalu\/kategorije-naprav\/"},{"@type":"ListItem","position":4,"name":"Genie vertikalni dvig"}]},{"@type":"WebSite","@id":"https:\/\/www.riwal.com\/sl\/#website","url":"https:\/\/www.riwal.com\/sl\/","name":"Riwal","description":"Arial work platform &amp; Telehandler Rental\/Sales","publisher":{"@id":"https:\/\/www.riwal.com\/sl\/#organization"},"potentialAction":[{"@type":"SearchAction","target":{"@type":"EntryPoint","urlTemplate":"https:\/\/www.riwal.com\/sl\/?s={search_term_string}"},"query-input":{"@type":"PropertyValueSpecification","valueRequired":true,"valueName":"search_term_string"}}],"inLanguage":"sl-SI"},{"@type":"Organization","@id":"https:\/\/www.riwal.com\/sl\/#organization","name":"Riwal","url":"https:\/\/www.riwal.com\/sl\/","logo":{"@type":"ImageObject","inLanguage":"sl-SI","@id":"https:\/\/www.riwal.com\/sl\/#\/schema\/logo\/image\/","url":"","contentUrl":"","caption":"Riwal"},"image":{"@id":"https:\/\/www.riwal.com\/sl\/#\/schema\/logo\/image\/"}}]}},"_links":{"self":[{"href":"https:\/\/www.riwal.com\/sl\/wp-json\/wp\/v2\/pages\/5756","targetHints":{"allow":["GET"]}}],"collection":[{"href":"https:\/\/www.riwal.com\/sl\/wp-json\/wp\/v2\/pages"}],"about":[{"href":"https:\/\/www.riwal.com\/sl\/wp-json\/wp\/v2\/types\/page"}],"author":[{"embeddable":true,"href":"https:\/\/www.riwal.com\/sl\/wp-json\/wp\/v2\/users\/45"}],"replies":[{"embeddable":true,"href":"https:\/\/www.riwal.com\/sl\/wp-json\/wp\/v2\/comments?post=5756"}],"version-history":[{"count":1,"href":"https:\/\/www.riwal.com\/sl\/wp-json\/wp\/v2\/pages\/5756\/revisions"}],"predecessor-version":[{"id":5757,"href":"https:\/\/www.riwal.com\/sl\/wp-json\/wp\/v2\/pages\/5756\/revisions\/5757"}],"up":[{"embeddable":true,"href":"https:\/\/www.riwal.com\/sl\/wp-json\/wp\/v2\/pages\/5700"}],"wp:attachment":[{"href":"https:\/\/www.riwal.com\/sl\/wp-json\/wp\/v2\/media?parent=5756"}],"curies":[{"name":"wp","href":"https:\/\/api.w.org\/{rel}","templated":true}]}}