{"id":5754,"date":"2024-02-06T08:45:06","date_gmt":"2024-02-06T08:45:06","guid":{"rendered":"https:\/\/www.riwal.com\/sl\/?page_id=5754"},"modified":"2024-02-06T08:45:07","modified_gmt":"2024-02-06T08:45:07","slug":"holland-lift","status":"publish","type":"page","link":"https:\/\/www.riwal.com\/sl\/o-riwalu\/kategorije-naprav\/holland-lift\/","title":{"rendered":"Holland lift"},"content":{"rendered":"<div class=\"container\">\n<h2 class=\"wp-block-heading\" id=\"h-dvizne-ploscadi-in-kosare-holland-lift\">Dvi\u017ene plo\u0161\u010dadi in ko\u0161are Holland LIFT<\/h2>\n<\/div>\n\n<div class=\"rental-wp-default-block rental-theme-block-default-margin\">\n\t\t\t\t\t\t\t\t<div class=\"container\">\n<div class=\"wp-block-columns is-layout-flex wp-container-core-columns-is-layout-28f84493 wp-block-columns-is-layout-flex\">\n<div class=\"wp-block-column is-layout-flow wp-block-column-is-layout-flow\" style=\"flex-basis:66.66%\">\n<p>Leta 1984 je Holland Lift za\u010del z razvojem in izdelavo \u0161karjastih dvi\u017enih plo\u0161\u010dadi. Osredoto\u010denost na stabilnost, robustnost in predvsem varnost se vse od samega za\u010detka ni spremenila. Obse\u017ena paleta dvi\u017enih plo\u0161\u010dadi Holland Lift se odlikuje po tem, da je zvesta temeljnim vrednotam izpred tridesetih let. Danes dvigala Holland Lift dokazujejo svojo mo\u010d v vseh vrstah situacij, ki se pojavijo pri delu na vi\u0161ini. In, kot vedno, dvi\u017ene naprave Holland Lift se odlikujejo po robustni konstrukciji in najve\u010djem razponu vi\u0161in na svetu. Varnost pri delu na poljubni vi\u0161ini je zato z dvi\u017enimi plo\u0161\u010dadmi Holland Lift zagotovljena.&nbsp;<\/p>\n\n\n\n<h2 class=\"wp-block-heading\"><strong>Dvi\u017ene plo\u0161\u010dadi Holland Lift<\/strong><\/h2>\n\n\n\n<p>Ne glede na bran\u017eo ali aplikacijo, v kateri uporabljate va\u0161e stroje Holland Lift, se vedno lahko zanesete na njihovo visoko kakovost, odli\u010dno raven varnosti ter na storitev osredoto\u010deno vklju\u010devanje. Holland Lift ima vse, da opravi vsako zahtevno delo u\u010dinkovito in varno. Holland Lift je tako stabilen, da je dolgotrajno delo na vi\u0161ini izjemno udobna izku\u0161nja. Tudi \u0161tevilne opcije prispevajo k temu, da je delo bolj prijetno ter pove\u010dujejo zanesljivost.<\/p>\n\n\n\n<h2 class=\"wp-block-heading\">5 razlogov, zakaj izbrati Holland Lift<\/h2>\n\n\n\n<p>1. Prilagojeno va\u0161emu na\u010dinu dela. Dvi\u017ene plo\u0161\u010dadi Holland Lift so popolnoma prilagojena va\u0161im aplikacijam.<br>2. Udobje pri delu. Dvi\u017ene plo\u0161\u010dadi&nbsp;Holland Lift so tako stabilna, da je dolgotrajno delo na vi\u0161ini izjemno udobna izku\u0161nja.<br>3. Dolga \u017eivljenjska doba. Holland Lift deluje z le\u017eaji iz brona v kombinaciji z dvojnimi trdimi kromiranimi gredmi. Vse za zelo nizko obrabo in dolgo \u017eivljenjsko dobo.<br>4. Delovna vi\u0161ina brez primere. Dvi\u017ene plo\u0161\u010dadi&nbsp;Holland Lift nudijo edinstvene delovne vi\u0161ine. Model Holland Lift Hl-340 D30 4WDS\/N omogo\u010da celo delo na vi\u0161ini 34 metrov.<br>5. Trpe\u017ena povr\u0161inska obdelava. Dvi\u017ene plo\u0161\u010dadi&nbsp;Holland Lift so trpe\u017ena. Za na\u0161e dvi\u017ene naprave uporabljamo visoko kakovostno jeklo , hidravli\u010dne cevi pa so na vseh kriti\u010dnih to\u010dkah oja\u010dane.<br><\/p>\n\n\n\n<h2 class=\"wp-block-heading\"><strong>Poi\u0161\u010dite va\u0161 novi ali rabljeni Holland Lift pri Riwalu<\/strong><\/h2>\n\n\n\n<p>\u010ce nameravate vsakodnevno uporabljati va\u0161o opremo Holland Lift, je investiranje v nov ali rabljen stroj najbolj\u0161a re\u0161itev. Pri Riwalu boste na\u0161li \u0161iroko paleto razli\u010dnih dvi\u017enih plo\u0161\u010dadi Holland Lift, kar vam daje mo\u017enost, da&nbsp; izberete dvi\u017eno plo\u0161\u010dad, ki ustreza vsem va\u0161im zahtevam. Ne glede na to, ali se odlo\u010dite za nakup nove ali rabljene dvi\u017ene plo\u0161\u010dadi, vam bo Riwal pomagal, da se boste na osnovi informacij premi\u0161ljeno odlo\u010dili. To velja tudi v primeru, ko se odlo\u010dite za najem va\u0161e dvi\u017ene plo\u0161\u010dadi Holland Lift. Na\u0161a strokovna ekipa bo prepoznala, kaj potrebujete in vam bo z najve\u010djim veseljem svetovala glede na va\u0161e potrebe.<\/p>\n\n\n\n<h3 class=\"wp-block-heading\">Nakup ali najem dvi\u017ene plo\u0161\u010dadi Holland Lift pri Riwalu<\/h3>\n\n\n\n<p>Pri&nbsp; Riwalu lahko izbirate med \u0161iroko paleto dvi\u017enih plo\u0161\u010dadi Holland Lift. Z veseljem vam bomo pomagali z informacijami za premi\u0161ljeno odlo\u010ditev. Veseli nas, da vam lahko ponudimo pravo re\u0161itev. Za podrobnej\u0161e informacije glede mo\u017enosti za va\u0161e podjetje nas lahko kontaktirate po telefonu ali elektronski po\u0161ti. Ne glede na to, ali razmi\u0161ljate o nakupu ali najemu enega izmed na\u0161ih dvi\u017enih plo\u0161\u010dadi Holland Lift, lahko ra\u010dunate na na\u0161 nasvet, ki bo najbolj ustrezal va\u0161im pri\u010dakovanjem.<\/p>\n<\/div>\n\n\n\n<div class=\"wp-block-column is-layout-flow wp-block-column-is-layout-flow\" style=\"flex-basis:33.33%\">\n<figure class=\"wp-block-image size-full\"><img loading=\"lazy\" decoding=\"async\" width=\"450\" height=\"330\" src=\"https:\/\/eqsk4m2dkju.exactdn.com\/app\/uploads\/sites\/10\/2024\/02\/holland-lift.webp?strip=all&quality=92&webp=92&avif=80&sharp=1\" alt=\"\" class=\"wp-image-5718\" srcset=\"https:\/\/eqsk4m2dkju.exactdn.com\/app\/uploads\/sites\/10\/2024\/02\/holland-lift.webp?strip=all&amp;quality=92&amp;webp=92&amp;avif=80&amp;sharp=1 450w, https:\/\/eqsk4m2dkju.exactdn.com\/app\/uploads\/sites\/10\/2024\/02\/holland-lift-300x220.webp?strip=all&amp;quality=92&amp;webp=92&amp;avif=80&amp;sharp=1 300w, https:\/\/eqsk4m2dkju.exactdn.com\/app\/uploads\/sites\/10\/2024\/02\/holland-lift-178x131.webp?strip=all&amp;quality=92&amp;webp=92&amp;avif=80&amp;sharp=1 178w, https:\/\/eqsk4m2dkju.exactdn.com\/app\/uploads\/sites\/10\/2024\/02\/holland-lift-390x286.webp?strip=all&amp;quality=92&amp;webp=92&amp;avif=80&amp;sharp=1 390w, https:\/\/eqsk4m2dkju.exactdn.com\/app\/uploads\/sites\/10\/2024\/02\/holland-lift-250x183.webp?strip=all&amp;quality=92&amp;webp=92&amp;avif=80&amp;sharp=1 250w, https:\/\/eqsk4m2dkju.exactdn.com\/app\/uploads\/sites\/10\/2024\/02\/holland-lift-237x174.webp?strip=all&amp;quality=92&amp;webp=92&amp;avif=80&amp;sharp=1 237w, https:\/\/eqsk4m2dkju.exactdn.com\/app\/uploads\/sites\/10\/2024\/02\/holland-lift.webp?strip=all&amp;quality=92&amp;webp=92&amp;avif=80&amp;sharp=1&amp;w=90 90w\" sizes=\"auto, (max-width: 450px) 100vw, 450px\" \/><\/figure>\n\n\n\n<figure class=\"wp-block-image size-full\"><img loading=\"lazy\" decoding=\"async\" width=\"500\" height=\"364\" src=\"https:\/\/eqsk4m2dkju.exactdn.com\/app\/uploads\/sites\/10\/2024\/02\/DSC_0093-2.webp?strip=all&quality=92&webp=92&avif=80&sharp=1\" alt=\"\" class=\"wp-image-5727\" srcset=\"https:\/\/eqsk4m2dkju.exactdn.com\/app\/uploads\/sites\/10\/2024\/02\/DSC_0093-2.webp?strip=all&amp;quality=92&amp;webp=92&amp;avif=80&amp;sharp=1 500w, https:\/\/eqsk4m2dkju.exactdn.com\/app\/uploads\/sites\/10\/2024\/02\/DSC_0093-2-300x218.webp?strip=all&amp;quality=92&amp;webp=92&amp;avif=80&amp;sharp=1 300w, https:\/\/eqsk4m2dkju.exactdn.com\/app\/uploads\/sites\/10\/2024\/02\/DSC_0093-2-178x130.webp?strip=all&amp;quality=92&amp;webp=92&amp;avif=80&amp;sharp=1 178w, https:\/\/eqsk4m2dkju.exactdn.com\/app\/uploads\/sites\/10\/2024\/02\/DSC_0093-2-390x284.webp?strip=all&amp;quality=92&amp;webp=92&amp;avif=80&amp;sharp=1 390w, https:\/\/eqsk4m2dkju.exactdn.com\/app\/uploads\/sites\/10\/2024\/02\/DSC_0093-2-250x182.webp?strip=all&amp;quality=92&amp;webp=92&amp;avif=80&amp;sharp=1 250w, https:\/\/eqsk4m2dkju.exactdn.com\/app\/uploads\/sites\/10\/2024\/02\/DSC_0093-2-237x173.webp?strip=all&amp;quality=92&amp;webp=92&amp;avif=80&amp;sharp=1 237w, https:\/\/eqsk4m2dkju.exactdn.com\/app\/uploads\/sites\/10\/2024\/02\/DSC_0093-2-474x345.webp?strip=all&amp;quality=92&amp;webp=92&amp;avif=80&amp;sharp=1 474w, https:\/\/eqsk4m2dkju.exactdn.com\/app\/uploads\/sites\/10\/2024\/02\/DSC_0093-2.webp?strip=all&amp;quality=92&amp;webp=92&amp;avif=80&amp;sharp=1&amp;w=100 100w\" sizes=\"auto, (max-width: 500px) 100vw, 500px\" \/><\/figure>\n\n\n\n<p><strong>Vas zanima?<\/strong><\/p>\n\n\n\n<p>info_si@riwal.com<\/p>\n\n\n\n<p>Pokli\u010dite nas: 01 544 34 34<\/p>\n\n\n\n<div class=\"wp-block-buttons is-layout-flex wp-block-buttons-is-layout-flex\">\n<div class=\"wp-block-button\"><a class=\"wp-block-button__link wp-element-button\" href=\"https:\/\/www.riwal.com\/sl\/najem\/\">Oprema za najem<\/a><\/div>\n<\/div>\n\n\n\n<div class=\"wp-block-buttons is-layout-flex wp-block-buttons-is-layout-flex\">\n<div class=\"wp-block-button\"><a class=\"wp-block-button__link wp-element-button\" href=\"https:\/\/www.riwal.com\/sl\/prodaja\/rabljene-dvizne-naprave\/\">Rabljene naprave za prodajo<\/a><\/div>\n<\/div>\n\n\n\n<div class=\"wp-block-columns is-layout-flex wp-container-core-columns-is-layout-28f84493 wp-block-columns-is-layout-flex\">\n<div class=\"wp-block-column is-layout-flow wp-block-column-is-layout-flow\"><\/div>\n\n\n\n<div class=\"wp-block-column is-layout-flow wp-block-column-is-layout-flow\"><\/div>\n<\/div>\n<\/div>\n<\/div>\n<\/div>\n\t\t\t\t\t\t\t<\/div> ","protected":false},"excerpt":{"rendered":"<p>Dvi\u017ene plo\u0161\u010dadi in ko\u0161are Holland LIFT Leta 1984 je Holland Lift za\u010del z razvojem in izdelavo \u0161karjastih dvi\u017enih plo\u0161\u010dadi. Osredoto\u010denost na stabilnost, robustnost in predvsem varnost se vse od samega za\u010detka ni spremenila. Obse\u017ena paleta dvi\u017enih plo\u0161\u010dadi Holland Lift se odlikuje po tem, da je zvesta temeljnim vrednotam izpred tridesetih let. Danes dvigala Holland Lift &hellip; <a href=\"https:\/\/www.riwal.com\/sl\/o-riwalu\/kategorije-naprav\/holland-lift\/\">Se nadaljuje<\/a><\/p>\n","protected":false},"author":45,"featured_media":0,"parent":5700,"menu_order":0,"comment_status":"closed","ping_status":"closed","template":"","meta":{"_acf_changed":false,"footnotes":""},"class_list":["post-5754","page","type-page","status-publish","hentry"],"acf":[],"yoast_head":"<!-- This site is optimized with the Yoast SEO Premium plugin v27.1 (Yoast SEO v27.1.1) - https:\/\/yoast.com\/product\/yoast-seo-premium-wordpress\/ -->\n<title>Holland lift - Riwal Slovenija<\/title>\n<meta name=\"robots\" content=\"index, follow, max-snippet:-1, max-image-preview:large, max-video-preview:-1\" \/>\n<link rel=\"canonical\" href=\"https:\/\/www.riwal.com\/sl\/o-riwalu\/kategorije-naprav\/holland-lift\/\" \/>\n<meta property=\"og:locale\" content=\"sl_SI\" \/>\n<meta property=\"og:type\" content=\"article\" \/>\n<meta property=\"og:title\" content=\"Holland lift\" \/>\n<meta property=\"og:description\" content=\"Dvi\u017ene plo\u0161\u010dadi in ko\u0161are Holland LIFT Leta 1984 je Holland Lift za\u010del z razvojem in izdelavo \u0161karjastih dvi\u017enih plo\u0161\u010dadi. Osredoto\u010denost na stabilnost, robustnost in predvsem varnost se vse od samega za\u010detka ni spremenila. Obse\u017ena paleta dvi\u017enih plo\u0161\u010dadi Holland Lift se odlikuje po tem, da je zvesta temeljnim vrednotam izpred tridesetih let. Danes dvigala Holland Lift &hellip; Se nadaljuje\" \/>\n<meta property=\"og:url\" content=\"https:\/\/www.riwal.com\/sl\/o-riwalu\/kategorije-naprav\/holland-lift\/\" \/>\n<meta property=\"og:site_name\" content=\"Riwal Slovenija\" \/>\n<meta property=\"article:modified_time\" content=\"2024-02-06T08:45:07+00:00\" \/>\n<meta property=\"og:image\" content=\"https:\/\/www.riwal.com\/app\/uploads\/sites\/10\/2024\/02\/holland-lift.webp\" \/>\n<meta name=\"twitter:card\" content=\"summary_large_image\" \/>\n<meta name=\"twitter:label1\" content=\"Est. reading time\" \/>\n\t<meta name=\"twitter:data1\" content=\"4 minute\" \/>\n<script type=\"application\/ld+json\" class=\"yoast-schema-graph\">{\"@context\":\"https:\/\/schema.org\",\"@graph\":[{\"@type\":\"WebPage\",\"@id\":\"https:\/\/www.riwal.com\/sl\/o-riwalu\/kategorije-naprav\/holland-lift\/\",\"url\":\"https:\/\/www.riwal.com\/sl\/o-riwalu\/kategorije-naprav\/holland-lift\/\",\"name\":\"Holland lift - Riwal Slovenija\",\"isPartOf\":{\"@id\":\"https:\/\/www.riwal.com\/sl\/#website\"},\"primaryImageOfPage\":{\"@id\":\"https:\/\/www.riwal.com\/sl\/o-riwalu\/kategorije-naprav\/holland-lift\/#primaryimage\"},\"image\":{\"@id\":\"https:\/\/www.riwal.com\/sl\/o-riwalu\/kategorije-naprav\/holland-lift\/#primaryimage\"},\"thumbnailUrl\":\"https:\/\/www.riwal.com\/app\/uploads\/sites\/10\/2024\/02\/holland-lift.webp\",\"datePublished\":\"2024-02-06T08:45:06+00:00\",\"dateModified\":\"2024-02-06T08:45:07+00:00\",\"breadcrumb\":{\"@id\":\"https:\/\/www.riwal.com\/sl\/o-riwalu\/kategorije-naprav\/holland-lift\/#breadcrumb\"},\"inLanguage\":\"sl-SI\",\"potentialAction\":[{\"@type\":\"ReadAction\",\"target\":[\"https:\/\/www.riwal.com\/sl\/o-riwalu\/kategorije-naprav\/holland-lift\/\"]}]},{\"@type\":\"ImageObject\",\"inLanguage\":\"sl-SI\",\"@id\":\"https:\/\/www.riwal.com\/sl\/o-riwalu\/kategorije-naprav\/holland-lift\/#primaryimage\",\"url\":\"https:\/\/www.riwal.com\/app\/uploads\/sites\/10\/2024\/02\/holland-lift.webp\",\"contentUrl\":\"https:\/\/www.riwal.com\/app\/uploads\/sites\/10\/2024\/02\/holland-lift.webp\"},{\"@type\":\"BreadcrumbList\",\"@id\":\"https:\/\/www.riwal.com\/sl\/o-riwalu\/kategorije-naprav\/holland-lift\/#breadcrumb\",\"itemListElement\":[{\"@type\":\"ListItem\",\"position\":1,\"name\":\"Domov\",\"item\":\"https:\/\/www.riwal.com\/sl\/\"},{\"@type\":\"ListItem\",\"position\":2,\"name\":\"O riwalu\",\"item\":\"https:\/\/www.riwal.com\/sl\/o-riwalu\/\"},{\"@type\":\"ListItem\",\"position\":3,\"name\":\"Kategorije naprav\",\"item\":\"https:\/\/www.riwal.com\/sl\/o-riwalu\/kategorije-naprav\/\"},{\"@type\":\"ListItem\",\"position\":4,\"name\":\"Holland lift\"}]},{\"@type\":\"WebSite\",\"@id\":\"https:\/\/www.riwal.com\/sl\/#website\",\"url\":\"https:\/\/www.riwal.com\/sl\/\",\"name\":\"Riwal\",\"description\":\"Arial work platform &amp; Telehandler Rental\/Sales\",\"publisher\":{\"@id\":\"https:\/\/www.riwal.com\/sl\/#organization\"},\"potentialAction\":[{\"@type\":\"SearchAction\",\"target\":{\"@type\":\"EntryPoint\",\"urlTemplate\":\"https:\/\/www.riwal.com\/sl\/?s={search_term_string}\"},\"query-input\":{\"@type\":\"PropertyValueSpecification\",\"valueRequired\":true,\"valueName\":\"search_term_string\"}}],\"inLanguage\":\"sl-SI\"},{\"@type\":\"Organization\",\"@id\":\"https:\/\/www.riwal.com\/sl\/#organization\",\"name\":\"Riwal\",\"url\":\"https:\/\/www.riwal.com\/sl\/\",\"logo\":{\"@type\":\"ImageObject\",\"inLanguage\":\"sl-SI\",\"@id\":\"https:\/\/www.riwal.com\/sl\/#\/schema\/logo\/image\/\",\"url\":\"\",\"contentUrl\":\"\",\"caption\":\"Riwal\"},\"image\":{\"@id\":\"https:\/\/www.riwal.com\/sl\/#\/schema\/logo\/image\/\"}}]}<\/script>\n<!-- \/ Yoast SEO Premium plugin. -->","yoast_head_json":{"title":"Holland lift - Riwal Slovenija","robots":{"index":"index","follow":"follow","max-snippet":"max-snippet:-1","max-image-preview":"max-image-preview:large","max-video-preview":"max-video-preview:-1"},"canonical":"https:\/\/www.riwal.com\/sl\/o-riwalu\/kategorije-naprav\/holland-lift\/","og_locale":"sl_SI","og_type":"article","og_title":"Holland lift","og_description":"Dvi\u017ene plo\u0161\u010dadi in ko\u0161are Holland LIFT Leta 1984 je Holland Lift za\u010del z razvojem in izdelavo \u0161karjastih dvi\u017enih plo\u0161\u010dadi. Osredoto\u010denost na stabilnost, robustnost in predvsem varnost se vse od samega za\u010detka ni spremenila. Obse\u017ena paleta dvi\u017enih plo\u0161\u010dadi Holland Lift se odlikuje po tem, da je zvesta temeljnim vrednotam izpred tridesetih let. Danes dvigala Holland Lift &hellip; Se nadaljuje","og_url":"https:\/\/www.riwal.com\/sl\/o-riwalu\/kategorije-naprav\/holland-lift\/","og_site_name":"Riwal Slovenija","article_modified_time":"2024-02-06T08:45:07+00:00","og_image":[{"url":"https:\/\/www.riwal.com\/app\/uploads\/sites\/10\/2024\/02\/holland-lift.webp","type":"","width":"","height":""}],"twitter_card":"summary_large_image","twitter_misc":{"Est. reading time":"4 minute"},"schema":{"@context":"https:\/\/schema.org","@graph":[{"@type":"WebPage","@id":"https:\/\/www.riwal.com\/sl\/o-riwalu\/kategorije-naprav\/holland-lift\/","url":"https:\/\/www.riwal.com\/sl\/o-riwalu\/kategorije-naprav\/holland-lift\/","name":"Holland lift - Riwal Slovenija","isPartOf":{"@id":"https:\/\/www.riwal.com\/sl\/#website"},"primaryImageOfPage":{"@id":"https:\/\/www.riwal.com\/sl\/o-riwalu\/kategorije-naprav\/holland-lift\/#primaryimage"},"image":{"@id":"https:\/\/www.riwal.com\/sl\/o-riwalu\/kategorije-naprav\/holland-lift\/#primaryimage"},"thumbnailUrl":"https:\/\/www.riwal.com\/app\/uploads\/sites\/10\/2024\/02\/holland-lift.webp","datePublished":"2024-02-06T08:45:06+00:00","dateModified":"2024-02-06T08:45:07+00:00","breadcrumb":{"@id":"https:\/\/www.riwal.com\/sl\/o-riwalu\/kategorije-naprav\/holland-lift\/#breadcrumb"},"inLanguage":"sl-SI","potentialAction":[{"@type":"ReadAction","target":["https:\/\/www.riwal.com\/sl\/o-riwalu\/kategorije-naprav\/holland-lift\/"]}]},{"@type":"ImageObject","inLanguage":"sl-SI","@id":"https:\/\/www.riwal.com\/sl\/o-riwalu\/kategorije-naprav\/holland-lift\/#primaryimage","url":"https:\/\/www.riwal.com\/app\/uploads\/sites\/10\/2024\/02\/holland-lift.webp","contentUrl":"https:\/\/www.riwal.com\/app\/uploads\/sites\/10\/2024\/02\/holland-lift.webp"},{"@type":"BreadcrumbList","@id":"https:\/\/www.riwal.com\/sl\/o-riwalu\/kategorije-naprav\/holland-lift\/#breadcrumb","itemListElement":[{"@type":"ListItem","position":1,"name":"Domov","item":"https:\/\/www.riwal.com\/sl\/"},{"@type":"ListItem","position":2,"name":"O riwalu","item":"https:\/\/www.riwal.com\/sl\/o-riwalu\/"},{"@type":"ListItem","position":3,"name":"Kategorije naprav","item":"https:\/\/www.riwal.com\/sl\/o-riwalu\/kategorije-naprav\/"},{"@type":"ListItem","position":4,"name":"Holland lift"}]},{"@type":"WebSite","@id":"https:\/\/www.riwal.com\/sl\/#website","url":"https:\/\/www.riwal.com\/sl\/","name":"Riwal","description":"Arial work platform &amp; Telehandler Rental\/Sales","publisher":{"@id":"https:\/\/www.riwal.com\/sl\/#organization"},"potentialAction":[{"@type":"SearchAction","target":{"@type":"EntryPoint","urlTemplate":"https:\/\/www.riwal.com\/sl\/?s={search_term_string}"},"query-input":{"@type":"PropertyValueSpecification","valueRequired":true,"valueName":"search_term_string"}}],"inLanguage":"sl-SI"},{"@type":"Organization","@id":"https:\/\/www.riwal.com\/sl\/#organization","name":"Riwal","url":"https:\/\/www.riwal.com\/sl\/","logo":{"@type":"ImageObject","inLanguage":"sl-SI","@id":"https:\/\/www.riwal.com\/sl\/#\/schema\/logo\/image\/","url":"","contentUrl":"","caption":"Riwal"},"image":{"@id":"https:\/\/www.riwal.com\/sl\/#\/schema\/logo\/image\/"}}]}},"_links":{"self":[{"href":"https:\/\/www.riwal.com\/sl\/wp-json\/wp\/v2\/pages\/5754","targetHints":{"allow":["GET"]}}],"collection":[{"href":"https:\/\/www.riwal.com\/sl\/wp-json\/wp\/v2\/pages"}],"about":[{"href":"https:\/\/www.riwal.com\/sl\/wp-json\/wp\/v2\/types\/page"}],"author":[{"embeddable":true,"href":"https:\/\/www.riwal.com\/sl\/wp-json\/wp\/v2\/users\/45"}],"replies":[{"embeddable":true,"href":"https:\/\/www.riwal.com\/sl\/wp-json\/wp\/v2\/comments?post=5754"}],"version-history":[{"count":1,"href":"https:\/\/www.riwal.com\/sl\/wp-json\/wp\/v2\/pages\/5754\/revisions"}],"predecessor-version":[{"id":5755,"href":"https:\/\/www.riwal.com\/sl\/wp-json\/wp\/v2\/pages\/5754\/revisions\/5755"}],"up":[{"embeddable":true,"href":"https:\/\/www.riwal.com\/sl\/wp-json\/wp\/v2\/pages\/5700"}],"wp:attachment":[{"href":"https:\/\/www.riwal.com\/sl\/wp-json\/wp\/v2\/media?parent=5754"}],"curies":[{"name":"wp","href":"https:\/\/api.w.org\/{rel}","templated":true}]}}