{"id":5752,"date":"2024-02-06T08:43:35","date_gmt":"2024-02-06T08:43:35","guid":{"rendered":"https:\/\/www.riwal.com\/sl\/?page_id=5752"},"modified":"2024-02-06T08:43:36","modified_gmt":"2024-02-06T08:43:36","slug":"skarjasta-ploscad-holland-lift","status":"publish","type":"page","link":"https:\/\/www.riwal.com\/sl\/o-riwalu\/kategorije-naprav\/skarjasta-ploscad-holland-lift\/","title":{"rendered":"\u0160karjasta plo\u0161\u010dad Holland Lift"},"content":{"rendered":"<div class=\"container\">\n<h2 class=\"wp-block-heading\" id=\"h-skarjasta-ploscad-holland-lift\">\u0160karjasta plo\u0161\u010dad Holland Lift<\/h2>\n<\/div>\n\n<div class=\"rental-wp-default-block rental-theme-block-default-margin\">\n\t\t\t\t\t\t\t\t<div class=\"container\">\n<div class=\"wp-block-columns is-layout-flex wp-container-core-columns-is-layout-28f84493 wp-block-columns-is-layout-flex\">\n<div class=\"wp-block-column is-layout-flow wp-block-column-is-layout-flow\" style=\"flex-basis:66.66%\">\n<p>Varno delo na poljubni vi\u0161ini zagotovimo s \u0161karjastio dvi\u017eno plo\u0161\u010dadjo Holland Lift. S stalno osredoto\u010denostjo na varnost Holland Lift proizvaja \u0161karjaste dvi\u017ene plo\u0161\u010dadi, ki se odlikujejo po svoji trpe\u017enosti, pri tem pa ne gre za zmanj\u0161anje njihove vsestranskosti ali okretnosti. Pri Riwalu lahko najamete \u0161karjasto dvi\u017eno plo\u0161\u010dad, ki ustreza va\u0161im specifi\u010dnim potrebam ali pa se odlo\u010dite za nakup va\u0161e lastne \u0161karjaste dvi\u017ene plo\u0161\u010dadi Holland Lift za vsakodnevno uporabo. Na\u0161i strokovnjaki vam bodo z veseljem posredovali vse informacije za va\u0161o premi\u0161ljeno odlo\u010ditev<\/p>\n\n\n\n<h2 class=\"wp-block-heading\">Katero \u0161karjasto dvi\u017eno plo\u0161\u010dad Holland Lift izbrati?<\/h2>\n\n\n\n<p>Pri Riwalu lahko izbirate med veliko razli\u010dnimi \u0161karjastimi dvi\u017enimi plo\u0161\u010dadmi. Potem, ko se \u017ee odlo\u010dili za kakovost in zagotovljeno varnost nizozemskega proizvajalca Holland Lift, je pred vami izbira razli\u010dnih tipov dvigal, med katerimi se odlo\u010dite za najustreznej\u0161ega. Prvo vpra\u0161anje, na katerega si morate odgovoriti, je, ali imate raje dvigalo z dizelskim ali z baterijskim pogonom. Oba sta primerna za delo na visokih vi\u0161inah. Dizelsko \u0161karjasto dvi\u017eno plo\u0161\u010dad je bolj primerna za delo zunaj, medtem ko je baterijska \u0161karjasta&nbsp;dvi\u017ena plo\u0161\u010dad&nbsp;primerna za delo tako znotraj kot zunaj. Kakorkoli, kadar je potreben transport te\u017eke opreme in i\u0161\u010dete plo\u0161\u010dad z velikio povr\u0161ino in\/ali je treba delo izvajati prek razli\u010dnih povr\u0161in, vklju\u010dujo\u010d groba tla, je dizelska \u0161karjasta plo\u0161\u010dad prava izbira za va\u0161o vrsto dela.<br><\/p>\n\n\n\n<h2 class=\"wp-block-heading\"><strong>Nakup ali najem<\/strong><\/h2>\n\n\n\n<p>Pri Riwalu se lahko odlo\u010dite za nakup va\u0161e lastne \u0161karjaste&nbsp;dvi\u017ene plo\u0161\u010dadi Holland Lift ali pa za njen najem za dolo\u010deno \u010dasovno obdobje. \u010ce potrebujete \u0161karjasto dvi\u017eno plo\u0161\u010dad&nbsp;vsakodnevno, se boste pravilno odlo\u010dili, \u010de investirate v va\u0161e lastno \u0161karjasto dvi\u017eno plo\u0161\u010dad&nbsp;Holland Lift. \u010ce pa na\u010drtujete \u0161karjasto dvi\u017eno plo\u0161\u010dad&nbsp;uporabljati samo kraj\u0161i \u010das, na primer samo za en projekt, lahko izberete \u0161karjasto plo\u0161\u010dad Holland Lift v na\u0161i bogati paleti \u0161karjastih plo\u0161\u010dadi za najem.<\/p>\n\n\n\n<h2 class=\"wp-block-heading\"><strong>Vrhunska storitev<\/strong><\/h2>\n\n\n\n<p>Ne glede na to, ali se odlo\u010dite za nakup ali za najem, vam bodo na\u0161i strokovnjaki pri Riwalu z veseljem posredovali vse informacije o specifikacijah, na osnovi katerih se boste lahko premi\u0161ljeno odlo\u010dili. Lahko nam zaupate, da boste s pomo\u010djo na\u0161ih strokovnjakov izbrali pravo \u0161karjasto dvi\u017eno plo\u0161\u010dad&nbsp;Holland Lift za delo, katerega je treba opraviti. Po potrebi lahko na\u0161e \u0161karjasto plo\u0161\u010dad tudi prilagodimo va\u0161im specifi\u010dnim zahtevam. Pri Riwalu se zelo dobro zavedamo dejstva, da je nakup ali najem tovrstne opreme lahko velika nalo\u017eba in \u017eelimo, da na koncu dobite \u0161karjasto dvi\u017eno plo\u0161\u010dad, ki je primerna za va\u0161o vrsto dela.<br><\/p>\n\n\n\n<h3 class=\"wp-block-heading\"><strong>Kontaktirajte nas za ve\u010d informacij o \u0161karjasti dvi\u017eni plo\u0161\u010dadi Holland Lift<\/strong><\/h3>\n\n\n\n<p>Morda ste si \u017ee ogledali na\u0161o \u0161iroko paleto \u0161karjastih plo\u0161\u010dadi Holland Lift in imate vpra\u0161anja o to\u010dno dolo\u010deni napravi? Ali pa morda \u017eelite izvedeti ve\u010d o mo\u017enostih na\u0161ih drugih \u0161karjastih plo\u0161\u010dadih ali o vrstah strojev, ki jih nudimo? Pri Riwalu smo vam na voljo za nasvet, ki je prilagojen va\u0161im potrebam. Preprosto nas konraktirajrte za najem \u0161karjastega dvigala Holland Lift zdaj ali pa zaprosite na\u0161e svetovalce za nasvet, brez obveznosti. \u010ce razmi\u0161ljate o investiranju v svoje lastno \u0161karjasto plo\u0161\u010dad Holland Lift, vam bo na\u0161a zelo izku\u0161ena prodajna ekipa posredovala&nbsp; iz\u010drpen nasvet z razli\u010dnimi mo\u017enostmi in specifikacijami, ki jih nudi na\u0161a \u0161iroka paleta. Z veseljem vas bodo obiskali tudi na delovi\u0161\u010du in pripravili podrobno oceno va\u0161ih zahtev in mo\u017enosti, ki jih imate.<\/p>\n<\/div>\n\n\n\n<div class=\"wp-block-column is-layout-flow wp-block-column-is-layout-flow\" style=\"flex-basis:33.33%\">\n<figure class=\"wp-block-image size-full\"><img loading=\"lazy\" decoding=\"async\" width=\"450\" height=\"330\" src=\"https:\/\/eqsk4m2dkju.exactdn.com\/app\/uploads\/sites\/10\/2024\/02\/holland-lift-x2.jpeg?strip=all&quality=92&webp=92&avif=80&sharp=1\" alt=\"\" class=\"wp-image-5717\" srcset=\"https:\/\/eqsk4m2dkju.exactdn.com\/app\/uploads\/sites\/10\/2024\/02\/holland-lift-x2.jpeg?strip=all&amp;quality=92&amp;webp=92&amp;avif=80&amp;sharp=1 450w, https:\/\/eqsk4m2dkju.exactdn.com\/app\/uploads\/sites\/10\/2024\/02\/holland-lift-x2-300x220.jpeg?strip=all&amp;quality=92&amp;webp=92&amp;avif=80&amp;sharp=1 300w, https:\/\/eqsk4m2dkju.exactdn.com\/app\/uploads\/sites\/10\/2024\/02\/holland-lift-x2-178x131.jpeg?strip=all&amp;quality=92&amp;webp=92&amp;avif=80&amp;sharp=1 178w, https:\/\/eqsk4m2dkju.exactdn.com\/app\/uploads\/sites\/10\/2024\/02\/holland-lift-x2-390x286.jpeg?strip=all&amp;quality=92&amp;webp=92&amp;avif=80&amp;sharp=1 390w, https:\/\/eqsk4m2dkju.exactdn.com\/app\/uploads\/sites\/10\/2024\/02\/holland-lift-x2-250x183.jpeg?strip=all&amp;quality=92&amp;webp=92&amp;avif=80&amp;sharp=1 250w, https:\/\/eqsk4m2dkju.exactdn.com\/app\/uploads\/sites\/10\/2024\/02\/holland-lift-x2-237x174.jpeg?strip=all&amp;quality=92&amp;webp=92&amp;avif=80&amp;sharp=1 237w, https:\/\/eqsk4m2dkju.exactdn.com\/app\/uploads\/sites\/10\/2024\/02\/holland-lift-x2.jpeg?strip=all&amp;quality=92&amp;webp=92&amp;avif=80&amp;sharp=1&amp;w=90 90w\" sizes=\"auto, (max-width: 450px) 100vw, 450px\" \/><\/figure>\n\n\n\n<figure class=\"wp-block-image size-full\"><img loading=\"lazy\" decoding=\"async\" width=\"500\" height=\"364\" src=\"https:\/\/eqsk4m2dkju.exactdn.com\/app\/uploads\/sites\/10\/2024\/02\/DSC_0093-2.webp?strip=all&quality=92&webp=92&avif=80&sharp=1\" alt=\"\" class=\"wp-image-5727\" srcset=\"https:\/\/eqsk4m2dkju.exactdn.com\/app\/uploads\/sites\/10\/2024\/02\/DSC_0093-2.webp?strip=all&amp;quality=92&amp;webp=92&amp;avif=80&amp;sharp=1 500w, https:\/\/eqsk4m2dkju.exactdn.com\/app\/uploads\/sites\/10\/2024\/02\/DSC_0093-2-300x218.webp?strip=all&amp;quality=92&amp;webp=92&amp;avif=80&amp;sharp=1 300w, https:\/\/eqsk4m2dkju.exactdn.com\/app\/uploads\/sites\/10\/2024\/02\/DSC_0093-2-178x130.webp?strip=all&amp;quality=92&amp;webp=92&amp;avif=80&amp;sharp=1 178w, https:\/\/eqsk4m2dkju.exactdn.com\/app\/uploads\/sites\/10\/2024\/02\/DSC_0093-2-390x284.webp?strip=all&amp;quality=92&amp;webp=92&amp;avif=80&amp;sharp=1 390w, https:\/\/eqsk4m2dkju.exactdn.com\/app\/uploads\/sites\/10\/2024\/02\/DSC_0093-2-250x182.webp?strip=all&amp;quality=92&amp;webp=92&amp;avif=80&amp;sharp=1 250w, https:\/\/eqsk4m2dkju.exactdn.com\/app\/uploads\/sites\/10\/2024\/02\/DSC_0093-2-237x173.webp?strip=all&amp;quality=92&amp;webp=92&amp;avif=80&amp;sharp=1 237w, https:\/\/eqsk4m2dkju.exactdn.com\/app\/uploads\/sites\/10\/2024\/02\/DSC_0093-2-474x345.webp?strip=all&amp;quality=92&amp;webp=92&amp;avif=80&amp;sharp=1 474w, https:\/\/eqsk4m2dkju.exactdn.com\/app\/uploads\/sites\/10\/2024\/02\/DSC_0093-2.webp?strip=all&amp;quality=92&amp;webp=92&amp;avif=80&amp;sharp=1&amp;w=100 100w\" sizes=\"auto, (max-width: 500px) 100vw, 500px\" \/><\/figure>\n\n\n\n<p><strong>Vas zanima?<\/strong><\/p>\n\n\n\n<p>info_si@riwal.com<\/p>\n\n\n\n<p>Pokli\u010dite nas: 01 544 34 34<\/p>\n\n\n\n<div class=\"wp-block-buttons is-layout-flex wp-block-buttons-is-layout-flex\">\n<div class=\"wp-block-button\"><a class=\"wp-block-button__link wp-element-button\" href=\"https:\/\/www.riwal.com\/sl\/najem\/\">Oprema za najem<\/a><\/div>\n<\/div>\n\n\n\n<div class=\"wp-block-buttons is-layout-flex wp-block-buttons-is-layout-flex\">\n<div class=\"wp-block-button\"><a class=\"wp-block-button__link wp-element-button\" href=\"https:\/\/www.riwal.com\/sl\/prodaja\/rabljene-dvizne-naprave\/\">Rabljene naprave za prodajo<\/a><\/div>\n<\/div>\n\n\n\n<div class=\"wp-block-columns is-layout-flex wp-container-core-columns-is-layout-28f84493 wp-block-columns-is-layout-flex\">\n<div class=\"wp-block-column is-layout-flow wp-block-column-is-layout-flow\"><\/div>\n\n\n\n<div class=\"wp-block-column is-layout-flow wp-block-column-is-layout-flow\"><\/div>\n<\/div>\n<\/div>\n<\/div>\n<\/div>\n\t\t\t\t\t\t\t<\/div> ","protected":false},"excerpt":{"rendered":"<p>\u0160karjasta plo\u0161\u010dad Holland Lift Varno delo na poljubni vi\u0161ini zagotovimo s \u0161karjastio dvi\u017eno plo\u0161\u010dadjo Holland Lift. S stalno osredoto\u010denostjo na varnost Holland Lift proizvaja \u0161karjaste dvi\u017ene plo\u0161\u010dadi, ki se odlikujejo po svoji trpe\u017enosti, pri tem pa ne gre za zmanj\u0161anje njihove vsestranskosti ali okretnosti. Pri Riwalu lahko najamete \u0161karjasto dvi\u017eno plo\u0161\u010dad, ki ustreza va\u0161im specifi\u010dnim &hellip; <a href=\"https:\/\/www.riwal.com\/sl\/o-riwalu\/kategorije-naprav\/skarjasta-ploscad-holland-lift\/\">Se nadaljuje<\/a><\/p>\n","protected":false},"author":45,"featured_media":0,"parent":5700,"menu_order":0,"comment_status":"closed","ping_status":"closed","template":"","meta":{"_acf_changed":false,"footnotes":""},"class_list":["post-5752","page","type-page","status-publish","hentry"],"acf":[],"yoast_head":"<!-- This site is optimized with the Yoast SEO Premium plugin v27.1 (Yoast SEO v27.1.1) - https:\/\/yoast.com\/product\/yoast-seo-premium-wordpress\/ -->\n<title>\u0160karjasta plo\u0161\u010dad Holland Lift - Riwal Slovenija<\/title>\n<meta name=\"robots\" content=\"index, follow, max-snippet:-1, max-image-preview:large, max-video-preview:-1\" \/>\n<link rel=\"canonical\" href=\"https:\/\/www.riwal.com\/sl\/o-riwalu\/kategorije-naprav\/skarjasta-ploscad-holland-lift\/\" \/>\n<meta property=\"og:locale\" content=\"sl_SI\" \/>\n<meta property=\"og:type\" content=\"article\" \/>\n<meta property=\"og:title\" content=\"\u0160karjasta plo\u0161\u010dad Holland Lift\" \/>\n<meta property=\"og:description\" content=\"\u0160karjasta plo\u0161\u010dad Holland Lift Varno delo na poljubni vi\u0161ini zagotovimo s \u0161karjastio dvi\u017eno plo\u0161\u010dadjo Holland Lift. S stalno osredoto\u010denostjo na varnost Holland Lift proizvaja \u0161karjaste dvi\u017ene plo\u0161\u010dadi, ki se odlikujejo po svoji trpe\u017enosti, pri tem pa ne gre za zmanj\u0161anje njihove vsestranskosti ali okretnosti. Pri Riwalu lahko najamete \u0161karjasto dvi\u017eno plo\u0161\u010dad, ki ustreza va\u0161im specifi\u010dnim &hellip; Se nadaljuje\" \/>\n<meta property=\"og:url\" content=\"https:\/\/www.riwal.com\/sl\/o-riwalu\/kategorije-naprav\/skarjasta-ploscad-holland-lift\/\" \/>\n<meta property=\"og:site_name\" content=\"Riwal Slovenija\" \/>\n<meta property=\"article:modified_time\" content=\"2024-02-06T08:43:36+00:00\" \/>\n<meta property=\"og:image\" content=\"https:\/\/www.riwal.com\/app\/uploads\/sites\/10\/2024\/02\/holland-lift-x2.jpeg\" \/>\n<meta name=\"twitter:card\" content=\"summary_large_image\" \/>\n<meta name=\"twitter:label1\" content=\"Est. reading time\" \/>\n\t<meta name=\"twitter:data1\" content=\"4 minute\" \/>\n<script type=\"application\/ld+json\" class=\"yoast-schema-graph\">{\"@context\":\"https:\/\/schema.org\",\"@graph\":[{\"@type\":\"WebPage\",\"@id\":\"https:\/\/www.riwal.com\/sl\/o-riwalu\/kategorije-naprav\/skarjasta-ploscad-holland-lift\/\",\"url\":\"https:\/\/www.riwal.com\/sl\/o-riwalu\/kategorije-naprav\/skarjasta-ploscad-holland-lift\/\",\"name\":\"\u0160karjasta plo\u0161\u010dad Holland Lift - Riwal Slovenija\",\"isPartOf\":{\"@id\":\"https:\/\/www.riwal.com\/sl\/#website\"},\"primaryImageOfPage\":{\"@id\":\"https:\/\/www.riwal.com\/sl\/o-riwalu\/kategorije-naprav\/skarjasta-ploscad-holland-lift\/#primaryimage\"},\"image\":{\"@id\":\"https:\/\/www.riwal.com\/sl\/o-riwalu\/kategorije-naprav\/skarjasta-ploscad-holland-lift\/#primaryimage\"},\"thumbnailUrl\":\"https:\/\/www.riwal.com\/app\/uploads\/sites\/10\/2024\/02\/holland-lift-x2.jpeg\",\"datePublished\":\"2024-02-06T08:43:35+00:00\",\"dateModified\":\"2024-02-06T08:43:36+00:00\",\"breadcrumb\":{\"@id\":\"https:\/\/www.riwal.com\/sl\/o-riwalu\/kategorije-naprav\/skarjasta-ploscad-holland-lift\/#breadcrumb\"},\"inLanguage\":\"sl-SI\",\"potentialAction\":[{\"@type\":\"ReadAction\",\"target\":[\"https:\/\/www.riwal.com\/sl\/o-riwalu\/kategorije-naprav\/skarjasta-ploscad-holland-lift\/\"]}]},{\"@type\":\"ImageObject\",\"inLanguage\":\"sl-SI\",\"@id\":\"https:\/\/www.riwal.com\/sl\/o-riwalu\/kategorije-naprav\/skarjasta-ploscad-holland-lift\/#primaryimage\",\"url\":\"https:\/\/www.riwal.com\/app\/uploads\/sites\/10\/2024\/02\/holland-lift-x2.jpeg\",\"contentUrl\":\"https:\/\/www.riwal.com\/app\/uploads\/sites\/10\/2024\/02\/holland-lift-x2.jpeg\"},{\"@type\":\"BreadcrumbList\",\"@id\":\"https:\/\/www.riwal.com\/sl\/o-riwalu\/kategorije-naprav\/skarjasta-ploscad-holland-lift\/#breadcrumb\",\"itemListElement\":[{\"@type\":\"ListItem\",\"position\":1,\"name\":\"Domov\",\"item\":\"https:\/\/www.riwal.com\/sl\/\"},{\"@type\":\"ListItem\",\"position\":2,\"name\":\"O riwalu\",\"item\":\"https:\/\/www.riwal.com\/sl\/o-riwalu\/\"},{\"@type\":\"ListItem\",\"position\":3,\"name\":\"Kategorije naprav\",\"item\":\"https:\/\/www.riwal.com\/sl\/o-riwalu\/kategorije-naprav\/\"},{\"@type\":\"ListItem\",\"position\":4,\"name\":\"\u0160karjasta plo\u0161\u010dad Holland Lift\"}]},{\"@type\":\"WebSite\",\"@id\":\"https:\/\/www.riwal.com\/sl\/#website\",\"url\":\"https:\/\/www.riwal.com\/sl\/\",\"name\":\"Riwal\",\"description\":\"Arial work platform &amp; Telehandler Rental\/Sales\",\"publisher\":{\"@id\":\"https:\/\/www.riwal.com\/sl\/#organization\"},\"potentialAction\":[{\"@type\":\"SearchAction\",\"target\":{\"@type\":\"EntryPoint\",\"urlTemplate\":\"https:\/\/www.riwal.com\/sl\/?s={search_term_string}\"},\"query-input\":{\"@type\":\"PropertyValueSpecification\",\"valueRequired\":true,\"valueName\":\"search_term_string\"}}],\"inLanguage\":\"sl-SI\"},{\"@type\":\"Organization\",\"@id\":\"https:\/\/www.riwal.com\/sl\/#organization\",\"name\":\"Riwal\",\"url\":\"https:\/\/www.riwal.com\/sl\/\",\"logo\":{\"@type\":\"ImageObject\",\"inLanguage\":\"sl-SI\",\"@id\":\"https:\/\/www.riwal.com\/sl\/#\/schema\/logo\/image\/\",\"url\":\"\",\"contentUrl\":\"\",\"caption\":\"Riwal\"},\"image\":{\"@id\":\"https:\/\/www.riwal.com\/sl\/#\/schema\/logo\/image\/\"}}]}<\/script>\n<!-- \/ Yoast SEO Premium plugin. -->","yoast_head_json":{"title":"\u0160karjasta plo\u0161\u010dad Holland Lift - Riwal Slovenija","robots":{"index":"index","follow":"follow","max-snippet":"max-snippet:-1","max-image-preview":"max-image-preview:large","max-video-preview":"max-video-preview:-1"},"canonical":"https:\/\/www.riwal.com\/sl\/o-riwalu\/kategorije-naprav\/skarjasta-ploscad-holland-lift\/","og_locale":"sl_SI","og_type":"article","og_title":"\u0160karjasta plo\u0161\u010dad Holland Lift","og_description":"\u0160karjasta plo\u0161\u010dad Holland Lift Varno delo na poljubni vi\u0161ini zagotovimo s \u0161karjastio dvi\u017eno plo\u0161\u010dadjo Holland Lift. S stalno osredoto\u010denostjo na varnost Holland Lift proizvaja \u0161karjaste dvi\u017ene plo\u0161\u010dadi, ki se odlikujejo po svoji trpe\u017enosti, pri tem pa ne gre za zmanj\u0161anje njihove vsestranskosti ali okretnosti. Pri Riwalu lahko najamete \u0161karjasto dvi\u017eno plo\u0161\u010dad, ki ustreza va\u0161im specifi\u010dnim &hellip; Se nadaljuje","og_url":"https:\/\/www.riwal.com\/sl\/o-riwalu\/kategorije-naprav\/skarjasta-ploscad-holland-lift\/","og_site_name":"Riwal Slovenija","article_modified_time":"2024-02-06T08:43:36+00:00","og_image":[{"url":"https:\/\/www.riwal.com\/app\/uploads\/sites\/10\/2024\/02\/holland-lift-x2.jpeg","type":"","width":"","height":""}],"twitter_card":"summary_large_image","twitter_misc":{"Est. reading time":"4 minute"},"schema":{"@context":"https:\/\/schema.org","@graph":[{"@type":"WebPage","@id":"https:\/\/www.riwal.com\/sl\/o-riwalu\/kategorije-naprav\/skarjasta-ploscad-holland-lift\/","url":"https:\/\/www.riwal.com\/sl\/o-riwalu\/kategorije-naprav\/skarjasta-ploscad-holland-lift\/","name":"\u0160karjasta plo\u0161\u010dad Holland Lift - Riwal Slovenija","isPartOf":{"@id":"https:\/\/www.riwal.com\/sl\/#website"},"primaryImageOfPage":{"@id":"https:\/\/www.riwal.com\/sl\/o-riwalu\/kategorije-naprav\/skarjasta-ploscad-holland-lift\/#primaryimage"},"image":{"@id":"https:\/\/www.riwal.com\/sl\/o-riwalu\/kategorije-naprav\/skarjasta-ploscad-holland-lift\/#primaryimage"},"thumbnailUrl":"https:\/\/www.riwal.com\/app\/uploads\/sites\/10\/2024\/02\/holland-lift-x2.jpeg","datePublished":"2024-02-06T08:43:35+00:00","dateModified":"2024-02-06T08:43:36+00:00","breadcrumb":{"@id":"https:\/\/www.riwal.com\/sl\/o-riwalu\/kategorije-naprav\/skarjasta-ploscad-holland-lift\/#breadcrumb"},"inLanguage":"sl-SI","potentialAction":[{"@type":"ReadAction","target":["https:\/\/www.riwal.com\/sl\/o-riwalu\/kategorije-naprav\/skarjasta-ploscad-holland-lift\/"]}]},{"@type":"ImageObject","inLanguage":"sl-SI","@id":"https:\/\/www.riwal.com\/sl\/o-riwalu\/kategorije-naprav\/skarjasta-ploscad-holland-lift\/#primaryimage","url":"https:\/\/www.riwal.com\/app\/uploads\/sites\/10\/2024\/02\/holland-lift-x2.jpeg","contentUrl":"https:\/\/www.riwal.com\/app\/uploads\/sites\/10\/2024\/02\/holland-lift-x2.jpeg"},{"@type":"BreadcrumbList","@id":"https:\/\/www.riwal.com\/sl\/o-riwalu\/kategorije-naprav\/skarjasta-ploscad-holland-lift\/#breadcrumb","itemListElement":[{"@type":"ListItem","position":1,"name":"Domov","item":"https:\/\/www.riwal.com\/sl\/"},{"@type":"ListItem","position":2,"name":"O riwalu","item":"https:\/\/www.riwal.com\/sl\/o-riwalu\/"},{"@type":"ListItem","position":3,"name":"Kategorije naprav","item":"https:\/\/www.riwal.com\/sl\/o-riwalu\/kategorije-naprav\/"},{"@type":"ListItem","position":4,"name":"\u0160karjasta plo\u0161\u010dad Holland Lift"}]},{"@type":"WebSite","@id":"https:\/\/www.riwal.com\/sl\/#website","url":"https:\/\/www.riwal.com\/sl\/","name":"Riwal","description":"Arial work platform &amp; Telehandler Rental\/Sales","publisher":{"@id":"https:\/\/www.riwal.com\/sl\/#organization"},"potentialAction":[{"@type":"SearchAction","target":{"@type":"EntryPoint","urlTemplate":"https:\/\/www.riwal.com\/sl\/?s={search_term_string}"},"query-input":{"@type":"PropertyValueSpecification","valueRequired":true,"valueName":"search_term_string"}}],"inLanguage":"sl-SI"},{"@type":"Organization","@id":"https:\/\/www.riwal.com\/sl\/#organization","name":"Riwal","url":"https:\/\/www.riwal.com\/sl\/","logo":{"@type":"ImageObject","inLanguage":"sl-SI","@id":"https:\/\/www.riwal.com\/sl\/#\/schema\/logo\/image\/","url":"","contentUrl":"","caption":"Riwal"},"image":{"@id":"https:\/\/www.riwal.com\/sl\/#\/schema\/logo\/image\/"}}]}},"_links":{"self":[{"href":"https:\/\/www.riwal.com\/sl\/wp-json\/wp\/v2\/pages\/5752","targetHints":{"allow":["GET"]}}],"collection":[{"href":"https:\/\/www.riwal.com\/sl\/wp-json\/wp\/v2\/pages"}],"about":[{"href":"https:\/\/www.riwal.com\/sl\/wp-json\/wp\/v2\/types\/page"}],"author":[{"embeddable":true,"href":"https:\/\/www.riwal.com\/sl\/wp-json\/wp\/v2\/users\/45"}],"replies":[{"embeddable":true,"href":"https:\/\/www.riwal.com\/sl\/wp-json\/wp\/v2\/comments?post=5752"}],"version-history":[{"count":1,"href":"https:\/\/www.riwal.com\/sl\/wp-json\/wp\/v2\/pages\/5752\/revisions"}],"predecessor-version":[{"id":5753,"href":"https:\/\/www.riwal.com\/sl\/wp-json\/wp\/v2\/pages\/5752\/revisions\/5753"}],"up":[{"embeddable":true,"href":"https:\/\/www.riwal.com\/sl\/wp-json\/wp\/v2\/pages\/5700"}],"wp:attachment":[{"href":"https:\/\/www.riwal.com\/sl\/wp-json\/wp\/v2\/media?parent=5752"}],"curies":[{"name":"wp","href":"https:\/\/api.w.org\/{rel}","templated":true}]}}