{"id":5749,"date":"2024-02-06T08:40:50","date_gmt":"2024-02-06T08:40:50","guid":{"rendered":"https:\/\/www.riwal.com\/sl\/?page_id=5749"},"modified":"2024-02-06T08:40:50","modified_gmt":"2024-02-06T08:40:50","slug":"jlg-kobra","status":"publish","type":"page","link":"https:\/\/www.riwal.com\/sl\/o-riwalu\/kategorije-naprav\/jlg-kobra\/","title":{"rendered":"JLG Kobra"},"content":{"rendered":"<div class=\"container\">\n<h2 class=\"wp-block-heading\" id=\"h-jlg-kobra-dvizna-kosara\">JLG KOBRA dvi\u017ena ko\u0161ara<\/h2>\n<\/div>\n\n<div class=\"rental-wp-default-block rental-theme-block-default-margin\">\n\t\t\t\t\t\t\t\t<div class=\"container\">\n<div class=\"wp-block-columns is-layout-flex wp-container-core-columns-is-layout-28f84493 wp-block-columns-is-layout-flex\">\n<div class=\"wp-block-column is-layout-flow wp-block-column-is-layout-flow\" style=\"flex-basis:66.66%\">\n<p>Delovi\u0161\u010da pogosteje kot ne zahtevajo od delavcev izvajanje del na razli\u010dnih vi\u0161inah. Z dvi\u017eno ko\u0161aro kobro je doseganje katerekoli vi\u0161ine enostavno in udobno. \u0160e zlasti, \u010de uporabljate dvi\u017eno ko\u0161aro&nbsp;kobra&nbsp;JLG. Kot vodilni razvijalec in proizvajalec re\u0161itev dviganja JLG zagotavlja vrhunske, visoko kakovostne hidravli\u010dne \u017eerjave, ki veljajo za najbolj\u0161e na trgu. Kot dobavitelj in partner za najem dvigal JLG vam Riwal nudi \u0161iroko paleto razli\u010dnih dvi\u017enih ko\u0161ar kobra&nbsp;JLG. Odlo\u010dite se lahko za nakup popolnoma nove ali rabljene, dvi\u017eno ko\u0161aro JLG pa lahko tudi najamete. Idealna re\u0161itev za podjetja, ki ne potrebujejo tovrstnih strojev vsak dan.<\/p>\n\n\n\n<h2 class=\"wp-block-heading\"><strong>Dvi\u017ena ko\u0161ara JLG kobra: najbolj\u0161a za va\u0161e podjetje<\/strong><\/h2>\n\n\n\n<p>Dvi\u017ene ko\u0161are se obi\u010dajno uporablja v gradbeni\u0161tvu in pri adaptiranju obstoje\u010dih konstrukcij, primerne pa so tudi za uporabo na delovi\u0161\u010dih v notranjih prostorih, na primer pri izvajanju vzdr\u017eevalnih del in popravilih na lu\u010deh ali grelnih enotah. Hidravli\u010dni \u017eerjav z ograjeno plo\u0161\u010dadjo na koncu vam omogo\u010da dviganje in spu\u0161\u010danje ljudi in materiala na poljubno vi\u0161ino po va\u0161i \u017eelji. Ko se odlo\u010dite za delo z dvi\u017eno ko\u0161aro kobra JLG, se odlo\u010dite za delo z najbolj\u0161o dvi\u017eno ko\u0161aro, kar jih je na voljo na trgu. Bogate izku\u0161nje podjetja JLG na podro\u010dju razvoja in izdelave opreme za delo na vi\u0161ini vam zagotavljajo dvi\u017eno ko\u0161aro kobra, ki je enostavna za uporabo in ves \u010das varna. Mo\u010dne vsestranske re\u0161itve dviganja, ki jih JLG nudi na trgu, podjetju zagotavljajo zaupanje kupcev \u017ee od leta 1969. Pri Riwalu boste na\u0161li \u0161iroko paleto strojev JLG. Ne dvomimo, da boste v na\u0161i paleti zagotovo na\u0161li pravo dvi\u017eno ko\u0161aro&nbsp;kobra JLG za va\u0161e aktivnosti, ne glede na to, ali se odlo\u010dite za nakup ali za najem.<\/p>\n\n\n\n<h2 class=\"wp-block-heading\"><strong>Riwal: va\u0161 dobavitelj dvi\u017enih ko\u0161ar JLG kober<\/strong><\/h2>\n\n\n\n<p>\u010ce je delo na vi\u0161ini redna aktivnost pri vrsti dela, ki ga izvaja va\u0161e podjetje, je nujnost investirati v primerno in varno dvi\u017eno ko\u0161aro. Dvi\u017ena ko\u0161ara JLG&nbsp;kobra bo zagotovila va\u0161im zaposlenim dostop na katerokoli vi\u0161ino, skupaj z materialom, ki ga potrebujejo na dolo\u010deni to\u010dki. \u010ce se zanimate za nakup dvi\u017ene ko\u0161are, si morate najprej zastaviti vpra\u0161anje, ali vas zanima nakup popolnoma nove, ali pa se boste odlo\u010dili za nakup iz druge roke, torej za rabljeno dvi\u017eno ko\u0161aro. Pri Riwalu vam je v obeh primerih na voljo vrhunska kakovost, zagotovljena dolga \u017eivljenjska doba in varnost ves \u010das. Kak\u0161no vrsto dvi\u017ene ko\u0161are potrebujete na va\u0161em delovi\u0161\u010du je odvisno od razli\u010dnih okoli\u0161\u010din. Kak\u0161en material obi\u010dajno preva\u017eate, kako premi\u010dna mora biti va\u0161a dvi\u017ena ko\u0161ara in ali se potovanje po ozkih koridorjih pojavlja pogosto? Ko si zastavite ta vpra\u0161anja, naredite s tem prvi korak do premi\u0161ljene odlo\u010ditve o tipu dvi\u017ene ko\u0161are, ki jo potrebujete. Pri Riwalu vam z veseljem pomagamo. Razumemo, da je to zelo pomembna in draga nalo\u017eba in \u017eelimo, da se izognete izbiri napa\u010dne dvi\u017ene plo\u0161\u010dadi.<br><\/p>\n\n\n\n<h2 class=\"wp-block-heading\"><strong>Riwal kot va\u0161 partner za najem dvi\u017enih strojev JLG<\/strong><\/h2>\n\n\n\n<p>\u010ce ne potrebujete va\u0161e dvi\u017ene ko\u0161are vsakodnevno, si lahko ogledate mo\u017enosti najema. Pri Riwalu veste, da va\u0161o dvi\u017eno ko\u0161aro najemate pri zaupanja vrednem partnerju, ki vam bo v vsakem trenutku zagotovil strokovni nasvet. Z globalno floto za najem, sestavljeno iz 18.000 strojev, vemo, o \u010dem govorimo. Najem dvi\u017ene delovne plo\u0161\u010dadi zahteva posebno strokovno znanje tako na strani najemnika, kot tudi na strani podjetja, ki daje v najem. Iz tega razloga nudi Riwal \u0161olanje, na katerem osebe, ki bodo izvajale delo z dvi\u017eno ko\u0161aro JLG kobra, pridobijo ustrezna navodila in potrdilo, da so usposobljene kot operater stroja. Kot uradni center za usposabljanje, z izvajanjem te\u010dajev za&nbsp; dvi\u017ene delovne plo\u0161\u010dadi, ki jih je razvil IPAF, mednarodna organizacija s strokovnim znanjem na podro\u010dju varne in u\u010dinkovite uporabe tovrstnih strojev, smo za to ve\u010d kot kvalificirani.<br><\/p>\n\n\n\n<h3 class=\"wp-block-heading\"><strong>Izberite va\u0161o dvi\u017eno ko\u0161aro JLG kobra pri Riwalu<\/strong><\/h3>\n\n\n\n<p>Niste prepri\u010dani ali kupiti ali najeti ali pa \u0161e vedno i\u0161\u010dete pravo dvi\u017eno ko\u0161aro JLG kobro&nbsp;za va\u0161o vrsto dela? Brez skrbi. Riwal vam bo z veseljem ponudil nasvet, ki ga potrebujete za to, da sprejmete premi\u0161ljeno odlo\u010ditev. Ne odla\u0161ajte in nas pokli\u010dite, da boste dobili odgovore na vsa va\u0161a vpra\u0161anja.<\/p>\n<\/div>\n\n\n\n<div class=\"wp-block-column is-layout-flow wp-block-column-is-layout-flow\" style=\"flex-basis:33.33%\">\n<figure class=\"wp-block-image size-full\"><img loading=\"lazy\" decoding=\"async\" width=\"325\" height=\"348\" src=\"https:\/\/eqsk4m2dkju.exactdn.com\/app\/uploads\/sites\/10\/2024\/02\/JLG520AJ.webp?strip=all&quality=92&webp=92&avif=80&sharp=1\" alt=\"\" class=\"wp-image-5750\" srcset=\"https:\/\/eqsk4m2dkju.exactdn.com\/app\/uploads\/sites\/10\/2024\/02\/JLG520AJ.webp?strip=all&amp;quality=92&amp;webp=92&amp;avif=80&amp;sharp=1 325w, https:\/\/eqsk4m2dkju.exactdn.com\/app\/uploads\/sites\/10\/2024\/02\/JLG520AJ-280x300.webp?strip=all&amp;quality=92&amp;webp=92&amp;avif=80&amp;sharp=1 280w, https:\/\/eqsk4m2dkju.exactdn.com\/app\/uploads\/sites\/10\/2024\/02\/JLG520AJ-178x191.webp?strip=all&amp;quality=92&amp;webp=92&amp;avif=80&amp;sharp=1 178w, https:\/\/eqsk4m2dkju.exactdn.com\/app\/uploads\/sites\/10\/2024\/02\/JLG520AJ-187x200.webp?strip=all&amp;quality=92&amp;webp=92&amp;avif=80&amp;sharp=1 187w, https:\/\/eqsk4m2dkju.exactdn.com\/app\/uploads\/sites\/10\/2024\/02\/JLG520AJ-237x254.webp?strip=all&amp;quality=92&amp;webp=92&amp;avif=80&amp;sharp=1 237w, https:\/\/eqsk4m2dkju.exactdn.com\/app\/uploads\/sites\/10\/2024\/02\/JLG520AJ.webp?strip=all&amp;quality=92&amp;webp=92&amp;avif=80&amp;sharp=1&amp;w=65 65w\" sizes=\"auto, (max-width: 325px) 100vw, 325px\" \/><\/figure>\n\n\n\n<figure class=\"wp-block-image size-full\"><img loading=\"lazy\" decoding=\"async\" width=\"500\" height=\"364\" src=\"https:\/\/eqsk4m2dkju.exactdn.com\/app\/uploads\/sites\/10\/2024\/02\/DSC_0093-2.webp?strip=all&quality=92&webp=92&avif=80&sharp=1\" alt=\"\" class=\"wp-image-5727\" srcset=\"https:\/\/eqsk4m2dkju.exactdn.com\/app\/uploads\/sites\/10\/2024\/02\/DSC_0093-2.webp?strip=all&amp;quality=92&amp;webp=92&amp;avif=80&amp;sharp=1 500w, https:\/\/eqsk4m2dkju.exactdn.com\/app\/uploads\/sites\/10\/2024\/02\/DSC_0093-2-300x218.webp?strip=all&amp;quality=92&amp;webp=92&amp;avif=80&amp;sharp=1 300w, https:\/\/eqsk4m2dkju.exactdn.com\/app\/uploads\/sites\/10\/2024\/02\/DSC_0093-2-178x130.webp?strip=all&amp;quality=92&amp;webp=92&amp;avif=80&amp;sharp=1 178w, https:\/\/eqsk4m2dkju.exactdn.com\/app\/uploads\/sites\/10\/2024\/02\/DSC_0093-2-390x284.webp?strip=all&amp;quality=92&amp;webp=92&amp;avif=80&amp;sharp=1 390w, https:\/\/eqsk4m2dkju.exactdn.com\/app\/uploads\/sites\/10\/2024\/02\/DSC_0093-2-250x182.webp?strip=all&amp;quality=92&amp;webp=92&amp;avif=80&amp;sharp=1 250w, https:\/\/eqsk4m2dkju.exactdn.com\/app\/uploads\/sites\/10\/2024\/02\/DSC_0093-2-237x173.webp?strip=all&amp;quality=92&amp;webp=92&amp;avif=80&amp;sharp=1 237w, https:\/\/eqsk4m2dkju.exactdn.com\/app\/uploads\/sites\/10\/2024\/02\/DSC_0093-2-474x345.webp?strip=all&amp;quality=92&amp;webp=92&amp;avif=80&amp;sharp=1 474w, https:\/\/eqsk4m2dkju.exactdn.com\/app\/uploads\/sites\/10\/2024\/02\/DSC_0093-2.webp?strip=all&amp;quality=92&amp;webp=92&amp;avif=80&amp;sharp=1&amp;w=100 100w\" sizes=\"auto, (max-width: 500px) 100vw, 500px\" \/><\/figure>\n\n\n\n<p><strong>Vas zanima?<\/strong><\/p>\n\n\n\n<p>info_si@riwal.com<\/p>\n\n\n\n<p>Pokli\u010dite nas: 01 544 34 34<\/p>\n\n\n\n<div class=\"wp-block-buttons is-layout-flex wp-block-buttons-is-layout-flex\">\n<div class=\"wp-block-button\"><a class=\"wp-block-button__link wp-element-button\" href=\"https:\/\/www.riwal.com\/sl\/najem\/\">Oprema za najem<\/a><\/div>\n<\/div>\n\n\n\n<div class=\"wp-block-buttons is-layout-flex wp-block-buttons-is-layout-flex\">\n<div class=\"wp-block-button\"><a class=\"wp-block-button__link wp-element-button\" href=\"https:\/\/www.riwal.com\/sl\/prodaja\/rabljene-dvizne-naprave\/\">Rabljene naprave za prodajo<\/a><\/div>\n<\/div>\n\n\n\n<div class=\"wp-block-columns is-layout-flex wp-container-core-columns-is-layout-28f84493 wp-block-columns-is-layout-flex\">\n<div class=\"wp-block-column is-layout-flow wp-block-column-is-layout-flow\"><\/div>\n\n\n\n<div class=\"wp-block-column is-layout-flow wp-block-column-is-layout-flow\"><\/div>\n<\/div>\n<\/div>\n<\/div>\n<\/div>\n\t\t\t\t\t\t\t<\/div> ","protected":false},"excerpt":{"rendered":"<p>JLG KOBRA dvi\u017ena ko\u0161ara Delovi\u0161\u010da pogosteje kot ne zahtevajo od delavcev izvajanje del na razli\u010dnih vi\u0161inah. Z dvi\u017eno ko\u0161aro kobro je doseganje katerekoli vi\u0161ine enostavno in udobno. \u0160e zlasti, \u010de uporabljate dvi\u017eno ko\u0161aro&nbsp;kobra&nbsp;JLG. Kot vodilni razvijalec in proizvajalec re\u0161itev dviganja JLG zagotavlja vrhunske, visoko kakovostne hidravli\u010dne \u017eerjave, ki veljajo za najbolj\u0161e na trgu. Kot dobavitelj &hellip; <a href=\"https:\/\/www.riwal.com\/sl\/o-riwalu\/kategorije-naprav\/jlg-kobra\/\">Se nadaljuje<\/a><\/p>\n","protected":false},"author":45,"featured_media":0,"parent":5700,"menu_order":0,"comment_status":"closed","ping_status":"closed","template":"","meta":{"_acf_changed":false,"footnotes":""},"class_list":["post-5749","page","type-page","status-publish","hentry"],"acf":[],"yoast_head":"<!-- This site is optimized with the Yoast SEO Premium plugin v27.1 (Yoast SEO v27.1.1) - https:\/\/yoast.com\/product\/yoast-seo-premium-wordpress\/ -->\n<title>JLG Kobra - Riwal Slovenija<\/title>\n<meta name=\"robots\" content=\"index, follow, max-snippet:-1, max-image-preview:large, max-video-preview:-1\" \/>\n<link rel=\"canonical\" href=\"https:\/\/www.riwal.com\/sl\/o-riwalu\/kategorije-naprav\/jlg-kobra\/\" \/>\n<meta property=\"og:locale\" content=\"sl_SI\" \/>\n<meta property=\"og:type\" content=\"article\" \/>\n<meta property=\"og:title\" content=\"JLG Kobra\" \/>\n<meta property=\"og:description\" content=\"JLG KOBRA dvi\u017ena ko\u0161ara Delovi\u0161\u010da pogosteje kot ne zahtevajo od delavcev izvajanje del na razli\u010dnih vi\u0161inah. Z dvi\u017eno ko\u0161aro kobro je doseganje katerekoli vi\u0161ine enostavno in udobno. \u0160e zlasti, \u010de uporabljate dvi\u017eno ko\u0161aro&nbsp;kobra&nbsp;JLG. Kot vodilni razvijalec in proizvajalec re\u0161itev dviganja JLG zagotavlja vrhunske, visoko kakovostne hidravli\u010dne \u017eerjave, ki veljajo za najbolj\u0161e na trgu. Kot dobavitelj &hellip; Se nadaljuje\" \/>\n<meta property=\"og:url\" content=\"https:\/\/www.riwal.com\/sl\/o-riwalu\/kategorije-naprav\/jlg-kobra\/\" \/>\n<meta property=\"og:site_name\" content=\"Riwal Slovenija\" \/>\n<meta property=\"og:image\" content=\"https:\/\/www.riwal.com\/app\/uploads\/sites\/10\/2024\/02\/JLG520AJ.webp\" \/>\n<meta name=\"twitter:card\" content=\"summary_large_image\" \/>\n<meta name=\"twitter:label1\" content=\"Est. reading time\" \/>\n\t<meta name=\"twitter:data1\" content=\"5 minut\" \/>\n<script type=\"application\/ld+json\" class=\"yoast-schema-graph\">{\"@context\":\"https:\/\/schema.org\",\"@graph\":[{\"@type\":\"WebPage\",\"@id\":\"https:\/\/www.riwal.com\/sl\/o-riwalu\/kategorije-naprav\/jlg-kobra\/\",\"url\":\"https:\/\/www.riwal.com\/sl\/o-riwalu\/kategorije-naprav\/jlg-kobra\/\",\"name\":\"JLG Kobra - Riwal Slovenija\",\"isPartOf\":{\"@id\":\"https:\/\/www.riwal.com\/sl\/#website\"},\"primaryImageOfPage\":{\"@id\":\"https:\/\/www.riwal.com\/sl\/o-riwalu\/kategorije-naprav\/jlg-kobra\/#primaryimage\"},\"image\":{\"@id\":\"https:\/\/www.riwal.com\/sl\/o-riwalu\/kategorije-naprav\/jlg-kobra\/#primaryimage\"},\"thumbnailUrl\":\"https:\/\/www.riwal.com\/app\/uploads\/sites\/10\/2024\/02\/JLG520AJ.webp\",\"datePublished\":\"2024-02-06T08:40:50+00:00\",\"breadcrumb\":{\"@id\":\"https:\/\/www.riwal.com\/sl\/o-riwalu\/kategorije-naprav\/jlg-kobra\/#breadcrumb\"},\"inLanguage\":\"sl-SI\",\"potentialAction\":[{\"@type\":\"ReadAction\",\"target\":[\"https:\/\/www.riwal.com\/sl\/o-riwalu\/kategorije-naprav\/jlg-kobra\/\"]}]},{\"@type\":\"ImageObject\",\"inLanguage\":\"sl-SI\",\"@id\":\"https:\/\/www.riwal.com\/sl\/o-riwalu\/kategorije-naprav\/jlg-kobra\/#primaryimage\",\"url\":\"https:\/\/www.riwal.com\/app\/uploads\/sites\/10\/2024\/02\/JLG520AJ.webp\",\"contentUrl\":\"https:\/\/www.riwal.com\/app\/uploads\/sites\/10\/2024\/02\/JLG520AJ.webp\"},{\"@type\":\"BreadcrumbList\",\"@id\":\"https:\/\/www.riwal.com\/sl\/o-riwalu\/kategorije-naprav\/jlg-kobra\/#breadcrumb\",\"itemListElement\":[{\"@type\":\"ListItem\",\"position\":1,\"name\":\"Domov\",\"item\":\"https:\/\/www.riwal.com\/sl\/\"},{\"@type\":\"ListItem\",\"position\":2,\"name\":\"O riwalu\",\"item\":\"https:\/\/www.riwal.com\/sl\/o-riwalu\/\"},{\"@type\":\"ListItem\",\"position\":3,\"name\":\"Kategorije naprav\",\"item\":\"https:\/\/www.riwal.com\/sl\/o-riwalu\/kategorije-naprav\/\"},{\"@type\":\"ListItem\",\"position\":4,\"name\":\"JLG Kobra\"}]},{\"@type\":\"WebSite\",\"@id\":\"https:\/\/www.riwal.com\/sl\/#website\",\"url\":\"https:\/\/www.riwal.com\/sl\/\",\"name\":\"Riwal\",\"description\":\"Arial work platform &amp; Telehandler Rental\/Sales\",\"publisher\":{\"@id\":\"https:\/\/www.riwal.com\/sl\/#organization\"},\"potentialAction\":[{\"@type\":\"SearchAction\",\"target\":{\"@type\":\"EntryPoint\",\"urlTemplate\":\"https:\/\/www.riwal.com\/sl\/?s={search_term_string}\"},\"query-input\":{\"@type\":\"PropertyValueSpecification\",\"valueRequired\":true,\"valueName\":\"search_term_string\"}}],\"inLanguage\":\"sl-SI\"},{\"@type\":\"Organization\",\"@id\":\"https:\/\/www.riwal.com\/sl\/#organization\",\"name\":\"Riwal\",\"url\":\"https:\/\/www.riwal.com\/sl\/\",\"logo\":{\"@type\":\"ImageObject\",\"inLanguage\":\"sl-SI\",\"@id\":\"https:\/\/www.riwal.com\/sl\/#\/schema\/logo\/image\/\",\"url\":\"\",\"contentUrl\":\"\",\"caption\":\"Riwal\"},\"image\":{\"@id\":\"https:\/\/www.riwal.com\/sl\/#\/schema\/logo\/image\/\"}}]}<\/script>\n<!-- \/ Yoast SEO Premium plugin. -->","yoast_head_json":{"title":"JLG Kobra - Riwal Slovenija","robots":{"index":"index","follow":"follow","max-snippet":"max-snippet:-1","max-image-preview":"max-image-preview:large","max-video-preview":"max-video-preview:-1"},"canonical":"https:\/\/www.riwal.com\/sl\/o-riwalu\/kategorije-naprav\/jlg-kobra\/","og_locale":"sl_SI","og_type":"article","og_title":"JLG Kobra","og_description":"JLG KOBRA dvi\u017ena ko\u0161ara Delovi\u0161\u010da pogosteje kot ne zahtevajo od delavcev izvajanje del na razli\u010dnih vi\u0161inah. Z dvi\u017eno ko\u0161aro kobro je doseganje katerekoli vi\u0161ine enostavno in udobno. \u0160e zlasti, \u010de uporabljate dvi\u017eno ko\u0161aro&nbsp;kobra&nbsp;JLG. Kot vodilni razvijalec in proizvajalec re\u0161itev dviganja JLG zagotavlja vrhunske, visoko kakovostne hidravli\u010dne \u017eerjave, ki veljajo za najbolj\u0161e na trgu. Kot dobavitelj &hellip; Se nadaljuje","og_url":"https:\/\/www.riwal.com\/sl\/o-riwalu\/kategorije-naprav\/jlg-kobra\/","og_site_name":"Riwal Slovenija","og_image":[{"url":"https:\/\/www.riwal.com\/app\/uploads\/sites\/10\/2024\/02\/JLG520AJ.webp","type":"","width":"","height":""}],"twitter_card":"summary_large_image","twitter_misc":{"Est. reading time":"5 minut"},"schema":{"@context":"https:\/\/schema.org","@graph":[{"@type":"WebPage","@id":"https:\/\/www.riwal.com\/sl\/o-riwalu\/kategorije-naprav\/jlg-kobra\/","url":"https:\/\/www.riwal.com\/sl\/o-riwalu\/kategorije-naprav\/jlg-kobra\/","name":"JLG Kobra - Riwal Slovenija","isPartOf":{"@id":"https:\/\/www.riwal.com\/sl\/#website"},"primaryImageOfPage":{"@id":"https:\/\/www.riwal.com\/sl\/o-riwalu\/kategorije-naprav\/jlg-kobra\/#primaryimage"},"image":{"@id":"https:\/\/www.riwal.com\/sl\/o-riwalu\/kategorije-naprav\/jlg-kobra\/#primaryimage"},"thumbnailUrl":"https:\/\/www.riwal.com\/app\/uploads\/sites\/10\/2024\/02\/JLG520AJ.webp","datePublished":"2024-02-06T08:40:50+00:00","breadcrumb":{"@id":"https:\/\/www.riwal.com\/sl\/o-riwalu\/kategorije-naprav\/jlg-kobra\/#breadcrumb"},"inLanguage":"sl-SI","potentialAction":[{"@type":"ReadAction","target":["https:\/\/www.riwal.com\/sl\/o-riwalu\/kategorije-naprav\/jlg-kobra\/"]}]},{"@type":"ImageObject","inLanguage":"sl-SI","@id":"https:\/\/www.riwal.com\/sl\/o-riwalu\/kategorije-naprav\/jlg-kobra\/#primaryimage","url":"https:\/\/www.riwal.com\/app\/uploads\/sites\/10\/2024\/02\/JLG520AJ.webp","contentUrl":"https:\/\/www.riwal.com\/app\/uploads\/sites\/10\/2024\/02\/JLG520AJ.webp"},{"@type":"BreadcrumbList","@id":"https:\/\/www.riwal.com\/sl\/o-riwalu\/kategorije-naprav\/jlg-kobra\/#breadcrumb","itemListElement":[{"@type":"ListItem","position":1,"name":"Domov","item":"https:\/\/www.riwal.com\/sl\/"},{"@type":"ListItem","position":2,"name":"O riwalu","item":"https:\/\/www.riwal.com\/sl\/o-riwalu\/"},{"@type":"ListItem","position":3,"name":"Kategorije naprav","item":"https:\/\/www.riwal.com\/sl\/o-riwalu\/kategorije-naprav\/"},{"@type":"ListItem","position":4,"name":"JLG Kobra"}]},{"@type":"WebSite","@id":"https:\/\/www.riwal.com\/sl\/#website","url":"https:\/\/www.riwal.com\/sl\/","name":"Riwal","description":"Arial work platform &amp; Telehandler Rental\/Sales","publisher":{"@id":"https:\/\/www.riwal.com\/sl\/#organization"},"potentialAction":[{"@type":"SearchAction","target":{"@type":"EntryPoint","urlTemplate":"https:\/\/www.riwal.com\/sl\/?s={search_term_string}"},"query-input":{"@type":"PropertyValueSpecification","valueRequired":true,"valueName":"search_term_string"}}],"inLanguage":"sl-SI"},{"@type":"Organization","@id":"https:\/\/www.riwal.com\/sl\/#organization","name":"Riwal","url":"https:\/\/www.riwal.com\/sl\/","logo":{"@type":"ImageObject","inLanguage":"sl-SI","@id":"https:\/\/www.riwal.com\/sl\/#\/schema\/logo\/image\/","url":"","contentUrl":"","caption":"Riwal"},"image":{"@id":"https:\/\/www.riwal.com\/sl\/#\/schema\/logo\/image\/"}}]}},"_links":{"self":[{"href":"https:\/\/www.riwal.com\/sl\/wp-json\/wp\/v2\/pages\/5749","targetHints":{"allow":["GET"]}}],"collection":[{"href":"https:\/\/www.riwal.com\/sl\/wp-json\/wp\/v2\/pages"}],"about":[{"href":"https:\/\/www.riwal.com\/sl\/wp-json\/wp\/v2\/types\/page"}],"author":[{"embeddable":true,"href":"https:\/\/www.riwal.com\/sl\/wp-json\/wp\/v2\/users\/45"}],"replies":[{"embeddable":true,"href":"https:\/\/www.riwal.com\/sl\/wp-json\/wp\/v2\/comments?post=5749"}],"version-history":[{"count":1,"href":"https:\/\/www.riwal.com\/sl\/wp-json\/wp\/v2\/pages\/5749\/revisions"}],"predecessor-version":[{"id":5751,"href":"https:\/\/www.riwal.com\/sl\/wp-json\/wp\/v2\/pages\/5749\/revisions\/5751"}],"up":[{"embeddable":true,"href":"https:\/\/www.riwal.com\/sl\/wp-json\/wp\/v2\/pages\/5700"}],"wp:attachment":[{"href":"https:\/\/www.riwal.com\/sl\/wp-json\/wp\/v2\/media?parent=5749"}],"curies":[{"name":"wp","href":"https:\/\/api.w.org\/{rel}","templated":true}]}}