{"id":5747,"date":"2024-02-06T08:39:30","date_gmt":"2024-02-06T08:39:30","guid":{"rendered":"https:\/\/www.riwal.com\/sl\/?page_id=5747"},"modified":"2024-02-06T08:39:30","modified_gmt":"2024-02-06T08:39:30","slug":"genie-man-lift","status":"publish","type":"page","link":"https:\/\/www.riwal.com\/sl\/o-riwalu\/kategorije-naprav\/genie-man-lift\/","title":{"rendered":"Genie MAN LIFT"},"content":{"rendered":"<div class=\"container\">\n<h2 class=\"wp-block-heading\" id=\"h-genie-man-lift-za-prodajo\">Genie MAN LIFT za prodajo<\/h2>\n<\/div>\n\n<div class=\"rental-wp-default-block rental-theme-block-default-margin\">\n\t\t\t\t\t\t\t\t<div class=\"container\">\n<div class=\"wp-block-columns is-layout-flex wp-container-core-columns-is-layout-28f84493 wp-block-columns-is-layout-flex\">\n<div class=\"wp-block-column is-layout-flow wp-block-column-is-layout-flow\" style=\"flex-basis:66.66%\">\n<p>Ali morate delati vi\u0161je? Iti navzgor in \u0161e \u010dez? V tem primeru potrebujete dvigalo Genie Man Lift. S pravo re\u0161itvijo dviganja boste pridobili dostop do obmo\u010dij, ki so bila prej te\u017eko dostopna in delali na poljubni vi\u0161ini z vsem udobjem, ki ga potrebujete. Ne glede na to, ali potrebujete \u0161iroko dvi\u017eno delovno plo\u0161\u010dad ali samo vsestransko dvigalo za eno osebo za izvajanje dolo\u010denih vzdr\u017eevalnih del, boste pri Riwalu na\u0161li pravo dvigalo Genie Man Lift za prodajo. Kot va\u0161 dobavitelj popolnih storitev za re\u0161itve dviganja Genie, z bogatimi izku\u0161njami in strokovnim znanjem, vam zagotavljano, da bomo prepoznali, katera vrsta strojev ustreza va\u0161im zahtevam glede dviganja. Novo kot tudi rabljeno: na\u0161a \u0161iroka paleta dvi\u017enih delovnih plo\u0161\u010dadi in opreme za dvigala vam omogo\u010da veliko izbire. Na\u0161a ekipa strokovnjakov vam bo z veseljem posredovala informacije za va\u0161o premi\u0161ljeno odlo\u010ditev in &nbsp;poskrbela, da boste dobili tisto, kar potrebujete za to, da delo opravite.<\/p>\n\n\n\n<h2 class=\"wp-block-heading\"><strong>Idealno dvigalo Genie Man Lift za prodajo<\/strong><\/h2>\n\n\n\n<p>Investiranje v dvi\u017eno ko\u0161aro Genie Man Lift je odlo\u010ditev, katere se ne sprejme zlahka. V Riwalu razumemo, da taka nalo\u017eba zahteva tehten premislek. Na\u0161i strokovnjaki so vam na voljo, da vam vse temeljito predstavijo in odgovorijo na vsa va\u0161a morebitna vpra\u0161anja. \u017delimo se prepri\u010dati, da boste na koncu dobili pravo dvi\u017eno ko\u0161aro Genie Man Lift za delo, ki ga morate opraviti, ravno tako kot vi. Zato lahko ra\u010dunate na na\u0161e nasvete in na\u0161e strokovno znanje tudi potem, ko boste \u017ee kupili svoj Genie Man Lift. Ne glede na to, ali gre za novo ali rabljeno: tu smo za vas.&nbsp;<br><\/p>\n\n\n\n<h2 class=\"wp-block-heading\"><strong>\u0160karjasto dvigalo Genie, dvi\u017ena ko\u0161ara z lomljivo roko Genie ali druga dvi\u017ena delovna plo\u0161\u010dad?<\/strong><\/h2>\n\n\n\n<p>Odlo\u010ditev o tem, katero napravo Genie Man Lift&nbsp;izberete, je odvisna od tega, kaj potrebujete. Zato je pomembno vedeti, katere posebne zahteve mora izpolnjevati va\u0161e dvigalo za dviganje oseb. Na primer, ko morate delati na precej\u0161nji vi\u0161ini in morate pri tem prenesti navzgor tudi dolo\u010dene materiale, je najbolj\u0161a izbira \u0161karjasta plo\u0161\u010dad Genie. S svojo razmeroma veliko plo\u0161\u010dadjo vam \u0161karjasta plo\u0161\u010dad Genie zagotavlja dovolj delovnega prostora, tudi \u010de z vami delajo sodelavci. Poleg tega lahko tak\u0161na dvi\u017ena delovna plo\u0161\u010dad prenese precej\u0161njo te\u017eo. Kadar potrebujete premi\u010den delovni prostor, ki lahko se\u017ee navzgor in prek razli\u010dnih ovir, da dose\u017eete in dostopate do vsakega mesta na vi\u0161ini, se boste z veseljem odlo\u010dili za dvi\u017eno ko\u0161aro z lomljivo roko Genie. S teleskopsko dvi\u017eno ko\u0161aro Genie lahko potujete na velike vi\u0161ine.&nbsp;<br><\/p>\n\n\n\n<h2 class=\"wp-block-heading\"><strong>Potrebam uporabnika prilagojeno svetovanje in vrhunska storitev<\/strong><\/h2>\n\n\n\n<p>Seveda ni potrebno, da to odlo\u010ditev sprejmete povsem sami. Pri Riwalu smo ve\u010d kot zadovoljni, da vam lahko pri tem pomagamo. Na\u0161i strokovnjaki vam bodo ponudili va\u0161im potrebam prilagojeno &nbsp;svetovanje, da boste na osnovi prejetih informacij lahko sprejeli premi\u0161ljeno odlo\u010ditev v zvezi s pravim strojem Genie Man Lift za prodajo za vas. Pri Riwalu boste na\u0161li tako nove kot tudi rabljene naprave za dviganje oseb za prodajo. Vrhunska kakovost je zagotovljena, bodisi da se odlo\u010dite za prvega ali za slednjega. Vendar pa se storitev ne kon\u010da tu. Lahko vam celo olaj\u0161amo pridobitev pravega potrdila za razli\u010dne vrste opreme, ponudimo usposabljanja za delo na vi\u0161ini, s katerim pridobite zakonsko obvezen certifikat za delo s takimi stroji in letne servisne preglede naprav. Kontaktirajte nas za ve\u010d informacij.<br><\/p>\n\n\n\n<h3 class=\"wp-block-heading\"><strong>Va\u0161a dvi\u017ena naprava Genie Man Lift za prodajo pri Riwalu<\/strong><\/h3>\n\n\n\n<p>Prepri\u010dani smo, da boste z na\u0161imi nasveti in \u0161iroko paleto novih in rabljenih strojev za dviganje oseb ali materiala na\u0161li pravo napravo Genie za prodajo pri Riwalu. Kontaktirajte nas za ve\u010d informacij. Kot va\u0161 dobavitelj in partner na podro\u010dju dvi\u017enih delovnih plo\u0161\u010dadi bomo poskrbeli, da boste sprejeli pravilno odlo\u010ditev. Tu smo za vas, na vsakem koraku poti.<\/p>\n<\/div>\n\n\n\n<div class=\"wp-block-column is-layout-flow wp-block-column-is-layout-flow\" style=\"flex-basis:33.33%\">\n<figure class=\"wp-block-image size-full\"><img loading=\"lazy\" decoding=\"async\" width=\"450\" height=\"230\" src=\"https:\/\/eqsk4m2dkju.exactdn.com\/app\/uploads\/sites\/10\/2024\/02\/teaser-genie-man-lift.webp?strip=all&quality=92&webp=92&avif=80&sharp=1\" alt=\"\" class=\"wp-image-5716\" srcset=\"https:\/\/eqsk4m2dkju.exactdn.com\/app\/uploads\/sites\/10\/2024\/02\/teaser-genie-man-lift.webp?strip=all&amp;quality=92&amp;webp=92&amp;avif=80&amp;sharp=1 450w, https:\/\/eqsk4m2dkju.exactdn.com\/app\/uploads\/sites\/10\/2024\/02\/teaser-genie-man-lift-300x153.webp?strip=all&amp;quality=92&amp;webp=92&amp;avif=80&amp;sharp=1 300w, https:\/\/eqsk4m2dkju.exactdn.com\/app\/uploads\/sites\/10\/2024\/02\/teaser-genie-man-lift-178x91.webp?strip=all&amp;quality=92&amp;webp=92&amp;avif=80&amp;sharp=1 178w, https:\/\/eqsk4m2dkju.exactdn.com\/app\/uploads\/sites\/10\/2024\/02\/teaser-genie-man-lift-390x199.webp?strip=all&amp;quality=92&amp;webp=92&amp;avif=80&amp;sharp=1 390w, https:\/\/eqsk4m2dkju.exactdn.com\/app\/uploads\/sites\/10\/2024\/02\/teaser-genie-man-lift-250x128.webp?strip=all&amp;quality=92&amp;webp=92&amp;avif=80&amp;sharp=1 250w, https:\/\/eqsk4m2dkju.exactdn.com\/app\/uploads\/sites\/10\/2024\/02\/teaser-genie-man-lift-237x121.webp?strip=all&amp;quality=92&amp;webp=92&amp;avif=80&amp;sharp=1 237w, https:\/\/eqsk4m2dkju.exactdn.com\/app\/uploads\/sites\/10\/2024\/02\/teaser-genie-man-lift.webp?strip=all&amp;quality=92&amp;webp=92&amp;avif=80&amp;sharp=1&amp;w=90 90w\" sizes=\"auto, (max-width: 450px) 100vw, 450px\" \/><\/figure>\n\n\n\n<figure class=\"wp-block-image size-full\"><img loading=\"lazy\" decoding=\"async\" width=\"500\" height=\"364\" src=\"https:\/\/eqsk4m2dkju.exactdn.com\/app\/uploads\/sites\/10\/2024\/02\/DSC_0093-2.webp?strip=all&quality=92&webp=92&avif=80&sharp=1\" alt=\"\" class=\"wp-image-5727\" srcset=\"https:\/\/eqsk4m2dkju.exactdn.com\/app\/uploads\/sites\/10\/2024\/02\/DSC_0093-2.webp?strip=all&amp;quality=92&amp;webp=92&amp;avif=80&amp;sharp=1 500w, https:\/\/eqsk4m2dkju.exactdn.com\/app\/uploads\/sites\/10\/2024\/02\/DSC_0093-2-300x218.webp?strip=all&amp;quality=92&amp;webp=92&amp;avif=80&amp;sharp=1 300w, https:\/\/eqsk4m2dkju.exactdn.com\/app\/uploads\/sites\/10\/2024\/02\/DSC_0093-2-178x130.webp?strip=all&amp;quality=92&amp;webp=92&amp;avif=80&amp;sharp=1 178w, https:\/\/eqsk4m2dkju.exactdn.com\/app\/uploads\/sites\/10\/2024\/02\/DSC_0093-2-390x284.webp?strip=all&amp;quality=92&amp;webp=92&amp;avif=80&amp;sharp=1 390w, https:\/\/eqsk4m2dkju.exactdn.com\/app\/uploads\/sites\/10\/2024\/02\/DSC_0093-2-250x182.webp?strip=all&amp;quality=92&amp;webp=92&amp;avif=80&amp;sharp=1 250w, https:\/\/eqsk4m2dkju.exactdn.com\/app\/uploads\/sites\/10\/2024\/02\/DSC_0093-2-237x173.webp?strip=all&amp;quality=92&amp;webp=92&amp;avif=80&amp;sharp=1 237w, https:\/\/eqsk4m2dkju.exactdn.com\/app\/uploads\/sites\/10\/2024\/02\/DSC_0093-2-474x345.webp?strip=all&amp;quality=92&amp;webp=92&amp;avif=80&amp;sharp=1 474w, https:\/\/eqsk4m2dkju.exactdn.com\/app\/uploads\/sites\/10\/2024\/02\/DSC_0093-2.webp?strip=all&amp;quality=92&amp;webp=92&amp;avif=80&amp;sharp=1&amp;w=100 100w\" sizes=\"auto, (max-width: 500px) 100vw, 500px\" \/><\/figure>\n\n\n\n<p><strong>Vas zanima?<\/strong><\/p>\n\n\n\n<p>info_si@riwal.com<\/p>\n\n\n\n<p>Pokli\u010dite nas: 01 544 34 34<\/p>\n\n\n\n<div class=\"wp-block-buttons is-layout-flex wp-block-buttons-is-layout-flex\">\n<div class=\"wp-block-button\"><a class=\"wp-block-button__link wp-element-button\" href=\"https:\/\/www.riwal.com\/sl\/najem\/\">Oprema za najem<\/a><\/div>\n<\/div>\n\n\n\n<div class=\"wp-block-buttons is-layout-flex wp-block-buttons-is-layout-flex\">\n<div class=\"wp-block-button\"><a class=\"wp-block-button__link wp-element-button\" href=\"https:\/\/www.riwal.com\/sl\/prodaja\/rabljene-dvizne-naprave\/\">Rabljene naprave za prodajo<\/a><\/div>\n<\/div>\n\n\n\n<div class=\"wp-block-columns is-layout-flex wp-container-core-columns-is-layout-28f84493 wp-block-columns-is-layout-flex\">\n<div class=\"wp-block-column is-layout-flow wp-block-column-is-layout-flow\"><\/div>\n\n\n\n<div class=\"wp-block-column is-layout-flow wp-block-column-is-layout-flow\"><\/div>\n<\/div>\n<\/div>\n<\/div>\n<\/div>\n\t\t\t\t\t\t\t<\/div> ","protected":false},"excerpt":{"rendered":"<p>Genie MAN LIFT za prodajo Ali morate delati vi\u0161je? Iti navzgor in \u0161e \u010dez? V tem primeru potrebujete dvigalo Genie Man Lift. S pravo re\u0161itvijo dviganja boste pridobili dostop do obmo\u010dij, ki so bila prej te\u017eko dostopna in delali na poljubni vi\u0161ini z vsem udobjem, ki ga potrebujete. Ne glede na to, ali potrebujete \u0161iroko &hellip; <a href=\"https:\/\/www.riwal.com\/sl\/o-riwalu\/kategorije-naprav\/genie-man-lift\/\">Se nadaljuje<\/a><\/p>\n","protected":false},"author":45,"featured_media":0,"parent":5700,"menu_order":0,"comment_status":"closed","ping_status":"closed","template":"","meta":{"_acf_changed":false,"footnotes":""},"class_list":["post-5747","page","type-page","status-publish","hentry"],"acf":[],"yoast_head":"<!-- This site is optimized with the Yoast SEO Premium plugin v27.1 (Yoast SEO v27.1.1) - https:\/\/yoast.com\/product\/yoast-seo-premium-wordpress\/ -->\n<title>Genie MAN LIFT - Riwal Slovenija<\/title>\n<meta name=\"robots\" content=\"index, follow, max-snippet:-1, max-image-preview:large, max-video-preview:-1\" \/>\n<link rel=\"canonical\" href=\"https:\/\/www.riwal.com\/sl\/o-riwalu\/kategorije-naprav\/genie-man-lift\/\" \/>\n<meta property=\"og:locale\" content=\"sl_SI\" \/>\n<meta property=\"og:type\" content=\"article\" \/>\n<meta property=\"og:title\" content=\"Genie MAN LIFT\" \/>\n<meta property=\"og:description\" content=\"Genie MAN LIFT za prodajo Ali morate delati vi\u0161je? Iti navzgor in \u0161e \u010dez? V tem primeru potrebujete dvigalo Genie Man Lift. S pravo re\u0161itvijo dviganja boste pridobili dostop do obmo\u010dij, ki so bila prej te\u017eko dostopna in delali na poljubni vi\u0161ini z vsem udobjem, ki ga potrebujete. Ne glede na to, ali potrebujete \u0161iroko &hellip; Se nadaljuje\" \/>\n<meta property=\"og:url\" content=\"https:\/\/www.riwal.com\/sl\/o-riwalu\/kategorije-naprav\/genie-man-lift\/\" \/>\n<meta property=\"og:site_name\" content=\"Riwal Slovenija\" \/>\n<meta property=\"og:image\" content=\"https:\/\/www.riwal.com\/app\/uploads\/sites\/10\/2024\/02\/teaser-genie-man-lift.webp\" \/>\n<meta name=\"twitter:card\" content=\"summary_large_image\" \/>\n<meta name=\"twitter:label1\" content=\"Est. reading time\" \/>\n\t<meta name=\"twitter:data1\" content=\"4 minute\" \/>\n<script type=\"application\/ld+json\" class=\"yoast-schema-graph\">{\"@context\":\"https:\/\/schema.org\",\"@graph\":[{\"@type\":\"WebPage\",\"@id\":\"https:\/\/www.riwal.com\/sl\/o-riwalu\/kategorije-naprav\/genie-man-lift\/\",\"url\":\"https:\/\/www.riwal.com\/sl\/o-riwalu\/kategorije-naprav\/genie-man-lift\/\",\"name\":\"Genie MAN LIFT - Riwal Slovenija\",\"isPartOf\":{\"@id\":\"https:\/\/www.riwal.com\/sl\/#website\"},\"primaryImageOfPage\":{\"@id\":\"https:\/\/www.riwal.com\/sl\/o-riwalu\/kategorije-naprav\/genie-man-lift\/#primaryimage\"},\"image\":{\"@id\":\"https:\/\/www.riwal.com\/sl\/o-riwalu\/kategorije-naprav\/genie-man-lift\/#primaryimage\"},\"thumbnailUrl\":\"https:\/\/www.riwal.com\/app\/uploads\/sites\/10\/2024\/02\/teaser-genie-man-lift.webp\",\"datePublished\":\"2024-02-06T08:39:30+00:00\",\"breadcrumb\":{\"@id\":\"https:\/\/www.riwal.com\/sl\/o-riwalu\/kategorije-naprav\/genie-man-lift\/#breadcrumb\"},\"inLanguage\":\"sl-SI\",\"potentialAction\":[{\"@type\":\"ReadAction\",\"target\":[\"https:\/\/www.riwal.com\/sl\/o-riwalu\/kategorije-naprav\/genie-man-lift\/\"]}]},{\"@type\":\"ImageObject\",\"inLanguage\":\"sl-SI\",\"@id\":\"https:\/\/www.riwal.com\/sl\/o-riwalu\/kategorije-naprav\/genie-man-lift\/#primaryimage\",\"url\":\"https:\/\/www.riwal.com\/app\/uploads\/sites\/10\/2024\/02\/teaser-genie-man-lift.webp\",\"contentUrl\":\"https:\/\/www.riwal.com\/app\/uploads\/sites\/10\/2024\/02\/teaser-genie-man-lift.webp\"},{\"@type\":\"BreadcrumbList\",\"@id\":\"https:\/\/www.riwal.com\/sl\/o-riwalu\/kategorije-naprav\/genie-man-lift\/#breadcrumb\",\"itemListElement\":[{\"@type\":\"ListItem\",\"position\":1,\"name\":\"Domov\",\"item\":\"https:\/\/www.riwal.com\/sl\/\"},{\"@type\":\"ListItem\",\"position\":2,\"name\":\"O riwalu\",\"item\":\"https:\/\/www.riwal.com\/sl\/o-riwalu\/\"},{\"@type\":\"ListItem\",\"position\":3,\"name\":\"Kategorije naprav\",\"item\":\"https:\/\/www.riwal.com\/sl\/o-riwalu\/kategorije-naprav\/\"},{\"@type\":\"ListItem\",\"position\":4,\"name\":\"Genie MAN LIFT\"}]},{\"@type\":\"WebSite\",\"@id\":\"https:\/\/www.riwal.com\/sl\/#website\",\"url\":\"https:\/\/www.riwal.com\/sl\/\",\"name\":\"Riwal\",\"description\":\"Arial work platform &amp; Telehandler Rental\/Sales\",\"publisher\":{\"@id\":\"https:\/\/www.riwal.com\/sl\/#organization\"},\"potentialAction\":[{\"@type\":\"SearchAction\",\"target\":{\"@type\":\"EntryPoint\",\"urlTemplate\":\"https:\/\/www.riwal.com\/sl\/?s={search_term_string}\"},\"query-input\":{\"@type\":\"PropertyValueSpecification\",\"valueRequired\":true,\"valueName\":\"search_term_string\"}}],\"inLanguage\":\"sl-SI\"},{\"@type\":\"Organization\",\"@id\":\"https:\/\/www.riwal.com\/sl\/#organization\",\"name\":\"Riwal\",\"url\":\"https:\/\/www.riwal.com\/sl\/\",\"logo\":{\"@type\":\"ImageObject\",\"inLanguage\":\"sl-SI\",\"@id\":\"https:\/\/www.riwal.com\/sl\/#\/schema\/logo\/image\/\",\"url\":\"\",\"contentUrl\":\"\",\"caption\":\"Riwal\"},\"image\":{\"@id\":\"https:\/\/www.riwal.com\/sl\/#\/schema\/logo\/image\/\"}}]}<\/script>\n<!-- \/ Yoast SEO Premium plugin. -->","yoast_head_json":{"title":"Genie MAN LIFT - Riwal Slovenija","robots":{"index":"index","follow":"follow","max-snippet":"max-snippet:-1","max-image-preview":"max-image-preview:large","max-video-preview":"max-video-preview:-1"},"canonical":"https:\/\/www.riwal.com\/sl\/o-riwalu\/kategorije-naprav\/genie-man-lift\/","og_locale":"sl_SI","og_type":"article","og_title":"Genie MAN LIFT","og_description":"Genie MAN LIFT za prodajo Ali morate delati vi\u0161je? Iti navzgor in \u0161e \u010dez? V tem primeru potrebujete dvigalo Genie Man Lift. S pravo re\u0161itvijo dviganja boste pridobili dostop do obmo\u010dij, ki so bila prej te\u017eko dostopna in delali na poljubni vi\u0161ini z vsem udobjem, ki ga potrebujete. Ne glede na to, ali potrebujete \u0161iroko &hellip; Se nadaljuje","og_url":"https:\/\/www.riwal.com\/sl\/o-riwalu\/kategorije-naprav\/genie-man-lift\/","og_site_name":"Riwal Slovenija","og_image":[{"url":"https:\/\/www.riwal.com\/app\/uploads\/sites\/10\/2024\/02\/teaser-genie-man-lift.webp","type":"","width":"","height":""}],"twitter_card":"summary_large_image","twitter_misc":{"Est. reading time":"4 minute"},"schema":{"@context":"https:\/\/schema.org","@graph":[{"@type":"WebPage","@id":"https:\/\/www.riwal.com\/sl\/o-riwalu\/kategorije-naprav\/genie-man-lift\/","url":"https:\/\/www.riwal.com\/sl\/o-riwalu\/kategorije-naprav\/genie-man-lift\/","name":"Genie MAN LIFT - Riwal Slovenija","isPartOf":{"@id":"https:\/\/www.riwal.com\/sl\/#website"},"primaryImageOfPage":{"@id":"https:\/\/www.riwal.com\/sl\/o-riwalu\/kategorije-naprav\/genie-man-lift\/#primaryimage"},"image":{"@id":"https:\/\/www.riwal.com\/sl\/o-riwalu\/kategorije-naprav\/genie-man-lift\/#primaryimage"},"thumbnailUrl":"https:\/\/www.riwal.com\/app\/uploads\/sites\/10\/2024\/02\/teaser-genie-man-lift.webp","datePublished":"2024-02-06T08:39:30+00:00","breadcrumb":{"@id":"https:\/\/www.riwal.com\/sl\/o-riwalu\/kategorije-naprav\/genie-man-lift\/#breadcrumb"},"inLanguage":"sl-SI","potentialAction":[{"@type":"ReadAction","target":["https:\/\/www.riwal.com\/sl\/o-riwalu\/kategorije-naprav\/genie-man-lift\/"]}]},{"@type":"ImageObject","inLanguage":"sl-SI","@id":"https:\/\/www.riwal.com\/sl\/o-riwalu\/kategorije-naprav\/genie-man-lift\/#primaryimage","url":"https:\/\/www.riwal.com\/app\/uploads\/sites\/10\/2024\/02\/teaser-genie-man-lift.webp","contentUrl":"https:\/\/www.riwal.com\/app\/uploads\/sites\/10\/2024\/02\/teaser-genie-man-lift.webp"},{"@type":"BreadcrumbList","@id":"https:\/\/www.riwal.com\/sl\/o-riwalu\/kategorije-naprav\/genie-man-lift\/#breadcrumb","itemListElement":[{"@type":"ListItem","position":1,"name":"Domov","item":"https:\/\/www.riwal.com\/sl\/"},{"@type":"ListItem","position":2,"name":"O riwalu","item":"https:\/\/www.riwal.com\/sl\/o-riwalu\/"},{"@type":"ListItem","position":3,"name":"Kategorije naprav","item":"https:\/\/www.riwal.com\/sl\/o-riwalu\/kategorije-naprav\/"},{"@type":"ListItem","position":4,"name":"Genie MAN LIFT"}]},{"@type":"WebSite","@id":"https:\/\/www.riwal.com\/sl\/#website","url":"https:\/\/www.riwal.com\/sl\/","name":"Riwal","description":"Arial work platform &amp; Telehandler Rental\/Sales","publisher":{"@id":"https:\/\/www.riwal.com\/sl\/#organization"},"potentialAction":[{"@type":"SearchAction","target":{"@type":"EntryPoint","urlTemplate":"https:\/\/www.riwal.com\/sl\/?s={search_term_string}"},"query-input":{"@type":"PropertyValueSpecification","valueRequired":true,"valueName":"search_term_string"}}],"inLanguage":"sl-SI"},{"@type":"Organization","@id":"https:\/\/www.riwal.com\/sl\/#organization","name":"Riwal","url":"https:\/\/www.riwal.com\/sl\/","logo":{"@type":"ImageObject","inLanguage":"sl-SI","@id":"https:\/\/www.riwal.com\/sl\/#\/schema\/logo\/image\/","url":"","contentUrl":"","caption":"Riwal"},"image":{"@id":"https:\/\/www.riwal.com\/sl\/#\/schema\/logo\/image\/"}}]}},"_links":{"self":[{"href":"https:\/\/www.riwal.com\/sl\/wp-json\/wp\/v2\/pages\/5747","targetHints":{"allow":["GET"]}}],"collection":[{"href":"https:\/\/www.riwal.com\/sl\/wp-json\/wp\/v2\/pages"}],"about":[{"href":"https:\/\/www.riwal.com\/sl\/wp-json\/wp\/v2\/types\/page"}],"author":[{"embeddable":true,"href":"https:\/\/www.riwal.com\/sl\/wp-json\/wp\/v2\/users\/45"}],"replies":[{"embeddable":true,"href":"https:\/\/www.riwal.com\/sl\/wp-json\/wp\/v2\/comments?post=5747"}],"version-history":[{"count":1,"href":"https:\/\/www.riwal.com\/sl\/wp-json\/wp\/v2\/pages\/5747\/revisions"}],"predecessor-version":[{"id":5748,"href":"https:\/\/www.riwal.com\/sl\/wp-json\/wp\/v2\/pages\/5747\/revisions\/5748"}],"up":[{"embeddable":true,"href":"https:\/\/www.riwal.com\/sl\/wp-json\/wp\/v2\/pages\/5700"}],"wp:attachment":[{"href":"https:\/\/www.riwal.com\/sl\/wp-json\/wp\/v2\/media?parent=5747"}],"curies":[{"name":"wp","href":"https:\/\/api.w.org\/{rel}","templated":true}]}}