{"id":5745,"date":"2024-02-06T08:37:40","date_gmt":"2024-02-06T08:37:40","guid":{"rendered":"https:\/\/www.riwal.com\/sl\/?page_id=5745"},"modified":"2024-02-06T08:37:40","modified_gmt":"2024-02-06T08:37:40","slug":"jlg-vertikalni-dvig","status":"publish","type":"page","link":"https:\/\/www.riwal.com\/sl\/o-riwalu\/kategorije-naprav\/jlg-vertikalni-dvig\/","title":{"rendered":"JLG vertikalni dvig"},"content":{"rendered":"<div class=\"container\">\n<h2 class=\"wp-block-heading\" id=\"h-vertikalna-dvizna-kosara-jlg\">Vertikalna dvi\u017ena ko\u0161ara JLG<\/h2>\n<\/div>\n\n<div class=\"rental-wp-default-block rental-theme-block-default-margin\">\n\t\t\t\t\t\t\t\t<div class=\"container\">\n<div class=\"wp-block-columns is-layout-flex wp-container-core-columns-is-layout-28f84493 wp-block-columns-is-layout-flex\">\n<div class=\"wp-block-column is-layout-flow wp-block-column-is-layout-flow\" style=\"flex-basis:66.66%\">\n<p>Kadar se od va\u0161ih zaposlenih zahteva, da redno izvajajo delo na vi\u0161ini in da med izvajanjem vzdr\u017eevalnih deli ali popravil posegajo v majhne ali ozke prostore, potrebujete re\u0161itve vertikalne dvi\u017ene plo\u0161\u010dadi, ki omogo\u010da popoln dostop v te ozke vogale ali koridorje. V tem primeru je nalo\u017eba v visoko kakovostno vertikalno dvi\u017eno plo\u0161\u010dad za pravilno dokon\u010danje takih del enostavno nuja. &nbsp;Lahko ste prepri\u010dani, da boste z vertikalno dvi\u017eno plo\u0161\u010dadjo JLG dosegli vsak ozek prostor, pa \u010de je \u0161e tako majhen ali tesen. Z vertikalno dvi\u017eno plo\u0161\u010dadjo proizvajalca JLG ne bodo mesta, ki so se prej zdela nedostopna, predstavljala nobenega izziva ve\u010d. Obse\u017ena paleta re\u0161itev dvigal JLG, ki jo ima ponuditi Riwal, je zagotovilo, da vam je pravi tip dvigala na dosegu roke. \u010ce uporaba dvi\u017enih plo\u0161\u010dadi ni vsakodnevna nujnost, se lahko odlo\u010dite za najem va\u0161e vertikalne dvi\u017ene plo\u0161\u010dadi JLG pri Riwalu. Z ve\u010d kot 50 leti izku\u0161enj na podro\u010dju varnega in u\u010dinkovitega dela na vi\u0161ini smo ustrezno usposobljeni in vas z veseljem obve\u0161\u010damo o mo\u017enostih nakupa ali najema vertikalne dvi\u017ene plo\u0161\u010dadi JLG.<\/p>\n\n\n\n<h2 class=\"wp-block-heading\"><strong>Prednosti dela z vertikalno dvi\u017eno plo\u0161\u010dadjo JLG<\/strong><\/h2>\n\n\n\n<p>Pri delu z vertikalno dvi\u017eno plo\u0161\u010dadjo boste takoj opazili \u0161iroko paleto prednosti, ki jih ta vrsta strojev ponuja. Prva, zelo pomembna prednost je mobilnost tovrstnih dvigal. Precej lahko jih je upravljati, \u0161e zlasti, \u010de se odlo\u010dite za nakup ali najem takega, ki ni preve\u010d veliko. \u010ce je na primer gradbi\u0161\u010de opremljeno z dvigalom, lahko dokaj enostavno spravite va\u0161o vertikalno dvi\u017eno plo\u0161\u010dad JLG iz ene platforme na drugo. Ko delate nad vi\u0161ino glave, boste opazili, da vas bo vertikalna dvi\u017ena plo\u0161\u010dad JLG spravila na to\u010dno pravo vi\u0161ino, ne da bi pri tem zavzela preve\u010d prostora. Poleg tega se va\u0161o vertikalno dvi\u017eno plo\u0161\u010dad JLG lahko uporablja tudi ob straneh. Ne glede na to, kako te\u017eavno to\u010dko morate dose\u010di, vam bo vertikalna dvi\u017ena plo\u0161\u010dad JLG zagotovila enostaven dostop.<br><\/p>\n\n\n\n<h2 class=\"wp-block-heading\"><strong>Izbira va\u0161e vertikalne dvi\u017ene ko\u0161are JLG<\/strong><\/h2>\n\n\n\n<p>Ne glede na to, ali se odlo\u010dite za nakup ali za najem va\u0161e vertikalne dvi\u017ene plo\u0161\u010dadi JLG, zelo dobro razumemo, da \u017eelite takoj izbrati pravo napravo. Zato je pomembno, da si ogledate razli\u010dne vrste dvi\u017enih delovnih plo\u0161\u010dadi, ki jih nudi JLG. Prva razlika je razlika med potisno vertikalno dvi\u017eno plo\u0161\u010dadjo in prevozno vertikalno dvi\u017eno plo\u0161\u010dadjo. Saj ne mislite potiskati va\u0161ega dvigala iz enega&nbsp; mesta na drugo? Potisna&nbsp; vertikalna dvi\u017ena plo\u0161\u010dad je prava izbira za va\u0161e gradbi\u0161\u010de. Ko pa i\u0161\u010dete re\u0161itev dviganja, ki vam bo dala najve\u010d udobja, je prava izbira prevozna vertikalna dvi\u017ena plo\u0161\u010dad. Naslednje pomembno vpra\u0161anje je vi\u0161ina, katero je v splo\u0161nem treba dose\u010di. Ko je poznana tudi ta informacija, se lahko premi\u0161ljeno odlo\u010dite.<br><\/p>\n\n\n\n<h2 class=\"wp-block-heading\"><strong>Rabljeno ali popolnoma novo? Dvi\u017ene naprave JLG za prodajo<\/strong><\/h2>\n\n\n\n<p>Ko se odlo\u010dite za nakup vertikalne dvi\u017ene plo\u0161\u010dadi JLG, lahko izberete med rabljeno ali popolnoma novo. Ne glede na va\u0161e \u017eelje in potrebe je odlo\u010ditev o nakupu vertikalne dvi\u017ene plo\u0161\u010dadi pomembna, strate\u0161ka in predvsem velika odlo\u010ditev za vsako podjetje. Kot mednarodno vodilni na podro\u010dju dostopa na pogon vam bo Riwal z veseljem svetoval ter vam tako omogo\u010dil, da se boste pravilno odlo\u010dili. Z na\u0161imi bogatimi izku\u0161njami na podro\u010dju najema in prodaje re\u0161itev vertikalnih dvi\u017enih plo\u0161\u010dadi vemo, kak\u0161na vrsta vertikalne dvi\u017ene ko\u0161are je prava za vas ter \u010de in zakaj je nakup nove dvi\u017ene plo\u0161\u010dadi prava odlo\u010ditev za va\u0161e podjetje. Glede na obseg, do katerega se uporablja, bo morda zado\u0161\u010dalo, da se odlo\u010dite za nakup rabljene vertikalne dvi\u017ene plo\u0161\u010dadi. \u010ce ne pri\u010dakujete, da boste va\u0161o vertikalno dvi\u017eno plo\u0161\u010dad uporabljali vsakodnevno, se lahko odlo\u010dite tudi za najem. Kot va\u0161 partner za najem dvigal JLG vam Riwal lahko zagotovi to\u010dno pravi tip glede na va\u0161e potrebe.<br><\/p>\n\n\n\n<h3 class=\"wp-block-heading\"><strong>Riwal za va\u0161o vertikalno dvi\u017eno plo\u0161\u010dad JLG<\/strong><\/h3>\n\n\n\n<p>Bodisi da se odlo\u010date za najem ali za nakup vertikalne dvi\u017ene plo\u0161\u010dadi JLG, boste v trenutku, ko boste za\u010deli uporabljati va\u0161o dvi\u017eno ko\u0161aro vedeli, da ste se pravilno odlo\u010dili. JLG je svetovno vodilni na\u010drtovalec in izdelovalec opreme za dostop, zato svojim kupcem vedno lahko zagotavlja mo\u010dne in vsestranske dvi\u017ene delovne plo\u0161\u010dadi, ki so enostavne za uporabo in poskrbijo, da se delo opravi. Z Riwalom kot va\u0161im partnerjem za najem dvi\u017enih naprav znamke JLG ste lahko prepri\u010dani, da boste dobili vertikalno dvi\u017eno plo\u0161\u010dad JLG, ki je to\u010dno prava za delo, ki ga morate opraviti.<\/p>\n<\/div>\n\n\n\n<div class=\"wp-block-column is-layout-flow wp-block-column-is-layout-flow\" style=\"flex-basis:33.33%\">\n<figure class=\"wp-block-image size-full\"><img loading=\"lazy\" decoding=\"async\" width=\"450\" height=\"230\" src=\"https:\/\/eqsk4m2dkju.exactdn.com\/app\/uploads\/sites\/10\/2024\/02\/jlg-teaser-man-lift.webp?strip=all&quality=92&webp=92&avif=80&sharp=1\" alt=\"\" class=\"wp-image-5715\" srcset=\"https:\/\/eqsk4m2dkju.exactdn.com\/app\/uploads\/sites\/10\/2024\/02\/jlg-teaser-man-lift.webp?strip=all&amp;quality=92&amp;webp=92&amp;avif=80&amp;sharp=1 450w, https:\/\/eqsk4m2dkju.exactdn.com\/app\/uploads\/sites\/10\/2024\/02\/jlg-teaser-man-lift-300x153.webp?strip=all&amp;quality=92&amp;webp=92&amp;avif=80&amp;sharp=1 300w, https:\/\/eqsk4m2dkju.exactdn.com\/app\/uploads\/sites\/10\/2024\/02\/jlg-teaser-man-lift-178x91.webp?strip=all&amp;quality=92&amp;webp=92&amp;avif=80&amp;sharp=1 178w, https:\/\/eqsk4m2dkju.exactdn.com\/app\/uploads\/sites\/10\/2024\/02\/jlg-teaser-man-lift-390x199.webp?strip=all&amp;quality=92&amp;webp=92&amp;avif=80&amp;sharp=1 390w, https:\/\/eqsk4m2dkju.exactdn.com\/app\/uploads\/sites\/10\/2024\/02\/jlg-teaser-man-lift-250x128.webp?strip=all&amp;quality=92&amp;webp=92&amp;avif=80&amp;sharp=1 250w, https:\/\/eqsk4m2dkju.exactdn.com\/app\/uploads\/sites\/10\/2024\/02\/jlg-teaser-man-lift-237x121.webp?strip=all&amp;quality=92&amp;webp=92&amp;avif=80&amp;sharp=1 237w, https:\/\/eqsk4m2dkju.exactdn.com\/app\/uploads\/sites\/10\/2024\/02\/jlg-teaser-man-lift.webp?strip=all&amp;quality=92&amp;webp=92&amp;avif=80&amp;sharp=1&amp;w=90 90w\" sizes=\"auto, (max-width: 450px) 100vw, 450px\" \/><\/figure>\n\n\n\n<figure class=\"wp-block-image size-full\"><img loading=\"lazy\" decoding=\"async\" width=\"500\" height=\"364\" src=\"https:\/\/eqsk4m2dkju.exactdn.com\/app\/uploads\/sites\/10\/2024\/02\/DSC_0093-2.webp?strip=all&quality=92&webp=92&avif=80&sharp=1\" alt=\"\" class=\"wp-image-5727\" srcset=\"https:\/\/eqsk4m2dkju.exactdn.com\/app\/uploads\/sites\/10\/2024\/02\/DSC_0093-2.webp?strip=all&amp;quality=92&amp;webp=92&amp;avif=80&amp;sharp=1 500w, https:\/\/eqsk4m2dkju.exactdn.com\/app\/uploads\/sites\/10\/2024\/02\/DSC_0093-2-300x218.webp?strip=all&amp;quality=92&amp;webp=92&amp;avif=80&amp;sharp=1 300w, https:\/\/eqsk4m2dkju.exactdn.com\/app\/uploads\/sites\/10\/2024\/02\/DSC_0093-2-178x130.webp?strip=all&amp;quality=92&amp;webp=92&amp;avif=80&amp;sharp=1 178w, https:\/\/eqsk4m2dkju.exactdn.com\/app\/uploads\/sites\/10\/2024\/02\/DSC_0093-2-390x284.webp?strip=all&amp;quality=92&amp;webp=92&amp;avif=80&amp;sharp=1 390w, https:\/\/eqsk4m2dkju.exactdn.com\/app\/uploads\/sites\/10\/2024\/02\/DSC_0093-2-250x182.webp?strip=all&amp;quality=92&amp;webp=92&amp;avif=80&amp;sharp=1 250w, https:\/\/eqsk4m2dkju.exactdn.com\/app\/uploads\/sites\/10\/2024\/02\/DSC_0093-2-237x173.webp?strip=all&amp;quality=92&amp;webp=92&amp;avif=80&amp;sharp=1 237w, https:\/\/eqsk4m2dkju.exactdn.com\/app\/uploads\/sites\/10\/2024\/02\/DSC_0093-2-474x345.webp?strip=all&amp;quality=92&amp;webp=92&amp;avif=80&amp;sharp=1 474w, https:\/\/eqsk4m2dkju.exactdn.com\/app\/uploads\/sites\/10\/2024\/02\/DSC_0093-2.webp?strip=all&amp;quality=92&amp;webp=92&amp;avif=80&amp;sharp=1&amp;w=100 100w\" sizes=\"auto, (max-width: 500px) 100vw, 500px\" \/><\/figure>\n\n\n\n<p><strong>Vas zanima?<\/strong><\/p>\n\n\n\n<p>info_si@riwal.com<\/p>\n\n\n\n<p>Pokli\u010dite nas: 01 544 34 34<\/p>\n\n\n\n<div class=\"wp-block-buttons is-layout-flex wp-block-buttons-is-layout-flex\">\n<div class=\"wp-block-button\"><a class=\"wp-block-button__link wp-element-button\" href=\"https:\/\/www.riwal.com\/sl\/najem\/\">Oprema za najem<\/a><\/div>\n<\/div>\n\n\n\n<div class=\"wp-block-buttons is-layout-flex wp-block-buttons-is-layout-flex\">\n<div class=\"wp-block-button\"><a class=\"wp-block-button__link wp-element-button\" href=\"https:\/\/www.riwal.com\/sl\/prodaja\/rabljene-dvizne-naprave\/\">Rabljene naprave za prodajo<\/a><\/div>\n<\/div>\n\n\n\n<div class=\"wp-block-columns is-layout-flex wp-container-core-columns-is-layout-28f84493 wp-block-columns-is-layout-flex\">\n<div class=\"wp-block-column is-layout-flow wp-block-column-is-layout-flow\"><\/div>\n\n\n\n<div class=\"wp-block-column is-layout-flow wp-block-column-is-layout-flow\"><\/div>\n<\/div>\n<\/div>\n<\/div>\n<\/div>\n\t\t\t\t\t\t\t<\/div> ","protected":false},"excerpt":{"rendered":"<p>Vertikalna dvi\u017ena ko\u0161ara JLG Kadar se od va\u0161ih zaposlenih zahteva, da redno izvajajo delo na vi\u0161ini in da med izvajanjem vzdr\u017eevalnih deli ali popravil posegajo v majhne ali ozke prostore, potrebujete re\u0161itve vertikalne dvi\u017ene plo\u0161\u010dadi, ki omogo\u010da popoln dostop v te ozke vogale ali koridorje. V tem primeru je nalo\u017eba v visoko kakovostno vertikalno dvi\u017eno &hellip; <a href=\"https:\/\/www.riwal.com\/sl\/o-riwalu\/kategorije-naprav\/jlg-vertikalni-dvig\/\">Se nadaljuje<\/a><\/p>\n","protected":false},"author":45,"featured_media":0,"parent":5700,"menu_order":0,"comment_status":"closed","ping_status":"closed","template":"","meta":{"_acf_changed":false,"footnotes":""},"class_list":["post-5745","page","type-page","status-publish","hentry"],"acf":[],"yoast_head":"<!-- This site is optimized with the Yoast SEO Premium plugin v27.1 (Yoast SEO v27.1.1) - https:\/\/yoast.com\/product\/yoast-seo-premium-wordpress\/ -->\n<title>JLG vertikalni dvig - Riwal Slovenija<\/title>\n<meta name=\"robots\" content=\"index, follow, max-snippet:-1, max-image-preview:large, max-video-preview:-1\" \/>\n<link rel=\"canonical\" href=\"https:\/\/www.riwal.com\/sl\/o-riwalu\/kategorije-naprav\/jlg-vertikalni-dvig\/\" \/>\n<meta property=\"og:locale\" content=\"sl_SI\" \/>\n<meta property=\"og:type\" content=\"article\" \/>\n<meta property=\"og:title\" content=\"JLG vertikalni dvig\" \/>\n<meta property=\"og:description\" content=\"Vertikalna dvi\u017ena ko\u0161ara JLG Kadar se od va\u0161ih zaposlenih zahteva, da redno izvajajo delo na vi\u0161ini in da med izvajanjem vzdr\u017eevalnih deli ali popravil posegajo v majhne ali ozke prostore, potrebujete re\u0161itve vertikalne dvi\u017ene plo\u0161\u010dadi, ki omogo\u010da popoln dostop v te ozke vogale ali koridorje. V tem primeru je nalo\u017eba v visoko kakovostno vertikalno dvi\u017eno &hellip; Se nadaljuje\" \/>\n<meta property=\"og:url\" content=\"https:\/\/www.riwal.com\/sl\/o-riwalu\/kategorije-naprav\/jlg-vertikalni-dvig\/\" \/>\n<meta property=\"og:site_name\" content=\"Riwal Slovenija\" \/>\n<meta property=\"og:image\" content=\"https:\/\/www.riwal.com\/app\/uploads\/sites\/10\/2024\/02\/jlg-teaser-man-lift.webp\" \/>\n<meta name=\"twitter:card\" content=\"summary_large_image\" \/>\n<meta name=\"twitter:label1\" content=\"Est. reading time\" \/>\n\t<meta name=\"twitter:data1\" content=\"5 minut\" \/>\n<script type=\"application\/ld+json\" class=\"yoast-schema-graph\">{\"@context\":\"https:\/\/schema.org\",\"@graph\":[{\"@type\":\"WebPage\",\"@id\":\"https:\/\/www.riwal.com\/sl\/o-riwalu\/kategorije-naprav\/jlg-vertikalni-dvig\/\",\"url\":\"https:\/\/www.riwal.com\/sl\/o-riwalu\/kategorije-naprav\/jlg-vertikalni-dvig\/\",\"name\":\"JLG vertikalni dvig - Riwal Slovenija\",\"isPartOf\":{\"@id\":\"https:\/\/www.riwal.com\/sl\/#website\"},\"primaryImageOfPage\":{\"@id\":\"https:\/\/www.riwal.com\/sl\/o-riwalu\/kategorije-naprav\/jlg-vertikalni-dvig\/#primaryimage\"},\"image\":{\"@id\":\"https:\/\/www.riwal.com\/sl\/o-riwalu\/kategorije-naprav\/jlg-vertikalni-dvig\/#primaryimage\"},\"thumbnailUrl\":\"https:\/\/www.riwal.com\/app\/uploads\/sites\/10\/2024\/02\/jlg-teaser-man-lift.webp\",\"datePublished\":\"2024-02-06T08:37:40+00:00\",\"breadcrumb\":{\"@id\":\"https:\/\/www.riwal.com\/sl\/o-riwalu\/kategorije-naprav\/jlg-vertikalni-dvig\/#breadcrumb\"},\"inLanguage\":\"sl-SI\",\"potentialAction\":[{\"@type\":\"ReadAction\",\"target\":[\"https:\/\/www.riwal.com\/sl\/o-riwalu\/kategorije-naprav\/jlg-vertikalni-dvig\/\"]}]},{\"@type\":\"ImageObject\",\"inLanguage\":\"sl-SI\",\"@id\":\"https:\/\/www.riwal.com\/sl\/o-riwalu\/kategorije-naprav\/jlg-vertikalni-dvig\/#primaryimage\",\"url\":\"https:\/\/www.riwal.com\/app\/uploads\/sites\/10\/2024\/02\/jlg-teaser-man-lift.webp\",\"contentUrl\":\"https:\/\/www.riwal.com\/app\/uploads\/sites\/10\/2024\/02\/jlg-teaser-man-lift.webp\"},{\"@type\":\"BreadcrumbList\",\"@id\":\"https:\/\/www.riwal.com\/sl\/o-riwalu\/kategorije-naprav\/jlg-vertikalni-dvig\/#breadcrumb\",\"itemListElement\":[{\"@type\":\"ListItem\",\"position\":1,\"name\":\"Domov\",\"item\":\"https:\/\/www.riwal.com\/sl\/\"},{\"@type\":\"ListItem\",\"position\":2,\"name\":\"O riwalu\",\"item\":\"https:\/\/www.riwal.com\/sl\/o-riwalu\/\"},{\"@type\":\"ListItem\",\"position\":3,\"name\":\"Kategorije naprav\",\"item\":\"https:\/\/www.riwal.com\/sl\/o-riwalu\/kategorije-naprav\/\"},{\"@type\":\"ListItem\",\"position\":4,\"name\":\"JLG vertikalni dvig\"}]},{\"@type\":\"WebSite\",\"@id\":\"https:\/\/www.riwal.com\/sl\/#website\",\"url\":\"https:\/\/www.riwal.com\/sl\/\",\"name\":\"Riwal\",\"description\":\"Arial work platform &amp; Telehandler Rental\/Sales\",\"publisher\":{\"@id\":\"https:\/\/www.riwal.com\/sl\/#organization\"},\"potentialAction\":[{\"@type\":\"SearchAction\",\"target\":{\"@type\":\"EntryPoint\",\"urlTemplate\":\"https:\/\/www.riwal.com\/sl\/?s={search_term_string}\"},\"query-input\":{\"@type\":\"PropertyValueSpecification\",\"valueRequired\":true,\"valueName\":\"search_term_string\"}}],\"inLanguage\":\"sl-SI\"},{\"@type\":\"Organization\",\"@id\":\"https:\/\/www.riwal.com\/sl\/#organization\",\"name\":\"Riwal\",\"url\":\"https:\/\/www.riwal.com\/sl\/\",\"logo\":{\"@type\":\"ImageObject\",\"inLanguage\":\"sl-SI\",\"@id\":\"https:\/\/www.riwal.com\/sl\/#\/schema\/logo\/image\/\",\"url\":\"\",\"contentUrl\":\"\",\"caption\":\"Riwal\"},\"image\":{\"@id\":\"https:\/\/www.riwal.com\/sl\/#\/schema\/logo\/image\/\"}}]}<\/script>\n<!-- \/ Yoast SEO Premium plugin. -->","yoast_head_json":{"title":"JLG vertikalni dvig - Riwal Slovenija","robots":{"index":"index","follow":"follow","max-snippet":"max-snippet:-1","max-image-preview":"max-image-preview:large","max-video-preview":"max-video-preview:-1"},"canonical":"https:\/\/www.riwal.com\/sl\/o-riwalu\/kategorije-naprav\/jlg-vertikalni-dvig\/","og_locale":"sl_SI","og_type":"article","og_title":"JLG vertikalni dvig","og_description":"Vertikalna dvi\u017ena ko\u0161ara JLG Kadar se od va\u0161ih zaposlenih zahteva, da redno izvajajo delo na vi\u0161ini in da med izvajanjem vzdr\u017eevalnih deli ali popravil posegajo v majhne ali ozke prostore, potrebujete re\u0161itve vertikalne dvi\u017ene plo\u0161\u010dadi, ki omogo\u010da popoln dostop v te ozke vogale ali koridorje. V tem primeru je nalo\u017eba v visoko kakovostno vertikalno dvi\u017eno &hellip; Se nadaljuje","og_url":"https:\/\/www.riwal.com\/sl\/o-riwalu\/kategorije-naprav\/jlg-vertikalni-dvig\/","og_site_name":"Riwal Slovenija","og_image":[{"url":"https:\/\/www.riwal.com\/app\/uploads\/sites\/10\/2024\/02\/jlg-teaser-man-lift.webp","type":"","width":"","height":""}],"twitter_card":"summary_large_image","twitter_misc":{"Est. reading time":"5 minut"},"schema":{"@context":"https:\/\/schema.org","@graph":[{"@type":"WebPage","@id":"https:\/\/www.riwal.com\/sl\/o-riwalu\/kategorije-naprav\/jlg-vertikalni-dvig\/","url":"https:\/\/www.riwal.com\/sl\/o-riwalu\/kategorije-naprav\/jlg-vertikalni-dvig\/","name":"JLG vertikalni dvig - Riwal Slovenija","isPartOf":{"@id":"https:\/\/www.riwal.com\/sl\/#website"},"primaryImageOfPage":{"@id":"https:\/\/www.riwal.com\/sl\/o-riwalu\/kategorije-naprav\/jlg-vertikalni-dvig\/#primaryimage"},"image":{"@id":"https:\/\/www.riwal.com\/sl\/o-riwalu\/kategorije-naprav\/jlg-vertikalni-dvig\/#primaryimage"},"thumbnailUrl":"https:\/\/www.riwal.com\/app\/uploads\/sites\/10\/2024\/02\/jlg-teaser-man-lift.webp","datePublished":"2024-02-06T08:37:40+00:00","breadcrumb":{"@id":"https:\/\/www.riwal.com\/sl\/o-riwalu\/kategorije-naprav\/jlg-vertikalni-dvig\/#breadcrumb"},"inLanguage":"sl-SI","potentialAction":[{"@type":"ReadAction","target":["https:\/\/www.riwal.com\/sl\/o-riwalu\/kategorije-naprav\/jlg-vertikalni-dvig\/"]}]},{"@type":"ImageObject","inLanguage":"sl-SI","@id":"https:\/\/www.riwal.com\/sl\/o-riwalu\/kategorije-naprav\/jlg-vertikalni-dvig\/#primaryimage","url":"https:\/\/www.riwal.com\/app\/uploads\/sites\/10\/2024\/02\/jlg-teaser-man-lift.webp","contentUrl":"https:\/\/www.riwal.com\/app\/uploads\/sites\/10\/2024\/02\/jlg-teaser-man-lift.webp"},{"@type":"BreadcrumbList","@id":"https:\/\/www.riwal.com\/sl\/o-riwalu\/kategorije-naprav\/jlg-vertikalni-dvig\/#breadcrumb","itemListElement":[{"@type":"ListItem","position":1,"name":"Domov","item":"https:\/\/www.riwal.com\/sl\/"},{"@type":"ListItem","position":2,"name":"O riwalu","item":"https:\/\/www.riwal.com\/sl\/o-riwalu\/"},{"@type":"ListItem","position":3,"name":"Kategorije naprav","item":"https:\/\/www.riwal.com\/sl\/o-riwalu\/kategorije-naprav\/"},{"@type":"ListItem","position":4,"name":"JLG vertikalni dvig"}]},{"@type":"WebSite","@id":"https:\/\/www.riwal.com\/sl\/#website","url":"https:\/\/www.riwal.com\/sl\/","name":"Riwal","description":"Arial work platform &amp; Telehandler Rental\/Sales","publisher":{"@id":"https:\/\/www.riwal.com\/sl\/#organization"},"potentialAction":[{"@type":"SearchAction","target":{"@type":"EntryPoint","urlTemplate":"https:\/\/www.riwal.com\/sl\/?s={search_term_string}"},"query-input":{"@type":"PropertyValueSpecification","valueRequired":true,"valueName":"search_term_string"}}],"inLanguage":"sl-SI"},{"@type":"Organization","@id":"https:\/\/www.riwal.com\/sl\/#organization","name":"Riwal","url":"https:\/\/www.riwal.com\/sl\/","logo":{"@type":"ImageObject","inLanguage":"sl-SI","@id":"https:\/\/www.riwal.com\/sl\/#\/schema\/logo\/image\/","url":"","contentUrl":"","caption":"Riwal"},"image":{"@id":"https:\/\/www.riwal.com\/sl\/#\/schema\/logo\/image\/"}}]}},"_links":{"self":[{"href":"https:\/\/www.riwal.com\/sl\/wp-json\/wp\/v2\/pages\/5745","targetHints":{"allow":["GET"]}}],"collection":[{"href":"https:\/\/www.riwal.com\/sl\/wp-json\/wp\/v2\/pages"}],"about":[{"href":"https:\/\/www.riwal.com\/sl\/wp-json\/wp\/v2\/types\/page"}],"author":[{"embeddable":true,"href":"https:\/\/www.riwal.com\/sl\/wp-json\/wp\/v2\/users\/45"}],"replies":[{"embeddable":true,"href":"https:\/\/www.riwal.com\/sl\/wp-json\/wp\/v2\/comments?post=5745"}],"version-history":[{"count":1,"href":"https:\/\/www.riwal.com\/sl\/wp-json\/wp\/v2\/pages\/5745\/revisions"}],"predecessor-version":[{"id":5746,"href":"https:\/\/www.riwal.com\/sl\/wp-json\/wp\/v2\/pages\/5745\/revisions\/5746"}],"up":[{"embeddable":true,"href":"https:\/\/www.riwal.com\/sl\/wp-json\/wp\/v2\/pages\/5700"}],"wp:attachment":[{"href":"https:\/\/www.riwal.com\/sl\/wp-json\/wp\/v2\/media?parent=5745"}],"curies":[{"name":"wp","href":"https:\/\/api.w.org\/{rel}","templated":true}]}}