{"id":5743,"date":"2024-02-06T08:36:15","date_gmt":"2024-02-06T08:36:15","guid":{"rendered":"https:\/\/www.riwal.com\/sl\/?page_id=5743"},"modified":"2024-02-06T08:36:15","modified_gmt":"2024-02-06T08:36:15","slug":"skarjasta-ploscad-genie","status":"publish","type":"page","link":"https:\/\/www.riwal.com\/sl\/o-riwalu\/kategorije-naprav\/skarjasta-ploscad-genie\/","title":{"rendered":"\u0160karjasta plo\u0161\u010dad Genie"},"content":{"rendered":"<div class=\"container\">\n<h2 class=\"wp-block-heading\" id=\"h-skarjasta-dvizna-ploscad-genie\">\u0160karjasta dvi\u017ena plo\u0161\u010dad Genie<\/h2>\n<\/div>\n\n<div class=\"rental-wp-default-block rental-theme-block-default-margin\">\n\t\t\t\t\t\t\t\t<div class=\"container\">\n<div class=\"wp-block-columns is-layout-flex wp-container-core-columns-is-layout-28f84493 wp-block-columns-is-layout-flex\">\n<div class=\"wp-block-column is-layout-flow wp-block-column-is-layout-flow\" style=\"flex-basis:66.66%\">\n<p><img decoding=\"async\" src=\"https:\/\/eqsk4m2dkju.exactdn.com\/-\/media\/Riwal-Slovenia\/Slike\/Novice\/DSC_0093-(2).jpg?strip=all&quality=92&webp=92&avif=80&sharp=1&w=1920\" alt=\"\"><\/p>\n\n\n\n<p>Ali ste se zna\u0161li v situaciji, ko morate opraviti delo na vi\u0161ini, vendar pa nimate prave opreme za dviganje, da bi spravili sebe in material na mesto, kjer je treba opraviti delo? S svojo obse\u017eno delovno plo\u0161\u010dadjo je \u0161karjasto dvigalo pravi&nbsp; kos opreme za va\u0161e podjetje, posel ali projekt. Zagotovite si opremo vrhunske kakovosti z najemom ali nakupom \u0161karjaste plo\u0161\u010dadi Genie. Izdelano pri vodilnem proizvajalcu in razvijalcu re\u0161itev za dviganje bo \u0161karjasta dvi\u017ena plo\u0161\u010dad Genie vsakogar in vse dvignilo na katerokoli vi\u0161ino. Pri Riwalu boste na\u0161li obse\u017eno floto Genie za najem, kot tudi veliko \u0161tevilo dvi\u017enih re\u0161itev Genie za prodajo. Va\u0161e \u0161karjasto plo\u0161\u010dad Genie vam je na dosegu, z Riwalom.<\/p>\n\n\n\n<h2 class=\"wp-block-heading\"><strong>Kaj \u0161karjasto dvigalo Genie omogo\u010da?<\/strong><\/h2>\n\n\n\n<p>Izmed vseh dvi\u017enih delovnih plo\u0161\u010dadi vam \u0161karjasta plo\u0161\u010dad nudi najve\u010d delovnega prostora na vi\u0161ini. &nbsp;S svojo \u0161iroko plo\u0161\u010dadjo in \u010dvrstim ter masivnim podno\u017ejem \u0161karjasto dvigalo Genie omogo\u010da prostor za premikanje naokrog, kot tudi najvi\u0161ji nivo varnosti. Vendar pa, katera \u0161karjasta dvi\u017ena plo\u0161\u010dad Genie je prava izbira za vas? Pri Riwalu lahko izbirate med veliko razli\u010dnimi napravami. Imate raje plo\u0161\u010dad z dizelskim motorjem ali pa vam je ljub\u0161i baterijski pogon? Oba tipa pogonov sta primerna za delo na velikih vi\u0161inah. Vendar pa je dvi\u017ena plo\u0161\u010dad z dizelskim pogonom bolj primerna za delo zunaj, medtem ko je baterijska \u0161karjasta plo\u0161\u010dad primerna tako za delo zunaj kot notri. Kadar izvajate delo na grobem terenu, kadar morate transportirati te\u017eko opremo ali kadar morate delati prek razli\u010dnih povr\u0161in, pa je prava izbira dizelski model.<br><\/p>\n\n\n\n<h2 class=\"wp-block-heading\"><strong>Najem dvigala Genie<\/strong><\/h2>\n\n\n\n<p>Riwal&nbsp; je poznan po svoji obse\u017eni floti naprav za najem, ki vklju\u010duje razli\u010dne tipe opreme za dviganje Genie. Na\u0161a \u0161iroka paleta \u0161karjastih plo\u0161\u010dadi Genie vam zagotavlja, da boste za va\u0161 projekt ali za va\u0161e podjetje na\u0161li pravo napravo, ki izpolnjuje vse va\u0161e zahteve. Na\u0161i strokovnjaki so vas vedno pripravljeni informirati o razli\u010dnih mo\u017enostih, ki jih ponujajo na\u0161i razli\u010dni stroji. Kontaktirajte nas za ve\u010d informacij.<br><\/p>\n\n\n\n<h2 class=\"wp-block-heading\"><strong>Dvigalo Genie za prodajo<\/strong><\/h2>\n\n\n\n<p>Odlo\u010dite se lahko tudi za nalo\u017ebo v va\u0161o lastno najsodobnej\u0161o \u0161karjasto dvi\u017eno plo\u0161\u010dad Genie. To pomeni, da boste lahko u\u017eivali v vseh tehnikah izbolj\u0161anja produktivnosti, ki jih Genie vsakodnevno nudi. Dovolite, da vam svetuje ekipa na\u0161ih prodajnih strokovnjakov. Na\u0161i strokovnjaki natan\u010dno vedo, kateri tip \u0161karjastege plo\u0161\u010dadi je najbolj primeren za va\u0161o vrsto dela in za specifi\u010dno nalogo, ki jo nameravate z va\u0161im \u0161karjastim dvigalom opraviti. Ne glede na to, ali se odlo\u010date za novo ali za rabljeno \u0161karjasto plo\u0161\u010dad, vam lahko zagotovimo, da imamo pravo \u0161karjasto plo\u0161\u010dad Genie za prodajo za va\u0161e podjetje ali za va\u0161 projekt. Upo\u0161tevajte nasvet na\u0161ih strokovnjakov in se na osnovi prejetih informacij premi\u0161ljeno odlo\u010dite.<br><\/p>\n\n\n\n<h2 class=\"wp-block-heading\"><strong>Poi\u0161\u010dite va\u0161e \u0161karjasto dvigalo Genie pri Riwalu<\/strong><\/h2>\n\n\n\n<p>Ali morda potrebujete svojo lastno \u0161karjasto plo\u0161\u010dad ali pa i\u0161\u010dete zanesljivega partnerja Genie za najem, s katerim si zagotovite Genie \u0161karjasto plo\u0161\u010dad za samo dolo\u010deno \u010dasovno obdobje? Riwal je tu za vas, s svojim strokovnim svetovanjem, vrhunsko storitvijo in naj\u0161ir\u0161o raznolikostjo re\u0161itev za delo na vi\u0161ini na svetu. Na\u0161im strankam vedno dobavljamo najbolj\u0161o opremo, ne glede na to, kak\u0161en stroj najamejo ali kupijo pri nas. Na\u0161e \u0161karjaste plo\u0161\u010dadi lahko tudi prikrojimo tako, da bodo ustrezala va\u0161im specifi\u010dnim zahtevam. Kontaktirajte na\u0161o strokovno ekipo za ve\u010d informacij in poi\u0161\u010dite \u0161karjasto plo\u0161\u010dad Genie, ki se najbolj prilega potrebam va\u0161ega podjetja ali projekta.<\/p>\n<\/div>\n\n\n\n<div class=\"wp-block-column is-layout-flow wp-block-column-is-layout-flow\" style=\"flex-basis:33.33%\">\n<figure class=\"wp-block-image size-full\"><img loading=\"lazy\" decoding=\"async\" width=\"800\" height=\"565\" src=\"https:\/\/eqsk4m2dkju.exactdn.com\/app\/uploads\/sites\/10\/2024\/02\/genie-scissor-lift-teaser.webp?strip=all&quality=92&webp=92&avif=80&sharp=1\" alt=\"\" class=\"wp-image-5714\" srcset=\"https:\/\/eqsk4m2dkju.exactdn.com\/app\/uploads\/sites\/10\/2024\/02\/genie-scissor-lift-teaser.webp?strip=all&amp;quality=92&amp;webp=92&amp;avif=80&amp;sharp=1 800w, https:\/\/eqsk4m2dkju.exactdn.com\/app\/uploads\/sites\/10\/2024\/02\/genie-scissor-lift-teaser-300x212.webp?strip=all&amp;quality=92&amp;webp=92&amp;avif=80&amp;sharp=1 300w, https:\/\/eqsk4m2dkju.exactdn.com\/app\/uploads\/sites\/10\/2024\/02\/genie-scissor-lift-teaser-768x542.webp?strip=all&amp;quality=92&amp;webp=92&amp;avif=80&amp;sharp=1 768w, https:\/\/eqsk4m2dkju.exactdn.com\/app\/uploads\/sites\/10\/2024\/02\/genie-scissor-lift-teaser-178x126.webp?strip=all&amp;quality=92&amp;webp=92&amp;avif=80&amp;sharp=1 178w, https:\/\/eqsk4m2dkju.exactdn.com\/app\/uploads\/sites\/10\/2024\/02\/genie-scissor-lift-teaser-390x275.webp?strip=all&amp;quality=92&amp;webp=92&amp;avif=80&amp;sharp=1 390w, https:\/\/eqsk4m2dkju.exactdn.com\/app\/uploads\/sites\/10\/2024\/02\/genie-scissor-lift-teaser-250x177.webp?strip=all&amp;quality=92&amp;webp=92&amp;avif=80&amp;sharp=1 250w, https:\/\/eqsk4m2dkju.exactdn.com\/app\/uploads\/sites\/10\/2024\/02\/genie-scissor-lift-teaser-620x438.webp?strip=all&amp;quality=92&amp;webp=92&amp;avif=80&amp;sharp=1 620w, https:\/\/eqsk4m2dkju.exactdn.com\/app\/uploads\/sites\/10\/2024\/02\/genie-scissor-lift-teaser-237x167.webp?strip=all&amp;quality=92&amp;webp=92&amp;avif=80&amp;sharp=1 237w, https:\/\/eqsk4m2dkju.exactdn.com\/app\/uploads\/sites\/10\/2024\/02\/genie-scissor-lift-teaser-474x335.webp?strip=all&amp;quality=92&amp;webp=92&amp;avif=80&amp;sharp=1 474w\" sizes=\"auto, (max-width: 800px) 100vw, 800px\" \/><\/figure>\n\n\n\n<figure class=\"wp-block-image size-full\"><img loading=\"lazy\" decoding=\"async\" width=\"500\" height=\"364\" src=\"https:\/\/eqsk4m2dkju.exactdn.com\/app\/uploads\/sites\/10\/2024\/02\/DSC_0093-2.webp?strip=all&quality=92&webp=92&avif=80&sharp=1\" alt=\"\" class=\"wp-image-5727\" srcset=\"https:\/\/eqsk4m2dkju.exactdn.com\/app\/uploads\/sites\/10\/2024\/02\/DSC_0093-2.webp?strip=all&amp;quality=92&amp;webp=92&amp;avif=80&amp;sharp=1 500w, https:\/\/eqsk4m2dkju.exactdn.com\/app\/uploads\/sites\/10\/2024\/02\/DSC_0093-2-300x218.webp?strip=all&amp;quality=92&amp;webp=92&amp;avif=80&amp;sharp=1 300w, https:\/\/eqsk4m2dkju.exactdn.com\/app\/uploads\/sites\/10\/2024\/02\/DSC_0093-2-178x130.webp?strip=all&amp;quality=92&amp;webp=92&amp;avif=80&amp;sharp=1 178w, https:\/\/eqsk4m2dkju.exactdn.com\/app\/uploads\/sites\/10\/2024\/02\/DSC_0093-2-390x284.webp?strip=all&amp;quality=92&amp;webp=92&amp;avif=80&amp;sharp=1 390w, https:\/\/eqsk4m2dkju.exactdn.com\/app\/uploads\/sites\/10\/2024\/02\/DSC_0093-2-250x182.webp?strip=all&amp;quality=92&amp;webp=92&amp;avif=80&amp;sharp=1 250w, https:\/\/eqsk4m2dkju.exactdn.com\/app\/uploads\/sites\/10\/2024\/02\/DSC_0093-2-237x173.webp?strip=all&amp;quality=92&amp;webp=92&amp;avif=80&amp;sharp=1 237w, https:\/\/eqsk4m2dkju.exactdn.com\/app\/uploads\/sites\/10\/2024\/02\/DSC_0093-2-474x345.webp?strip=all&amp;quality=92&amp;webp=92&amp;avif=80&amp;sharp=1 474w, https:\/\/eqsk4m2dkju.exactdn.com\/app\/uploads\/sites\/10\/2024\/02\/DSC_0093-2.webp?strip=all&amp;quality=92&amp;webp=92&amp;avif=80&amp;sharp=1&amp;w=100 100w\" sizes=\"auto, (max-width: 500px) 100vw, 500px\" \/><\/figure>\n\n\n\n<p><strong>Vas zanima?<\/strong><\/p>\n\n\n\n<p>info_si@riwal.com<\/p>\n\n\n\n<p>Pokli\u010dite nas: 01 544 34 34<\/p>\n\n\n\n<div class=\"wp-block-buttons is-layout-flex wp-block-buttons-is-layout-flex\">\n<div class=\"wp-block-button\"><a class=\"wp-block-button__link wp-element-button\" href=\"https:\/\/www.riwal.com\/sl\/najem\/\">Oprema za najem<\/a><\/div>\n<\/div>\n\n\n\n<div class=\"wp-block-buttons is-layout-flex wp-block-buttons-is-layout-flex\">\n<div class=\"wp-block-button\"><a class=\"wp-block-button__link wp-element-button\" href=\"https:\/\/www.riwal.com\/sl\/prodaja\/rabljene-dvizne-naprave\/\">Rabljene naprave za prodajo<\/a><\/div>\n<\/div>\n\n\n\n<div class=\"wp-block-columns is-layout-flex wp-container-core-columns-is-layout-28f84493 wp-block-columns-is-layout-flex\">\n<div class=\"wp-block-column is-layout-flow wp-block-column-is-layout-flow\"><\/div>\n\n\n\n<div class=\"wp-block-column is-layout-flow wp-block-column-is-layout-flow\"><\/div>\n<\/div>\n<\/div>\n<\/div>\n<\/div>\n\t\t\t\t\t\t\t<\/div> ","protected":false},"excerpt":{"rendered":"<p>\u0160karjasta dvi\u017ena plo\u0161\u010dad Genie Ali ste se zna\u0161li v situaciji, ko morate opraviti delo na vi\u0161ini, vendar pa nimate prave opreme za dviganje, da bi spravili sebe in material na mesto, kjer je treba opraviti delo? S svojo obse\u017eno delovno plo\u0161\u010dadjo je \u0161karjasto dvigalo pravi&nbsp; kos opreme za va\u0161e podjetje, posel ali projekt. Zagotovite si &hellip; <a href=\"https:\/\/www.riwal.com\/sl\/o-riwalu\/kategorije-naprav\/skarjasta-ploscad-genie\/\">Se nadaljuje<\/a><\/p>\n","protected":false},"author":45,"featured_media":0,"parent":5700,"menu_order":0,"comment_status":"closed","ping_status":"closed","template":"","meta":{"_acf_changed":false,"footnotes":""},"class_list":["post-5743","page","type-page","status-publish","hentry"],"acf":[],"yoast_head":"<!-- This site is optimized with the Yoast SEO Premium plugin v27.1 (Yoast SEO v27.1.1) - https:\/\/yoast.com\/product\/yoast-seo-premium-wordpress\/ -->\n<title>\u0160karjasta plo\u0161\u010dad Genie - Riwal Slovenija<\/title>\n<meta name=\"robots\" content=\"index, follow, max-snippet:-1, max-image-preview:large, max-video-preview:-1\" \/>\n<link rel=\"canonical\" href=\"https:\/\/www.riwal.com\/sl\/o-riwalu\/kategorije-naprav\/skarjasta-ploscad-genie\/\" \/>\n<meta property=\"og:locale\" content=\"sl_SI\" \/>\n<meta property=\"og:type\" content=\"article\" \/>\n<meta property=\"og:title\" content=\"\u0160karjasta plo\u0161\u010dad Genie\" \/>\n<meta property=\"og:description\" content=\"\u0160karjasta dvi\u017ena plo\u0161\u010dad Genie Ali ste se zna\u0161li v situaciji, ko morate opraviti delo na vi\u0161ini, vendar pa nimate prave opreme za dviganje, da bi spravili sebe in material na mesto, kjer je treba opraviti delo? S svojo obse\u017eno delovno plo\u0161\u010dadjo je \u0161karjasto dvigalo pravi&nbsp; kos opreme za va\u0161e podjetje, posel ali projekt. Zagotovite si &hellip; Se nadaljuje\" \/>\n<meta property=\"og:url\" content=\"https:\/\/www.riwal.com\/sl\/o-riwalu\/kategorije-naprav\/skarjasta-ploscad-genie\/\" \/>\n<meta property=\"og:site_name\" content=\"Riwal Slovenija\" \/>\n<meta property=\"og:image\" content=\"https:\/\/www.riwal.com\/-\/media\/Riwal-Slovenia\/Slike\/Novice\/DSC_0093-(2).jpg?h=364&amp;w=500&amp;la=sl-SI&amp;hash=3D7C2600F4B5325725E921F078A52925490EECC7\" \/>\n<meta name=\"twitter:card\" content=\"summary_large_image\" \/>\n<meta name=\"twitter:label1\" content=\"Est. reading time\" \/>\n\t<meta name=\"twitter:data1\" content=\"4 minute\" \/>\n<script type=\"application\/ld+json\" class=\"yoast-schema-graph\">{\"@context\":\"https:\/\/schema.org\",\"@graph\":[{\"@type\":\"WebPage\",\"@id\":\"https:\/\/www.riwal.com\/sl\/o-riwalu\/kategorije-naprav\/skarjasta-ploscad-genie\/\",\"url\":\"https:\/\/www.riwal.com\/sl\/o-riwalu\/kategorije-naprav\/skarjasta-ploscad-genie\/\",\"name\":\"\u0160karjasta plo\u0161\u010dad Genie - Riwal Slovenija\",\"isPartOf\":{\"@id\":\"https:\/\/www.riwal.com\/sl\/#website\"},\"primaryImageOfPage\":{\"@id\":\"https:\/\/www.riwal.com\/sl\/o-riwalu\/kategorije-naprav\/skarjasta-ploscad-genie\/#primaryimage\"},\"image\":{\"@id\":\"https:\/\/www.riwal.com\/sl\/o-riwalu\/kategorije-naprav\/skarjasta-ploscad-genie\/#primaryimage\"},\"thumbnailUrl\":\"https:\/\/www.riwal.com\/-\/media\/Riwal-Slovenia\/Slike\/Novice\/DSC_0093-(2).jpg?h=364&amp;w=500&amp;la=sl-SI&amp;hash=3D7C2600F4B5325725E921F078A52925490EECC7\",\"datePublished\":\"2024-02-06T08:36:15+00:00\",\"breadcrumb\":{\"@id\":\"https:\/\/www.riwal.com\/sl\/o-riwalu\/kategorije-naprav\/skarjasta-ploscad-genie\/#breadcrumb\"},\"inLanguage\":\"sl-SI\",\"potentialAction\":[{\"@type\":\"ReadAction\",\"target\":[\"https:\/\/www.riwal.com\/sl\/o-riwalu\/kategorije-naprav\/skarjasta-ploscad-genie\/\"]}]},{\"@type\":\"ImageObject\",\"inLanguage\":\"sl-SI\",\"@id\":\"https:\/\/www.riwal.com\/sl\/o-riwalu\/kategorije-naprav\/skarjasta-ploscad-genie\/#primaryimage\",\"url\":\"https:\/\/www.riwal.com\/-\/media\/Riwal-Slovenia\/Slike\/Novice\/DSC_0093-(2).jpg?h=364&amp;w=500&amp;la=sl-SI&amp;hash=3D7C2600F4B5325725E921F078A52925490EECC7\",\"contentUrl\":\"https:\/\/www.riwal.com\/-\/media\/Riwal-Slovenia\/Slike\/Novice\/DSC_0093-(2).jpg?h=364&amp;w=500&amp;la=sl-SI&amp;hash=3D7C2600F4B5325725E921F078A52925490EECC7\"},{\"@type\":\"BreadcrumbList\",\"@id\":\"https:\/\/www.riwal.com\/sl\/o-riwalu\/kategorije-naprav\/skarjasta-ploscad-genie\/#breadcrumb\",\"itemListElement\":[{\"@type\":\"ListItem\",\"position\":1,\"name\":\"Domov\",\"item\":\"https:\/\/www.riwal.com\/sl\/\"},{\"@type\":\"ListItem\",\"position\":2,\"name\":\"O riwalu\",\"item\":\"https:\/\/www.riwal.com\/sl\/o-riwalu\/\"},{\"@type\":\"ListItem\",\"position\":3,\"name\":\"Kategorije naprav\",\"item\":\"https:\/\/www.riwal.com\/sl\/o-riwalu\/kategorije-naprav\/\"},{\"@type\":\"ListItem\",\"position\":4,\"name\":\"\u0160karjasta plo\u0161\u010dad Genie\"}]},{\"@type\":\"WebSite\",\"@id\":\"https:\/\/www.riwal.com\/sl\/#website\",\"url\":\"https:\/\/www.riwal.com\/sl\/\",\"name\":\"Riwal\",\"description\":\"Arial work platform &amp; Telehandler Rental\/Sales\",\"publisher\":{\"@id\":\"https:\/\/www.riwal.com\/sl\/#organization\"},\"potentialAction\":[{\"@type\":\"SearchAction\",\"target\":{\"@type\":\"EntryPoint\",\"urlTemplate\":\"https:\/\/www.riwal.com\/sl\/?s={search_term_string}\"},\"query-input\":{\"@type\":\"PropertyValueSpecification\",\"valueRequired\":true,\"valueName\":\"search_term_string\"}}],\"inLanguage\":\"sl-SI\"},{\"@type\":\"Organization\",\"@id\":\"https:\/\/www.riwal.com\/sl\/#organization\",\"name\":\"Riwal\",\"url\":\"https:\/\/www.riwal.com\/sl\/\",\"logo\":{\"@type\":\"ImageObject\",\"inLanguage\":\"sl-SI\",\"@id\":\"https:\/\/www.riwal.com\/sl\/#\/schema\/logo\/image\/\",\"url\":\"\",\"contentUrl\":\"\",\"caption\":\"Riwal\"},\"image\":{\"@id\":\"https:\/\/www.riwal.com\/sl\/#\/schema\/logo\/image\/\"}}]}<\/script>\n<!-- \/ Yoast SEO Premium plugin. -->","yoast_head_json":{"title":"\u0160karjasta plo\u0161\u010dad Genie - Riwal Slovenija","robots":{"index":"index","follow":"follow","max-snippet":"max-snippet:-1","max-image-preview":"max-image-preview:large","max-video-preview":"max-video-preview:-1"},"canonical":"https:\/\/www.riwal.com\/sl\/o-riwalu\/kategorije-naprav\/skarjasta-ploscad-genie\/","og_locale":"sl_SI","og_type":"article","og_title":"\u0160karjasta plo\u0161\u010dad Genie","og_description":"\u0160karjasta dvi\u017ena plo\u0161\u010dad Genie Ali ste se zna\u0161li v situaciji, ko morate opraviti delo na vi\u0161ini, vendar pa nimate prave opreme za dviganje, da bi spravili sebe in material na mesto, kjer je treba opraviti delo? S svojo obse\u017eno delovno plo\u0161\u010dadjo je \u0161karjasto dvigalo pravi&nbsp; kos opreme za va\u0161e podjetje, posel ali projekt. Zagotovite si &hellip; Se nadaljuje","og_url":"https:\/\/www.riwal.com\/sl\/o-riwalu\/kategorije-naprav\/skarjasta-ploscad-genie\/","og_site_name":"Riwal Slovenija","og_image":[{"url":"https:\/\/www.riwal.com\/-\/media\/Riwal-Slovenia\/Slike\/Novice\/DSC_0093-(2).jpg?h=364&amp;w=500&amp;la=sl-SI&amp;hash=3D7C2600F4B5325725E921F078A52925490EECC7","type":"","width":"","height":""}],"twitter_card":"summary_large_image","twitter_misc":{"Est. reading time":"4 minute"},"schema":{"@context":"https:\/\/schema.org","@graph":[{"@type":"WebPage","@id":"https:\/\/www.riwal.com\/sl\/o-riwalu\/kategorije-naprav\/skarjasta-ploscad-genie\/","url":"https:\/\/www.riwal.com\/sl\/o-riwalu\/kategorije-naprav\/skarjasta-ploscad-genie\/","name":"\u0160karjasta plo\u0161\u010dad Genie - Riwal Slovenija","isPartOf":{"@id":"https:\/\/www.riwal.com\/sl\/#website"},"primaryImageOfPage":{"@id":"https:\/\/www.riwal.com\/sl\/o-riwalu\/kategorije-naprav\/skarjasta-ploscad-genie\/#primaryimage"},"image":{"@id":"https:\/\/www.riwal.com\/sl\/o-riwalu\/kategorije-naprav\/skarjasta-ploscad-genie\/#primaryimage"},"thumbnailUrl":"https:\/\/www.riwal.com\/-\/media\/Riwal-Slovenia\/Slike\/Novice\/DSC_0093-(2).jpg?h=364&amp;w=500&amp;la=sl-SI&amp;hash=3D7C2600F4B5325725E921F078A52925490EECC7","datePublished":"2024-02-06T08:36:15+00:00","breadcrumb":{"@id":"https:\/\/www.riwal.com\/sl\/o-riwalu\/kategorije-naprav\/skarjasta-ploscad-genie\/#breadcrumb"},"inLanguage":"sl-SI","potentialAction":[{"@type":"ReadAction","target":["https:\/\/www.riwal.com\/sl\/o-riwalu\/kategorije-naprav\/skarjasta-ploscad-genie\/"]}]},{"@type":"ImageObject","inLanguage":"sl-SI","@id":"https:\/\/www.riwal.com\/sl\/o-riwalu\/kategorije-naprav\/skarjasta-ploscad-genie\/#primaryimage","url":"https:\/\/www.riwal.com\/-\/media\/Riwal-Slovenia\/Slike\/Novice\/DSC_0093-(2).jpg?h=364&amp;w=500&amp;la=sl-SI&amp;hash=3D7C2600F4B5325725E921F078A52925490EECC7","contentUrl":"https:\/\/www.riwal.com\/-\/media\/Riwal-Slovenia\/Slike\/Novice\/DSC_0093-(2).jpg?h=364&amp;w=500&amp;la=sl-SI&amp;hash=3D7C2600F4B5325725E921F078A52925490EECC7"},{"@type":"BreadcrumbList","@id":"https:\/\/www.riwal.com\/sl\/o-riwalu\/kategorije-naprav\/skarjasta-ploscad-genie\/#breadcrumb","itemListElement":[{"@type":"ListItem","position":1,"name":"Domov","item":"https:\/\/www.riwal.com\/sl\/"},{"@type":"ListItem","position":2,"name":"O riwalu","item":"https:\/\/www.riwal.com\/sl\/o-riwalu\/"},{"@type":"ListItem","position":3,"name":"Kategorije naprav","item":"https:\/\/www.riwal.com\/sl\/o-riwalu\/kategorije-naprav\/"},{"@type":"ListItem","position":4,"name":"\u0160karjasta plo\u0161\u010dad Genie"}]},{"@type":"WebSite","@id":"https:\/\/www.riwal.com\/sl\/#website","url":"https:\/\/www.riwal.com\/sl\/","name":"Riwal","description":"Arial work platform &amp; Telehandler Rental\/Sales","publisher":{"@id":"https:\/\/www.riwal.com\/sl\/#organization"},"potentialAction":[{"@type":"SearchAction","target":{"@type":"EntryPoint","urlTemplate":"https:\/\/www.riwal.com\/sl\/?s={search_term_string}"},"query-input":{"@type":"PropertyValueSpecification","valueRequired":true,"valueName":"search_term_string"}}],"inLanguage":"sl-SI"},{"@type":"Organization","@id":"https:\/\/www.riwal.com\/sl\/#organization","name":"Riwal","url":"https:\/\/www.riwal.com\/sl\/","logo":{"@type":"ImageObject","inLanguage":"sl-SI","@id":"https:\/\/www.riwal.com\/sl\/#\/schema\/logo\/image\/","url":"","contentUrl":"","caption":"Riwal"},"image":{"@id":"https:\/\/www.riwal.com\/sl\/#\/schema\/logo\/image\/"}}]}},"_links":{"self":[{"href":"https:\/\/www.riwal.com\/sl\/wp-json\/wp\/v2\/pages\/5743","targetHints":{"allow":["GET"]}}],"collection":[{"href":"https:\/\/www.riwal.com\/sl\/wp-json\/wp\/v2\/pages"}],"about":[{"href":"https:\/\/www.riwal.com\/sl\/wp-json\/wp\/v2\/types\/page"}],"author":[{"embeddable":true,"href":"https:\/\/www.riwal.com\/sl\/wp-json\/wp\/v2\/users\/45"}],"replies":[{"embeddable":true,"href":"https:\/\/www.riwal.com\/sl\/wp-json\/wp\/v2\/comments?post=5743"}],"version-history":[{"count":1,"href":"https:\/\/www.riwal.com\/sl\/wp-json\/wp\/v2\/pages\/5743\/revisions"}],"predecessor-version":[{"id":5744,"href":"https:\/\/www.riwal.com\/sl\/wp-json\/wp\/v2\/pages\/5743\/revisions\/5744"}],"up":[{"embeddable":true,"href":"https:\/\/www.riwal.com\/sl\/wp-json\/wp\/v2\/pages\/5700"}],"wp:attachment":[{"href":"https:\/\/www.riwal.com\/sl\/wp-json\/wp\/v2\/media?parent=5743"}],"curies":[{"name":"wp","href":"https:\/\/api.w.org\/{rel}","templated":true}]}}