{"id":5741,"date":"2024-02-06T08:33:21","date_gmt":"2024-02-06T08:33:21","guid":{"rendered":"https:\/\/www.riwal.com\/sl\/?page_id=5741"},"modified":"2024-02-06T08:33:21","modified_gmt":"2024-02-06T08:33:21","slug":"genie-z-lomljivo-roko","status":"publish","type":"page","link":"https:\/\/www.riwal.com\/sl\/o-riwalu\/kategorije-naprav\/genie-z-lomljivo-roko\/","title":{"rendered":"Genie z lomljivo roko"},"content":{"rendered":"<div class=\"container\">\n<h2 class=\"wp-block-heading\" id=\"h-dvizna-kosara-z-lomljivo-roko-genie\">Dvi\u017ena ko\u0161ara z lomljivo roko Genie<\/h2>\n<\/div>\n\n<div class=\"rental-wp-default-block rental-theme-block-default-margin\">\n\t\t\t\t\t\t\t\t<div class=\"container\">\n<div class=\"wp-block-columns is-layout-flex wp-container-core-columns-is-layout-28f84493 wp-block-columns-is-layout-flex\">\n<div class=\"wp-block-column is-layout-flow wp-block-column-is-layout-flow\" style=\"flex-basis:66.66%\">\n<p>Dvi\u017ena ko\u0161ara z lomljivo roko zagotavlja vam in\/ali va\u0161im zaposlenim enostaven dostop do kateregakoli delovnega obmo\u010dja na katerikoli vi\u0161ini. S svojo lomljivo roko je ta tip dvigala idealna re\u0161itev pri izvajanju nalog, ki vklju\u010dujejo ovire. Z njeno za premikanje enostavno plo\u0161\u010dadjo lahko se\u017eete navzgor in \u0161e \u010dez ter celo ob straneh. Ko se odlo\u010dite za dvi\u017eno ko\u0161aro z lomljivo roko Genie, ste lahko prepri\u010dani v vrhunsko kakovost in ustrezno dvigalo za delo, ki ga morate opraviti. Nakup ali najem va\u0161e dvi\u017ene ko\u0161are z lomljivo roko Genie pri Riwalu vam zagotavlja vrhunsko storitev, ustrezno svetovanje v vsakem trenutku in celo, \u010de je potrebno, \u0161olanje in certificiranje za tiste, ki bodo izvajali delo z dvi\u017eno delovno plo\u0161\u010dadjo. Bodisi da i\u0161\u010dete dvigalo Genielift za prodajo ali izbirate va\u0161e lastno napravo v paleti na\u0161ih dvi\u017enih ko\u0161ar z lomljivo roko Genie za najem, vam zagotavljamo, da boste na\u0161li pravo napravo za vas pri Riwalu.<\/p>\n\n\n\n<h2 class=\"wp-block-heading\"><strong>Katero dvi\u017eno ko\u0161aro z lomljivo roko Genie izbrati<\/strong><\/h2>\n\n\n\n<p>Pri Riwalu boste na\u0161li \u0161iroko paleto dvi\u017enih ko\u0161ar z lomljivo roko Genie&nbsp;v na\u0161i floti za najem, kot tudi za prodajo. Kateri tip dvi\u017ene ko\u0161are z lomljivo roko Genie potrebujete, je odvisno od vrste va\u0161ega dela, gradbi\u0161\u010da in specifi\u010dnosti dela, ki ga morate opraviti. Prvo vpra\u0161anje, o katerem morate razmisliti, je vpra\u0161anje, kak\u0161no vi\u0161ino morate dose\u010di. Dvi\u017ene ko\u0161are z lomljivo roko imajo obi\u010dajno baterijsko napajanje, druga opcija pa je dizelski pogon. Obstaja tudi opcija namestitve belih trakov na va\u0161o dvi\u017eno delovno plo\u0161\u010dad, s \u010dimer se zagotovi, da va\u0161a dvi\u017ena ko\u0161ara z lomljivo roko Genie na tleh ne pu\u0161\u010da nobenih \u010drnih sledi. Zaradi tega je idealna za notranjo uporabo. Na\u0161e dvi\u017ene ko\u0161are z lomljivo roko so ve\u010dinoma samo-pogonske, kar vam omogo\u010da., da jo lahko pripeljete na mesto uporabe.&nbsp;<\/p>\n\n\n\n<h2 class=\"wp-block-heading\">Najem dvi\u017ene ko\u0161are z lomljivo roko Genie<\/h2>\n\n\n\n<p>\u010ce potrebujete dvi\u017eno ko\u0161aro z lomljivo roko za samo en specifi\u010den projekt ali \u010de jo potrebujete samo enkrat na leto, je najem idealna re\u0161itev. Pri Riwalu imate mo\u017enost izbirati v \u0161iroki paleti dvi\u017enih ko\u0161ar z lomljivo iz na\u0161e flote dvigal Genie za najem. Specifi\u010dne zahteve, ki jih imate za va\u0161o dvi\u017eno delovno plo\u0161\u010dad, bodo odlo\u010dilne pri tem, katera dvi\u017ena ko\u0161ara z lomljivo roko Genie je prava za va\u0161e podjetje ali delovi\u0161\u010de. Na\u0161a strokovna ekipa vam bo z veseljem svetovala in vam pomagala, da sprejmete pravo odlo\u010ditev. Vendar pa se na\u0161a storitev ne kon\u010da tukaj. Z Riwalom lahko ra\u010dunate na na\u0161e strokovno znanje tekom celotnega obdobja najema, od za\u010detka pa do konca.<\/p>\n\n\n\n<h2 class=\"wp-block-heading\"><strong>Dvi\u017ena ko\u0161ara z lomljivo roko Genie za prodajo<\/strong><\/h2>\n\n\n\n<p>Ali pri\u010dakujete, da boste va\u0161o dvi\u017eno ko\u0161aro z lomljivo roko uporabljali redno vsak dan ali pa vsaj dalj\u0161e \u010dasovno obdobje? V tem primeru je veliko bolj\u0161a ideja investiranje v lastno dvi\u017eno ko\u0161aro z lomljivo roko Genie. Pri Riwalu vam zagotavljamo, da imamo pravo dvigalo Genie za prodajo, ki ustreza vsem va\u0161im potrebam. Z najve\u010djim veseljem vas bomo seznanili z vsemi na\u0161imi novimi in rabljenimi dvi\u017enimi ko\u0161arami ter vam svetovali, da boste na osnovi prejetih informacij lahko sprejeli premi\u0161ljeno odlo\u010ditev. Ne glede na to, ali se odlo\u010dite za popolnoma novo dvi\u017eno delovno plo\u0161\u010dad ali pa izberete eno izmed na\u0161ih rabljenih, bo va\u0161e dvigalo vedno vrhunske kakovosti.&nbsp;<br><\/p>\n\n\n\n<h3 class=\"wp-block-heading\"><strong>Navzgor in \u010dez z va\u0161o dvi\u017eno ko\u0161aro z lomljivo roko Genie<\/strong><\/h3>\n\n\n\n<p>Strokovna ekipa Riwala vam je na voljo za vse potrebne informacije, ko se odlo\u010date za najem ali nakup dvi\u017ene ko\u0161are z lomljivo roko Genie. Na\u0161 kon\u010dni cilj je izpolniti potrebe vsakega kupca za dvi\u017ene delovne plo\u0161\u010dadi, ne glede na to, ali se odlo\u010dite za najem dvi\u017ene ko\u0161are z lomljivo roko ali pa razmi\u0161ljate o investiranju v va\u0161o lastno dvi\u017eno ko\u0161aro z lomljivo roko Genie. \u017delite ve\u010d\u00a0 informacij? Kontaktirajte Riwal, va\u0161ega vsestranskega dobavitelja in strokovnega partnerja za dvi\u017ene ko\u0161are z lomljivo roko. <img decoding=\"async\" src=\"https:\/\/eqsk4m2dkju.exactdn.com\/-\/media\/Riwal-Slovenia\/Slike\/Novice\/DSC_0093-(2).jpg?strip=all&quality=92&webp=92&avif=80&sharp=1&w=1920\" alt=\"\"><\/p>\n<\/div>\n\n\n\n<div class=\"wp-block-column is-layout-flow wp-block-column-is-layout-flow\" style=\"flex-basis:33.33%\">\n<figure class=\"wp-block-image size-full\"><img loading=\"lazy\" decoding=\"async\" width=\"800\" height=\"565\" src=\"https:\/\/eqsk4m2dkju.exactdn.com\/app\/uploads\/sites\/10\/2024\/02\/jlg-boom-lift-teaser.webp?strip=all&quality=92&webp=92&avif=80&sharp=1\" alt=\"\" class=\"wp-image-5722\" srcset=\"https:\/\/eqsk4m2dkju.exactdn.com\/app\/uploads\/sites\/10\/2024\/02\/jlg-boom-lift-teaser.webp?strip=all&amp;quality=92&amp;webp=92&amp;avif=80&amp;sharp=1 800w, https:\/\/eqsk4m2dkju.exactdn.com\/app\/uploads\/sites\/10\/2024\/02\/jlg-boom-lift-teaser-300x212.webp?strip=all&amp;quality=92&amp;webp=92&amp;avif=80&amp;sharp=1 300w, https:\/\/eqsk4m2dkju.exactdn.com\/app\/uploads\/sites\/10\/2024\/02\/jlg-boom-lift-teaser-768x542.webp?strip=all&amp;quality=92&amp;webp=92&amp;avif=80&amp;sharp=1 768w, https:\/\/eqsk4m2dkju.exactdn.com\/app\/uploads\/sites\/10\/2024\/02\/jlg-boom-lift-teaser-178x126.webp?strip=all&amp;quality=92&amp;webp=92&amp;avif=80&amp;sharp=1 178w, https:\/\/eqsk4m2dkju.exactdn.com\/app\/uploads\/sites\/10\/2024\/02\/jlg-boom-lift-teaser-390x275.webp?strip=all&amp;quality=92&amp;webp=92&amp;avif=80&amp;sharp=1 390w, https:\/\/eqsk4m2dkju.exactdn.com\/app\/uploads\/sites\/10\/2024\/02\/jlg-boom-lift-teaser-250x177.webp?strip=all&amp;quality=92&amp;webp=92&amp;avif=80&amp;sharp=1 250w, https:\/\/eqsk4m2dkju.exactdn.com\/app\/uploads\/sites\/10\/2024\/02\/jlg-boom-lift-teaser-620x438.webp?strip=all&amp;quality=92&amp;webp=92&amp;avif=80&amp;sharp=1 620w, https:\/\/eqsk4m2dkju.exactdn.com\/app\/uploads\/sites\/10\/2024\/02\/jlg-boom-lift-teaser-237x167.webp?strip=all&amp;quality=92&amp;webp=92&amp;avif=80&amp;sharp=1 237w, https:\/\/eqsk4m2dkju.exactdn.com\/app\/uploads\/sites\/10\/2024\/02\/jlg-boom-lift-teaser-474x335.webp?strip=all&amp;quality=92&amp;webp=92&amp;avif=80&amp;sharp=1 474w\" sizes=\"auto, (max-width: 800px) 100vw, 800px\" \/><\/figure>\n\n\n\n<figure class=\"wp-block-image size-full\"><img loading=\"lazy\" decoding=\"async\" width=\"500\" height=\"364\" src=\"https:\/\/eqsk4m2dkju.exactdn.com\/app\/uploads\/sites\/10\/2024\/02\/DSC_0093-2.webp?strip=all&quality=92&webp=92&avif=80&sharp=1\" alt=\"\" class=\"wp-image-5727\" srcset=\"https:\/\/eqsk4m2dkju.exactdn.com\/app\/uploads\/sites\/10\/2024\/02\/DSC_0093-2.webp?strip=all&amp;quality=92&amp;webp=92&amp;avif=80&amp;sharp=1 500w, https:\/\/eqsk4m2dkju.exactdn.com\/app\/uploads\/sites\/10\/2024\/02\/DSC_0093-2-300x218.webp?strip=all&amp;quality=92&amp;webp=92&amp;avif=80&amp;sharp=1 300w, https:\/\/eqsk4m2dkju.exactdn.com\/app\/uploads\/sites\/10\/2024\/02\/DSC_0093-2-178x130.webp?strip=all&amp;quality=92&amp;webp=92&amp;avif=80&amp;sharp=1 178w, https:\/\/eqsk4m2dkju.exactdn.com\/app\/uploads\/sites\/10\/2024\/02\/DSC_0093-2-390x284.webp?strip=all&amp;quality=92&amp;webp=92&amp;avif=80&amp;sharp=1 390w, https:\/\/eqsk4m2dkju.exactdn.com\/app\/uploads\/sites\/10\/2024\/02\/DSC_0093-2-250x182.webp?strip=all&amp;quality=92&amp;webp=92&amp;avif=80&amp;sharp=1 250w, https:\/\/eqsk4m2dkju.exactdn.com\/app\/uploads\/sites\/10\/2024\/02\/DSC_0093-2-237x173.webp?strip=all&amp;quality=92&amp;webp=92&amp;avif=80&amp;sharp=1 237w, https:\/\/eqsk4m2dkju.exactdn.com\/app\/uploads\/sites\/10\/2024\/02\/DSC_0093-2-474x345.webp?strip=all&amp;quality=92&amp;webp=92&amp;avif=80&amp;sharp=1 474w, https:\/\/eqsk4m2dkju.exactdn.com\/app\/uploads\/sites\/10\/2024\/02\/DSC_0093-2.webp?strip=all&amp;quality=92&amp;webp=92&amp;avif=80&amp;sharp=1&amp;w=100 100w\" sizes=\"auto, (max-width: 500px) 100vw, 500px\" \/><\/figure>\n\n\n\n<p><strong>Vas zanima?<\/strong><\/p>\n\n\n\n<p>info_si@riwal.com<\/p>\n\n\n\n<p>Pokli\u010dite nas: 01 544 34 34<\/p>\n\n\n\n<div class=\"wp-block-buttons is-layout-flex wp-block-buttons-is-layout-flex\">\n<div class=\"wp-block-button\"><a class=\"wp-block-button__link wp-element-button\" href=\"https:\/\/www.riwal.com\/sl\/najem\/\">Oprema za najem<\/a><\/div>\n<\/div>\n\n\n\n<div class=\"wp-block-buttons is-layout-flex wp-block-buttons-is-layout-flex\">\n<div class=\"wp-block-button\"><a class=\"wp-block-button__link wp-element-button\" href=\"https:\/\/www.riwal.com\/sl\/prodaja\/rabljene-dvizne-naprave\/\">Rabljene naprave za prodajo<\/a><\/div>\n<\/div>\n\n\n\n<div class=\"wp-block-columns is-layout-flex wp-container-core-columns-is-layout-28f84493 wp-block-columns-is-layout-flex\">\n<div class=\"wp-block-column is-layout-flow wp-block-column-is-layout-flow\"><\/div>\n\n\n\n<div class=\"wp-block-column is-layout-flow wp-block-column-is-layout-flow\"><\/div>\n<\/div>\n<\/div>\n<\/div>\n<\/div>\n\t\t\t\t\t\t\t<\/div> ","protected":false},"excerpt":{"rendered":"<p>Dvi\u017ena ko\u0161ara z lomljivo roko Genie Dvi\u017ena ko\u0161ara z lomljivo roko zagotavlja vam in\/ali va\u0161im zaposlenim enostaven dostop do kateregakoli delovnega obmo\u010dja na katerikoli vi\u0161ini. S svojo lomljivo roko je ta tip dvigala idealna re\u0161itev pri izvajanju nalog, ki vklju\u010dujejo ovire. Z njeno za premikanje enostavno plo\u0161\u010dadjo lahko se\u017eete navzgor in \u0161e \u010dez ter celo &hellip; <a href=\"https:\/\/www.riwal.com\/sl\/o-riwalu\/kategorije-naprav\/genie-z-lomljivo-roko\/\">Se nadaljuje<\/a><\/p>\n","protected":false},"author":45,"featured_media":0,"parent":5700,"menu_order":0,"comment_status":"closed","ping_status":"closed","template":"","meta":{"_acf_changed":false,"footnotes":""},"class_list":["post-5741","page","type-page","status-publish","hentry"],"acf":[],"yoast_head":"<!-- This site is optimized with the Yoast SEO Premium plugin v27.1 (Yoast SEO v27.1.1) - https:\/\/yoast.com\/product\/yoast-seo-premium-wordpress\/ -->\n<title>Genie z lomljivo roko - Riwal Slovenija<\/title>\n<meta name=\"robots\" content=\"index, follow, max-snippet:-1, max-image-preview:large, max-video-preview:-1\" \/>\n<link rel=\"canonical\" href=\"https:\/\/www.riwal.com\/sl\/o-riwalu\/kategorije-naprav\/genie-z-lomljivo-roko\/\" \/>\n<meta property=\"og:locale\" content=\"sl_SI\" \/>\n<meta property=\"og:type\" content=\"article\" \/>\n<meta property=\"og:title\" content=\"Genie z lomljivo roko\" \/>\n<meta property=\"og:description\" content=\"Dvi\u017ena ko\u0161ara z lomljivo roko Genie Dvi\u017ena ko\u0161ara z lomljivo roko zagotavlja vam in\/ali va\u0161im zaposlenim enostaven dostop do kateregakoli delovnega obmo\u010dja na katerikoli vi\u0161ini. S svojo lomljivo roko je ta tip dvigala idealna re\u0161itev pri izvajanju nalog, ki vklju\u010dujejo ovire. Z njeno za premikanje enostavno plo\u0161\u010dadjo lahko se\u017eete navzgor in \u0161e \u010dez ter celo &hellip; Se nadaljuje\" \/>\n<meta property=\"og:url\" content=\"https:\/\/www.riwal.com\/sl\/o-riwalu\/kategorije-naprav\/genie-z-lomljivo-roko\/\" \/>\n<meta property=\"og:site_name\" content=\"Riwal Slovenija\" \/>\n<meta property=\"og:image\" content=\"https:\/\/www.riwal.com\/-\/media\/Riwal-Slovenia\/Slike\/Novice\/DSC_0093-(2).jpg?h=364&amp;w=500&amp;la=sl-SI&amp;hash=3D7C2600F4B5325725E921F078A52925490EECC7\" \/>\n<meta name=\"twitter:card\" content=\"summary_large_image\" \/>\n<meta name=\"twitter:label1\" content=\"Est. reading time\" \/>\n\t<meta name=\"twitter:data1\" content=\"5 minut\" \/>\n<script type=\"application\/ld+json\" class=\"yoast-schema-graph\">{\"@context\":\"https:\/\/schema.org\",\"@graph\":[{\"@type\":\"WebPage\",\"@id\":\"https:\/\/www.riwal.com\/sl\/o-riwalu\/kategorije-naprav\/genie-z-lomljivo-roko\/\",\"url\":\"https:\/\/www.riwal.com\/sl\/o-riwalu\/kategorije-naprav\/genie-z-lomljivo-roko\/\",\"name\":\"Genie z lomljivo roko - Riwal Slovenija\",\"isPartOf\":{\"@id\":\"https:\/\/www.riwal.com\/sl\/#website\"},\"primaryImageOfPage\":{\"@id\":\"https:\/\/www.riwal.com\/sl\/o-riwalu\/kategorije-naprav\/genie-z-lomljivo-roko\/#primaryimage\"},\"image\":{\"@id\":\"https:\/\/www.riwal.com\/sl\/o-riwalu\/kategorije-naprav\/genie-z-lomljivo-roko\/#primaryimage\"},\"thumbnailUrl\":\"https:\/\/www.riwal.com\/-\/media\/Riwal-Slovenia\/Slike\/Novice\/DSC_0093-(2).jpg?h=364&amp;w=500&amp;la=sl-SI&amp;hash=3D7C2600F4B5325725E921F078A52925490EECC7\",\"datePublished\":\"2024-02-06T08:33:21+00:00\",\"breadcrumb\":{\"@id\":\"https:\/\/www.riwal.com\/sl\/o-riwalu\/kategorije-naprav\/genie-z-lomljivo-roko\/#breadcrumb\"},\"inLanguage\":\"sl-SI\",\"potentialAction\":[{\"@type\":\"ReadAction\",\"target\":[\"https:\/\/www.riwal.com\/sl\/o-riwalu\/kategorije-naprav\/genie-z-lomljivo-roko\/\"]}]},{\"@type\":\"ImageObject\",\"inLanguage\":\"sl-SI\",\"@id\":\"https:\/\/www.riwal.com\/sl\/o-riwalu\/kategorije-naprav\/genie-z-lomljivo-roko\/#primaryimage\",\"url\":\"https:\/\/www.riwal.com\/-\/media\/Riwal-Slovenia\/Slike\/Novice\/DSC_0093-(2).jpg?h=364&amp;w=500&amp;la=sl-SI&amp;hash=3D7C2600F4B5325725E921F078A52925490EECC7\",\"contentUrl\":\"https:\/\/www.riwal.com\/-\/media\/Riwal-Slovenia\/Slike\/Novice\/DSC_0093-(2).jpg?h=364&amp;w=500&amp;la=sl-SI&amp;hash=3D7C2600F4B5325725E921F078A52925490EECC7\"},{\"@type\":\"BreadcrumbList\",\"@id\":\"https:\/\/www.riwal.com\/sl\/o-riwalu\/kategorije-naprav\/genie-z-lomljivo-roko\/#breadcrumb\",\"itemListElement\":[{\"@type\":\"ListItem\",\"position\":1,\"name\":\"Domov\",\"item\":\"https:\/\/www.riwal.com\/sl\/\"},{\"@type\":\"ListItem\",\"position\":2,\"name\":\"O riwalu\",\"item\":\"https:\/\/www.riwal.com\/sl\/o-riwalu\/\"},{\"@type\":\"ListItem\",\"position\":3,\"name\":\"Kategorije naprav\",\"item\":\"https:\/\/www.riwal.com\/sl\/o-riwalu\/kategorije-naprav\/\"},{\"@type\":\"ListItem\",\"position\":4,\"name\":\"Genie z lomljivo roko\"}]},{\"@type\":\"WebSite\",\"@id\":\"https:\/\/www.riwal.com\/sl\/#website\",\"url\":\"https:\/\/www.riwal.com\/sl\/\",\"name\":\"Riwal\",\"description\":\"Arial work platform &amp; Telehandler Rental\/Sales\",\"publisher\":{\"@id\":\"https:\/\/www.riwal.com\/sl\/#organization\"},\"potentialAction\":[{\"@type\":\"SearchAction\",\"target\":{\"@type\":\"EntryPoint\",\"urlTemplate\":\"https:\/\/www.riwal.com\/sl\/?s={search_term_string}\"},\"query-input\":{\"@type\":\"PropertyValueSpecification\",\"valueRequired\":true,\"valueName\":\"search_term_string\"}}],\"inLanguage\":\"sl-SI\"},{\"@type\":\"Organization\",\"@id\":\"https:\/\/www.riwal.com\/sl\/#organization\",\"name\":\"Riwal\",\"url\":\"https:\/\/www.riwal.com\/sl\/\",\"logo\":{\"@type\":\"ImageObject\",\"inLanguage\":\"sl-SI\",\"@id\":\"https:\/\/www.riwal.com\/sl\/#\/schema\/logo\/image\/\",\"url\":\"\",\"contentUrl\":\"\",\"caption\":\"Riwal\"},\"image\":{\"@id\":\"https:\/\/www.riwal.com\/sl\/#\/schema\/logo\/image\/\"}}]}<\/script>\n<!-- \/ Yoast SEO Premium plugin. -->","yoast_head_json":{"title":"Genie z lomljivo roko - Riwal Slovenija","robots":{"index":"index","follow":"follow","max-snippet":"max-snippet:-1","max-image-preview":"max-image-preview:large","max-video-preview":"max-video-preview:-1"},"canonical":"https:\/\/www.riwal.com\/sl\/o-riwalu\/kategorije-naprav\/genie-z-lomljivo-roko\/","og_locale":"sl_SI","og_type":"article","og_title":"Genie z lomljivo roko","og_description":"Dvi\u017ena ko\u0161ara z lomljivo roko Genie Dvi\u017ena ko\u0161ara z lomljivo roko zagotavlja vam in\/ali va\u0161im zaposlenim enostaven dostop do kateregakoli delovnega obmo\u010dja na katerikoli vi\u0161ini. S svojo lomljivo roko je ta tip dvigala idealna re\u0161itev pri izvajanju nalog, ki vklju\u010dujejo ovire. Z njeno za premikanje enostavno plo\u0161\u010dadjo lahko se\u017eete navzgor in \u0161e \u010dez ter celo &hellip; Se nadaljuje","og_url":"https:\/\/www.riwal.com\/sl\/o-riwalu\/kategorije-naprav\/genie-z-lomljivo-roko\/","og_site_name":"Riwal Slovenija","og_image":[{"url":"https:\/\/www.riwal.com\/-\/media\/Riwal-Slovenia\/Slike\/Novice\/DSC_0093-(2).jpg?h=364&amp;w=500&amp;la=sl-SI&amp;hash=3D7C2600F4B5325725E921F078A52925490EECC7","type":"","width":"","height":""}],"twitter_card":"summary_large_image","twitter_misc":{"Est. reading time":"5 minut"},"schema":{"@context":"https:\/\/schema.org","@graph":[{"@type":"WebPage","@id":"https:\/\/www.riwal.com\/sl\/o-riwalu\/kategorije-naprav\/genie-z-lomljivo-roko\/","url":"https:\/\/www.riwal.com\/sl\/o-riwalu\/kategorije-naprav\/genie-z-lomljivo-roko\/","name":"Genie z lomljivo roko - Riwal Slovenija","isPartOf":{"@id":"https:\/\/www.riwal.com\/sl\/#website"},"primaryImageOfPage":{"@id":"https:\/\/www.riwal.com\/sl\/o-riwalu\/kategorije-naprav\/genie-z-lomljivo-roko\/#primaryimage"},"image":{"@id":"https:\/\/www.riwal.com\/sl\/o-riwalu\/kategorije-naprav\/genie-z-lomljivo-roko\/#primaryimage"},"thumbnailUrl":"https:\/\/www.riwal.com\/-\/media\/Riwal-Slovenia\/Slike\/Novice\/DSC_0093-(2).jpg?h=364&amp;w=500&amp;la=sl-SI&amp;hash=3D7C2600F4B5325725E921F078A52925490EECC7","datePublished":"2024-02-06T08:33:21+00:00","breadcrumb":{"@id":"https:\/\/www.riwal.com\/sl\/o-riwalu\/kategorije-naprav\/genie-z-lomljivo-roko\/#breadcrumb"},"inLanguage":"sl-SI","potentialAction":[{"@type":"ReadAction","target":["https:\/\/www.riwal.com\/sl\/o-riwalu\/kategorije-naprav\/genie-z-lomljivo-roko\/"]}]},{"@type":"ImageObject","inLanguage":"sl-SI","@id":"https:\/\/www.riwal.com\/sl\/o-riwalu\/kategorije-naprav\/genie-z-lomljivo-roko\/#primaryimage","url":"https:\/\/www.riwal.com\/-\/media\/Riwal-Slovenia\/Slike\/Novice\/DSC_0093-(2).jpg?h=364&amp;w=500&amp;la=sl-SI&amp;hash=3D7C2600F4B5325725E921F078A52925490EECC7","contentUrl":"https:\/\/www.riwal.com\/-\/media\/Riwal-Slovenia\/Slike\/Novice\/DSC_0093-(2).jpg?h=364&amp;w=500&amp;la=sl-SI&amp;hash=3D7C2600F4B5325725E921F078A52925490EECC7"},{"@type":"BreadcrumbList","@id":"https:\/\/www.riwal.com\/sl\/o-riwalu\/kategorije-naprav\/genie-z-lomljivo-roko\/#breadcrumb","itemListElement":[{"@type":"ListItem","position":1,"name":"Domov","item":"https:\/\/www.riwal.com\/sl\/"},{"@type":"ListItem","position":2,"name":"O riwalu","item":"https:\/\/www.riwal.com\/sl\/o-riwalu\/"},{"@type":"ListItem","position":3,"name":"Kategorije naprav","item":"https:\/\/www.riwal.com\/sl\/o-riwalu\/kategorije-naprav\/"},{"@type":"ListItem","position":4,"name":"Genie z lomljivo roko"}]},{"@type":"WebSite","@id":"https:\/\/www.riwal.com\/sl\/#website","url":"https:\/\/www.riwal.com\/sl\/","name":"Riwal","description":"Arial work platform &amp; Telehandler Rental\/Sales","publisher":{"@id":"https:\/\/www.riwal.com\/sl\/#organization"},"potentialAction":[{"@type":"SearchAction","target":{"@type":"EntryPoint","urlTemplate":"https:\/\/www.riwal.com\/sl\/?s={search_term_string}"},"query-input":{"@type":"PropertyValueSpecification","valueRequired":true,"valueName":"search_term_string"}}],"inLanguage":"sl-SI"},{"@type":"Organization","@id":"https:\/\/www.riwal.com\/sl\/#organization","name":"Riwal","url":"https:\/\/www.riwal.com\/sl\/","logo":{"@type":"ImageObject","inLanguage":"sl-SI","@id":"https:\/\/www.riwal.com\/sl\/#\/schema\/logo\/image\/","url":"","contentUrl":"","caption":"Riwal"},"image":{"@id":"https:\/\/www.riwal.com\/sl\/#\/schema\/logo\/image\/"}}]}},"_links":{"self":[{"href":"https:\/\/www.riwal.com\/sl\/wp-json\/wp\/v2\/pages\/5741","targetHints":{"allow":["GET"]}}],"collection":[{"href":"https:\/\/www.riwal.com\/sl\/wp-json\/wp\/v2\/pages"}],"about":[{"href":"https:\/\/www.riwal.com\/sl\/wp-json\/wp\/v2\/types\/page"}],"author":[{"embeddable":true,"href":"https:\/\/www.riwal.com\/sl\/wp-json\/wp\/v2\/users\/45"}],"replies":[{"embeddable":true,"href":"https:\/\/www.riwal.com\/sl\/wp-json\/wp\/v2\/comments?post=5741"}],"version-history":[{"count":1,"href":"https:\/\/www.riwal.com\/sl\/wp-json\/wp\/v2\/pages\/5741\/revisions"}],"predecessor-version":[{"id":5742,"href":"https:\/\/www.riwal.com\/sl\/wp-json\/wp\/v2\/pages\/5741\/revisions\/5742"}],"up":[{"embeddable":true,"href":"https:\/\/www.riwal.com\/sl\/wp-json\/wp\/v2\/pages\/5700"}],"wp:attachment":[{"href":"https:\/\/www.riwal.com\/sl\/wp-json\/wp\/v2\/media?parent=5741"}],"curies":[{"name":"wp","href":"https:\/\/api.w.org\/{rel}","templated":true}]}}