{"id":5736,"date":"2024-02-06T08:30:21","date_gmt":"2024-02-06T08:30:21","guid":{"rendered":"https:\/\/www.riwal.com\/sl\/?page_id=5736"},"modified":"2024-02-06T08:31:14","modified_gmt":"2024-02-06T08:31:14","slug":"skarjasta-ploscad-jlg","status":"publish","type":"page","link":"https:\/\/www.riwal.com\/sl\/o-riwalu\/kategorije-naprav\/skarjasta-ploscad-jlg\/","title":{"rendered":"\u0160karjasta plo\u0161\u010dad JLG"},"content":{"rendered":"<div class=\"rental-wp-default-block rental-theme-block-default-margin\">\n\t\t\t\t\t\t\t\t<div class=\"container\">\n<div class=\"wp-block-columns is-layout-flex wp-container-core-columns-is-layout-28f84493 wp-block-columns-is-layout-flex\">\n<div class=\"wp-block-column is-layout-flow wp-block-column-is-layout-flow\" style=\"flex-basis:66.66%\">\n<p><strong><img decoding=\"async\" src=\"https:\/\/eqsk4m2dkju.exactdn.com\/-\/media\/Riwal-Slovenia\/Slike\/Novice\/DSC_0093-(2).jpg?strip=all&quality=92&webp=92&avif=80&sharp=1&w=1920\" alt=\"\">Dvi\u017ena \u0161karjasta plo\u0161\u010dad JLG<\/strong><\/p>\n\n\n\n<p>Delo na ekstremnih vi\u0161inah je lahko nevarna pustolov\u0161\u010dina. \u0160e posebej, \u010de ne uporabljate prave opreme za delo na vi\u0161ini, ki bi delavce in material ponesla visoko v zrak. S \u0161karjasto dvi\u017eno plo\u0161\u010dadjo JLG so vse skrbi glede varnosti zadeva preteklosti. Kot vodilni oblikovalec in proizvajalec opreme za delo na vi\u0161ini JLG proizvaja \u0161karjaste dvi\u017ene plo\u0161\u010dadi vrhunske kakovosti, ki zdru\u017eujejo varnost in udobje. Va\u0161e \u0161karjaste dvi\u017ene plo\u0161\u010dadi&nbsp;JLG boste na\u0161li pri Riwalu, va\u0161emu&nbsp; partnerju za najem JLG znamke in dobavitelju opreme JLG. Ne glede na to, ali nameravate investirati v va\u0161e lastno \u0161karjasto dvi\u017eno plo\u0161\u010dad JLG ali pa na\u010drtujete najeti enega teh strojev samo za enkraten projekt: Riwal vam nudi naj\u0161ir\u0161o izbiro in najbolj\u0161o storitev.<\/p>\n\n\n\n<h2 class=\"wp-block-heading\" id=\"h-prednosti-uporabe-skarjastega-dvigala-jlg\"><strong>Prednosti uporabe \u0161karjastega dvigala JLG<\/strong><\/h2>\n\n\n\n<p>Kot \u017ee omenjeno, je JLG vodilni razvijalec in proizvajalec opreme za delo na vi\u0161ini na svetu. To je zagotovilo za vrhunsko kakovost \u0161karjastih dvi\u017enih plo\u0161\u010dadi, ki so poznana po svoji varnosti in enostavni uporabi. Pojdite navzgor in preko s \u0161karjasto plo\u0161\u010dadjo JLG. Poneslo vas bo do visokih vi\u0161in in zagotovilo dostop do delovnih obmo\u010dij, ki so bila prej te\u017eko dosegljiva. Z robustnim podno\u017ejem in obse\u017eno delovno plo\u0161\u010dadjo vam <strong>\u0161karjasta dvi\u017ena plo\u0161\u010dad JLG&nbsp;<\/strong>zagotavlja najvi\u0161jo obliko udobja pri va\u0161em delu. Celo v okoljih s te\u017ekimi delovnimi pogoji \u0161karjasta dvi\u017ena plo\u0161\u010dad JLG omogo\u010di, da se delo opravi.<\/p>\n\n\n\n<h2 class=\"wp-block-heading\" id=\"h-riwal-kot-vas-partner-za-najem-jlg\"><strong>Riwal kot va\u0161 partner za najem JLG<\/strong><\/h2>\n\n\n\n<p>Riwal je va\u0161 strokovnjak \u0161tevilka ena za \u0161karjaste plo\u0161\u010dadi JLG v Evropi, na Bli\u017enjem vzhodu, Kazahstanu in Indiji. V na\u0161i zbirki, ki jo sestavlja 18.000 strojev, vam nudimo \u0161karjaste plo\u0161\u010dadi JLG za \u0161tevilne projekte v razli\u010dnih industrijskih panogah, vedno v skladu z va\u0161imi zahtevami. Daljnose\u017ene lokacije na\u0161ih podru\u017enic zagotavljajo, da \u0161karjaste dvi\u017ene plo\u0161\u010dadi in ostale stroje lahko dobavljamo \u0161irom sveta. Tako lahko obstoje\u010de in nove stranke najamejo \u0161karjaste dvi\u017ene plo\u0161\u010dadi v bli\u017eini svoje lokacije, pri Riwalu kot svojemu partnerju za najem. Dovolite, da vam ekipa na\u0161ih strokovnjakov za najem svetuje o razli\u010dnih mo\u017enostih na\u0161ih \u0161karjastih plo\u0161\u010dadi, da boste na osnovi prejetih informacij lahko sprejeli premi\u0161ljeno odlo\u010ditev.<br><\/p>\n\n\n\n<h2 class=\"wp-block-heading\" id=\"h-nakup-skarjastega-dvigala-jlg\"><strong>Nakup \u0161karjastega dvigala JLG<\/strong><\/h2>\n\n\n\n<p>Kot strokovnjak za dvi\u017eno opremo JLG smo tudi va\u0161 dobavitelj, ko se odlo\u010dite za nalo\u017ebo v va\u0161e lastno \u0161karjasto plo\u0161\u010dad JLG. Vemo, da je varno delo na ekstremnih vi\u0161inah za va\u0161e podjetje najve\u010djega pomena, tako v sektorju gradbeni\u0161tva, in\u0161talacij ali v logistiki. Zato je nakup \u0161karjaste plo\u0161\u010dadi pri Riwalu vedno najbolj\u0161a odlo\u010ditev. Na\u0161i strokovnjaki vam bodo ponudili nasvete po va\u0161i meri, saj \u017eelimo zagotoviti, da \u0161karjasto dvigalo JLG, ki ga boste kupili, izpolnjuje vse va\u0161e zahteve in potrebe.<\/p>\n\n\n\n<h2 class=\"wp-block-heading\" id=\"h-usposabljanje-za-delo-na-visini-in-certifikat-potrdilo-o-opravljenem-izpitu\">Usposabljanje za delo na vi\u0161ini in certifikat \/ potrdilo o opravljenem izpitu<\/h2>\n\n\n\n<p>\u010ce se od enega va\u0161ih zaposlenih zahteva izvedba dela s \u0161karjasto plo\u0161\u010dadjo JLG, ki ste ga kupili ali najeli, le-ta pa za to nima ustreznega znanja ali potrdila, vam Riwal nudi te\u010daje \/ usposabljanja upravljanja dvi\u017enih plo\u0161\u010dadi. Pri delu s temi plo\u0161\u010dadmi je najpomembnej\u0161e, da se delo izvaja na kar najbolj varen na\u010din. Pri tem se zahteva osnovno poznavanje stroja in opravljen te\u010daj. Na\u0161e osnovno \u0161olanje za dvi\u017ene delovne plo\u0161\u010dadi je skladno z mednarodnimi standardi in obstoje\u010do zakonodajo.&nbsp;<br><\/p>\n\n\n\n<h3 class=\"wp-block-heading\" id=\"h-poiscite-pravo-skarjasto-ploscad-jlg-pri-riwalu\"><strong>Poi\u0161\u010dite pravo \u0161karjasto plo\u0161\u010dad JLG pri Riwalu<\/strong><\/h3>\n\n\n\n<p>Ali ste se \u017ee odlo\u010dili, kateri tip \u0161karjastege plo\u0161\u010dadi JLG \u017eelite kupiti ali najeti? Ali pa morda potrebujete nekaj ve\u010d nasvetov, da boste na osnovi prejetih informacij lahko sprejeli premi\u0161ljeno odlo\u010ditev? V nobenem primeru ne odla\u0161ajte in nas kontaktirajte. Z najve\u010djim veseljem vam bomo posredovali vse potrebne informacije. \u0160tevilna podjetja, doma in po svetu, so \u017ee kupila \u0161karjasto plo\u0161\u010dad JLG pri Riwalu. Pridru\u017eite se bazi na\u0161ih strank in izkoristite vse prednosti storitve, ki vam jo nudi Riwal.<\/p>\n\n\n\n<p>Ali i\u0161\u010dete \u0161karjasto plo\u0161\u010dad JLG, ki izpolnjuje va\u0161e specifi\u010dne zahteve? Oglejte si Riwalovo \u0161iroko paleto! Na\u0161li boste \u0161tevilne dvi\u017ene plo\u0161\u010dadi JLG za \u0161tevilne sektorje, vsa v zagotovljeni prvorazredni kakovosti. JLG je poznan po fleksibilnosti pri uporabi. Ali morda ne veste, kateri tip \u0161karjastege plo\u0161\u010dadi je primeren za va\u0161o situacijo? Ne skrbite, na\u0161a ekipa strokovnjakov vam bo z veseljem razlo\u017eila vse o mo\u017enostih. Samo povejte nam, kaj potrebujete in pomagali vam bomo izbrati pravo \u0161karjasto plo\u0161\u010dad JLG.<\/p>\n\n\n\n<h2 class=\"wp-block-heading\" id=\"h-dvizna-skarjasta-ploscad-jlg-za-najem-ali-za-nakup\">Dvi\u017ena \u0161karjasta plo\u0161\u010dad JLG za najem ali za nakup<\/h2>\n\n\n\n<p>Glede na va\u0161 prora\u010dun in rezultate ujemanja vam bodo na\u0161i svetovalci priporo\u010dili specifi\u010dno \u0161karjasto plo\u0161\u010dad. Ko izberete \u0161karjasto plo\u0161\u010dad JLG, s tem dobite najvi\u0161jo kakovost. Nudimo samo \u0161karjaste plo\u0161\u010dadi uglednih blagovnih znamk, v skladu s proizvajal\u010devimi dolo\u010dili. Kupite rabljeno \u0161karjasto plo\u0161\u010dad na osnovi po\u0161tenega in dobro utemeljenega nasveta naprednega mednarodnega igralca, kot je Riwal. Veliko vlagamo tudi v nova \u0161karjasta dvigala za najem.<\/p>\n\n\n\n<h2 class=\"wp-block-heading\" id=\"h-nase-storitve\">Na\u0161e storitve<\/h2>\n\n\n\n<p>Nakup rabljenega \u0161karjastege plo\u0161\u010dadi JLG pri Riwalu pomeni:<br>&#8211; visoko kakovost<br>&#8211; nove in rabljene dvi\u017ene \u0161karjaste plo\u0161\u010dadi<br>&#8211; strokovno svetovanje<br>&#8211; razli\u010dne znamke&amp; modele<\/p>\n\n\n\n<h2 class=\"wp-block-heading\" id=\"h-skarjasta-ploscad-jlg-iz-riwala\">\u0160karjasta plo\u0161\u010dad JLG iz Riwala<\/h2>\n\n\n\n<p>Riwal je va\u0161 strokovnjak \u0161tevilka ena za \u0161karjaste plo\u0161\u010dadi JLG v Evropi, na Bli\u017enjem vzhodu, Kazahstanu in Indiji. V na\u0161i zbirki, ki jo sestavlja 18.000 strojev, vam nudimo \u0161karjaste plo\u0161\u010dadi JLG za \u0161tevilne projekte v razli\u010dnih industrijskih panogah, vedno v skladu z va\u0161imi potrebami. Daljnose\u017ene lokacije na\u0161ih podru\u017enic zagotavljajo, da \u0161karjaste plo\u0161\u010dadi in ostale stroje lahko dobavljamo \u0161irom sveta. Tako lahko obstoje\u010de in nove stranke najamejo \u0161karjaste plo\u0161\u010dadi JLG v bli\u017eini svoje lokacije.<\/p>\n\n\n\n<h3 class=\"wp-block-heading\" id=\"h-vec-informacij\">Ve\u010d informacij?<\/h3>\n\n\n\n<p>Ali ste si ogledali na\u0161o \u0161iroko paleto in imate morda vpra\u0161anje? Ne odla\u0161ajte in nas kontaktirajte. Tu smo, da vam pomagamo najti pravo re\u0161itev. Poleg tega skrbimo, da lahko varno delate z razli\u010dnimi stroji. Kontaktirate nas lahko po telefonu ali elektronski po\u0161ti. Ali \u017eelite, da vas obve\u0161\u010damo o najnovej\u0161ih izdelkih in na\u0161ih akcijah? Sledite nam na na\u0161ih kanalih socialnih omre\u017eij.<\/p>\n<\/div>\n\n\n\n<div class=\"wp-block-column is-layout-flow wp-block-column-is-layout-flow\" style=\"flex-basis:33.33%\">\n<figure class=\"wp-block-image size-full\"><img loading=\"lazy\" decoding=\"async\" width=\"450\" height=\"230\" src=\"https:\/\/eqsk4m2dkju.exactdn.com\/app\/uploads\/sites\/10\/2024\/02\/JLG-scissors-1.webp?strip=all&quality=92&webp=92&avif=80&sharp=1\" alt=\"\" class=\"wp-image-5711\" srcset=\"https:\/\/eqsk4m2dkju.exactdn.com\/app\/uploads\/sites\/10\/2024\/02\/JLG-scissors-1.webp?strip=all&amp;quality=92&amp;webp=92&amp;avif=80&amp;sharp=1 450w, https:\/\/eqsk4m2dkju.exactdn.com\/app\/uploads\/sites\/10\/2024\/02\/JLG-scissors-1-300x153.webp?strip=all&amp;quality=92&amp;webp=92&amp;avif=80&amp;sharp=1 300w, https:\/\/eqsk4m2dkju.exactdn.com\/app\/uploads\/sites\/10\/2024\/02\/JLG-scissors-1-178x91.webp?strip=all&amp;quality=92&amp;webp=92&amp;avif=80&amp;sharp=1 178w, https:\/\/eqsk4m2dkju.exactdn.com\/app\/uploads\/sites\/10\/2024\/02\/JLG-scissors-1-390x199.webp?strip=all&amp;quality=92&amp;webp=92&amp;avif=80&amp;sharp=1 390w, https:\/\/eqsk4m2dkju.exactdn.com\/app\/uploads\/sites\/10\/2024\/02\/JLG-scissors-1-250x128.webp?strip=all&amp;quality=92&amp;webp=92&amp;avif=80&amp;sharp=1 250w, https:\/\/eqsk4m2dkju.exactdn.com\/app\/uploads\/sites\/10\/2024\/02\/JLG-scissors-1-237x121.webp?strip=all&amp;quality=92&amp;webp=92&amp;avif=80&amp;sharp=1 237w, https:\/\/eqsk4m2dkju.exactdn.com\/app\/uploads\/sites\/10\/2024\/02\/JLG-scissors-1.webp?strip=all&amp;quality=92&amp;webp=92&amp;avif=80&amp;sharp=1&amp;w=90 90w\" sizes=\"auto, (max-width: 450px) 100vw, 450px\" \/><\/figure>\n\n\n\n<figure class=\"wp-block-image size-full\"><img loading=\"lazy\" decoding=\"async\" width=\"500\" height=\"364\" src=\"https:\/\/eqsk4m2dkju.exactdn.com\/app\/uploads\/sites\/10\/2024\/02\/DSC_0093-2.webp?strip=all&quality=92&webp=92&avif=80&sharp=1\" alt=\"\" class=\"wp-image-5727\" srcset=\"https:\/\/eqsk4m2dkju.exactdn.com\/app\/uploads\/sites\/10\/2024\/02\/DSC_0093-2.webp?strip=all&amp;quality=92&amp;webp=92&amp;avif=80&amp;sharp=1 500w, https:\/\/eqsk4m2dkju.exactdn.com\/app\/uploads\/sites\/10\/2024\/02\/DSC_0093-2-300x218.webp?strip=all&amp;quality=92&amp;webp=92&amp;avif=80&amp;sharp=1 300w, https:\/\/eqsk4m2dkju.exactdn.com\/app\/uploads\/sites\/10\/2024\/02\/DSC_0093-2-178x130.webp?strip=all&amp;quality=92&amp;webp=92&amp;avif=80&amp;sharp=1 178w, https:\/\/eqsk4m2dkju.exactdn.com\/app\/uploads\/sites\/10\/2024\/02\/DSC_0093-2-390x284.webp?strip=all&amp;quality=92&amp;webp=92&amp;avif=80&amp;sharp=1 390w, https:\/\/eqsk4m2dkju.exactdn.com\/app\/uploads\/sites\/10\/2024\/02\/DSC_0093-2-250x182.webp?strip=all&amp;quality=92&amp;webp=92&amp;avif=80&amp;sharp=1 250w, https:\/\/eqsk4m2dkju.exactdn.com\/app\/uploads\/sites\/10\/2024\/02\/DSC_0093-2-237x173.webp?strip=all&amp;quality=92&amp;webp=92&amp;avif=80&amp;sharp=1 237w, https:\/\/eqsk4m2dkju.exactdn.com\/app\/uploads\/sites\/10\/2024\/02\/DSC_0093-2-474x345.webp?strip=all&amp;quality=92&amp;webp=92&amp;avif=80&amp;sharp=1 474w, https:\/\/eqsk4m2dkju.exactdn.com\/app\/uploads\/sites\/10\/2024\/02\/DSC_0093-2.webp?strip=all&amp;quality=92&amp;webp=92&amp;avif=80&amp;sharp=1&amp;w=100 100w\" sizes=\"auto, (max-width: 500px) 100vw, 500px\" \/><\/figure>\n\n\n\n<p><strong>Vas zanima?<\/strong><\/p>\n\n\n\n<p>info_si@riwal.com<\/p>\n\n\n\n<p>Pokli\u010dite nas: 01 544 34 34<\/p>\n\n\n\n<div class=\"wp-block-buttons is-layout-flex wp-block-buttons-is-layout-flex\">\n<div class=\"wp-block-button\"><a class=\"wp-block-button__link wp-element-button\" href=\"https:\/\/www.riwal.com\/sl\/najem\/\">Oprema za najem<\/a><\/div>\n<\/div>\n\n\n\n<div class=\"wp-block-buttons is-layout-flex wp-block-buttons-is-layout-flex\">\n<div class=\"wp-block-button\"><a class=\"wp-block-button__link wp-element-button\" href=\"https:\/\/www.riwal.com\/sl\/prodaja\/rabljene-dvizne-naprave\/\">Rabljene naprave za prodajo<\/a><\/div>\n<\/div>\n\n\n\n<div class=\"wp-block-columns is-layout-flex wp-container-core-columns-is-layout-28f84493 wp-block-columns-is-layout-flex\">\n<div class=\"wp-block-column is-layout-flow wp-block-column-is-layout-flow\"><\/div>\n\n\n\n<div class=\"wp-block-column is-layout-flow wp-block-column-is-layout-flow\"><\/div>\n<\/div>\n<\/div>\n<\/div>\n<\/div>\n\t\t\t\t\t\t\t<\/div> ","protected":false},"excerpt":{"rendered":"<p>Dvi\u017ena \u0161karjasta plo\u0161\u010dad JLG Delo na ekstremnih vi\u0161inah je lahko nevarna pustolov\u0161\u010dina. \u0160e posebej, \u010de ne uporabljate prave opreme za delo na vi\u0161ini, ki bi delavce in material ponesla visoko v zrak. S \u0161karjasto dvi\u017eno plo\u0161\u010dadjo JLG so vse skrbi glede varnosti zadeva preteklosti. Kot vodilni oblikovalec in proizvajalec opreme za delo na vi\u0161ini JLG &hellip; <a href=\"https:\/\/www.riwal.com\/sl\/o-riwalu\/kategorije-naprav\/skarjasta-ploscad-jlg\/\">Se nadaljuje<\/a><\/p>\n","protected":false},"author":45,"featured_media":0,"parent":5700,"menu_order":0,"comment_status":"closed","ping_status":"closed","template":"","meta":{"_acf_changed":false,"footnotes":""},"class_list":["post-5736","page","type-page","status-publish","hentry"],"acf":[],"yoast_head":"<!-- This site is optimized with the Yoast SEO Premium plugin v27.1 (Yoast SEO v27.1.1) - https:\/\/yoast.com\/product\/yoast-seo-premium-wordpress\/ -->\n<title>\u0160karjasta plo\u0161\u010dad JLG - Riwal Slovenija<\/title>\n<meta name=\"robots\" content=\"index, follow, max-snippet:-1, max-image-preview:large, max-video-preview:-1\" \/>\n<link rel=\"canonical\" href=\"https:\/\/www.riwal.com\/sl\/o-riwalu\/kategorije-naprav\/skarjasta-ploscad-jlg\/\" \/>\n<meta property=\"og:locale\" content=\"sl_SI\" \/>\n<meta property=\"og:type\" content=\"article\" \/>\n<meta property=\"og:title\" content=\"\u0160karjasta plo\u0161\u010dad JLG\" \/>\n<meta property=\"og:description\" content=\"Dvi\u017ena \u0161karjasta plo\u0161\u010dad JLG Delo na ekstremnih vi\u0161inah je lahko nevarna pustolov\u0161\u010dina. \u0160e posebej, \u010de ne uporabljate prave opreme za delo na vi\u0161ini, ki bi delavce in material ponesla visoko v zrak. S \u0161karjasto dvi\u017eno plo\u0161\u010dadjo JLG so vse skrbi glede varnosti zadeva preteklosti. Kot vodilni oblikovalec in proizvajalec opreme za delo na vi\u0161ini JLG &hellip; Se nadaljuje\" \/>\n<meta property=\"og:url\" content=\"https:\/\/www.riwal.com\/sl\/o-riwalu\/kategorije-naprav\/skarjasta-ploscad-jlg\/\" \/>\n<meta property=\"og:site_name\" content=\"Riwal Slovenija\" \/>\n<meta property=\"article:modified_time\" content=\"2024-02-06T08:31:14+00:00\" \/>\n<meta property=\"og:image\" content=\"https:\/\/www.riwal.com\/-\/media\/Riwal-Slovenia\/Slike\/Novice\/DSC_0093-(2).jpg?h=364&amp;w=500&amp;la=sl-SI&amp;hash=3D7C2600F4B5325725E921F078A52925490EECC7\" \/>\n<meta name=\"twitter:card\" content=\"summary_large_image\" \/>\n<meta name=\"twitter:label1\" content=\"Est. reading time\" \/>\n\t<meta name=\"twitter:data1\" content=\"6 minut\" \/>\n<script type=\"application\/ld+json\" class=\"yoast-schema-graph\">{\"@context\":\"https:\/\/schema.org\",\"@graph\":[{\"@type\":\"WebPage\",\"@id\":\"https:\/\/www.riwal.com\/sl\/o-riwalu\/kategorije-naprav\/skarjasta-ploscad-jlg\/\",\"url\":\"https:\/\/www.riwal.com\/sl\/o-riwalu\/kategorije-naprav\/skarjasta-ploscad-jlg\/\",\"name\":\"\u0160karjasta plo\u0161\u010dad JLG - Riwal Slovenija\",\"isPartOf\":{\"@id\":\"https:\/\/www.riwal.com\/sl\/#website\"},\"primaryImageOfPage\":{\"@id\":\"https:\/\/www.riwal.com\/sl\/o-riwalu\/kategorije-naprav\/skarjasta-ploscad-jlg\/#primaryimage\"},\"image\":{\"@id\":\"https:\/\/www.riwal.com\/sl\/o-riwalu\/kategorije-naprav\/skarjasta-ploscad-jlg\/#primaryimage\"},\"thumbnailUrl\":\"https:\/\/www.riwal.com\/-\/media\/Riwal-Slovenia\/Slike\/Novice\/DSC_0093-(2).jpg?h=364&amp;w=500&amp;la=sl-SI&amp;hash=3D7C2600F4B5325725E921F078A52925490EECC7\",\"datePublished\":\"2024-02-06T08:30:21+00:00\",\"dateModified\":\"2024-02-06T08:31:14+00:00\",\"breadcrumb\":{\"@id\":\"https:\/\/www.riwal.com\/sl\/o-riwalu\/kategorije-naprav\/skarjasta-ploscad-jlg\/#breadcrumb\"},\"inLanguage\":\"sl-SI\",\"potentialAction\":[{\"@type\":\"ReadAction\",\"target\":[\"https:\/\/www.riwal.com\/sl\/o-riwalu\/kategorije-naprav\/skarjasta-ploscad-jlg\/\"]}]},{\"@type\":\"ImageObject\",\"inLanguage\":\"sl-SI\",\"@id\":\"https:\/\/www.riwal.com\/sl\/o-riwalu\/kategorije-naprav\/skarjasta-ploscad-jlg\/#primaryimage\",\"url\":\"https:\/\/www.riwal.com\/-\/media\/Riwal-Slovenia\/Slike\/Novice\/DSC_0093-(2).jpg?h=364&amp;w=500&amp;la=sl-SI&amp;hash=3D7C2600F4B5325725E921F078A52925490EECC7\",\"contentUrl\":\"https:\/\/www.riwal.com\/-\/media\/Riwal-Slovenia\/Slike\/Novice\/DSC_0093-(2).jpg?h=364&amp;w=500&amp;la=sl-SI&amp;hash=3D7C2600F4B5325725E921F078A52925490EECC7\"},{\"@type\":\"BreadcrumbList\",\"@id\":\"https:\/\/www.riwal.com\/sl\/o-riwalu\/kategorije-naprav\/skarjasta-ploscad-jlg\/#breadcrumb\",\"itemListElement\":[{\"@type\":\"ListItem\",\"position\":1,\"name\":\"Domov\",\"item\":\"https:\/\/www.riwal.com\/sl\/\"},{\"@type\":\"ListItem\",\"position\":2,\"name\":\"O riwalu\",\"item\":\"https:\/\/www.riwal.com\/sl\/o-riwalu\/\"},{\"@type\":\"ListItem\",\"position\":3,\"name\":\"Kategorije naprav\",\"item\":\"https:\/\/www.riwal.com\/sl\/o-riwalu\/kategorije-naprav\/\"},{\"@type\":\"ListItem\",\"position\":4,\"name\":\"\u0160karjasta plo\u0161\u010dad JLG\"}]},{\"@type\":\"WebSite\",\"@id\":\"https:\/\/www.riwal.com\/sl\/#website\",\"url\":\"https:\/\/www.riwal.com\/sl\/\",\"name\":\"Riwal\",\"description\":\"Arial work platform &amp; Telehandler Rental\/Sales\",\"publisher\":{\"@id\":\"https:\/\/www.riwal.com\/sl\/#organization\"},\"potentialAction\":[{\"@type\":\"SearchAction\",\"target\":{\"@type\":\"EntryPoint\",\"urlTemplate\":\"https:\/\/www.riwal.com\/sl\/?s={search_term_string}\"},\"query-input\":{\"@type\":\"PropertyValueSpecification\",\"valueRequired\":true,\"valueName\":\"search_term_string\"}}],\"inLanguage\":\"sl-SI\"},{\"@type\":\"Organization\",\"@id\":\"https:\/\/www.riwal.com\/sl\/#organization\",\"name\":\"Riwal\",\"url\":\"https:\/\/www.riwal.com\/sl\/\",\"logo\":{\"@type\":\"ImageObject\",\"inLanguage\":\"sl-SI\",\"@id\":\"https:\/\/www.riwal.com\/sl\/#\/schema\/logo\/image\/\",\"url\":\"\",\"contentUrl\":\"\",\"caption\":\"Riwal\"},\"image\":{\"@id\":\"https:\/\/www.riwal.com\/sl\/#\/schema\/logo\/image\/\"}}]}<\/script>\n<!-- \/ Yoast SEO Premium plugin. -->","yoast_head_json":{"title":"\u0160karjasta plo\u0161\u010dad JLG - Riwal Slovenija","robots":{"index":"index","follow":"follow","max-snippet":"max-snippet:-1","max-image-preview":"max-image-preview:large","max-video-preview":"max-video-preview:-1"},"canonical":"https:\/\/www.riwal.com\/sl\/o-riwalu\/kategorije-naprav\/skarjasta-ploscad-jlg\/","og_locale":"sl_SI","og_type":"article","og_title":"\u0160karjasta plo\u0161\u010dad JLG","og_description":"Dvi\u017ena \u0161karjasta plo\u0161\u010dad JLG Delo na ekstremnih vi\u0161inah je lahko nevarna pustolov\u0161\u010dina. \u0160e posebej, \u010de ne uporabljate prave opreme za delo na vi\u0161ini, ki bi delavce in material ponesla visoko v zrak. S \u0161karjasto dvi\u017eno plo\u0161\u010dadjo JLG so vse skrbi glede varnosti zadeva preteklosti. Kot vodilni oblikovalec in proizvajalec opreme za delo na vi\u0161ini JLG &hellip; Se nadaljuje","og_url":"https:\/\/www.riwal.com\/sl\/o-riwalu\/kategorije-naprav\/skarjasta-ploscad-jlg\/","og_site_name":"Riwal Slovenija","article_modified_time":"2024-02-06T08:31:14+00:00","og_image":[{"url":"https:\/\/www.riwal.com\/-\/media\/Riwal-Slovenia\/Slike\/Novice\/DSC_0093-(2).jpg?h=364&amp;w=500&amp;la=sl-SI&amp;hash=3D7C2600F4B5325725E921F078A52925490EECC7","type":"","width":"","height":""}],"twitter_card":"summary_large_image","twitter_misc":{"Est. reading time":"6 minut"},"schema":{"@context":"https:\/\/schema.org","@graph":[{"@type":"WebPage","@id":"https:\/\/www.riwal.com\/sl\/o-riwalu\/kategorije-naprav\/skarjasta-ploscad-jlg\/","url":"https:\/\/www.riwal.com\/sl\/o-riwalu\/kategorije-naprav\/skarjasta-ploscad-jlg\/","name":"\u0160karjasta plo\u0161\u010dad JLG - Riwal Slovenija","isPartOf":{"@id":"https:\/\/www.riwal.com\/sl\/#website"},"primaryImageOfPage":{"@id":"https:\/\/www.riwal.com\/sl\/o-riwalu\/kategorije-naprav\/skarjasta-ploscad-jlg\/#primaryimage"},"image":{"@id":"https:\/\/www.riwal.com\/sl\/o-riwalu\/kategorije-naprav\/skarjasta-ploscad-jlg\/#primaryimage"},"thumbnailUrl":"https:\/\/www.riwal.com\/-\/media\/Riwal-Slovenia\/Slike\/Novice\/DSC_0093-(2).jpg?h=364&amp;w=500&amp;la=sl-SI&amp;hash=3D7C2600F4B5325725E921F078A52925490EECC7","datePublished":"2024-02-06T08:30:21+00:00","dateModified":"2024-02-06T08:31:14+00:00","breadcrumb":{"@id":"https:\/\/www.riwal.com\/sl\/o-riwalu\/kategorije-naprav\/skarjasta-ploscad-jlg\/#breadcrumb"},"inLanguage":"sl-SI","potentialAction":[{"@type":"ReadAction","target":["https:\/\/www.riwal.com\/sl\/o-riwalu\/kategorije-naprav\/skarjasta-ploscad-jlg\/"]}]},{"@type":"ImageObject","inLanguage":"sl-SI","@id":"https:\/\/www.riwal.com\/sl\/o-riwalu\/kategorije-naprav\/skarjasta-ploscad-jlg\/#primaryimage","url":"https:\/\/www.riwal.com\/-\/media\/Riwal-Slovenia\/Slike\/Novice\/DSC_0093-(2).jpg?h=364&amp;w=500&amp;la=sl-SI&amp;hash=3D7C2600F4B5325725E921F078A52925490EECC7","contentUrl":"https:\/\/www.riwal.com\/-\/media\/Riwal-Slovenia\/Slike\/Novice\/DSC_0093-(2).jpg?h=364&amp;w=500&amp;la=sl-SI&amp;hash=3D7C2600F4B5325725E921F078A52925490EECC7"},{"@type":"BreadcrumbList","@id":"https:\/\/www.riwal.com\/sl\/o-riwalu\/kategorije-naprav\/skarjasta-ploscad-jlg\/#breadcrumb","itemListElement":[{"@type":"ListItem","position":1,"name":"Domov","item":"https:\/\/www.riwal.com\/sl\/"},{"@type":"ListItem","position":2,"name":"O riwalu","item":"https:\/\/www.riwal.com\/sl\/o-riwalu\/"},{"@type":"ListItem","position":3,"name":"Kategorije naprav","item":"https:\/\/www.riwal.com\/sl\/o-riwalu\/kategorije-naprav\/"},{"@type":"ListItem","position":4,"name":"\u0160karjasta plo\u0161\u010dad JLG"}]},{"@type":"WebSite","@id":"https:\/\/www.riwal.com\/sl\/#website","url":"https:\/\/www.riwal.com\/sl\/","name":"Riwal","description":"Arial work platform &amp; Telehandler Rental\/Sales","publisher":{"@id":"https:\/\/www.riwal.com\/sl\/#organization"},"potentialAction":[{"@type":"SearchAction","target":{"@type":"EntryPoint","urlTemplate":"https:\/\/www.riwal.com\/sl\/?s={search_term_string}"},"query-input":{"@type":"PropertyValueSpecification","valueRequired":true,"valueName":"search_term_string"}}],"inLanguage":"sl-SI"},{"@type":"Organization","@id":"https:\/\/www.riwal.com\/sl\/#organization","name":"Riwal","url":"https:\/\/www.riwal.com\/sl\/","logo":{"@type":"ImageObject","inLanguage":"sl-SI","@id":"https:\/\/www.riwal.com\/sl\/#\/schema\/logo\/image\/","url":"","contentUrl":"","caption":"Riwal"},"image":{"@id":"https:\/\/www.riwal.com\/sl\/#\/schema\/logo\/image\/"}}]}},"_links":{"self":[{"href":"https:\/\/www.riwal.com\/sl\/wp-json\/wp\/v2\/pages\/5736","targetHints":{"allow":["GET"]}}],"collection":[{"href":"https:\/\/www.riwal.com\/sl\/wp-json\/wp\/v2\/pages"}],"about":[{"href":"https:\/\/www.riwal.com\/sl\/wp-json\/wp\/v2\/types\/page"}],"author":[{"embeddable":true,"href":"https:\/\/www.riwal.com\/sl\/wp-json\/wp\/v2\/users\/45"}],"replies":[{"embeddable":true,"href":"https:\/\/www.riwal.com\/sl\/wp-json\/wp\/v2\/comments?post=5736"}],"version-history":[{"count":4,"href":"https:\/\/www.riwal.com\/sl\/wp-json\/wp\/v2\/pages\/5736\/revisions"}],"predecessor-version":[{"id":5740,"href":"https:\/\/www.riwal.com\/sl\/wp-json\/wp\/v2\/pages\/5736\/revisions\/5740"}],"up":[{"embeddable":true,"href":"https:\/\/www.riwal.com\/sl\/wp-json\/wp\/v2\/pages\/5700"}],"wp:attachment":[{"href":"https:\/\/www.riwal.com\/sl\/wp-json\/wp\/v2\/media?parent=5736"}],"curies":[{"name":"wp","href":"https:\/\/api.w.org\/{rel}","templated":true}]}}