{"id":5734,"date":"2024-02-06T08:29:15","date_gmt":"2024-02-06T08:29:15","guid":{"rendered":"https:\/\/www.riwal.com\/sl\/?page_id=5734"},"modified":"2024-02-06T08:29:16","modified_gmt":"2024-02-06T08:29:16","slug":"teleskopski-vilicar-jlg","status":"publish","type":"page","link":"https:\/\/www.riwal.com\/sl\/o-riwalu\/kategorije-naprav\/teleskopski-vilicar-jlg\/","title":{"rendered":"Teleskopski vili\u010dar JLG"},"content":{"rendered":"<div class=\"rental-wp-default-block rental-theme-block-default-margin\">\n\t\t\t\t\t\t\t\t<div class=\"container\">\n<div class=\"wp-block-columns is-layout-flex wp-container-core-columns-is-layout-28f84493 wp-block-columns-is-layout-flex\">\n<div class=\"wp-block-column is-layout-flow wp-block-column-is-layout-flow\" style=\"flex-basis:66.66%\">\n<p>Ali potrebujete stroj, ki vam bo pomagal pri delu na razli\u010dnih vi\u0161inah ali pa s kar najve\u010djo lahkoto premestil materiale iz ene lokacije na drugo? V tem primeru je teleskopski vili\u010dar tisto, kar manjka va\u0161emu podjetju ali projektu. Delati s teleskopskim vili\u010darjem JLG pomeni delati z vrhunsko opremo. Teleskopski vili\u010dar JLG vam ves \u010das nudi maksimalno produktivnost in zanesljivost in tako pove\u010duje zmogljivost v vsakem okolju, tudi na delovi\u0161\u010dih s te\u017ekimi delovnimi pogoji. V Riwalu boste na\u0161li va\u0161ega partnerja za najem JLG, kot tudi va\u0161ega dobavitelja za JLG, ki ga odlikuje vrhunska storitev in \u0161iroka paleta razli\u010dnih teleskopskih vili\u010darjev JLG na zalogi.<\/p>\n\n\n\n<h2 class=\"wp-block-heading\" id=\"h-a-teleskopski-vilicar-jlg-za-povecano-produktivnost\"><strong>A Teleskopski vili\u010dar JLG za pove\u010dano produktivnost<\/strong><\/h2>\n\n\n\n<p>Pri delu s teleskopskim vili\u010darjem JLG uporabljate opremo najvi\u0161je kakovosti, kar boste zagotovo opazili. JLG vam nudi strojno opremo, ki jo odlikuje najve\u010dje udobje in enostavnost premikanja, delo pa se opravi z lahkoto, kot da bi \u0161lo za sprehod po parku. Ko delo na delovi\u0161\u010du zahteva dvig materiala, kot na primer pokrivanje strehe ali postavljanje sten, JLG poskrbi, da vse kon\u010da tam, kjer mora biti, ne da bi se pri tem kakorkoli po\u0161kodovalo.<\/p>\n\n\n\n<h2 class=\"wp-block-heading\" id=\"h-teleskopski-vilicar-ali-vilicar\"><strong>Teleskopski vili\u010dar ali vili\u010dar?<\/strong><\/h2>\n\n\n\n<p>Teleskopski vili\u010dar sam po sebi je zasnovan za dviganje in premikanje te\u017ekega tovora, za uporabo v, vendar ne omejeno na, kmetijstvu, gradnji industrijskih objektov in gradnji infrastrukture. Nadalje se teleskopski vili\u010darji delijo na teleskopske vili\u010darje z vrtljivo nadgradnjo in teleskopske vili\u010darje s fiksno teleskopsko roko. \u010ceprav ka\u017ee na rahlo podobnost z vili\u010darjem, pa je teleskopski vili\u010dar veliko mo\u010dnej\u0161i, zaradi \u010desar je idealen za uporabo na grobem terenu. Poleg tega teleskopska roka teleskopskega vili\u010darja z lahkoto presega roko obi\u010dajnega vili\u010darja. Kaj pa teleskopski vili\u010dar JLG? No, ta pa presega vse aspekte, ki jih lahko nudi obi\u010dajen teleskopski vili\u010dar.<\/p>\n\n\n\n<h2 class=\"wp-block-heading\" id=\"h-najem-jlg\">Najem JLG<\/h2>\n\n\n\n<p>\u010ce potrebujete teleskopski vili\u010dar samo za en projekt oziroma ne nameravate opreme uporabljati tako pogosto, potem je prava re\u0161itev najem va\u0161ega teleskopskega vili\u010darja JLG. V Riwalu boste na\u0161li popolnega partnerja za najem JLG. Kot vodilno mednarodno delujo\u010de podjetje za najem na podro\u010dju re\u0161itev za delo na razli\u010dnih vi\u0161inah natan\u010dno vemo, kateri je pravi teleskopski vili\u010dar JLG za va\u0161e podjetje, industrijsko panogo ali projekt.&nbsp; Z na\u0161o osredoto\u010denostjo na varnost in u\u010dinkovitost vam bomo z najve\u010djim veseljem predstavili razli\u010dne specifikacije, ki jih ponujajo na\u0161i stroji ter vam zagotovili tudi ustrezno \u0161olanje in certificiranje. Kontaktirajte na\u0161o strokovno ekipo za najem in dovolite, da vam na\u0161i strokovnjaki svetujejo o mo\u017enostih.<br><\/p>\n\n\n\n<h2 class=\"wp-block-heading\" id=\"h-teleskopski-vilicar-jlg-za-prodajo\"><strong>Teleskopski vili\u010dar JLG za prodajo<\/strong><\/h2>\n\n\n\n<p>Ali se pri\u010dakuje, da boste va\u0161 teleskopski vili\u010dar JLG uporabljali vsakodnevno? Riwal je va\u0161 dobavitelj JLG in vam nudi \u0161iroko paleto razli\u010dnih teleskopskih vili\u010darjev JLG za najrazli\u010dnej\u0161e industrijske panoge in projekte. Razumemo, da je to lahko velika nalo\u017eba. Zato vas bodo na\u0161i strokovnjaki za&nbsp; JLG z veseljem informirali o na\u0161ih razli\u010dnih tipih opreme JLG ter poskrbeli, da se boste na osnovi prejetih informacij premi\u0161ljeno odlo\u010dili.<br><\/p>\n\n\n\n<h3 class=\"wp-block-heading\" id=\"h-poiscite-vas-teleskopski-vilicar-jlg-pri-riwalu\">Poi\u0161\u010dite va\u0161 teleskopski vili\u010dar JLG pri Riwalu<\/h3>\n\n\n\n<p>Kot smo \u017ee omenili, je Riwal va\u0161 strokovni dobavitelj za najem JLG in va\u0161 zanesljivi dobavitelj JLG. Kontaktirajte nas za ve\u010d informacij. Z najve\u010djim veseljem vas bomo informirali o pravem teleskopskem vili\u010darju JLG za va\u0161e podjetje ali va\u0161 projekt. <img decoding=\"async\" src=\"https:\/\/eqsk4m2dkju.exactdn.com\/-\/media\/Riwal-Slovenia\/Slike\/Novice\/DSC_0093-(2).jpg?strip=all&quality=92&webp=92&avif=80&sharp=1&w=1920\" alt=\"\"><\/p>\n<\/div>\n\n\n\n<div class=\"wp-block-column is-layout-flow wp-block-column-is-layout-flow\" style=\"flex-basis:33.33%\">\n<figure class=\"wp-block-image size-full\"><img loading=\"lazy\" decoding=\"async\" width=\"450\" height=\"230\" src=\"https:\/\/eqsk4m2dkju.exactdn.com\/app\/uploads\/sites\/10\/2024\/02\/JLG-telehandlers.webp?strip=all&quality=92&webp=92&avif=80&sharp=1\" alt=\"\" class=\"wp-image-5704\" srcset=\"https:\/\/eqsk4m2dkju.exactdn.com\/app\/uploads\/sites\/10\/2024\/02\/JLG-telehandlers.webp?strip=all&amp;quality=92&amp;webp=92&amp;avif=80&amp;sharp=1 450w, https:\/\/eqsk4m2dkju.exactdn.com\/app\/uploads\/sites\/10\/2024\/02\/JLG-telehandlers-300x153.webp?strip=all&amp;quality=92&amp;webp=92&amp;avif=80&amp;sharp=1 300w, https:\/\/eqsk4m2dkju.exactdn.com\/app\/uploads\/sites\/10\/2024\/02\/JLG-telehandlers-178x91.webp?strip=all&amp;quality=92&amp;webp=92&amp;avif=80&amp;sharp=1 178w, https:\/\/eqsk4m2dkju.exactdn.com\/app\/uploads\/sites\/10\/2024\/02\/JLG-telehandlers-390x199.webp?strip=all&amp;quality=92&amp;webp=92&amp;avif=80&amp;sharp=1 390w, https:\/\/eqsk4m2dkju.exactdn.com\/app\/uploads\/sites\/10\/2024\/02\/JLG-telehandlers-250x128.webp?strip=all&amp;quality=92&amp;webp=92&amp;avif=80&amp;sharp=1 250w, https:\/\/eqsk4m2dkju.exactdn.com\/app\/uploads\/sites\/10\/2024\/02\/JLG-telehandlers-237x121.webp?strip=all&amp;quality=92&amp;webp=92&amp;avif=80&amp;sharp=1 237w, https:\/\/eqsk4m2dkju.exactdn.com\/app\/uploads\/sites\/10\/2024\/02\/JLG-telehandlers.webp?strip=all&amp;quality=92&amp;webp=92&amp;avif=80&amp;sharp=1&amp;w=90 90w\" sizes=\"auto, (max-width: 450px) 100vw, 450px\" \/><\/figure>\n\n\n\n<figure class=\"wp-block-image size-full\"><img loading=\"lazy\" decoding=\"async\" width=\"500\" height=\"364\" src=\"https:\/\/eqsk4m2dkju.exactdn.com\/app\/uploads\/sites\/10\/2024\/02\/DSC_0093-2.webp?strip=all&quality=92&webp=92&avif=80&sharp=1\" alt=\"\" class=\"wp-image-5727\" srcset=\"https:\/\/eqsk4m2dkju.exactdn.com\/app\/uploads\/sites\/10\/2024\/02\/DSC_0093-2.webp?strip=all&amp;quality=92&amp;webp=92&amp;avif=80&amp;sharp=1 500w, https:\/\/eqsk4m2dkju.exactdn.com\/app\/uploads\/sites\/10\/2024\/02\/DSC_0093-2-300x218.webp?strip=all&amp;quality=92&amp;webp=92&amp;avif=80&amp;sharp=1 300w, https:\/\/eqsk4m2dkju.exactdn.com\/app\/uploads\/sites\/10\/2024\/02\/DSC_0093-2-178x130.webp?strip=all&amp;quality=92&amp;webp=92&amp;avif=80&amp;sharp=1 178w, https:\/\/eqsk4m2dkju.exactdn.com\/app\/uploads\/sites\/10\/2024\/02\/DSC_0093-2-390x284.webp?strip=all&amp;quality=92&amp;webp=92&amp;avif=80&amp;sharp=1 390w, https:\/\/eqsk4m2dkju.exactdn.com\/app\/uploads\/sites\/10\/2024\/02\/DSC_0093-2-250x182.webp?strip=all&amp;quality=92&amp;webp=92&amp;avif=80&amp;sharp=1 250w, https:\/\/eqsk4m2dkju.exactdn.com\/app\/uploads\/sites\/10\/2024\/02\/DSC_0093-2-237x173.webp?strip=all&amp;quality=92&amp;webp=92&amp;avif=80&amp;sharp=1 237w, https:\/\/eqsk4m2dkju.exactdn.com\/app\/uploads\/sites\/10\/2024\/02\/DSC_0093-2-474x345.webp?strip=all&amp;quality=92&amp;webp=92&amp;avif=80&amp;sharp=1 474w, https:\/\/eqsk4m2dkju.exactdn.com\/app\/uploads\/sites\/10\/2024\/02\/DSC_0093-2.webp?strip=all&amp;quality=92&amp;webp=92&amp;avif=80&amp;sharp=1&amp;w=100 100w\" sizes=\"auto, (max-width: 500px) 100vw, 500px\" \/><\/figure>\n\n\n\n<p><strong>Vas zanima?<\/strong><\/p>\n\n\n\n<p>info_si@riwal.com<\/p>\n\n\n\n<p>Pokli\u010dite nas: 01 544 34 34<\/p>\n\n\n\n<div class=\"wp-block-buttons is-layout-flex wp-block-buttons-is-layout-flex\">\n<div class=\"wp-block-button\"><a class=\"wp-block-button__link wp-element-button\" href=\"https:\/\/www.riwal.com\/sl\/najem\/\">Oprema za najem<\/a><\/div>\n<\/div>\n\n\n\n<div class=\"wp-block-buttons is-layout-flex wp-block-buttons-is-layout-flex\">\n<div class=\"wp-block-button\"><a class=\"wp-block-button__link wp-element-button\" href=\"https:\/\/www.riwal.com\/sl\/prodaja\/rabljene-dvizne-naprave\/\">Rabljene naprave za prodajo<\/a><\/div>\n<\/div>\n\n\n\n<div class=\"wp-block-columns is-layout-flex wp-container-core-columns-is-layout-28f84493 wp-block-columns-is-layout-flex\">\n<div class=\"wp-block-column is-layout-flow wp-block-column-is-layout-flow\"><\/div>\n\n\n\n<div class=\"wp-block-column is-layout-flow wp-block-column-is-layout-flow\"><\/div>\n<\/div>\n<\/div>\n<\/div>\n<\/div>\n\t\t\t\t\t\t\t<\/div> ","protected":false},"excerpt":{"rendered":"<p>Ali potrebujete stroj, ki vam bo pomagal pri delu na razli\u010dnih vi\u0161inah ali pa s kar najve\u010djo lahkoto premestil materiale iz ene lokacije na drugo? V tem primeru je teleskopski vili\u010dar tisto, kar manjka va\u0161emu podjetju ali projektu. Delati s teleskopskim vili\u010darjem JLG pomeni delati z vrhunsko opremo. Teleskopski vili\u010dar JLG vam ves \u010das nudi &hellip; <a href=\"https:\/\/www.riwal.com\/sl\/o-riwalu\/kategorije-naprav\/teleskopski-vilicar-jlg\/\">Se nadaljuje<\/a><\/p>\n","protected":false},"author":45,"featured_media":0,"parent":5700,"menu_order":0,"comment_status":"closed","ping_status":"closed","template":"","meta":{"_acf_changed":false,"footnotes":""},"class_list":["post-5734","page","type-page","status-publish","hentry"],"acf":[],"yoast_head":"<!-- This site is optimized with the Yoast SEO Premium plugin v27.1 (Yoast SEO v27.1.1) - https:\/\/yoast.com\/product\/yoast-seo-premium-wordpress\/ -->\n<title>Teleskopski vili\u010dar JLG - Riwal Slovenija<\/title>\n<meta name=\"robots\" content=\"index, follow, max-snippet:-1, max-image-preview:large, max-video-preview:-1\" \/>\n<link rel=\"canonical\" href=\"https:\/\/www.riwal.com\/sl\/o-riwalu\/kategorije-naprav\/teleskopski-vilicar-jlg\/\" \/>\n<meta property=\"og:locale\" content=\"sl_SI\" \/>\n<meta property=\"og:type\" content=\"article\" \/>\n<meta property=\"og:title\" content=\"Teleskopski vili\u010dar JLG\" \/>\n<meta property=\"og:description\" content=\"Ali potrebujete stroj, ki vam bo pomagal pri delu na razli\u010dnih vi\u0161inah ali pa s kar najve\u010djo lahkoto premestil materiale iz ene lokacije na drugo? V tem primeru je teleskopski vili\u010dar tisto, kar manjka va\u0161emu podjetju ali projektu. Delati s teleskopskim vili\u010darjem JLG pomeni delati z vrhunsko opremo. Teleskopski vili\u010dar JLG vam ves \u010das nudi &hellip; Se nadaljuje\" \/>\n<meta property=\"og:url\" content=\"https:\/\/www.riwal.com\/sl\/o-riwalu\/kategorije-naprav\/teleskopski-vilicar-jlg\/\" \/>\n<meta property=\"og:site_name\" content=\"Riwal Slovenija\" \/>\n<meta property=\"article:modified_time\" content=\"2024-02-06T08:29:16+00:00\" \/>\n<meta property=\"og:image\" content=\"https:\/\/www.riwal.com\/-\/media\/Riwal-Slovenia\/Slike\/Novice\/DSC_0093-(2).jpg?h=364&amp;w=500&amp;la=sl-SI&amp;hash=3D7C2600F4B5325725E921F078A52925490EECC7\" \/>\n<meta name=\"twitter:card\" content=\"summary_large_image\" \/>\n<meta name=\"twitter:label1\" content=\"Est. reading time\" \/>\n\t<meta name=\"twitter:data1\" content=\"4 minute\" \/>\n<script type=\"application\/ld+json\" class=\"yoast-schema-graph\">{\"@context\":\"https:\/\/schema.org\",\"@graph\":[{\"@type\":\"WebPage\",\"@id\":\"https:\/\/www.riwal.com\/sl\/o-riwalu\/kategorije-naprav\/teleskopski-vilicar-jlg\/\",\"url\":\"https:\/\/www.riwal.com\/sl\/o-riwalu\/kategorije-naprav\/teleskopski-vilicar-jlg\/\",\"name\":\"Teleskopski vili\u010dar JLG - Riwal Slovenija\",\"isPartOf\":{\"@id\":\"https:\/\/www.riwal.com\/sl\/#website\"},\"primaryImageOfPage\":{\"@id\":\"https:\/\/www.riwal.com\/sl\/o-riwalu\/kategorije-naprav\/teleskopski-vilicar-jlg\/#primaryimage\"},\"image\":{\"@id\":\"https:\/\/www.riwal.com\/sl\/o-riwalu\/kategorije-naprav\/teleskopski-vilicar-jlg\/#primaryimage\"},\"thumbnailUrl\":\"https:\/\/www.riwal.com\/-\/media\/Riwal-Slovenia\/Slike\/Novice\/DSC_0093-(2).jpg?h=364&amp;w=500&amp;la=sl-SI&amp;hash=3D7C2600F4B5325725E921F078A52925490EECC7\",\"datePublished\":\"2024-02-06T08:29:15+00:00\",\"dateModified\":\"2024-02-06T08:29:16+00:00\",\"breadcrumb\":{\"@id\":\"https:\/\/www.riwal.com\/sl\/o-riwalu\/kategorije-naprav\/teleskopski-vilicar-jlg\/#breadcrumb\"},\"inLanguage\":\"sl-SI\",\"potentialAction\":[{\"@type\":\"ReadAction\",\"target\":[\"https:\/\/www.riwal.com\/sl\/o-riwalu\/kategorije-naprav\/teleskopski-vilicar-jlg\/\"]}]},{\"@type\":\"ImageObject\",\"inLanguage\":\"sl-SI\",\"@id\":\"https:\/\/www.riwal.com\/sl\/o-riwalu\/kategorije-naprav\/teleskopski-vilicar-jlg\/#primaryimage\",\"url\":\"https:\/\/www.riwal.com\/-\/media\/Riwal-Slovenia\/Slike\/Novice\/DSC_0093-(2).jpg?h=364&amp;w=500&amp;la=sl-SI&amp;hash=3D7C2600F4B5325725E921F078A52925490EECC7\",\"contentUrl\":\"https:\/\/www.riwal.com\/-\/media\/Riwal-Slovenia\/Slike\/Novice\/DSC_0093-(2).jpg?h=364&amp;w=500&amp;la=sl-SI&amp;hash=3D7C2600F4B5325725E921F078A52925490EECC7\"},{\"@type\":\"BreadcrumbList\",\"@id\":\"https:\/\/www.riwal.com\/sl\/o-riwalu\/kategorije-naprav\/teleskopski-vilicar-jlg\/#breadcrumb\",\"itemListElement\":[{\"@type\":\"ListItem\",\"position\":1,\"name\":\"Domov\",\"item\":\"https:\/\/www.riwal.com\/sl\/\"},{\"@type\":\"ListItem\",\"position\":2,\"name\":\"O riwalu\",\"item\":\"https:\/\/www.riwal.com\/sl\/o-riwalu\/\"},{\"@type\":\"ListItem\",\"position\":3,\"name\":\"Kategorije naprav\",\"item\":\"https:\/\/www.riwal.com\/sl\/o-riwalu\/kategorije-naprav\/\"},{\"@type\":\"ListItem\",\"position\":4,\"name\":\"Teleskopski vili\u010dar JLG\"}]},{\"@type\":\"WebSite\",\"@id\":\"https:\/\/www.riwal.com\/sl\/#website\",\"url\":\"https:\/\/www.riwal.com\/sl\/\",\"name\":\"Riwal\",\"description\":\"Arial work platform &amp; Telehandler Rental\/Sales\",\"publisher\":{\"@id\":\"https:\/\/www.riwal.com\/sl\/#organization\"},\"potentialAction\":[{\"@type\":\"SearchAction\",\"target\":{\"@type\":\"EntryPoint\",\"urlTemplate\":\"https:\/\/www.riwal.com\/sl\/?s={search_term_string}\"},\"query-input\":{\"@type\":\"PropertyValueSpecification\",\"valueRequired\":true,\"valueName\":\"search_term_string\"}}],\"inLanguage\":\"sl-SI\"},{\"@type\":\"Organization\",\"@id\":\"https:\/\/www.riwal.com\/sl\/#organization\",\"name\":\"Riwal\",\"url\":\"https:\/\/www.riwal.com\/sl\/\",\"logo\":{\"@type\":\"ImageObject\",\"inLanguage\":\"sl-SI\",\"@id\":\"https:\/\/www.riwal.com\/sl\/#\/schema\/logo\/image\/\",\"url\":\"\",\"contentUrl\":\"\",\"caption\":\"Riwal\"},\"image\":{\"@id\":\"https:\/\/www.riwal.com\/sl\/#\/schema\/logo\/image\/\"}}]}<\/script>\n<!-- \/ Yoast SEO Premium plugin. -->","yoast_head_json":{"title":"Teleskopski vili\u010dar JLG - Riwal Slovenija","robots":{"index":"index","follow":"follow","max-snippet":"max-snippet:-1","max-image-preview":"max-image-preview:large","max-video-preview":"max-video-preview:-1"},"canonical":"https:\/\/www.riwal.com\/sl\/o-riwalu\/kategorije-naprav\/teleskopski-vilicar-jlg\/","og_locale":"sl_SI","og_type":"article","og_title":"Teleskopski vili\u010dar JLG","og_description":"Ali potrebujete stroj, ki vam bo pomagal pri delu na razli\u010dnih vi\u0161inah ali pa s kar najve\u010djo lahkoto premestil materiale iz ene lokacije na drugo? V tem primeru je teleskopski vili\u010dar tisto, kar manjka va\u0161emu podjetju ali projektu. Delati s teleskopskim vili\u010darjem JLG pomeni delati z vrhunsko opremo. Teleskopski vili\u010dar JLG vam ves \u010das nudi &hellip; Se nadaljuje","og_url":"https:\/\/www.riwal.com\/sl\/o-riwalu\/kategorije-naprav\/teleskopski-vilicar-jlg\/","og_site_name":"Riwal Slovenija","article_modified_time":"2024-02-06T08:29:16+00:00","og_image":[{"url":"https:\/\/www.riwal.com\/-\/media\/Riwal-Slovenia\/Slike\/Novice\/DSC_0093-(2).jpg?h=364&amp;w=500&amp;la=sl-SI&amp;hash=3D7C2600F4B5325725E921F078A52925490EECC7","type":"","width":"","height":""}],"twitter_card":"summary_large_image","twitter_misc":{"Est. reading time":"4 minute"},"schema":{"@context":"https:\/\/schema.org","@graph":[{"@type":"WebPage","@id":"https:\/\/www.riwal.com\/sl\/o-riwalu\/kategorije-naprav\/teleskopski-vilicar-jlg\/","url":"https:\/\/www.riwal.com\/sl\/o-riwalu\/kategorije-naprav\/teleskopski-vilicar-jlg\/","name":"Teleskopski vili\u010dar JLG - Riwal Slovenija","isPartOf":{"@id":"https:\/\/www.riwal.com\/sl\/#website"},"primaryImageOfPage":{"@id":"https:\/\/www.riwal.com\/sl\/o-riwalu\/kategorije-naprav\/teleskopski-vilicar-jlg\/#primaryimage"},"image":{"@id":"https:\/\/www.riwal.com\/sl\/o-riwalu\/kategorije-naprav\/teleskopski-vilicar-jlg\/#primaryimage"},"thumbnailUrl":"https:\/\/www.riwal.com\/-\/media\/Riwal-Slovenia\/Slike\/Novice\/DSC_0093-(2).jpg?h=364&amp;w=500&amp;la=sl-SI&amp;hash=3D7C2600F4B5325725E921F078A52925490EECC7","datePublished":"2024-02-06T08:29:15+00:00","dateModified":"2024-02-06T08:29:16+00:00","breadcrumb":{"@id":"https:\/\/www.riwal.com\/sl\/o-riwalu\/kategorije-naprav\/teleskopski-vilicar-jlg\/#breadcrumb"},"inLanguage":"sl-SI","potentialAction":[{"@type":"ReadAction","target":["https:\/\/www.riwal.com\/sl\/o-riwalu\/kategorije-naprav\/teleskopski-vilicar-jlg\/"]}]},{"@type":"ImageObject","inLanguage":"sl-SI","@id":"https:\/\/www.riwal.com\/sl\/o-riwalu\/kategorije-naprav\/teleskopski-vilicar-jlg\/#primaryimage","url":"https:\/\/www.riwal.com\/-\/media\/Riwal-Slovenia\/Slike\/Novice\/DSC_0093-(2).jpg?h=364&amp;w=500&amp;la=sl-SI&amp;hash=3D7C2600F4B5325725E921F078A52925490EECC7","contentUrl":"https:\/\/www.riwal.com\/-\/media\/Riwal-Slovenia\/Slike\/Novice\/DSC_0093-(2).jpg?h=364&amp;w=500&amp;la=sl-SI&amp;hash=3D7C2600F4B5325725E921F078A52925490EECC7"},{"@type":"BreadcrumbList","@id":"https:\/\/www.riwal.com\/sl\/o-riwalu\/kategorije-naprav\/teleskopski-vilicar-jlg\/#breadcrumb","itemListElement":[{"@type":"ListItem","position":1,"name":"Domov","item":"https:\/\/www.riwal.com\/sl\/"},{"@type":"ListItem","position":2,"name":"O riwalu","item":"https:\/\/www.riwal.com\/sl\/o-riwalu\/"},{"@type":"ListItem","position":3,"name":"Kategorije naprav","item":"https:\/\/www.riwal.com\/sl\/o-riwalu\/kategorije-naprav\/"},{"@type":"ListItem","position":4,"name":"Teleskopski vili\u010dar JLG"}]},{"@type":"WebSite","@id":"https:\/\/www.riwal.com\/sl\/#website","url":"https:\/\/www.riwal.com\/sl\/","name":"Riwal","description":"Arial work platform &amp; Telehandler Rental\/Sales","publisher":{"@id":"https:\/\/www.riwal.com\/sl\/#organization"},"potentialAction":[{"@type":"SearchAction","target":{"@type":"EntryPoint","urlTemplate":"https:\/\/www.riwal.com\/sl\/?s={search_term_string}"},"query-input":{"@type":"PropertyValueSpecification","valueRequired":true,"valueName":"search_term_string"}}],"inLanguage":"sl-SI"},{"@type":"Organization","@id":"https:\/\/www.riwal.com\/sl\/#organization","name":"Riwal","url":"https:\/\/www.riwal.com\/sl\/","logo":{"@type":"ImageObject","inLanguage":"sl-SI","@id":"https:\/\/www.riwal.com\/sl\/#\/schema\/logo\/image\/","url":"","contentUrl":"","caption":"Riwal"},"image":{"@id":"https:\/\/www.riwal.com\/sl\/#\/schema\/logo\/image\/"}}]}},"_links":{"self":[{"href":"https:\/\/www.riwal.com\/sl\/wp-json\/wp\/v2\/pages\/5734","targetHints":{"allow":["GET"]}}],"collection":[{"href":"https:\/\/www.riwal.com\/sl\/wp-json\/wp\/v2\/pages"}],"about":[{"href":"https:\/\/www.riwal.com\/sl\/wp-json\/wp\/v2\/types\/page"}],"author":[{"embeddable":true,"href":"https:\/\/www.riwal.com\/sl\/wp-json\/wp\/v2\/users\/45"}],"replies":[{"embeddable":true,"href":"https:\/\/www.riwal.com\/sl\/wp-json\/wp\/v2\/comments?post=5734"}],"version-history":[{"count":1,"href":"https:\/\/www.riwal.com\/sl\/wp-json\/wp\/v2\/pages\/5734\/revisions"}],"predecessor-version":[{"id":5735,"href":"https:\/\/www.riwal.com\/sl\/wp-json\/wp\/v2\/pages\/5734\/revisions\/5735"}],"up":[{"embeddable":true,"href":"https:\/\/www.riwal.com\/sl\/wp-json\/wp\/v2\/pages\/5700"}],"wp:attachment":[{"href":"https:\/\/www.riwal.com\/sl\/wp-json\/wp\/v2\/media?parent=5734"}],"curies":[{"name":"wp","href":"https:\/\/api.w.org\/{rel}","templated":true}]}}