{"id":5732,"date":"2024-02-06T08:27:58","date_gmt":"2024-02-06T08:27:58","guid":{"rendered":"https:\/\/www.riwal.com\/sl\/?page_id=5732"},"modified":"2024-02-06T08:27:58","modified_gmt":"2024-02-06T08:27:58","slug":"teleskopski-vilicar-genie","status":"publish","type":"page","link":"https:\/\/www.riwal.com\/sl\/o-riwalu\/kategorije-naprav\/teleskopski-vilicar-genie\/","title":{"rendered":"Teleskopski vili\u010dar Genie"},"content":{"rendered":"<div class=\"rental-wp-default-block rental-theme-block-default-margin\">\n\t\t\t\t\t\t\t\t<div class=\"container\">\n<div class=\"wp-block-columns is-layout-flex wp-container-core-columns-is-layout-28f84493 wp-block-columns-is-layout-flex\">\n<div class=\"wp-block-column is-layout-flow wp-block-column-is-layout-flow\" style=\"flex-basis:66.66%\">\n<p>Kot va\u0161 mednarodni specialist za delo na poljubni vi\u0161ini vam Riwal nudi \u0161iroko paleto visoko kakovostnih teleskopskih vili\u010darjev za dnevno uporabo. I\u0161\u010dete namensko teleskopski vili\u010dar Genie? Poi\u0161\u010dite idealen vili\u010dar za va\u0161e delovi\u0161\u010de, projekt, vzdr\u017eevalna dela, industrijsko panogo ali podjetje v na\u0161i \u0161iroki paleti teleskopskih vili\u010darjevGenie za najem ali poi\u0161\u010dite va\u0161 popolnoma novi ali rabljeni vili\u010dar Genie za prodajo pri Riwalu. Na\u0161e dolgoletne izku\u0161nje vam zagotavljajo najbolj\u0161o storitev, ne glede na to, ali se odlo\u010date za nakup ali za najem.<\/p>\n\n\n\n<h2 class=\"wp-block-heading\" id=\"h-vsestranska-uporaba-teleskopskega-vilicarja-genie\"><strong>Vsestranska uporaba teleskopskega vili\u010darja Genie<\/strong><\/h2>\n\n\n\n<p>Teleskopski vili\u010dar je kompaktna re\u0161itev za premikanje materiala na kratke razdalje. Pri Riwalu boste na\u0161li pravi vili\u010dar za vas, ki ustreza va\u0161im specifi\u010dnim potrebam in je v pravem cenovnem razponu. Teleskopski vili\u010dar Genie vam zagotavlja odli\u010dno stabilnost in okretnost. Ne glede na teren in tudi pri rokovanju z dalj\u0161im ali voluminoznim tovorom. Teleskopski vili\u010darji Genie zagotavljajo vsestransko uporabnost in ustrezajo prakti\u010dno vsem potrebam delovi\u0161\u010da. Ti vrhunski vili\u010darji bodo opravili delo, ne glede na to, kak\u0161no to delo je. Pri &nbsp;Riwalu se lahko odlo\u010dite za najem va\u0161ega vili\u010darja in izberete iz na\u0161e \u0161iroke palete vili\u010darjev Genie za re\u0161itve najema ali pa poi\u0161\u010dete va\u0161 Genie vili\u010dar za prodajo, popolnoma nov ali rabljen.<br><\/p>\n\n\n\n<h2 class=\"wp-block-heading\" id=\"h-najem-teleskopskega-vilicarja-genie\"><strong>Najem teleskopskega vili\u010darja Genie<\/strong><\/h2>\n\n\n\n<p>Z na\u0161im raz\u0161irjenim voznim parkom teleskopskih vili\u010darjev Genie za najem vam zagotavljamo, da boste na\u0161li pravi teleskopski vili\u010dar Genie za najem. Idealna re\u0161itev, \u010de ne potrebujete vili\u010darja vsak dan ali \u010de potrebujete teleskopski&nbsp;vili\u010dar Genie samo za enkraten projekt. Na\u0161a strokovna ekipa vam bo z veseljem svetovala o na\u0161ih razli\u010dnih tipih vili\u010darjev. Na\u0161 edini cilj je zagotoviti, da boste najeli pravi teleskopski vili\u010dar za va\u0161e delo. V Riwalu namre\u010d izbirate med prvovrstno opremo, ne da bi vam bilo treba pri tem prevzeti stro\u0161ke nakupa in vzdr\u017eevanja. To je lahko razlog, zakaj je Riwal va\u0161 vodilni ponudnik na podro\u010dju najema teleskopskih vili\u010darjev, dvi\u017enih delovnih plo\u0161\u010dadi in vili\u010darjev. Namre\u010d, smo strokovno usposobljeni za to in z veseljem vam bomo posredovali ustrezne informacije o primernem teleskopskem vili\u010darju Genie za va\u0161 projekt ali podjetje.<\/p>\n\n\n\n<h2 class=\"wp-block-heading\" id=\"h-teleskopski-vilicar-genie-za-prodajo\"><strong>Teleskopski vili\u010dar Genie za prodajo<\/strong><\/h2>\n\n\n\n<p>Ali je prevoz materiala va\u0161a dnevna aktivnost pri va\u0161em delu? Investiranje v&nbsp;teleskopski vili\u010dar Genie bi bilo morda dobra ideja. Pri Riwalu boste na\u0161li \u0161iroko paleto novih in rabljenih teleskopskih vili\u010darjev. Zelo malo je verjetno, da ne boste na\u0161li takega, ki bi v celoti ustrezal vsem va\u0161im potrebam. Dovolite, da vam na\u0161i strokovnjaki svetujejo, tako da se boste lahko premi\u0161ljeno odlo\u010dili na osnovi prejetih informacij. Razumemo, da je investiranje v strojno opremo odlo\u010ditev, ki zahteva premislek. Naredili bomo vse, kar je v na\u0161i mo\u010di, da vam zagotovimo, da&nbsp; se boste odlo\u010dili za pravi vili\u010dar Genie. Vendar pa se na\u0161a storitev ne kon\u010da pri tem. Pri Riwalu vam zagotavljamo svetovanje in pomo\u010d kadarkoli, tudi \u0161e dolgo po dejanskem nakupu va\u0161ega teleskopskega vili\u010darja Genie.<\/p>\n\n\n\n<h2 class=\"wp-block-heading\" id=\"h-upravljanje-vasega-vilicarja-genie\"><strong>Upravljanje va\u0161ega vili\u010darja Genie<\/strong><\/h2>\n\n\n\n<p>Ali potrebujete&nbsp;teleskopski vili\u010dar, ki je opremljen za preva\u017eanje obse\u017enega tovora? V nekaterih primerih je treba imeti ustrezno potrdilo za uporabo enega od teh vrhunskih vili\u010darjev. Za Riwal je varnost bistvenega pomena, zato vas obve\u0161\u010damo o ustreznih potrdilih in vam celo olaj\u0161amo na\u010din, da jih pridobite. V na\u0161em Centru za usposabljanje nudimo te\u010daje, ki vam bodo zagotovili, da bo vsak udele\u017eenec te\u010daja, ki bo opravljal delo z vili\u010darjem, sposoben voziti in upravljati ta specifi\u010den tip strojev na najbolj varen na\u010din. Na primer, eden od na\u0161ih te\u010dajev je namenjen temu, da pridobite va\u0161e potrdilo za vili\u010dar v enem samem dnevu.<\/p>\n\n\n\n<h3 class=\"wp-block-heading\" id=\"h-poiscite-vas-vilicar-genie-pri-riwalu\">Poi\u0161\u010dite va\u0161 vili\u010dar Genie pri Riwalu<\/h3>\n\n\n\n<p>Pri Riwalu vam zagotavljamo vrhunsko kakovost in najbolj\u0161o storitev v procesu najema ali nakupa va\u0161ega teleskopskega vili\u010darja Genie. Obrnite se na na\u0161e strokovnjake za ve\u010d informacij o razli\u010dnih mo\u017enostih glede najema na\u0161ega teleskopskega vili\u010darja Genie ali o novih in rabljenih tipih, v kolikor i\u0161\u010dete teleskopski vili\u010dar Genie za prodajo. Z veseljem vam bomo svetovali, da se boste zagotovo pravilno odlo\u010dili!<\/p>\n<\/div>\n\n\n\n<div class=\"wp-block-column is-layout-flow wp-block-column-is-layout-flow\" style=\"flex-basis:33.33%\">\n<figure class=\"wp-block-image size-full\"><img loading=\"lazy\" decoding=\"async\" width=\"450\" height=\"230\" src=\"https:\/\/eqsk4m2dkju.exactdn.com\/app\/uploads\/sites\/10\/2024\/02\/Genie-forklift-1.webp?strip=all&quality=92&webp=92&avif=80&sharp=1\" alt=\"\" class=\"wp-image-5719\" srcset=\"https:\/\/eqsk4m2dkju.exactdn.com\/app\/uploads\/sites\/10\/2024\/02\/Genie-forklift-1.webp?strip=all&amp;quality=92&amp;webp=92&amp;avif=80&amp;sharp=1 450w, https:\/\/eqsk4m2dkju.exactdn.com\/app\/uploads\/sites\/10\/2024\/02\/Genie-forklift-1-300x153.webp?strip=all&amp;quality=92&amp;webp=92&amp;avif=80&amp;sharp=1 300w, https:\/\/eqsk4m2dkju.exactdn.com\/app\/uploads\/sites\/10\/2024\/02\/Genie-forklift-1-178x91.webp?strip=all&amp;quality=92&amp;webp=92&amp;avif=80&amp;sharp=1 178w, https:\/\/eqsk4m2dkju.exactdn.com\/app\/uploads\/sites\/10\/2024\/02\/Genie-forklift-1-390x199.webp?strip=all&amp;quality=92&amp;webp=92&amp;avif=80&amp;sharp=1 390w, https:\/\/eqsk4m2dkju.exactdn.com\/app\/uploads\/sites\/10\/2024\/02\/Genie-forklift-1-250x128.webp?strip=all&amp;quality=92&amp;webp=92&amp;avif=80&amp;sharp=1 250w, https:\/\/eqsk4m2dkju.exactdn.com\/app\/uploads\/sites\/10\/2024\/02\/Genie-forklift-1-237x121.webp?strip=all&amp;quality=92&amp;webp=92&amp;avif=80&amp;sharp=1 237w, https:\/\/eqsk4m2dkju.exactdn.com\/app\/uploads\/sites\/10\/2024\/02\/Genie-forklift-1.webp?strip=all&amp;quality=92&amp;webp=92&amp;avif=80&amp;sharp=1&amp;w=90 90w\" sizes=\"auto, (max-width: 450px) 100vw, 450px\" \/><\/figure>\n\n\n\n<figure class=\"wp-block-image size-full\"><img loading=\"lazy\" decoding=\"async\" width=\"500\" height=\"364\" src=\"https:\/\/eqsk4m2dkju.exactdn.com\/app\/uploads\/sites\/10\/2024\/02\/DSC_0093-2.webp?strip=all&quality=92&webp=92&avif=80&sharp=1\" alt=\"\" class=\"wp-image-5727\" srcset=\"https:\/\/eqsk4m2dkju.exactdn.com\/app\/uploads\/sites\/10\/2024\/02\/DSC_0093-2.webp?strip=all&amp;quality=92&amp;webp=92&amp;avif=80&amp;sharp=1 500w, https:\/\/eqsk4m2dkju.exactdn.com\/app\/uploads\/sites\/10\/2024\/02\/DSC_0093-2-300x218.webp?strip=all&amp;quality=92&amp;webp=92&amp;avif=80&amp;sharp=1 300w, https:\/\/eqsk4m2dkju.exactdn.com\/app\/uploads\/sites\/10\/2024\/02\/DSC_0093-2-178x130.webp?strip=all&amp;quality=92&amp;webp=92&amp;avif=80&amp;sharp=1 178w, https:\/\/eqsk4m2dkju.exactdn.com\/app\/uploads\/sites\/10\/2024\/02\/DSC_0093-2-390x284.webp?strip=all&amp;quality=92&amp;webp=92&amp;avif=80&amp;sharp=1 390w, https:\/\/eqsk4m2dkju.exactdn.com\/app\/uploads\/sites\/10\/2024\/02\/DSC_0093-2-250x182.webp?strip=all&amp;quality=92&amp;webp=92&amp;avif=80&amp;sharp=1 250w, https:\/\/eqsk4m2dkju.exactdn.com\/app\/uploads\/sites\/10\/2024\/02\/DSC_0093-2-237x173.webp?strip=all&amp;quality=92&amp;webp=92&amp;avif=80&amp;sharp=1 237w, https:\/\/eqsk4m2dkju.exactdn.com\/app\/uploads\/sites\/10\/2024\/02\/DSC_0093-2-474x345.webp?strip=all&amp;quality=92&amp;webp=92&amp;avif=80&amp;sharp=1 474w, https:\/\/eqsk4m2dkju.exactdn.com\/app\/uploads\/sites\/10\/2024\/02\/DSC_0093-2.webp?strip=all&amp;quality=92&amp;webp=92&amp;avif=80&amp;sharp=1&amp;w=100 100w\" sizes=\"auto, (max-width: 500px) 100vw, 500px\" \/><\/figure>\n\n\n\n<p><strong>Vas zanima?<\/strong><\/p>\n\n\n\n<p>info_si@riwal.com<\/p>\n\n\n\n<p>Pokli\u010dite nas: 01 544 34 34<\/p>\n\n\n\n<div class=\"wp-block-buttons is-layout-flex wp-block-buttons-is-layout-flex\">\n<div class=\"wp-block-button\"><a class=\"wp-block-button__link wp-element-button\" href=\"https:\/\/www.riwal.com\/sl\/najem\/\">Oprema za najem<\/a><\/div>\n<\/div>\n\n\n\n<div class=\"wp-block-buttons is-layout-flex wp-block-buttons-is-layout-flex\">\n<div class=\"wp-block-button\"><a class=\"wp-block-button__link wp-element-button\" href=\"https:\/\/www.riwal.com\/sl\/prodaja\/rabljene-dvizne-naprave\/\">Rabljene naprave za prodajo<\/a><\/div>\n<\/div>\n\n\n\n<div class=\"wp-block-columns is-layout-flex wp-container-core-columns-is-layout-28f84493 wp-block-columns-is-layout-flex\">\n<div class=\"wp-block-column is-layout-flow wp-block-column-is-layout-flow\"><\/div>\n\n\n\n<div class=\"wp-block-column is-layout-flow wp-block-column-is-layout-flow\"><\/div>\n<\/div>\n<\/div>\n<\/div>\n<\/div>\n\t\t\t\t\t\t\t<\/div> ","protected":false},"excerpt":{"rendered":"<p>Kot va\u0161 mednarodni specialist za delo na poljubni vi\u0161ini vam Riwal nudi \u0161iroko paleto visoko kakovostnih teleskopskih vili\u010darjev za dnevno uporabo. I\u0161\u010dete namensko teleskopski vili\u010dar Genie? Poi\u0161\u010dite idealen vili\u010dar za va\u0161e delovi\u0161\u010de, projekt, vzdr\u017eevalna dela, industrijsko panogo ali podjetje v na\u0161i \u0161iroki paleti teleskopskih vili\u010darjevGenie za najem ali poi\u0161\u010dite va\u0161 popolnoma novi ali rabljeni vili\u010dar &hellip; <a href=\"https:\/\/www.riwal.com\/sl\/o-riwalu\/kategorije-naprav\/teleskopski-vilicar-genie\/\">Se nadaljuje<\/a><\/p>\n","protected":false},"author":45,"featured_media":0,"parent":5700,"menu_order":0,"comment_status":"closed","ping_status":"closed","template":"","meta":{"_acf_changed":false,"footnotes":""},"class_list":["post-5732","page","type-page","status-publish","hentry"],"acf":[],"yoast_head":"<!-- This site is optimized with the Yoast SEO Premium plugin v27.1 (Yoast SEO v27.1.1) - https:\/\/yoast.com\/product\/yoast-seo-premium-wordpress\/ -->\n<title>Teleskopski vili\u010dar Genie - Riwal Slovenija<\/title>\n<meta name=\"robots\" content=\"index, follow, max-snippet:-1, max-image-preview:large, max-video-preview:-1\" \/>\n<link rel=\"canonical\" href=\"https:\/\/www.riwal.com\/sl\/o-riwalu\/kategorije-naprav\/teleskopski-vilicar-genie\/\" \/>\n<meta property=\"og:locale\" content=\"sl_SI\" \/>\n<meta property=\"og:type\" content=\"article\" \/>\n<meta property=\"og:title\" content=\"Teleskopski vili\u010dar Genie\" \/>\n<meta property=\"og:description\" content=\"Kot va\u0161 mednarodni specialist za delo na poljubni vi\u0161ini vam Riwal nudi \u0161iroko paleto visoko kakovostnih teleskopskih vili\u010darjev za dnevno uporabo. I\u0161\u010dete namensko teleskopski vili\u010dar Genie? Poi\u0161\u010dite idealen vili\u010dar za va\u0161e delovi\u0161\u010de, projekt, vzdr\u017eevalna dela, industrijsko panogo ali podjetje v na\u0161i \u0161iroki paleti teleskopskih vili\u010darjevGenie za najem ali poi\u0161\u010dite va\u0161 popolnoma novi ali rabljeni vili\u010dar &hellip; Se nadaljuje\" \/>\n<meta property=\"og:url\" content=\"https:\/\/www.riwal.com\/sl\/o-riwalu\/kategorije-naprav\/teleskopski-vilicar-genie\/\" \/>\n<meta property=\"og:site_name\" content=\"Riwal Slovenija\" \/>\n<meta property=\"og:image\" content=\"https:\/\/www.riwal.com\/app\/uploads\/sites\/10\/2024\/02\/Genie-forklift-1.webp\" \/>\n<meta name=\"twitter:card\" content=\"summary_large_image\" \/>\n<meta name=\"twitter:label1\" content=\"Est. reading time\" \/>\n\t<meta name=\"twitter:data1\" content=\"4 minute\" \/>\n<script type=\"application\/ld+json\" class=\"yoast-schema-graph\">{\"@context\":\"https:\/\/schema.org\",\"@graph\":[{\"@type\":\"WebPage\",\"@id\":\"https:\/\/www.riwal.com\/sl\/o-riwalu\/kategorije-naprav\/teleskopski-vilicar-genie\/\",\"url\":\"https:\/\/www.riwal.com\/sl\/o-riwalu\/kategorije-naprav\/teleskopski-vilicar-genie\/\",\"name\":\"Teleskopski vili\u010dar Genie - Riwal Slovenija\",\"isPartOf\":{\"@id\":\"https:\/\/www.riwal.com\/sl\/#website\"},\"primaryImageOfPage\":{\"@id\":\"https:\/\/www.riwal.com\/sl\/o-riwalu\/kategorije-naprav\/teleskopski-vilicar-genie\/#primaryimage\"},\"image\":{\"@id\":\"https:\/\/www.riwal.com\/sl\/o-riwalu\/kategorije-naprav\/teleskopski-vilicar-genie\/#primaryimage\"},\"thumbnailUrl\":\"https:\/\/www.riwal.com\/app\/uploads\/sites\/10\/2024\/02\/Genie-forklift-1.webp\",\"datePublished\":\"2024-02-06T08:27:58+00:00\",\"breadcrumb\":{\"@id\":\"https:\/\/www.riwal.com\/sl\/o-riwalu\/kategorije-naprav\/teleskopski-vilicar-genie\/#breadcrumb\"},\"inLanguage\":\"sl-SI\",\"potentialAction\":[{\"@type\":\"ReadAction\",\"target\":[\"https:\/\/www.riwal.com\/sl\/o-riwalu\/kategorije-naprav\/teleskopski-vilicar-genie\/\"]}]},{\"@type\":\"ImageObject\",\"inLanguage\":\"sl-SI\",\"@id\":\"https:\/\/www.riwal.com\/sl\/o-riwalu\/kategorije-naprav\/teleskopski-vilicar-genie\/#primaryimage\",\"url\":\"https:\/\/www.riwal.com\/app\/uploads\/sites\/10\/2024\/02\/Genie-forklift-1.webp\",\"contentUrl\":\"https:\/\/www.riwal.com\/app\/uploads\/sites\/10\/2024\/02\/Genie-forklift-1.webp\"},{\"@type\":\"BreadcrumbList\",\"@id\":\"https:\/\/www.riwal.com\/sl\/o-riwalu\/kategorije-naprav\/teleskopski-vilicar-genie\/#breadcrumb\",\"itemListElement\":[{\"@type\":\"ListItem\",\"position\":1,\"name\":\"Domov\",\"item\":\"https:\/\/www.riwal.com\/sl\/\"},{\"@type\":\"ListItem\",\"position\":2,\"name\":\"O riwalu\",\"item\":\"https:\/\/www.riwal.com\/sl\/o-riwalu\/\"},{\"@type\":\"ListItem\",\"position\":3,\"name\":\"Kategorije naprav\",\"item\":\"https:\/\/www.riwal.com\/sl\/o-riwalu\/kategorije-naprav\/\"},{\"@type\":\"ListItem\",\"position\":4,\"name\":\"Teleskopski vili\u010dar Genie\"}]},{\"@type\":\"WebSite\",\"@id\":\"https:\/\/www.riwal.com\/sl\/#website\",\"url\":\"https:\/\/www.riwal.com\/sl\/\",\"name\":\"Riwal\",\"description\":\"Arial work platform &amp; Telehandler Rental\/Sales\",\"publisher\":{\"@id\":\"https:\/\/www.riwal.com\/sl\/#organization\"},\"potentialAction\":[{\"@type\":\"SearchAction\",\"target\":{\"@type\":\"EntryPoint\",\"urlTemplate\":\"https:\/\/www.riwal.com\/sl\/?s={search_term_string}\"},\"query-input\":{\"@type\":\"PropertyValueSpecification\",\"valueRequired\":true,\"valueName\":\"search_term_string\"}}],\"inLanguage\":\"sl-SI\"},{\"@type\":\"Organization\",\"@id\":\"https:\/\/www.riwal.com\/sl\/#organization\",\"name\":\"Riwal\",\"url\":\"https:\/\/www.riwal.com\/sl\/\",\"logo\":{\"@type\":\"ImageObject\",\"inLanguage\":\"sl-SI\",\"@id\":\"https:\/\/www.riwal.com\/sl\/#\/schema\/logo\/image\/\",\"url\":\"\",\"contentUrl\":\"\",\"caption\":\"Riwal\"},\"image\":{\"@id\":\"https:\/\/www.riwal.com\/sl\/#\/schema\/logo\/image\/\"}}]}<\/script>\n<!-- \/ Yoast SEO Premium plugin. -->","yoast_head_json":{"title":"Teleskopski vili\u010dar Genie - Riwal Slovenija","robots":{"index":"index","follow":"follow","max-snippet":"max-snippet:-1","max-image-preview":"max-image-preview:large","max-video-preview":"max-video-preview:-1"},"canonical":"https:\/\/www.riwal.com\/sl\/o-riwalu\/kategorije-naprav\/teleskopski-vilicar-genie\/","og_locale":"sl_SI","og_type":"article","og_title":"Teleskopski vili\u010dar Genie","og_description":"Kot va\u0161 mednarodni specialist za delo na poljubni vi\u0161ini vam Riwal nudi \u0161iroko paleto visoko kakovostnih teleskopskih vili\u010darjev za dnevno uporabo. I\u0161\u010dete namensko teleskopski vili\u010dar Genie? Poi\u0161\u010dite idealen vili\u010dar za va\u0161e delovi\u0161\u010de, projekt, vzdr\u017eevalna dela, industrijsko panogo ali podjetje v na\u0161i \u0161iroki paleti teleskopskih vili\u010darjevGenie za najem ali poi\u0161\u010dite va\u0161 popolnoma novi ali rabljeni vili\u010dar &hellip; Se nadaljuje","og_url":"https:\/\/www.riwal.com\/sl\/o-riwalu\/kategorije-naprav\/teleskopski-vilicar-genie\/","og_site_name":"Riwal Slovenija","og_image":[{"url":"https:\/\/www.riwal.com\/app\/uploads\/sites\/10\/2024\/02\/Genie-forklift-1.webp","type":"","width":"","height":""}],"twitter_card":"summary_large_image","twitter_misc":{"Est. reading time":"4 minute"},"schema":{"@context":"https:\/\/schema.org","@graph":[{"@type":"WebPage","@id":"https:\/\/www.riwal.com\/sl\/o-riwalu\/kategorije-naprav\/teleskopski-vilicar-genie\/","url":"https:\/\/www.riwal.com\/sl\/o-riwalu\/kategorije-naprav\/teleskopski-vilicar-genie\/","name":"Teleskopski vili\u010dar Genie - Riwal Slovenija","isPartOf":{"@id":"https:\/\/www.riwal.com\/sl\/#website"},"primaryImageOfPage":{"@id":"https:\/\/www.riwal.com\/sl\/o-riwalu\/kategorije-naprav\/teleskopski-vilicar-genie\/#primaryimage"},"image":{"@id":"https:\/\/www.riwal.com\/sl\/o-riwalu\/kategorije-naprav\/teleskopski-vilicar-genie\/#primaryimage"},"thumbnailUrl":"https:\/\/www.riwal.com\/app\/uploads\/sites\/10\/2024\/02\/Genie-forklift-1.webp","datePublished":"2024-02-06T08:27:58+00:00","breadcrumb":{"@id":"https:\/\/www.riwal.com\/sl\/o-riwalu\/kategorije-naprav\/teleskopski-vilicar-genie\/#breadcrumb"},"inLanguage":"sl-SI","potentialAction":[{"@type":"ReadAction","target":["https:\/\/www.riwal.com\/sl\/o-riwalu\/kategorije-naprav\/teleskopski-vilicar-genie\/"]}]},{"@type":"ImageObject","inLanguage":"sl-SI","@id":"https:\/\/www.riwal.com\/sl\/o-riwalu\/kategorije-naprav\/teleskopski-vilicar-genie\/#primaryimage","url":"https:\/\/www.riwal.com\/app\/uploads\/sites\/10\/2024\/02\/Genie-forklift-1.webp","contentUrl":"https:\/\/www.riwal.com\/app\/uploads\/sites\/10\/2024\/02\/Genie-forklift-1.webp"},{"@type":"BreadcrumbList","@id":"https:\/\/www.riwal.com\/sl\/o-riwalu\/kategorije-naprav\/teleskopski-vilicar-genie\/#breadcrumb","itemListElement":[{"@type":"ListItem","position":1,"name":"Domov","item":"https:\/\/www.riwal.com\/sl\/"},{"@type":"ListItem","position":2,"name":"O riwalu","item":"https:\/\/www.riwal.com\/sl\/o-riwalu\/"},{"@type":"ListItem","position":3,"name":"Kategorije naprav","item":"https:\/\/www.riwal.com\/sl\/o-riwalu\/kategorije-naprav\/"},{"@type":"ListItem","position":4,"name":"Teleskopski vili\u010dar Genie"}]},{"@type":"WebSite","@id":"https:\/\/www.riwal.com\/sl\/#website","url":"https:\/\/www.riwal.com\/sl\/","name":"Riwal","description":"Arial work platform &amp; Telehandler Rental\/Sales","publisher":{"@id":"https:\/\/www.riwal.com\/sl\/#organization"},"potentialAction":[{"@type":"SearchAction","target":{"@type":"EntryPoint","urlTemplate":"https:\/\/www.riwal.com\/sl\/?s={search_term_string}"},"query-input":{"@type":"PropertyValueSpecification","valueRequired":true,"valueName":"search_term_string"}}],"inLanguage":"sl-SI"},{"@type":"Organization","@id":"https:\/\/www.riwal.com\/sl\/#organization","name":"Riwal","url":"https:\/\/www.riwal.com\/sl\/","logo":{"@type":"ImageObject","inLanguage":"sl-SI","@id":"https:\/\/www.riwal.com\/sl\/#\/schema\/logo\/image\/","url":"","contentUrl":"","caption":"Riwal"},"image":{"@id":"https:\/\/www.riwal.com\/sl\/#\/schema\/logo\/image\/"}}]}},"_links":{"self":[{"href":"https:\/\/www.riwal.com\/sl\/wp-json\/wp\/v2\/pages\/5732","targetHints":{"allow":["GET"]}}],"collection":[{"href":"https:\/\/www.riwal.com\/sl\/wp-json\/wp\/v2\/pages"}],"about":[{"href":"https:\/\/www.riwal.com\/sl\/wp-json\/wp\/v2\/types\/page"}],"author":[{"embeddable":true,"href":"https:\/\/www.riwal.com\/sl\/wp-json\/wp\/v2\/users\/45"}],"replies":[{"embeddable":true,"href":"https:\/\/www.riwal.com\/sl\/wp-json\/wp\/v2\/comments?post=5732"}],"version-history":[{"count":1,"href":"https:\/\/www.riwal.com\/sl\/wp-json\/wp\/v2\/pages\/5732\/revisions"}],"predecessor-version":[{"id":5733,"href":"https:\/\/www.riwal.com\/sl\/wp-json\/wp\/v2\/pages\/5732\/revisions\/5733"}],"up":[{"embeddable":true,"href":"https:\/\/www.riwal.com\/sl\/wp-json\/wp\/v2\/pages\/5700"}],"wp:attachment":[{"href":"https:\/\/www.riwal.com\/sl\/wp-json\/wp\/v2\/media?parent=5732"}],"curies":[{"name":"wp","href":"https:\/\/api.w.org\/{rel}","templated":true}]}}