{"id":5730,"date":"2024-02-06T08:26:50","date_gmt":"2024-02-06T08:26:50","guid":{"rendered":"https:\/\/www.riwal.com\/sl\/?page_id=5730"},"modified":"2024-02-06T08:26:51","modified_gmt":"2024-02-06T08:26:51","slug":"genie-za-prodajo","status":"publish","type":"page","link":"https:\/\/www.riwal.com\/sl\/o-riwalu\/kategorije-naprav\/genie-za-prodajo\/","title":{"rendered":"Genie za prodajo"},"content":{"rendered":"<div class=\"rental-wp-default-block rental-theme-block-default-margin\">\n\t\t\t\t\t\t\t\t<div class=\"container\">\n<div class=\"wp-block-columns is-layout-flex wp-container-core-columns-is-layout-28f84493 wp-block-columns-is-layout-flex\">\n<div class=\"wp-block-column is-layout-flow wp-block-column-is-layout-flow\" style=\"flex-basis:66.66%\">\n<p>\u010ce se od vas zahteva, da vsakodnevno izvajate delo na dolo\u010denih vi\u0161inah ali morate ve\u010dkrat kot ne transportirati material ali izdelke, bo morda nastopil \u010das za investiranje v va\u0161o lastno dvi\u017eno napravo. Bodisi da i\u0161\u010dete dvi\u017eno ko\u0161aro z lomljivo roko, ko\u0161aro na gosenicah, \u0161karjasto dvi\u017eno plo\u0161\u010dad ali morda teleskopskega vili\u010darja, ima Riwal za vas na voljo ustrezno napravo Genie za prodajo. V na\u0161i \u0161iroki paleti re\u0161itev Genie boste na\u0161li popolnoma novo, kot tudi rabljeno opremo vrhunske kakovosti. Oglejte si na\u0161o spletno stran in si preberite vse o na\u0161ih mo\u017enostih ali kontaktirajte ekipo na\u0161ih strokovnjakov. Z veseljem vam bomo razlo\u017eili vse o vseh na\u0161ih re\u0161itvah pri delu na vi\u0161ini in vam svetovali o tem, kateri je pravi tip stroja za va\u0161o vrsto dela ali za va\u0161 projekt.<\/p>\n\n\n\n<h2 class=\"wp-block-heading\" id=\"h-prava-dvizna-naprava-genie-za-prodajo-pri-riwalu\"><strong>Prava dvi\u017ena naprava Genie za prodajo pri Riwalu<\/strong><\/h2>\n\n\n\n<p>Riwal je va\u0161 partner za dostop na vsako vi\u0161ino. S \u0161tevilnimi leti na\u0161ih izku\u0161enj in z bogatim strokovnim znanjem, ki se je nabralo v teh letih, smo zelo usposobljeni za to, da vas obve\u0161\u010damo in vam svetujemo o razli\u010dnih mo\u017enostih, ko i\u0161\u010dete pravo dvi\u017eno napravo&nbsp;Genie za prodajo. Z na\u0161o veliko izbiro dvi\u017enih plo\u0161\u010dadi, ko\u0161ar, teleskopskih vili\u010darjev in vili\u010darjev vam lahko zagotavljamo, da vam je pravi kos opreme vedno na dosegu. Potem ko se odlo\u010dite, katere zahteve mora va\u0161e dvigalo izpolnjevati, se bomo z veseljem z vami pogovorili o va\u0161ih \u017eeljah in vam svetovali o tem, v kateri stroj je vredno investirati. Glede na potrebe se na\u0161a dvigala lahko dodatno prilagodi \u017eeljam naro\u010dnika. Tako na primer lahko prilagodimo barve ali dodamo posebne filtre ali pa namestimo razsvetljavo.<\/p>\n\n\n\n<h2 class=\"wp-block-heading\" id=\"h-skarjasto-dvigalo-genie-ali-teleskopski-vilicar-genie\"><strong>\u0160karjasto dvigalo Genie ali teleskopski vili\u010dar Genie?<\/strong><\/h2>\n\n\n\n<p>Vendar pa, preden se kakorkoli odlo\u010dite glede barv in razsvetljave, je pomembno oceniti, kak\u0161ne&nbsp; osnove potrebujete. Kolik\u0161na je najve\u010dja vi\u0161ina, ki jo morate dose\u010di; ali gre za premikanje materiala ali ljudi; kako te\u017eak je obi\u010dajno va\u0161 tovor in ali obstajajo ovire, prek katerih je pogosto treba prehajati? Tovrstna vpra\u0161anja vam bodo pomagala pri odlo\u010ditvi, katero napravo Genie za prodajo je pravo za vas. Ko potrebujete \u0161iroko dvi\u017eno plo\u0161\u010dad, ki lahko dose\u017ee velike vi\u0161ine, je \u0161karjast plo\u0161\u010dad Genie va\u0161a idealna re\u0161itev. Potrebujete majhno in vsestransko dvigalo za transport materialov ali izdelkov? Teleskopski vili\u010dar Genie, vili\u010dar Genie ali dvi\u017ena ko\u0161ara Genie so najbolj\u0161a mo\u017ena re\u0161itev.<br><\/p>\n\n\n\n<h2 class=\"wp-block-heading\" id=\"h-dvigalo-genie-za-prodajo-novo-ali-rabljeno\">Dvigalo Genie za prodajo: novo ali rabljeno<\/h2>\n\n\n\n<p>Pri &nbsp;Riwalu lahko izbirate med novimi ali rabljenimi stroji. Ne glede na to, ali se odlo\u010date za nakup prvega ali slednjega: vrhunska kakovost je zagotovljena. Eden na\u0161ih najpomembnej\u0161ih ciljev je zagotoviti, da so na\u0161i kupci zadovoljni in investirajo v napravo, ki ustreza njihovim specifi\u010dnim potrebam. Da bi dosegli ta cilj, vas seznanjamo z vsemi razli\u010dnimi specifikacijami na\u0161ih strojev Genie, ki jih imamo na zalogi za vas.<\/p>\n\n\n\n<h2 class=\"wp-block-heading\" id=\"h-riwal-vas-partner-za-popolno-storitev\">Riwal: va\u0161 partner za popolno storitev<\/h2>\n\n\n\n<p>Na\u0161a storitev se ne kon\u010da potem, ko ste pri nas kupili dvi\u017eno napravo Genie. Na\u0161e nacionalne in mednarodne podru\u017enice nam omogo\u010dajo, da vam nudimo pomo\u010d in podporo pred, med in po va\u0161em nakupu. Ostajamo vklju\u010deni in smo vam na voljo v vsakem trenutku, ko nas potrebujete. Bodisi da gre za storitev vzdr\u017eevanja ali pa za dolo\u010dena vpra\u0161anja, ki jih morda imate: poskrbeli bomo, da vas nobena stvar ne bo omejevala pri uporabi va\u0161e opreme Genie. Lahko vam celo olaj\u0161amo pridobitev potrebnih potrdil, obveznih letnih servisov ali certifikatov za opravljanje del na vi\u0161ini s takimi stroji.<br><br><strong>Va\u0161a dvi\u017ena naprava Genie za prodajo pri Riwalu<\/strong><br>Kontaktirajte nas za ve\u010d informacij. Z najve\u010djim veseljem vam bomo predstavili vse mo\u017enosti za nakup va\u0161ega stroja Genie pri Riwalu. V na\u0161i bogati izbiri boste pri nas zagotovo na\u0161li pravo napravo Genie za nakup.<\/p>\n<\/div>\n\n\n\n<div class=\"wp-block-column is-layout-flow wp-block-column-is-layout-flow\" style=\"flex-basis:33.33%\">\n<figure class=\"wp-block-image size-full\"><img loading=\"lazy\" decoding=\"async\" width=\"800\" height=\"533\" src=\"https:\/\/eqsk4m2dkju.exactdn.com\/app\/uploads\/sites\/10\/2024\/02\/Genie-for-sale.webp?strip=all&quality=92&webp=92&avif=80&sharp=1\" alt=\"\" class=\"wp-image-5702\" srcset=\"https:\/\/eqsk4m2dkju.exactdn.com\/app\/uploads\/sites\/10\/2024\/02\/Genie-for-sale.webp?strip=all&amp;quality=92&amp;webp=92&amp;avif=80&amp;sharp=1 800w, https:\/\/eqsk4m2dkju.exactdn.com\/app\/uploads\/sites\/10\/2024\/02\/Genie-for-sale-300x200.webp?strip=all&amp;quality=92&amp;webp=92&amp;avif=80&amp;sharp=1 300w, https:\/\/eqsk4m2dkju.exactdn.com\/app\/uploads\/sites\/10\/2024\/02\/Genie-for-sale-768x512.webp?strip=all&amp;quality=92&amp;webp=92&amp;avif=80&amp;sharp=1 768w, https:\/\/eqsk4m2dkju.exactdn.com\/app\/uploads\/sites\/10\/2024\/02\/Genie-for-sale-178x119.webp?strip=all&amp;quality=92&amp;webp=92&amp;avif=80&amp;sharp=1 178w, https:\/\/eqsk4m2dkju.exactdn.com\/app\/uploads\/sites\/10\/2024\/02\/Genie-for-sale-390x260.webp?strip=all&amp;quality=92&amp;webp=92&amp;avif=80&amp;sharp=1 390w, https:\/\/eqsk4m2dkju.exactdn.com\/app\/uploads\/sites\/10\/2024\/02\/Genie-for-sale-250x167.webp?strip=all&amp;quality=92&amp;webp=92&amp;avif=80&amp;sharp=1 250w, https:\/\/eqsk4m2dkju.exactdn.com\/app\/uploads\/sites\/10\/2024\/02\/Genie-for-sale-620x413.webp?strip=all&amp;quality=92&amp;webp=92&amp;avif=80&amp;sharp=1 620w, https:\/\/eqsk4m2dkju.exactdn.com\/app\/uploads\/sites\/10\/2024\/02\/Genie-for-sale-237x158.webp?strip=all&amp;quality=92&amp;webp=92&amp;avif=80&amp;sharp=1 237w, https:\/\/eqsk4m2dkju.exactdn.com\/app\/uploads\/sites\/10\/2024\/02\/Genie-for-sale-474x316.webp?strip=all&amp;quality=92&amp;webp=92&amp;avif=80&amp;sharp=1 474w\" sizes=\"auto, (max-width: 800px) 100vw, 800px\" \/><\/figure>\n\n\n\n<figure class=\"wp-block-image size-full\"><img loading=\"lazy\" decoding=\"async\" width=\"500\" height=\"364\" src=\"https:\/\/eqsk4m2dkju.exactdn.com\/app\/uploads\/sites\/10\/2024\/02\/DSC_0093-2.webp?strip=all&quality=92&webp=92&avif=80&sharp=1\" alt=\"\" class=\"wp-image-5727\" srcset=\"https:\/\/eqsk4m2dkju.exactdn.com\/app\/uploads\/sites\/10\/2024\/02\/DSC_0093-2.webp?strip=all&amp;quality=92&amp;webp=92&amp;avif=80&amp;sharp=1 500w, https:\/\/eqsk4m2dkju.exactdn.com\/app\/uploads\/sites\/10\/2024\/02\/DSC_0093-2-300x218.webp?strip=all&amp;quality=92&amp;webp=92&amp;avif=80&amp;sharp=1 300w, https:\/\/eqsk4m2dkju.exactdn.com\/app\/uploads\/sites\/10\/2024\/02\/DSC_0093-2-178x130.webp?strip=all&amp;quality=92&amp;webp=92&amp;avif=80&amp;sharp=1 178w, https:\/\/eqsk4m2dkju.exactdn.com\/app\/uploads\/sites\/10\/2024\/02\/DSC_0093-2-390x284.webp?strip=all&amp;quality=92&amp;webp=92&amp;avif=80&amp;sharp=1 390w, https:\/\/eqsk4m2dkju.exactdn.com\/app\/uploads\/sites\/10\/2024\/02\/DSC_0093-2-250x182.webp?strip=all&amp;quality=92&amp;webp=92&amp;avif=80&amp;sharp=1 250w, https:\/\/eqsk4m2dkju.exactdn.com\/app\/uploads\/sites\/10\/2024\/02\/DSC_0093-2-237x173.webp?strip=all&amp;quality=92&amp;webp=92&amp;avif=80&amp;sharp=1 237w, https:\/\/eqsk4m2dkju.exactdn.com\/app\/uploads\/sites\/10\/2024\/02\/DSC_0093-2-474x345.webp?strip=all&amp;quality=92&amp;webp=92&amp;avif=80&amp;sharp=1 474w, https:\/\/eqsk4m2dkju.exactdn.com\/app\/uploads\/sites\/10\/2024\/02\/DSC_0093-2.webp?strip=all&amp;quality=92&amp;webp=92&amp;avif=80&amp;sharp=1&amp;w=100 100w\" sizes=\"auto, (max-width: 500px) 100vw, 500px\" \/><\/figure>\n\n\n\n<p><strong>Vas zanima?<\/strong><\/p>\n\n\n\n<p>info_si@riwal.com<\/p>\n\n\n\n<p>Pokli\u010dite nas: 01 544 34 34<\/p>\n\n\n\n<div class=\"wp-block-buttons is-layout-flex wp-block-buttons-is-layout-flex\">\n<div class=\"wp-block-button\"><a class=\"wp-block-button__link wp-element-button\" href=\"https:\/\/www.riwal.com\/sl\/najem\/\">Oprema za najem<\/a><\/div>\n<\/div>\n\n\n\n<div class=\"wp-block-buttons is-layout-flex wp-block-buttons-is-layout-flex\">\n<div class=\"wp-block-button\"><a class=\"wp-block-button__link wp-element-button\" href=\"https:\/\/www.riwal.com\/sl\/prodaja\/rabljene-dvizne-naprave\/\">Rabljene naprave za prodajo<\/a><\/div>\n<\/div>\n\n\n\n<div class=\"wp-block-columns is-layout-flex wp-container-core-columns-is-layout-28f84493 wp-block-columns-is-layout-flex\">\n<div class=\"wp-block-column is-layout-flow wp-block-column-is-layout-flow\"><\/div>\n\n\n\n<div class=\"wp-block-column is-layout-flow wp-block-column-is-layout-flow\"><\/div>\n<\/div>\n<\/div>\n<\/div>\n<\/div>\n\t\t\t\t\t\t\t<\/div> ","protected":false},"excerpt":{"rendered":"<p>\u010ce se od vas zahteva, da vsakodnevno izvajate delo na dolo\u010denih vi\u0161inah ali morate ve\u010dkrat kot ne transportirati material ali izdelke, bo morda nastopil \u010das za investiranje v va\u0161o lastno dvi\u017eno napravo. Bodisi da i\u0161\u010dete dvi\u017eno ko\u0161aro z lomljivo roko, ko\u0161aro na gosenicah, \u0161karjasto dvi\u017eno plo\u0161\u010dad ali morda teleskopskega vili\u010darja, ima Riwal za vas na &hellip; <a href=\"https:\/\/www.riwal.com\/sl\/o-riwalu\/kategorije-naprav\/genie-za-prodajo\/\">Se nadaljuje<\/a><\/p>\n","protected":false},"author":45,"featured_media":0,"parent":5700,"menu_order":0,"comment_status":"closed","ping_status":"closed","template":"","meta":{"_acf_changed":false,"footnotes":""},"class_list":["post-5730","page","type-page","status-publish","hentry"],"acf":[],"yoast_head":"<!-- This site is optimized with the Yoast SEO Premium plugin v27.1 (Yoast SEO v27.1.1) - https:\/\/yoast.com\/product\/yoast-seo-premium-wordpress\/ -->\n<title>Genie za prodajo - Riwal Slovenija<\/title>\n<meta name=\"robots\" content=\"index, follow, max-snippet:-1, max-image-preview:large, max-video-preview:-1\" \/>\n<link rel=\"canonical\" href=\"https:\/\/www.riwal.com\/sl\/o-riwalu\/kategorije-naprav\/genie-za-prodajo\/\" \/>\n<meta property=\"og:locale\" content=\"sl_SI\" \/>\n<meta property=\"og:type\" content=\"article\" \/>\n<meta property=\"og:title\" content=\"Genie za prodajo\" \/>\n<meta property=\"og:description\" content=\"\u010ce se od vas zahteva, da vsakodnevno izvajate delo na dolo\u010denih vi\u0161inah ali morate ve\u010dkrat kot ne transportirati material ali izdelke, bo morda nastopil \u010das za investiranje v va\u0161o lastno dvi\u017eno napravo. Bodisi da i\u0161\u010dete dvi\u017eno ko\u0161aro z lomljivo roko, ko\u0161aro na gosenicah, \u0161karjasto dvi\u017eno plo\u0161\u010dad ali morda teleskopskega vili\u010darja, ima Riwal za vas na &hellip; Se nadaljuje\" \/>\n<meta property=\"og:url\" content=\"https:\/\/www.riwal.com\/sl\/o-riwalu\/kategorije-naprav\/genie-za-prodajo\/\" \/>\n<meta property=\"og:site_name\" content=\"Riwal Slovenija\" \/>\n<meta property=\"article:modified_time\" content=\"2024-02-06T08:26:51+00:00\" \/>\n<meta property=\"og:image\" content=\"https:\/\/www.riwal.com\/app\/uploads\/sites\/10\/2024\/02\/Genie-for-sale.webp\" \/>\n<meta name=\"twitter:card\" content=\"summary_large_image\" \/>\n<meta name=\"twitter:label1\" content=\"Est. reading time\" \/>\n\t<meta name=\"twitter:data1\" content=\"4 minute\" \/>\n<script type=\"application\/ld+json\" class=\"yoast-schema-graph\">{\"@context\":\"https:\/\/schema.org\",\"@graph\":[{\"@type\":\"WebPage\",\"@id\":\"https:\/\/www.riwal.com\/sl\/o-riwalu\/kategorije-naprav\/genie-za-prodajo\/\",\"url\":\"https:\/\/www.riwal.com\/sl\/o-riwalu\/kategorije-naprav\/genie-za-prodajo\/\",\"name\":\"Genie za prodajo - Riwal Slovenija\",\"isPartOf\":{\"@id\":\"https:\/\/www.riwal.com\/sl\/#website\"},\"primaryImageOfPage\":{\"@id\":\"https:\/\/www.riwal.com\/sl\/o-riwalu\/kategorije-naprav\/genie-za-prodajo\/#primaryimage\"},\"image\":{\"@id\":\"https:\/\/www.riwal.com\/sl\/o-riwalu\/kategorije-naprav\/genie-za-prodajo\/#primaryimage\"},\"thumbnailUrl\":\"https:\/\/www.riwal.com\/app\/uploads\/sites\/10\/2024\/02\/Genie-for-sale.webp\",\"datePublished\":\"2024-02-06T08:26:50+00:00\",\"dateModified\":\"2024-02-06T08:26:51+00:00\",\"breadcrumb\":{\"@id\":\"https:\/\/www.riwal.com\/sl\/o-riwalu\/kategorije-naprav\/genie-za-prodajo\/#breadcrumb\"},\"inLanguage\":\"sl-SI\",\"potentialAction\":[{\"@type\":\"ReadAction\",\"target\":[\"https:\/\/www.riwal.com\/sl\/o-riwalu\/kategorije-naprav\/genie-za-prodajo\/\"]}]},{\"@type\":\"ImageObject\",\"inLanguage\":\"sl-SI\",\"@id\":\"https:\/\/www.riwal.com\/sl\/o-riwalu\/kategorije-naprav\/genie-za-prodajo\/#primaryimage\",\"url\":\"https:\/\/www.riwal.com\/app\/uploads\/sites\/10\/2024\/02\/Genie-for-sale.webp\",\"contentUrl\":\"https:\/\/www.riwal.com\/app\/uploads\/sites\/10\/2024\/02\/Genie-for-sale.webp\"},{\"@type\":\"BreadcrumbList\",\"@id\":\"https:\/\/www.riwal.com\/sl\/o-riwalu\/kategorije-naprav\/genie-za-prodajo\/#breadcrumb\",\"itemListElement\":[{\"@type\":\"ListItem\",\"position\":1,\"name\":\"Domov\",\"item\":\"https:\/\/www.riwal.com\/sl\/\"},{\"@type\":\"ListItem\",\"position\":2,\"name\":\"O riwalu\",\"item\":\"https:\/\/www.riwal.com\/sl\/o-riwalu\/\"},{\"@type\":\"ListItem\",\"position\":3,\"name\":\"Kategorije naprav\",\"item\":\"https:\/\/www.riwal.com\/sl\/o-riwalu\/kategorije-naprav\/\"},{\"@type\":\"ListItem\",\"position\":4,\"name\":\"Genie za prodajo\"}]},{\"@type\":\"WebSite\",\"@id\":\"https:\/\/www.riwal.com\/sl\/#website\",\"url\":\"https:\/\/www.riwal.com\/sl\/\",\"name\":\"Riwal\",\"description\":\"Arial work platform &amp; Telehandler Rental\/Sales\",\"publisher\":{\"@id\":\"https:\/\/www.riwal.com\/sl\/#organization\"},\"potentialAction\":[{\"@type\":\"SearchAction\",\"target\":{\"@type\":\"EntryPoint\",\"urlTemplate\":\"https:\/\/www.riwal.com\/sl\/?s={search_term_string}\"},\"query-input\":{\"@type\":\"PropertyValueSpecification\",\"valueRequired\":true,\"valueName\":\"search_term_string\"}}],\"inLanguage\":\"sl-SI\"},{\"@type\":\"Organization\",\"@id\":\"https:\/\/www.riwal.com\/sl\/#organization\",\"name\":\"Riwal\",\"url\":\"https:\/\/www.riwal.com\/sl\/\",\"logo\":{\"@type\":\"ImageObject\",\"inLanguage\":\"sl-SI\",\"@id\":\"https:\/\/www.riwal.com\/sl\/#\/schema\/logo\/image\/\",\"url\":\"\",\"contentUrl\":\"\",\"caption\":\"Riwal\"},\"image\":{\"@id\":\"https:\/\/www.riwal.com\/sl\/#\/schema\/logo\/image\/\"}}]}<\/script>\n<!-- \/ Yoast SEO Premium plugin. -->","yoast_head_json":{"title":"Genie za prodajo - Riwal Slovenija","robots":{"index":"index","follow":"follow","max-snippet":"max-snippet:-1","max-image-preview":"max-image-preview:large","max-video-preview":"max-video-preview:-1"},"canonical":"https:\/\/www.riwal.com\/sl\/o-riwalu\/kategorije-naprav\/genie-za-prodajo\/","og_locale":"sl_SI","og_type":"article","og_title":"Genie za prodajo","og_description":"\u010ce se od vas zahteva, da vsakodnevno izvajate delo na dolo\u010denih vi\u0161inah ali morate ve\u010dkrat kot ne transportirati material ali izdelke, bo morda nastopil \u010das za investiranje v va\u0161o lastno dvi\u017eno napravo. Bodisi da i\u0161\u010dete dvi\u017eno ko\u0161aro z lomljivo roko, ko\u0161aro na gosenicah, \u0161karjasto dvi\u017eno plo\u0161\u010dad ali morda teleskopskega vili\u010darja, ima Riwal za vas na &hellip; Se nadaljuje","og_url":"https:\/\/www.riwal.com\/sl\/o-riwalu\/kategorije-naprav\/genie-za-prodajo\/","og_site_name":"Riwal Slovenija","article_modified_time":"2024-02-06T08:26:51+00:00","og_image":[{"url":"https:\/\/www.riwal.com\/app\/uploads\/sites\/10\/2024\/02\/Genie-for-sale.webp","type":"","width":"","height":""}],"twitter_card":"summary_large_image","twitter_misc":{"Est. reading time":"4 minute"},"schema":{"@context":"https:\/\/schema.org","@graph":[{"@type":"WebPage","@id":"https:\/\/www.riwal.com\/sl\/o-riwalu\/kategorije-naprav\/genie-za-prodajo\/","url":"https:\/\/www.riwal.com\/sl\/o-riwalu\/kategorije-naprav\/genie-za-prodajo\/","name":"Genie za prodajo - Riwal Slovenija","isPartOf":{"@id":"https:\/\/www.riwal.com\/sl\/#website"},"primaryImageOfPage":{"@id":"https:\/\/www.riwal.com\/sl\/o-riwalu\/kategorije-naprav\/genie-za-prodajo\/#primaryimage"},"image":{"@id":"https:\/\/www.riwal.com\/sl\/o-riwalu\/kategorije-naprav\/genie-za-prodajo\/#primaryimage"},"thumbnailUrl":"https:\/\/www.riwal.com\/app\/uploads\/sites\/10\/2024\/02\/Genie-for-sale.webp","datePublished":"2024-02-06T08:26:50+00:00","dateModified":"2024-02-06T08:26:51+00:00","breadcrumb":{"@id":"https:\/\/www.riwal.com\/sl\/o-riwalu\/kategorije-naprav\/genie-za-prodajo\/#breadcrumb"},"inLanguage":"sl-SI","potentialAction":[{"@type":"ReadAction","target":["https:\/\/www.riwal.com\/sl\/o-riwalu\/kategorije-naprav\/genie-za-prodajo\/"]}]},{"@type":"ImageObject","inLanguage":"sl-SI","@id":"https:\/\/www.riwal.com\/sl\/o-riwalu\/kategorije-naprav\/genie-za-prodajo\/#primaryimage","url":"https:\/\/www.riwal.com\/app\/uploads\/sites\/10\/2024\/02\/Genie-for-sale.webp","contentUrl":"https:\/\/www.riwal.com\/app\/uploads\/sites\/10\/2024\/02\/Genie-for-sale.webp"},{"@type":"BreadcrumbList","@id":"https:\/\/www.riwal.com\/sl\/o-riwalu\/kategorije-naprav\/genie-za-prodajo\/#breadcrumb","itemListElement":[{"@type":"ListItem","position":1,"name":"Domov","item":"https:\/\/www.riwal.com\/sl\/"},{"@type":"ListItem","position":2,"name":"O riwalu","item":"https:\/\/www.riwal.com\/sl\/o-riwalu\/"},{"@type":"ListItem","position":3,"name":"Kategorije naprav","item":"https:\/\/www.riwal.com\/sl\/o-riwalu\/kategorije-naprav\/"},{"@type":"ListItem","position":4,"name":"Genie za prodajo"}]},{"@type":"WebSite","@id":"https:\/\/www.riwal.com\/sl\/#website","url":"https:\/\/www.riwal.com\/sl\/","name":"Riwal","description":"Arial work platform &amp; Telehandler Rental\/Sales","publisher":{"@id":"https:\/\/www.riwal.com\/sl\/#organization"},"potentialAction":[{"@type":"SearchAction","target":{"@type":"EntryPoint","urlTemplate":"https:\/\/www.riwal.com\/sl\/?s={search_term_string}"},"query-input":{"@type":"PropertyValueSpecification","valueRequired":true,"valueName":"search_term_string"}}],"inLanguage":"sl-SI"},{"@type":"Organization","@id":"https:\/\/www.riwal.com\/sl\/#organization","name":"Riwal","url":"https:\/\/www.riwal.com\/sl\/","logo":{"@type":"ImageObject","inLanguage":"sl-SI","@id":"https:\/\/www.riwal.com\/sl\/#\/schema\/logo\/image\/","url":"","contentUrl":"","caption":"Riwal"},"image":{"@id":"https:\/\/www.riwal.com\/sl\/#\/schema\/logo\/image\/"}}]}},"_links":{"self":[{"href":"https:\/\/www.riwal.com\/sl\/wp-json\/wp\/v2\/pages\/5730","targetHints":{"allow":["GET"]}}],"collection":[{"href":"https:\/\/www.riwal.com\/sl\/wp-json\/wp\/v2\/pages"}],"about":[{"href":"https:\/\/www.riwal.com\/sl\/wp-json\/wp\/v2\/types\/page"}],"author":[{"embeddable":true,"href":"https:\/\/www.riwal.com\/sl\/wp-json\/wp\/v2\/users\/45"}],"replies":[{"embeddable":true,"href":"https:\/\/www.riwal.com\/sl\/wp-json\/wp\/v2\/comments?post=5730"}],"version-history":[{"count":1,"href":"https:\/\/www.riwal.com\/sl\/wp-json\/wp\/v2\/pages\/5730\/revisions"}],"predecessor-version":[{"id":5731,"href":"https:\/\/www.riwal.com\/sl\/wp-json\/wp\/v2\/pages\/5730\/revisions\/5731"}],"up":[{"embeddable":true,"href":"https:\/\/www.riwal.com\/sl\/wp-json\/wp\/v2\/pages\/5700"}],"wp:attachment":[{"href":"https:\/\/www.riwal.com\/sl\/wp-json\/wp\/v2\/media?parent=5730"}],"curies":[{"name":"wp","href":"https:\/\/api.w.org\/{rel}","templated":true}]}}