{"id":5724,"date":"2024-02-06T08:24:43","date_gmt":"2024-02-06T08:24:43","guid":{"rendered":"https:\/\/www.riwal.com\/sl\/?page_id=5724"},"modified":"2024-02-06T08:24:44","modified_gmt":"2024-02-06T08:24:44","slug":"teleskopske-kosare-jlg","status":"publish","type":"page","link":"https:\/\/www.riwal.com\/sl\/o-riwalu\/kategorije-naprav\/teleskopske-kosare-jlg\/","title":{"rendered":"Teleskopske ko\u0161are JLG"},"content":{"rendered":"<div class=\"rental-wp-default-block rental-theme-block-default-margin\">\n\t\t\t\t\t\t\t\t<div class=\"container\">\n<div class=\"wp-block-columns is-layout-flex wp-container-core-columns-is-layout-28f84493 wp-block-columns-is-layout-flex\">\n<div class=\"wp-block-column is-layout-flow wp-block-column-is-layout-flow\" style=\"flex-basis:66.66%\">\n<h2 class=\"wp-block-heading\" id=\"h-dvizne-kosare-s-teleskopsko-roko-jlg\">Dvi\u017ene ko\u0161are s teleskopsko roko JLG<\/h2>\n\n\n\n<p>Z ve\u010djim dosegom kot katerikoli drug tip dvi\u017ene delovne plo\u0161\u010dadi ali ko\u0161are so bile teleskopske dvi\u017ene ko\u0161are razvite z namenom, da pove\u010dajo delovno u\u010dinkovitost\u00a0 pri delu na velikih vi\u0161inah ali na te\u017eko dostopnih obmo\u010djih. Z ve\u010d kot dovolj vleka in vozne hitrosti vas teleskopska dvi\u017ena ko\u0161ara JLG pripelje to\u010dno tja, kjer morate biti, z najve\u010djo lahkoto, pri tem pa teleskopska roka sega nad in \u0161e \u010dez in poskrbi, da lahko udobno delate na katerikoli vi\u0161ini. Kot va\u0161 partner za najem ali nakup opreme za dviganje vam Riwal nudi \u0161iroko izbiro novih in rabljenih teleskopskih dvi\u017enih ko\u0161ar JLG. Investirajte v va\u0161o lastno, novo ali rabljeno dvi\u017eno ko\u0161are s teleskopsko roko JLG ali jo najemite, da boste delo lahko opravili.<\/p>\n\n\n\n<h2 class=\"wp-block-heading\"><strong>Teleskopska dvi\u017ena ko\u0161ara JLG: najbolj\u0161a pri delu<\/strong><\/h2>\n\n\n\n<p>Kot vodilni razvijalec in proizvajalec re\u0161itev za delo na vi\u0161ini JLG proizvaja vzdr\u017eljivo strojno opremo vrhunske kakovosti, ki poskrbi, da se delo opravi, ne glede na industrijo, v kateri delate. Kadar morate vsakodnevno izvajati delo okrog razli\u010dnih vogalov ali se znajdete na prenatrpanem gradbi\u0161\u010du ali delovi\u0161\u010du, potrebujete pravo teleskopsko dvi\u017eno ko\u0161aro, da vas ponese tja, kjer morate biti. To je natan\u010dno tisto, kar nudi JLG. Teleskopske dvi\u017ene ko\u0161are z motornim pogonom so idealne za doseganje maksimalnega horizontalnega in vertikalnega dosega, za zagotavljanje dostopa do podro\u010dij z omejenim dostopom in s tem za pove\u010danje produktivnosti in u\u010dinkovitosti .<br><\/p>\n\n\n\n<h2 class=\"wp-block-heading\"><strong>Nova ali rabljena dvi\u017ena ko\u0161ara s teleskopsko roko JLG za prodajo<\/strong><\/h2>\n\n\n\n<p>Ko se odlo\u010dite za nalo\u017ebo v teleskopsko dvi\u017eno ko\u0161aro JLG, vam Riwal ponudi naj\u0161ir\u0161o paleto tovrstne opreme, proizvedene v okviru&nbsp; te vrhunske blagovne znamke. Dobro vemo, da izbiranje med veliko ponudbo nikakor ne pomeni, da je odlo\u010danje la\u017eje. Ravno nasprotno! Ravno zaradi tega so vam v vsakem trenutku na voljo na\u0161i strokovnjaki, ki bodo odgovorili na vsa va\u0161a morebitna vpra\u0161anja v zvezi s teleskopsko dvi\u017eno ko\u0161aro JLG ali dvi\u017eno opremo na splo\u0161no. Z najve\u010djim veseljem vam bomo svetovali, da boste na osnovi prejetih informacij sprejeli premi\u0161ljeno odlo\u010ditev o pravi teleskopski dvi\u017eni ko\u0161ari za va\u0161o industrijsko panogo, podjetje ali projekt. Nikar ne odla\u0161ajte in nas kontaktirajte. Tu smo, da vas bomo vodili, na vsakem koraku poti.<br><\/p>\n\n\n\n<h2 class=\"wp-block-heading\"><strong>Riwal kot va\u0161 partner za najem JLG<\/strong><\/h2>\n\n\n\n<p>\u010ce ne nameravate vsakodnevno uporabljati va\u0161e teleskopske dvi\u017ene ko\u0161are&nbsp; JLG, vam Riwal nudi bogato paleto teleskopskih dvi\u017enih ko\u0161ar JLG za najem. Na\u0161a ekipa za najem bo natan\u010dno vedela, kaj potrebuje va\u0161 projekt ali va\u0161e gradbi\u0161\u010de in vam bo z veseljem svetovala o vseh razli\u010dnih specifikacijah, ki jih ponujajo na\u0161e dvi\u017ene ko\u0161are. Ali morda niste imetnik ustreznega potrdila za delo s tovrstno opremo? Ne skrbite. Na\u0161 Riwal izobra\u017eevalni center vam nudi te\u010daje \/ usposabljanja, na katerih boste pridobili ve\u0161\u010dine in ustrezen certifikat za delo na vi\u0161ini. Kontaktirajte nas za ve\u010d informacij.<\/p>\n\n\n\n<h3 class=\"wp-block-heading\">Teleskopska dvi\u017ena ko\u0161ara JLG pri Riwalu<\/h3>\n\n\n\n<p>Ali vas zanima, kaj ima ponuditi Riwal, ko gre za vpra\u0161anje nakupa ali najema teleskopske dvi\u017ene ko\u0161are JLG? Na\u0161a izku\u0161ena ekipa vam je pripravljena svetovati in vas voditi, tako da boste na osnovi prejetih informacij lahko sprejeli premi\u0161ljeno odlo\u010ditev. Prepri\u010dani smo, da boste s svetovanjem ob upo\u0161tevanju potreb, opremo vrhunske kakovosti in storitvijo od za\u010detka pa do konca na\u0161li pravo teleskopsko dvi\u017eno ko\u0161aro JLG, ki se bo natan\u010dno prilegala va\u0161im potrebam in zahtevam.<\/p>\n<\/div>\n\n\n\n<div class=\"wp-block-column is-layout-flow wp-block-column-is-layout-flow\" style=\"flex-basis:33.33%\">\n<figure class=\"wp-block-image size-full\"><img loading=\"lazy\" decoding=\"async\" width=\"325\" height=\"230\" src=\"https:\/\/eqsk4m2dkju.exactdn.com\/app\/uploads\/sites\/10\/2024\/02\/JLG-telescopic-boom-lift-2.webp?strip=all&quality=92&webp=92&avif=80&sharp=1\" alt=\"\" class=\"wp-image-5726\" srcset=\"https:\/\/eqsk4m2dkju.exactdn.com\/app\/uploads\/sites\/10\/2024\/02\/JLG-telescopic-boom-lift-2.webp?strip=all&amp;quality=92&amp;webp=92&amp;avif=80&amp;sharp=1 325w, https:\/\/eqsk4m2dkju.exactdn.com\/app\/uploads\/sites\/10\/2024\/02\/JLG-telescopic-boom-lift-2-300x212.webp?strip=all&amp;quality=92&amp;webp=92&amp;avif=80&amp;sharp=1 300w, https:\/\/eqsk4m2dkju.exactdn.com\/app\/uploads\/sites\/10\/2024\/02\/JLG-telescopic-boom-lift-2-178x126.webp?strip=all&amp;quality=92&amp;webp=92&amp;avif=80&amp;sharp=1 178w, https:\/\/eqsk4m2dkju.exactdn.com\/app\/uploads\/sites\/10\/2024\/02\/JLG-telescopic-boom-lift-2-250x177.webp?strip=all&amp;quality=92&amp;webp=92&amp;avif=80&amp;sharp=1 250w, https:\/\/eqsk4m2dkju.exactdn.com\/app\/uploads\/sites\/10\/2024\/02\/JLG-telescopic-boom-lift-2-237x168.webp?strip=all&amp;quality=92&amp;webp=92&amp;avif=80&amp;sharp=1 237w, https:\/\/eqsk4m2dkju.exactdn.com\/app\/uploads\/sites\/10\/2024\/02\/JLG-telescopic-boom-lift-2.webp?strip=all&amp;quality=92&amp;webp=92&amp;avif=80&amp;sharp=1&amp;w=65 65w\" sizes=\"auto, (max-width: 325px) 100vw, 325px\" \/><\/figure>\n\n\n\n<figure class=\"wp-block-image size-full\"><img loading=\"lazy\" decoding=\"async\" width=\"500\" height=\"364\" src=\"https:\/\/eqsk4m2dkju.exactdn.com\/app\/uploads\/sites\/10\/2024\/02\/DSC_0093-2.webp?strip=all&quality=92&webp=92&avif=80&sharp=1\" alt=\"\" class=\"wp-image-5727\" srcset=\"https:\/\/eqsk4m2dkju.exactdn.com\/app\/uploads\/sites\/10\/2024\/02\/DSC_0093-2.webp?strip=all&amp;quality=92&amp;webp=92&amp;avif=80&amp;sharp=1 500w, https:\/\/eqsk4m2dkju.exactdn.com\/app\/uploads\/sites\/10\/2024\/02\/DSC_0093-2-300x218.webp?strip=all&amp;quality=92&amp;webp=92&amp;avif=80&amp;sharp=1 300w, https:\/\/eqsk4m2dkju.exactdn.com\/app\/uploads\/sites\/10\/2024\/02\/DSC_0093-2-178x130.webp?strip=all&amp;quality=92&amp;webp=92&amp;avif=80&amp;sharp=1 178w, https:\/\/eqsk4m2dkju.exactdn.com\/app\/uploads\/sites\/10\/2024\/02\/DSC_0093-2-390x284.webp?strip=all&amp;quality=92&amp;webp=92&amp;avif=80&amp;sharp=1 390w, https:\/\/eqsk4m2dkju.exactdn.com\/app\/uploads\/sites\/10\/2024\/02\/DSC_0093-2-250x182.webp?strip=all&amp;quality=92&amp;webp=92&amp;avif=80&amp;sharp=1 250w, https:\/\/eqsk4m2dkju.exactdn.com\/app\/uploads\/sites\/10\/2024\/02\/DSC_0093-2-237x173.webp?strip=all&amp;quality=92&amp;webp=92&amp;avif=80&amp;sharp=1 237w, https:\/\/eqsk4m2dkju.exactdn.com\/app\/uploads\/sites\/10\/2024\/02\/DSC_0093-2-474x345.webp?strip=all&amp;quality=92&amp;webp=92&amp;avif=80&amp;sharp=1 474w, https:\/\/eqsk4m2dkju.exactdn.com\/app\/uploads\/sites\/10\/2024\/02\/DSC_0093-2.webp?strip=all&amp;quality=92&amp;webp=92&amp;avif=80&amp;sharp=1&amp;w=100 100w\" sizes=\"auto, (max-width: 500px) 100vw, 500px\" \/><\/figure>\n\n\n\n<p><strong>Vas zanima?<\/strong><\/p>\n\n\n\n<p>info_si@riwal.com<\/p>\n\n\n\n<p>Pokli\u010dite nas: 01 544 34 34<\/p>\n\n\n\n<div class=\"wp-block-buttons is-layout-flex wp-block-buttons-is-layout-flex\">\n<div class=\"wp-block-button\"><a class=\"wp-block-button__link wp-element-button\" href=\"https:\/\/www.riwal.com\/sl\/najem\/\">Oprema za najem<\/a><\/div>\n<\/div>\n\n\n\n<div class=\"wp-block-buttons is-layout-flex wp-block-buttons-is-layout-flex\">\n<div class=\"wp-block-button\"><a class=\"wp-block-button__link wp-element-button\" href=\"https:\/\/www.riwal.com\/sl\/prodaja\/rabljene-dvizne-naprave\/\">Rabljene naprave za prodajo<\/a><\/div>\n<\/div>\n\n\n\n<div class=\"wp-block-columns is-layout-flex wp-container-core-columns-is-layout-28f84493 wp-block-columns-is-layout-flex\">\n<div class=\"wp-block-column is-layout-flow wp-block-column-is-layout-flow\">\n<div class=\"wp-block-buttons is-layout-flex wp-block-buttons-is-layout-flex\"><\/div>\n<\/div>\n\n\n\n<div class=\"wp-block-column is-layout-flow wp-block-column-is-layout-flow\">\n<div class=\"wp-block-columns is-layout-flex wp-container-core-columns-is-layout-28f84493 wp-block-columns-is-layout-flex\"><\/div>\n<\/div>\n<\/div>\n<\/div>\n<\/div>\n<\/div>\n\t\t\t\t\t\t\t<\/div> ","protected":false},"excerpt":{"rendered":"<p>Dvi\u017ene ko\u0161are s teleskopsko roko JLG Z ve\u010djim dosegom kot katerikoli drug tip dvi\u017ene delovne plo\u0161\u010dadi ali ko\u0161are so bile teleskopske dvi\u017ene ko\u0161are razvite z namenom, da pove\u010dajo delovno u\u010dinkovitost\u00a0 pri delu na velikih vi\u0161inah ali na te\u017eko dostopnih obmo\u010djih. Z ve\u010d kot dovolj vleka in vozne hitrosti vas teleskopska dvi\u017ena ko\u0161ara JLG pripelje to\u010dno &hellip; <a href=\"https:\/\/www.riwal.com\/sl\/o-riwalu\/kategorije-naprav\/teleskopske-kosare-jlg\/\">Se nadaljuje<\/a><\/p>\n","protected":false},"author":45,"featured_media":0,"parent":5700,"menu_order":0,"comment_status":"closed","ping_status":"closed","template":"","meta":{"_acf_changed":false,"footnotes":""},"class_list":["post-5724","page","type-page","status-publish","hentry"],"acf":[],"yoast_head":"<!-- This site is optimized with the Yoast SEO Premium plugin v27.1 (Yoast SEO v27.1.1) - https:\/\/yoast.com\/product\/yoast-seo-premium-wordpress\/ -->\n<title>Teleskopske ko\u0161are JLG - Riwal Slovenija<\/title>\n<meta name=\"robots\" content=\"index, follow, max-snippet:-1, max-image-preview:large, max-video-preview:-1\" \/>\n<link rel=\"canonical\" href=\"https:\/\/www.riwal.com\/sl\/o-riwalu\/kategorije-naprav\/teleskopske-kosare-jlg\/\" \/>\n<meta property=\"og:locale\" content=\"sl_SI\" \/>\n<meta property=\"og:type\" content=\"article\" \/>\n<meta property=\"og:title\" content=\"Teleskopske ko\u0161are JLG\" \/>\n<meta property=\"og:description\" content=\"Dvi\u017ene ko\u0161are s teleskopsko roko JLG Z ve\u010djim dosegom kot katerikoli drug tip dvi\u017ene delovne plo\u0161\u010dadi ali ko\u0161are so bile teleskopske dvi\u017ene ko\u0161are razvite z namenom, da pove\u010dajo delovno u\u010dinkovitost\u00a0 pri delu na velikih vi\u0161inah ali na te\u017eko dostopnih obmo\u010djih. Z ve\u010d kot dovolj vleka in vozne hitrosti vas teleskopska dvi\u017ena ko\u0161ara JLG pripelje to\u010dno &hellip; Se nadaljuje\" \/>\n<meta property=\"og:url\" content=\"https:\/\/www.riwal.com\/sl\/o-riwalu\/kategorije-naprav\/teleskopske-kosare-jlg\/\" \/>\n<meta property=\"og:site_name\" content=\"Riwal Slovenija\" \/>\n<meta property=\"article:modified_time\" content=\"2024-02-06T08:24:44+00:00\" \/>\n<meta property=\"og:image\" content=\"https:\/\/www.riwal.com\/app\/uploads\/sites\/10\/2024\/02\/JLG-telescopic-boom-lift-2.webp\" \/>\n<meta name=\"twitter:card\" content=\"summary_large_image\" \/>\n<meta name=\"twitter:label1\" content=\"Est. reading time\" \/>\n\t<meta name=\"twitter:data1\" content=\"4 minute\" \/>\n<script type=\"application\/ld+json\" class=\"yoast-schema-graph\">{\"@context\":\"https:\/\/schema.org\",\"@graph\":[{\"@type\":\"WebPage\",\"@id\":\"https:\/\/www.riwal.com\/sl\/o-riwalu\/kategorije-naprav\/teleskopske-kosare-jlg\/\",\"url\":\"https:\/\/www.riwal.com\/sl\/o-riwalu\/kategorije-naprav\/teleskopske-kosare-jlg\/\",\"name\":\"Teleskopske ko\u0161are JLG - Riwal Slovenija\",\"isPartOf\":{\"@id\":\"https:\/\/www.riwal.com\/sl\/#website\"},\"primaryImageOfPage\":{\"@id\":\"https:\/\/www.riwal.com\/sl\/o-riwalu\/kategorije-naprav\/teleskopske-kosare-jlg\/#primaryimage\"},\"image\":{\"@id\":\"https:\/\/www.riwal.com\/sl\/o-riwalu\/kategorije-naprav\/teleskopske-kosare-jlg\/#primaryimage\"},\"thumbnailUrl\":\"https:\/\/www.riwal.com\/app\/uploads\/sites\/10\/2024\/02\/JLG-telescopic-boom-lift-2.webp\",\"datePublished\":\"2024-02-06T08:24:43+00:00\",\"dateModified\":\"2024-02-06T08:24:44+00:00\",\"breadcrumb\":{\"@id\":\"https:\/\/www.riwal.com\/sl\/o-riwalu\/kategorije-naprav\/teleskopske-kosare-jlg\/#breadcrumb\"},\"inLanguage\":\"sl-SI\",\"potentialAction\":[{\"@type\":\"ReadAction\",\"target\":[\"https:\/\/www.riwal.com\/sl\/o-riwalu\/kategorije-naprav\/teleskopske-kosare-jlg\/\"]}]},{\"@type\":\"ImageObject\",\"inLanguage\":\"sl-SI\",\"@id\":\"https:\/\/www.riwal.com\/sl\/o-riwalu\/kategorije-naprav\/teleskopske-kosare-jlg\/#primaryimage\",\"url\":\"https:\/\/www.riwal.com\/app\/uploads\/sites\/10\/2024\/02\/JLG-telescopic-boom-lift-2.webp\",\"contentUrl\":\"https:\/\/www.riwal.com\/app\/uploads\/sites\/10\/2024\/02\/JLG-telescopic-boom-lift-2.webp\"},{\"@type\":\"BreadcrumbList\",\"@id\":\"https:\/\/www.riwal.com\/sl\/o-riwalu\/kategorije-naprav\/teleskopske-kosare-jlg\/#breadcrumb\",\"itemListElement\":[{\"@type\":\"ListItem\",\"position\":1,\"name\":\"Domov\",\"item\":\"https:\/\/www.riwal.com\/sl\/\"},{\"@type\":\"ListItem\",\"position\":2,\"name\":\"O riwalu\",\"item\":\"https:\/\/www.riwal.com\/sl\/o-riwalu\/\"},{\"@type\":\"ListItem\",\"position\":3,\"name\":\"Kategorije naprav\",\"item\":\"https:\/\/www.riwal.com\/sl\/o-riwalu\/kategorije-naprav\/\"},{\"@type\":\"ListItem\",\"position\":4,\"name\":\"Teleskopske ko\u0161are JLG\"}]},{\"@type\":\"WebSite\",\"@id\":\"https:\/\/www.riwal.com\/sl\/#website\",\"url\":\"https:\/\/www.riwal.com\/sl\/\",\"name\":\"Riwal\",\"description\":\"Arial work platform &amp; Telehandler Rental\/Sales\",\"publisher\":{\"@id\":\"https:\/\/www.riwal.com\/sl\/#organization\"},\"potentialAction\":[{\"@type\":\"SearchAction\",\"target\":{\"@type\":\"EntryPoint\",\"urlTemplate\":\"https:\/\/www.riwal.com\/sl\/?s={search_term_string}\"},\"query-input\":{\"@type\":\"PropertyValueSpecification\",\"valueRequired\":true,\"valueName\":\"search_term_string\"}}],\"inLanguage\":\"sl-SI\"},{\"@type\":\"Organization\",\"@id\":\"https:\/\/www.riwal.com\/sl\/#organization\",\"name\":\"Riwal\",\"url\":\"https:\/\/www.riwal.com\/sl\/\",\"logo\":{\"@type\":\"ImageObject\",\"inLanguage\":\"sl-SI\",\"@id\":\"https:\/\/www.riwal.com\/sl\/#\/schema\/logo\/image\/\",\"url\":\"\",\"contentUrl\":\"\",\"caption\":\"Riwal\"},\"image\":{\"@id\":\"https:\/\/www.riwal.com\/sl\/#\/schema\/logo\/image\/\"}}]}<\/script>\n<!-- \/ Yoast SEO Premium plugin. -->","yoast_head_json":{"title":"Teleskopske ko\u0161are JLG - Riwal Slovenija","robots":{"index":"index","follow":"follow","max-snippet":"max-snippet:-1","max-image-preview":"max-image-preview:large","max-video-preview":"max-video-preview:-1"},"canonical":"https:\/\/www.riwal.com\/sl\/o-riwalu\/kategorije-naprav\/teleskopske-kosare-jlg\/","og_locale":"sl_SI","og_type":"article","og_title":"Teleskopske ko\u0161are JLG","og_description":"Dvi\u017ene ko\u0161are s teleskopsko roko JLG Z ve\u010djim dosegom kot katerikoli drug tip dvi\u017ene delovne plo\u0161\u010dadi ali ko\u0161are so bile teleskopske dvi\u017ene ko\u0161are razvite z namenom, da pove\u010dajo delovno u\u010dinkovitost\u00a0 pri delu na velikih vi\u0161inah ali na te\u017eko dostopnih obmo\u010djih. Z ve\u010d kot dovolj vleka in vozne hitrosti vas teleskopska dvi\u017ena ko\u0161ara JLG pripelje to\u010dno &hellip; Se nadaljuje","og_url":"https:\/\/www.riwal.com\/sl\/o-riwalu\/kategorije-naprav\/teleskopske-kosare-jlg\/","og_site_name":"Riwal Slovenija","article_modified_time":"2024-02-06T08:24:44+00:00","og_image":[{"url":"https:\/\/www.riwal.com\/app\/uploads\/sites\/10\/2024\/02\/JLG-telescopic-boom-lift-2.webp","type":"","width":"","height":""}],"twitter_card":"summary_large_image","twitter_misc":{"Est. reading time":"4 minute"},"schema":{"@context":"https:\/\/schema.org","@graph":[{"@type":"WebPage","@id":"https:\/\/www.riwal.com\/sl\/o-riwalu\/kategorije-naprav\/teleskopske-kosare-jlg\/","url":"https:\/\/www.riwal.com\/sl\/o-riwalu\/kategorije-naprav\/teleskopske-kosare-jlg\/","name":"Teleskopske ko\u0161are JLG - Riwal Slovenija","isPartOf":{"@id":"https:\/\/www.riwal.com\/sl\/#website"},"primaryImageOfPage":{"@id":"https:\/\/www.riwal.com\/sl\/o-riwalu\/kategorije-naprav\/teleskopske-kosare-jlg\/#primaryimage"},"image":{"@id":"https:\/\/www.riwal.com\/sl\/o-riwalu\/kategorije-naprav\/teleskopske-kosare-jlg\/#primaryimage"},"thumbnailUrl":"https:\/\/www.riwal.com\/app\/uploads\/sites\/10\/2024\/02\/JLG-telescopic-boom-lift-2.webp","datePublished":"2024-02-06T08:24:43+00:00","dateModified":"2024-02-06T08:24:44+00:00","breadcrumb":{"@id":"https:\/\/www.riwal.com\/sl\/o-riwalu\/kategorije-naprav\/teleskopske-kosare-jlg\/#breadcrumb"},"inLanguage":"sl-SI","potentialAction":[{"@type":"ReadAction","target":["https:\/\/www.riwal.com\/sl\/o-riwalu\/kategorije-naprav\/teleskopske-kosare-jlg\/"]}]},{"@type":"ImageObject","inLanguage":"sl-SI","@id":"https:\/\/www.riwal.com\/sl\/o-riwalu\/kategorije-naprav\/teleskopske-kosare-jlg\/#primaryimage","url":"https:\/\/www.riwal.com\/app\/uploads\/sites\/10\/2024\/02\/JLG-telescopic-boom-lift-2.webp","contentUrl":"https:\/\/www.riwal.com\/app\/uploads\/sites\/10\/2024\/02\/JLG-telescopic-boom-lift-2.webp"},{"@type":"BreadcrumbList","@id":"https:\/\/www.riwal.com\/sl\/o-riwalu\/kategorije-naprav\/teleskopske-kosare-jlg\/#breadcrumb","itemListElement":[{"@type":"ListItem","position":1,"name":"Domov","item":"https:\/\/www.riwal.com\/sl\/"},{"@type":"ListItem","position":2,"name":"O riwalu","item":"https:\/\/www.riwal.com\/sl\/o-riwalu\/"},{"@type":"ListItem","position":3,"name":"Kategorije naprav","item":"https:\/\/www.riwal.com\/sl\/o-riwalu\/kategorije-naprav\/"},{"@type":"ListItem","position":4,"name":"Teleskopske ko\u0161are JLG"}]},{"@type":"WebSite","@id":"https:\/\/www.riwal.com\/sl\/#website","url":"https:\/\/www.riwal.com\/sl\/","name":"Riwal","description":"Arial work platform &amp; Telehandler Rental\/Sales","publisher":{"@id":"https:\/\/www.riwal.com\/sl\/#organization"},"potentialAction":[{"@type":"SearchAction","target":{"@type":"EntryPoint","urlTemplate":"https:\/\/www.riwal.com\/sl\/?s={search_term_string}"},"query-input":{"@type":"PropertyValueSpecification","valueRequired":true,"valueName":"search_term_string"}}],"inLanguage":"sl-SI"},{"@type":"Organization","@id":"https:\/\/www.riwal.com\/sl\/#organization","name":"Riwal","url":"https:\/\/www.riwal.com\/sl\/","logo":{"@type":"ImageObject","inLanguage":"sl-SI","@id":"https:\/\/www.riwal.com\/sl\/#\/schema\/logo\/image\/","url":"","contentUrl":"","caption":"Riwal"},"image":{"@id":"https:\/\/www.riwal.com\/sl\/#\/schema\/logo\/image\/"}}]}},"_links":{"self":[{"href":"https:\/\/www.riwal.com\/sl\/wp-json\/wp\/v2\/pages\/5724","targetHints":{"allow":["GET"]}}],"collection":[{"href":"https:\/\/www.riwal.com\/sl\/wp-json\/wp\/v2\/pages"}],"about":[{"href":"https:\/\/www.riwal.com\/sl\/wp-json\/wp\/v2\/types\/page"}],"author":[{"embeddable":true,"href":"https:\/\/www.riwal.com\/sl\/wp-json\/wp\/v2\/users\/45"}],"replies":[{"embeddable":true,"href":"https:\/\/www.riwal.com\/sl\/wp-json\/wp\/v2\/comments?post=5724"}],"version-history":[{"count":2,"href":"https:\/\/www.riwal.com\/sl\/wp-json\/wp\/v2\/pages\/5724\/revisions"}],"predecessor-version":[{"id":5728,"href":"https:\/\/www.riwal.com\/sl\/wp-json\/wp\/v2\/pages\/5724\/revisions\/5728"}],"up":[{"embeddable":true,"href":"https:\/\/www.riwal.com\/sl\/wp-json\/wp\/v2\/pages\/5700"}],"wp:attachment":[{"href":"https:\/\/www.riwal.com\/sl\/wp-json\/wp\/v2\/media?parent=5724"}],"curies":[{"name":"wp","href":"https:\/\/api.w.org\/{rel}","templated":true}]}}