{"id":5696,"date":"2024-02-06T07:42:27","date_gmt":"2024-02-06T07:42:27","guid":{"rendered":"https:\/\/www.riwal.com\/sl\/?page_id=5696"},"modified":"2024-02-06T07:42:27","modified_gmt":"2024-02-06T07:42:27","slug":"prodaja-dviznih-ploscadi-in-kosar-riwal-slovenija","status":"publish","type":"page","link":"https:\/\/www.riwal.com\/sl\/prodaja-dviznih-ploscadi-in-kosar-riwal-slovenija\/","title":{"rendered":"Prodaja dvi\u017enih plo\u0161\u010dadi in ko\u0161ar &#8211; Riwal Slovenija"},"content":{"rendered":"<div class=\"rental-wp-default-block rental-theme-block-default-margin\">\n\t\t\t\t\t\t\t\t<div class=\"container\">\n<div class=\"wp-block-columns is-layout-flex wp-container-core-columns-is-layout-28f84493 wp-block-columns-is-layout-flex\">\n<div class=\"wp-block-column is-layout-flow wp-block-column-is-layout-flow\" style=\"flex-basis:25%\"><\/div>\n\n\n\n<div class=\"wp-block-column is-layout-flow wp-block-column-is-layout-flow\" style=\"flex-basis:50%\">\n<h2 class=\"wp-block-heading\" id=\"h-dvizne-kosare-omogocajo-varnejse-izvajanje-del-na-visini\">Dvi\u017ene ko\u0161are omogo\u010dajo varnej\u0161e izvajanje del na vi\u0161ini<\/h2>\n\n\n\n<p>Dvi\u017ene ko\u0161are \u0161e kako prav pridejo pri vzdr\u017eevalnih delih na va\u0161em objektu, kot so \u010di\u0161\u010denje oken, vzdr\u017eevanje \u017elebov in barvanje fasade. Uporaba delovne\u00a0<strong>dvi\u017ene ko\u0161are<\/strong>, v kateri ste lahko tudi privezani z varnostnim pasom, je bistveno varnej\u0161a od gradbenih odrov, lestev in ostalih pripomo\u010dkov za delo na vi\u0161ini. Delo z dvi\u017enimi ko\u0161arami je manj utrujajo\u010de, saj nanje ni treba plezati, pa tudi u\u010dinkovitej\u0161e, saj se lahko premikajo tudi v najvi\u0161jem polo\u017eaju in omogo\u010dajo hitrej\u0161i in la\u017eji dostop do razli\u010dnih, sicer te\u017eko dostopnih delovnih mest. Tako ne izgubljate \u010dasa s postavljanjem in podiranjem gradbenih odrov. \u00a0Dvi\u017ena ko\u0161ara se takrat, ko ni v uporabi, lahko takoj umakne, niti ne ovira dostopa do objekta.\u00a0<\/p>\n\n\n\n<p><br>Napravo upravlja delavec iz ko\u0161are prek pregledne nadzorne plo\u0161\u010de, ki je enaka pri vseh tipih strojev. Delovanje dvi\u017ene plo\u0161\u010dadi je programirano tako, da omogo\u010da le vertikalne in horizontalne pomike v varnem obmo\u010dju. Kadar\u00a0<strong>plo\u0161\u010dad<\/strong>\u00a0ne stoji na dovolj ravnem terenu, pa je njeno delovanje onemogo\u010deno.<\/p>\n\n\n\n<p><br>Medtem ko \u0161karjaste\u00a0dvi\u017ene ko\u0161are\u00a0omogo\u010dajo vertikalne dvige, pa teleskopske omogo\u010dajo tako vertikalni kot horizontalni pomik. Posebna izvedba teleskopskih plo\u0161\u010dadi so tako imenovane\u00a0dvi\u017eneko\u0161are z lomljivo roko, ki omogo\u010dajo \u0161e ve\u010d razli\u010dnih gibov in so zato primerne tam, kjer je potrebna ve\u010dja fleksibilnost ali kjer primanjkuje prostora. Teleskopska dvi\u017ena plo\u0161\u010dad lahko v ko\u0161ari nosi dva \u010dloveka oziroma 230 kilogramov bremena, medtem ko je nosilnost platform \u0161karjastih plo\u0161\u010dadi lahko tudi ve\u010dja od pol tone.\u00a0<\/p>\n\n\n\n<p><\/p>\n\n\n\n<h2 class=\"wp-block-heading\" id=\"h-najem-dvizne-kosare-prihranek-pri-investiciji-v-delovno-opremo\">Najem dvi\u017ene ko\u0161are &#8211; prihranek pri investiciji v delovno opremo<\/h2>\n\n\n\n<p>Uporabniki pri svojih projektih potrebujejo razli\u010dne dvi\u017ene plo\u0161\u010dadi, tako glede na vi\u0161ino dviga kot glede na izvedbo dela. Zato je najem plo\u0161\u010dadi, ki jo trenutno potrebujejo, zanje pogosto bolj smiselna in ekonomi\u010dna odlo\u010ditev kot nakup. Za nabavo pa se odlo\u010dijo v primeru pogoste uporabe enake dvi\u017ene plo\u0161\u010dadi, na primer dvi\u017ene ko\u0161are z lomljivo roko.<\/p>\n\n\n\n<p><br>V na\u0161em mednarodnem najemnem voznem parku se nahaja 13.000\u00a0<strong>dvi\u017enih plo\u0161\u010dadi<\/strong>, teleskopskih vili\u010darjev in vili\u010darjev. Med njimi boste zagotovo na\u0161li stroj, ki bo ustrezal vsem va\u0161im zahtevam.<\/p>\n\n\n\n<p><br>Najem dvi\u017ene plo\u0161\u010dadi, teleskopskega vili\u010darja ali vili\u010darja pri podjetju Riwal vam zagotavlja delovne stroje odli\u010dne kakovosti, ki povsem ustrezajo va\u0161im zahtevam. Poleg najema delovnega stroja pa je mo\u017een tudi\u00a0<strong>najem<\/strong>\u00a0usposobljenega upravljavca. Vsi na\u0161i upravljavci imajo vsa potrebna dovoljenja za delo.<br>Na\u0161 oddelek za usposabljanje sicer o varnosti pri delu pou\u010duje tudi druga podjetja in njihove zaposlene, saj je varno in u\u010dinkovito delo na vi\u0161ini za nas na prvem mestu.<br><br>Odlo\u010dite se za\u00a0najem dvi\u017ene ko\u0161are\u00a0in si olaj\u0161ajte delo. Riwal Slovenija.<\/p>\n\n\n\n<figure class=\"wp-block-image size-full\"><img loading=\"lazy\" decoding=\"async\" width=\"600\" height=\"300\" src=\"https:\/\/eqsk4m2dkju.exactdn.com\/app\/uploads\/sites\/10\/2024\/02\/ciscenje-teas.webp?strip=all&quality=92&webp=92&avif=80&sharp=1\" alt=\"\" class=\"wp-image-5697\" srcset=\"https:\/\/eqsk4m2dkju.exactdn.com\/app\/uploads\/sites\/10\/2024\/02\/ciscenje-teas.webp?strip=all&amp;quality=92&amp;webp=92&amp;avif=80&amp;sharp=1 600w, https:\/\/eqsk4m2dkju.exactdn.com\/app\/uploads\/sites\/10\/2024\/02\/ciscenje-teas-300x150.webp?strip=all&amp;quality=92&amp;webp=92&amp;avif=80&amp;sharp=1 300w, https:\/\/eqsk4m2dkju.exactdn.com\/app\/uploads\/sites\/10\/2024\/02\/ciscenje-teas-178x89.webp?strip=all&amp;quality=92&amp;webp=92&amp;avif=80&amp;sharp=1 178w, https:\/\/eqsk4m2dkju.exactdn.com\/app\/uploads\/sites\/10\/2024\/02\/ciscenje-teas-390x195.webp?strip=all&amp;quality=92&amp;webp=92&amp;avif=80&amp;sharp=1 390w, https:\/\/eqsk4m2dkju.exactdn.com\/app\/uploads\/sites\/10\/2024\/02\/ciscenje-teas-250x125.webp?strip=all&amp;quality=92&amp;webp=92&amp;avif=80&amp;sharp=1 250w, https:\/\/eqsk4m2dkju.exactdn.com\/app\/uploads\/sites\/10\/2024\/02\/ciscenje-teas-237x119.webp?strip=all&amp;quality=92&amp;webp=92&amp;avif=80&amp;sharp=1 237w, https:\/\/eqsk4m2dkju.exactdn.com\/app\/uploads\/sites\/10\/2024\/02\/ciscenje-teas-474x237.webp?strip=all&amp;quality=92&amp;webp=92&amp;avif=80&amp;sharp=1 474w, https:\/\/eqsk4m2dkju.exactdn.com\/app\/uploads\/sites\/10\/2024\/02\/ciscenje-teas.webp?strip=all&amp;quality=92&amp;webp=92&amp;avif=80&amp;sharp=1&amp;w=120 120w\" sizes=\"auto, (max-width: 600px) 100vw, 600px\" \/><\/figure>\n<\/div>\n\n\n\n<div class=\"wp-block-column is-layout-flow wp-block-column-is-layout-flow\" style=\"flex-basis:25%\"><\/div>\n<\/div>\n<\/div>\n\t\t\t\t\t\t\t<\/div> ","protected":false},"excerpt":{"rendered":"<p>Dvi\u017ene ko\u0161are omogo\u010dajo varnej\u0161e izvajanje del na vi\u0161ini Dvi\u017ene ko\u0161are \u0161e kako prav pridejo pri vzdr\u017eevalnih delih na va\u0161em objektu, kot so \u010di\u0161\u010denje oken, vzdr\u017eevanje \u017elebov in barvanje fasade. Uporaba delovne\u00a0dvi\u017ene ko\u0161are, v kateri ste lahko tudi privezani z varnostnim pasom, je bistveno varnej\u0161a od gradbenih odrov, lestev in ostalih pripomo\u010dkov za delo na vi\u0161ini. &hellip; <a href=\"https:\/\/www.riwal.com\/sl\/prodaja-dviznih-ploscadi-in-kosar-riwal-slovenija\/\">Se nadaljuje<\/a><\/p>\n","protected":false},"author":45,"featured_media":0,"parent":0,"menu_order":0,"comment_status":"closed","ping_status":"closed","template":"","meta":{"_acf_changed":false,"footnotes":""},"class_list":["post-5696","page","type-page","status-publish","hentry"],"acf":[],"yoast_head":"<!-- This site is optimized with the Yoast SEO Premium plugin v27.1 (Yoast SEO v27.1.1) - https:\/\/yoast.com\/product\/yoast-seo-premium-wordpress\/ -->\n<title>Prodaja dvi\u017enih plo\u0161\u010dadi in ko\u0161ar - Riwal Slovenija - Riwal Slovenija<\/title>\n<meta name=\"description\" content=\"Prodaja dvi\u017enih plo\u0161\u010dadi, ko\u0161ar in teleskopskih vili\u010darjev - RIWAL Slovenija\" \/>\n<meta name=\"robots\" content=\"index, follow, max-snippet:-1, max-image-preview:large, max-video-preview:-1\" \/>\n<link rel=\"canonical\" href=\"https:\/\/www.riwal.com\/sl\/prodaja-dviznih-ploscadi-in-kosar-riwal-slovenija\/\" \/>\n<meta property=\"og:locale\" content=\"sl_SI\" \/>\n<meta property=\"og:type\" content=\"article\" \/>\n<meta property=\"og:title\" content=\"Prodaja dvi\u017enih plo\u0161\u010dadi in ko\u0161ar - Riwal Slovenija\" \/>\n<meta property=\"og:description\" content=\"Prodaja dvi\u017enih plo\u0161\u010dadi, ko\u0161ar in teleskopskih vili\u010darjev - RIWAL Slovenija\" \/>\n<meta property=\"og:url\" content=\"https:\/\/www.riwal.com\/sl\/prodaja-dviznih-ploscadi-in-kosar-riwal-slovenija\/\" \/>\n<meta property=\"og:site_name\" content=\"Riwal Slovenija\" \/>\n<meta property=\"og:image\" content=\"https:\/\/www.riwal.com\/app\/uploads\/sites\/10\/2024\/02\/ciscenje-teas.webp\" \/>\n<meta name=\"twitter:card\" content=\"summary_large_image\" \/>\n<meta name=\"twitter:label1\" content=\"Est. reading time\" \/>\n\t<meta name=\"twitter:data1\" content=\"3 minute\" \/>\n<script type=\"application\/ld+json\" class=\"yoast-schema-graph\">{\"@context\":\"https:\/\/schema.org\",\"@graph\":[{\"@type\":\"WebPage\",\"@id\":\"https:\/\/www.riwal.com\/sl\/prodaja-dviznih-ploscadi-in-kosar-riwal-slovenija\/\",\"url\":\"https:\/\/www.riwal.com\/sl\/prodaja-dviznih-ploscadi-in-kosar-riwal-slovenija\/\",\"name\":\"Prodaja dvi\u017enih plo\u0161\u010dadi in ko\u0161ar - Riwal Slovenija - Riwal Slovenija\",\"isPartOf\":{\"@id\":\"https:\/\/www.riwal.com\/sl\/#website\"},\"primaryImageOfPage\":{\"@id\":\"https:\/\/www.riwal.com\/sl\/prodaja-dviznih-ploscadi-in-kosar-riwal-slovenija\/#primaryimage\"},\"image\":{\"@id\":\"https:\/\/www.riwal.com\/sl\/prodaja-dviznih-ploscadi-in-kosar-riwal-slovenija\/#primaryimage\"},\"thumbnailUrl\":\"https:\/\/www.riwal.com\/app\/uploads\/sites\/10\/2024\/02\/ciscenje-teas.webp\",\"datePublished\":\"2024-02-06T07:42:27+00:00\",\"description\":\"Prodaja dvi\u017enih plo\u0161\u010dadi, ko\u0161ar in teleskopskih vili\u010darjev - RIWAL Slovenija\",\"breadcrumb\":{\"@id\":\"https:\/\/www.riwal.com\/sl\/prodaja-dviznih-ploscadi-in-kosar-riwal-slovenija\/#breadcrumb\"},\"inLanguage\":\"sl-SI\",\"potentialAction\":[{\"@type\":\"ReadAction\",\"target\":[\"https:\/\/www.riwal.com\/sl\/prodaja-dviznih-ploscadi-in-kosar-riwal-slovenija\/\"]}]},{\"@type\":\"ImageObject\",\"inLanguage\":\"sl-SI\",\"@id\":\"https:\/\/www.riwal.com\/sl\/prodaja-dviznih-ploscadi-in-kosar-riwal-slovenija\/#primaryimage\",\"url\":\"https:\/\/www.riwal.com\/app\/uploads\/sites\/10\/2024\/02\/ciscenje-teas.webp\",\"contentUrl\":\"https:\/\/www.riwal.com\/app\/uploads\/sites\/10\/2024\/02\/ciscenje-teas.webp\"},{\"@type\":\"BreadcrumbList\",\"@id\":\"https:\/\/www.riwal.com\/sl\/prodaja-dviznih-ploscadi-in-kosar-riwal-slovenija\/#breadcrumb\",\"itemListElement\":[{\"@type\":\"ListItem\",\"position\":1,\"name\":\"Domov\",\"item\":\"https:\/\/www.riwal.com\/sl\/\"},{\"@type\":\"ListItem\",\"position\":2,\"name\":\"Prodaja dvi\u017enih plo\u0161\u010dadi in ko\u0161ar &#8211; Riwal Slovenija\"}]},{\"@type\":\"WebSite\",\"@id\":\"https:\/\/www.riwal.com\/sl\/#website\",\"url\":\"https:\/\/www.riwal.com\/sl\/\",\"name\":\"Riwal\",\"description\":\"Arial work platform &amp; Telehandler Rental\/Sales\",\"publisher\":{\"@id\":\"https:\/\/www.riwal.com\/sl\/#organization\"},\"potentialAction\":[{\"@type\":\"SearchAction\",\"target\":{\"@type\":\"EntryPoint\",\"urlTemplate\":\"https:\/\/www.riwal.com\/sl\/?s={search_term_string}\"},\"query-input\":{\"@type\":\"PropertyValueSpecification\",\"valueRequired\":true,\"valueName\":\"search_term_string\"}}],\"inLanguage\":\"sl-SI\"},{\"@type\":\"Organization\",\"@id\":\"https:\/\/www.riwal.com\/sl\/#organization\",\"name\":\"Riwal\",\"url\":\"https:\/\/www.riwal.com\/sl\/\",\"logo\":{\"@type\":\"ImageObject\",\"inLanguage\":\"sl-SI\",\"@id\":\"https:\/\/www.riwal.com\/sl\/#\/schema\/logo\/image\/\",\"url\":\"\",\"contentUrl\":\"\",\"caption\":\"Riwal\"},\"image\":{\"@id\":\"https:\/\/www.riwal.com\/sl\/#\/schema\/logo\/image\/\"}}]}<\/script>\n<!-- \/ Yoast SEO Premium plugin. -->","yoast_head_json":{"title":"Prodaja dvi\u017enih plo\u0161\u010dadi in ko\u0161ar - Riwal Slovenija - Riwal Slovenija","description":"Prodaja dvi\u017enih plo\u0161\u010dadi, ko\u0161ar in teleskopskih vili\u010darjev - RIWAL Slovenija","robots":{"index":"index","follow":"follow","max-snippet":"max-snippet:-1","max-image-preview":"max-image-preview:large","max-video-preview":"max-video-preview:-1"},"canonical":"https:\/\/www.riwal.com\/sl\/prodaja-dviznih-ploscadi-in-kosar-riwal-slovenija\/","og_locale":"sl_SI","og_type":"article","og_title":"Prodaja dvi\u017enih plo\u0161\u010dadi in ko\u0161ar - Riwal Slovenija","og_description":"Prodaja dvi\u017enih plo\u0161\u010dadi, ko\u0161ar in teleskopskih vili\u010darjev - RIWAL Slovenija","og_url":"https:\/\/www.riwal.com\/sl\/prodaja-dviznih-ploscadi-in-kosar-riwal-slovenija\/","og_site_name":"Riwal Slovenija","og_image":[{"url":"https:\/\/www.riwal.com\/app\/uploads\/sites\/10\/2024\/02\/ciscenje-teas.webp","type":"","width":"","height":""}],"twitter_card":"summary_large_image","twitter_misc":{"Est. reading time":"3 minute"},"schema":{"@context":"https:\/\/schema.org","@graph":[{"@type":"WebPage","@id":"https:\/\/www.riwal.com\/sl\/prodaja-dviznih-ploscadi-in-kosar-riwal-slovenija\/","url":"https:\/\/www.riwal.com\/sl\/prodaja-dviznih-ploscadi-in-kosar-riwal-slovenija\/","name":"Prodaja dvi\u017enih plo\u0161\u010dadi in ko\u0161ar - Riwal Slovenija - Riwal Slovenija","isPartOf":{"@id":"https:\/\/www.riwal.com\/sl\/#website"},"primaryImageOfPage":{"@id":"https:\/\/www.riwal.com\/sl\/prodaja-dviznih-ploscadi-in-kosar-riwal-slovenija\/#primaryimage"},"image":{"@id":"https:\/\/www.riwal.com\/sl\/prodaja-dviznih-ploscadi-in-kosar-riwal-slovenija\/#primaryimage"},"thumbnailUrl":"https:\/\/www.riwal.com\/app\/uploads\/sites\/10\/2024\/02\/ciscenje-teas.webp","datePublished":"2024-02-06T07:42:27+00:00","description":"Prodaja dvi\u017enih plo\u0161\u010dadi, ko\u0161ar in teleskopskih vili\u010darjev - RIWAL Slovenija","breadcrumb":{"@id":"https:\/\/www.riwal.com\/sl\/prodaja-dviznih-ploscadi-in-kosar-riwal-slovenija\/#breadcrumb"},"inLanguage":"sl-SI","potentialAction":[{"@type":"ReadAction","target":["https:\/\/www.riwal.com\/sl\/prodaja-dviznih-ploscadi-in-kosar-riwal-slovenija\/"]}]},{"@type":"ImageObject","inLanguage":"sl-SI","@id":"https:\/\/www.riwal.com\/sl\/prodaja-dviznih-ploscadi-in-kosar-riwal-slovenija\/#primaryimage","url":"https:\/\/www.riwal.com\/app\/uploads\/sites\/10\/2024\/02\/ciscenje-teas.webp","contentUrl":"https:\/\/www.riwal.com\/app\/uploads\/sites\/10\/2024\/02\/ciscenje-teas.webp"},{"@type":"BreadcrumbList","@id":"https:\/\/www.riwal.com\/sl\/prodaja-dviznih-ploscadi-in-kosar-riwal-slovenija\/#breadcrumb","itemListElement":[{"@type":"ListItem","position":1,"name":"Domov","item":"https:\/\/www.riwal.com\/sl\/"},{"@type":"ListItem","position":2,"name":"Prodaja dvi\u017enih plo\u0161\u010dadi in ko\u0161ar &#8211; Riwal Slovenija"}]},{"@type":"WebSite","@id":"https:\/\/www.riwal.com\/sl\/#website","url":"https:\/\/www.riwal.com\/sl\/","name":"Riwal","description":"Arial work platform &amp; Telehandler Rental\/Sales","publisher":{"@id":"https:\/\/www.riwal.com\/sl\/#organization"},"potentialAction":[{"@type":"SearchAction","target":{"@type":"EntryPoint","urlTemplate":"https:\/\/www.riwal.com\/sl\/?s={search_term_string}"},"query-input":{"@type":"PropertyValueSpecification","valueRequired":true,"valueName":"search_term_string"}}],"inLanguage":"sl-SI"},{"@type":"Organization","@id":"https:\/\/www.riwal.com\/sl\/#organization","name":"Riwal","url":"https:\/\/www.riwal.com\/sl\/","logo":{"@type":"ImageObject","inLanguage":"sl-SI","@id":"https:\/\/www.riwal.com\/sl\/#\/schema\/logo\/image\/","url":"","contentUrl":"","caption":"Riwal"},"image":{"@id":"https:\/\/www.riwal.com\/sl\/#\/schema\/logo\/image\/"}}]}},"_links":{"self":[{"href":"https:\/\/www.riwal.com\/sl\/wp-json\/wp\/v2\/pages\/5696","targetHints":{"allow":["GET"]}}],"collection":[{"href":"https:\/\/www.riwal.com\/sl\/wp-json\/wp\/v2\/pages"}],"about":[{"href":"https:\/\/www.riwal.com\/sl\/wp-json\/wp\/v2\/types\/page"}],"author":[{"embeddable":true,"href":"https:\/\/www.riwal.com\/sl\/wp-json\/wp\/v2\/users\/45"}],"replies":[{"embeddable":true,"href":"https:\/\/www.riwal.com\/sl\/wp-json\/wp\/v2\/comments?post=5696"}],"version-history":[{"count":1,"href":"https:\/\/www.riwal.com\/sl\/wp-json\/wp\/v2\/pages\/5696\/revisions"}],"predecessor-version":[{"id":5698,"href":"https:\/\/www.riwal.com\/sl\/wp-json\/wp\/v2\/pages\/5696\/revisions\/5698"}],"wp:attachment":[{"href":"https:\/\/www.riwal.com\/sl\/wp-json\/wp\/v2\/media?parent=5696"}],"curies":[{"name":"wp","href":"https:\/\/api.w.org\/{rel}","templated":true}]}}