{"id":5693,"date":"2024-02-06T07:28:23","date_gmt":"2024-02-06T07:28:23","guid":{"rendered":"https:\/\/www.riwal.com\/sl\/?page_id=5693"},"modified":"2024-02-06T07:28:24","modified_gmt":"2024-02-06T07:28:24","slug":"dvizne-ploscadi","status":"publish","type":"page","link":"https:\/\/www.riwal.com\/sl\/o-riwalu\/dvizne-ploscadi\/","title":{"rendered":"Dvi\u017ene plo\u0161\u010dadi"},"content":{"rendered":"<div class=\"rental-wp-default-block rental-theme-block-default-margin\">\n\t\t\t\t\t\t\t\t<div class=\"container\">\n<div class=\"wp-block-columns is-layout-flex wp-container-core-columns-is-layout-28f84493 wp-block-columns-is-layout-flex\">\n<div class=\"wp-block-column is-layout-flow wp-block-column-is-layout-flow\" style=\"flex-basis:25%\"><\/div>\n\n\n\n<div class=\"wp-block-column is-layout-flow wp-block-column-is-layout-flow\" style=\"flex-basis:50%\">\n<h2 class=\"wp-block-heading\" id=\"h-dvizne-ploscadi-in-kosare-za-preprosto-in-varno-delo-na-visini\">Dvi\u017ene plo\u0161\u010dadi in ko\u0161are za preprosto in varno delo na vi\u0161ini<\/h2>\n\n\n\n<p>i\u017ene plo\u0161\u010dadi, ki jih je mogo\u010de najeti, kupiti in servisirati v podjetju Riwal, so odli\u010dna alternativa manj varnim gradbenim odrom, lestvam in drugim pripomo\u010dkom za delo na vi\u0161ini. Uporaba <strong>delovnih dvi\u017enih plo\u0161\u010dadi <\/strong>in ko\u0161ar namre\u010d prispeva tako k varnej\u0161emu izvajanju del kot tudi k hitrej\u0161emu in la\u017ejemu dostopu do razli\u010dnih, sicer te\u017eko dostopnih delovnih mest.\u00a0<\/p>\n\n\n\n<p><br>Dvi\u017ene plo\u0161\u010dadi so samohodni delovni stroji na dizelski ali elektri\u010dni pogon, ki pridejo prav v gradbeni\u0161tvu in pri zaklju\u010dnih delih, monta\u017ei razli\u010dnih napeljav, \u010di\u0161\u010denju in vzdr\u017eevanju industrijskih, poslovnih in stanovanjskih objektov, vzdr\u017eevanju infrastrukture in podobno. Upravljanje z njimi je enostavno. Upravlja jih sam delavec iz ko\u0161are prek pregledne nadzorne plo\u0161\u010de, ki je enaka pri vseh tipih strojev. Delovanje plo\u0161\u010dadi je programirano tako, da omogo\u010da le vertikalne in horizontalne pomike v varnem obmo\u010dju, obenem pa onemogo\u010di delovanje, \u010de plo\u0161\u010dad ne stoji na dovolj ravnem terenu.<\/p>\n\n\n\n<p><br>Medtem ko \u0161karjasta dvi\u017ena plo\u0161\u010dad omogo\u010da le vertikalni dvig, pa teleskopske <strong>dvi\u017ene plo\u0161\u010dadi<\/strong>\u00a0omogo\u010dajo tudi horizontalne pomike. Posebna izvedba teleskopskih plo\u0161\u010dadi so tako imenovane dvi\u017ene ko\u0161are z lomljivo roko, ki omogo\u010dajo \u0161e ve\u010d razli\u010dnih gibov in so zato primerne takrat, ko je potrebna ve\u010dja fleksibilnost ali kadar primanjkuje prostora. Vse teleskopske plo\u0161\u010dadi lahko v ko\u0161ari nosijo dva \u010dloveka oziroma 230 kilogramov bremena, nosilnosti platform \u0161karjastih plo\u0161\u010dadi pa so lahko tudi ve\u010dje od pol tone. \u0160karjasta dvi\u017ena plo\u0161\u010dad se uporablja predvsem tam, kjer na zgornji postaji ni prostora za vozni ja\u0161ek.\u00a0<\/p>\n\n\n\n<p><\/p>\n\n\n\n<h2 class=\"wp-block-heading\" id=\"h-ugoden-najem-dvizne-ploscadi\">Ugoden najem dvi\u017ene plo\u0161\u010dadi<\/h2>\n\n\n\n<p>Pogosteje kot za nakup se uporabniki odlo\u010dajo za najem dvi\u017enih plo\u0161\u010dadi. Pri svojih projektih namre\u010d potrebujejo razli\u010dne dvi\u017ene plo\u0161\u010dadi. Zaradi razli\u010dnih vi\u0161in dviga in izvedb je tako bolj smiselno, da za dolo\u010den \u010das najamejo tip plo\u0161\u010dadi, ki ga trenutno potrebujejo. Pri pogosti uporabi enake plo\u0161\u010dadi pa je seveda bolj smiselna odlo\u010ditev nakup.<\/p>\n\n\n\n<p><br>Najem dvi\u017ene plo\u0161\u010dadipri podjetju Riwal zagotavlja odli\u010dno kakovost naprave, ki bo povsem ustrezala va\u0161im zahtevam. Mo\u017een je tudi najem upravljavca, ki ima vsa potrebna dovoljenja za delo. Na\u0161 mednarodni najemni vozni park sestavlja 20.000 dvi\u017enih plo\u0161\u010dadi, teleskopskih vili\u010darjev in vili\u010darjev, ra\u010dunate pa lahko tudi na strokovne nasvete pri njihovi uporabi. Ker je varno in u\u010dinkovito delo na vi\u0161ini za nas klju\u010dnega pomena, na\u0161 oddelek za usposabljanje namre\u010d pou\u010duje podjetja in njihove zaposlene o varnosti pri delu.<\/p>\n\n\n\n<p><br><strong>Najem in prodajo dvi\u017enih plo\u0161\u010dadi<\/strong>, teleskopskih vili\u010darjev in vili\u010darjev dopolnjuje tudi prodaja najkakovostnej\u0161ih rezervnih delov.<\/p>\n<\/div>\n\n\n\n<div class=\"wp-block-column is-layout-flow wp-block-column-is-layout-flow\" style=\"flex-basis:25%\"><\/div>\n<\/div>\n<\/div>\n\t\t\t\t\t\t\t<\/div> ","protected":false},"excerpt":{"rendered":"<p>Dvi\u017ene plo\u0161\u010dadi in ko\u0161are za preprosto in varno delo na vi\u0161ini i\u017ene plo\u0161\u010dadi, ki jih je mogo\u010de najeti, kupiti in servisirati v podjetju Riwal, so odli\u010dna alternativa manj varnim gradbenim odrom, lestvam in drugim pripomo\u010dkom za delo na vi\u0161ini. Uporaba delovnih dvi\u017enih plo\u0161\u010dadi in ko\u0161ar namre\u010d prispeva tako k varnej\u0161emu izvajanju del kot tudi k &hellip; <a href=\"https:\/\/www.riwal.com\/sl\/o-riwalu\/dvizne-ploscadi\/\">Se nadaljuje<\/a><\/p>\n","protected":false},"author":45,"featured_media":0,"parent":3792,"menu_order":0,"comment_status":"closed","ping_status":"closed","template":"","meta":{"_acf_changed":false,"footnotes":""},"class_list":["post-5693","page","type-page","status-publish","hentry"],"acf":[],"yoast_head":"<!-- This site is optimized with the Yoast SEO Premium plugin v27.1 (Yoast SEO v27.1.1) - https:\/\/yoast.com\/product\/yoast-seo-premium-wordpress\/ -->\n<title>Dvi\u017ene plo\u0161\u010dadi - Riwal Slovenija<\/title>\n<meta name=\"description\" content=\"V najem ali prodajo ponujamo \u0161irok spekter modelov dvi\u017enih plo\u0161\u010dadi za varno in u\u010dinkovito delo na vi\u0161ini.\" \/>\n<meta name=\"robots\" content=\"index, follow, max-snippet:-1, max-image-preview:large, max-video-preview:-1\" \/>\n<link rel=\"canonical\" href=\"https:\/\/www.riwal.com\/sl\/o-riwalu\/dvizne-ploscadi\/\" \/>\n<meta property=\"og:locale\" content=\"sl_SI\" \/>\n<meta property=\"og:type\" content=\"article\" \/>\n<meta property=\"og:title\" content=\"Dvi\u017ene plo\u0161\u010dadi\" \/>\n<meta property=\"og:description\" content=\"V najem ali prodajo ponujamo \u0161irok spekter modelov dvi\u017enih plo\u0161\u010dadi za varno in u\u010dinkovito delo na vi\u0161ini.\" \/>\n<meta property=\"og:url\" content=\"https:\/\/www.riwal.com\/sl\/o-riwalu\/dvizne-ploscadi\/\" \/>\n<meta property=\"og:site_name\" content=\"Riwal Slovenija\" \/>\n<meta property=\"article:modified_time\" content=\"2024-02-06T07:28:24+00:00\" \/>\n<meta name=\"twitter:card\" content=\"summary_large_image\" \/>\n<meta name=\"twitter:label1\" content=\"Est. reading time\" \/>\n\t<meta name=\"twitter:data1\" content=\"3 minute\" \/>\n<script type=\"application\/ld+json\" class=\"yoast-schema-graph\">{\"@context\":\"https:\/\/schema.org\",\"@graph\":[{\"@type\":\"WebPage\",\"@id\":\"https:\/\/www.riwal.com\/sl\/o-riwalu\/dvizne-ploscadi\/\",\"url\":\"https:\/\/www.riwal.com\/sl\/o-riwalu\/dvizne-ploscadi\/\",\"name\":\"Dvi\u017ene plo\u0161\u010dadi - Riwal Slovenija\",\"isPartOf\":{\"@id\":\"https:\/\/www.riwal.com\/sl\/#website\"},\"datePublished\":\"2024-02-06T07:28:23+00:00\",\"dateModified\":\"2024-02-06T07:28:24+00:00\",\"description\":\"V najem ali prodajo ponujamo \u0161irok spekter modelov dvi\u017enih plo\u0161\u010dadi za varno in u\u010dinkovito delo na vi\u0161ini.\",\"breadcrumb\":{\"@id\":\"https:\/\/www.riwal.com\/sl\/o-riwalu\/dvizne-ploscadi\/#breadcrumb\"},\"inLanguage\":\"sl-SI\",\"potentialAction\":[{\"@type\":\"ReadAction\",\"target\":[\"https:\/\/www.riwal.com\/sl\/o-riwalu\/dvizne-ploscadi\/\"]}]},{\"@type\":\"BreadcrumbList\",\"@id\":\"https:\/\/www.riwal.com\/sl\/o-riwalu\/dvizne-ploscadi\/#breadcrumb\",\"itemListElement\":[{\"@type\":\"ListItem\",\"position\":1,\"name\":\"Domov\",\"item\":\"https:\/\/www.riwal.com\/sl\/\"},{\"@type\":\"ListItem\",\"position\":2,\"name\":\"O riwalu\",\"item\":\"https:\/\/www.riwal.com\/sl\/o-riwalu\/\"},{\"@type\":\"ListItem\",\"position\":3,\"name\":\"Dvi\u017ene plo\u0161\u010dadi\"}]},{\"@type\":\"WebSite\",\"@id\":\"https:\/\/www.riwal.com\/sl\/#website\",\"url\":\"https:\/\/www.riwal.com\/sl\/\",\"name\":\"Riwal\",\"description\":\"Arial work platform &amp; Telehandler Rental\/Sales\",\"publisher\":{\"@id\":\"https:\/\/www.riwal.com\/sl\/#organization\"},\"potentialAction\":[{\"@type\":\"SearchAction\",\"target\":{\"@type\":\"EntryPoint\",\"urlTemplate\":\"https:\/\/www.riwal.com\/sl\/?s={search_term_string}\"},\"query-input\":{\"@type\":\"PropertyValueSpecification\",\"valueRequired\":true,\"valueName\":\"search_term_string\"}}],\"inLanguage\":\"sl-SI\"},{\"@type\":\"Organization\",\"@id\":\"https:\/\/www.riwal.com\/sl\/#organization\",\"name\":\"Riwal\",\"url\":\"https:\/\/www.riwal.com\/sl\/\",\"logo\":{\"@type\":\"ImageObject\",\"inLanguage\":\"sl-SI\",\"@id\":\"https:\/\/www.riwal.com\/sl\/#\/schema\/logo\/image\/\",\"url\":\"\",\"contentUrl\":\"\",\"caption\":\"Riwal\"},\"image\":{\"@id\":\"https:\/\/www.riwal.com\/sl\/#\/schema\/logo\/image\/\"}}]}<\/script>\n<!-- \/ Yoast SEO Premium plugin. -->","yoast_head_json":{"title":"Dvi\u017ene plo\u0161\u010dadi - Riwal Slovenija","description":"V najem ali prodajo ponujamo \u0161irok spekter modelov dvi\u017enih plo\u0161\u010dadi za varno in u\u010dinkovito delo na vi\u0161ini.","robots":{"index":"index","follow":"follow","max-snippet":"max-snippet:-1","max-image-preview":"max-image-preview:large","max-video-preview":"max-video-preview:-1"},"canonical":"https:\/\/www.riwal.com\/sl\/o-riwalu\/dvizne-ploscadi\/","og_locale":"sl_SI","og_type":"article","og_title":"Dvi\u017ene plo\u0161\u010dadi","og_description":"V najem ali prodajo ponujamo \u0161irok spekter modelov dvi\u017enih plo\u0161\u010dadi za varno in u\u010dinkovito delo na vi\u0161ini.","og_url":"https:\/\/www.riwal.com\/sl\/o-riwalu\/dvizne-ploscadi\/","og_site_name":"Riwal Slovenija","article_modified_time":"2024-02-06T07:28:24+00:00","twitter_card":"summary_large_image","twitter_misc":{"Est. reading time":"3 minute"},"schema":{"@context":"https:\/\/schema.org","@graph":[{"@type":"WebPage","@id":"https:\/\/www.riwal.com\/sl\/o-riwalu\/dvizne-ploscadi\/","url":"https:\/\/www.riwal.com\/sl\/o-riwalu\/dvizne-ploscadi\/","name":"Dvi\u017ene plo\u0161\u010dadi - Riwal Slovenija","isPartOf":{"@id":"https:\/\/www.riwal.com\/sl\/#website"},"datePublished":"2024-02-06T07:28:23+00:00","dateModified":"2024-02-06T07:28:24+00:00","description":"V najem ali prodajo ponujamo \u0161irok spekter modelov dvi\u017enih plo\u0161\u010dadi za varno in u\u010dinkovito delo na vi\u0161ini.","breadcrumb":{"@id":"https:\/\/www.riwal.com\/sl\/o-riwalu\/dvizne-ploscadi\/#breadcrumb"},"inLanguage":"sl-SI","potentialAction":[{"@type":"ReadAction","target":["https:\/\/www.riwal.com\/sl\/o-riwalu\/dvizne-ploscadi\/"]}]},{"@type":"BreadcrumbList","@id":"https:\/\/www.riwal.com\/sl\/o-riwalu\/dvizne-ploscadi\/#breadcrumb","itemListElement":[{"@type":"ListItem","position":1,"name":"Domov","item":"https:\/\/www.riwal.com\/sl\/"},{"@type":"ListItem","position":2,"name":"O riwalu","item":"https:\/\/www.riwal.com\/sl\/o-riwalu\/"},{"@type":"ListItem","position":3,"name":"Dvi\u017ene plo\u0161\u010dadi"}]},{"@type":"WebSite","@id":"https:\/\/www.riwal.com\/sl\/#website","url":"https:\/\/www.riwal.com\/sl\/","name":"Riwal","description":"Arial work platform &amp; Telehandler Rental\/Sales","publisher":{"@id":"https:\/\/www.riwal.com\/sl\/#organization"},"potentialAction":[{"@type":"SearchAction","target":{"@type":"EntryPoint","urlTemplate":"https:\/\/www.riwal.com\/sl\/?s={search_term_string}"},"query-input":{"@type":"PropertyValueSpecification","valueRequired":true,"valueName":"search_term_string"}}],"inLanguage":"sl-SI"},{"@type":"Organization","@id":"https:\/\/www.riwal.com\/sl\/#organization","name":"Riwal","url":"https:\/\/www.riwal.com\/sl\/","logo":{"@type":"ImageObject","inLanguage":"sl-SI","@id":"https:\/\/www.riwal.com\/sl\/#\/schema\/logo\/image\/","url":"","contentUrl":"","caption":"Riwal"},"image":{"@id":"https:\/\/www.riwal.com\/sl\/#\/schema\/logo\/image\/"}}]}},"_links":{"self":[{"href":"https:\/\/www.riwal.com\/sl\/wp-json\/wp\/v2\/pages\/5693","targetHints":{"allow":["GET"]}}],"collection":[{"href":"https:\/\/www.riwal.com\/sl\/wp-json\/wp\/v2\/pages"}],"about":[{"href":"https:\/\/www.riwal.com\/sl\/wp-json\/wp\/v2\/types\/page"}],"author":[{"embeddable":true,"href":"https:\/\/www.riwal.com\/sl\/wp-json\/wp\/v2\/users\/45"}],"replies":[{"embeddable":true,"href":"https:\/\/www.riwal.com\/sl\/wp-json\/wp\/v2\/comments?post=5693"}],"version-history":[{"count":1,"href":"https:\/\/www.riwal.com\/sl\/wp-json\/wp\/v2\/pages\/5693\/revisions"}],"predecessor-version":[{"id":5694,"href":"https:\/\/www.riwal.com\/sl\/wp-json\/wp\/v2\/pages\/5693\/revisions\/5694"}],"up":[{"embeddable":true,"href":"https:\/\/www.riwal.com\/sl\/wp-json\/wp\/v2\/pages\/3792"}],"wp:attachment":[{"href":"https:\/\/www.riwal.com\/sl\/wp-json\/wp\/v2\/media?parent=5693"}],"curies":[{"name":"wp","href":"https:\/\/api.w.org\/{rel}","templated":true}]}}