{"id":4274,"date":"2023-10-14T21:26:57","date_gmt":"2023-10-14T21:26:57","guid":{"rendered":"https:\/\/www.riwal.com\/sl\/?page_id=4274"},"modified":"2024-01-21T13:18:23","modified_gmt":"2024-01-21T13:18:23","slug":"politika-varstva-osebnih-podatkov","status":"publish","type":"page","link":"https:\/\/www.riwal.com\/sl\/politika-varstva-osebnih-podatkov\/","title":{"rendered":"Politika varstva osebnih podatkov"},"content":{"rendered":"<div class=\"container\">\n<h2 class=\"wp-block-heading\" id=\"h-izjava-o-zasebnosti-skupine-riwal-holding-group-bv\">IZJAVA O ZASEBNOSTI SKUPINE RIWAL HOLDING GROUP BV<\/h2>\n<\/div>\n\n<div class=\"rental-wp-default-block rental-theme-block-default-margin\">\n\t\t\t\t\t\t\t\t<div class=\"container\">\n<div class=\"wp-block-columns is-layout-flex wp-container-core-columns-is-layout-28f84493 wp-block-columns-is-layout-flex\">\n<div class=\"wp-block-column is-layout-flow wp-block-column-is-layout-flow\" style=\"flex-basis:66.66%\">\n<p>Ta Politika o zasebnosti in pi\u0161kotkih velja za stranke, nekdanje stranke, potencialne stranke,&nbsp;dobavitelje in obiskovalce vseh spletnih strani in mobilnih spletnih mest, ki jih&nbsp;upravlja Riwal najem opreme, d.o.o. (www.riwal.si, Riwal Access4U in Riwal Rental App).&nbsp;Lastnik te spletne strani je&nbsp;Riwal najem opreme, d.o.o., ki ima sede\u017e v Ljubljani, na naslovu \u0160martinska censta 32 in je dosegljiv po telefonu na \u0161tevilki 01 544 34 34 ali prek e-po\u0161te info_si@riwal.com. Riwal se obravnava kot procesor za obdelavo va\u0161ih osebnih podatkov, v skladu s \u010dlenom 4, odstavek 7 Splo\u0161ne uredbe o varstvu podatkov EU 2016\/679 (\u201cGDPR\u201d).<\/p>\n\n\n\n<p>Va\u0161o zasebnost bomo obravnavali skrbno, v skladu s pravili in na\u010deli GDPR. Ko bomo prek spletne strani, aplikacije ali drugega Riwalovega digitalnega kanala zahtevali va\u0161e osebne podatke, vam bomo najprej pojasnili, zakaj potrebujemo te podatke in kaj slu\u017ei kot pravna podlaga za to. Nato bomo, \u010de bo potrebno, zaprosili za va\u0161e nedvoumno in prostovoljno soglasje za zbiranje, uporabo, hranjenje in morebitno posredovanje va\u0161ih osebnih podatkov, kot je opisano v tej politiki.<\/p>\n\n\n\n<p>Na\u010deloma va\u0161e osebne podatke potrebujemo za to, da se lahko izvr\u0161i prodajno pogodbo ali najemno pogodbo. Va\u0161e predhodno prostovoljno in nedvoumno soglasje za uporabo va\u0161ih podatkov je potrebno samo, \u010de se va\u0161i osebni podatki ne uporabljajo v povezavi z izvajanjem pogodbe, vklju\u010dno s povezanimi storitvami in tr\u017eenjem.<\/p>\n\n\n\n<p><strong>Va\u0161e osebne podatke uporabljamo za naslednje namene<\/strong><strong>:<\/strong><\/p>\n\n\n\n<p>1. povpra\u0161evanje za ponudbo, ki se nana\u0161a na pogodbo o nakupu, najemu ali usposabljanju, ali na pogodbo za nadomestne dele ali vzdr\u017eevanje delovnih dvi\u017enih plo\u0161\u010dadi, teleskopskih ko\u0161ar ali vili\u010darjev. Za ponudbo se lahko zaprosi prek na\u0161e spletne strani, po po\u0161ti, telefonsko ali po elektronski po\u0161ti (pred-pogodbena faza);<\/p>\n\n\n\n<p>2. izvr\u0161evanje pogodb, ki so omenjene v to\u010dki 1 (pogodbena faza);<\/p>\n\n\n\n<p>3. izra\u010dun in zapisovanje finan\u010dnih podatkov kot rezultat pogodbe, sklenjene z vami pod to\u010dko 1;<\/p>\n\n\n\n<p>4. za namene tr\u017eenja.&nbsp;To vklju\u010duje obve\u0161\u010danje o novih izdelkih, storitvah in prodajnih promocijah podjetja Riwal po tem, ko ste se registrirali na na\u0161i spletni strani. Ko se registrirate, nam posredujete va\u0161e nedvoumno in prostovoljno soglasje za uporabo va\u0161ega e-po\u0161tnega naslova za po\u0161iljanje novi\u010dk o izdelkih, storitvah in prodajnih akcijah podjetja Riwal;<\/p>\n\n\n\n<p>5. da vas obve\u0161\u010damo&nbsp;o na\u0161ih novih izdelkih in povezanih storitvah, pri \u010demer upo\u0161tevamo va\u0161e&nbsp;preference na osnovi kupljenih ali pridobljenih izdelkov in\/ali storitev, va\u0161e interese na osnovi va\u0161e uporabe spletnih strani in mobilnih spletnih mest, ki jih bele\u017eimo z va\u0161im soglasjem, vklju\u010dujo\u010d vse uporabljene aplikacije. To lahko storimo tudi prek ogla\u0161evalskih akcij na dru\u017ebenih medijih (Facebook in LinkedIn);<\/p>\n\n\n\n<p>6.&nbsp;izpolnjevanje na\u0161ih zakonskih obveznosti in zakonskih dav\u010dnih obveznosti;<\/p>\n\n\n\n<p>7.&nbsp;za razvoj in izbolj\u0161anje izdelkov in storitev za notranjo analizo in analizo spletne strani; in<\/p>\n\n\n\n<p>8. za obdelavo osebnih podatkov s programom Albacross, ki omogo\u010da izbolj\u0161ave storitev in uporabni\u0161ke izku\u0161nje na na\u0161i spletni strani (npr.&nbsp;<em>angl.<\/em>&nbsp;&#8220;Lead Generation&#8221;) tako, da v svojo bazo podatkov o podjetjih doda podatke. Baza podatkov Albacross bo poleg&nbsp;<em>\u201eLead Generation\u201c<\/em>&nbsp;uporabljena tudi za ciljno ogla\u0161evanje podjetij, v ta namen pa se bodo podatki posredovali tretjim ponudnikom podatkovnih storitev. Usmerjeno ogla\u0161evanje zadeva podjetja,&nbsp;ne pa posameznike.<\/p>\n\n\n\n<p><strong>\u010cigave osebne podatke obdelujemo<\/strong><\/p>\n\n\n\n<p>Obdelujemo (zbiramo, uporabljamo, hranimo, shranjujemo in delimo)&nbsp;osebne podatke strank, nekdanjih strank, potencialnih strank, dobaviteljev in obiskovalcev na na\u0161ih spletnih straneh in aplikacijah.<\/p>\n\n\n\n<p><strong>Kdo bo prejel va\u0161e osebne podatke<\/strong><strong>?<\/strong><\/p>\n\n\n\n<p>Osebne podatke posredujemo podjetjem samo, \u010de je to potrebno za in \u010de so ta podjetja vklju\u010dena v&nbsp; izvr\u0161evanje pogodbe med vami in podjetjem Riwal. Z vsemi temi podjetji imamo sklenjene pogodbe o obdelavi, ki dolo\u010dajo, katere aktivnosti se izvaja pod na\u0161im pooblastilom in v skladu z na\u0161imi navodili. Te dru\u017ebe ne smejo obdelovati ali uporabljati podatkov za svoje lastne namene ali za druge namene.<\/p>\n\n\n\n<p><strong>Odjava<\/strong><\/p>\n\n\n\n<p>\u010ce ne \u017eelite, da vas \u0161e naprej obve\u0161\u010damo o na\u0161ih novih izdelkih in povezanih storitvah in promocijah, se lahko kadar koli odjavite od prejemanja na\u0161ih novi\u010dk. To storite tako, da kliknete na povezavo za odjavo od na\u0161ih novi\u010dk ali po\u0161ljete elektronsko sporo\u010dilo na: info@riwal.com, z navedbo &#8220;Odjava od prejemanja novi\u010dk&#8221;. Poleg tega lahko sami kadarkoli prilagodite nastavitve pi\u0161kotka; ve\u010d o tem si preberite v razdelku \u00bbUporaba pi\u0161kotkov\u00ab.<\/p>\n\n\n\n<p><strong>Obdobje hranjenja va\u0161ih osebnih podatkov<\/strong><\/p>\n\n\n\n<p>Va\u0161ih osebnih podatkov ne bomo hranili dlje, kot je to potrebno za zgoraj navedene namene ali v skladu z zakonsko dolo\u010denim rokom.<\/p>\n\n\n\n<p><strong>Varnost<\/strong><\/p>\n\n\n\n<p>Sprejeli smo ustrezne tehni\u010dne in organizacijske ukrepe za za\u0161\u010dito va\u0161ih osebnih podatkov in za prepre\u010devanje nepoobla\u0161\u010denega dostopa do va\u0161ih osebnih podatkov. Te ukrepe se redno ocenjuje, prilagaja in posodablja, kjer je to potrebno.<\/p>\n\n\n\n<p>Na\u0161a spletna stran je zavarovana na tak na\u010din, da se osebne podatke, ki jih posredujete na na\u0161i spletni strani, po\u0161lje na\u0161i organizaciji prek varne povezave.<\/p>\n\n\n\n<p><strong>Uporaba pi\u0161kotkov<\/strong><\/p>\n\n\n\n<p>Pri ponudbi na\u0161ih izdelkov in storitev na spletnih straneh in aplikacijah uporabljamo pi\u0161kotke. Pi\u0161kotki so majhne podatkovne datoteke, ki jih spletna stran pusti na va\u0161i napravi (kot je va\u0161 ra\u010dunalnik). Spletna stran da navodila spletnemu brskalniku, ki ga uporabljate za ogled spletnih strani (kot je Internet Explorer), da shrani te pi\u0161kotke na va\u0161o napravo. Na spletnih straneh Riwala se uporablja \u0161tiri vrste pi\u0161kotkov:<\/p>\n\n\n\n<p>1. Funkcionalni pi\u0161kotki<\/p>\n\n\n\n<p>Funkcionalni pi\u0161kotki so potrebni za to, da na\u0161a spletna stran deluje. Funkcionalne pi\u0161kotke uporabljamo za olaj\u0161anje navigacije po na\u0161ih spletnih straneh in za shranjevanje dolo\u010denih uporabnikovih nastavitev ali preferenc, da bi optimizirali va\u0161o uporabo spletnih strani.<\/p>\n\n\n\n<p>2. Analiti\u010dni pi\u0161kotki<\/p>\n\n\n\n<p>Poleg tega Riwal uporablja analiti\u010dne pi\u0161kotke, s katerimi se meri, koliko obiskovalcev obi\u0161\u010de spletne strani in katere informacije si najpogosteje ogledujejo (kot na primer z uporabo Google Analytics). Zbrane statisti\u010dne informacije se uporablja za optimiziranje vsebine spletne strani ali spletnih sporo\u010dil glede na potrebe obiskovalcev.<\/p>\n\n\n\n<p>3. Ogla\u0161evalski pi\u0161kotki<\/p>\n\n\n\n<p>Nekateri oglasi na spletnih straneh tretjih oseb zasledujejo, kateri obiskovalci so brali oglase in katere strani so si obiskovalci ogledali. To omogo\u010da, da Riwal personalizira va\u0161 naslednji obisk in vam poka\u017ee ustrezne oglase. Te tretje osebe (vklju\u010dno Facebook prek&nbsp;<a href=\"https:\/\/www.facebook.com\/ads\/about\/?entry_product=ad_preferences\">https:\/\/www.facebook.com\/ads\/about\/?entry_product=ad_preferences<\/a>) vam dajejo mo\u017enost, da upravljate va\u0161e nastavitve zasebnosti in ogla\u0161evanja ter jih po potrebi prilagodite glede na va\u0161e \u017eelje.<\/p>\n\n\n\n<p>4. Pi\u0161kotki dru\u017ebenih medijev<\/p>\n\n\n\n<p>Riwal vam daje prilo\u017enost, da informacije na spletnih straneh in aplikacijah delite prek dru\u017ebenih medijev. Za ta namen lahko uporabljate gumbe za dru\u017ebene medije. \u010ce kliknete na enega od teh gumbov, boste preusmerjeni na spletno stran podjetja relevantnega dru\u017ebenega medija. Ko klikate, bodo ta podjetja name\u0161\u010dala pi\u0161kotke. Ta podjetja vam tudi nudijo mo\u017enost, da upravljate va\u0161e nastavitve zasebnosti in ogla\u0161evanja ter jih po potrebi prilagodite.<\/p>\n\n\n\n<p><strong>Pregled uporabljenih pi\u0161kotkov:<\/strong><\/p>\n\n\n\n<figure class=\"wp-block-table\"><table><tbody><tr><td><strong>Ime pi\u0161kotka<\/strong><\/td><td><strong>Opis<\/strong><\/td><td><strong>Trajanje hrambe<\/strong><\/td><\/tr><tr><td>.ASPXAUTH<\/td><td>Pi\u0161kotek ASPXAUTH se uporablja za ugotavljanje, ali je uporabnik avtoriziran. Pi\u0161kotek ne vsebuje na osebo vezanih podatkov. Ta pi\u0161kotek se uporablja za zagotavljanje funkcionalnosti spletne strani in izgine 30 minut potem, ko se brskalnik zapre.<\/td><td>Konec seje&nbsp;<\/td><\/tr><tr><td>ASP.NET_SessionId<\/td><td>Pi\u0161kotek, ki vsebuje podatke o seji uporabnika in ga stre\u017enik uporablja samo za zagotavljanje kontinuitete. Pi\u0161kotek ne vsebuje na osebo vezanih podatkov. Ta pi\u0161kotek se uporablja za zagotavljanje funkcionalnosti spletne strani in izgine 30 minut potem, ko se brskalnik zapre.<\/td><td>Konec seje&nbsp;<\/td><\/tr><tr><td>SC_ANALYTICS_GLOBAL_COOKIE<\/td><td>Ta naklju\u010dno izbrana \u0161tevilka nam pomaga, da vam po\u0161ljemo personalizirano vsebino. Poleg tega nam ta pi\u0161kotek pomaga generirati poro\u010dila o tem, kako uporabniki uporabljajo na\u0161o stran v sistemu upravljanja vsebine.<\/td><td>1 leto<\/td><\/tr><tr><td>SC_ANALYTICS_SESSION_COOKIE<\/td><td>Ta naklju\u010dno izbrana \u0161tevilka nam pomaga, da vam po\u0161ljemo personalizirano vsebino. Poleg tega nam pomaga generirati poro\u010dila o tem, kako obiskovalci uporabljajo na\u0161o spletno stran v okviru na\u0161ega sistema upravljanja vsebine.<\/td><td>Konec seje&nbsp;<\/td><\/tr><tr><td>_RequestVerificationToken<\/td><td>Pi\u0161kotek, ki je bil razvit z namenom za\u0161\u010dite na\u0161e spletne strani pred zlonamernimi napadi. Pi\u0161kotek ne vsebuje na osebo vezanih podatkov. Ta pi\u0161kotek se uporablja za zagotavljanje funkcionalnosti spletne strani in izgine 30 minut potem, ko se brskalnik zapre.<\/td><td>Konec seje&nbsp;<\/td><\/tr><tr><td>{sitename}#lang<\/td><td>Pi\u0161kotek za shranjevanje \u017eelenega jezika.<\/td><td>Konec seje<\/td><\/tr><tr><td>nQ_cookieId<br>nQ_visitId<\/td><td>Prepoznava uporabnikov na podlagi informacij, zbranih iz pi\u0161kotkov in uporabnikovega IP naslova. Dolo\u010ditev uporabni\u0161ke seje na podlagi informacij, zbranih iz pi\u0161kotkov in uporabnikovega IP naslova.<\/td><td>&nbsp;1 leto<\/td><\/tr><\/tbody><\/table><\/figure>\n\n\n\n<p><strong>Kako lahko upravljam in onemogo\u010dim pi\u0161kotke?<\/strong><\/p>\n\n\n\n<p>Kadar obi\u0161\u010dete spletno stran ali aplikacijo Riwala, lahko sami nastavite va\u0161e preference pi\u0161kotkov (z izjemo potrebnih pi\u0161kotkov, za katere se ne zahteva soglasja). Ve\u010dina internetnih brskalnikov je nastavljenih tako, da se pi\u0161kotke samodejno sprejme. Lahko spremenite nastavitve, da se blokira pi\u0161kotke ali da se vas opozori, kadar se pi\u0161kotke po\u0161ilja na va\u0161 ra\u010dunalnik. Zato si poglejte navodila za va\u0161 brskalnik, da boste izvedeti ve\u010d o tem, kako prilagoditi ali spremeniti va\u0161e nastavitve brskalnika.<\/p>\n\n\n\n<p>\u010ce za obisk spletnih strani ali aplikacij Riwala uporabljate razli\u010dne naprave, morate zagotoviti, da je vsak brskalnik na vsaki napravi prilagojen va\u0161im preferencam pi\u0161kotkov. \u010ce onemogo\u010dite pi\u0161kotke, ki jih uporablja Riwal ali nastavite te pi\u0161kotke na va\u0161e preference zasebnosti, lahko to vpliva na va\u0161e izku\u0161nje s spletnimi stranmi in aplikacijami Riwala.<\/p>\n\n\n\n<p><strong>Izklju\u010ditev odgovornosti<\/strong><\/p>\n\n\n\n<p>Spletne strani in aplikacije Riwala vsebujejo povezave do drugih spletnih strani in mo\u017enih ogla\u0161evalcev, vklju\u010dujo\u010d&nbsp;Google, Facebook, LinkedIn in Albacross.<\/p>\n\n\n\n<p>Za upravljanje po\u0161iljanja na\u0161ih novi\u010dk smo vklju\u010dili tretjo osebo, Emark. Novi\u010dke po\u0161iljamo samo, \u010de ste se registrirali za to in v katerem koli trenutku se lahko odjavite.<\/p>\n\n\n\n<p>Riwal ni odgovoren ali zavezan za zadeve zasebnosti, ki se lahko pojavijo v zvezi s tem. Prav tako nismo odgovorni za vsebino, varnost ali lastnino spletnih strani teh tretjih oseb. Zato vam svetujemo, da si ve\u010dkrat preberete politiko zasebnosti teh podjetij. Kjer je le mogo\u010de, lahko va\u0161e nastavitve zasebnosti prilagodite va\u0161im osebnim preferencam.<\/p>\n\n\n\n<p><strong>Varstvo osebnih podatkov<\/strong><\/p>\n\n\n\n<p>Riwal je odgovoren za varno shranjevanje in prenos podatkov iz va\u0161ega ra\u010dunalnika na na\u0161e stre\u017enike. Ti stre\u017eniki se nahajajo na Nizozemskem in, v vsakem primeru, vse evropske dr\u017eave v skladu z zakonom nudijo zadostno in primerno raven za\u0161\u010dite. Tudi Riwal je sprejel ustrezne tehni\u010dne in organizacijske ukrepe za za\u0161\u010dito va\u0161ih osebnih podatkov pred izgubo ali kakr\u0161no koli obliko nezakonite obdelave. \u010ce Riwal sodeluje s podjetji izven Evrope, bomo osebne podatke posredovali samo v primeru, \u010de obstaja podobna raven za\u0161\u010dite ali samo z va\u0161im predhodnim izrecnim soglasjem.<\/p>\n\n\n\n<p><strong>Otroci<\/strong><\/p>\n\n\n\n<p>Izdelki in povezane storitve podjetja Riwal niso namenjene otrokom. \u010ce ste mlaj\u0161i od 16 let (mladoletni), ne morete uporabljati na\u0161ih storitev.<\/p>\n\n\n\n<p><strong>Va\u0161e pravice<\/strong><\/p>\n\n\n\n<p>V vsakem trenutku lahko zahtevate dostop do ali spremembo ali brisanje va\u0161ih osebnih podatkov. Prek elektronskega naslova info@riwal.com se lahko kadar koli odjavite od katere koli marketin\u0161ke akcije, vklju\u010dujo\u010d tudi na\u0161e novi\u010dke. Poleg tega lahko prilagodite va\u0161e nastavitve pi\u0161kotkov na spletnih straneh Riwala.<\/p>\n\n\n\n<p>&nbsp; Va\u0161a odgovornost je, da zagotovite, da so vse informacije, ki jih posredujete Riwalu, to\u010dne in posodobljene.<\/p>\n\n\n\n<p>Kon\u010dno, imate pravico, da vlo\u017eite prito\u017ebo pri&nbsp;nizozemskem organu za varstvo podatkov&nbsp;Dutch Data Protection Authority (Autoriteit Persoonsgegevens), \u010de se ne strinjate z na\u010dinom, kako Riwal ravna z va\u0161imi osebnimi podatki.<\/p>\n\n\n\n<p>\u010ce imate dodatna vpra\u0161anja o tej Politiki o zasebnosti in pi\u0161kotkih ali kako se le-ta uporablja na tej spletni strani, nam pi\u0161ite na naslov:<\/p>\n\n\n\n<p>\u0160martinska censta 32<\/p>\n\n\n\n<p>1000 Ljubljana<\/p>\n\n\n\n<p>privacy@riwal.com<\/p>\n\n\n\n<p><strong>Spremembe te Politike o zasebnosti in pi\u0161kotkih<\/strong><\/p>\n\n\n\n<p>Vsako spremembo te Politike o zasebnosti in pi\u0161kotkih bo Riwal objavil prek spletnih strani. Riwal vam zato svetuje, da redno pregledujete Politiko o zasebnosti in pi\u0161kotkih na na\u0161ih spletnih straneh, tako da boste vedno seznanjeni z vsemi spremembami.<\/p>\n\n\n\n<p>Za to Politiko o zasebnosti in pi\u0161kotkih veljajo zakoni Nizozemske. Ta politika je bila nazadnje spremenjena v maju 2018.<\/p>\n\n\n\n<p><\/p>\n\n\n\n<p>.\u00a0<\/p>\n<\/div>\n\n\n\n<div class=\"wp-block-column is-layout-flow wp-block-column-is-layout-flow\" style=\"flex-basis:33.33%\"><\/div>\n<\/div>\n<\/div>\n\t\t\t\t\t\t\t<\/div> ","protected":false},"excerpt":{"rendered":"<p>IZJAVA O ZASEBNOSTI SKUPINE RIWAL HOLDING GROUP BV Ta Politika o zasebnosti in pi\u0161kotkih velja za stranke, nekdanje stranke, potencialne stranke,&nbsp;dobavitelje in obiskovalce vseh spletnih strani in mobilnih spletnih mest, ki jih&nbsp;upravlja Riwal najem opreme, d.o.o. (www.riwal.si, Riwal Access4U in Riwal Rental App).&nbsp;Lastnik te spletne strani je&nbsp;Riwal najem opreme, d.o.o., ki ima sede\u017e v Ljubljani, &hellip; <a href=\"https:\/\/www.riwal.com\/sl\/politika-varstva-osebnih-podatkov\/\">Se nadaljuje<\/a><\/p>\n","protected":false},"author":45,"featured_media":0,"parent":0,"menu_order":0,"comment_status":"closed","ping_status":"closed","template":"","meta":{"_acf_changed":false,"footnotes":""},"class_list":["post-4274","page","type-page","status-publish","hentry"],"acf":[],"yoast_head":"<!-- This site is optimized with the Yoast SEO Premium plugin v27.1 (Yoast SEO v27.1.1) - https:\/\/yoast.com\/product\/yoast-seo-premium-wordpress\/ -->\n<title>Politika varstva osebnih podatkov - Riwal Slovenija<\/title>\n<meta name=\"robots\" content=\"index, follow, max-snippet:-1, max-image-preview:large, max-video-preview:-1\" \/>\n<link rel=\"canonical\" href=\"https:\/\/www.riwal.com\/sl\/politika-varstva-osebnih-podatkov\/\" \/>\n<meta property=\"og:locale\" content=\"sl_SI\" \/>\n<meta property=\"og:type\" content=\"article\" \/>\n<meta property=\"og:title\" content=\"Politika varstva osebnih podatkov\" \/>\n<meta property=\"og:description\" content=\"IZJAVA O ZASEBNOSTI SKUPINE RIWAL HOLDING GROUP BV Ta Politika o zasebnosti in pi\u0161kotkih velja za stranke, nekdanje stranke, potencialne stranke,&nbsp;dobavitelje in obiskovalce vseh spletnih strani in mobilnih spletnih mest, ki jih&nbsp;upravlja Riwal najem opreme, d.o.o. (www.riwal.si, Riwal Access4U in Riwal Rental App).&nbsp;Lastnik te spletne strani je&nbsp;Riwal najem opreme, d.o.o., ki ima sede\u017e v Ljubljani, &hellip; Se nadaljuje\" \/>\n<meta property=\"og:url\" content=\"https:\/\/www.riwal.com\/sl\/politika-varstva-osebnih-podatkov\/\" \/>\n<meta property=\"og:site_name\" content=\"Riwal Slovenija\" \/>\n<meta property=\"article:modified_time\" content=\"2024-01-21T13:18:23+00:00\" \/>\n<meta name=\"twitter:card\" content=\"summary_large_image\" \/>\n<meta name=\"twitter:label1\" content=\"Est. reading time\" \/>\n\t<meta name=\"twitter:data1\" content=\"11 minut\" \/>\n<script type=\"application\/ld+json\" class=\"yoast-schema-graph\">{\"@context\":\"https:\/\/schema.org\",\"@graph\":[{\"@type\":\"WebPage\",\"@id\":\"https:\/\/www.riwal.com\/sl\/politika-varstva-osebnih-podatkov\/\",\"url\":\"https:\/\/www.riwal.com\/sl\/politika-varstva-osebnih-podatkov\/\",\"name\":\"Politika varstva osebnih podatkov - Riwal Slovenija\",\"isPartOf\":{\"@id\":\"https:\/\/www.riwal.com\/sl\/#website\"},\"datePublished\":\"2023-10-14T21:26:57+00:00\",\"dateModified\":\"2024-01-21T13:18:23+00:00\",\"breadcrumb\":{\"@id\":\"https:\/\/www.riwal.com\/sl\/politika-varstva-osebnih-podatkov\/#breadcrumb\"},\"inLanguage\":\"sl-SI\",\"potentialAction\":[{\"@type\":\"ReadAction\",\"target\":[\"https:\/\/www.riwal.com\/sl\/politika-varstva-osebnih-podatkov\/\"]}]},{\"@type\":\"BreadcrumbList\",\"@id\":\"https:\/\/www.riwal.com\/sl\/politika-varstva-osebnih-podatkov\/#breadcrumb\",\"itemListElement\":[{\"@type\":\"ListItem\",\"position\":1,\"name\":\"Domov\",\"item\":\"https:\/\/www.riwal.com\/sl\/\"},{\"@type\":\"ListItem\",\"position\":2,\"name\":\"Politika varstva osebnih podatkov\"}]},{\"@type\":\"WebSite\",\"@id\":\"https:\/\/www.riwal.com\/sl\/#website\",\"url\":\"https:\/\/www.riwal.com\/sl\/\",\"name\":\"Riwal\",\"description\":\"Arial work platform &amp; Telehandler Rental\/Sales\",\"publisher\":{\"@id\":\"https:\/\/www.riwal.com\/sl\/#organization\"},\"potentialAction\":[{\"@type\":\"SearchAction\",\"target\":{\"@type\":\"EntryPoint\",\"urlTemplate\":\"https:\/\/www.riwal.com\/sl\/?s={search_term_string}\"},\"query-input\":{\"@type\":\"PropertyValueSpecification\",\"valueRequired\":true,\"valueName\":\"search_term_string\"}}],\"inLanguage\":\"sl-SI\"},{\"@type\":\"Organization\",\"@id\":\"https:\/\/www.riwal.com\/sl\/#organization\",\"name\":\"Riwal\",\"url\":\"https:\/\/www.riwal.com\/sl\/\",\"logo\":{\"@type\":\"ImageObject\",\"inLanguage\":\"sl-SI\",\"@id\":\"https:\/\/www.riwal.com\/sl\/#\/schema\/logo\/image\/\",\"url\":\"\",\"contentUrl\":\"\",\"caption\":\"Riwal\"},\"image\":{\"@id\":\"https:\/\/www.riwal.com\/sl\/#\/schema\/logo\/image\/\"}}]}<\/script>\n<!-- \/ Yoast SEO Premium plugin. -->","yoast_head_json":{"title":"Politika varstva osebnih podatkov - Riwal Slovenija","robots":{"index":"index","follow":"follow","max-snippet":"max-snippet:-1","max-image-preview":"max-image-preview:large","max-video-preview":"max-video-preview:-1"},"canonical":"https:\/\/www.riwal.com\/sl\/politika-varstva-osebnih-podatkov\/","og_locale":"sl_SI","og_type":"article","og_title":"Politika varstva osebnih podatkov","og_description":"IZJAVA O ZASEBNOSTI SKUPINE RIWAL HOLDING GROUP BV Ta Politika o zasebnosti in pi\u0161kotkih velja za stranke, nekdanje stranke, potencialne stranke,&nbsp;dobavitelje in obiskovalce vseh spletnih strani in mobilnih spletnih mest, ki jih&nbsp;upravlja Riwal najem opreme, d.o.o. (www.riwal.si, Riwal Access4U in Riwal Rental App).&nbsp;Lastnik te spletne strani je&nbsp;Riwal najem opreme, d.o.o., ki ima sede\u017e v Ljubljani, &hellip; Se nadaljuje","og_url":"https:\/\/www.riwal.com\/sl\/politika-varstva-osebnih-podatkov\/","og_site_name":"Riwal Slovenija","article_modified_time":"2024-01-21T13:18:23+00:00","twitter_card":"summary_large_image","twitter_misc":{"Est. reading time":"11 minut"},"schema":{"@context":"https:\/\/schema.org","@graph":[{"@type":"WebPage","@id":"https:\/\/www.riwal.com\/sl\/politika-varstva-osebnih-podatkov\/","url":"https:\/\/www.riwal.com\/sl\/politika-varstva-osebnih-podatkov\/","name":"Politika varstva osebnih podatkov - Riwal Slovenija","isPartOf":{"@id":"https:\/\/www.riwal.com\/sl\/#website"},"datePublished":"2023-10-14T21:26:57+00:00","dateModified":"2024-01-21T13:18:23+00:00","breadcrumb":{"@id":"https:\/\/www.riwal.com\/sl\/politika-varstva-osebnih-podatkov\/#breadcrumb"},"inLanguage":"sl-SI","potentialAction":[{"@type":"ReadAction","target":["https:\/\/www.riwal.com\/sl\/politika-varstva-osebnih-podatkov\/"]}]},{"@type":"BreadcrumbList","@id":"https:\/\/www.riwal.com\/sl\/politika-varstva-osebnih-podatkov\/#breadcrumb","itemListElement":[{"@type":"ListItem","position":1,"name":"Domov","item":"https:\/\/www.riwal.com\/sl\/"},{"@type":"ListItem","position":2,"name":"Politika varstva osebnih podatkov"}]},{"@type":"WebSite","@id":"https:\/\/www.riwal.com\/sl\/#website","url":"https:\/\/www.riwal.com\/sl\/","name":"Riwal","description":"Arial work platform &amp; Telehandler Rental\/Sales","publisher":{"@id":"https:\/\/www.riwal.com\/sl\/#organization"},"potentialAction":[{"@type":"SearchAction","target":{"@type":"EntryPoint","urlTemplate":"https:\/\/www.riwal.com\/sl\/?s={search_term_string}"},"query-input":{"@type":"PropertyValueSpecification","valueRequired":true,"valueName":"search_term_string"}}],"inLanguage":"sl-SI"},{"@type":"Organization","@id":"https:\/\/www.riwal.com\/sl\/#organization","name":"Riwal","url":"https:\/\/www.riwal.com\/sl\/","logo":{"@type":"ImageObject","inLanguage":"sl-SI","@id":"https:\/\/www.riwal.com\/sl\/#\/schema\/logo\/image\/","url":"","contentUrl":"","caption":"Riwal"},"image":{"@id":"https:\/\/www.riwal.com\/sl\/#\/schema\/logo\/image\/"}}]}},"_links":{"self":[{"href":"https:\/\/www.riwal.com\/sl\/wp-json\/wp\/v2\/pages\/4274","targetHints":{"allow":["GET"]}}],"collection":[{"href":"https:\/\/www.riwal.com\/sl\/wp-json\/wp\/v2\/pages"}],"about":[{"href":"https:\/\/www.riwal.com\/sl\/wp-json\/wp\/v2\/types\/page"}],"author":[{"embeddable":true,"href":"https:\/\/www.riwal.com\/sl\/wp-json\/wp\/v2\/users\/45"}],"replies":[{"embeddable":true,"href":"https:\/\/www.riwal.com\/sl\/wp-json\/wp\/v2\/comments?post=4274"}],"version-history":[{"count":1,"href":"https:\/\/www.riwal.com\/sl\/wp-json\/wp\/v2\/pages\/4274\/revisions"}],"predecessor-version":[{"id":4275,"href":"https:\/\/www.riwal.com\/sl\/wp-json\/wp\/v2\/pages\/4274\/revisions\/4275"}],"wp:attachment":[{"href":"https:\/\/www.riwal.com\/sl\/wp-json\/wp\/v2\/media?parent=4274"}],"curies":[{"name":"wp","href":"https:\/\/api.w.org\/{rel}","templated":true}]}}