{"id":427,"date":"2023-04-21T12:12:55","date_gmt":"2023-04-21T12:12:55","guid":{"rendered":"https:\/\/www.riwal.com\/en\/?page_id=427"},"modified":"2024-10-02T13:35:10","modified_gmt":"2024-10-02T11:35:10","slug":"zaposlitev","status":"publish","type":"page","link":"https:\/\/www.riwal.com\/sl\/zaposlitev\/","title":{"rendered":"Zaposlitev"},"content":{"rendered":"\n<div class=\"wp-block-rental-theme-header\">\n\t<div class=\"wp-block-rental-theme-header__lines\">\n\t\t<svg width=\"726\" height=\"442\" viewBox=\"0 0 726 442\" fill=\"none\" xmlns=\"http:\/\/www.w3.org\/2000\/svg\"><g opacity=\".5\"><mask id=\"path-1-inside-1_1_2\" fill=\"#fff\"><path fill-rule=\"evenodd\" clip-rule=\"evenodd\" d=\"M441.458.5H284.542L0 285.042v156.917l156.917-.001L363 235.876l206.083 206.082 156.917.001V285.042L441.458.5Z\"\/><\/mask><path d=\"M284.542.5v-1h-.415l-.292.293.707.707Zm156.916 0 .708-.707-.293-.293h-.415v1ZM0 285.042l-.707-.708-.293.293v.415h1Zm0 156.917h-1v1h1v-1Zm156.917-.001v1h.414l.293-.292-.707-.708ZM363 235.876l.707-.708-.707-.707-.707.707.707.708Zm206.083 206.082-.707.708.293.292h.414v-1Zm156.917.001v1h1v-1h-1Zm0-156.917h1v-.415l-.293-.293-.707.708ZM284.542 1.5h156.916v-2H284.542v2ZM.707 285.749 285.25 1.207l-1.414-1.414L-.707 284.334l1.414 1.415ZM1 441.959V285.042h-2v156.917h2Zm155.917-1.001L0 440.959v2l156.917-.001v-2Zm205.376-205.79L156.21 441.251l1.414 1.415 206.083-206.083-1.414-1.415Zm0 1.415 206.083 206.083 1.414-1.415-206.083-206.083-1.414 1.415Zm206.79 206.375 156.917.001v-2l-156.917-.001v2ZM727 441.959V285.042h-2v156.917h2Zm-.293-157.625L442.166-.206l-1.415 1.413L725.293 285.75l1.414-1.415Z\" fill=\"#5B728B\" mask=\"url(#path-1-inside-1_1_2)\"\/><\/g><\/svg>\t\t<svg width=\"726\" height=\"442\" viewBox=\"0 0 726 442\" fill=\"none\" xmlns=\"http:\/\/www.w3.org\/2000\/svg\"><g opacity=\".5\"><mask id=\"path-1-inside-1_1_2\" fill=\"#fff\"><path fill-rule=\"evenodd\" clip-rule=\"evenodd\" d=\"M441.458.5H284.542L0 285.042v156.917l156.917-.001L363 235.876l206.083 206.082 156.917.001V285.042L441.458.5Z\"\/><\/mask><path d=\"M284.542.5v-1h-.415l-.292.293.707.707Zm156.916 0 .708-.707-.293-.293h-.415v1ZM0 285.042l-.707-.708-.293.293v.415h1Zm0 156.917h-1v1h1v-1Zm156.917-.001v1h.414l.293-.292-.707-.708ZM363 235.876l.707-.708-.707-.707-.707.707.707.708Zm206.083 206.082-.707.708.293.292h.414v-1Zm156.917.001v1h1v-1h-1Zm0-156.917h1v-.415l-.293-.293-.707.708ZM284.542 1.5h156.916v-2H284.542v2ZM.707 285.749 285.25 1.207l-1.414-1.414L-.707 284.334l1.414 1.415ZM1 441.959V285.042h-2v156.917h2Zm155.917-1.001L0 440.959v2l156.917-.001v-2Zm205.376-205.79L156.21 441.251l1.414 1.415 206.083-206.083-1.414-1.415Zm0 1.415 206.083 206.083 1.414-1.415-206.083-206.083-1.414 1.415Zm206.79 206.375 156.917.001v-2l-156.917-.001v2ZM727 441.959V285.042h-2v156.917h2Zm-.293-157.625L442.166-.206l-1.415 1.413L725.293 285.75l1.414-1.415Z\" fill=\"#5B728B\" mask=\"url(#path-1-inside-1_1_2)\"\/><\/g><\/svg>\t<\/div>\n\t<img fetchpriority=\"high\" decoding=\"async\" width=\"600\" height=\"300\" src=\"https:\/\/eqsk4m2dkju.exactdn.com\/app\/uploads\/sites\/10\/2023\/09\/RiwalJobsTeaser.webp?strip=all&amp;quality=92&amp;webp=92&amp;avif=80&amp;sharp=1\" class=\"wp-block-rental-theme-header__image wp-block-rental-theme-header__image--desktop\" alt=\"\" loading=\"eager\" srcset=\"https:\/\/eqsk4m2dkju.exactdn.com\/app\/uploads\/sites\/10\/2023\/09\/RiwalJobsTeaser.webp?strip=all&amp;quality=92&amp;webp=92&amp;avif=80&amp;sharp=1 600w, https:\/\/eqsk4m2dkju.exactdn.com\/app\/uploads\/sites\/10\/2023\/09\/RiwalJobsTeaser-300x150.webp?strip=all&amp;quality=92&amp;webp=92&amp;avif=80&amp;sharp=1 300w, https:\/\/eqsk4m2dkju.exactdn.com\/app\/uploads\/sites\/10\/2023\/09\/RiwalJobsTeaser-178x89.webp?strip=all&amp;quality=92&amp;webp=92&amp;avif=80&amp;sharp=1 178w, https:\/\/eqsk4m2dkju.exactdn.com\/app\/uploads\/sites\/10\/2023\/09\/RiwalJobsTeaser-390x195.webp?strip=all&amp;quality=92&amp;webp=92&amp;avif=80&amp;sharp=1 390w, https:\/\/eqsk4m2dkju.exactdn.com\/app\/uploads\/sites\/10\/2023\/09\/RiwalJobsTeaser-250x125.webp?strip=all&amp;quality=92&amp;webp=92&amp;avif=80&amp;sharp=1 250w, https:\/\/eqsk4m2dkju.exactdn.com\/app\/uploads\/sites\/10\/2023\/09\/RiwalJobsTeaser.webp?strip=all&amp;quality=92&amp;webp=92&amp;avif=80&amp;sharp=1&amp;w=120 120w, https:\/\/eqsk4m2dkju.exactdn.com\/app\/uploads\/sites\/10\/2023\/09\/RiwalJobsTeaser.webp?strip=all&amp;quality=92&amp;webp=92&amp;avif=80&amp;sharp=1&amp;w=480 480w\" sizes=\"(max-width: 600px) 100vw, 600px\" \/>\t\t<div class=\"container\">\n\t\t<h1 class='wp-block-rental-theme-header__title' style='position: absolute; min-height: 120px'>Pridru\u017eite se na\u0161i ekipi<\/h1>\t<\/div>\n<\/div>\n\n\n<div class=\"rental-wp-default-block rental-theme-block-default-margin\">\n\t\t\t\t\t\t\t\t<div class=\"container\"><\/div>\n\t\t\t\t\t\t\t<\/div> \n\n<div class=\"rental-wp-default-block rental-theme-block-default-margin\">\n\t\t\t\t\t\t\t\t<div class=\"container\">\n<div class=\"wp-block-columns is-layout-flex wp-container-core-columns-is-layout-28f84493 wp-block-columns-is-layout-flex\">\n<div class=\"wp-block-column is-layout-flow wp-block-column-is-layout-flow\">\n<div class=\"wp-block-columns is-layout-flex wp-container-core-columns-is-layout-28f84493 wp-block-columns-is-layout-flex\">\n<div class=\"wp-block-column is-layout-flow wp-block-column-is-layout-flow\"><\/div>\n<\/div>\n<\/div>\n<\/div>\n<\/div>\n\t\t\t\t\t\t\t<\/div> \n\n<div class=\"rental-wp-default-block rental-theme-block-default-margin\">\n\t\t\t\t\t\t\t\t<div class=\"container\">\n<div class=\"wp-block-columns image-text__columns is-layout-flex wp-container-core-columns-is-layout-28f84493 wp-block-columns-is-layout-flex\">\n<div class=\"wp-block-column image-text__column is-layout-flow wp-block-column-is-layout-flow\">\n<figure class=\"wp-block-image size-full is-resized\"><img decoding=\"async\" src=\"https:\/\/eqsk4m2dkju.exactdn.com\/app\/themes\/rental\/dist\/images\/double-image-example.jpg?strip=all&quality=92&webp=92&avif=80&sharp=1&w=1920\" alt=\"\" class=\"wp-image-253\" style=\"width:628px;height:628px\" \/><\/figure>\n<\/div>\n\n\n\n<div class=\"wp-block-column is-vertically-aligned-top has-primary-color has-text-color is-layout-flow wp-block-column-is-layout-flow\">\n<h2 class=\"wp-block-heading\" id=\"h-zaposlitev-pri-riwalu\">Zaposlitev pri Riwalu<\/h2>\n\n\n\n<p>Zaposlitev v podjetju RIWAL pomeni delati v mo\u010dnem, dinami\u010dnem, mednarodnem in hitro rasto\u010dem podjetju z 2.200 zaposlenimi. Kultura podjetja Riwal ima svoje temelje v podjetni\u0161kih inovativnostih, ponosu, vztrajnosti, dobrem odnosu, trdem delu, pragmati\u010dnem razmi\u0161ljanju in zvestimi zaposlenimi. Visoko cenimo predanost in nagradimo lastne pobude, medtem ko ponujamo \u0161tevilne prilo\u017enosti za rast in razvoj.<\/p>\n\n\n\n<div class=\"wp-block-buttons is-content-justification-left is-layout-flex wp-container-core-buttons-is-layout-fc4fd283 wp-block-buttons-is-layout-flex\">\n<div class=\"wp-block-button\"><a class=\"wp-block-button__link wp-element-button\" href=\"https:\/\/www.riwal.com\/sl\/delovna-mesta\/\">Prosta delovna mesta<\/a><\/div>\n<\/div>\n\n\n\n<p>Kontakt za upravljanje s \u010dlove\u0161kimi viri:<\/p>\n\n\n\n<p>Breda Ri\u010dnik<br>breda.ricnik@riwal.com<\/p>\n<\/div>\n<\/div>\n<\/div>\n\t\t\t\t\t\t\t<\/div> ","protected":false},"excerpt":{"rendered":"<p>Zaposlitev pri Riwalu Zaposlitev v podjetju RIWAL pomeni delati v mo\u010dnem, dinami\u010dnem, mednarodnem in hitro rasto\u010dem podjetju z 2.200 zaposlenimi. Kultura podjetja Riwal ima svoje temelje v podjetni\u0161kih inovativnostih, ponosu, vztrajnosti, dobrem odnosu, trdem delu, pragmati\u010dnem razmi\u0161ljanju in zvestimi zaposlenimi. Visoko cenimo predanost in nagradimo lastne pobude, medtem ko ponujamo \u0161tevilne prilo\u017enosti za rast in &hellip; <a href=\"https:\/\/www.riwal.com\/sl\/zaposlitev\/\">Se nadaljuje<\/a><\/p>\n","protected":false},"author":6,"featured_media":0,"parent":0,"menu_order":0,"comment_status":"closed","ping_status":"closed","template":"","meta":{"_acf_changed":false,"footnotes":""},"class_list":["post-427","page","type-page","status-publish","hentry"],"acf":[],"yoast_head":"<!-- This site is optimized with the Yoast SEO Premium plugin v27.1 (Yoast SEO v27.1.1) - https:\/\/yoast.com\/product\/yoast-seo-premium-wordpress\/ -->\n<title>Zaposlitev - Riwal Slovenija<\/title>\n<meta name=\"robots\" content=\"index, follow, max-snippet:-1, max-image-preview:large, max-video-preview:-1\" \/>\n<link rel=\"canonical\" href=\"https:\/\/www.riwal.com\/sl\/zaposlitev\/\" \/>\n<meta property=\"og:locale\" content=\"sl_SI\" \/>\n<meta property=\"og:type\" content=\"article\" \/>\n<meta property=\"og:title\" content=\"Zaposlitev\" \/>\n<meta property=\"og:description\" content=\"Zaposlitev pri Riwalu Zaposlitev v podjetju RIWAL pomeni delati v mo\u010dnem, dinami\u010dnem, mednarodnem in hitro rasto\u010dem podjetju z 2.200 zaposlenimi. Kultura podjetja Riwal ima svoje temelje v podjetni\u0161kih inovativnostih, ponosu, vztrajnosti, dobrem odnosu, trdem delu, pragmati\u010dnem razmi\u0161ljanju in zvestimi zaposlenimi. Visoko cenimo predanost in nagradimo lastne pobude, medtem ko ponujamo \u0161tevilne prilo\u017enosti za rast in &hellip; Se nadaljuje\" \/>\n<meta property=\"og:url\" content=\"https:\/\/www.riwal.com\/sl\/zaposlitev\/\" \/>\n<meta property=\"og:site_name\" content=\"Riwal Slovenija\" \/>\n<meta property=\"article:modified_time\" content=\"2024-10-02T11:35:10+00:00\" \/>\n<meta property=\"og:image\" content=\"https:\/\/www.riwal.com\/app\/themes\/rental\/dist\/images\/double-image-example.jpg\" \/>\n<meta name=\"twitter:card\" content=\"summary_large_image\" \/>\n<meta name=\"twitter:label1\" content=\"Est. reading time\" \/>\n\t<meta name=\"twitter:data1\" content=\"1 minuta\" \/>\n<script type=\"application\/ld+json\" class=\"yoast-schema-graph\">{\"@context\":\"https:\/\/schema.org\",\"@graph\":[{\"@type\":\"WebPage\",\"@id\":\"https:\/\/www.riwal.com\/sl\/zaposlitev\/\",\"url\":\"https:\/\/www.riwal.com\/sl\/zaposlitev\/\",\"name\":\"Zaposlitev - Riwal Slovenija\",\"isPartOf\":{\"@id\":\"https:\/\/www.riwal.com\/sl\/#website\"},\"primaryImageOfPage\":{\"@id\":\"https:\/\/www.riwal.com\/sl\/zaposlitev\/#primaryimage\"},\"image\":{\"@id\":\"https:\/\/www.riwal.com\/sl\/zaposlitev\/#primaryimage\"},\"thumbnailUrl\":\"https:\/\/www.riwal.com\/app\/themes\/rental\/dist\/images\/double-image-example.jpg\",\"datePublished\":\"2023-04-21T12:12:55+00:00\",\"dateModified\":\"2024-10-02T11:35:10+00:00\",\"breadcrumb\":{\"@id\":\"https:\/\/www.riwal.com\/sl\/zaposlitev\/#breadcrumb\"},\"inLanguage\":\"sl-SI\",\"potentialAction\":[{\"@type\":\"ReadAction\",\"target\":[\"https:\/\/www.riwal.com\/sl\/zaposlitev\/\"]}]},{\"@type\":\"ImageObject\",\"inLanguage\":\"sl-SI\",\"@id\":\"https:\/\/www.riwal.com\/sl\/zaposlitev\/#primaryimage\",\"url\":\"https:\/\/www.riwal.com\/app\/themes\/rental\/dist\/images\/double-image-example.jpg\",\"contentUrl\":\"https:\/\/www.riwal.com\/app\/themes\/rental\/dist\/images\/double-image-example.jpg\"},{\"@type\":\"BreadcrumbList\",\"@id\":\"https:\/\/www.riwal.com\/sl\/zaposlitev\/#breadcrumb\",\"itemListElement\":[{\"@type\":\"ListItem\",\"position\":1,\"name\":\"Domov\",\"item\":\"https:\/\/www.riwal.com\/sl\/\"},{\"@type\":\"ListItem\",\"position\":2,\"name\":\"Zaposlitev\"}]},{\"@type\":\"WebSite\",\"@id\":\"https:\/\/www.riwal.com\/sl\/#website\",\"url\":\"https:\/\/www.riwal.com\/sl\/\",\"name\":\"Riwal\",\"description\":\"Arial work platform &amp; Telehandler Rental\/Sales\",\"publisher\":{\"@id\":\"https:\/\/www.riwal.com\/sl\/#organization\"},\"potentialAction\":[{\"@type\":\"SearchAction\",\"target\":{\"@type\":\"EntryPoint\",\"urlTemplate\":\"https:\/\/www.riwal.com\/sl\/?s={search_term_string}\"},\"query-input\":{\"@type\":\"PropertyValueSpecification\",\"valueRequired\":true,\"valueName\":\"search_term_string\"}}],\"inLanguage\":\"sl-SI\"},{\"@type\":\"Organization\",\"@id\":\"https:\/\/www.riwal.com\/sl\/#organization\",\"name\":\"Riwal\",\"url\":\"https:\/\/www.riwal.com\/sl\/\",\"logo\":{\"@type\":\"ImageObject\",\"inLanguage\":\"sl-SI\",\"@id\":\"https:\/\/www.riwal.com\/sl\/#\/schema\/logo\/image\/\",\"url\":\"\",\"contentUrl\":\"\",\"caption\":\"Riwal\"},\"image\":{\"@id\":\"https:\/\/www.riwal.com\/sl\/#\/schema\/logo\/image\/\"}}]}<\/script>\n<!-- \/ Yoast SEO Premium plugin. -->","yoast_head_json":{"title":"Zaposlitev - Riwal Slovenija","robots":{"index":"index","follow":"follow","max-snippet":"max-snippet:-1","max-image-preview":"max-image-preview:large","max-video-preview":"max-video-preview:-1"},"canonical":"https:\/\/www.riwal.com\/sl\/zaposlitev\/","og_locale":"sl_SI","og_type":"article","og_title":"Zaposlitev","og_description":"Zaposlitev pri Riwalu Zaposlitev v podjetju RIWAL pomeni delati v mo\u010dnem, dinami\u010dnem, mednarodnem in hitro rasto\u010dem podjetju z 2.200 zaposlenimi. Kultura podjetja Riwal ima svoje temelje v podjetni\u0161kih inovativnostih, ponosu, vztrajnosti, dobrem odnosu, trdem delu, pragmati\u010dnem razmi\u0161ljanju in zvestimi zaposlenimi. Visoko cenimo predanost in nagradimo lastne pobude, medtem ko ponujamo \u0161tevilne prilo\u017enosti za rast in &hellip; Se nadaljuje","og_url":"https:\/\/www.riwal.com\/sl\/zaposlitev\/","og_site_name":"Riwal Slovenija","article_modified_time":"2024-10-02T11:35:10+00:00","og_image":[{"url":"https:\/\/www.riwal.com\/app\/themes\/rental\/dist\/images\/double-image-example.jpg","type":"","width":"","height":""}],"twitter_card":"summary_large_image","twitter_misc":{"Est. reading time":"1 minuta"},"schema":{"@context":"https:\/\/schema.org","@graph":[{"@type":"WebPage","@id":"https:\/\/www.riwal.com\/sl\/zaposlitev\/","url":"https:\/\/www.riwal.com\/sl\/zaposlitev\/","name":"Zaposlitev - Riwal Slovenija","isPartOf":{"@id":"https:\/\/www.riwal.com\/sl\/#website"},"primaryImageOfPage":{"@id":"https:\/\/www.riwal.com\/sl\/zaposlitev\/#primaryimage"},"image":{"@id":"https:\/\/www.riwal.com\/sl\/zaposlitev\/#primaryimage"},"thumbnailUrl":"https:\/\/www.riwal.com\/app\/themes\/rental\/dist\/images\/double-image-example.jpg","datePublished":"2023-04-21T12:12:55+00:00","dateModified":"2024-10-02T11:35:10+00:00","breadcrumb":{"@id":"https:\/\/www.riwal.com\/sl\/zaposlitev\/#breadcrumb"},"inLanguage":"sl-SI","potentialAction":[{"@type":"ReadAction","target":["https:\/\/www.riwal.com\/sl\/zaposlitev\/"]}]},{"@type":"ImageObject","inLanguage":"sl-SI","@id":"https:\/\/www.riwal.com\/sl\/zaposlitev\/#primaryimage","url":"https:\/\/www.riwal.com\/app\/themes\/rental\/dist\/images\/double-image-example.jpg","contentUrl":"https:\/\/www.riwal.com\/app\/themes\/rental\/dist\/images\/double-image-example.jpg"},{"@type":"BreadcrumbList","@id":"https:\/\/www.riwal.com\/sl\/zaposlitev\/#breadcrumb","itemListElement":[{"@type":"ListItem","position":1,"name":"Domov","item":"https:\/\/www.riwal.com\/sl\/"},{"@type":"ListItem","position":2,"name":"Zaposlitev"}]},{"@type":"WebSite","@id":"https:\/\/www.riwal.com\/sl\/#website","url":"https:\/\/www.riwal.com\/sl\/","name":"Riwal","description":"Arial work platform &amp; Telehandler Rental\/Sales","publisher":{"@id":"https:\/\/www.riwal.com\/sl\/#organization"},"potentialAction":[{"@type":"SearchAction","target":{"@type":"EntryPoint","urlTemplate":"https:\/\/www.riwal.com\/sl\/?s={search_term_string}"},"query-input":{"@type":"PropertyValueSpecification","valueRequired":true,"valueName":"search_term_string"}}],"inLanguage":"sl-SI"},{"@type":"Organization","@id":"https:\/\/www.riwal.com\/sl\/#organization","name":"Riwal","url":"https:\/\/www.riwal.com\/sl\/","logo":{"@type":"ImageObject","inLanguage":"sl-SI","@id":"https:\/\/www.riwal.com\/sl\/#\/schema\/logo\/image\/","url":"","contentUrl":"","caption":"Riwal"},"image":{"@id":"https:\/\/www.riwal.com\/sl\/#\/schema\/logo\/image\/"}}]}},"_links":{"self":[{"href":"https:\/\/www.riwal.com\/sl\/wp-json\/wp\/v2\/pages\/427","targetHints":{"allow":["GET"]}}],"collection":[{"href":"https:\/\/www.riwal.com\/sl\/wp-json\/wp\/v2\/pages"}],"about":[{"href":"https:\/\/www.riwal.com\/sl\/wp-json\/wp\/v2\/types\/page"}],"author":[{"embeddable":true,"href":"https:\/\/www.riwal.com\/sl\/wp-json\/wp\/v2\/users\/6"}],"replies":[{"embeddable":true,"href":"https:\/\/www.riwal.com\/sl\/wp-json\/wp\/v2\/comments?post=427"}],"version-history":[{"count":43,"href":"https:\/\/www.riwal.com\/sl\/wp-json\/wp\/v2\/pages\/427\/revisions"}],"predecessor-version":[{"id":13304,"href":"https:\/\/www.riwal.com\/sl\/wp-json\/wp\/v2\/pages\/427\/revisions\/13304"}],"wp:attachment":[{"href":"https:\/\/www.riwal.com\/sl\/wp-json\/wp\/v2\/media?parent=427"}],"curies":[{"name":"wp","href":"https:\/\/api.w.org\/{rel}","templated":true}]}}