{"id":4269,"date":"2023-10-14T21:20:53","date_gmt":"2023-10-14T21:20:53","guid":{"rendered":"https:\/\/www.riwal.com\/sl\/?page_id=4269"},"modified":"2024-01-21T13:20:37","modified_gmt":"2024-01-21T13:20:37","slug":"izkljucitev-odgovornosti","status":"publish","type":"page","link":"https:\/\/www.riwal.com\/sl\/izkljucitev-odgovornosti\/","title":{"rendered":"Izklju\u010ditev odgovornosti za www.riwal.com &#8211; Riwal Slovenija"},"content":{"rendered":"<div class=\"container\">\n<h2 class=\"wp-block-heading\" id=\"h-izkljucitev-odgovornosti-za-www-riwal-si\">IZKLJU\u010cITEV ODGOVORNOSTI ZA WWW.RIWAL.SI<\/h2>\n<\/div>\n\n<div class=\"rental-wp-default-block rental-theme-block-default-margin\">\n\t\t\t\t\t\t\t\t<div class=\"container\">\n<div class=\"wp-block-columns is-layout-flex wp-container-core-columns-is-layout-28f84493 wp-block-columns-is-layout-flex\">\n<div class=\"wp-block-column is-layout-flow wp-block-column-is-layout-flow\" style=\"flex-basis:66.66%\">\n<p>Riwal si pridr\u017euje pravico, da kadarkoli spremeni vsebino ali odstrani dele vsebine, ne da bi vas o tem moral obvestiti. Uporabnikom spletnih strani svetujemo, da si ve\u010dkrat preberejo izjavo o izklju\u010ditvi odgovornosti, da bodo vedno na teko\u010dem z najnovej\u0161o razli\u010dico.<\/p>\n\n\n\n<p><br><strong>Omejena odgovornost<\/strong><\/p>\n\n\n\n<p>Riwal si prizadeva kolikor je le mogo\u010de pogosto dopolnjevati&nbsp; in\/ali posodabljati vsebino spletne strani. Navkljub skrbnosti in pozornosti se \u0161e vedno lahko zgodi, da je vsebina nepopolna in\/ali nepravilna.<\/p>\n\n\n\n<p>Materiali, ki jih ponuja spletna stran, so na voljo brez kakr\u0161ne koli garancije ali zahtevka za pravilnost. Ti materiali se lahko kadar koli spremenijo brez predhodnega obvestila s strani podjetja Riwal.<\/p>\n\n\n\n<p>Navkljub stalni skrbnosti, ki jo Riwal posve\u010da spletni strani in na njej objavljenim informacijam, Riwal ne odgovarja za popolnost, pravilnost in aktualnost spletne strani in&nbsp; informacij, ki so na njej objavljene.<\/p>\n\n\n\n<p>Informacije na spletni strani so namenjene izklju\u010dno v splo\u0161ne namene in se jih ne more obravnavati kot nasvet. Riwal ne odgovarja za izgubo ali \u0161kodo, ki izhaja iz uporabe spletne strani (ali nezmo\u017enosti njene uporabe), vklju\u010dno z izgubo ali \u0161kodo, ki jo povzro\u010dijo virusi ali napa\u010dne ali nepopolne informacije, razen \u010de je tak\u0161na izguba ali \u0161koda posledica dejanj namernega slabega upravljanja ali hude malomarnosti s strani Riwala.<br><br>Riwal ravno tako ne odgovarja za izgubo ali \u0161kodo, ki izhaja iz uporabe elektronskih sredstev za komuniciranje, vklju\u010dujo\u010d \u2013 vendar ne omejeno na &#8211; izgubo ali \u0161kodo, ki je nastala zaradi zamud pri zagotavljanju elektronske komunikacije ali neuspe\u0161nosti pri zagotavljanju elektronske komunikacije ter prislu\u0161kovanja ali manipulacije elektronske komunikacije s strani tretjih oseb ali ra\u010dunalni\u0161kih programov, ki se uporabljajo za elektronsko komunikacijo ter \u0161irjenje virusov. \u0160e posebej, vse cene na spletni strani so pogojne in so podvr\u017eene napakam pri tipkanju in programiranju. Ne sprejemamo nobene odgovornosti za kakr\u0161ne koli posledice, ki so povezane s tak\u0161nimi napakami. Na podlagi tak\u0161nih napak se tudi ne bo sklenilo pogodbe.&nbsp;<br><br>Informacije s strani tretjih oseb so izraz njihovih osebnih stali\u0161\u010d. Riwal ni zavezan ali odgovoren za take informacije.<\/p>\n\n\n\n<p>Ta spletna stran vsebuje povezave do eksternih spletnih strani, ki jih upravljajo tretje osebe.&nbsp;Riwal ni odgovoren za vsebino ali delovanje teh eksternih spletnih strani. Riwal ne prevzema nikakr\u0161ne odgovornosti za kakovost izdelkov in\/ali storitev, ki jih nudijo tak\u0161ne eksterne spletne strani in ne odgovarja za uporabo vsebine spletnih strani, ki so vezane na to spletno stran ali iz nje.<br><br><strong>Avtorske pravice<br><\/strong>Vse pravice intelektualne lastnine, ki so vezane na te materiale, so pridr\u017eane podjetju Riwal.<br><br>Kopiranje, distribucija in kakr\u0161na koli druga uporaba teh materialov brez pisnega dovoljenja podjetja Riwal je prepovedana in je omejena ter dopustna samo v obsegu, ki je sicer opredeljen z zavezujo\u010dimi dolo\u010dili (kot je pravica do ponudbe), razen \u010de je za specifi\u010dne materiale navedeno druga\u010de.<br><br>V kolikor ni navedeno druga\u010de, bodo vse pravice na spletni strani in informacije na spletni strani, vklju\u010dujo\u010d \u2013 vendar ne omejeno na &#8211; avtorske pravice in druge pravice intelektualne lastnine, pripadale Riwalu. Te pravice se nana\u0161ajo na vse pravice do blagovne znamke, znakov, besedilnih oznak in logotipov Riwala, ki so prikazani ali predstavljeni na tej spletni strani.&nbsp;<br><br>\u2018Riwal\u2019 je registrirana blagovna znamka podjetja Riwal.&nbsp;<br><br>Uporabniki lahko berejo in kopirajo informacije na spletni strani za osebno, ne-komercialno uporabo, na primer tako, da natisnejo ali shranijo informacijo.&nbsp;<br><br>Kakr\u0161na koli druga uporaba spletne strani ali informacij na spletni strani, kot je shranjevanje in\/ali kopiranje (dela) Riwalove spletne strani na eksterno spletno stran ali vzpostavljanje povezav, hipertekstnih povezav ali globokih povezav med spletno stranjo in katero koli drugo spletno stranjo, je brez izrecnega pisnega dovoljenja podjetja Riwal prepovedana.<br><br><strong>Drugo<\/strong><\/p>\n\n\n\n<p>Ta izjava o izklju\u010ditvi odgovornosti je lahko predmet ob\u010dasnih prilagoditev.&nbsp;<\/p>\n<\/div>\n\n\n\n<div class=\"wp-block-column is-layout-flow wp-block-column-is-layout-flow\" style=\"flex-basis:33.33%\"><\/div>\n<\/div>\n<\/div>\n\t\t\t\t\t\t\t<\/div> ","protected":false},"excerpt":{"rendered":"<p>IZKLJU\u010cITEV ODGOVORNOSTI ZA WWW.RIWAL.SI Riwal si pridr\u017euje pravico, da kadarkoli spremeni vsebino ali odstrani dele vsebine, ne da bi vas o tem moral obvestiti. Uporabnikom spletnih strani svetujemo, da si ve\u010dkrat preberejo izjavo o izklju\u010ditvi odgovornosti, da bodo vedno na teko\u010dem z najnovej\u0161o razli\u010dico. Omejena odgovornost Riwal si prizadeva kolikor je le mogo\u010de pogosto dopolnjevati&nbsp; &hellip; <a href=\"https:\/\/www.riwal.com\/sl\/izkljucitev-odgovornosti\/\">Se nadaljuje<\/a><\/p>\n","protected":false},"author":45,"featured_media":0,"parent":0,"menu_order":0,"comment_status":"closed","ping_status":"closed","template":"","meta":{"_acf_changed":false,"footnotes":""},"class_list":["post-4269","page","type-page","status-publish","hentry"],"acf":[],"yoast_head":"<!-- This site is optimized with the Yoast SEO Premium plugin v27.1 (Yoast SEO v27.1.1) - https:\/\/yoast.com\/product\/yoast-seo-premium-wordpress\/ -->\n<title>Izklju\u010ditev odgovornosti za www.riwal.com - Riwal Slovenija - Riwal Slovenija<\/title>\n<meta name=\"robots\" content=\"index, follow, max-snippet:-1, max-image-preview:large, max-video-preview:-1\" \/>\n<link rel=\"canonical\" href=\"https:\/\/www.riwal.com\/sl\/izkljucitev-odgovornosti\/\" \/>\n<meta property=\"og:locale\" content=\"sl_SI\" \/>\n<meta property=\"og:type\" content=\"article\" \/>\n<meta property=\"og:title\" content=\"Izklju\u010ditev odgovornosti za www.riwal.com - Riwal Slovenija\" \/>\n<meta property=\"og:description\" content=\"IZKLJU\u010cITEV ODGOVORNOSTI ZA WWW.RIWAL.SI Riwal si pridr\u017euje pravico, da kadarkoli spremeni vsebino ali odstrani dele vsebine, ne da bi vas o tem moral obvestiti. Uporabnikom spletnih strani svetujemo, da si ve\u010dkrat preberejo izjavo o izklju\u010ditvi odgovornosti, da bodo vedno na teko\u010dem z najnovej\u0161o razli\u010dico. Omejena odgovornost Riwal si prizadeva kolikor je le mogo\u010de pogosto dopolnjevati&nbsp; &hellip; Se nadaljuje\" \/>\n<meta property=\"og:url\" content=\"https:\/\/www.riwal.com\/sl\/izkljucitev-odgovornosti\/\" \/>\n<meta property=\"og:site_name\" content=\"Riwal Slovenija\" \/>\n<meta property=\"article:modified_time\" content=\"2024-01-21T13:20:37+00:00\" \/>\n<meta name=\"twitter:card\" content=\"summary_large_image\" \/>\n<meta name=\"twitter:label1\" content=\"Est. reading time\" \/>\n\t<meta name=\"twitter:data1\" content=\"4 minute\" \/>\n<script type=\"application\/ld+json\" class=\"yoast-schema-graph\">{\"@context\":\"https:\/\/schema.org\",\"@graph\":[{\"@type\":\"WebPage\",\"@id\":\"https:\/\/www.riwal.com\/sl\/izkljucitev-odgovornosti\/\",\"url\":\"https:\/\/www.riwal.com\/sl\/izkljucitev-odgovornosti\/\",\"name\":\"Izklju\u010ditev odgovornosti za www.riwal.com - Riwal Slovenija - Riwal Slovenija\",\"isPartOf\":{\"@id\":\"https:\/\/www.riwal.com\/sl\/#website\"},\"datePublished\":\"2023-10-14T21:20:53+00:00\",\"dateModified\":\"2024-01-21T13:20:37+00:00\",\"breadcrumb\":{\"@id\":\"https:\/\/www.riwal.com\/sl\/izkljucitev-odgovornosti\/#breadcrumb\"},\"inLanguage\":\"sl-SI\",\"potentialAction\":[{\"@type\":\"ReadAction\",\"target\":[\"https:\/\/www.riwal.com\/sl\/izkljucitev-odgovornosti\/\"]}]},{\"@type\":\"BreadcrumbList\",\"@id\":\"https:\/\/www.riwal.com\/sl\/izkljucitev-odgovornosti\/#breadcrumb\",\"itemListElement\":[{\"@type\":\"ListItem\",\"position\":1,\"name\":\"Domov\",\"item\":\"https:\/\/www.riwal.com\/sl\/\"},{\"@type\":\"ListItem\",\"position\":2,\"name\":\"Izklju\u010ditev odgovornosti za www.riwal.com &#8211; Riwal Slovenija\"}]},{\"@type\":\"WebSite\",\"@id\":\"https:\/\/www.riwal.com\/sl\/#website\",\"url\":\"https:\/\/www.riwal.com\/sl\/\",\"name\":\"Riwal\",\"description\":\"Arial work platform &amp; Telehandler Rental\/Sales\",\"publisher\":{\"@id\":\"https:\/\/www.riwal.com\/sl\/#organization\"},\"potentialAction\":[{\"@type\":\"SearchAction\",\"target\":{\"@type\":\"EntryPoint\",\"urlTemplate\":\"https:\/\/www.riwal.com\/sl\/?s={search_term_string}\"},\"query-input\":{\"@type\":\"PropertyValueSpecification\",\"valueRequired\":true,\"valueName\":\"search_term_string\"}}],\"inLanguage\":\"sl-SI\"},{\"@type\":\"Organization\",\"@id\":\"https:\/\/www.riwal.com\/sl\/#organization\",\"name\":\"Riwal\",\"url\":\"https:\/\/www.riwal.com\/sl\/\",\"logo\":{\"@type\":\"ImageObject\",\"inLanguage\":\"sl-SI\",\"@id\":\"https:\/\/www.riwal.com\/sl\/#\/schema\/logo\/image\/\",\"url\":\"\",\"contentUrl\":\"\",\"caption\":\"Riwal\"},\"image\":{\"@id\":\"https:\/\/www.riwal.com\/sl\/#\/schema\/logo\/image\/\"}}]}<\/script>\n<!-- \/ Yoast SEO Premium plugin. -->","yoast_head_json":{"title":"Izklju\u010ditev odgovornosti za www.riwal.com - Riwal Slovenija - Riwal Slovenija","robots":{"index":"index","follow":"follow","max-snippet":"max-snippet:-1","max-image-preview":"max-image-preview:large","max-video-preview":"max-video-preview:-1"},"canonical":"https:\/\/www.riwal.com\/sl\/izkljucitev-odgovornosti\/","og_locale":"sl_SI","og_type":"article","og_title":"Izklju\u010ditev odgovornosti za www.riwal.com - Riwal Slovenija","og_description":"IZKLJU\u010cITEV ODGOVORNOSTI ZA WWW.RIWAL.SI Riwal si pridr\u017euje pravico, da kadarkoli spremeni vsebino ali odstrani dele vsebine, ne da bi vas o tem moral obvestiti. Uporabnikom spletnih strani svetujemo, da si ve\u010dkrat preberejo izjavo o izklju\u010ditvi odgovornosti, da bodo vedno na teko\u010dem z najnovej\u0161o razli\u010dico. Omejena odgovornost Riwal si prizadeva kolikor je le mogo\u010de pogosto dopolnjevati&nbsp; &hellip; Se nadaljuje","og_url":"https:\/\/www.riwal.com\/sl\/izkljucitev-odgovornosti\/","og_site_name":"Riwal Slovenija","article_modified_time":"2024-01-21T13:20:37+00:00","twitter_card":"summary_large_image","twitter_misc":{"Est. reading time":"4 minute"},"schema":{"@context":"https:\/\/schema.org","@graph":[{"@type":"WebPage","@id":"https:\/\/www.riwal.com\/sl\/izkljucitev-odgovornosti\/","url":"https:\/\/www.riwal.com\/sl\/izkljucitev-odgovornosti\/","name":"Izklju\u010ditev odgovornosti za www.riwal.com - Riwal Slovenija - Riwal Slovenija","isPartOf":{"@id":"https:\/\/www.riwal.com\/sl\/#website"},"datePublished":"2023-10-14T21:20:53+00:00","dateModified":"2024-01-21T13:20:37+00:00","breadcrumb":{"@id":"https:\/\/www.riwal.com\/sl\/izkljucitev-odgovornosti\/#breadcrumb"},"inLanguage":"sl-SI","potentialAction":[{"@type":"ReadAction","target":["https:\/\/www.riwal.com\/sl\/izkljucitev-odgovornosti\/"]}]},{"@type":"BreadcrumbList","@id":"https:\/\/www.riwal.com\/sl\/izkljucitev-odgovornosti\/#breadcrumb","itemListElement":[{"@type":"ListItem","position":1,"name":"Domov","item":"https:\/\/www.riwal.com\/sl\/"},{"@type":"ListItem","position":2,"name":"Izklju\u010ditev odgovornosti za www.riwal.com &#8211; Riwal Slovenija"}]},{"@type":"WebSite","@id":"https:\/\/www.riwal.com\/sl\/#website","url":"https:\/\/www.riwal.com\/sl\/","name":"Riwal","description":"Arial work platform &amp; Telehandler Rental\/Sales","publisher":{"@id":"https:\/\/www.riwal.com\/sl\/#organization"},"potentialAction":[{"@type":"SearchAction","target":{"@type":"EntryPoint","urlTemplate":"https:\/\/www.riwal.com\/sl\/?s={search_term_string}"},"query-input":{"@type":"PropertyValueSpecification","valueRequired":true,"valueName":"search_term_string"}}],"inLanguage":"sl-SI"},{"@type":"Organization","@id":"https:\/\/www.riwal.com\/sl\/#organization","name":"Riwal","url":"https:\/\/www.riwal.com\/sl\/","logo":{"@type":"ImageObject","inLanguage":"sl-SI","@id":"https:\/\/www.riwal.com\/sl\/#\/schema\/logo\/image\/","url":"","contentUrl":"","caption":"Riwal"},"image":{"@id":"https:\/\/www.riwal.com\/sl\/#\/schema\/logo\/image\/"}}]}},"_links":{"self":[{"href":"https:\/\/www.riwal.com\/sl\/wp-json\/wp\/v2\/pages\/4269","targetHints":{"allow":["GET"]}}],"collection":[{"href":"https:\/\/www.riwal.com\/sl\/wp-json\/wp\/v2\/pages"}],"about":[{"href":"https:\/\/www.riwal.com\/sl\/wp-json\/wp\/v2\/types\/page"}],"author":[{"embeddable":true,"href":"https:\/\/www.riwal.com\/sl\/wp-json\/wp\/v2\/users\/45"}],"replies":[{"embeddable":true,"href":"https:\/\/www.riwal.com\/sl\/wp-json\/wp\/v2\/comments?post=4269"}],"version-history":[{"count":2,"href":"https:\/\/www.riwal.com\/sl\/wp-json\/wp\/v2\/pages\/4269\/revisions"}],"predecessor-version":[{"id":4271,"href":"https:\/\/www.riwal.com\/sl\/wp-json\/wp\/v2\/pages\/4269\/revisions\/4271"}],"wp:attachment":[{"href":"https:\/\/www.riwal.com\/sl\/wp-json\/wp\/v2\/media?parent=4269"}],"curies":[{"name":"wp","href":"https:\/\/api.w.org\/{rel}","templated":true}]}}