{"id":3897,"date":"2023-09-13T11:55:01","date_gmt":"2023-09-13T11:55:01","guid":{"rendered":"https:\/\/www.riwal.com\/sl\/?page_id=3897"},"modified":"2024-02-03T19:36:00","modified_gmt":"2024-02-03T19:36:00","slug":"druzbene-pobude","status":"publish","type":"page","link":"https:\/\/www.riwal.com\/sl\/o-riwalu\/trajnost\/druzbene-pobude\/","title":{"rendered":"Dru\u017ebene pobude"},"content":{"rendered":"<div class=\"container\">\n<h2 class=\"wp-block-heading\" id=\"h-nase-druzbene-pobude\">Na\u0161e dru\u017ebene pobude<\/h2>\n<\/div>\n\n<div class=\"rental-wp-default-block rental-theme-block-default-margin\">\n\t\t\t\t\t\t\t\t<div class=\"container\">\n<div class=\"wp-block-columns is-layout-flex wp-container-core-columns-is-layout-28f84493 wp-block-columns-is-layout-flex\">\n<div class=\"wp-block-column is-layout-flow wp-block-column-is-layout-flow\" style=\"flex-basis:66.66%\">\n<p><strong>Dru\u017ebena odgovornost podjetij je za Riwal izrednega pomena. Prav zato je vedno izkazujemo trdno zavezanost dru\u017ebi in lokalni skupnosti. Z dobrimi praksami in razli\u010dnimi sodelovanji na \u0161portnem in kulturnem podro\u010dju ter s filantropijo \u017eelimo pozitivno vplivati na dru\u017ebo in krepiti lokalne odnose.<\/strong><\/p>\n\n\n\n<p><strong>Avtoko\u0161ara Pika pomaga otrokom z rakom<\/strong><\/p>\n\n\n\n<p>Septembra 2019 smo v Riwalu za\u010deli s pobudo o ozave\u0161\u010danju bolezni raka otrok. V ta namen smo prebarvali na\u0161o&nbsp;<a href=\"https:\/\/www.riwal.com\/slovenia\/sl-si\/rental\/products\/5637190326_mul_mx210\">avtoko\u0161aro Iveco Multitel MX210<\/a>&nbsp;v roza, jo poimenovali Pika in sedaj namenjamo del prihodka od njenega najema Ustanovi za pomo\u010d otroku z rakom.<\/p>\n\n\n\n<figure class=\"wp-block-image aligncenter size-full\"><img loading=\"lazy\" decoding=\"async\" width=\"400\" height=\"300\" src=\"https:\/\/eqsk4m2dkju.exactdn.com\/app\/uploads\/sites\/10\/2023\/09\/IMG_20190920_083610.webp?strip=all&quality=92&webp=92&avif=80&sharp=1\" alt=\"\" class=\"wp-image-3899\" srcset=\"https:\/\/eqsk4m2dkju.exactdn.com\/app\/uploads\/sites\/10\/2023\/09\/IMG_20190920_083610.webp?strip=all&amp;quality=92&amp;webp=92&amp;avif=80&amp;sharp=1 400w, https:\/\/eqsk4m2dkju.exactdn.com\/app\/uploads\/sites\/10\/2023\/09\/IMG_20190920_083610-300x225.webp?strip=all&amp;quality=92&amp;webp=92&amp;avif=80&amp;sharp=1 300w, https:\/\/eqsk4m2dkju.exactdn.com\/app\/uploads\/sites\/10\/2023\/09\/IMG_20190920_083610-178x134.webp?strip=all&amp;quality=92&amp;webp=92&amp;avif=80&amp;sharp=1 178w, https:\/\/eqsk4m2dkju.exactdn.com\/app\/uploads\/sites\/10\/2023\/09\/IMG_20190920_083610-390x293.webp?strip=all&amp;quality=92&amp;webp=92&amp;avif=80&amp;sharp=1 390w, https:\/\/eqsk4m2dkju.exactdn.com\/app\/uploads\/sites\/10\/2023\/09\/IMG_20190920_083610-250x188.webp?strip=all&amp;quality=92&amp;webp=92&amp;avif=80&amp;sharp=1 250w, https:\/\/eqsk4m2dkju.exactdn.com\/app\/uploads\/sites\/10\/2023\/09\/IMG_20190920_083610.webp?strip=all&amp;quality=92&amp;webp=92&amp;avif=80&amp;sharp=1&amp;w=80 80w\" sizes=\"auto, (max-width: 400px) 100vw, 400px\" \/><\/figure>\n\n\n\n<p><a href=\"https:\/\/ustanova-otrok-rak.si\/\">Ustanova za pomo\u010d otroku z rakom<\/a>&nbsp;deluje \u017ee od leta 1988. Primarna naloga ustanove je zbiranje sredstev za izbolj\u0161anje kvalitete \u017eivljenja in zdravljenja otrok z rakom. Z zbranimi sredstvi Ustanova zagotavlja prijetnej\u0161e bivalno okolje v bolni\u0161nici z opremo za u\u010denje in razvedrilo, ter prireditvami otrokom in mladostnikom do 19. leta starosti v \u010dasu zdravljenja.Ustanova za pomo\u010d otroku z rakom&nbsp;deluje \u017ee od leta 1988. Primarna naloga ustanove je zbiranje sredstev za izbolj\u0161anje kvalitete \u017eivljenja in zdravljenja otrok z rakom. Z zbranimi sredstvi Ustanova zagotavlja prijetnej\u0161e bivalno okolje v bolni\u0161nici z opremo za u\u010denje in razvedrilo, ter prireditvami otrokom in mladostnikom do 19. leta starosti v \u010dasu zdravljenja. Poleg tega star\u0161em iz oddaljenih krajev omogo\u010da brezpla\u010dno bivanje za \u010das otrokovega zdravljenja. Del sredstev se poklanja tudi v obliki \u0161tipendij obolelim, denarne pomo\u010di dru\u017einam in nabavi medicinske opreme.<\/p>\n\n\n\n<figure class=\"wp-block-image aligncenter size-full\"><img loading=\"lazy\" decoding=\"async\" width=\"200\" height=\"208\" src=\"https:\/\/eqsk4m2dkju.exactdn.com\/app\/uploads\/sites\/10\/2023\/09\/Metulj.webp?strip=all&quality=92&webp=92&avif=80&sharp=1\" alt=\"\" class=\"wp-image-3900\" srcset=\"https:\/\/eqsk4m2dkju.exactdn.com\/app\/uploads\/sites\/10\/2023\/09\/Metulj.webp?strip=all&amp;quality=92&amp;webp=92&amp;avif=80&amp;sharp=1 200w, https:\/\/eqsk4m2dkju.exactdn.com\/app\/uploads\/sites\/10\/2023\/09\/Metulj-178x185.webp?strip=all&amp;quality=92&amp;webp=92&amp;avif=80&amp;sharp=1 178w, https:\/\/eqsk4m2dkju.exactdn.com\/app\/uploads\/sites\/10\/2023\/09\/Metulj-192x200.webp?strip=all&amp;quality=92&amp;webp=92&amp;avif=80&amp;sharp=1 192w, https:\/\/eqsk4m2dkju.exactdn.com\/app\/uploads\/sites\/10\/2023\/09\/Metulj.webp?strip=all&amp;quality=92&amp;webp=92&amp;avif=80&amp;sharp=1&amp;w=80 80w\" sizes=\"auto, (max-width: 200px) 100vw, 200px\" \/><\/figure>\n\n\n\n<p>S dodelitvijo imena Pika smo izbrano avtoko\u0161aro identificirali tudi za na\u0161e stranke. Tako lahko tudi le-te ob najemu zaprosijo prav za avtoko\u0161aro Pika in se na ta na\u010din odlo\u010dijo za dobrodelnost.<\/p>\n\n\n\n<div class=\"wp-block-columns is-layout-flex wp-container-core-columns-is-layout-28f84493 wp-block-columns-is-layout-flex\">\n<div class=\"wp-block-column is-layout-flow wp-block-column-is-layout-flow\">\n<figure class=\"wp-block-image size-full\"><img loading=\"lazy\" decoding=\"async\" width=\"400\" height=\"300\" src=\"https:\/\/eqsk4m2dkju.exactdn.com\/app\/uploads\/sites\/10\/2023\/09\/IMG_20190920_083616.webp?strip=all&quality=92&webp=92&avif=80&sharp=1\" alt=\"\" class=\"wp-image-3901\" srcset=\"https:\/\/eqsk4m2dkju.exactdn.com\/app\/uploads\/sites\/10\/2023\/09\/IMG_20190920_083616.webp?strip=all&amp;quality=92&amp;webp=92&amp;avif=80&amp;sharp=1 400w, https:\/\/eqsk4m2dkju.exactdn.com\/app\/uploads\/sites\/10\/2023\/09\/IMG_20190920_083616-300x225.webp?strip=all&amp;quality=92&amp;webp=92&amp;avif=80&amp;sharp=1 300w, https:\/\/eqsk4m2dkju.exactdn.com\/app\/uploads\/sites\/10\/2023\/09\/IMG_20190920_083616-178x134.webp?strip=all&amp;quality=92&amp;webp=92&amp;avif=80&amp;sharp=1 178w, https:\/\/eqsk4m2dkju.exactdn.com\/app\/uploads\/sites\/10\/2023\/09\/IMG_20190920_083616-390x293.webp?strip=all&amp;quality=92&amp;webp=92&amp;avif=80&amp;sharp=1 390w, https:\/\/eqsk4m2dkju.exactdn.com\/app\/uploads\/sites\/10\/2023\/09\/IMG_20190920_083616-250x188.webp?strip=all&amp;quality=92&amp;webp=92&amp;avif=80&amp;sharp=1 250w, https:\/\/eqsk4m2dkju.exactdn.com\/app\/uploads\/sites\/10\/2023\/09\/IMG_20190920_083616.webp?strip=all&amp;quality=92&amp;webp=92&amp;avif=80&amp;sharp=1&amp;w=80 80w\" sizes=\"auto, (max-width: 400px) 100vw, 400px\" \/><\/figure>\n<\/div>\n\n\n\n<div class=\"wp-block-column is-layout-flow wp-block-column-is-layout-flow\">\n<figure class=\"wp-block-image size-full\"><img loading=\"lazy\" decoding=\"async\" width=\"400\" height=\"300\" src=\"https:\/\/eqsk4m2dkju.exactdn.com\/app\/uploads\/sites\/10\/2023\/09\/IMG_20190920_083650.webp?strip=all&quality=92&webp=92&avif=80&sharp=1\" alt=\"\" class=\"wp-image-3902\" srcset=\"https:\/\/eqsk4m2dkju.exactdn.com\/app\/uploads\/sites\/10\/2023\/09\/IMG_20190920_083650.webp?strip=all&amp;quality=92&amp;webp=92&amp;avif=80&amp;sharp=1 400w, https:\/\/eqsk4m2dkju.exactdn.com\/app\/uploads\/sites\/10\/2023\/09\/IMG_20190920_083650-300x225.webp?strip=all&amp;quality=92&amp;webp=92&amp;avif=80&amp;sharp=1 300w, https:\/\/eqsk4m2dkju.exactdn.com\/app\/uploads\/sites\/10\/2023\/09\/IMG_20190920_083650-178x134.webp?strip=all&amp;quality=92&amp;webp=92&amp;avif=80&amp;sharp=1 178w, https:\/\/eqsk4m2dkju.exactdn.com\/app\/uploads\/sites\/10\/2023\/09\/IMG_20190920_083650-390x293.webp?strip=all&amp;quality=92&amp;webp=92&amp;avif=80&amp;sharp=1 390w, https:\/\/eqsk4m2dkju.exactdn.com\/app\/uploads\/sites\/10\/2023\/09\/IMG_20190920_083650-250x188.webp?strip=all&amp;quality=92&amp;webp=92&amp;avif=80&amp;sharp=1 250w, https:\/\/eqsk4m2dkju.exactdn.com\/app\/uploads\/sites\/10\/2023\/09\/IMG_20190920_083650.webp?strip=all&amp;quality=92&amp;webp=92&amp;avif=80&amp;sharp=1&amp;w=80 80w\" sizes=\"auto, (max-width: 400px) 100vw, 400px\" \/><\/figure>\n<\/div>\n<\/div>\n<\/div>\n\n\n\n<div class=\"wp-block-column is-layout-flow wp-block-column-is-layout-flow\" style=\"flex-basis:33.33%\">\n<figure class=\"wp-block-image size-full\"><img loading=\"lazy\" decoding=\"async\" width=\"1024\" height=\"523\" src=\"https:\/\/eqsk4m2dkju.exactdn.com\/app\/uploads\/sites\/10\/2023\/09\/image.webp?strip=all&quality=92&webp=92&avif=80&sharp=1\" alt=\"Ta slika ima prazen atribut alt; ime datoteke je teaserSLO-1024x523.webp\" class=\"wp-image-3854\" srcset=\"https:\/\/eqsk4m2dkju.exactdn.com\/app\/uploads\/sites\/10\/2023\/09\/image.webp?strip=all&amp;quality=92&amp;webp=92&amp;avif=80&amp;sharp=1 1024w, https:\/\/eqsk4m2dkju.exactdn.com\/app\/uploads\/sites\/10\/2023\/09\/image-830x424.webp?strip=all&amp;quality=92&amp;webp=92&amp;avif=80&amp;sharp=1 830w, https:\/\/eqsk4m2dkju.exactdn.com\/app\/uploads\/sites\/10\/2023\/09\/image-300x153.webp?strip=all&amp;quality=92&amp;webp=92&amp;avif=80&amp;sharp=1 300w, https:\/\/eqsk4m2dkju.exactdn.com\/app\/uploads\/sites\/10\/2023\/09\/image-768x392.webp?strip=all&amp;quality=92&amp;webp=92&amp;avif=80&amp;sharp=1 768w, https:\/\/eqsk4m2dkju.exactdn.com\/app\/uploads\/sites\/10\/2023\/09\/image-178x91.webp?strip=all&amp;quality=92&amp;webp=92&amp;avif=80&amp;sharp=1 178w, https:\/\/eqsk4m2dkju.exactdn.com\/app\/uploads\/sites\/10\/2023\/09\/image-390x199.webp?strip=all&amp;quality=92&amp;webp=92&amp;avif=80&amp;sharp=1 390w, https:\/\/eqsk4m2dkju.exactdn.com\/app\/uploads\/sites\/10\/2023\/09\/image-250x128.webp?strip=all&amp;quality=92&amp;webp=92&amp;avif=80&amp;sharp=1 250w, https:\/\/eqsk4m2dkju.exactdn.com\/app\/uploads\/sites\/10\/2023\/09\/image.webp?strip=all&amp;quality=92&amp;webp=92&amp;avif=80&amp;sharp=1&amp;w=614 614w, https:\/\/eqsk4m2dkju.exactdn.com\/app\/uploads\/sites\/10\/2023\/09\/image.webp?strip=all&amp;quality=92&amp;webp=92&amp;avif=80&amp;sharp=1&amp;w=450 450w\" sizes=\"auto, (max-width: 1024px) 100vw, 1024px\" \/><\/figure>\n\n\n\n<div class=\"wp-block-buttons is-layout-flex wp-block-buttons-is-layout-flex\">\n<div class=\"wp-block-button\"><a class=\"wp-block-button__link wp-element-button\" href=\"https:\/\/www.riwal.com\/sl\/o-riwalu\/trajnost\/\">Ve\u010d o trajnostnem razvoju<\/a><\/div>\n<\/div>\n<\/div>\n<\/div>\n<\/div>\n\t\t\t\t\t\t\t<\/div> ","protected":false},"excerpt":{"rendered":"<p>Na\u0161e dru\u017ebene pobude Dru\u017ebena odgovornost podjetij je za Riwal izrednega pomena. Prav zato je vedno izkazujemo trdno zavezanost dru\u017ebi in lokalni skupnosti. Z dobrimi praksami in razli\u010dnimi sodelovanji na \u0161portnem in kulturnem podro\u010dju ter s filantropijo \u017eelimo pozitivno vplivati na dru\u017ebo in krepiti lokalne odnose. Avtoko\u0161ara Pika pomaga otrokom z rakom Septembra 2019 smo v &hellip; <a href=\"https:\/\/www.riwal.com\/sl\/o-riwalu\/trajnost\/druzbene-pobude\/\">Se nadaljuje<\/a><\/p>\n","protected":false},"author":45,"featured_media":0,"parent":3834,"menu_order":0,"comment_status":"closed","ping_status":"closed","template":"","meta":{"_acf_changed":false,"footnotes":""},"class_list":["post-3897","page","type-page","status-publish","hentry"],"acf":[],"yoast_head":"<!-- This site is optimized with the Yoast SEO Premium plugin v27.1 (Yoast SEO v27.1.1) - https:\/\/yoast.com\/product\/yoast-seo-premium-wordpress\/ -->\n<title>Na\u0161e dru\u017ebene pobude - Riwal Slovenija<\/title>\n<meta name=\"robots\" content=\"index, follow, max-snippet:-1, max-image-preview:large, max-video-preview:-1\" \/>\n<link rel=\"canonical\" href=\"https:\/\/www.riwal.com\/sl\/o-riwalu\/trajnost\/druzbene-pobude\/\" \/>\n<meta property=\"og:locale\" content=\"sl_SI\" \/>\n<meta property=\"og:type\" content=\"article\" \/>\n<meta property=\"og:title\" content=\"Dru\u017ebene pobude\" \/>\n<meta property=\"og:description\" content=\"Na\u0161e dru\u017ebene pobude Dru\u017ebena odgovornost podjetij je za Riwal izrednega pomena. Prav zato je vedno izkazujemo trdno zavezanost dru\u017ebi in lokalni skupnosti. Z dobrimi praksami in razli\u010dnimi sodelovanji na \u0161portnem in kulturnem podro\u010dju ter s filantropijo \u017eelimo pozitivno vplivati na dru\u017ebo in krepiti lokalne odnose. Avtoko\u0161ara Pika pomaga otrokom z rakom Septembra 2019 smo v &hellip; Se nadaljuje\" \/>\n<meta property=\"og:url\" content=\"https:\/\/www.riwal.com\/sl\/o-riwalu\/trajnost\/druzbene-pobude\/\" \/>\n<meta property=\"og:site_name\" content=\"Riwal Slovenija\" \/>\n<meta property=\"article:modified_time\" content=\"2024-02-03T19:36:00+00:00\" \/>\n<meta property=\"og:image\" content=\"https:\/\/www.riwal.com\/app\/uploads\/sites\/10\/2023\/09\/IMG_20190920_083610.webp\" \/>\n<meta name=\"twitter:card\" content=\"summary_large_image\" \/>\n<meta name=\"twitter:label1\" content=\"Est. reading time\" \/>\n\t<meta name=\"twitter:data1\" content=\"3 minute\" \/>\n<script type=\"application\/ld+json\" class=\"yoast-schema-graph\">{\"@context\":\"https:\/\/schema.org\",\"@graph\":[{\"@type\":\"WebPage\",\"@id\":\"https:\/\/www.riwal.com\/sl\/o-riwalu\/trajnost\/druzbene-pobude\/\",\"url\":\"https:\/\/www.riwal.com\/sl\/o-riwalu\/trajnost\/druzbene-pobude\/\",\"name\":\"Na\u0161e dru\u017ebene pobude - Riwal Slovenija\",\"isPartOf\":{\"@id\":\"https:\/\/www.riwal.com\/sl\/#website\"},\"primaryImageOfPage\":{\"@id\":\"https:\/\/www.riwal.com\/sl\/o-riwalu\/trajnost\/druzbene-pobude\/#primaryimage\"},\"image\":{\"@id\":\"https:\/\/www.riwal.com\/sl\/o-riwalu\/trajnost\/druzbene-pobude\/#primaryimage\"},\"thumbnailUrl\":\"https:\/\/www.riwal.com\/app\/uploads\/sites\/10\/2023\/09\/IMG_20190920_083610.webp\",\"datePublished\":\"2023-09-13T11:55:01+00:00\",\"dateModified\":\"2024-02-03T19:36:00+00:00\",\"breadcrumb\":{\"@id\":\"https:\/\/www.riwal.com\/sl\/o-riwalu\/trajnost\/druzbene-pobude\/#breadcrumb\"},\"inLanguage\":\"sl-SI\",\"potentialAction\":[{\"@type\":\"ReadAction\",\"target\":[\"https:\/\/www.riwal.com\/sl\/o-riwalu\/trajnost\/druzbene-pobude\/\"]}]},{\"@type\":\"ImageObject\",\"inLanguage\":\"sl-SI\",\"@id\":\"https:\/\/www.riwal.com\/sl\/o-riwalu\/trajnost\/druzbene-pobude\/#primaryimage\",\"url\":\"https:\/\/www.riwal.com\/app\/uploads\/sites\/10\/2023\/09\/IMG_20190920_083610.webp\",\"contentUrl\":\"https:\/\/www.riwal.com\/app\/uploads\/sites\/10\/2023\/09\/IMG_20190920_083610.webp\"},{\"@type\":\"BreadcrumbList\",\"@id\":\"https:\/\/www.riwal.com\/sl\/o-riwalu\/trajnost\/druzbene-pobude\/#breadcrumb\",\"itemListElement\":[{\"@type\":\"ListItem\",\"position\":1,\"name\":\"Domov\",\"item\":\"https:\/\/www.riwal.com\/sl\/\"},{\"@type\":\"ListItem\",\"position\":2,\"name\":\"O riwalu\",\"item\":\"https:\/\/www.riwal.com\/sl\/o-riwalu\/\"},{\"@type\":\"ListItem\",\"position\":3,\"name\":\"Trajnost\",\"item\":\"https:\/\/www.riwal.com\/sl\/o-riwalu\/trajnost\/\"},{\"@type\":\"ListItem\",\"position\":4,\"name\":\"Dru\u017ebene pobude\"}]},{\"@type\":\"WebSite\",\"@id\":\"https:\/\/www.riwal.com\/sl\/#website\",\"url\":\"https:\/\/www.riwal.com\/sl\/\",\"name\":\"Riwal\",\"description\":\"Arial work platform &amp; Telehandler Rental\/Sales\",\"publisher\":{\"@id\":\"https:\/\/www.riwal.com\/sl\/#organization\"},\"potentialAction\":[{\"@type\":\"SearchAction\",\"target\":{\"@type\":\"EntryPoint\",\"urlTemplate\":\"https:\/\/www.riwal.com\/sl\/?s={search_term_string}\"},\"query-input\":{\"@type\":\"PropertyValueSpecification\",\"valueRequired\":true,\"valueName\":\"search_term_string\"}}],\"inLanguage\":\"sl-SI\"},{\"@type\":\"Organization\",\"@id\":\"https:\/\/www.riwal.com\/sl\/#organization\",\"name\":\"Riwal\",\"url\":\"https:\/\/www.riwal.com\/sl\/\",\"logo\":{\"@type\":\"ImageObject\",\"inLanguage\":\"sl-SI\",\"@id\":\"https:\/\/www.riwal.com\/sl\/#\/schema\/logo\/image\/\",\"url\":\"\",\"contentUrl\":\"\",\"caption\":\"Riwal\"},\"image\":{\"@id\":\"https:\/\/www.riwal.com\/sl\/#\/schema\/logo\/image\/\"}}]}<\/script>\n<!-- \/ Yoast SEO Premium plugin. -->","yoast_head_json":{"title":"Na\u0161e dru\u017ebene pobude - Riwal Slovenija","robots":{"index":"index","follow":"follow","max-snippet":"max-snippet:-1","max-image-preview":"max-image-preview:large","max-video-preview":"max-video-preview:-1"},"canonical":"https:\/\/www.riwal.com\/sl\/o-riwalu\/trajnost\/druzbene-pobude\/","og_locale":"sl_SI","og_type":"article","og_title":"Dru\u017ebene pobude","og_description":"Na\u0161e dru\u017ebene pobude Dru\u017ebena odgovornost podjetij je za Riwal izrednega pomena. Prav zato je vedno izkazujemo trdno zavezanost dru\u017ebi in lokalni skupnosti. Z dobrimi praksami in razli\u010dnimi sodelovanji na \u0161portnem in kulturnem podro\u010dju ter s filantropijo \u017eelimo pozitivno vplivati na dru\u017ebo in krepiti lokalne odnose. Avtoko\u0161ara Pika pomaga otrokom z rakom Septembra 2019 smo v &hellip; Se nadaljuje","og_url":"https:\/\/www.riwal.com\/sl\/o-riwalu\/trajnost\/druzbene-pobude\/","og_site_name":"Riwal Slovenija","article_modified_time":"2024-02-03T19:36:00+00:00","og_image":[{"url":"https:\/\/www.riwal.com\/app\/uploads\/sites\/10\/2023\/09\/IMG_20190920_083610.webp","type":"","width":"","height":""}],"twitter_card":"summary_large_image","twitter_misc":{"Est. reading time":"3 minute"},"schema":{"@context":"https:\/\/schema.org","@graph":[{"@type":"WebPage","@id":"https:\/\/www.riwal.com\/sl\/o-riwalu\/trajnost\/druzbene-pobude\/","url":"https:\/\/www.riwal.com\/sl\/o-riwalu\/trajnost\/druzbene-pobude\/","name":"Na\u0161e dru\u017ebene pobude - Riwal Slovenija","isPartOf":{"@id":"https:\/\/www.riwal.com\/sl\/#website"},"primaryImageOfPage":{"@id":"https:\/\/www.riwal.com\/sl\/o-riwalu\/trajnost\/druzbene-pobude\/#primaryimage"},"image":{"@id":"https:\/\/www.riwal.com\/sl\/o-riwalu\/trajnost\/druzbene-pobude\/#primaryimage"},"thumbnailUrl":"https:\/\/www.riwal.com\/app\/uploads\/sites\/10\/2023\/09\/IMG_20190920_083610.webp","datePublished":"2023-09-13T11:55:01+00:00","dateModified":"2024-02-03T19:36:00+00:00","breadcrumb":{"@id":"https:\/\/www.riwal.com\/sl\/o-riwalu\/trajnost\/druzbene-pobude\/#breadcrumb"},"inLanguage":"sl-SI","potentialAction":[{"@type":"ReadAction","target":["https:\/\/www.riwal.com\/sl\/o-riwalu\/trajnost\/druzbene-pobude\/"]}]},{"@type":"ImageObject","inLanguage":"sl-SI","@id":"https:\/\/www.riwal.com\/sl\/o-riwalu\/trajnost\/druzbene-pobude\/#primaryimage","url":"https:\/\/www.riwal.com\/app\/uploads\/sites\/10\/2023\/09\/IMG_20190920_083610.webp","contentUrl":"https:\/\/www.riwal.com\/app\/uploads\/sites\/10\/2023\/09\/IMG_20190920_083610.webp"},{"@type":"BreadcrumbList","@id":"https:\/\/www.riwal.com\/sl\/o-riwalu\/trajnost\/druzbene-pobude\/#breadcrumb","itemListElement":[{"@type":"ListItem","position":1,"name":"Domov","item":"https:\/\/www.riwal.com\/sl\/"},{"@type":"ListItem","position":2,"name":"O riwalu","item":"https:\/\/www.riwal.com\/sl\/o-riwalu\/"},{"@type":"ListItem","position":3,"name":"Trajnost","item":"https:\/\/www.riwal.com\/sl\/o-riwalu\/trajnost\/"},{"@type":"ListItem","position":4,"name":"Dru\u017ebene pobude"}]},{"@type":"WebSite","@id":"https:\/\/www.riwal.com\/sl\/#website","url":"https:\/\/www.riwal.com\/sl\/","name":"Riwal","description":"Arial work platform &amp; Telehandler Rental\/Sales","publisher":{"@id":"https:\/\/www.riwal.com\/sl\/#organization"},"potentialAction":[{"@type":"SearchAction","target":{"@type":"EntryPoint","urlTemplate":"https:\/\/www.riwal.com\/sl\/?s={search_term_string}"},"query-input":{"@type":"PropertyValueSpecification","valueRequired":true,"valueName":"search_term_string"}}],"inLanguage":"sl-SI"},{"@type":"Organization","@id":"https:\/\/www.riwal.com\/sl\/#organization","name":"Riwal","url":"https:\/\/www.riwal.com\/sl\/","logo":{"@type":"ImageObject","inLanguage":"sl-SI","@id":"https:\/\/www.riwal.com\/sl\/#\/schema\/logo\/image\/","url":"","contentUrl":"","caption":"Riwal"},"image":{"@id":"https:\/\/www.riwal.com\/sl\/#\/schema\/logo\/image\/"}}]}},"_links":{"self":[{"href":"https:\/\/www.riwal.com\/sl\/wp-json\/wp\/v2\/pages\/3897","targetHints":{"allow":["GET"]}}],"collection":[{"href":"https:\/\/www.riwal.com\/sl\/wp-json\/wp\/v2\/pages"}],"about":[{"href":"https:\/\/www.riwal.com\/sl\/wp-json\/wp\/v2\/types\/page"}],"author":[{"embeddable":true,"href":"https:\/\/www.riwal.com\/sl\/wp-json\/wp\/v2\/users\/45"}],"replies":[{"embeddable":true,"href":"https:\/\/www.riwal.com\/sl\/wp-json\/wp\/v2\/comments?post=3897"}],"version-history":[{"count":4,"href":"https:\/\/www.riwal.com\/sl\/wp-json\/wp\/v2\/pages\/3897\/revisions"}],"predecessor-version":[{"id":5468,"href":"https:\/\/www.riwal.com\/sl\/wp-json\/wp\/v2\/pages\/3897\/revisions\/5468"}],"up":[{"embeddable":true,"href":"https:\/\/www.riwal.com\/sl\/wp-json\/wp\/v2\/pages\/3834"}],"wp:attachment":[{"href":"https:\/\/www.riwal.com\/sl\/wp-json\/wp\/v2\/media?parent=3897"}],"curies":[{"name":"wp","href":"https:\/\/api.w.org\/{rel}","templated":true}]}}