{"id":3863,"date":"2023-09-12T22:09:04","date_gmt":"2023-09-12T22:09:04","guid":{"rendered":"https:\/\/www.riwal.com\/sl\/?page_id=3863"},"modified":"2024-02-03T19:34:45","modified_gmt":"2024-02-03T19:34:45","slug":"trajnostne-resitve","status":"publish","type":"page","link":"https:\/\/www.riwal.com\/sl\/o-riwalu\/trajnost\/trajnostne-resitve\/","title":{"rendered":"Trajnostne re\u0161itve"},"content":{"rendered":"<div class=\"container\">\n<h2 class=\"wp-block-heading\" id=\"h-odkrijte-nase-trajnostne-resitve\">Odkrijte na\u0161e trajnostne re\u0161itve<\/h2>\n<\/div>\n\n<div class=\"rental-wp-default-block rental-theme-block-default-margin\">\n\t\t\t\t\t\t\t\t<div class=\"container\">\n<div class=\"wp-block-columns is-layout-flex wp-container-core-columns-is-layout-28f84493 wp-block-columns-is-layout-flex\">\n<div class=\"wp-block-column is-layout-flow wp-block-column-is-layout-flow\" style=\"flex-basis:66.66%\">\n<p><strong>Skrivnost poslovnega uspeha je imeti posluh za svoje stranke in njihove potrebe ter le-te zadovoljiti. Kaj storiti, ko stranka vpra\u0161a za trajnostno re\u0161itev, ki na trgu \u0161e ne obstaja?<\/strong><\/p>\n\n\n\n<p>Ena izmed najve\u010djih strank Riwala na Nizozemskem je za svoje delo portebovala ve\u010dje teleskopske ko\u0161are na baterijski pogon, \u010deprav so na trgu take naprave obstajale zgolj z dizelskim. Odlo\u010dili smo se, da bomo idejo kar sami realizirali in napravam spremenili pogon iz dizelskega v baterijski. S tem dejanjem smo prispevali h kar trem&nbsp;<a href=\"https:\/\/www.un.org\/sustainabledevelopment\/sustainable-development-goals\/\">ciljem trajnostnega razvoja, ki jih narekujejo Zdru\u017eeni narodi<\/a>&nbsp;(SDGs 7,11 in 12). To pomeni, da smo prispevali k \u010distej\u0161i energiji, trajnosti mest in skupnosti in odgovorni proizvodnji in porabi.<\/p>\n\n\n\n<figure class=\"wp-block-image size-full is-resized\"><img loading=\"lazy\" decoding=\"async\" width=\"822\" height=\"312\" src=\"https:\/\/eqsk4m2dkju.exactdn.com\/app\/uploads\/sites\/10\/2023\/09\/trajnostne-resitve-x.jpg?strip=all&quality=92&webp=92&avif=80&sharp=1\" alt=\"\" class=\"wp-image-3866\" style=\"width:787px;height:299px\" srcset=\"https:\/\/eqsk4m2dkju.exactdn.com\/app\/uploads\/sites\/10\/2023\/09\/trajnostne-resitve-x.jpg?strip=all&amp;quality=92&amp;webp=92&amp;avif=80&amp;sharp=1 822w, https:\/\/eqsk4m2dkju.exactdn.com\/app\/uploads\/sites\/10\/2023\/09\/trajnostne-resitve-x-300x114.jpg?strip=all&amp;quality=92&amp;webp=92&amp;avif=80&amp;sharp=1 300w, https:\/\/eqsk4m2dkju.exactdn.com\/app\/uploads\/sites\/10\/2023\/09\/trajnostne-resitve-x-768x292.jpg?strip=all&amp;quality=92&amp;webp=92&amp;avif=80&amp;sharp=1 768w, https:\/\/eqsk4m2dkju.exactdn.com\/app\/uploads\/sites\/10\/2023\/09\/trajnostne-resitve-x-178x68.jpg?strip=all&amp;quality=92&amp;webp=92&amp;avif=80&amp;sharp=1 178w, https:\/\/eqsk4m2dkju.exactdn.com\/app\/uploads\/sites\/10\/2023\/09\/trajnostne-resitve-x-390x148.jpg?strip=all&amp;quality=92&amp;webp=92&amp;avif=80&amp;sharp=1 390w, https:\/\/eqsk4m2dkju.exactdn.com\/app\/uploads\/sites\/10\/2023\/09\/trajnostne-resitve-x-250x95.jpg?strip=all&amp;quality=92&amp;webp=92&amp;avif=80&amp;sharp=1 250w, https:\/\/eqsk4m2dkju.exactdn.com\/app\/uploads\/sites\/10\/2023\/09\/trajnostne-resitve-x.jpg?strip=all&amp;quality=92&amp;webp=92&amp;avif=80&amp;sharp=1&amp;w=493 493w, https:\/\/eqsk4m2dkju.exactdn.com\/app\/uploads\/sites\/10\/2023\/09\/trajnostne-resitve-x.jpg?strip=all&amp;quality=92&amp;webp=92&amp;avif=80&amp;sharp=1&amp;w=657 657w\" sizes=\"auto, (max-width: 822px) 100vw, 822px\" \/><\/figure>\n\n\n\n<h4 class=\"wp-block-heading\" id=\"h-nase-baterijske-dvizne-naprave\">Na\u0161e baterijske dvi\u017ene naprave<\/h4>\n\n\n\n<p>Riwalova strokovna tehni\u010dna ekipa na Nizozemskem je prva predelala kar 5 modelov dvi\u017enih naprav iz dizelskega v baterijski pogon: JLG 660SJ baterijska (22m delovne vi\u0161ine), JLG 800AJ baterijska (26m delovne vi\u0161ine), JLG 860SJ baterijska (28m delovne vi\u0161ine), JLG 1200SJP baterijska (39m delovne vi\u0161ine) in&nbsp;JLG 1350SJP baterijska s 43 metri delovne vi\u0161ine, ki je na voljo z na\u0161ega Ljubljanskega depoja.<\/p>\n\n\n\n<p>Zaradi zaostrovanja predpisov Evropske Unije o emisijah je povpra\u0161evanje po baterijskih strojih v zadnjem \u010dasu naraslo. Danes celotna skupina Riwal razpolaga kar s 60% najemno floto na baterijski pogon.<\/p>\n\n\n\n<p><\/p>\n\n\n\n<h2 class=\"wp-block-heading\" id=\"h-nase-digitalne-resitve\">Na\u0161e digitalne re\u0161itve<\/h2>\n\n\n\n<p><strong>BIM informacijsko modeliranje gradbenih projektov<\/strong><\/p>\n\n\n\n<p>BIM (<em>angl. Building Information Modeling)&nbsp;<\/em>vam s pomo\u010djo digitalnih 3D modelov na\u0161ih dvi\u017enih naprav pomaga pri u\u010dinkovitej\u0161em projektiranju gradbenih projektov. Investitorjem, projektantom in gradbenikom omogo\u010damo na\u010drtovanje, izvedbo in vzdr\u017eevanje objektov na enostavnej\u0161i in bolj ekonomi\u010den na\u010din. Pri Riwalu ponujamo&nbsp;brezpla\u010dno spletno knji\u017enico modelov strojev BIM&nbsp;iz na\u0161e flote.<\/p>\n\n\n\n<p><strong>Mobilna aplikacija My Riwal<\/strong><\/p>\n\n\n\n<p>Na\u0161a mobilna apliakcija&nbsp;My Riwal&nbsp;strankam omogo\u010da hiter pregled vseh modelov strojev s specifikacijami in diagrami, po\u0161iljanje povpra\u0161evanj, direkten kontakt za svetovanje in pomo\u010d, predvsem pa je vedno pri roki. Zraven omogo\u010da \u0161e funkcijo 3D resni\u010dnosti, s katero umestite dvi\u017eno napravo v va\u0161e delovno okolje in preverite njeno ustreznost za delo na vi\u0161ini. Na ta na\u010din se na\u0161e stranke lahko izognejo naro\u010danju napa\u010dne naprave in tako prihranijo na \u010dasu, nepotrebnih stro\u0161kih, predvsem pa zmanj\u0161ajo izpuste emisij zaradi dodatne dostave in odvoza napa\u010dne naprave. V prihodnosti bomo aplikacijo nadgradili z dodajanjem osebnih ra\u010dunov za stranke, kjer bo priskrbljen celoten vpogled naro\u010denih strojev in razli\u010dni podatki, med drugim procent najetih baterijskih strojev in njihov energetski stro\u0161ek.<\/p>\n\n\n\n<p><\/p>\n<\/div>\n\n\n\n<div class=\"wp-block-column is-layout-flow wp-block-column-is-layout-flow\" style=\"flex-basis:33.33%\">\n<figure class=\"wp-block-image size-large\"><img loading=\"lazy\" decoding=\"async\" width=\"1024\" height=\"523\" src=\"https:\/\/eqsk4m2dkju.exactdn.com\/app\/uploads\/sites\/10\/2023\/09\/teaserSLO-1024x523.webp?strip=all&quality=92&webp=92&avif=80&sharp=1\" alt=\"\" class=\"wp-image-3846\" srcset=\"https:\/\/eqsk4m2dkju.exactdn.com\/app\/uploads\/sites\/10\/2023\/09\/teaserSLO-1024x523.webp?strip=all&amp;quality=92&amp;webp=92&amp;avif=80&amp;sharp=1 1024w, https:\/\/eqsk4m2dkju.exactdn.com\/app\/uploads\/sites\/10\/2023\/09\/teaserSLO-830x424.webp?strip=all&amp;quality=92&amp;webp=92&amp;avif=80&amp;sharp=1 830w, https:\/\/eqsk4m2dkju.exactdn.com\/app\/uploads\/sites\/10\/2023\/09\/teaserSLO-300x153.webp?strip=all&amp;quality=92&amp;webp=92&amp;avif=80&amp;sharp=1 300w, https:\/\/eqsk4m2dkju.exactdn.com\/app\/uploads\/sites\/10\/2023\/09\/teaserSLO-768x392.webp?strip=all&amp;quality=92&amp;webp=92&amp;avif=80&amp;sharp=1 768w, https:\/\/eqsk4m2dkju.exactdn.com\/app\/uploads\/sites\/10\/2023\/09\/teaserSLO-178x91.webp?strip=all&amp;quality=92&amp;webp=92&amp;avif=80&amp;sharp=1 178w, https:\/\/eqsk4m2dkju.exactdn.com\/app\/uploads\/sites\/10\/2023\/09\/teaserSLO-390x199.webp?strip=all&amp;quality=92&amp;webp=92&amp;avif=80&amp;sharp=1 390w, https:\/\/eqsk4m2dkju.exactdn.com\/app\/uploads\/sites\/10\/2023\/09\/teaserSLO-250x128.webp?strip=all&amp;quality=92&amp;webp=92&amp;avif=80&amp;sharp=1 250w, https:\/\/eqsk4m2dkju.exactdn.com\/app\/uploads\/sites\/10\/2023\/09\/teaserSLO.webp?strip=all&amp;quality=92&amp;webp=92&amp;avif=80&amp;sharp=1 1276w, https:\/\/eqsk4m2dkju.exactdn.com\/app\/uploads\/sites\/10\/2023\/09\/teaserSLO.webp?strip=all&amp;quality=92&amp;webp=92&amp;avif=80&amp;sharp=1&amp;w=510 510w, https:\/\/eqsk4m2dkju.exactdn.com\/app\/uploads\/sites\/10\/2023\/09\/teaserSLO.webp?strip=all&amp;quality=92&amp;webp=92&amp;avif=80&amp;sharp=1&amp;w=450 450w\" sizes=\"auto, (max-width: 1024px) 100vw, 1024px\" \/><\/figure>\n\n\n\n<div class=\"wp-block-buttons is-layout-flex wp-block-buttons-is-layout-flex\">\n<div class=\"wp-block-button\"><a class=\"wp-block-button__link wp-element-button\" href=\"https:\/\/www.riwal.com\/sl\/o-riwalu\/trajnost\/\">Ve\u010d o trajnostnem ra\u010dunu<\/a><\/div>\n<\/div>\n<\/div>\n<\/div>\n<\/div>\n\t\t\t\t\t\t\t<\/div> \n\n<div class=\"rental-wp-default-block rental-theme-block-default-margin\">\n\t\t\t\t\t\t\t\t<div class=\"container\">\n<div class=\"wp-block-columns is-layout-flex wp-container-core-columns-is-layout-28f84493 wp-block-columns-is-layout-flex\">\n<div class=\"wp-block-column is-layout-flow wp-block-column-is-layout-flow\">\n<h2 class=\"wp-block-heading\" id=\"h-edinstvene-baterijske-resitve\">Edinstvene baterijske re\u0161itve<\/h2>\n<\/div>\n\n\n\n<div class=\"wp-block-column is-layout-flow wp-block-column-is-layout-flow\">\n<h2 class=\"wp-block-heading\" id=\"h-povecajte-ucinkovitost-s-tehnologijo-bim\">Pove\u010dajte u\u010dinkovitost s tehnologijo BIM<\/h2>\n<\/div>\n\n\n\n<div class=\"wp-block-column is-layout-flow wp-block-column-is-layout-flow\">\n<h2 class=\"wp-block-heading\" id=\"h-mobilna-aplikacija-za-najem\">Mobilna aplikacija za najem<\/h2>\n<\/div>\n<\/div>\n<\/div>\n\t\t\t\t\t\t\t<\/div> \n\n<div class=\"rental-wp-default-block rental-theme-block-default-margin\">\n\t\t\t\t\t\t\t\t<div class=\"container\">\n<div class=\"wp-block-columns is-layout-flex wp-container-core-columns-is-layout-28f84493 wp-block-columns-is-layout-flex\">\n<div class=\"wp-block-column is-layout-flow wp-block-column-is-layout-flow\">\n<figure class=\"wp-block-image size-full\"><img loading=\"lazy\" decoding=\"async\" width=\"431\" height=\"215\" src=\"https:\/\/eqsk4m2dkju.exactdn.com\/app\/uploads\/sites\/10\/2023\/09\/Innovations-teaser-JLG1350SJP.webp?strip=all&quality=92&webp=92&avif=80&sharp=1\" alt=\"\" class=\"wp-image-3090\" srcset=\"https:\/\/eqsk4m2dkju.exactdn.com\/app\/uploads\/sites\/10\/2023\/09\/Innovations-teaser-JLG1350SJP.webp?strip=all&amp;quality=92&amp;webp=92&amp;avif=80&amp;sharp=1 431w, https:\/\/eqsk4m2dkju.exactdn.com\/app\/uploads\/sites\/10\/2023\/09\/Innovations-teaser-JLG1350SJP-300x150.webp?strip=all&amp;quality=92&amp;webp=92&amp;avif=80&amp;sharp=1 300w, https:\/\/eqsk4m2dkju.exactdn.com\/app\/uploads\/sites\/10\/2023\/09\/Innovations-teaser-JLG1350SJP-178x89.webp?strip=all&amp;quality=92&amp;webp=92&amp;avif=80&amp;sharp=1 178w, https:\/\/eqsk4m2dkju.exactdn.com\/app\/uploads\/sites\/10\/2023\/09\/Innovations-teaser-JLG1350SJP-390x195.webp?strip=all&amp;quality=92&amp;webp=92&amp;avif=80&amp;sharp=1 390w, https:\/\/eqsk4m2dkju.exactdn.com\/app\/uploads\/sites\/10\/2023\/09\/Innovations-teaser-JLG1350SJP-250x125.webp?strip=all&amp;quality=92&amp;webp=92&amp;avif=80&amp;sharp=1 250w, https:\/\/eqsk4m2dkju.exactdn.com\/app\/uploads\/sites\/10\/2023\/09\/Innovations-teaser-JLG1350SJP.webp?strip=all&amp;quality=92&amp;webp=92&amp;avif=80&amp;sharp=1&amp;w=86 86w\" sizes=\"auto, (max-width: 431px) 100vw, 431px\" \/><\/figure>\n\n\n\n<div class=\"wp-block-buttons is-layout-flex wp-block-buttons-is-layout-flex\">\n<div class=\"wp-block-button\"><a class=\"wp-block-button__link wp-element-button\" href=\"https:\/\/www.riwal.com\/sl\/strokovno-znanje\/primeri-resitev\/edinstvene-baterijske-resitve\/\">Podrobnosti<\/a><\/div>\n<\/div>\n<\/div>\n\n\n\n<div class=\"wp-block-column is-layout-flow wp-block-column-is-layout-flow\">\n<figure class=\"wp-block-image size-full\"><img loading=\"lazy\" decoding=\"async\" width=\"450\" height=\"230\" src=\"https:\/\/eqsk4m2dkju.exactdn.com\/app\/uploads\/sites\/10\/2023\/09\/RWL-BIM-afb-450x320-teaser.webp?strip=all&quality=92&webp=92&avif=80&sharp=1\" alt=\"\" class=\"wp-image-3086\" srcset=\"https:\/\/eqsk4m2dkju.exactdn.com\/app\/uploads\/sites\/10\/2023\/09\/RWL-BIM-afb-450x320-teaser.webp?strip=all&amp;quality=92&amp;webp=92&amp;avif=80&amp;sharp=1 450w, https:\/\/eqsk4m2dkju.exactdn.com\/app\/uploads\/sites\/10\/2023\/09\/RWL-BIM-afb-450x320-teaser-300x153.webp?strip=all&amp;quality=92&amp;webp=92&amp;avif=80&amp;sharp=1 300w, https:\/\/eqsk4m2dkju.exactdn.com\/app\/uploads\/sites\/10\/2023\/09\/RWL-BIM-afb-450x320-teaser-178x91.webp?strip=all&amp;quality=92&amp;webp=92&amp;avif=80&amp;sharp=1 178w, https:\/\/eqsk4m2dkju.exactdn.com\/app\/uploads\/sites\/10\/2023\/09\/RWL-BIM-afb-450x320-teaser-390x199.webp?strip=all&amp;quality=92&amp;webp=92&amp;avif=80&amp;sharp=1 390w, https:\/\/eqsk4m2dkju.exactdn.com\/app\/uploads\/sites\/10\/2023\/09\/RWL-BIM-afb-450x320-teaser-250x128.webp?strip=all&amp;quality=92&amp;webp=92&amp;avif=80&amp;sharp=1 250w, https:\/\/eqsk4m2dkju.exactdn.com\/app\/uploads\/sites\/10\/2023\/09\/RWL-BIM-afb-450x320-teaser.webp?strip=all&amp;quality=92&amp;webp=92&amp;avif=80&amp;sharp=1&amp;w=90 90w\" sizes=\"auto, (max-width: 450px) 100vw, 450px\" \/><\/figure>\n\n\n\n<div class=\"wp-block-buttons is-layout-flex wp-block-buttons-is-layout-flex\">\n<div class=\"wp-block-button\"><a class=\"wp-block-button__link wp-element-button\" href=\"https:\/\/www.riwal.com\/sl\/strokovno-znanje\/primeri-resitev\/bim\/\">Podrobnosti<\/a><\/div>\n<\/div>\n<\/div>\n\n\n\n<div class=\"wp-block-column is-layout-flow wp-block-column-is-layout-flow\">\n<figure class=\"wp-block-image size-full\"><img loading=\"lazy\" decoding=\"async\" width=\"450\" height=\"230\" src=\"https:\/\/eqsk4m2dkju.exactdn.com\/app\/uploads\/sites\/10\/2023\/09\/Riwal-Rental-App.webp?strip=all&quality=92&webp=92&avif=80&sharp=1\" alt=\"\" class=\"wp-image-3091\" srcset=\"https:\/\/eqsk4m2dkju.exactdn.com\/app\/uploads\/sites\/10\/2023\/09\/Riwal-Rental-App.webp?strip=all&amp;quality=92&amp;webp=92&amp;avif=80&amp;sharp=1 450w, https:\/\/eqsk4m2dkju.exactdn.com\/app\/uploads\/sites\/10\/2023\/09\/Riwal-Rental-App-300x153.webp?strip=all&amp;quality=92&amp;webp=92&amp;avif=80&amp;sharp=1 300w, https:\/\/eqsk4m2dkju.exactdn.com\/app\/uploads\/sites\/10\/2023\/09\/Riwal-Rental-App-178x91.webp?strip=all&amp;quality=92&amp;webp=92&amp;avif=80&amp;sharp=1 178w, https:\/\/eqsk4m2dkju.exactdn.com\/app\/uploads\/sites\/10\/2023\/09\/Riwal-Rental-App-390x199.webp?strip=all&amp;quality=92&amp;webp=92&amp;avif=80&amp;sharp=1 390w, https:\/\/eqsk4m2dkju.exactdn.com\/app\/uploads\/sites\/10\/2023\/09\/Riwal-Rental-App-250x128.webp?strip=all&amp;quality=92&amp;webp=92&amp;avif=80&amp;sharp=1 250w, https:\/\/eqsk4m2dkju.exactdn.com\/app\/uploads\/sites\/10\/2023\/09\/Riwal-Rental-App.webp?strip=all&amp;quality=92&amp;webp=92&amp;avif=80&amp;sharp=1&amp;w=90 90w\" sizes=\"auto, (max-width: 450px) 100vw, 450px\" \/><\/figure>\n\n\n\n<div class=\"wp-block-buttons is-layout-flex wp-block-buttons-is-layout-flex\">\n<div class=\"wp-block-button\"><a class=\"wp-block-button__link wp-element-button\" href=\"https:\/\/www.riwal.com\/sl\/strokovno-znanje\/primeri-resitev\/mobilna-aplikacija-za-najem\/\">Podrobnosti<\/a><\/div>\n<\/div>\n<\/div>\n<\/div>\n<\/div>\n\t\t\t\t\t\t\t<\/div> ","protected":false},"excerpt":{"rendered":"<p>Odkrijte na\u0161e trajnostne re\u0161itve Skrivnost poslovnega uspeha je imeti posluh za svoje stranke in njihove potrebe ter le-te zadovoljiti. Kaj storiti, ko stranka vpra\u0161a za trajnostno re\u0161itev, ki na trgu \u0161e ne obstaja? Ena izmed najve\u010djih strank Riwala na Nizozemskem je za svoje delo portebovala ve\u010dje teleskopske ko\u0161are na baterijski pogon, \u010deprav so na trgu &hellip; <a href=\"https:\/\/www.riwal.com\/sl\/o-riwalu\/trajnost\/trajnostne-resitve\/\">Se nadaljuje<\/a><\/p>\n","protected":false},"author":45,"featured_media":0,"parent":3834,"menu_order":0,"comment_status":"closed","ping_status":"closed","template":"","meta":{"_acf_changed":false,"footnotes":""},"class_list":["post-3863","page","type-page","status-publish","hentry"],"acf":[],"yoast_head":"<!-- This site is optimized with the Yoast SEO Premium plugin v27.1 (Yoast SEO v27.1.1) - https:\/\/yoast.com\/product\/yoast-seo-premium-wordpress\/ -->\n<title>Trajnostne re\u0161itve - Riwal Slovenija<\/title>\n<meta name=\"description\" content=\"Skrivnost poslovnega uspeha je imeti posluh za svoje stranke in njihove potrebe ter le-te zadovoljiti. Kaj storiti, ko stranka vpra\u0161a za trajnostno re\u0161itev, ki na trgu \u0161e ne obstaja?\" \/>\n<meta name=\"robots\" content=\"index, follow, max-snippet:-1, max-image-preview:large, max-video-preview:-1\" \/>\n<link rel=\"canonical\" href=\"https:\/\/www.riwal.com\/sl\/o-riwalu\/trajnost\/trajnostne-resitve\/\" \/>\n<meta property=\"og:locale\" content=\"sl_SI\" \/>\n<meta property=\"og:type\" content=\"article\" \/>\n<meta property=\"og:title\" content=\"Trajnostne re\u0161itve\" \/>\n<meta property=\"og:description\" content=\"Skrivnost poslovnega uspeha je imeti posluh za svoje stranke in njihove potrebe ter le-te zadovoljiti. Kaj storiti, ko stranka vpra\u0161a za trajnostno re\u0161itev, ki na trgu \u0161e ne obstaja?\" \/>\n<meta property=\"og:url\" content=\"https:\/\/www.riwal.com\/sl\/o-riwalu\/trajnost\/trajnostne-resitve\/\" \/>\n<meta property=\"og:site_name\" content=\"Riwal Slovenija\" \/>\n<meta property=\"article:modified_time\" content=\"2024-02-03T19:34:45+00:00\" \/>\n<meta property=\"og:image\" content=\"https:\/\/www.riwal.com\/app\/uploads\/sites\/10\/2023\/09\/trajnostne-resitve-x.jpg\" \/>\n<meta name=\"twitter:card\" content=\"summary_large_image\" \/>\n<meta name=\"twitter:label1\" content=\"Est. reading time\" \/>\n\t<meta name=\"twitter:data1\" content=\"4 minute\" \/>\n<script type=\"application\/ld+json\" class=\"yoast-schema-graph\">{\"@context\":\"https:\/\/schema.org\",\"@graph\":[{\"@type\":\"WebPage\",\"@id\":\"https:\/\/www.riwal.com\/sl\/o-riwalu\/trajnost\/trajnostne-resitve\/\",\"url\":\"https:\/\/www.riwal.com\/sl\/o-riwalu\/trajnost\/trajnostne-resitve\/\",\"name\":\"Trajnostne re\u0161itve - Riwal Slovenija\",\"isPartOf\":{\"@id\":\"https:\/\/www.riwal.com\/sl\/#website\"},\"primaryImageOfPage\":{\"@id\":\"https:\/\/www.riwal.com\/sl\/o-riwalu\/trajnost\/trajnostne-resitve\/#primaryimage\"},\"image\":{\"@id\":\"https:\/\/www.riwal.com\/sl\/o-riwalu\/trajnost\/trajnostne-resitve\/#primaryimage\"},\"thumbnailUrl\":\"https:\/\/www.riwal.com\/app\/uploads\/sites\/10\/2023\/09\/trajnostne-resitve-x.jpg\",\"datePublished\":\"2023-09-12T22:09:04+00:00\",\"dateModified\":\"2024-02-03T19:34:45+00:00\",\"description\":\"Skrivnost poslovnega uspeha je imeti posluh za svoje stranke in njihove potrebe ter le-te zadovoljiti. Kaj storiti, ko stranka vpra\u0161a za trajnostno re\u0161itev, ki na trgu \u0161e ne obstaja?\",\"breadcrumb\":{\"@id\":\"https:\/\/www.riwal.com\/sl\/o-riwalu\/trajnost\/trajnostne-resitve\/#breadcrumb\"},\"inLanguage\":\"sl-SI\",\"potentialAction\":[{\"@type\":\"ReadAction\",\"target\":[\"https:\/\/www.riwal.com\/sl\/o-riwalu\/trajnost\/trajnostne-resitve\/\"]}]},{\"@type\":\"ImageObject\",\"inLanguage\":\"sl-SI\",\"@id\":\"https:\/\/www.riwal.com\/sl\/o-riwalu\/trajnost\/trajnostne-resitve\/#primaryimage\",\"url\":\"https:\/\/www.riwal.com\/app\/uploads\/sites\/10\/2023\/09\/trajnostne-resitve-x.jpg\",\"contentUrl\":\"https:\/\/www.riwal.com\/app\/uploads\/sites\/10\/2023\/09\/trajnostne-resitve-x.jpg\"},{\"@type\":\"BreadcrumbList\",\"@id\":\"https:\/\/www.riwal.com\/sl\/o-riwalu\/trajnost\/trajnostne-resitve\/#breadcrumb\",\"itemListElement\":[{\"@type\":\"ListItem\",\"position\":1,\"name\":\"Domov\",\"item\":\"https:\/\/www.riwal.com\/sl\/\"},{\"@type\":\"ListItem\",\"position\":2,\"name\":\"O riwalu\",\"item\":\"https:\/\/www.riwal.com\/sl\/o-riwalu\/\"},{\"@type\":\"ListItem\",\"position\":3,\"name\":\"Trajnost\",\"item\":\"https:\/\/www.riwal.com\/sl\/o-riwalu\/trajnost\/\"},{\"@type\":\"ListItem\",\"position\":4,\"name\":\"Trajnostne re\u0161itve\"}]},{\"@type\":\"WebSite\",\"@id\":\"https:\/\/www.riwal.com\/sl\/#website\",\"url\":\"https:\/\/www.riwal.com\/sl\/\",\"name\":\"Riwal\",\"description\":\"Arial work platform &amp; Telehandler Rental\/Sales\",\"publisher\":{\"@id\":\"https:\/\/www.riwal.com\/sl\/#organization\"},\"potentialAction\":[{\"@type\":\"SearchAction\",\"target\":{\"@type\":\"EntryPoint\",\"urlTemplate\":\"https:\/\/www.riwal.com\/sl\/?s={search_term_string}\"},\"query-input\":{\"@type\":\"PropertyValueSpecification\",\"valueRequired\":true,\"valueName\":\"search_term_string\"}}],\"inLanguage\":\"sl-SI\"},{\"@type\":\"Organization\",\"@id\":\"https:\/\/www.riwal.com\/sl\/#organization\",\"name\":\"Riwal\",\"url\":\"https:\/\/www.riwal.com\/sl\/\",\"logo\":{\"@type\":\"ImageObject\",\"inLanguage\":\"sl-SI\",\"@id\":\"https:\/\/www.riwal.com\/sl\/#\/schema\/logo\/image\/\",\"url\":\"\",\"contentUrl\":\"\",\"caption\":\"Riwal\"},\"image\":{\"@id\":\"https:\/\/www.riwal.com\/sl\/#\/schema\/logo\/image\/\"}}]}<\/script>\n<!-- \/ Yoast SEO Premium plugin. -->","yoast_head_json":{"title":"Trajnostne re\u0161itve - Riwal Slovenija","description":"Skrivnost poslovnega uspeha je imeti posluh za svoje stranke in njihove potrebe ter le-te zadovoljiti. Kaj storiti, ko stranka vpra\u0161a za trajnostno re\u0161itev, ki na trgu \u0161e ne obstaja?","robots":{"index":"index","follow":"follow","max-snippet":"max-snippet:-1","max-image-preview":"max-image-preview:large","max-video-preview":"max-video-preview:-1"},"canonical":"https:\/\/www.riwal.com\/sl\/o-riwalu\/trajnost\/trajnostne-resitve\/","og_locale":"sl_SI","og_type":"article","og_title":"Trajnostne re\u0161itve","og_description":"Skrivnost poslovnega uspeha je imeti posluh za svoje stranke in njihove potrebe ter le-te zadovoljiti. Kaj storiti, ko stranka vpra\u0161a za trajnostno re\u0161itev, ki na trgu \u0161e ne obstaja?","og_url":"https:\/\/www.riwal.com\/sl\/o-riwalu\/trajnost\/trajnostne-resitve\/","og_site_name":"Riwal Slovenija","article_modified_time":"2024-02-03T19:34:45+00:00","og_image":[{"url":"https:\/\/www.riwal.com\/app\/uploads\/sites\/10\/2023\/09\/trajnostne-resitve-x.jpg","type":"","width":"","height":""}],"twitter_card":"summary_large_image","twitter_misc":{"Est. reading time":"4 minute"},"schema":{"@context":"https:\/\/schema.org","@graph":[{"@type":"WebPage","@id":"https:\/\/www.riwal.com\/sl\/o-riwalu\/trajnost\/trajnostne-resitve\/","url":"https:\/\/www.riwal.com\/sl\/o-riwalu\/trajnost\/trajnostne-resitve\/","name":"Trajnostne re\u0161itve - Riwal Slovenija","isPartOf":{"@id":"https:\/\/www.riwal.com\/sl\/#website"},"primaryImageOfPage":{"@id":"https:\/\/www.riwal.com\/sl\/o-riwalu\/trajnost\/trajnostne-resitve\/#primaryimage"},"image":{"@id":"https:\/\/www.riwal.com\/sl\/o-riwalu\/trajnost\/trajnostne-resitve\/#primaryimage"},"thumbnailUrl":"https:\/\/www.riwal.com\/app\/uploads\/sites\/10\/2023\/09\/trajnostne-resitve-x.jpg","datePublished":"2023-09-12T22:09:04+00:00","dateModified":"2024-02-03T19:34:45+00:00","description":"Skrivnost poslovnega uspeha je imeti posluh za svoje stranke in njihove potrebe ter le-te zadovoljiti. Kaj storiti, ko stranka vpra\u0161a za trajnostno re\u0161itev, ki na trgu \u0161e ne obstaja?","breadcrumb":{"@id":"https:\/\/www.riwal.com\/sl\/o-riwalu\/trajnost\/trajnostne-resitve\/#breadcrumb"},"inLanguage":"sl-SI","potentialAction":[{"@type":"ReadAction","target":["https:\/\/www.riwal.com\/sl\/o-riwalu\/trajnost\/trajnostne-resitve\/"]}]},{"@type":"ImageObject","inLanguage":"sl-SI","@id":"https:\/\/www.riwal.com\/sl\/o-riwalu\/trajnost\/trajnostne-resitve\/#primaryimage","url":"https:\/\/www.riwal.com\/app\/uploads\/sites\/10\/2023\/09\/trajnostne-resitve-x.jpg","contentUrl":"https:\/\/www.riwal.com\/app\/uploads\/sites\/10\/2023\/09\/trajnostne-resitve-x.jpg"},{"@type":"BreadcrumbList","@id":"https:\/\/www.riwal.com\/sl\/o-riwalu\/trajnost\/trajnostne-resitve\/#breadcrumb","itemListElement":[{"@type":"ListItem","position":1,"name":"Domov","item":"https:\/\/www.riwal.com\/sl\/"},{"@type":"ListItem","position":2,"name":"O riwalu","item":"https:\/\/www.riwal.com\/sl\/o-riwalu\/"},{"@type":"ListItem","position":3,"name":"Trajnost","item":"https:\/\/www.riwal.com\/sl\/o-riwalu\/trajnost\/"},{"@type":"ListItem","position":4,"name":"Trajnostne re\u0161itve"}]},{"@type":"WebSite","@id":"https:\/\/www.riwal.com\/sl\/#website","url":"https:\/\/www.riwal.com\/sl\/","name":"Riwal","description":"Arial work platform &amp; Telehandler Rental\/Sales","publisher":{"@id":"https:\/\/www.riwal.com\/sl\/#organization"},"potentialAction":[{"@type":"SearchAction","target":{"@type":"EntryPoint","urlTemplate":"https:\/\/www.riwal.com\/sl\/?s={search_term_string}"},"query-input":{"@type":"PropertyValueSpecification","valueRequired":true,"valueName":"search_term_string"}}],"inLanguage":"sl-SI"},{"@type":"Organization","@id":"https:\/\/www.riwal.com\/sl\/#organization","name":"Riwal","url":"https:\/\/www.riwal.com\/sl\/","logo":{"@type":"ImageObject","inLanguage":"sl-SI","@id":"https:\/\/www.riwal.com\/sl\/#\/schema\/logo\/image\/","url":"","contentUrl":"","caption":"Riwal"},"image":{"@id":"https:\/\/www.riwal.com\/sl\/#\/schema\/logo\/image\/"}}]}},"_links":{"self":[{"href":"https:\/\/www.riwal.com\/sl\/wp-json\/wp\/v2\/pages\/3863","targetHints":{"allow":["GET"]}}],"collection":[{"href":"https:\/\/www.riwal.com\/sl\/wp-json\/wp\/v2\/pages"}],"about":[{"href":"https:\/\/www.riwal.com\/sl\/wp-json\/wp\/v2\/types\/page"}],"author":[{"embeddable":true,"href":"https:\/\/www.riwal.com\/sl\/wp-json\/wp\/v2\/users\/45"}],"replies":[{"embeddable":true,"href":"https:\/\/www.riwal.com\/sl\/wp-json\/wp\/v2\/comments?post=3863"}],"version-history":[{"count":5,"href":"https:\/\/www.riwal.com\/sl\/wp-json\/wp\/v2\/pages\/3863\/revisions"}],"predecessor-version":[{"id":5467,"href":"https:\/\/www.riwal.com\/sl\/wp-json\/wp\/v2\/pages\/3863\/revisions\/5467"}],"up":[{"embeddable":true,"href":"https:\/\/www.riwal.com\/sl\/wp-json\/wp\/v2\/pages\/3834"}],"wp:attachment":[{"href":"https:\/\/www.riwal.com\/sl\/wp-json\/wp\/v2\/media?parent=3863"}],"curies":[{"name":"wp","href":"https:\/\/api.w.org\/{rel}","templated":true}]}}