{"id":3859,"date":"2023-09-12T21:42:53","date_gmt":"2023-09-12T21:42:53","guid":{"rendered":"https:\/\/www.riwal.com\/sl\/?page_id=3859"},"modified":"2024-01-21T13:20:39","modified_gmt":"2024-01-21T13:20:39","slug":"usklajenost-s-cilji-zn","status":"publish","type":"page","link":"https:\/\/www.riwal.com\/sl\/o-riwalu\/trajnost\/usklajenost-s-cilji-zn\/","title":{"rendered":"Usklajenost s cilji ZN"},"content":{"rendered":"<div class=\"rental-wp-default-block rental-theme-block-default-margin\">\n\t\t\t\t\t\t\t\t<div class=\"container\">\n<div class=\"wp-block-columns is-layout-flex wp-container-core-columns-is-layout-28f84493 wp-block-columns-is-layout-flex\">\n<div class=\"wp-block-column is-layout-flow wp-block-column-is-layout-flow\" style=\"flex-basis:66.66%\">\n<p><strong>Cilje\u00a0<a href=\"https:\/\/www.un.org\/sustainabledevelopment\/\">trajnostnega razvoja<\/a>\u00a0so pripravile dr\u017eave \u010dlanice Zdru\u017eenih narodov v letu 2015 kot del agende za trajnostni razvoj do leta 2030. Osredoto\u010dajo se na re\u0161evanje vpra\u0161anj rev\u0161\u010dine, neenakost spolov in podnebnih sprememb. Tudi sami bi \u017eeleli imeti vlogo pri doseganju ciljev te globalne pobude. Od leta 2019 se posledi\u010dno fokusiramo, da svoja prizadevanja in dolo\u010devanje ciljev uskladimo s spodaj na\u0161tetimi.<\/strong><\/p>\n\n\n\n<figure class=\"wp-block-image size-full\"><img loading=\"lazy\" decoding=\"async\" width=\"1012\" height=\"494\" src=\"https:\/\/eqsk4m2dkju.exactdn.com\/app\/uploads\/sites\/10\/2023\/09\/cilji-usklajeni-zn.jpg?strip=all&quality=92&webp=92&avif=80&sharp=1\" alt=\"\" class=\"wp-image-3861\" srcset=\"https:\/\/eqsk4m2dkju.exactdn.com\/app\/uploads\/sites\/10\/2023\/09\/cilji-usklajeni-zn.jpg?strip=all&amp;quality=92&amp;webp=92&amp;avif=80&amp;sharp=1 1012w, https:\/\/eqsk4m2dkju.exactdn.com\/app\/uploads\/sites\/10\/2023\/09\/cilji-usklajeni-zn-830x405.jpg?strip=all&amp;quality=92&amp;webp=92&amp;avif=80&amp;sharp=1 830w, https:\/\/eqsk4m2dkju.exactdn.com\/app\/uploads\/sites\/10\/2023\/09\/cilji-usklajeni-zn-300x146.jpg?strip=all&amp;quality=92&amp;webp=92&amp;avif=80&amp;sharp=1 300w, https:\/\/eqsk4m2dkju.exactdn.com\/app\/uploads\/sites\/10\/2023\/09\/cilji-usklajeni-zn-768x375.jpg?strip=all&amp;quality=92&amp;webp=92&amp;avif=80&amp;sharp=1 768w, https:\/\/eqsk4m2dkju.exactdn.com\/app\/uploads\/sites\/10\/2023\/09\/cilji-usklajeni-zn-178x87.jpg?strip=all&amp;quality=92&amp;webp=92&amp;avif=80&amp;sharp=1 178w, https:\/\/eqsk4m2dkju.exactdn.com\/app\/uploads\/sites\/10\/2023\/09\/cilji-usklajeni-zn-390x190.jpg?strip=all&amp;quality=92&amp;webp=92&amp;avif=80&amp;sharp=1 390w, https:\/\/eqsk4m2dkju.exactdn.com\/app\/uploads\/sites\/10\/2023\/09\/cilji-usklajeni-zn-250x122.jpg?strip=all&amp;quality=92&amp;webp=92&amp;avif=80&amp;sharp=1 250w, https:\/\/eqsk4m2dkju.exactdn.com\/app\/uploads\/sites\/10\/2023\/09\/cilji-usklajeni-zn.jpg?strip=all&amp;quality=92&amp;webp=92&amp;avif=80&amp;sharp=1&amp;w=607 607w, https:\/\/eqsk4m2dkju.exactdn.com\/app\/uploads\/sites\/10\/2023\/09\/cilji-usklajeni-zn.jpg?strip=all&amp;quality=92&amp;webp=92&amp;avif=80&amp;sharp=1&amp;w=450 450w\" sizes=\"auto, (max-width: 1012px) 100vw, 1012px\" \/><\/figure>\n\n\n\n<h2 class=\"wp-block-heading\" id=\"h-cilji\">CILJI:<\/h2>\n\n\n\n<ul class=\"wp-block-list\">\n<li>Cilj 3: Poskrbeti za zdravo \u017eivljenje in spodbujati splo\u0161no dobro po\u010dutje v vseh \u017eivljenjskih obdobjih<\/li>\n\n\n\n<li>Cilj 4: Vsem enakopravno zagotoviti kakovostno izobrazbo ter spodbujati mo\u017enosti vse\u017eivljenjskega u\u010denja za vsakogar<\/li>\n\n\n\n<li>Cilj 6: Vsem zagotoviti dostop do vode in sanitarne ureditve ter poskrbeti za trajnostno gospodarjenje z vodnimi viri<\/li>\n\n\n\n<li>Cilj 7: Vsem zagotoviti dostop do cenovno sprejemljivih, zanesljivih, trajnostnih in sodobnih virov energije<\/li>\n\n\n\n<li>Cilj 8: Spodbujati trajnostno, vklju\u010dujo\u010do in vzdr\u017eno gospodarsko rast, polno in produktivno zaposlenost ter dostojno delo za vse<\/li>\n\n\n\n<li>Cilj 11: Poskrbeti za odprta, varna, vzdr\u017eljiva in trajnostna mesta in naselja<\/li>\n\n\n\n<li>Cilj 12: Zagotoviti trajnostne na\u010dine proizvodnje in porabe<\/li>\n<\/ul>\n\n\n\n<p>Med enaintridesetimi temami o dru\u017ebeni odgovornosti podjetij, ki se uporabljajo za merjenje uspe\u0161nosti podjetja na tem podro\u010dju (na primer energija, voda, vpliv na dru\u017ebo idr.), smo prednostno obravnavali vpra\u0161anja, ki so pomembna za Riwal in njegove glavne dele\u017enike. Tako smo na podlagi tem in ciljev trajnostnega razvoja izbrali 7 zgoraj na\u0161tetih ciljev, ki so povezani z na\u0161imi izzivi.<\/p>\n\n\n\n<p>Preglejte na\u0161e&nbsp;<a href=\"https:\/\/www.riwal.com\/slovenia\/sl-si\/o-riwalu\/trajnost\/nas-pristop\/certikifati\">certifikate<\/a>, ki se upo\u0161tevajo pri ume\u0161\u010danju na lestvico uspe\u0161nosti podjetij (angl.&nbsp;<a href=\"https:\/\/www.mvoprestatieladder.nl\/en\/what-is-csr-performance-ladder\/\">CSR Performance Ladder<\/a>).&nbsp;<\/p>\n<\/div>\n\n\n\n<div class=\"wp-block-column is-layout-flow wp-block-column-is-layout-flow\" style=\"flex-basis:33.33%\">\n<figure class=\"wp-block-image size-large\"><img loading=\"lazy\" decoding=\"async\" width=\"1024\" height=\"523\" src=\"https:\/\/eqsk4m2dkju.exactdn.com\/app\/uploads\/sites\/10\/2023\/09\/teaserSLO-1024x523.webp?strip=all&quality=92&webp=92&avif=80&sharp=1\" alt=\"\" class=\"wp-image-3846\" srcset=\"https:\/\/eqsk4m2dkju.exactdn.com\/app\/uploads\/sites\/10\/2023\/09\/teaserSLO-1024x523.webp?strip=all&amp;quality=92&amp;webp=92&amp;avif=80&amp;sharp=1 1024w, https:\/\/eqsk4m2dkju.exactdn.com\/app\/uploads\/sites\/10\/2023\/09\/teaserSLO-830x424.webp?strip=all&amp;quality=92&amp;webp=92&amp;avif=80&amp;sharp=1 830w, https:\/\/eqsk4m2dkju.exactdn.com\/app\/uploads\/sites\/10\/2023\/09\/teaserSLO-300x153.webp?strip=all&amp;quality=92&amp;webp=92&amp;avif=80&amp;sharp=1 300w, https:\/\/eqsk4m2dkju.exactdn.com\/app\/uploads\/sites\/10\/2023\/09\/teaserSLO-768x392.webp?strip=all&amp;quality=92&amp;webp=92&amp;avif=80&amp;sharp=1 768w, https:\/\/eqsk4m2dkju.exactdn.com\/app\/uploads\/sites\/10\/2023\/09\/teaserSLO-178x91.webp?strip=all&amp;quality=92&amp;webp=92&amp;avif=80&amp;sharp=1 178w, https:\/\/eqsk4m2dkju.exactdn.com\/app\/uploads\/sites\/10\/2023\/09\/teaserSLO-390x199.webp?strip=all&amp;quality=92&amp;webp=92&amp;avif=80&amp;sharp=1 390w, https:\/\/eqsk4m2dkju.exactdn.com\/app\/uploads\/sites\/10\/2023\/09\/teaserSLO-250x128.webp?strip=all&amp;quality=92&amp;webp=92&amp;avif=80&amp;sharp=1 250w, https:\/\/eqsk4m2dkju.exactdn.com\/app\/uploads\/sites\/10\/2023\/09\/teaserSLO.webp?strip=all&amp;quality=92&amp;webp=92&amp;avif=80&amp;sharp=1 1276w, https:\/\/eqsk4m2dkju.exactdn.com\/app\/uploads\/sites\/10\/2023\/09\/teaserSLO.webp?strip=all&amp;quality=92&amp;webp=92&amp;avif=80&amp;sharp=1&amp;w=510 510w, https:\/\/eqsk4m2dkju.exactdn.com\/app\/uploads\/sites\/10\/2023\/09\/teaserSLO.webp?strip=all&amp;quality=92&amp;webp=92&amp;avif=80&amp;sharp=1&amp;w=450 450w\" sizes=\"auto, (max-width: 1024px) 100vw, 1024px\" \/><\/figure>\n\n\n\n<div class=\"wp-block-buttons is-layout-flex wp-block-buttons-is-layout-flex\">\n<div class=\"wp-block-button\"><a class=\"wp-block-button__link wp-element-button\" href=\"https:\/\/www.riwal.com\/sl\/o-riwalu\/trajnost\/\">Ve\u010d o trajnostnem ra\u010dunu<\/a><\/div>\n<\/div>\n<\/div>\n<\/div>\n<\/div>\n\t\t\t\t\t\t\t<\/div> ","protected":false},"excerpt":{"rendered":"<p>Cilje\u00a0trajnostnega razvoja\u00a0so pripravile dr\u017eave \u010dlanice Zdru\u017eenih narodov v letu 2015 kot del agende za trajnostni razvoj do leta 2030. Osredoto\u010dajo se na re\u0161evanje vpra\u0161anj rev\u0161\u010dine, neenakost spolov in podnebnih sprememb. Tudi sami bi \u017eeleli imeti vlogo pri doseganju ciljev te globalne pobude. Od leta 2019 se posledi\u010dno fokusiramo, da svoja prizadevanja in dolo\u010devanje ciljev uskladimo &hellip; <a href=\"https:\/\/www.riwal.com\/sl\/o-riwalu\/trajnost\/usklajenost-s-cilji-zn\/\">Se nadaljuje<\/a><\/p>\n","protected":false},"author":45,"featured_media":0,"parent":3834,"menu_order":0,"comment_status":"closed","ping_status":"closed","template":"","meta":{"_acf_changed":false,"footnotes":""},"class_list":["post-3859","page","type-page","status-publish","hentry"],"acf":[],"yoast_head":"<!-- This site is optimized with the Yoast SEO Premium plugin v27.1 (Yoast SEO v27.1.1) - https:\/\/yoast.com\/product\/yoast-seo-premium-wordpress\/ -->\n<title>Usklajenost na\u0161ih ciljev z Zdru\u017eenimi narodi- Riwal Slovenija<\/title>\n<meta name=\"description\" content=\"Cilje trajnostnega razvoja so pripravile dr\u017eave \u010dlanice Zdru\u017eenih narodov v letu 2015 kot del agende za trajnostni razvoj do leta 2030.\" \/>\n<meta name=\"robots\" content=\"index, follow, max-snippet:-1, max-image-preview:large, max-video-preview:-1\" \/>\n<link rel=\"canonical\" href=\"https:\/\/www.riwal.com\/sl\/o-riwalu\/trajnost\/usklajenost-s-cilji-zn\/\" \/>\n<meta property=\"og:locale\" content=\"sl_SI\" \/>\n<meta property=\"og:type\" content=\"article\" \/>\n<meta property=\"og:title\" content=\"Usklajenost s cilji ZN\" \/>\n<meta property=\"og:description\" content=\"Cilje trajnostnega razvoja so pripravile dr\u017eave \u010dlanice Zdru\u017eenih narodov v letu 2015 kot del agende za trajnostni razvoj do leta 2030.\" \/>\n<meta property=\"og:url\" content=\"https:\/\/www.riwal.com\/sl\/o-riwalu\/trajnost\/usklajenost-s-cilji-zn\/\" \/>\n<meta property=\"og:site_name\" content=\"Riwal Slovenija\" \/>\n<meta property=\"article:modified_time\" content=\"2024-01-21T13:20:39+00:00\" \/>\n<meta property=\"og:image\" content=\"https:\/\/www.riwal.com\/app\/uploads\/sites\/10\/2023\/09\/cilji-usklajeni-zn.jpg\" \/>\n<meta name=\"twitter:card\" content=\"summary_large_image\" \/>\n<meta name=\"twitter:label1\" content=\"Est. reading time\" \/>\n\t<meta name=\"twitter:data1\" content=\"2 minuti\" \/>\n<script type=\"application\/ld+json\" class=\"yoast-schema-graph\">{\"@context\":\"https:\/\/schema.org\",\"@graph\":[{\"@type\":\"WebPage\",\"@id\":\"https:\/\/www.riwal.com\/sl\/o-riwalu\/trajnost\/usklajenost-s-cilji-zn\/\",\"url\":\"https:\/\/www.riwal.com\/sl\/o-riwalu\/trajnost\/usklajenost-s-cilji-zn\/\",\"name\":\"Usklajenost na\u0161ih ciljev z Zdru\u017eenimi narodi- Riwal Slovenija\",\"isPartOf\":{\"@id\":\"https:\/\/www.riwal.com\/sl\/#website\"},\"primaryImageOfPage\":{\"@id\":\"https:\/\/www.riwal.com\/sl\/o-riwalu\/trajnost\/usklajenost-s-cilji-zn\/#primaryimage\"},\"image\":{\"@id\":\"https:\/\/www.riwal.com\/sl\/o-riwalu\/trajnost\/usklajenost-s-cilji-zn\/#primaryimage\"},\"thumbnailUrl\":\"https:\/\/www.riwal.com\/app\/uploads\/sites\/10\/2023\/09\/cilji-usklajeni-zn.jpg\",\"datePublished\":\"2023-09-12T21:42:53+00:00\",\"dateModified\":\"2024-01-21T13:20:39+00:00\",\"description\":\"Cilje trajnostnega razvoja so pripravile dr\u017eave \u010dlanice Zdru\u017eenih narodov v letu 2015 kot del agende za trajnostni razvoj do leta 2030.\",\"breadcrumb\":{\"@id\":\"https:\/\/www.riwal.com\/sl\/o-riwalu\/trajnost\/usklajenost-s-cilji-zn\/#breadcrumb\"},\"inLanguage\":\"sl-SI\",\"potentialAction\":[{\"@type\":\"ReadAction\",\"target\":[\"https:\/\/www.riwal.com\/sl\/o-riwalu\/trajnost\/usklajenost-s-cilji-zn\/\"]}]},{\"@type\":\"ImageObject\",\"inLanguage\":\"sl-SI\",\"@id\":\"https:\/\/www.riwal.com\/sl\/o-riwalu\/trajnost\/usklajenost-s-cilji-zn\/#primaryimage\",\"url\":\"https:\/\/www.riwal.com\/app\/uploads\/sites\/10\/2023\/09\/cilji-usklajeni-zn.jpg\",\"contentUrl\":\"https:\/\/www.riwal.com\/app\/uploads\/sites\/10\/2023\/09\/cilji-usklajeni-zn.jpg\"},{\"@type\":\"BreadcrumbList\",\"@id\":\"https:\/\/www.riwal.com\/sl\/o-riwalu\/trajnost\/usklajenost-s-cilji-zn\/#breadcrumb\",\"itemListElement\":[{\"@type\":\"ListItem\",\"position\":1,\"name\":\"Domov\",\"item\":\"https:\/\/www.riwal.com\/sl\/\"},{\"@type\":\"ListItem\",\"position\":2,\"name\":\"O riwalu\",\"item\":\"https:\/\/www.riwal.com\/sl\/o-riwalu\/\"},{\"@type\":\"ListItem\",\"position\":3,\"name\":\"Trajnost\",\"item\":\"https:\/\/www.riwal.com\/sl\/o-riwalu\/trajnost\/\"},{\"@type\":\"ListItem\",\"position\":4,\"name\":\"Usklajenost s cilji ZN\"}]},{\"@type\":\"WebSite\",\"@id\":\"https:\/\/www.riwal.com\/sl\/#website\",\"url\":\"https:\/\/www.riwal.com\/sl\/\",\"name\":\"Riwal\",\"description\":\"Arial work platform &amp; Telehandler Rental\/Sales\",\"publisher\":{\"@id\":\"https:\/\/www.riwal.com\/sl\/#organization\"},\"potentialAction\":[{\"@type\":\"SearchAction\",\"target\":{\"@type\":\"EntryPoint\",\"urlTemplate\":\"https:\/\/www.riwal.com\/sl\/?s={search_term_string}\"},\"query-input\":{\"@type\":\"PropertyValueSpecification\",\"valueRequired\":true,\"valueName\":\"search_term_string\"}}],\"inLanguage\":\"sl-SI\"},{\"@type\":\"Organization\",\"@id\":\"https:\/\/www.riwal.com\/sl\/#organization\",\"name\":\"Riwal\",\"url\":\"https:\/\/www.riwal.com\/sl\/\",\"logo\":{\"@type\":\"ImageObject\",\"inLanguage\":\"sl-SI\",\"@id\":\"https:\/\/www.riwal.com\/sl\/#\/schema\/logo\/image\/\",\"url\":\"\",\"contentUrl\":\"\",\"caption\":\"Riwal\"},\"image\":{\"@id\":\"https:\/\/www.riwal.com\/sl\/#\/schema\/logo\/image\/\"}}]}<\/script>\n<!-- \/ Yoast SEO Premium plugin. -->","yoast_head_json":{"title":"Usklajenost na\u0161ih ciljev z Zdru\u017eenimi narodi- Riwal Slovenija","description":"Cilje trajnostnega razvoja so pripravile dr\u017eave \u010dlanice Zdru\u017eenih narodov v letu 2015 kot del agende za trajnostni razvoj do leta 2030.","robots":{"index":"index","follow":"follow","max-snippet":"max-snippet:-1","max-image-preview":"max-image-preview:large","max-video-preview":"max-video-preview:-1"},"canonical":"https:\/\/www.riwal.com\/sl\/o-riwalu\/trajnost\/usklajenost-s-cilji-zn\/","og_locale":"sl_SI","og_type":"article","og_title":"Usklajenost s cilji ZN","og_description":"Cilje trajnostnega razvoja so pripravile dr\u017eave \u010dlanice Zdru\u017eenih narodov v letu 2015 kot del agende za trajnostni razvoj do leta 2030.","og_url":"https:\/\/www.riwal.com\/sl\/o-riwalu\/trajnost\/usklajenost-s-cilji-zn\/","og_site_name":"Riwal Slovenija","article_modified_time":"2024-01-21T13:20:39+00:00","og_image":[{"url":"https:\/\/www.riwal.com\/app\/uploads\/sites\/10\/2023\/09\/cilji-usklajeni-zn.jpg","type":"","width":"","height":""}],"twitter_card":"summary_large_image","twitter_misc":{"Est. reading time":"2 minuti"},"schema":{"@context":"https:\/\/schema.org","@graph":[{"@type":"WebPage","@id":"https:\/\/www.riwal.com\/sl\/o-riwalu\/trajnost\/usklajenost-s-cilji-zn\/","url":"https:\/\/www.riwal.com\/sl\/o-riwalu\/trajnost\/usklajenost-s-cilji-zn\/","name":"Usklajenost na\u0161ih ciljev z Zdru\u017eenimi narodi- Riwal Slovenija","isPartOf":{"@id":"https:\/\/www.riwal.com\/sl\/#website"},"primaryImageOfPage":{"@id":"https:\/\/www.riwal.com\/sl\/o-riwalu\/trajnost\/usklajenost-s-cilji-zn\/#primaryimage"},"image":{"@id":"https:\/\/www.riwal.com\/sl\/o-riwalu\/trajnost\/usklajenost-s-cilji-zn\/#primaryimage"},"thumbnailUrl":"https:\/\/www.riwal.com\/app\/uploads\/sites\/10\/2023\/09\/cilji-usklajeni-zn.jpg","datePublished":"2023-09-12T21:42:53+00:00","dateModified":"2024-01-21T13:20:39+00:00","description":"Cilje trajnostnega razvoja so pripravile dr\u017eave \u010dlanice Zdru\u017eenih narodov v letu 2015 kot del agende za trajnostni razvoj do leta 2030.","breadcrumb":{"@id":"https:\/\/www.riwal.com\/sl\/o-riwalu\/trajnost\/usklajenost-s-cilji-zn\/#breadcrumb"},"inLanguage":"sl-SI","potentialAction":[{"@type":"ReadAction","target":["https:\/\/www.riwal.com\/sl\/o-riwalu\/trajnost\/usklajenost-s-cilji-zn\/"]}]},{"@type":"ImageObject","inLanguage":"sl-SI","@id":"https:\/\/www.riwal.com\/sl\/o-riwalu\/trajnost\/usklajenost-s-cilji-zn\/#primaryimage","url":"https:\/\/www.riwal.com\/app\/uploads\/sites\/10\/2023\/09\/cilji-usklajeni-zn.jpg","contentUrl":"https:\/\/www.riwal.com\/app\/uploads\/sites\/10\/2023\/09\/cilji-usklajeni-zn.jpg"},{"@type":"BreadcrumbList","@id":"https:\/\/www.riwal.com\/sl\/o-riwalu\/trajnost\/usklajenost-s-cilji-zn\/#breadcrumb","itemListElement":[{"@type":"ListItem","position":1,"name":"Domov","item":"https:\/\/www.riwal.com\/sl\/"},{"@type":"ListItem","position":2,"name":"O riwalu","item":"https:\/\/www.riwal.com\/sl\/o-riwalu\/"},{"@type":"ListItem","position":3,"name":"Trajnost","item":"https:\/\/www.riwal.com\/sl\/o-riwalu\/trajnost\/"},{"@type":"ListItem","position":4,"name":"Usklajenost s cilji ZN"}]},{"@type":"WebSite","@id":"https:\/\/www.riwal.com\/sl\/#website","url":"https:\/\/www.riwal.com\/sl\/","name":"Riwal","description":"Arial work platform &amp; Telehandler Rental\/Sales","publisher":{"@id":"https:\/\/www.riwal.com\/sl\/#organization"},"potentialAction":[{"@type":"SearchAction","target":{"@type":"EntryPoint","urlTemplate":"https:\/\/www.riwal.com\/sl\/?s={search_term_string}"},"query-input":{"@type":"PropertyValueSpecification","valueRequired":true,"valueName":"search_term_string"}}],"inLanguage":"sl-SI"},{"@type":"Organization","@id":"https:\/\/www.riwal.com\/sl\/#organization","name":"Riwal","url":"https:\/\/www.riwal.com\/sl\/","logo":{"@type":"ImageObject","inLanguage":"sl-SI","@id":"https:\/\/www.riwal.com\/sl\/#\/schema\/logo\/image\/","url":"","contentUrl":"","caption":"Riwal"},"image":{"@id":"https:\/\/www.riwal.com\/sl\/#\/schema\/logo\/image\/"}}]}},"_links":{"self":[{"href":"https:\/\/www.riwal.com\/sl\/wp-json\/wp\/v2\/pages\/3859","targetHints":{"allow":["GET"]}}],"collection":[{"href":"https:\/\/www.riwal.com\/sl\/wp-json\/wp\/v2\/pages"}],"about":[{"href":"https:\/\/www.riwal.com\/sl\/wp-json\/wp\/v2\/types\/page"}],"author":[{"embeddable":true,"href":"https:\/\/www.riwal.com\/sl\/wp-json\/wp\/v2\/users\/45"}],"replies":[{"embeddable":true,"href":"https:\/\/www.riwal.com\/sl\/wp-json\/wp\/v2\/comments?post=3859"}],"version-history":[{"count":3,"href":"https:\/\/www.riwal.com\/sl\/wp-json\/wp\/v2\/pages\/3859\/revisions"}],"predecessor-version":[{"id":4637,"href":"https:\/\/www.riwal.com\/sl\/wp-json\/wp\/v2\/pages\/3859\/revisions\/4637"}],"up":[{"embeddable":true,"href":"https:\/\/www.riwal.com\/sl\/wp-json\/wp\/v2\/pages\/3834"}],"wp:attachment":[{"href":"https:\/\/www.riwal.com\/sl\/wp-json\/wp\/v2\/media?parent=3859"}],"curies":[{"name":"wp","href":"https:\/\/api.w.org\/{rel}","templated":true}]}}