{"id":3815,"date":"2023-09-12T20:46:34","date_gmt":"2023-09-12T20:46:34","guid":{"rendered":"https:\/\/www.riwal.com\/sl\/?page_id=3815"},"modified":"2024-01-21T13:20:41","modified_gmt":"2024-01-21T13:20:41","slug":"zgodovina-podjetja","status":"publish","type":"page","link":"https:\/\/www.riwal.com\/sl\/o-riwalu\/zgodovina-podjetja\/","title":{"rendered":"Zgodovina podjetja"},"content":{"rendered":"\n<div class=\"wp-block-rental-theme-header\">\n\t<div class=\"wp-block-rental-theme-header__lines\">\n\t\t<svg width=\"726\" height=\"442\" viewBox=\"0 0 726 442\" fill=\"none\" xmlns=\"http:\/\/www.w3.org\/2000\/svg\"><g opacity=\".5\"><mask id=\"path-1-inside-1_1_2\" fill=\"#fff\"><path fill-rule=\"evenodd\" clip-rule=\"evenodd\" d=\"M441.458.5H284.542L0 285.042v156.917l156.917-.001L363 235.876l206.083 206.082 156.917.001V285.042L441.458.5Z\"\/><\/mask><path d=\"M284.542.5v-1h-.415l-.292.293.707.707Zm156.916 0 .708-.707-.293-.293h-.415v1ZM0 285.042l-.707-.708-.293.293v.415h1Zm0 156.917h-1v1h1v-1Zm156.917-.001v1h.414l.293-.292-.707-.708ZM363 235.876l.707-.708-.707-.707-.707.707.707.708Zm206.083 206.082-.707.708.293.292h.414v-1Zm156.917.001v1h1v-1h-1Zm0-156.917h1v-.415l-.293-.293-.707.708ZM284.542 1.5h156.916v-2H284.542v2ZM.707 285.749 285.25 1.207l-1.414-1.414L-.707 284.334l1.414 1.415ZM1 441.959V285.042h-2v156.917h2Zm155.917-1.001L0 440.959v2l156.917-.001v-2Zm205.376-205.79L156.21 441.251l1.414 1.415 206.083-206.083-1.414-1.415Zm0 1.415 206.083 206.083 1.414-1.415-206.083-206.083-1.414 1.415Zm206.79 206.375 156.917.001v-2l-156.917-.001v2ZM727 441.959V285.042h-2v156.917h2Zm-.293-157.625L442.166-.206l-1.415 1.413L725.293 285.75l1.414-1.415Z\" fill=\"#5B728B\" mask=\"url(#path-1-inside-1_1_2)\"\/><\/g><\/svg>\t\t<svg width=\"726\" height=\"442\" viewBox=\"0 0 726 442\" fill=\"none\" xmlns=\"http:\/\/www.w3.org\/2000\/svg\"><g opacity=\".5\"><mask id=\"path-1-inside-1_1_2\" fill=\"#fff\"><path fill-rule=\"evenodd\" clip-rule=\"evenodd\" d=\"M441.458.5H284.542L0 285.042v156.917l156.917-.001L363 235.876l206.083 206.082 156.917.001V285.042L441.458.5Z\"\/><\/mask><path d=\"M284.542.5v-1h-.415l-.292.293.707.707Zm156.916 0 .708-.707-.293-.293h-.415v1ZM0 285.042l-.707-.708-.293.293v.415h1Zm0 156.917h-1v1h1v-1Zm156.917-.001v1h.414l.293-.292-.707-.708ZM363 235.876l.707-.708-.707-.707-.707.707.707.708Zm206.083 206.082-.707.708.293.292h.414v-1Zm156.917.001v1h1v-1h-1Zm0-156.917h1v-.415l-.293-.293-.707.708ZM284.542 1.5h156.916v-2H284.542v2ZM.707 285.749 285.25 1.207l-1.414-1.414L-.707 284.334l1.414 1.415ZM1 441.959V285.042h-2v156.917h2Zm155.917-1.001L0 440.959v2l156.917-.001v-2Zm205.376-205.79L156.21 441.251l1.414 1.415 206.083-206.083-1.414-1.415Zm0 1.415 206.083 206.083 1.414-1.415-206.083-206.083-1.414 1.415Zm206.79 206.375 156.917.001v-2l-156.917-.001v2ZM727 441.959V285.042h-2v156.917h2Zm-.293-157.625L442.166-.206l-1.415 1.413L725.293 285.75l1.414-1.415Z\" fill=\"#5B728B\" mask=\"url(#path-1-inside-1_1_2)\"\/><\/g><\/svg>\t<\/div>\n\t<img fetchpriority=\"high\" decoding=\"async\" width=\"1440\" height=\"480\" src=\"https:\/\/eqsk4m2dkju.exactdn.com\/app\/uploads\/sites\/10\/2023\/09\/historyheader-1440x480.webp?strip=all&amp;quality=92&amp;webp=92&amp;avif=80&amp;sharp=1\" class=\"wp-block-rental-theme-header__image wp-block-rental-theme-header__image--desktop\" alt=\"\" loading=\"eager\" srcset=\"https:\/\/eqsk4m2dkju.exactdn.com\/app\/uploads\/sites\/10\/2023\/09\/historyheader-1440x480.webp?strip=all&amp;quality=92&amp;webp=92&amp;avif=80&amp;sharp=1 1440w, https:\/\/eqsk4m2dkju.exactdn.com\/app\/uploads\/sites\/10\/2023\/09\/historyheader-830x277.webp?strip=all&amp;quality=92&amp;webp=92&amp;avif=80&amp;sharp=1 830w, https:\/\/eqsk4m2dkju.exactdn.com\/app\/uploads\/sites\/10\/2023\/09\/historyheader-300x100.webp?strip=all&amp;quality=92&amp;webp=92&amp;avif=80&amp;sharp=1 300w, https:\/\/eqsk4m2dkju.exactdn.com\/app\/uploads\/sites\/10\/2023\/09\/historyheader-768x256.webp?strip=all&amp;quality=92&amp;webp=92&amp;avif=80&amp;sharp=1 768w, https:\/\/eqsk4m2dkju.exactdn.com\/app\/uploads\/sites\/10\/2023\/09\/historyheader-1024x341.webp?strip=all&amp;quality=92&amp;webp=92&amp;avif=80&amp;sharp=1 1024w, https:\/\/eqsk4m2dkju.exactdn.com\/app\/uploads\/sites\/10\/2023\/09\/historyheader-1536x512.webp?strip=all&amp;quality=92&amp;webp=92&amp;avif=80&amp;sharp=1 1536w, https:\/\/eqsk4m2dkju.exactdn.com\/app\/uploads\/sites\/10\/2023\/09\/historyheader-178x59.webp?strip=all&amp;quality=92&amp;webp=92&amp;avif=80&amp;sharp=1 178w, https:\/\/eqsk4m2dkju.exactdn.com\/app\/uploads\/sites\/10\/2023\/09\/historyheader-390x130.webp?strip=all&amp;quality=92&amp;webp=92&amp;avif=80&amp;sharp=1 390w, https:\/\/eqsk4m2dkju.exactdn.com\/app\/uploads\/sites\/10\/2023\/09\/historyheader-250x83.webp?strip=all&amp;quality=92&amp;webp=92&amp;avif=80&amp;sharp=1 250w, https:\/\/eqsk4m2dkju.exactdn.com\/app\/uploads\/sites\/10\/2023\/09\/historyheader.webp?strip=all&amp;quality=92&amp;webp=92&amp;avif=80&amp;sharp=1 1920w, https:\/\/eqsk4m2dkju.exactdn.com\/app\/uploads\/sites\/10\/2023\/09\/historyheader.webp?strip=all&amp;quality=92&amp;webp=92&amp;avif=80&amp;sharp=1&amp;w=1152 1152w, https:\/\/eqsk4m2dkju.exactdn.com\/app\/uploads\/sites\/10\/2023\/09\/historyheader.webp?strip=all&amp;quality=92&amp;webp=92&amp;avif=80&amp;sharp=1&amp;w=450 450w\" sizes=\"(max-width: 1440px) 100vw, 1440px\" \/>\t\t<div class=\"container\">\n\t\t<h1 class='wp-block-rental-theme-header__title' style='position: absolute; min-height: 120px'>Zgodovina podjetja<\/h1>\t<\/div>\n<\/div>\n\n\n<div class=\"rental-wp-default-block rental-theme-block-default-margin\">\n\t\t\t\t\t\t\t\t<div class=\"container\">\n<div class=\"wp-block-columns is-layout-flex wp-container-core-columns-is-layout-28f84493 wp-block-columns-is-layout-flex\">\n<div class=\"wp-block-column is-layout-flow wp-block-column-is-layout-flow\" style=\"flex-basis:25%\"><\/div>\n\n\n\n<div class=\"wp-block-column is-layout-flow wp-block-column-is-layout-flow\" style=\"flex-basis:50%\">\n<h2 class=\"wp-block-heading\" id=\"h-kako-se-je-vse-skupaj-zacelo\">Kako se je vse skupaj za\u010delo<\/h2>\n\n\n\n<p><strong>Zgodba dru\u017ebe Riwal je zgodba o nenehni rasti in razvoju, ki sega v leto 1968. To je bilo leto, ko je Dick Schalekamp starej\u0161i ustanovil dru\u017ebo Richards &amp; Wallington International, nizozemsko podru\u017enico britanskega podjetja za najem \u017eerjavov Richards &amp; Wallington. Dvanajst let kasneje je Dick Schalekamp postal edini lastnik nizozemske dru\u017ebe<\/strong>.<\/p>\n\n\n\n<p><strong>Predaja bakle<\/strong><\/p>\n\n\n\n<p>Obseg poslovanja se je raz\u0161iril z uvedbo lo\u010denega podjetja leta 1986, ki se je specializiralo za najem dvi\u017enih delovnih plo\u0161\u010dadi. To podjetje, imenovano Riwal Lift (ime izvira iz za\u010detnic priimkov Richards in Wallington) je bilo predhodnik sedanjega podjetja Riwal.<\/p>\n\n\n\n<p>V letu 1998, trideset let po ustanovitvi podru\u017enice Richards &amp; Wallington International, sta se obe podjetji za \u017eerjave in dvi\u017ene delovne plo\u0161\u010dadi zdru\u017eili v novo enotno podjetje \u2013 RIWAL. Podjetje je cvetelo in se razvijalo, ter postalo peti najve\u010dji ponudnik za najem \u017eerjavov na Nizozemskem, vendar je do leta 2001 ostalo predvsem nizozemsko podjetje, ki je le redko pre\u010dkalo meje doma\u010dega ozemlja.<\/p>\n\n\n\n<p><strong>\u0160iritev poslovanja v tujino<\/strong><\/p>\n\n\n\n<p>V zadnjih letih je na podro\u010dju mednarodnega poslovanja pri\u0161lo do velikih sprememb. Za\u010delo se je leta 2001 z ustanovitvijo danskega podjetja Riwal Skandinavija in kasneje leta 2007, ko je Riwal opustil \u017eerjave iz svoje dejavnosti in se osredoto\u010dil izklju\u010dno na dvi\u017ene plo\u0161\u010dadi, ko\u0161are in teleskopske vili\u010darje. Riwal je stabilno rastel in se \u0161iril po Evropi, nato pa \u0161e na bli\u017enjem vzhodu, v Indijo in Kazahstan. Od leta 2013 je podjetje v celotni lasti nizozemske investicijske dru\u017ebe ProDelta, zaposljuje ve\u010d kot 1.400 ljudi, ima 60 depojev v 15-ih dr\u017eavah in upravlja z 20.000 dvi\u017enimi napravami v ve\u010d kot 70-ih dr\u017eavah po vsem svetu.<\/p>\n\n\n\n<p><strong>Na\u010din poslovanja pod<\/strong><strong>jetja &#8220;The Riwal Way&#8221;<\/strong><\/p>\n\n\n\n<p>Za uresni\u010ditev svojih prizadevanj po zagotovitvi najbolj\u0161e uporabni\u0161ke izku\u0161nje v panogi je dru\u017eba Riwal sprejela poslovni pristop z najbolj\u0161imi praksami znotraj in zunaj organizacije. To pomeni nenehno izbolj\u0161evanje ponudbe kakovosti in storitev za stranke, kjer koli po vsem svetu te poslujejo. Ta pristop, ki se&nbsp;imenuje&nbsp;<em>The Riwal Way<\/em>,&nbsp;oblikuje poslovanje podjetja Riwal \u017ee od leta 2013.<\/p>\n<\/div>\n\n\n\n<div class=\"wp-block-column is-layout-flow wp-block-column-is-layout-flow\" style=\"flex-basis:25%\"><\/div>\n<\/div>\n<\/div>\n\t\t\t\t\t\t\t<\/div> ","protected":false},"excerpt":{"rendered":"<p>Kako se je vse skupaj za\u010delo Zgodba dru\u017ebe Riwal je zgodba o nenehni rasti in razvoju, ki sega v leto 1968. To je bilo leto, ko je Dick Schalekamp starej\u0161i ustanovil dru\u017ebo Richards &amp; Wallington International, nizozemsko podru\u017enico britanskega podjetja za najem \u017eerjavov Richards &amp; Wallington. Dvanajst let kasneje je Dick Schalekamp postal edini lastnik &hellip; <a href=\"https:\/\/www.riwal.com\/sl\/o-riwalu\/zgodovina-podjetja\/\">Se nadaljuje<\/a><\/p>\n","protected":false},"author":45,"featured_media":0,"parent":3792,"menu_order":0,"comment_status":"closed","ping_status":"closed","template":"","meta":{"_acf_changed":false,"footnotes":""},"class_list":["post-3815","page","type-page","status-publish","hentry"],"acf":[],"yoast_head":"<!-- This site is optimized with the Yoast SEO Premium plugin v27.1 (Yoast SEO v27.1.1) - https:\/\/yoast.com\/product\/yoast-seo-premium-wordpress\/ -->\n<title>Zgodovina podjetja - Riwal Slovenija<\/title>\n<meta name=\"description\" content=\"Zgodba dru\u017ebe Riwal je zgodba o nenehni rasti in razvoju, ki sega v leto 1968.\" \/>\n<meta name=\"robots\" content=\"index, follow, max-snippet:-1, max-image-preview:large, max-video-preview:-1\" \/>\n<link rel=\"canonical\" href=\"https:\/\/www.riwal.com\/sl\/o-riwalu\/zgodovina-podjetja\/\" \/>\n<meta property=\"og:locale\" content=\"sl_SI\" \/>\n<meta property=\"og:type\" content=\"article\" \/>\n<meta property=\"og:title\" content=\"Zgodovina podjetja\" \/>\n<meta property=\"og:description\" content=\"Zgodba dru\u017ebe Riwal je zgodba o nenehni rasti in razvoju, ki sega v leto 1968.\" \/>\n<meta property=\"og:url\" content=\"https:\/\/www.riwal.com\/sl\/o-riwalu\/zgodovina-podjetja\/\" \/>\n<meta property=\"og:site_name\" content=\"Riwal Slovenija\" \/>\n<meta property=\"article:modified_time\" content=\"2024-01-21T13:20:41+00:00\" \/>\n<meta name=\"twitter:card\" content=\"summary_large_image\" \/>\n<meta name=\"twitter:label1\" content=\"Est. reading time\" \/>\n\t<meta name=\"twitter:data1\" content=\"2 minuti\" \/>\n<script type=\"application\/ld+json\" class=\"yoast-schema-graph\">{\"@context\":\"https:\/\/schema.org\",\"@graph\":[{\"@type\":\"WebPage\",\"@id\":\"https:\/\/www.riwal.com\/sl\/o-riwalu\/zgodovina-podjetja\/\",\"url\":\"https:\/\/www.riwal.com\/sl\/o-riwalu\/zgodovina-podjetja\/\",\"name\":\"Zgodovina podjetja - Riwal Slovenija\",\"isPartOf\":{\"@id\":\"https:\/\/www.riwal.com\/sl\/#website\"},\"datePublished\":\"2023-09-12T20:46:34+00:00\",\"dateModified\":\"2024-01-21T13:20:41+00:00\",\"description\":\"Zgodba dru\u017ebe Riwal je zgodba o nenehni rasti in razvoju, ki sega v leto 1968.\",\"breadcrumb\":{\"@id\":\"https:\/\/www.riwal.com\/sl\/o-riwalu\/zgodovina-podjetja\/#breadcrumb\"},\"inLanguage\":\"sl-SI\",\"potentialAction\":[{\"@type\":\"ReadAction\",\"target\":[\"https:\/\/www.riwal.com\/sl\/o-riwalu\/zgodovina-podjetja\/\"]}]},{\"@type\":\"BreadcrumbList\",\"@id\":\"https:\/\/www.riwal.com\/sl\/o-riwalu\/zgodovina-podjetja\/#breadcrumb\",\"itemListElement\":[{\"@type\":\"ListItem\",\"position\":1,\"name\":\"Domov\",\"item\":\"https:\/\/www.riwal.com\/sl\/\"},{\"@type\":\"ListItem\",\"position\":2,\"name\":\"O riwalu\",\"item\":\"https:\/\/www.riwal.com\/sl\/o-riwalu\/\"},{\"@type\":\"ListItem\",\"position\":3,\"name\":\"Zgodovina podjetja\"}]},{\"@type\":\"WebSite\",\"@id\":\"https:\/\/www.riwal.com\/sl\/#website\",\"url\":\"https:\/\/www.riwal.com\/sl\/\",\"name\":\"Riwal\",\"description\":\"Arial work platform &amp; Telehandler Rental\/Sales\",\"publisher\":{\"@id\":\"https:\/\/www.riwal.com\/sl\/#organization\"},\"potentialAction\":[{\"@type\":\"SearchAction\",\"target\":{\"@type\":\"EntryPoint\",\"urlTemplate\":\"https:\/\/www.riwal.com\/sl\/?s={search_term_string}\"},\"query-input\":{\"@type\":\"PropertyValueSpecification\",\"valueRequired\":true,\"valueName\":\"search_term_string\"}}],\"inLanguage\":\"sl-SI\"},{\"@type\":\"Organization\",\"@id\":\"https:\/\/www.riwal.com\/sl\/#organization\",\"name\":\"Riwal\",\"url\":\"https:\/\/www.riwal.com\/sl\/\",\"logo\":{\"@type\":\"ImageObject\",\"inLanguage\":\"sl-SI\",\"@id\":\"https:\/\/www.riwal.com\/sl\/#\/schema\/logo\/image\/\",\"url\":\"\",\"contentUrl\":\"\",\"caption\":\"Riwal\"},\"image\":{\"@id\":\"https:\/\/www.riwal.com\/sl\/#\/schema\/logo\/image\/\"}}]}<\/script>\n<!-- \/ Yoast SEO Premium plugin. -->","yoast_head_json":{"title":"Zgodovina podjetja - Riwal Slovenija","description":"Zgodba dru\u017ebe Riwal je zgodba o nenehni rasti in razvoju, ki sega v leto 1968.","robots":{"index":"index","follow":"follow","max-snippet":"max-snippet:-1","max-image-preview":"max-image-preview:large","max-video-preview":"max-video-preview:-1"},"canonical":"https:\/\/www.riwal.com\/sl\/o-riwalu\/zgodovina-podjetja\/","og_locale":"sl_SI","og_type":"article","og_title":"Zgodovina podjetja","og_description":"Zgodba dru\u017ebe Riwal je zgodba o nenehni rasti in razvoju, ki sega v leto 1968.","og_url":"https:\/\/www.riwal.com\/sl\/o-riwalu\/zgodovina-podjetja\/","og_site_name":"Riwal Slovenija","article_modified_time":"2024-01-21T13:20:41+00:00","twitter_card":"summary_large_image","twitter_misc":{"Est. reading time":"2 minuti"},"schema":{"@context":"https:\/\/schema.org","@graph":[{"@type":"WebPage","@id":"https:\/\/www.riwal.com\/sl\/o-riwalu\/zgodovina-podjetja\/","url":"https:\/\/www.riwal.com\/sl\/o-riwalu\/zgodovina-podjetja\/","name":"Zgodovina podjetja - Riwal Slovenija","isPartOf":{"@id":"https:\/\/www.riwal.com\/sl\/#website"},"datePublished":"2023-09-12T20:46:34+00:00","dateModified":"2024-01-21T13:20:41+00:00","description":"Zgodba dru\u017ebe Riwal je zgodba o nenehni rasti in razvoju, ki sega v leto 1968.","breadcrumb":{"@id":"https:\/\/www.riwal.com\/sl\/o-riwalu\/zgodovina-podjetja\/#breadcrumb"},"inLanguage":"sl-SI","potentialAction":[{"@type":"ReadAction","target":["https:\/\/www.riwal.com\/sl\/o-riwalu\/zgodovina-podjetja\/"]}]},{"@type":"BreadcrumbList","@id":"https:\/\/www.riwal.com\/sl\/o-riwalu\/zgodovina-podjetja\/#breadcrumb","itemListElement":[{"@type":"ListItem","position":1,"name":"Domov","item":"https:\/\/www.riwal.com\/sl\/"},{"@type":"ListItem","position":2,"name":"O riwalu","item":"https:\/\/www.riwal.com\/sl\/o-riwalu\/"},{"@type":"ListItem","position":3,"name":"Zgodovina podjetja"}]},{"@type":"WebSite","@id":"https:\/\/www.riwal.com\/sl\/#website","url":"https:\/\/www.riwal.com\/sl\/","name":"Riwal","description":"Arial work platform &amp; Telehandler Rental\/Sales","publisher":{"@id":"https:\/\/www.riwal.com\/sl\/#organization"},"potentialAction":[{"@type":"SearchAction","target":{"@type":"EntryPoint","urlTemplate":"https:\/\/www.riwal.com\/sl\/?s={search_term_string}"},"query-input":{"@type":"PropertyValueSpecification","valueRequired":true,"valueName":"search_term_string"}}],"inLanguage":"sl-SI"},{"@type":"Organization","@id":"https:\/\/www.riwal.com\/sl\/#organization","name":"Riwal","url":"https:\/\/www.riwal.com\/sl\/","logo":{"@type":"ImageObject","inLanguage":"sl-SI","@id":"https:\/\/www.riwal.com\/sl\/#\/schema\/logo\/image\/","url":"","contentUrl":"","caption":"Riwal"},"image":{"@id":"https:\/\/www.riwal.com\/sl\/#\/schema\/logo\/image\/"}}]}},"_links":{"self":[{"href":"https:\/\/www.riwal.com\/sl\/wp-json\/wp\/v2\/pages\/3815","targetHints":{"allow":["GET"]}}],"collection":[{"href":"https:\/\/www.riwal.com\/sl\/wp-json\/wp\/v2\/pages"}],"about":[{"href":"https:\/\/www.riwal.com\/sl\/wp-json\/wp\/v2\/types\/page"}],"author":[{"embeddable":true,"href":"https:\/\/www.riwal.com\/sl\/wp-json\/wp\/v2\/users\/45"}],"replies":[{"embeddable":true,"href":"https:\/\/www.riwal.com\/sl\/wp-json\/wp\/v2\/comments?post=3815"}],"version-history":[{"count":4,"href":"https:\/\/www.riwal.com\/sl\/wp-json\/wp\/v2\/pages\/3815\/revisions"}],"predecessor-version":[{"id":4643,"href":"https:\/\/www.riwal.com\/sl\/wp-json\/wp\/v2\/pages\/3815\/revisions\/4643"}],"up":[{"embeddable":true,"href":"https:\/\/www.riwal.com\/sl\/wp-json\/wp\/v2\/pages\/3792"}],"wp:attachment":[{"href":"https:\/\/www.riwal.com\/sl\/wp-json\/wp\/v2\/media?parent=3815"}],"curies":[{"name":"wp","href":"https:\/\/api.w.org\/{rel}","templated":true}]}}