{"id":3792,"date":"2023-09-12T19:43:35","date_gmt":"2023-09-12T19:43:35","guid":{"rendered":"https:\/\/www.riwal.com\/sl\/?page_id=3792"},"modified":"2025-12-15T15:11:22","modified_gmt":"2025-12-15T14:11:22","slug":"o-riwalu","status":"publish","type":"page","link":"https:\/\/www.riwal.com\/sl\/o-riwalu\/","title":{"rendered":"O riwalu"},"content":{"rendered":"<div class=\"rental-wp-default-block rental-theme-block-default-margin\">\n\t\t\t\t\t\t\t\t<div class=\"container\">\n<div class=\"wp-block-columns is-layout-flex wp-container-core-columns-is-layout-28f84493 wp-block-columns-is-layout-flex\">\n<div class=\"wp-block-column is-layout-flow wp-block-column-is-layout-flow\" style=\"flex-basis:33.33%\">\n<h2 class=\"wp-block-heading\" id=\"h-delo-na-visini-z-riwalom\">Delo na vi\u0161ini z Riwalom<\/h2>\n<\/div>\n\n\n\n<div class=\"wp-block-column is-layout-flow wp-block-column-is-layout-flow\" style=\"flex-basis:66.66%\">\n<p>Riwal \u2013 specialist za varno in u\u010dinkovito delo na vi\u0161ini \u017ee od leta 1968.<\/p>\n\n\n\n<p>Z ve\u010d kot 55 leti izku\u0161enj in poglobljenim znanjem o dvi\u017enih plo\u0161\u010dadih, teleskopskih ko\u0161arah in vili\u010darjih, vsak dan podpiramo stranke v gradbeni\u0161tvu, industriji in logistiki.<\/p>\n\n\n\n<p>Od leta 2024 smo del skupine <a href=\"https:\/\/www.boels.com\/sl-si\">Boels Rental<\/a>, kar nam omogo\u010da dostop do enega najsodobnej\u0161ih in trajnostno naravnanih voznih parkov dvi\u017enih plo\u0161\u010dadi v Evropi \u2013 ve\u010d kot 60 % na\u0161ih strojev je elektri\u010dnih ali hibridnih.Zanesljivost, inovativnost in trajnost so temelji na\u0161ih re\u0161itev, ki so prilagojene prihodnosti in va\u0161im projektom.<\/p>\n\n\n\n<p>Na\u0161a prednost ni zgolj v najemu strojev \u2013 ponujamo celovite re\u0161itve. Poleg najema zagotavljamo dodatne storitve, strokovno svetovanje, usposabljanja za varno delo na vi\u0161ini ter re\u0161itve, prilagojene va\u0161im potrebam. Z mo\u010dnim mednarodnim timom in predano ekipo strokovnjakov poskrbimo za hitro razpolo\u017eljivost, osebno podporo in maksimalno u\u010dinkovitost na vsakem delovi\u0161\u010du. Da bo va\u0161e delo na vi\u0161ini vedno potekalo brez prekinitev.<\/p>\n<\/div>\n<\/div>\n<\/div>\n\t\t\t\t\t\t\t<\/div> ","protected":false},"excerpt":{"rendered":"<p>Delo na vi\u0161ini z Riwalom Riwal \u2013 specialist za varno in u\u010dinkovito delo na vi\u0161ini \u017ee od leta 1968. Z ve\u010d kot 55 leti izku\u0161enj in poglobljenim znanjem o dvi\u017enih plo\u0161\u010dadih, teleskopskih ko\u0161arah in vili\u010darjih, vsak dan podpiramo stranke v gradbeni\u0161tvu, industriji in logistiki. Od leta 2024 smo del skupine Boels Rental, kar nam omogo\u010da &hellip; <a href=\"https:\/\/www.riwal.com\/sl\/o-riwalu\/\">Se nadaljuje<\/a><\/p>\n","protected":false},"author":45,"featured_media":0,"parent":0,"menu_order":0,"comment_status":"closed","ping_status":"closed","template":"","meta":{"_acf_changed":false,"footnotes":""},"class_list":["post-3792","page","type-page","status-publish","hentry"],"acf":[],"yoast_head":"<!-- This site is optimized with the Yoast SEO Premium plugin v27.1 (Yoast SEO v27.1.1) - https:\/\/yoast.com\/product\/yoast-seo-premium-wordpress\/ -->\n<title>Kdo smo- Riwal Slovenija<\/title>\n<meta name=\"description\" content=\"Riwal je podjetje, ki se ukvarja z najemom in prodajo dvi\u017enih plo\u0161\u010dadi, ko\u0161ar in teleskopskih vili\u010darjev. Poleg tega vam nudi \u0161e servis dvi\u017enih naprav, rezervne dele ter certificirana usposabljanja za varno delo na vi\u0161ini.\" \/>\n<meta name=\"robots\" content=\"index, follow, max-snippet:-1, max-image-preview:large, max-video-preview:-1\" \/>\n<link rel=\"canonical\" href=\"https:\/\/www.riwal.com\/sl\/o-riwalu\/\" \/>\n<meta property=\"og:locale\" content=\"sl_SI\" \/>\n<meta property=\"og:type\" content=\"article\" \/>\n<meta property=\"og:title\" content=\"O riwalu\" \/>\n<meta property=\"og:description\" content=\"Riwal je podjetje, ki se ukvarja z najemom in prodajo dvi\u017enih plo\u0161\u010dadi, ko\u0161ar in teleskopskih vili\u010darjev. Poleg tega vam nudi \u0161e servis dvi\u017enih naprav, rezervne dele ter certificirana usposabljanja za varno delo na vi\u0161ini.\" \/>\n<meta property=\"og:url\" content=\"https:\/\/www.riwal.com\/sl\/o-riwalu\/\" \/>\n<meta property=\"og:site_name\" content=\"Riwal Slovenija\" \/>\n<meta property=\"article:modified_time\" content=\"2025-12-15T14:11:22+00:00\" \/>\n<meta name=\"twitter:card\" content=\"summary_large_image\" \/>\n<meta name=\"twitter:label1\" content=\"Est. reading time\" \/>\n\t<meta name=\"twitter:data1\" content=\"1 minuta\" \/>\n<script type=\"application\/ld+json\" class=\"yoast-schema-graph\">{\"@context\":\"https:\/\/schema.org\",\"@graph\":[{\"@type\":\"WebPage\",\"@id\":\"https:\/\/www.riwal.com\/sl\/o-riwalu\/\",\"url\":\"https:\/\/www.riwal.com\/sl\/o-riwalu\/\",\"name\":\"Kdo smo- Riwal Slovenija\",\"isPartOf\":{\"@id\":\"https:\/\/www.riwal.com\/sl\/#website\"},\"datePublished\":\"2023-09-12T19:43:35+00:00\",\"dateModified\":\"2025-12-15T14:11:22+00:00\",\"description\":\"Riwal je podjetje, ki se ukvarja z najemom in prodajo dvi\u017enih plo\u0161\u010dadi, ko\u0161ar in teleskopskih vili\u010darjev. Poleg tega vam nudi \u0161e servis dvi\u017enih naprav, rezervne dele ter certificirana usposabljanja za varno delo na vi\u0161ini.\",\"breadcrumb\":{\"@id\":\"https:\/\/www.riwal.com\/sl\/o-riwalu\/#breadcrumb\"},\"inLanguage\":\"sl-SI\",\"potentialAction\":[{\"@type\":\"ReadAction\",\"target\":[\"https:\/\/www.riwal.com\/sl\/o-riwalu\/\"]}]},{\"@type\":\"BreadcrumbList\",\"@id\":\"https:\/\/www.riwal.com\/sl\/o-riwalu\/#breadcrumb\",\"itemListElement\":[{\"@type\":\"ListItem\",\"position\":1,\"name\":\"Domov\",\"item\":\"https:\/\/www.riwal.com\/sl\/\"},{\"@type\":\"ListItem\",\"position\":2,\"name\":\"O riwalu\"}]},{\"@type\":\"WebSite\",\"@id\":\"https:\/\/www.riwal.com\/sl\/#website\",\"url\":\"https:\/\/www.riwal.com\/sl\/\",\"name\":\"Riwal\",\"description\":\"Arial work platform &amp; Telehandler Rental\/Sales\",\"publisher\":{\"@id\":\"https:\/\/www.riwal.com\/sl\/#organization\"},\"potentialAction\":[{\"@type\":\"SearchAction\",\"target\":{\"@type\":\"EntryPoint\",\"urlTemplate\":\"https:\/\/www.riwal.com\/sl\/?s={search_term_string}\"},\"query-input\":{\"@type\":\"PropertyValueSpecification\",\"valueRequired\":true,\"valueName\":\"search_term_string\"}}],\"inLanguage\":\"sl-SI\"},{\"@type\":\"Organization\",\"@id\":\"https:\/\/www.riwal.com\/sl\/#organization\",\"name\":\"Riwal\",\"url\":\"https:\/\/www.riwal.com\/sl\/\",\"logo\":{\"@type\":\"ImageObject\",\"inLanguage\":\"sl-SI\",\"@id\":\"https:\/\/www.riwal.com\/sl\/#\/schema\/logo\/image\/\",\"url\":\"\",\"contentUrl\":\"\",\"caption\":\"Riwal\"},\"image\":{\"@id\":\"https:\/\/www.riwal.com\/sl\/#\/schema\/logo\/image\/\"}}]}<\/script>\n<!-- \/ Yoast SEO Premium plugin. -->","yoast_head_json":{"title":"Kdo smo- Riwal Slovenija","description":"Riwal je podjetje, ki se ukvarja z najemom in prodajo dvi\u017enih plo\u0161\u010dadi, ko\u0161ar in teleskopskih vili\u010darjev. Poleg tega vam nudi \u0161e servis dvi\u017enih naprav, rezervne dele ter certificirana usposabljanja za varno delo na vi\u0161ini.","robots":{"index":"index","follow":"follow","max-snippet":"max-snippet:-1","max-image-preview":"max-image-preview:large","max-video-preview":"max-video-preview:-1"},"canonical":"https:\/\/www.riwal.com\/sl\/o-riwalu\/","og_locale":"sl_SI","og_type":"article","og_title":"O riwalu","og_description":"Riwal je podjetje, ki se ukvarja z najemom in prodajo dvi\u017enih plo\u0161\u010dadi, ko\u0161ar in teleskopskih vili\u010darjev. Poleg tega vam nudi \u0161e servis dvi\u017enih naprav, rezervne dele ter certificirana usposabljanja za varno delo na vi\u0161ini.","og_url":"https:\/\/www.riwal.com\/sl\/o-riwalu\/","og_site_name":"Riwal Slovenija","article_modified_time":"2025-12-15T14:11:22+00:00","twitter_card":"summary_large_image","twitter_misc":{"Est. reading time":"1 minuta"},"schema":{"@context":"https:\/\/schema.org","@graph":[{"@type":"WebPage","@id":"https:\/\/www.riwal.com\/sl\/o-riwalu\/","url":"https:\/\/www.riwal.com\/sl\/o-riwalu\/","name":"Kdo smo- Riwal Slovenija","isPartOf":{"@id":"https:\/\/www.riwal.com\/sl\/#website"},"datePublished":"2023-09-12T19:43:35+00:00","dateModified":"2025-12-15T14:11:22+00:00","description":"Riwal je podjetje, ki se ukvarja z najemom in prodajo dvi\u017enih plo\u0161\u010dadi, ko\u0161ar in teleskopskih vili\u010darjev. Poleg tega vam nudi \u0161e servis dvi\u017enih naprav, rezervne dele ter certificirana usposabljanja za varno delo na vi\u0161ini.","breadcrumb":{"@id":"https:\/\/www.riwal.com\/sl\/o-riwalu\/#breadcrumb"},"inLanguage":"sl-SI","potentialAction":[{"@type":"ReadAction","target":["https:\/\/www.riwal.com\/sl\/o-riwalu\/"]}]},{"@type":"BreadcrumbList","@id":"https:\/\/www.riwal.com\/sl\/o-riwalu\/#breadcrumb","itemListElement":[{"@type":"ListItem","position":1,"name":"Domov","item":"https:\/\/www.riwal.com\/sl\/"},{"@type":"ListItem","position":2,"name":"O riwalu"}]},{"@type":"WebSite","@id":"https:\/\/www.riwal.com\/sl\/#website","url":"https:\/\/www.riwal.com\/sl\/","name":"Riwal","description":"Arial work platform &amp; Telehandler Rental\/Sales","publisher":{"@id":"https:\/\/www.riwal.com\/sl\/#organization"},"potentialAction":[{"@type":"SearchAction","target":{"@type":"EntryPoint","urlTemplate":"https:\/\/www.riwal.com\/sl\/?s={search_term_string}"},"query-input":{"@type":"PropertyValueSpecification","valueRequired":true,"valueName":"search_term_string"}}],"inLanguage":"sl-SI"},{"@type":"Organization","@id":"https:\/\/www.riwal.com\/sl\/#organization","name":"Riwal","url":"https:\/\/www.riwal.com\/sl\/","logo":{"@type":"ImageObject","inLanguage":"sl-SI","@id":"https:\/\/www.riwal.com\/sl\/#\/schema\/logo\/image\/","url":"","contentUrl":"","caption":"Riwal"},"image":{"@id":"https:\/\/www.riwal.com\/sl\/#\/schema\/logo\/image\/"}}]}},"_links":{"self":[{"href":"https:\/\/www.riwal.com\/sl\/wp-json\/wp\/v2\/pages\/3792","targetHints":{"allow":["GET"]}}],"collection":[{"href":"https:\/\/www.riwal.com\/sl\/wp-json\/wp\/v2\/pages"}],"about":[{"href":"https:\/\/www.riwal.com\/sl\/wp-json\/wp\/v2\/types\/page"}],"author":[{"embeddable":true,"href":"https:\/\/www.riwal.com\/sl\/wp-json\/wp\/v2\/users\/45"}],"replies":[{"embeddable":true,"href":"https:\/\/www.riwal.com\/sl\/wp-json\/wp\/v2\/comments?post=3792"}],"version-history":[{"count":7,"href":"https:\/\/www.riwal.com\/sl\/wp-json\/wp\/v2\/pages\/3792\/revisions"}],"predecessor-version":[{"id":18425,"href":"https:\/\/www.riwal.com\/sl\/wp-json\/wp\/v2\/pages\/3792\/revisions\/18425"}],"wp:attachment":[{"href":"https:\/\/www.riwal.com\/sl\/wp-json\/wp\/v2\/media?parent=3792"}],"curies":[{"name":"wp","href":"https:\/\/api.w.org\/{rel}","templated":true}]}}