{"id":3023,"date":"2023-09-10T19:42:15","date_gmt":"2023-09-10T19:42:15","guid":{"rendered":"https:\/\/www.riwal.com\/sl\/?page_id=3023"},"modified":"2024-01-21T13:20:54","modified_gmt":"2024-01-21T13:20:54","slug":"celada-tip-200","status":"publish","type":"page","link":"https:\/\/www.riwal.com\/sl\/varovalna-oprema-za-delo-na-visini\/celada-tip-200\/","title":{"rendered":"\u010celada TIP 200"},"content":{"rendered":"<div class=\"rental-wp-default-block rental-theme-block-default-margin\">\n\t\t\t\t\t\t\t\t<div class=\"container\">\n<div class=\"wp-block-media-text alignwide is-stacked-on-mobile\" style=\"grid-template-columns:30% auto\"><figure class=\"wp-block-media-text__media\"><img loading=\"lazy\" decoding=\"async\" width=\"325\" height=\"217\" src=\"https:\/\/eqsk4m2dkju.exactdn.com\/app\/uploads\/sites\/10\/2023\/09\/celada-Tipla-tip-200-2.webp?strip=all&quality=92&webp=92&avif=80&sharp=1\" alt=\"\" class=\"wp-image-2899 size-full\" srcset=\"https:\/\/eqsk4m2dkju.exactdn.com\/app\/uploads\/sites\/10\/2023\/09\/celada-Tipla-tip-200-2.webp?strip=all&amp;quality=92&amp;webp=92&amp;avif=80&amp;sharp=1 325w, https:\/\/eqsk4m2dkju.exactdn.com\/app\/uploads\/sites\/10\/2023\/09\/celada-Tipla-tip-200-2-300x200.webp?strip=all&amp;quality=92&amp;webp=92&amp;avif=80&amp;sharp=1 300w, https:\/\/eqsk4m2dkju.exactdn.com\/app\/uploads\/sites\/10\/2023\/09\/celada-Tipla-tip-200-2-178x119.webp?strip=all&amp;quality=92&amp;webp=92&amp;avif=80&amp;sharp=1 178w, https:\/\/eqsk4m2dkju.exactdn.com\/app\/uploads\/sites\/10\/2023\/09\/celada-Tipla-tip-200-2-250x167.webp?strip=all&amp;quality=92&amp;webp=92&amp;avif=80&amp;sharp=1 250w, https:\/\/eqsk4m2dkju.exactdn.com\/app\/uploads\/sites\/10\/2023\/09\/celada-Tipla-tip-200-2.webp?strip=all&amp;quality=92&amp;webp=92&amp;avif=80&amp;sharp=1&amp;w=65 65w\" sizes=\"auto, (max-width: 325px) 100vw, 325px\" \/><\/figure><div class=\"wp-block-media-text__content\">\n<p><strong>\u010celada TIP 200<\/strong><\/p>\n\n\n\n<ul class=\"wp-block-list\">\n<li>anatomsko oblikovan in se tesno prilagaja, obenem pa zagotavlja optimalno svobodo gibanja<\/li>\n\n\n\n<li><strong>Material<\/strong>:&nbsp;ABS plastika, ki je odporna na ultravijoli\u010dne \u017earke<\/li>\n\n\n\n<li>Zagotavlja potrebno&nbsp;<strong>trdnost<\/strong>,&nbsp;<strong>elektri\u010dno izoliranost<\/strong><\/li>\n\n\n\n<li><strong>Barve<\/strong>:&nbsp;oran\u017ena<\/li>\n\n\n\n<li><strong>Velikost<\/strong>:&nbsp;univerzalna<\/li>\n\n\n\n<li><strong>Certifikat<\/strong>: EN 397\u00a0&#8211; ureja za\u0161\u010dito glave, industrijske za\u0161\u010ditne \u010delade (za delo v gradbeni\u0161tvu, industriji ipd.) + A1:2012 &#8211; industrijske varnostne \u010delade.\u00a0\u010celada izpolnjuje zahteve iz uredbe EU 2016\/425 in zgoraj omenjenega standarda.<\/li>\n<\/ul>\n\n\n\n<p><strong>CENA<\/strong>: 18,20 EUR + DDV<\/p>\n<\/div><\/div>\n<\/div>\n\t\t\t\t\t\t\t<\/div> \n\n<div class=\"wp-block-rental-theme-form rental-theme-block-default-padding\">\n\t\t\t\t\t\t\t\t\t<div class=\"container\"><\/div>\n\t\t\t\t\t\t\t\t<\/div>","protected":false},"excerpt":{"rendered":"","protected":false},"author":45,"featured_media":0,"parent":2886,"menu_order":0,"comment_status":"closed","ping_status":"closed","template":"","meta":{"_acf_changed":false,"footnotes":""},"class_list":["post-3023","page","type-page","status-publish","hentry"],"acf":[],"yoast_head":"<!-- This site is optimized with the Yoast SEO Premium plugin v27.1 (Yoast SEO v27.1.1) - https:\/\/yoast.com\/product\/yoast-seo-premium-wordpress\/ -->\n<title>\u010celada TIP 200 - Riwal Slovenija<\/title>\n<meta name=\"robots\" content=\"index, follow, max-snippet:-1, max-image-preview:large, max-video-preview:-1\" \/>\n<link rel=\"canonical\" href=\"https:\/\/www.riwal.com\/sl\/varovalna-oprema-za-delo-na-visini\/celada-tip-200\/\" \/>\n<meta property=\"og:locale\" content=\"sl_SI\" \/>\n<meta property=\"og:type\" content=\"article\" \/>\n<meta property=\"og:title\" content=\"\u010celada TIP 200\" \/>\n<meta property=\"og:url\" content=\"https:\/\/www.riwal.com\/sl\/varovalna-oprema-za-delo-na-visini\/celada-tip-200\/\" \/>\n<meta property=\"og:site_name\" content=\"Riwal Slovenija\" \/>\n<meta property=\"article:modified_time\" content=\"2024-01-21T13:20:54+00:00\" \/>\n<meta property=\"og:image\" content=\"https:\/\/www.riwal.com\/app\/uploads\/sites\/10\/2023\/09\/celada-Tipla-tip-200-2.webp\" \/>\n<meta name=\"twitter:card\" content=\"summary_large_image\" \/>\n<meta name=\"twitter:label1\" content=\"Est. reading time\" \/>\n\t<meta name=\"twitter:data1\" content=\"1 minuta\" \/>\n<script type=\"application\/ld+json\" class=\"yoast-schema-graph\">{\"@context\":\"https:\/\/schema.org\",\"@graph\":[{\"@type\":\"WebPage\",\"@id\":\"https:\/\/www.riwal.com\/sl\/varovalna-oprema-za-delo-na-visini\/celada-tip-200\/\",\"url\":\"https:\/\/www.riwal.com\/sl\/varovalna-oprema-za-delo-na-visini\/celada-tip-200\/\",\"name\":\"\u010celada TIP 200 - Riwal Slovenija\",\"isPartOf\":{\"@id\":\"https:\/\/www.riwal.com\/sl\/#website\"},\"primaryImageOfPage\":{\"@id\":\"https:\/\/www.riwal.com\/sl\/varovalna-oprema-za-delo-na-visini\/celada-tip-200\/#primaryimage\"},\"image\":{\"@id\":\"https:\/\/www.riwal.com\/sl\/varovalna-oprema-za-delo-na-visini\/celada-tip-200\/#primaryimage\"},\"thumbnailUrl\":\"https:\/\/www.riwal.com\/app\/uploads\/sites\/10\/2023\/09\/celada-Tipla-tip-200-2.webp\",\"datePublished\":\"2023-09-10T19:42:15+00:00\",\"dateModified\":\"2024-01-21T13:20:54+00:00\",\"breadcrumb\":{\"@id\":\"https:\/\/www.riwal.com\/sl\/varovalna-oprema-za-delo-na-visini\/celada-tip-200\/#breadcrumb\"},\"inLanguage\":\"sl-SI\",\"potentialAction\":[{\"@type\":\"ReadAction\",\"target\":[\"https:\/\/www.riwal.com\/sl\/varovalna-oprema-za-delo-na-visini\/celada-tip-200\/\"]}]},{\"@type\":\"ImageObject\",\"inLanguage\":\"sl-SI\",\"@id\":\"https:\/\/www.riwal.com\/sl\/varovalna-oprema-za-delo-na-visini\/celada-tip-200\/#primaryimage\",\"url\":\"https:\/\/www.riwal.com\/app\/uploads\/sites\/10\/2023\/09\/celada-Tipla-tip-200-2.webp\",\"contentUrl\":\"https:\/\/www.riwal.com\/app\/uploads\/sites\/10\/2023\/09\/celada-Tipla-tip-200-2.webp\"},{\"@type\":\"BreadcrumbList\",\"@id\":\"https:\/\/www.riwal.com\/sl\/varovalna-oprema-za-delo-na-visini\/celada-tip-200\/#breadcrumb\",\"itemListElement\":[{\"@type\":\"ListItem\",\"position\":1,\"name\":\"Domov\",\"item\":\"https:\/\/www.riwal.com\/sl\/\"},{\"@type\":\"ListItem\",\"position\":2,\"name\":\"Varovalna oprema za delo na vi\u0161ini\",\"item\":\"https:\/\/www.riwal.com\/sl\/varovalna-oprema-za-delo-na-visini\/\"},{\"@type\":\"ListItem\",\"position\":3,\"name\":\"\u010celada TIP 200\"}]},{\"@type\":\"WebSite\",\"@id\":\"https:\/\/www.riwal.com\/sl\/#website\",\"url\":\"https:\/\/www.riwal.com\/sl\/\",\"name\":\"Riwal\",\"description\":\"Arial work platform &amp; Telehandler Rental\/Sales\",\"publisher\":{\"@id\":\"https:\/\/www.riwal.com\/sl\/#organization\"},\"potentialAction\":[{\"@type\":\"SearchAction\",\"target\":{\"@type\":\"EntryPoint\",\"urlTemplate\":\"https:\/\/www.riwal.com\/sl\/?s={search_term_string}\"},\"query-input\":{\"@type\":\"PropertyValueSpecification\",\"valueRequired\":true,\"valueName\":\"search_term_string\"}}],\"inLanguage\":\"sl-SI\"},{\"@type\":\"Organization\",\"@id\":\"https:\/\/www.riwal.com\/sl\/#organization\",\"name\":\"Riwal\",\"url\":\"https:\/\/www.riwal.com\/sl\/\",\"logo\":{\"@type\":\"ImageObject\",\"inLanguage\":\"sl-SI\",\"@id\":\"https:\/\/www.riwal.com\/sl\/#\/schema\/logo\/image\/\",\"url\":\"\",\"contentUrl\":\"\",\"caption\":\"Riwal\"},\"image\":{\"@id\":\"https:\/\/www.riwal.com\/sl\/#\/schema\/logo\/image\/\"}}]}<\/script>\n<!-- \/ Yoast SEO Premium plugin. -->","yoast_head_json":{"title":"\u010celada TIP 200 - Riwal Slovenija","robots":{"index":"index","follow":"follow","max-snippet":"max-snippet:-1","max-image-preview":"max-image-preview:large","max-video-preview":"max-video-preview:-1"},"canonical":"https:\/\/www.riwal.com\/sl\/varovalna-oprema-za-delo-na-visini\/celada-tip-200\/","og_locale":"sl_SI","og_type":"article","og_title":"\u010celada TIP 200","og_url":"https:\/\/www.riwal.com\/sl\/varovalna-oprema-za-delo-na-visini\/celada-tip-200\/","og_site_name":"Riwal Slovenija","article_modified_time":"2024-01-21T13:20:54+00:00","og_image":[{"url":"https:\/\/www.riwal.com\/app\/uploads\/sites\/10\/2023\/09\/celada-Tipla-tip-200-2.webp","type":"","width":"","height":""}],"twitter_card":"summary_large_image","twitter_misc":{"Est. reading time":"1 minuta"},"schema":{"@context":"https:\/\/schema.org","@graph":[{"@type":"WebPage","@id":"https:\/\/www.riwal.com\/sl\/varovalna-oprema-za-delo-na-visini\/celada-tip-200\/","url":"https:\/\/www.riwal.com\/sl\/varovalna-oprema-za-delo-na-visini\/celada-tip-200\/","name":"\u010celada TIP 200 - Riwal Slovenija","isPartOf":{"@id":"https:\/\/www.riwal.com\/sl\/#website"},"primaryImageOfPage":{"@id":"https:\/\/www.riwal.com\/sl\/varovalna-oprema-za-delo-na-visini\/celada-tip-200\/#primaryimage"},"image":{"@id":"https:\/\/www.riwal.com\/sl\/varovalna-oprema-za-delo-na-visini\/celada-tip-200\/#primaryimage"},"thumbnailUrl":"https:\/\/www.riwal.com\/app\/uploads\/sites\/10\/2023\/09\/celada-Tipla-tip-200-2.webp","datePublished":"2023-09-10T19:42:15+00:00","dateModified":"2024-01-21T13:20:54+00:00","breadcrumb":{"@id":"https:\/\/www.riwal.com\/sl\/varovalna-oprema-za-delo-na-visini\/celada-tip-200\/#breadcrumb"},"inLanguage":"sl-SI","potentialAction":[{"@type":"ReadAction","target":["https:\/\/www.riwal.com\/sl\/varovalna-oprema-za-delo-na-visini\/celada-tip-200\/"]}]},{"@type":"ImageObject","inLanguage":"sl-SI","@id":"https:\/\/www.riwal.com\/sl\/varovalna-oprema-za-delo-na-visini\/celada-tip-200\/#primaryimage","url":"https:\/\/www.riwal.com\/app\/uploads\/sites\/10\/2023\/09\/celada-Tipla-tip-200-2.webp","contentUrl":"https:\/\/www.riwal.com\/app\/uploads\/sites\/10\/2023\/09\/celada-Tipla-tip-200-2.webp"},{"@type":"BreadcrumbList","@id":"https:\/\/www.riwal.com\/sl\/varovalna-oprema-za-delo-na-visini\/celada-tip-200\/#breadcrumb","itemListElement":[{"@type":"ListItem","position":1,"name":"Domov","item":"https:\/\/www.riwal.com\/sl\/"},{"@type":"ListItem","position":2,"name":"Varovalna oprema za delo na vi\u0161ini","item":"https:\/\/www.riwal.com\/sl\/varovalna-oprema-za-delo-na-visini\/"},{"@type":"ListItem","position":3,"name":"\u010celada TIP 200"}]},{"@type":"WebSite","@id":"https:\/\/www.riwal.com\/sl\/#website","url":"https:\/\/www.riwal.com\/sl\/","name":"Riwal","description":"Arial work platform &amp; Telehandler Rental\/Sales","publisher":{"@id":"https:\/\/www.riwal.com\/sl\/#organization"},"potentialAction":[{"@type":"SearchAction","target":{"@type":"EntryPoint","urlTemplate":"https:\/\/www.riwal.com\/sl\/?s={search_term_string}"},"query-input":{"@type":"PropertyValueSpecification","valueRequired":true,"valueName":"search_term_string"}}],"inLanguage":"sl-SI"},{"@type":"Organization","@id":"https:\/\/www.riwal.com\/sl\/#organization","name":"Riwal","url":"https:\/\/www.riwal.com\/sl\/","logo":{"@type":"ImageObject","inLanguage":"sl-SI","@id":"https:\/\/www.riwal.com\/sl\/#\/schema\/logo\/image\/","url":"","contentUrl":"","caption":"Riwal"},"image":{"@id":"https:\/\/www.riwal.com\/sl\/#\/schema\/logo\/image\/"}}]}},"_links":{"self":[{"href":"https:\/\/www.riwal.com\/sl\/wp-json\/wp\/v2\/pages\/3023","targetHints":{"allow":["GET"]}}],"collection":[{"href":"https:\/\/www.riwal.com\/sl\/wp-json\/wp\/v2\/pages"}],"about":[{"href":"https:\/\/www.riwal.com\/sl\/wp-json\/wp\/v2\/types\/page"}],"author":[{"embeddable":true,"href":"https:\/\/www.riwal.com\/sl\/wp-json\/wp\/v2\/users\/45"}],"replies":[{"embeddable":true,"href":"https:\/\/www.riwal.com\/sl\/wp-json\/wp\/v2\/comments?post=3023"}],"version-history":[{"count":1,"href":"https:\/\/www.riwal.com\/sl\/wp-json\/wp\/v2\/pages\/3023\/revisions"}],"predecessor-version":[{"id":3024,"href":"https:\/\/www.riwal.com\/sl\/wp-json\/wp\/v2\/pages\/3023\/revisions\/3024"}],"up":[{"embeddable":true,"href":"https:\/\/www.riwal.com\/sl\/wp-json\/wp\/v2\/pages\/2886"}],"wp:attachment":[{"href":"https:\/\/www.riwal.com\/sl\/wp-json\/wp\/v2\/media?parent=3023"}],"curies":[{"name":"wp","href":"https:\/\/api.w.org\/{rel}","templated":true}]}}