{"id":2999,"date":"2023-09-06T20:25:32","date_gmt":"2023-09-06T20:25:32","guid":{"rendered":"https:\/\/www.riwal.com\/sl\/?page_id=2999"},"modified":"2024-04-04T11:15:19","modified_gmt":"2024-04-04T09:15:19","slug":"paket-varovalne-opreme-climax-basic-plus","status":"publish","type":"page","link":"https:\/\/www.riwal.com\/sl\/varovalna-oprema-za-delo-na-visini\/paket-varovalne-opreme-climax-basic-plus\/","title":{"rendered":"Paket varovalne opreme Climax Basic Plus"},"content":{"rendered":"<div class=\"rental-wp-default-block rental-theme-block-default-margin\">\n\t\t\t\t\t\t\t\t<div class=\"container\">\n<div class=\"wp-block-media-text alignwide is-stacked-on-mobile\"><figure class=\"wp-block-media-text__media\"><img loading=\"lazy\" decoding=\"async\" width=\"410\" height=\"448\" src=\"https:\/\/eqsk4m2dkju.exactdn.com\/app\/uploads\/sites\/10\/2024\/04\/climax-basic-plus-paket-varoavlane-opreme_1.png?strip=all&quality=92&webp=92&avif=80&sharp=1\" alt=\"\" class=\"wp-image-8591 size-full\" srcset=\"https:\/\/eqsk4m2dkju.exactdn.com\/app\/uploads\/sites\/10\/2024\/04\/climax-basic-plus-paket-varoavlane-opreme_1.png?strip=all&amp;quality=92&amp;webp=92&amp;avif=80&amp;sharp=1 410w, https:\/\/eqsk4m2dkju.exactdn.com\/app\/uploads\/sites\/10\/2024\/04\/climax-basic-plus-paket-varoavlane-opreme_1-275x300.png?strip=all&amp;quality=92&amp;webp=92&amp;avif=80&amp;sharp=1 275w, https:\/\/eqsk4m2dkju.exactdn.com\/app\/uploads\/sites\/10\/2024\/04\/climax-basic-plus-paket-varoavlane-opreme_1-178x194.png?strip=all&amp;quality=92&amp;webp=92&amp;avif=80&amp;sharp=1 178w, https:\/\/eqsk4m2dkju.exactdn.com\/app\/uploads\/sites\/10\/2024\/04\/climax-basic-plus-paket-varoavlane-opreme_1-390x426.png?strip=all&amp;quality=92&amp;webp=92&amp;avif=80&amp;sharp=1 390w, https:\/\/eqsk4m2dkju.exactdn.com\/app\/uploads\/sites\/10\/2024\/04\/climax-basic-plus-paket-varoavlane-opreme_1-183x200.png?strip=all&amp;quality=92&amp;webp=92&amp;avif=80&amp;sharp=1 183w, https:\/\/eqsk4m2dkju.exactdn.com\/app\/uploads\/sites\/10\/2024\/04\/climax-basic-plus-paket-varoavlane-opreme_1-237x259.png?strip=all&amp;quality=92&amp;webp=92&amp;avif=80&amp;sharp=1 237w, https:\/\/eqsk4m2dkju.exactdn.com\/app\/uploads\/sites\/10\/2024\/04\/climax-basic-plus-paket-varoavlane-opreme_1.png?strip=all&amp;quality=92&amp;webp=92&amp;avif=80&amp;sharp=1&amp;w=82 82w, https:\/\/eqsk4m2dkju.exactdn.com\/app\/uploads\/sites\/10\/2024\/04\/climax-basic-plus-paket-varoavlane-opreme_1.png?strip=all&amp;quality=92&amp;webp=92&amp;avif=80&amp;sharp=1&amp;w=328 328w\" sizes=\"auto, (max-width: 410px) 100vw, 410px\" \/><\/figure><div class=\"wp-block-media-text__content\">\n<p><strong>Ponujamo vam paket varovalne opreme za delo na vi\u0161ini, ki vsebuje:<\/strong><\/p>\n\n\n\n<p><strong>1. Varovalni pas Climax Basic Plus Trapez<\/strong><\/p>\n\n\n\n<p>Material: poliester<br>Sprednja in zadnja to\u010dka za pripenjanje<br>Mo\u017enost regulacije velikosti na stegnih in prsnem delu: obseg prsi 80-127 cm, obseg stegen 65-80 cm<\/p>\n\n\n\n<p><strong>2. Climax bla\u017eilec padca<\/strong><\/p>\n\n\n\n<p>Dol\u017eina: 2 m<\/p>\n\n\n\n<p>Poliamidna vrv z bla\u017eilcem s karabinom in kljuko<br>Opozorilo: Preverite ali je med pritrdi\u0161\u010dem in povr\u0161ino nevarnosti najmanj 6 metrov.<\/p>\n\n\n\n<p><strong>3. Ovalna vponka\/ karabin<\/strong><\/p>\n\n\n\n<p>Iz nerjave\u010dega jekla z zaklepnim sistemom<br>Odprtina: 16 mm<br>Mo\u010d: 22kN<\/p>\n\n\n\n<p>Cena: 69,00 EUR + DDV<\/p>\n<\/div><\/div>\n<\/div>\n\t\t\t\t\t\t\t<\/div> \n\n<div class=\"wp-block-rental-theme-form rental-theme-block-default-padding\">\n\t\t\t\t\t\t\t\t\t<div class=\"container\"><\/div>\n\t\t\t\t\t\t\t\t<\/div>","protected":false},"excerpt":{"rendered":"<p>Ponujamo vam paket varovalne opreme za delo na vi\u0161ini, ki vsebuje: 1. Varovalni pas Climax Basic Plus Trapez Material: poliesterSprednja in zadnja to\u010dka za pripenjanjeMo\u017enost regulacije velikosti na stegnih in prsnem delu: obseg prsi 80-127 cm, obseg stegen 65-80 cm 2. Climax bla\u017eilec padca Dol\u017eina: 2 m Poliamidna vrv z bla\u017eilcem s karabinom in kljukoOpozorilo: &hellip; <a href=\"https:\/\/www.riwal.com\/sl\/varovalna-oprema-za-delo-na-visini\/paket-varovalne-opreme-climax-basic-plus\/\">Se nadaljuje<\/a><\/p>\n","protected":false},"author":45,"featured_media":0,"parent":2886,"menu_order":0,"comment_status":"closed","ping_status":"closed","template":"","meta":{"_acf_changed":false,"footnotes":""},"class_list":["post-2999","page","type-page","status-publish","hentry"],"acf":[],"yoast_head":"<!-- This site is optimized with the Yoast SEO Premium plugin v27.1 (Yoast SEO v27.1.1) - https:\/\/yoast.com\/product\/yoast-seo-premium-wordpress\/ -->\n<title>Paket varovalne opreme Climax Basic Plus - Riwal Slovenija<\/title>\n<meta name=\"description\" content=\"Preglejte najnovej\u0161o ponudbo varnostne opreme za delo na vi\u0161ini po izjemno ugodni ceni.\" \/>\n<meta name=\"robots\" content=\"index, follow, max-snippet:-1, max-image-preview:large, max-video-preview:-1\" \/>\n<link rel=\"canonical\" href=\"https:\/\/www.riwal.com\/sl\/varovalna-oprema-za-delo-na-visini\/paket-varovalne-opreme-climax-basic-plus\/\" \/>\n<meta property=\"og:locale\" content=\"sl_SI\" \/>\n<meta property=\"og:type\" content=\"article\" \/>\n<meta property=\"og:title\" content=\"Paket varovalne opreme Climax Basic Plus\" \/>\n<meta property=\"og:description\" content=\"Preglejte najnovej\u0161o ponudbo varnostne opreme za delo na vi\u0161ini po izjemno ugodni ceni.\" \/>\n<meta property=\"og:url\" content=\"https:\/\/www.riwal.com\/sl\/varovalna-oprema-za-delo-na-visini\/paket-varovalne-opreme-climax-basic-plus\/\" \/>\n<meta property=\"og:site_name\" content=\"Riwal Slovenija\" \/>\n<meta property=\"article:modified_time\" content=\"2024-04-04T09:15:19+00:00\" \/>\n<meta property=\"og:image\" content=\"https:\/\/www.riwal.com\/app\/uploads\/sites\/10\/2024\/04\/climax-basic-plus-paket-varoavlane-opreme_1.png\" \/>\n<meta name=\"twitter:card\" content=\"summary_large_image\" \/>\n<meta name=\"twitter:label1\" content=\"Est. reading time\" \/>\n\t<meta name=\"twitter:data1\" content=\"1 minuta\" \/>\n<script type=\"application\/ld+json\" class=\"yoast-schema-graph\">{\"@context\":\"https:\/\/schema.org\",\"@graph\":[{\"@type\":\"WebPage\",\"@id\":\"https:\/\/www.riwal.com\/sl\/varovalna-oprema-za-delo-na-visini\/paket-varovalne-opreme-climax-basic-plus\/\",\"url\":\"https:\/\/www.riwal.com\/sl\/varovalna-oprema-za-delo-na-visini\/paket-varovalne-opreme-climax-basic-plus\/\",\"name\":\"Paket varovalne opreme Climax Basic Plus - Riwal Slovenija\",\"isPartOf\":{\"@id\":\"https:\/\/www.riwal.com\/sl\/#website\"},\"primaryImageOfPage\":{\"@id\":\"https:\/\/www.riwal.com\/sl\/varovalna-oprema-za-delo-na-visini\/paket-varovalne-opreme-climax-basic-plus\/#primaryimage\"},\"image\":{\"@id\":\"https:\/\/www.riwal.com\/sl\/varovalna-oprema-za-delo-na-visini\/paket-varovalne-opreme-climax-basic-plus\/#primaryimage\"},\"thumbnailUrl\":\"https:\/\/www.riwal.com\/app\/uploads\/sites\/10\/2024\/04\/climax-basic-plus-paket-varoavlane-opreme_1.png\",\"datePublished\":\"2023-09-06T20:25:32+00:00\",\"dateModified\":\"2024-04-04T09:15:19+00:00\",\"description\":\"Preglejte najnovej\u0161o ponudbo varnostne opreme za delo na vi\u0161ini po izjemno ugodni ceni.\",\"breadcrumb\":{\"@id\":\"https:\/\/www.riwal.com\/sl\/varovalna-oprema-za-delo-na-visini\/paket-varovalne-opreme-climax-basic-plus\/#breadcrumb\"},\"inLanguage\":\"sl-SI\",\"potentialAction\":[{\"@type\":\"ReadAction\",\"target\":[\"https:\/\/www.riwal.com\/sl\/varovalna-oprema-za-delo-na-visini\/paket-varovalne-opreme-climax-basic-plus\/\"]}]},{\"@type\":\"ImageObject\",\"inLanguage\":\"sl-SI\",\"@id\":\"https:\/\/www.riwal.com\/sl\/varovalna-oprema-za-delo-na-visini\/paket-varovalne-opreme-climax-basic-plus\/#primaryimage\",\"url\":\"https:\/\/www.riwal.com\/app\/uploads\/sites\/10\/2024\/04\/climax-basic-plus-paket-varoavlane-opreme_1.png\",\"contentUrl\":\"https:\/\/www.riwal.com\/app\/uploads\/sites\/10\/2024\/04\/climax-basic-plus-paket-varoavlane-opreme_1.png\"},{\"@type\":\"BreadcrumbList\",\"@id\":\"https:\/\/www.riwal.com\/sl\/varovalna-oprema-za-delo-na-visini\/paket-varovalne-opreme-climax-basic-plus\/#breadcrumb\",\"itemListElement\":[{\"@type\":\"ListItem\",\"position\":1,\"name\":\"Domov\",\"item\":\"https:\/\/www.riwal.com\/sl\/\"},{\"@type\":\"ListItem\",\"position\":2,\"name\":\"Varovalna oprema za delo na vi\u0161ini\",\"item\":\"https:\/\/www.riwal.com\/sl\/varovalna-oprema-za-delo-na-visini\/\"},{\"@type\":\"ListItem\",\"position\":3,\"name\":\"Paket varovalne opreme Climax Basic Plus\"}]},{\"@type\":\"WebSite\",\"@id\":\"https:\/\/www.riwal.com\/sl\/#website\",\"url\":\"https:\/\/www.riwal.com\/sl\/\",\"name\":\"Riwal\",\"description\":\"Arial work platform &amp; Telehandler Rental\/Sales\",\"publisher\":{\"@id\":\"https:\/\/www.riwal.com\/sl\/#organization\"},\"potentialAction\":[{\"@type\":\"SearchAction\",\"target\":{\"@type\":\"EntryPoint\",\"urlTemplate\":\"https:\/\/www.riwal.com\/sl\/?s={search_term_string}\"},\"query-input\":{\"@type\":\"PropertyValueSpecification\",\"valueRequired\":true,\"valueName\":\"search_term_string\"}}],\"inLanguage\":\"sl-SI\"},{\"@type\":\"Organization\",\"@id\":\"https:\/\/www.riwal.com\/sl\/#organization\",\"name\":\"Riwal\",\"url\":\"https:\/\/www.riwal.com\/sl\/\",\"logo\":{\"@type\":\"ImageObject\",\"inLanguage\":\"sl-SI\",\"@id\":\"https:\/\/www.riwal.com\/sl\/#\/schema\/logo\/image\/\",\"url\":\"\",\"contentUrl\":\"\",\"caption\":\"Riwal\"},\"image\":{\"@id\":\"https:\/\/www.riwal.com\/sl\/#\/schema\/logo\/image\/\"}}]}<\/script>\n<!-- \/ Yoast SEO Premium plugin. -->","yoast_head_json":{"title":"Paket varovalne opreme Climax Basic Plus - Riwal Slovenija","description":"Preglejte najnovej\u0161o ponudbo varnostne opreme za delo na vi\u0161ini po izjemno ugodni ceni.","robots":{"index":"index","follow":"follow","max-snippet":"max-snippet:-1","max-image-preview":"max-image-preview:large","max-video-preview":"max-video-preview:-1"},"canonical":"https:\/\/www.riwal.com\/sl\/varovalna-oprema-za-delo-na-visini\/paket-varovalne-opreme-climax-basic-plus\/","og_locale":"sl_SI","og_type":"article","og_title":"Paket varovalne opreme Climax Basic Plus","og_description":"Preglejte najnovej\u0161o ponudbo varnostne opreme za delo na vi\u0161ini po izjemno ugodni ceni.","og_url":"https:\/\/www.riwal.com\/sl\/varovalna-oprema-za-delo-na-visini\/paket-varovalne-opreme-climax-basic-plus\/","og_site_name":"Riwal Slovenija","article_modified_time":"2024-04-04T09:15:19+00:00","og_image":[{"url":"https:\/\/www.riwal.com\/app\/uploads\/sites\/10\/2024\/04\/climax-basic-plus-paket-varoavlane-opreme_1.png","type":"","width":"","height":""}],"twitter_card":"summary_large_image","twitter_misc":{"Est. reading time":"1 minuta"},"schema":{"@context":"https:\/\/schema.org","@graph":[{"@type":"WebPage","@id":"https:\/\/www.riwal.com\/sl\/varovalna-oprema-za-delo-na-visini\/paket-varovalne-opreme-climax-basic-plus\/","url":"https:\/\/www.riwal.com\/sl\/varovalna-oprema-za-delo-na-visini\/paket-varovalne-opreme-climax-basic-plus\/","name":"Paket varovalne opreme Climax Basic Plus - Riwal Slovenija","isPartOf":{"@id":"https:\/\/www.riwal.com\/sl\/#website"},"primaryImageOfPage":{"@id":"https:\/\/www.riwal.com\/sl\/varovalna-oprema-za-delo-na-visini\/paket-varovalne-opreme-climax-basic-plus\/#primaryimage"},"image":{"@id":"https:\/\/www.riwal.com\/sl\/varovalna-oprema-za-delo-na-visini\/paket-varovalne-opreme-climax-basic-plus\/#primaryimage"},"thumbnailUrl":"https:\/\/www.riwal.com\/app\/uploads\/sites\/10\/2024\/04\/climax-basic-plus-paket-varoavlane-opreme_1.png","datePublished":"2023-09-06T20:25:32+00:00","dateModified":"2024-04-04T09:15:19+00:00","description":"Preglejte najnovej\u0161o ponudbo varnostne opreme za delo na vi\u0161ini po izjemno ugodni ceni.","breadcrumb":{"@id":"https:\/\/www.riwal.com\/sl\/varovalna-oprema-za-delo-na-visini\/paket-varovalne-opreme-climax-basic-plus\/#breadcrumb"},"inLanguage":"sl-SI","potentialAction":[{"@type":"ReadAction","target":["https:\/\/www.riwal.com\/sl\/varovalna-oprema-za-delo-na-visini\/paket-varovalne-opreme-climax-basic-plus\/"]}]},{"@type":"ImageObject","inLanguage":"sl-SI","@id":"https:\/\/www.riwal.com\/sl\/varovalna-oprema-za-delo-na-visini\/paket-varovalne-opreme-climax-basic-plus\/#primaryimage","url":"https:\/\/www.riwal.com\/app\/uploads\/sites\/10\/2024\/04\/climax-basic-plus-paket-varoavlane-opreme_1.png","contentUrl":"https:\/\/www.riwal.com\/app\/uploads\/sites\/10\/2024\/04\/climax-basic-plus-paket-varoavlane-opreme_1.png"},{"@type":"BreadcrumbList","@id":"https:\/\/www.riwal.com\/sl\/varovalna-oprema-za-delo-na-visini\/paket-varovalne-opreme-climax-basic-plus\/#breadcrumb","itemListElement":[{"@type":"ListItem","position":1,"name":"Domov","item":"https:\/\/www.riwal.com\/sl\/"},{"@type":"ListItem","position":2,"name":"Varovalna oprema za delo na vi\u0161ini","item":"https:\/\/www.riwal.com\/sl\/varovalna-oprema-za-delo-na-visini\/"},{"@type":"ListItem","position":3,"name":"Paket varovalne opreme Climax Basic Plus"}]},{"@type":"WebSite","@id":"https:\/\/www.riwal.com\/sl\/#website","url":"https:\/\/www.riwal.com\/sl\/","name":"Riwal","description":"Arial work platform &amp; Telehandler Rental\/Sales","publisher":{"@id":"https:\/\/www.riwal.com\/sl\/#organization"},"potentialAction":[{"@type":"SearchAction","target":{"@type":"EntryPoint","urlTemplate":"https:\/\/www.riwal.com\/sl\/?s={search_term_string}"},"query-input":{"@type":"PropertyValueSpecification","valueRequired":true,"valueName":"search_term_string"}}],"inLanguage":"sl-SI"},{"@type":"Organization","@id":"https:\/\/www.riwal.com\/sl\/#organization","name":"Riwal","url":"https:\/\/www.riwal.com\/sl\/","logo":{"@type":"ImageObject","inLanguage":"sl-SI","@id":"https:\/\/www.riwal.com\/sl\/#\/schema\/logo\/image\/","url":"","contentUrl":"","caption":"Riwal"},"image":{"@id":"https:\/\/www.riwal.com\/sl\/#\/schema\/logo\/image\/"}}]}},"_links":{"self":[{"href":"https:\/\/www.riwal.com\/sl\/wp-json\/wp\/v2\/pages\/2999","targetHints":{"allow":["GET"]}}],"collection":[{"href":"https:\/\/www.riwal.com\/sl\/wp-json\/wp\/v2\/pages"}],"about":[{"href":"https:\/\/www.riwal.com\/sl\/wp-json\/wp\/v2\/types\/page"}],"author":[{"embeddable":true,"href":"https:\/\/www.riwal.com\/sl\/wp-json\/wp\/v2\/users\/45"}],"replies":[{"embeddable":true,"href":"https:\/\/www.riwal.com\/sl\/wp-json\/wp\/v2\/comments?post=2999"}],"version-history":[{"count":2,"href":"https:\/\/www.riwal.com\/sl\/wp-json\/wp\/v2\/pages\/2999\/revisions"}],"predecessor-version":[{"id":8592,"href":"https:\/\/www.riwal.com\/sl\/wp-json\/wp\/v2\/pages\/2999\/revisions\/8592"}],"up":[{"embeddable":true,"href":"https:\/\/www.riwal.com\/sl\/wp-json\/wp\/v2\/pages\/2886"}],"wp:attachment":[{"href":"https:\/\/www.riwal.com\/sl\/wp-json\/wp\/v2\/media?parent=2999"}],"curies":[{"name":"wp","href":"https:\/\/api.w.org\/{rel}","templated":true}]}}