{"id":699,"date":"2023-05-01T14:14:18","date_gmt":"2023-05-01T14:14:18","guid":{"rendered":"https:\/\/www.riwal.com\/en\/?page_id=699"},"modified":"2023-10-30T15:56:09","modified_gmt":"2023-10-30T15:56:09","slug":"page-not-found","status":"publish","type":"page","link":"https:\/\/www.riwal.com\/pl\/page-not-found\/","title":{"rendered":"Nie znaleziono strony"},"content":{"rendered":"<div class=\"rental-wp-default-block rental-theme-block-default-margin\">\n\t\t\t\t\t\t\t\t<div class=\"container\">\n<div class=\"wp-block-rental-theme-title-text rental-theme-block-default-margin\">\n\t<div class=\"wp-block-rental-theme-title-text__container\">\n\t\t<div class=\"wp-block-rental-theme-title-text__wrapper\">\n\t\t\t<h1 class='wp-block-rental-theme-title-text__title'>B\u0142\u0105d 404<\/h1>\t\t<\/div>\n\t\t<div class='wp-block-rental-theme-title-text__text'>\n\n<p>Nie uda\u0142o si\u0119 znale\u017a\u0107 tego, czego potrzebujesz? <br>Spr\u00f3buj wr\u00f3ci\u0107 na <a href=\"https:\/\/www.riwal.com\/pl\">stron\u0119 g\u0142\u00f3wn\u0105<\/a> lub sprawd\u017a inne przydatne strony!<br><br><a href=\"https:\/\/www.riwal.com\/pl\/wynajem\/\"><strong>Wynajem<\/strong><\/a><br><a href=\"https:\/\/www.riwal.com\/pl\/sprzedaz\/\"><strong>Sprzeda\u017c<\/strong><\/a><br><a href=\"https:\/\/www.riwal.com\/pl\/szkolenie\/\"><strong>Szkolenia<\/strong><\/a><br><strong><a href=\"https:\/\/www.riwal.com\/pl\/serwis\">Serwis i cz\u0119\u015bci<\/a><\/strong><br><a href=\"https:\/\/www.riwal.com\/pl\/wiedza\/\"><strong>Wiedza i do\u015bwiadczenie<\/strong><\/a><br>\u00a0<br>Masz pytania? Skontaktuj si\u0119 z nami <strong><a href=\"tel:+48468951363\">+48 46 895 13 63<\/a> <\/strong>lub<strong> <a href=\"mailto:info-pl@riwal.com\">info-pl@riwal.com<\/a><\/strong>.<\/p>\n\n<\/div>\n\t<\/div>\n<\/div><\/div>\n\t\t\t\t\t\t\t<\/div> ","protected":false},"excerpt":{"rendered":"","protected":false},"author":3,"featured_media":0,"parent":0,"menu_order":0,"comment_status":"closed","ping_status":"closed","template":"","meta":{"_acf_changed":false,"footnotes":""},"class_list":["post-699","page","type-page","status-publish","hentry"],"acf":[],"yoast_head":"<!-- This site is optimized with the Yoast SEO Premium plugin v27.1 (Yoast SEO v27.1.1) - https:\/\/yoast.com\/product\/yoast-seo-premium-wordpress\/ -->\n<title>Nie znaleziono strony - Riwal - Polska<\/title>\n<meta name=\"description\" content=\"Strona b\u0142\u0119du 404 Riwal Poland - Nie znaleziono strony. Wr\u00f3\u0107 na stron\u0119 g\u0142\u00f3wn\u0105 lub sprawd\u017a inne przydatne strony.\" \/>\n<meta name=\"robots\" content=\"index, follow, max-snippet:-1, max-image-preview:large, max-video-preview:-1\" \/>\n<link rel=\"canonical\" href=\"https:\/\/www.riwal.com\/pl\/page-not-found\/\" \/>\n<meta property=\"og:locale\" content=\"pl_PL\" \/>\n<meta property=\"og:type\" content=\"article\" \/>\n<meta property=\"og:title\" content=\"Nie znaleziono strony\" \/>\n<meta property=\"og:description\" content=\"Strona b\u0142\u0119du 404 Riwal Poland - Nie znaleziono strony. Wr\u00f3\u0107 na stron\u0119 g\u0142\u00f3wn\u0105 lub sprawd\u017a inne przydatne strony.\" \/>\n<meta property=\"og:url\" content=\"https:\/\/www.riwal.com\/pl\/page-not-found\/\" \/>\n<meta property=\"og:site_name\" content=\"Riwal - Polska\" \/>\n<meta property=\"article:modified_time\" content=\"2023-10-30T15:56:09+00:00\" \/>\n<meta name=\"twitter:card\" content=\"summary_large_image\" \/>\n<meta name=\"twitter:label1\" content=\"Est. reading time\" \/>\n\t<meta name=\"twitter:data1\" content=\"1 minuta\" \/>\n<script type=\"application\/ld+json\" class=\"yoast-schema-graph\">{\"@context\":\"https:\/\/schema.org\",\"@graph\":[{\"@type\":\"WebPage\",\"@id\":\"https:\/\/www.riwal.com\/pl\/page-not-found\/\",\"url\":\"https:\/\/www.riwal.com\/pl\/page-not-found\/\",\"name\":\"Nie znaleziono strony - Riwal - Polska\",\"isPartOf\":{\"@id\":\"https:\/\/www.riwal.com\/pl\/#website\"},\"datePublished\":\"2023-05-01T14:14:18+00:00\",\"dateModified\":\"2023-10-30T15:56:09+00:00\",\"description\":\"Strona b\u0142\u0119du 404 Riwal Poland - Nie znaleziono strony. Wr\u00f3\u0107 na stron\u0119 g\u0142\u00f3wn\u0105 lub sprawd\u017a inne przydatne strony.\",\"breadcrumb\":{\"@id\":\"https:\/\/www.riwal.com\/pl\/page-not-found\/#breadcrumb\"},\"inLanguage\":\"pl-PL\",\"potentialAction\":[{\"@type\":\"ReadAction\",\"target\":[\"https:\/\/www.riwal.com\/pl\/page-not-found\/\"]}]},{\"@type\":\"BreadcrumbList\",\"@id\":\"https:\/\/www.riwal.com\/pl\/page-not-found\/#breadcrumb\",\"itemListElement\":[{\"@type\":\"ListItem\",\"position\":1,\"name\":\"Strona g\u0142\u00f3wna\",\"item\":\"https:\/\/www.riwal.com\/pl\/\"},{\"@type\":\"ListItem\",\"position\":2,\"name\":\"Nie znaleziono strony\"}]},{\"@type\":\"WebSite\",\"@id\":\"https:\/\/www.riwal.com\/pl\/#website\",\"url\":\"https:\/\/www.riwal.com\/pl\/\",\"name\":\"Riwal\",\"description\":\"Arial work platform &amp; Telehandler Rental\/Sales\",\"publisher\":{\"@id\":\"https:\/\/www.riwal.com\/pl\/#organization\"},\"potentialAction\":[{\"@type\":\"SearchAction\",\"target\":{\"@type\":\"EntryPoint\",\"urlTemplate\":\"https:\/\/www.riwal.com\/pl\/?s={search_term_string}\"},\"query-input\":{\"@type\":\"PropertyValueSpecification\",\"valueRequired\":true,\"valueName\":\"search_term_string\"}}],\"inLanguage\":\"pl-PL\"},{\"@type\":\"Organization\",\"@id\":\"https:\/\/www.riwal.com\/pl\/#organization\",\"name\":\"Riwal\",\"url\":\"https:\/\/www.riwal.com\/pl\/\",\"logo\":{\"@type\":\"ImageObject\",\"inLanguage\":\"pl-PL\",\"@id\":\"https:\/\/www.riwal.com\/pl\/#\/schema\/logo\/image\/\",\"url\":\"\",\"contentUrl\":\"\",\"caption\":\"Riwal\"},\"image\":{\"@id\":\"https:\/\/www.riwal.com\/pl\/#\/schema\/logo\/image\/\"}}]}<\/script>\n<!-- \/ Yoast SEO Premium plugin. -->","yoast_head_json":{"title":"Nie znaleziono strony - Riwal - Polska","description":"Strona b\u0142\u0119du 404 Riwal Poland - Nie znaleziono strony. Wr\u00f3\u0107 na stron\u0119 g\u0142\u00f3wn\u0105 lub sprawd\u017a inne przydatne strony.","robots":{"index":"index","follow":"follow","max-snippet":"max-snippet:-1","max-image-preview":"max-image-preview:large","max-video-preview":"max-video-preview:-1"},"canonical":"https:\/\/www.riwal.com\/pl\/page-not-found\/","og_locale":"pl_PL","og_type":"article","og_title":"Nie znaleziono strony","og_description":"Strona b\u0142\u0119du 404 Riwal Poland - Nie znaleziono strony. Wr\u00f3\u0107 na stron\u0119 g\u0142\u00f3wn\u0105 lub sprawd\u017a inne przydatne strony.","og_url":"https:\/\/www.riwal.com\/pl\/page-not-found\/","og_site_name":"Riwal - Polska","article_modified_time":"2023-10-30T15:56:09+00:00","twitter_card":"summary_large_image","twitter_misc":{"Est. reading time":"1 minuta"},"schema":{"@context":"https:\/\/schema.org","@graph":[{"@type":"WebPage","@id":"https:\/\/www.riwal.com\/pl\/page-not-found\/","url":"https:\/\/www.riwal.com\/pl\/page-not-found\/","name":"Nie znaleziono strony - Riwal - Polska","isPartOf":{"@id":"https:\/\/www.riwal.com\/pl\/#website"},"datePublished":"2023-05-01T14:14:18+00:00","dateModified":"2023-10-30T15:56:09+00:00","description":"Strona b\u0142\u0119du 404 Riwal Poland - Nie znaleziono strony. Wr\u00f3\u0107 na stron\u0119 g\u0142\u00f3wn\u0105 lub sprawd\u017a inne przydatne strony.","breadcrumb":{"@id":"https:\/\/www.riwal.com\/pl\/page-not-found\/#breadcrumb"},"inLanguage":"pl-PL","potentialAction":[{"@type":"ReadAction","target":["https:\/\/www.riwal.com\/pl\/page-not-found\/"]}]},{"@type":"BreadcrumbList","@id":"https:\/\/www.riwal.com\/pl\/page-not-found\/#breadcrumb","itemListElement":[{"@type":"ListItem","position":1,"name":"Strona g\u0142\u00f3wna","item":"https:\/\/www.riwal.com\/pl\/"},{"@type":"ListItem","position":2,"name":"Nie znaleziono strony"}]},{"@type":"WebSite","@id":"https:\/\/www.riwal.com\/pl\/#website","url":"https:\/\/www.riwal.com\/pl\/","name":"Riwal","description":"Arial work platform &amp; Telehandler Rental\/Sales","publisher":{"@id":"https:\/\/www.riwal.com\/pl\/#organization"},"potentialAction":[{"@type":"SearchAction","target":{"@type":"EntryPoint","urlTemplate":"https:\/\/www.riwal.com\/pl\/?s={search_term_string}"},"query-input":{"@type":"PropertyValueSpecification","valueRequired":true,"valueName":"search_term_string"}}],"inLanguage":"pl-PL"},{"@type":"Organization","@id":"https:\/\/www.riwal.com\/pl\/#organization","name":"Riwal","url":"https:\/\/www.riwal.com\/pl\/","logo":{"@type":"ImageObject","inLanguage":"pl-PL","@id":"https:\/\/www.riwal.com\/pl\/#\/schema\/logo\/image\/","url":"","contentUrl":"","caption":"Riwal"},"image":{"@id":"https:\/\/www.riwal.com\/pl\/#\/schema\/logo\/image\/"}}]}},"_links":{"self":[{"href":"https:\/\/www.riwal.com\/pl\/wp-json\/wp\/v2\/pages\/699","targetHints":{"allow":["GET"]}}],"collection":[{"href":"https:\/\/www.riwal.com\/pl\/wp-json\/wp\/v2\/pages"}],"about":[{"href":"https:\/\/www.riwal.com\/pl\/wp-json\/wp\/v2\/types\/page"}],"author":[{"embeddable":true,"href":"https:\/\/www.riwal.com\/pl\/wp-json\/wp\/v2\/users\/3"}],"replies":[{"embeddable":true,"href":"https:\/\/www.riwal.com\/pl\/wp-json\/wp\/v2\/comments?post=699"}],"version-history":[{"count":14,"href":"https:\/\/www.riwal.com\/pl\/wp-json\/wp\/v2\/pages\/699\/revisions"}],"predecessor-version":[{"id":5261,"href":"https:\/\/www.riwal.com\/pl\/wp-json\/wp\/v2\/pages\/699\/revisions\/5261"}],"wp:attachment":[{"href":"https:\/\/www.riwal.com\/pl\/wp-json\/wp\/v2\/media?parent=699"}],"curies":[{"name":"wp","href":"https:\/\/api.w.org\/{rel}","templated":true}]}}