{"id":5882,"date":"2024-01-26T15:23:22","date_gmt":"2024-01-26T15:23:22","guid":{"rendered":"https:\/\/www.riwal.com\/pl\/?page_id=5882"},"modified":"2025-03-21T15:53:30","modified_gmt":"2025-03-21T14:53:30","slug":"oryginalne-czesci-zamienne-do-podestow-marki-jlg","status":"publish","type":"page","link":"https:\/\/www.riwal.com\/pl\/oryginalne-czesci-zamienne-do-podestow-marki-jlg\/","title":{"rendered":"Oryginalne cz\u0119\u015bci zamienne do podest\u00f3w marki JLG"},"content":{"rendered":"<div class=\"container\">\n<h1 class=\"wp-block-heading\" id=\"h-serwis-i-oryginalne-czesci-zamienne-do-podestow-marki-jlg\">Serwis i oryginalne cz\u0119\u015bci zamienne do podest\u00f3w marki JLG<\/h1>\n<\/div>\n\n<div class=\"container\">\n<p>Potrzebujesz nowych cz\u0119\u015bci do podno\u015bnik\u00f3w koszowych JLG, podno\u015bnik\u00f3w no\u017cycowych JLG lub wysi\u0119gnik\u00f3w AWP?<\/p>\n<\/div>\n\n<div class=\"container\">\n<p>Riwal jest wy\u0142\u0105cznym dealerem JLG Industries w Polsce od 2015 roku.<br>Jeste\u015bmy specjalist\u0105 numer jeden w zakresie oryginalnych cz\u0119\u015bci i komponent\u00f3w do:<br>&#8211; podno\u015bnik\u00f3w koszowych JLG,<br>&#8211; podno\u015bnik\u00f3w no\u017cycowych JLG<br>&#8211; podno\u015bnik\u00f3w teleskopowych JLG<br>Riwal, jako oficjalny dealer importuje i sprzedaje oryginalne cz\u0119\u015bci zamienne.<\/p>\n<\/div>\n\n<div class=\"container\">\n<p>Konieczno\u015b\u0107 wymiany cz\u0119\u015bci zawsze pojawia si\u0119 w nieodpowiednim czasie.<br>Riwal Cz\u0119\u015bci pomaga szybko zam\u00f3wi\u0107 konkretn\u0105 cz\u0119\u015b\u0107 i dostarczy\u0107 j\u0105 na czas.<br>Niezale\u017cnie od tego, czy jest to podest przegubowy, teleskopowy, paj\u0105k, no\u017cycowy, masztowy, podno\u015bnik g\u0105sienicowy czy \u0142adowarka teleskopowa JLG.<br>Nasz zesp\u00f3\u0142 Riwal Cz\u0119\u015bci jest gotowy, aby pom\u00f3c utrzyma\u0107 Twoje maszyny w najlepszym stanie!<\/p>\n<\/div>\n\n<div class=\"container\">\n<p>Czy wiesz, \u017ce mo\u017cesz \u0142atwo i szybko zam\u00f3wi\u0107 cz\u0119\u015bci JLG w Riwal?<br>Oryginalne cz\u0119\u015bci do podno\u015bnik\u00f3w koszowych renomowanych marek, takich jak JLG, mo\u017cna znale\u017a\u0107 w sklepie internetowym&nbsp;<a><\/a><a href=\"https:\/\/www.riwal.com\/poland\/pl-pl\/czesci\/sklep-my-riwal-czesci\">My Riwal Parts<\/a>.<\/p>\n<\/div>\n\n<div class=\"container\">\n<h2 class=\"wp-block-heading\">CZ\u0118\u015aCI JLG DOST\u0118PNE W SKLEPIE<\/h2>\n<\/div>\n\n<div class=\"container\">\n<p>Znajd\u017a pe\u0142ny asortyment&nbsp;<strong>cz\u0119\u015bci JLG<\/strong>&nbsp;w My Riwal Cz\u0119\u015bci.<br>Niezale\u017cnie od tego, czy chodzi o<strong>&nbsp;prze\u0142\u0105czniki<\/strong>,&nbsp;<strong>filtry<\/strong>&nbsp;czy&nbsp;<strong>cz\u0119\u015bci elektroniczne<\/strong>&nbsp;i&nbsp;<strong>mechaniczne<\/strong>, znajdziesz je wszystkie w naszym sklepie internetowym.<br>My Riwal Cz\u0119\u015bci jest dost\u0119pny 24\/7, 365 dni w roku, z aktualnymi cenami i bie\u017c\u0105c\u0105 dost\u0119pno\u015bci\u0105 magazynow\u0105.<br>Cz\u0119\u015bci JLG mo\u017cna zamawia\u0107 nie tylko wed\u0142ug numeru cz\u0119\u015bci lub numeru seryjnego, ale tak\u017ce za pomoc\u0105 naszej unikalnej funkcji interaktywnych rysunk\u00f3w maszyn.<br>W My Riwal Cz\u0119\u015bci mo\u017cesz od razu zobaczy\u0107, czy potrzebna Ci cz\u0119\u015b\u0107 jest w naszym magazynie.<br>Dzi\u0119ki mo\u017cliwo\u015bci&nbsp;<strong>szybkiej dostawy<\/strong>&nbsp;Twoja maszyna b\u0119dzie gotowa do pracy w mgnieniu oka!<\/p>\n<\/div>\n\n<div class=\"container\">\n<figure class=\"wp-block-image size-large\"><img loading=\"lazy\" decoding=\"async\" width=\"1024\" height=\"302\" src=\"https:\/\/eqsk4m2dkju.exactdn.com\/app\/uploads\/sites\/9\/2024\/01\/Zamw-w-3-PROSTYCH-KROKACH-na-My-Riwal-Czci-1-1024x302.jpg?strip=all&quality=92&webp=92&avif=80&sharp=1\" alt=\"\" class=\"wp-image-5707\" srcset=\"https:\/\/eqsk4m2dkju.exactdn.com\/app\/uploads\/sites\/9\/2024\/01\/Zamw-w-3-PROSTYCH-KROKACH-na-My-Riwal-Czci-1-1024x302.jpg?strip=all&amp;quality=92&amp;webp=92&amp;avif=80&amp;sharp=1 1024w, https:\/\/eqsk4m2dkju.exactdn.com\/app\/uploads\/sites\/9\/2024\/01\/Zamw-w-3-PROSTYCH-KROKACH-na-My-Riwal-Czci-1-300x89.jpg?strip=all&amp;quality=92&amp;webp=92&amp;avif=80&amp;sharp=1 300w, https:\/\/eqsk4m2dkju.exactdn.com\/app\/uploads\/sites\/9\/2024\/01\/Zamw-w-3-PROSTYCH-KROKACH-na-My-Riwal-Czci-1-768x227.jpg?strip=all&amp;quality=92&amp;webp=92&amp;avif=80&amp;sharp=1 768w, https:\/\/eqsk4m2dkju.exactdn.com\/app\/uploads\/sites\/9\/2024\/01\/Zamw-w-3-PROSTYCH-KROKACH-na-My-Riwal-Czci-1-1536x454.jpg?strip=all&amp;quality=92&amp;webp=92&amp;avif=80&amp;sharp=1 1536w, https:\/\/eqsk4m2dkju.exactdn.com\/app\/uploads\/sites\/9\/2024\/01\/Zamw-w-3-PROSTYCH-KROKACH-na-My-Riwal-Czci-1-178x53.jpg?strip=all&amp;quality=92&amp;webp=92&amp;avif=80&amp;sharp=1 178w, https:\/\/eqsk4m2dkju.exactdn.com\/app\/uploads\/sites\/9\/2024\/01\/Zamw-w-3-PROSTYCH-KROKACH-na-My-Riwal-Czci-1-1440x425.jpg?strip=all&amp;quality=92&amp;webp=92&amp;avif=80&amp;sharp=1 1440w, https:\/\/eqsk4m2dkju.exactdn.com\/app\/uploads\/sites\/9\/2024\/01\/Zamw-w-3-PROSTYCH-KROKACH-na-My-Riwal-Czci-1-390x115.jpg?strip=all&amp;quality=92&amp;webp=92&amp;avif=80&amp;sharp=1 390w, https:\/\/eqsk4m2dkju.exactdn.com\/app\/uploads\/sites\/9\/2024\/01\/Zamw-w-3-PROSTYCH-KROKACH-na-My-Riwal-Czci-1-830x245.jpg?strip=all&amp;quality=92&amp;webp=92&amp;avif=80&amp;sharp=1 830w, https:\/\/eqsk4m2dkju.exactdn.com\/app\/uploads\/sites\/9\/2024\/01\/Zamw-w-3-PROSTYCH-KROKACH-na-My-Riwal-Czci-1-250x74.jpg?strip=all&amp;quality=92&amp;webp=92&amp;avif=80&amp;sharp=1 250w, https:\/\/eqsk4m2dkju.exactdn.com\/app\/uploads\/sites\/9\/2024\/01\/Zamw-w-3-PROSTYCH-KROKACH-na-My-Riwal-Czci-1-620x183.jpg?strip=all&amp;quality=92&amp;webp=92&amp;avif=80&amp;sharp=1 620w, https:\/\/eqsk4m2dkju.exactdn.com\/app\/uploads\/sites\/9\/2024\/01\/Zamw-w-3-PROSTYCH-KROKACH-na-My-Riwal-Czci-1-237x70.jpg?strip=all&amp;quality=92&amp;webp=92&amp;avif=80&amp;sharp=1 237w, https:\/\/eqsk4m2dkju.exactdn.com\/app\/uploads\/sites\/9\/2024\/01\/Zamw-w-3-PROSTYCH-KROKACH-na-My-Riwal-Czci-1-474x140.jpg?strip=all&amp;quality=92&amp;webp=92&amp;avif=80&amp;sharp=1 474w, https:\/\/eqsk4m2dkju.exactdn.com\/app\/uploads\/sites\/9\/2024\/01\/Zamw-w-3-PROSTYCH-KROKACH-na-My-Riwal-Czci-1.jpg?strip=all&amp;quality=92&amp;webp=92&amp;avif=80&amp;sharp=1 1920w, https:\/\/eqsk4m2dkju.exactdn.com\/app\/uploads\/sites\/9\/2024\/01\/Zamw-w-3-PROSTYCH-KROKACH-na-My-Riwal-Czci-1.jpg?strip=all&amp;quality=92&amp;webp=92&amp;avif=80&amp;sharp=1&amp;w=1152 1152w\" sizes=\"auto, (max-width: 1024px) 100vw, 1024px\" \/><\/figure>\n<\/div>\n\n<div class=\"container\">\n<p><\/p>\n<\/div>\n\n<div class=\"container\">\n<h3 class=\"wp-block-heading\">ZAM\u00d3W CZ\u0118\u015aCI ZAMIENNE JLG<\/h3>\n<\/div>\n\n<div class=\"container\">\n<p>W sklepie My Riwal Cz\u0119\u015bci znajdziesz oryginalne&nbsp;<strong>cz\u0119\u015bci zamienne<\/strong>&nbsp;do swoich maszyn, takie jak:<\/p>\n<\/div>\n\n<div class=\"container\">\n<ul class=\"wp-block-list\">\n<li>odb\u00f3j no\u017cyc JLG (3340962)<\/li>\n\n\n\n<li>tuleja kompozytowa JLG (962140)<\/li>\n\n\n\n<li>tuleja sworznia JLG (961951)<\/li>\n\n\n\n<li>tuleja ci\u0119gna skr\u0119tu JLG (440259)<\/li>\n\n\n\n<li>prze\u0142\u0105cznik 3 pin JLG (4360328S)<\/li>\n\n\n\n<li>oraz: kluczyki, z\u0142\u0105czniki, uszczelniacze, z\u0142\u0105cza, d\u0142awiki, roli, os\u0142ony, opony i naklejki<br><\/li>\n<\/ul>\n<\/div>\n\n<div class=\"container\">\n<p>Nasz zesp\u00f3\u0142 do\u015bwiadczonych specjalist\u00f3w ch\u0119tnie pomo\u017ce Ci znale\u017a\u0107 potrzebn\u0105 cz\u0119\u015b\u0107 i doradzi w wyborze odpowiedniego komponentu dla Twojej maszyny.<br>Dzi\u0119ki My Riwal Cz\u0119\u015bci z szerok\u0105 gam\u0105 cz\u0119\u015bci do maszyn JLG nie musisz ju\u017c martwi\u0107 si\u0119 o dost\u0119pno\u015b\u0107 potrzebnych cz\u0119\u015bci zamiennych.<\/p>\n<\/div>\n\n<div class=\"rental-wp-default-block rental-theme-block-default-margin\">\n\t\t\t\t\t\t\t\t<div class=\"container\">\n<div class=\"wp-block-columns is-layout-flex wp-container-core-columns-is-layout-28f84493 wp-block-columns-is-layout-flex\">\n<div class=\"wp-block-column is-layout-flow wp-block-column-is-layout-flow\">\n<figure class=\"wp-block-image aligncenter size-full\"><a href=\"https:\/\/www.myriwalparts.com\/riwalstore\/#\/user\/register\"><img loading=\"lazy\" decoding=\"async\" width=\"450\" height=\"230\" src=\"https:\/\/eqsk4m2dkju.exactdn.com\/app\/uploads\/sites\/9\/2024\/01\/zarejestruj-si-1.jpg?strip=all&quality=92&webp=92&avif=80&sharp=1\" alt=\"\" class=\"wp-image-5708\" srcset=\"https:\/\/eqsk4m2dkju.exactdn.com\/app\/uploads\/sites\/9\/2024\/01\/zarejestruj-si-1.jpg?strip=all&amp;quality=92&amp;webp=92&amp;avif=80&amp;sharp=1 450w, https:\/\/eqsk4m2dkju.exactdn.com\/app\/uploads\/sites\/9\/2024\/01\/zarejestruj-si-1-300x153.jpg?strip=all&amp;quality=92&amp;webp=92&amp;avif=80&amp;sharp=1 300w, https:\/\/eqsk4m2dkju.exactdn.com\/app\/uploads\/sites\/9\/2024\/01\/zarejestruj-si-1-178x91.jpg?strip=all&amp;quality=92&amp;webp=92&amp;avif=80&amp;sharp=1 178w, https:\/\/eqsk4m2dkju.exactdn.com\/app\/uploads\/sites\/9\/2024\/01\/zarejestruj-si-1-390x199.jpg?strip=all&amp;quality=92&amp;webp=92&amp;avif=80&amp;sharp=1 390w, https:\/\/eqsk4m2dkju.exactdn.com\/app\/uploads\/sites\/9\/2024\/01\/zarejestruj-si-1-250x128.jpg?strip=all&amp;quality=92&amp;webp=92&amp;avif=80&amp;sharp=1 250w, https:\/\/eqsk4m2dkju.exactdn.com\/app\/uploads\/sites\/9\/2024\/01\/zarejestruj-si-1-237x121.jpg?strip=all&amp;quality=92&amp;webp=92&amp;avif=80&amp;sharp=1 237w, https:\/\/eqsk4m2dkju.exactdn.com\/app\/uploads\/sites\/9\/2024\/01\/zarejestruj-si-1.jpg?strip=all&amp;quality=92&amp;webp=92&amp;avif=80&amp;sharp=1&amp;w=90 90w\" sizes=\"auto, (max-width: 450px) 100vw, 450px\" \/><\/a><figcaption class=\"wp-element-caption\"><a href=\"https:\/\/www.myriwalparts.com\/riwalstore\/#\/user\/register\"><strong>Za\u0142\u00f3\u017c bezp\u0142atne konto<\/strong>!<br>Zarejestruj si\u0119 ju\u017c dzi\u015b <\/a><\/figcaption><\/figure>\n<\/div>\n\n\n\n<div class=\"wp-block-column is-layout-flow wp-block-column-is-layout-flow\">\n<figure class=\"wp-block-image aligncenter size-full is-resized\"><a href=\"https:\/\/www.myriwalparts.com\/riwalstore\/#\/user\/login\"><img loading=\"lazy\" decoding=\"async\" width=\"450\" height=\"230\" src=\"https:\/\/eqsk4m2dkju.exactdn.com\/app\/uploads\/sites\/9\/2024\/01\/my-riwal-parts-sklep-internetowy_1-1.jpg?strip=all&quality=92&webp=92&avif=80&sharp=1\" alt=\"\" class=\"wp-image-5766\" style=\"width:383px;height:auto\" srcset=\"https:\/\/eqsk4m2dkju.exactdn.com\/app\/uploads\/sites\/9\/2024\/01\/my-riwal-parts-sklep-internetowy_1-1.jpg?strip=all&amp;quality=92&amp;webp=92&amp;avif=80&amp;sharp=1 450w, https:\/\/eqsk4m2dkju.exactdn.com\/app\/uploads\/sites\/9\/2024\/01\/my-riwal-parts-sklep-internetowy_1-1-300x153.jpg?strip=all&amp;quality=92&amp;webp=92&amp;avif=80&amp;sharp=1 300w, https:\/\/eqsk4m2dkju.exactdn.com\/app\/uploads\/sites\/9\/2024\/01\/my-riwal-parts-sklep-internetowy_1-1-178x91.jpg?strip=all&amp;quality=92&amp;webp=92&amp;avif=80&amp;sharp=1 178w, https:\/\/eqsk4m2dkju.exactdn.com\/app\/uploads\/sites\/9\/2024\/01\/my-riwal-parts-sklep-internetowy_1-1-390x199.jpg?strip=all&amp;quality=92&amp;webp=92&amp;avif=80&amp;sharp=1 390w, https:\/\/eqsk4m2dkju.exactdn.com\/app\/uploads\/sites\/9\/2024\/01\/my-riwal-parts-sklep-internetowy_1-1-250x128.jpg?strip=all&amp;quality=92&amp;webp=92&amp;avif=80&amp;sharp=1 250w, https:\/\/eqsk4m2dkju.exactdn.com\/app\/uploads\/sites\/9\/2024\/01\/my-riwal-parts-sklep-internetowy_1-1-237x121.jpg?strip=all&amp;quality=92&amp;webp=92&amp;avif=80&amp;sharp=1 237w, https:\/\/eqsk4m2dkju.exactdn.com\/app\/uploads\/sites\/9\/2024\/01\/my-riwal-parts-sklep-internetowy_1-1.jpg?strip=all&amp;quality=92&amp;webp=92&amp;avif=80&amp;sharp=1&amp;w=90 90w\" sizes=\"auto, (max-width: 450px) 100vw, 450px\" \/><\/a><figcaption class=\"wp-element-caption\"><a href=\"https:\/\/www.myriwalparts.com\/riwalstore\/#\/user\/login\"><strong>My Riwal Cz\u0119\u015bci <\/strong><br>Sklep internetowy do zamawiania cz\u0119\u015bci<\/a><\/figcaption><\/figure>\n<\/div>\n\n\n\n<div class=\"wp-block-column is-layout-flow wp-block-column-is-layout-flow\">\n<figure class=\"wp-block-image aligncenter size-full is-resized\"><a href=\"https:\/\/www.riwal.com\/pl\/personalne-doradztwo\/\"><img loading=\"lazy\" decoding=\"async\" width=\"450\" height=\"230\" src=\"https:\/\/eqsk4m2dkju.exactdn.com\/app\/uploads\/sites\/9\/2024\/01\/teaser-personal-service-czesci-1.jpg?strip=all&quality=92&webp=92&avif=80&sharp=1\" alt=\"\" class=\"wp-image-5704\" style=\"width:383px;height:auto\" srcset=\"https:\/\/eqsk4m2dkju.exactdn.com\/app\/uploads\/sites\/9\/2024\/01\/teaser-personal-service-czesci-1.jpg?strip=all&amp;quality=92&amp;webp=92&amp;avif=80&amp;sharp=1 450w, https:\/\/eqsk4m2dkju.exactdn.com\/app\/uploads\/sites\/9\/2024\/01\/teaser-personal-service-czesci-1-300x153.jpg?strip=all&amp;quality=92&amp;webp=92&amp;avif=80&amp;sharp=1 300w, https:\/\/eqsk4m2dkju.exactdn.com\/app\/uploads\/sites\/9\/2024\/01\/teaser-personal-service-czesci-1-178x91.jpg?strip=all&amp;quality=92&amp;webp=92&amp;avif=80&amp;sharp=1 178w, https:\/\/eqsk4m2dkju.exactdn.com\/app\/uploads\/sites\/9\/2024\/01\/teaser-personal-service-czesci-1-390x199.jpg?strip=all&amp;quality=92&amp;webp=92&amp;avif=80&amp;sharp=1 390w, https:\/\/eqsk4m2dkju.exactdn.com\/app\/uploads\/sites\/9\/2024\/01\/teaser-personal-service-czesci-1-250x128.jpg?strip=all&amp;quality=92&amp;webp=92&amp;avif=80&amp;sharp=1 250w, https:\/\/eqsk4m2dkju.exactdn.com\/app\/uploads\/sites\/9\/2024\/01\/teaser-personal-service-czesci-1-237x121.jpg?strip=all&amp;quality=92&amp;webp=92&amp;avif=80&amp;sharp=1 237w, https:\/\/eqsk4m2dkju.exactdn.com\/app\/uploads\/sites\/9\/2024\/01\/teaser-personal-service-czesci-1.jpg?strip=all&amp;quality=92&amp;webp=92&amp;avif=80&amp;sharp=1&amp;w=90 90w\" sizes=\"auto, (max-width: 450px) 100vw, 450px\" \/><\/a><figcaption class=\"wp-element-caption\"><a href=\"https:\/\/www.riwal.com\/pl\/personalne-doradztwo\/\"><strong>Indywidualne doradztwo<\/strong> <br>Potrzebujesz pomocy w znalezieniu cz\u0119\u015bci?<\/a><\/figcaption><\/figure>\n<\/div>\n<\/div>\n<\/div>\n\t\t\t\t\t\t\t<\/div> ","protected":false},"excerpt":{"rendered":"<p>Serwis i oryginalne cz\u0119\u015bci zamienne do podest\u00f3w marki JLG Potrzebujesz nowych cz\u0119\u015bci do podno\u015bnik\u00f3w koszowych JLG, podno\u015bnik\u00f3w no\u017cycowych JLG lub wysi\u0119gnik\u00f3w AWP? Riwal jest wy\u0142\u0105cznym dealerem JLG Industries w Polsce od 2015 roku.Jeste\u015bmy specjalist\u0105 numer jeden w zakresie oryginalnych cz\u0119\u015bci i komponent\u00f3w do:&#8211; podno\u015bnik\u00f3w koszowych JLG,&#8211; podno\u015bnik\u00f3w no\u017cycowych JLG&#8211; podno\u015bnik\u00f3w teleskopowych JLGRiwal, jako oficjalny dealer &hellip; <a href=\"https:\/\/www.riwal.com\/pl\/oryginalne-czesci-zamienne-do-podestow-marki-jlg\/\">Kontynuuacja<\/a><\/p>\n","protected":false},"author":40,"featured_media":0,"parent":0,"menu_order":0,"comment_status":"closed","ping_status":"closed","template":"","meta":{"_acf_changed":false,"footnotes":""},"class_list":["post-5882","page","type-page","status-publish","hentry"],"acf":[],"yoast_head":"<!-- This site is optimized with the Yoast SEO Premium plugin v27.1 (Yoast SEO v27.1.1) - https:\/\/yoast.com\/product\/yoast-seo-premium-wordpress\/ -->\n<title>Serwis i cz\u0119\u015bci zamienne do podest\u00f3w marki JLG | Riwal<\/title>\n<meta name=\"robots\" content=\"index, follow, max-snippet:-1, max-image-preview:large, max-video-preview:-1\" \/>\n<link rel=\"canonical\" href=\"https:\/\/www.riwal.com\/pl\/oryginalne-czesci-zamienne-do-podestow-marki-jlg\/\" \/>\n<meta property=\"og:locale\" content=\"pl_PL\" \/>\n<meta property=\"og:type\" content=\"article\" \/>\n<meta property=\"og:title\" content=\"Oryginalne cz\u0119\u015bci zamienne do podest\u00f3w marki JLG\" \/>\n<meta property=\"og:description\" content=\"Serwis i oryginalne cz\u0119\u015bci zamienne do podest\u00f3w marki JLG Potrzebujesz nowych cz\u0119\u015bci do podno\u015bnik\u00f3w koszowych JLG, podno\u015bnik\u00f3w no\u017cycowych JLG lub wysi\u0119gnik\u00f3w AWP? Riwal jest wy\u0142\u0105cznym dealerem JLG Industries w Polsce od 2015 roku.Jeste\u015bmy specjalist\u0105 numer jeden w zakresie oryginalnych cz\u0119\u015bci i komponent\u00f3w do:&#8211; podno\u015bnik\u00f3w koszowych JLG,&#8211; podno\u015bnik\u00f3w no\u017cycowych JLG&#8211; podno\u015bnik\u00f3w teleskopowych JLGRiwal, jako oficjalny dealer &hellip; Kontynuuacja\" \/>\n<meta property=\"og:url\" content=\"https:\/\/www.riwal.com\/pl\/oryginalne-czesci-zamienne-do-podestow-marki-jlg\/\" \/>\n<meta property=\"og:site_name\" content=\"Riwal - Polska\" \/>\n<meta property=\"article:modified_time\" content=\"2025-03-21T14:53:30+00:00\" \/>\n<meta property=\"og:image\" content=\"https:\/\/www.riwal.com\/app\/uploads\/sites\/9\/2024\/01\/Zamw-w-3-PROSTYCH-KROKACH-na-My-Riwal-Czci-1-1024x302.jpg\" \/>\n<meta name=\"twitter:card\" content=\"summary_large_image\" \/>\n<meta name=\"twitter:label1\" content=\"Est. reading time\" \/>\n\t<meta name=\"twitter:data1\" content=\"3 minuty\" \/>\n<script type=\"application\/ld+json\" class=\"yoast-schema-graph\">{\"@context\":\"https:\/\/schema.org\",\"@graph\":[{\"@type\":\"WebPage\",\"@id\":\"https:\/\/www.riwal.com\/pl\/oryginalne-czesci-zamienne-do-podestow-marki-jlg\/\",\"url\":\"https:\/\/www.riwal.com\/pl\/oryginalne-czesci-zamienne-do-podestow-marki-jlg\/\",\"name\":\"Serwis i cz\u0119\u015bci zamienne do podest\u00f3w marki JLG | Riwal\",\"isPartOf\":{\"@id\":\"https:\/\/www.riwal.com\/pl\/#website\"},\"primaryImageOfPage\":{\"@id\":\"https:\/\/www.riwal.com\/pl\/oryginalne-czesci-zamienne-do-podestow-marki-jlg\/#primaryimage\"},\"image\":{\"@id\":\"https:\/\/www.riwal.com\/pl\/oryginalne-czesci-zamienne-do-podestow-marki-jlg\/#primaryimage\"},\"thumbnailUrl\":\"https:\/\/www.riwal.com\/app\/uploads\/sites\/9\/2024\/01\/Zamw-w-3-PROSTYCH-KROKACH-na-My-Riwal-Czci-1-1024x302.jpg\",\"datePublished\":\"2024-01-26T15:23:22+00:00\",\"dateModified\":\"2025-03-21T14:53:30+00:00\",\"breadcrumb\":{\"@id\":\"https:\/\/www.riwal.com\/pl\/oryginalne-czesci-zamienne-do-podestow-marki-jlg\/#breadcrumb\"},\"inLanguage\":\"pl-PL\",\"potentialAction\":[{\"@type\":\"ReadAction\",\"target\":[\"https:\/\/www.riwal.com\/pl\/oryginalne-czesci-zamienne-do-podestow-marki-jlg\/\"]}]},{\"@type\":\"ImageObject\",\"inLanguage\":\"pl-PL\",\"@id\":\"https:\/\/www.riwal.com\/pl\/oryginalne-czesci-zamienne-do-podestow-marki-jlg\/#primaryimage\",\"url\":\"https:\/\/www.riwal.com\/app\/uploads\/sites\/9\/2024\/01\/Zamw-w-3-PROSTYCH-KROKACH-na-My-Riwal-Czci-1-1024x302.jpg\",\"contentUrl\":\"https:\/\/www.riwal.com\/app\/uploads\/sites\/9\/2024\/01\/Zamw-w-3-PROSTYCH-KROKACH-na-My-Riwal-Czci-1-1024x302.jpg\"},{\"@type\":\"BreadcrumbList\",\"@id\":\"https:\/\/www.riwal.com\/pl\/oryginalne-czesci-zamienne-do-podestow-marki-jlg\/#breadcrumb\",\"itemListElement\":[{\"@type\":\"ListItem\",\"position\":1,\"name\":\"Strona g\u0142\u00f3wna\",\"item\":\"https:\/\/www.riwal.com\/pl\/\"},{\"@type\":\"ListItem\",\"position\":2,\"name\":\"Oryginalne cz\u0119\u015bci zamienne do podest\u00f3w marki JLG\"}]},{\"@type\":\"WebSite\",\"@id\":\"https:\/\/www.riwal.com\/pl\/#website\",\"url\":\"https:\/\/www.riwal.com\/pl\/\",\"name\":\"Riwal\",\"description\":\"Arial work platform &amp; Telehandler Rental\/Sales\",\"publisher\":{\"@id\":\"https:\/\/www.riwal.com\/pl\/#organization\"},\"potentialAction\":[{\"@type\":\"SearchAction\",\"target\":{\"@type\":\"EntryPoint\",\"urlTemplate\":\"https:\/\/www.riwal.com\/pl\/?s={search_term_string}\"},\"query-input\":{\"@type\":\"PropertyValueSpecification\",\"valueRequired\":true,\"valueName\":\"search_term_string\"}}],\"inLanguage\":\"pl-PL\"},{\"@type\":\"Organization\",\"@id\":\"https:\/\/www.riwal.com\/pl\/#organization\",\"name\":\"Riwal\",\"url\":\"https:\/\/www.riwal.com\/pl\/\",\"logo\":{\"@type\":\"ImageObject\",\"inLanguage\":\"pl-PL\",\"@id\":\"https:\/\/www.riwal.com\/pl\/#\/schema\/logo\/image\/\",\"url\":\"\",\"contentUrl\":\"\",\"caption\":\"Riwal\"},\"image\":{\"@id\":\"https:\/\/www.riwal.com\/pl\/#\/schema\/logo\/image\/\"}}]}<\/script>\n<!-- \/ Yoast SEO Premium plugin. -->","yoast_head_json":{"title":"Serwis i cz\u0119\u015bci zamienne do podest\u00f3w marki JLG | Riwal","robots":{"index":"index","follow":"follow","max-snippet":"max-snippet:-1","max-image-preview":"max-image-preview:large","max-video-preview":"max-video-preview:-1"},"canonical":"https:\/\/www.riwal.com\/pl\/oryginalne-czesci-zamienne-do-podestow-marki-jlg\/","og_locale":"pl_PL","og_type":"article","og_title":"Oryginalne cz\u0119\u015bci zamienne do podest\u00f3w marki JLG","og_description":"Serwis i oryginalne cz\u0119\u015bci zamienne do podest\u00f3w marki JLG Potrzebujesz nowych cz\u0119\u015bci do podno\u015bnik\u00f3w koszowych JLG, podno\u015bnik\u00f3w no\u017cycowych JLG lub wysi\u0119gnik\u00f3w AWP? Riwal jest wy\u0142\u0105cznym dealerem JLG Industries w Polsce od 2015 roku.Jeste\u015bmy specjalist\u0105 numer jeden w zakresie oryginalnych cz\u0119\u015bci i komponent\u00f3w do:&#8211; podno\u015bnik\u00f3w koszowych JLG,&#8211; podno\u015bnik\u00f3w no\u017cycowych JLG&#8211; podno\u015bnik\u00f3w teleskopowych JLGRiwal, jako oficjalny dealer &hellip; Kontynuuacja","og_url":"https:\/\/www.riwal.com\/pl\/oryginalne-czesci-zamienne-do-podestow-marki-jlg\/","og_site_name":"Riwal - Polska","article_modified_time":"2025-03-21T14:53:30+00:00","og_image":[{"url":"https:\/\/www.riwal.com\/app\/uploads\/sites\/9\/2024\/01\/Zamw-w-3-PROSTYCH-KROKACH-na-My-Riwal-Czci-1-1024x302.jpg","type":"","width":"","height":""}],"twitter_card":"summary_large_image","twitter_misc":{"Est. reading time":"3 minuty"},"schema":{"@context":"https:\/\/schema.org","@graph":[{"@type":"WebPage","@id":"https:\/\/www.riwal.com\/pl\/oryginalne-czesci-zamienne-do-podestow-marki-jlg\/","url":"https:\/\/www.riwal.com\/pl\/oryginalne-czesci-zamienne-do-podestow-marki-jlg\/","name":"Serwis i cz\u0119\u015bci zamienne do podest\u00f3w marki JLG | Riwal","isPartOf":{"@id":"https:\/\/www.riwal.com\/pl\/#website"},"primaryImageOfPage":{"@id":"https:\/\/www.riwal.com\/pl\/oryginalne-czesci-zamienne-do-podestow-marki-jlg\/#primaryimage"},"image":{"@id":"https:\/\/www.riwal.com\/pl\/oryginalne-czesci-zamienne-do-podestow-marki-jlg\/#primaryimage"},"thumbnailUrl":"https:\/\/www.riwal.com\/app\/uploads\/sites\/9\/2024\/01\/Zamw-w-3-PROSTYCH-KROKACH-na-My-Riwal-Czci-1-1024x302.jpg","datePublished":"2024-01-26T15:23:22+00:00","dateModified":"2025-03-21T14:53:30+00:00","breadcrumb":{"@id":"https:\/\/www.riwal.com\/pl\/oryginalne-czesci-zamienne-do-podestow-marki-jlg\/#breadcrumb"},"inLanguage":"pl-PL","potentialAction":[{"@type":"ReadAction","target":["https:\/\/www.riwal.com\/pl\/oryginalne-czesci-zamienne-do-podestow-marki-jlg\/"]}]},{"@type":"ImageObject","inLanguage":"pl-PL","@id":"https:\/\/www.riwal.com\/pl\/oryginalne-czesci-zamienne-do-podestow-marki-jlg\/#primaryimage","url":"https:\/\/www.riwal.com\/app\/uploads\/sites\/9\/2024\/01\/Zamw-w-3-PROSTYCH-KROKACH-na-My-Riwal-Czci-1-1024x302.jpg","contentUrl":"https:\/\/www.riwal.com\/app\/uploads\/sites\/9\/2024\/01\/Zamw-w-3-PROSTYCH-KROKACH-na-My-Riwal-Czci-1-1024x302.jpg"},{"@type":"BreadcrumbList","@id":"https:\/\/www.riwal.com\/pl\/oryginalne-czesci-zamienne-do-podestow-marki-jlg\/#breadcrumb","itemListElement":[{"@type":"ListItem","position":1,"name":"Strona g\u0142\u00f3wna","item":"https:\/\/www.riwal.com\/pl\/"},{"@type":"ListItem","position":2,"name":"Oryginalne cz\u0119\u015bci zamienne do podest\u00f3w marki JLG"}]},{"@type":"WebSite","@id":"https:\/\/www.riwal.com\/pl\/#website","url":"https:\/\/www.riwal.com\/pl\/","name":"Riwal","description":"Arial work platform &amp; Telehandler Rental\/Sales","publisher":{"@id":"https:\/\/www.riwal.com\/pl\/#organization"},"potentialAction":[{"@type":"SearchAction","target":{"@type":"EntryPoint","urlTemplate":"https:\/\/www.riwal.com\/pl\/?s={search_term_string}"},"query-input":{"@type":"PropertyValueSpecification","valueRequired":true,"valueName":"search_term_string"}}],"inLanguage":"pl-PL"},{"@type":"Organization","@id":"https:\/\/www.riwal.com\/pl\/#organization","name":"Riwal","url":"https:\/\/www.riwal.com\/pl\/","logo":{"@type":"ImageObject","inLanguage":"pl-PL","@id":"https:\/\/www.riwal.com\/pl\/#\/schema\/logo\/image\/","url":"","contentUrl":"","caption":"Riwal"},"image":{"@id":"https:\/\/www.riwal.com\/pl\/#\/schema\/logo\/image\/"}}]}},"_links":{"self":[{"href":"https:\/\/www.riwal.com\/pl\/wp-json\/wp\/v2\/pages\/5882","targetHints":{"allow":["GET"]}}],"collection":[{"href":"https:\/\/www.riwal.com\/pl\/wp-json\/wp\/v2\/pages"}],"about":[{"href":"https:\/\/www.riwal.com\/pl\/wp-json\/wp\/v2\/types\/page"}],"author":[{"embeddable":true,"href":"https:\/\/www.riwal.com\/pl\/wp-json\/wp\/v2\/users\/40"}],"replies":[{"embeddable":true,"href":"https:\/\/www.riwal.com\/pl\/wp-json\/wp\/v2\/comments?post=5882"}],"version-history":[{"count":7,"href":"https:\/\/www.riwal.com\/pl\/wp-json\/wp\/v2\/pages\/5882\/revisions"}],"predecessor-version":[{"id":16454,"href":"https:\/\/www.riwal.com\/pl\/wp-json\/wp\/v2\/pages\/5882\/revisions\/16454"}],"wp:attachment":[{"href":"https:\/\/www.riwal.com\/pl\/wp-json\/wp\/v2\/media?parent=5882"}],"curies":[{"name":"wp","href":"https:\/\/api.w.org\/{rel}","templated":true}]}}