{"id":5844,"date":"2024-01-25T14:39:28","date_gmt":"2024-01-25T14:39:28","guid":{"rendered":"https:\/\/www.riwal.com\/pl\/?page_id=5844"},"modified":"2024-01-29T13:17:04","modified_gmt":"2024-01-29T13:17:04","slug":"marki","status":"publish","type":"page","link":"https:\/\/www.riwal.com\/pl\/marki\/","title":{"rendered":"Marki"},"content":{"rendered":"<div class=\"container\">\n<h1 class=\"wp-block-heading\" id=\"h-marki\">MARKI<\/h1>\n<\/div>\n\n<div class=\"container\">\n<p>Dostarczamy cz\u0119\u015bci dla nast\u0119puj\u0105cych&nbsp;marek:&nbsp;JLG,&nbsp;Genie,&nbsp;Skyjack,&nbsp;Haulotte,&nbsp;Holland Lift, Snorkel,&nbsp;Teupen, MEC, Upright, Iteco,&nbsp;Deutz, i&nbsp;Perkins.<\/p>\n<\/div>\n\n<div class=\"container\">\n<p>W&nbsp;<a href=\"https:\/\/www.riwal.com\/poland\/pl-pl\/czesci\/sklep-my-riwal-czesci\">sklepie internetowym<\/a>&nbsp;znajduje si\u0119 pe\u0142na gama produkt\u00f3w JLG, Genie i Skyjack.<br>Nasz sklep dost\u0119pny jest 24\/7, 365 dni w roku, w oparciu o bie\u017c\u0105ce cenniki, rzeczywiste stany magazynowe i aktualne terminy dostaw. Zam\u00f3wienia cz\u0119\u015bci dokonasz \u0142atwo i szybko korzystaj\u0105c z numeru seryjnego cz\u0119\u015bci lub interaktywnego rysunku maszyny. Kliknij na rysunek i z \u0142atwo\u015bci\u0105 zam\u00f3w potrzebn\u0105 cz\u0119\u015b\u0107.<br><br><strong>My Riwal Cz\u0119\u015bci gwarantuje:<\/strong><\/p>\n<\/div>\n\n<div class=\"container\">\n<figure class=\"wp-block-image size-full\"><img loading=\"lazy\" decoding=\"async\" width=\"680\" height=\"225\" src=\"https:\/\/eqsk4m2dkju.exactdn.com\/app\/uploads\/sites\/9\/2024\/01\/Wiedza-Umiejetnosci-i-doradztwo.png?strip=all&quality=92&webp=92&avif=80&sharp=1\" alt=\"\" class=\"wp-image-5662\" srcset=\"https:\/\/eqsk4m2dkju.exactdn.com\/app\/uploads\/sites\/9\/2024\/01\/Wiedza-Umiejetnosci-i-doradztwo.png?strip=all&amp;quality=92&amp;webp=92&amp;avif=80&amp;sharp=1 680w, https:\/\/eqsk4m2dkju.exactdn.com\/app\/uploads\/sites\/9\/2024\/01\/Wiedza-Umiejetnosci-i-doradztwo-300x99.png?strip=all&amp;quality=92&amp;webp=92&amp;avif=80&amp;sharp=1 300w, https:\/\/eqsk4m2dkju.exactdn.com\/app\/uploads\/sites\/9\/2024\/01\/Wiedza-Umiejetnosci-i-doradztwo-178x59.png?strip=all&amp;quality=92&amp;webp=92&amp;avif=80&amp;sharp=1 178w, https:\/\/eqsk4m2dkju.exactdn.com\/app\/uploads\/sites\/9\/2024\/01\/Wiedza-Umiejetnosci-i-doradztwo-390x129.png?strip=all&amp;quality=92&amp;webp=92&amp;avif=80&amp;sharp=1 390w, https:\/\/eqsk4m2dkju.exactdn.com\/app\/uploads\/sites\/9\/2024\/01\/Wiedza-Umiejetnosci-i-doradztwo-250x83.png?strip=all&amp;quality=92&amp;webp=92&amp;avif=80&amp;sharp=1 250w, https:\/\/eqsk4m2dkju.exactdn.com\/app\/uploads\/sites\/9\/2024\/01\/Wiedza-Umiejetnosci-i-doradztwo-620x205.png?strip=all&amp;quality=92&amp;webp=92&amp;avif=80&amp;sharp=1 620w, https:\/\/eqsk4m2dkju.exactdn.com\/app\/uploads\/sites\/9\/2024\/01\/Wiedza-Umiejetnosci-i-doradztwo-237x78.png?strip=all&amp;quality=92&amp;webp=92&amp;avif=80&amp;sharp=1 237w, https:\/\/eqsk4m2dkju.exactdn.com\/app\/uploads\/sites\/9\/2024\/01\/Wiedza-Umiejetnosci-i-doradztwo-474x157.png?strip=all&amp;quality=92&amp;webp=92&amp;avif=80&amp;sharp=1 474w, https:\/\/eqsk4m2dkju.exactdn.com\/app\/uploads\/sites\/9\/2024\/01\/Wiedza-Umiejetnosci-i-doradztwo.png?strip=all&amp;quality=92&amp;webp=92&amp;avif=80&amp;sharp=1&amp;w=544 544w\" sizes=\"auto, (max-width: 680px) 100vw, 680px\" \/><\/figure>\n<\/div>\n\n<div class=\"rental-wp-default-block rental-theme-block-default-margin\">\n\t\t\t\t\t\t\t\t<div class=\"container\">\n<div class=\"wp-block-columns is-layout-flex wp-container-core-columns-is-layout-28f84493 wp-block-columns-is-layout-flex\">\n<div class=\"wp-block-column is-layout-flow wp-block-column-is-layout-flow\">\n<figure class=\"wp-block-image aligncenter size-full is-resized\"><a href=\"https:\/\/www.riwal.com\/pl\/oryginalne-czesci-zamienne-do-podestow-marki-jlg\/\"><img loading=\"lazy\" decoding=\"async\" width=\"450\" height=\"230\" src=\"https:\/\/eqsk4m2dkju.exactdn.com\/app\/uploads\/sites\/9\/2024\/01\/JLG-teaser-czesci-marki.png?strip=all&quality=92&webp=92&avif=80&sharp=1\" alt=\"\" class=\"wp-image-5876\" style=\"width:450px;height:auto\" srcset=\"https:\/\/eqsk4m2dkju.exactdn.com\/app\/uploads\/sites\/9\/2024\/01\/JLG-teaser-czesci-marki.png?strip=all&amp;quality=92&amp;webp=92&amp;avif=80&amp;sharp=1 450w, https:\/\/eqsk4m2dkju.exactdn.com\/app\/uploads\/sites\/9\/2024\/01\/JLG-teaser-czesci-marki-300x153.png?strip=all&amp;quality=92&amp;webp=92&amp;avif=80&amp;sharp=1 300w, https:\/\/eqsk4m2dkju.exactdn.com\/app\/uploads\/sites\/9\/2024\/01\/JLG-teaser-czesci-marki-178x91.png?strip=all&amp;quality=92&amp;webp=92&amp;avif=80&amp;sharp=1 178w, https:\/\/eqsk4m2dkju.exactdn.com\/app\/uploads\/sites\/9\/2024\/01\/JLG-teaser-czesci-marki-390x199.png?strip=all&amp;quality=92&amp;webp=92&amp;avif=80&amp;sharp=1 390w, https:\/\/eqsk4m2dkju.exactdn.com\/app\/uploads\/sites\/9\/2024\/01\/JLG-teaser-czesci-marki-250x128.png?strip=all&amp;quality=92&amp;webp=92&amp;avif=80&amp;sharp=1 250w, https:\/\/eqsk4m2dkju.exactdn.com\/app\/uploads\/sites\/9\/2024\/01\/JLG-teaser-czesci-marki-237x121.png?strip=all&amp;quality=92&amp;webp=92&amp;avif=80&amp;sharp=1 237w, https:\/\/eqsk4m2dkju.exactdn.com\/app\/uploads\/sites\/9\/2024\/01\/JLG-teaser-czesci-marki.png?strip=all&amp;quality=92&amp;webp=92&amp;avif=80&amp;sharp=1&amp;w=90 90w\" sizes=\"auto, (max-width: 450px) 100vw, 450px\" \/><\/a><figcaption class=\"wp-element-caption\"><a href=\"https:\/\/www.riwal.com\/pl\/oryginalne-czesci-zamienne-do-podestow-marki-jlg\/\"><strong>JLG <\/strong><br>Cz\u0119\u015bci zamienne <\/a><\/figcaption><\/figure>\n<\/div>\n\n\n\n<div class=\"wp-block-column is-layout-flow wp-block-column-is-layout-flow\">\n<figure class=\"wp-block-image aligncenter size-full\"><a href=\"https:\/\/www.myriwalparts.com\/riwalstore\/#\/user\/register\"><img loading=\"lazy\" decoding=\"async\" width=\"450\" height=\"230\" src=\"https:\/\/eqsk4m2dkju.exactdn.com\/app\/uploads\/sites\/9\/2024\/01\/zarejestruj-si-1.jpg?strip=all&quality=92&webp=92&avif=80&sharp=1\" alt=\"\" class=\"wp-image-5708\" srcset=\"https:\/\/eqsk4m2dkju.exactdn.com\/app\/uploads\/sites\/9\/2024\/01\/zarejestruj-si-1.jpg?strip=all&amp;quality=92&amp;webp=92&amp;avif=80&amp;sharp=1 450w, https:\/\/eqsk4m2dkju.exactdn.com\/app\/uploads\/sites\/9\/2024\/01\/zarejestruj-si-1-300x153.jpg?strip=all&amp;quality=92&amp;webp=92&amp;avif=80&amp;sharp=1 300w, https:\/\/eqsk4m2dkju.exactdn.com\/app\/uploads\/sites\/9\/2024\/01\/zarejestruj-si-1-178x91.jpg?strip=all&amp;quality=92&amp;webp=92&amp;avif=80&amp;sharp=1 178w, https:\/\/eqsk4m2dkju.exactdn.com\/app\/uploads\/sites\/9\/2024\/01\/zarejestruj-si-1-390x199.jpg?strip=all&amp;quality=92&amp;webp=92&amp;avif=80&amp;sharp=1 390w, https:\/\/eqsk4m2dkju.exactdn.com\/app\/uploads\/sites\/9\/2024\/01\/zarejestruj-si-1-250x128.jpg?strip=all&amp;quality=92&amp;webp=92&amp;avif=80&amp;sharp=1 250w, https:\/\/eqsk4m2dkju.exactdn.com\/app\/uploads\/sites\/9\/2024\/01\/zarejestruj-si-1-237x121.jpg?strip=all&amp;quality=92&amp;webp=92&amp;avif=80&amp;sharp=1 237w, https:\/\/eqsk4m2dkju.exactdn.com\/app\/uploads\/sites\/9\/2024\/01\/zarejestruj-si-1.jpg?strip=all&amp;quality=92&amp;webp=92&amp;avif=80&amp;sharp=1&amp;w=90 90w\" sizes=\"auto, (max-width: 450px) 100vw, 450px\" \/><\/a><figcaption class=\"wp-element-caption\"><a href=\"https:\/\/www.myriwalparts.com\/riwalstore\/#\/user\/register\"><strong>Za\u0142\u00f3\u017c bezp\u0142atne konto! <\/strong><br>Zarejestruj si\u0119 ju\u017c dzi\u015b<\/a><\/figcaption><\/figure>\n<\/div>\n<\/div>\n<\/div>\n\t\t\t\t\t\t\t<\/div> \n\n<div class=\"rental-wp-default-block rental-theme-block-default-margin\">\n\t\t\t\t\t\t\t\t<div class=\"container\">\n<div class=\"wp-block-columns is-layout-flex wp-container-core-columns-is-layout-28f84493 wp-block-columns-is-layout-flex\">\n<div class=\"wp-block-column is-layout-flow wp-block-column-is-layout-flow\">\n<figure class=\"wp-block-image aligncenter size-full\"><a href=\"https:\/\/www.myriwalparts.com\/riwalstore\/#\/user\/login\"><img loading=\"lazy\" decoding=\"async\" width=\"409\" height=\"230\" src=\"https:\/\/eqsk4m2dkju.exactdn.com\/app\/uploads\/sites\/9\/2024\/01\/my-riwal-parts-sklep-internetowy-edited.png?strip=all&quality=92&webp=92&avif=80&sharp=1\" alt=\"\" class=\"wp-image-5861\" srcset=\"https:\/\/eqsk4m2dkju.exactdn.com\/app\/uploads\/sites\/9\/2024\/01\/my-riwal-parts-sklep-internetowy-edited.png?strip=all&amp;quality=92&amp;webp=92&amp;avif=80&amp;sharp=1 409w, https:\/\/eqsk4m2dkju.exactdn.com\/app\/uploads\/sites\/9\/2024\/01\/my-riwal-parts-sklep-internetowy-edited-300x169.png?strip=all&amp;quality=92&amp;webp=92&amp;avif=80&amp;sharp=1 300w, https:\/\/eqsk4m2dkju.exactdn.com\/app\/uploads\/sites\/9\/2024\/01\/my-riwal-parts-sklep-internetowy-edited-178x100.png?strip=all&amp;quality=92&amp;webp=92&amp;avif=80&amp;sharp=1 178w, https:\/\/eqsk4m2dkju.exactdn.com\/app\/uploads\/sites\/9\/2024\/01\/my-riwal-parts-sklep-internetowy-edited-390x219.png?strip=all&amp;quality=92&amp;webp=92&amp;avif=80&amp;sharp=1 390w, https:\/\/eqsk4m2dkju.exactdn.com\/app\/uploads\/sites\/9\/2024\/01\/my-riwal-parts-sklep-internetowy-edited-250x141.png?strip=all&amp;quality=92&amp;webp=92&amp;avif=80&amp;sharp=1 250w, https:\/\/eqsk4m2dkju.exactdn.com\/app\/uploads\/sites\/9\/2024\/01\/my-riwal-parts-sklep-internetowy-edited-237x133.png?strip=all&amp;quality=92&amp;webp=92&amp;avif=80&amp;sharp=1 237w, https:\/\/eqsk4m2dkju.exactdn.com\/app\/uploads\/sites\/9\/2024\/01\/my-riwal-parts-sklep-internetowy-edited.png?strip=all&amp;quality=92&amp;webp=92&amp;avif=80&amp;sharp=1&amp;w=81 81w\" sizes=\"auto, (max-width: 409px) 100vw, 409px\" \/><\/a><figcaption class=\"wp-element-caption\"><a href=\"https:\/\/www.myriwalparts.com\/riwalstore\/#\/user\/login\"><strong>My Riwal Cz\u0119\u015bci <\/strong><br>Sklep internetowy do zamawiania cz\u0119\u015bci<\/a><\/figcaption><\/figure>\n<\/div>\n\n\n\n<div class=\"wp-block-column is-layout-flow wp-block-column-is-layout-flow\">\n<figure class=\"wp-block-image aligncenter size-full is-resized\"><a href=\"https:\/\/www.riwal.com\/pl\/personalne-doradztwo\/\"><img loading=\"lazy\" decoding=\"async\" width=\"450\" height=\"230\" src=\"https:\/\/eqsk4m2dkju.exactdn.com\/app\/uploads\/sites\/9\/2024\/01\/teaser-personal-service-czesci-1.jpg?strip=all&quality=92&webp=92&avif=80&sharp=1\" alt=\"\" class=\"wp-image-5704\" style=\"width:437px;height:auto\" srcset=\"https:\/\/eqsk4m2dkju.exactdn.com\/app\/uploads\/sites\/9\/2024\/01\/teaser-personal-service-czesci-1.jpg?strip=all&amp;quality=92&amp;webp=92&amp;avif=80&amp;sharp=1 450w, https:\/\/eqsk4m2dkju.exactdn.com\/app\/uploads\/sites\/9\/2024\/01\/teaser-personal-service-czesci-1-300x153.jpg?strip=all&amp;quality=92&amp;webp=92&amp;avif=80&amp;sharp=1 300w, https:\/\/eqsk4m2dkju.exactdn.com\/app\/uploads\/sites\/9\/2024\/01\/teaser-personal-service-czesci-1-178x91.jpg?strip=all&amp;quality=92&amp;webp=92&amp;avif=80&amp;sharp=1 178w, https:\/\/eqsk4m2dkju.exactdn.com\/app\/uploads\/sites\/9\/2024\/01\/teaser-personal-service-czesci-1-390x199.jpg?strip=all&amp;quality=92&amp;webp=92&amp;avif=80&amp;sharp=1 390w, https:\/\/eqsk4m2dkju.exactdn.com\/app\/uploads\/sites\/9\/2024\/01\/teaser-personal-service-czesci-1-250x128.jpg?strip=all&amp;quality=92&amp;webp=92&amp;avif=80&amp;sharp=1 250w, https:\/\/eqsk4m2dkju.exactdn.com\/app\/uploads\/sites\/9\/2024\/01\/teaser-personal-service-czesci-1-237x121.jpg?strip=all&amp;quality=92&amp;webp=92&amp;avif=80&amp;sharp=1 237w, https:\/\/eqsk4m2dkju.exactdn.com\/app\/uploads\/sites\/9\/2024\/01\/teaser-personal-service-czesci-1.jpg?strip=all&amp;quality=92&amp;webp=92&amp;avif=80&amp;sharp=1&amp;w=90 90w\" sizes=\"auto, (max-width: 450px) 100vw, 450px\" \/><\/a><figcaption class=\"wp-element-caption\"><a href=\"https:\/\/www.riwal.com\/pl\/personalne-doradztwo\/\"><strong>Indywidualne doradztwo<\/strong> <br>Potrzebujesz pomocy w znalezieniu cz\u0119\u015bci?<\/a><\/figcaption><\/figure>\n<\/div>\n<\/div>\n<\/div>\n\t\t\t\t\t\t\t<\/div> ","protected":false},"excerpt":{"rendered":"<p>MARKI Dostarczamy cz\u0119\u015bci dla nast\u0119puj\u0105cych&nbsp;marek:&nbsp;JLG,&nbsp;Genie,&nbsp;Skyjack,&nbsp;Haulotte,&nbsp;Holland Lift, Snorkel,&nbsp;Teupen, MEC, Upright, Iteco,&nbsp;Deutz, i&nbsp;Perkins. W&nbsp;sklepie internetowym&nbsp;znajduje si\u0119 pe\u0142na gama produkt\u00f3w JLG, Genie i Skyjack.Nasz sklep dost\u0119pny jest 24\/7, 365 dni w roku, w oparciu o bie\u017c\u0105ce cenniki, rzeczywiste stany magazynowe i aktualne terminy dostaw. Zam\u00f3wienia cz\u0119\u015bci dokonasz \u0142atwo i szybko korzystaj\u0105c z numeru seryjnego cz\u0119\u015bci lub interaktywnego rysunku &hellip; <a href=\"https:\/\/www.riwal.com\/pl\/marki\/\">Kontynuuacja<\/a><\/p>\n","protected":false},"author":40,"featured_media":0,"parent":0,"menu_order":0,"comment_status":"closed","ping_status":"closed","template":"","meta":{"_acf_changed":false,"footnotes":""},"class_list":["post-5844","page","type-page","status-publish","hentry"],"acf":[],"yoast_head":"<!-- This site is optimized with the Yoast SEO Premium plugin v27.1 (Yoast SEO v27.1.1) - https:\/\/yoast.com\/product\/yoast-seo-premium-wordpress\/ -->\n<title>Marki - Riwal - Polska<\/title>\n<meta name=\"robots\" content=\"index, follow, max-snippet:-1, max-image-preview:large, max-video-preview:-1\" \/>\n<link rel=\"canonical\" href=\"https:\/\/www.riwal.com\/pl\/marki\/\" \/>\n<meta property=\"og:locale\" content=\"pl_PL\" \/>\n<meta property=\"og:type\" content=\"article\" \/>\n<meta property=\"og:title\" content=\"Marki\" \/>\n<meta property=\"og:description\" content=\"MARKI Dostarczamy cz\u0119\u015bci dla nast\u0119puj\u0105cych&nbsp;marek:&nbsp;JLG,&nbsp;Genie,&nbsp;Skyjack,&nbsp;Haulotte,&nbsp;Holland Lift, Snorkel,&nbsp;Teupen, MEC, Upright, Iteco,&nbsp;Deutz, i&nbsp;Perkins. W&nbsp;sklepie internetowym&nbsp;znajduje si\u0119 pe\u0142na gama produkt\u00f3w JLG, Genie i Skyjack.Nasz sklep dost\u0119pny jest 24\/7, 365 dni w roku, w oparciu o bie\u017c\u0105ce cenniki, rzeczywiste stany magazynowe i aktualne terminy dostaw. Zam\u00f3wienia cz\u0119\u015bci dokonasz \u0142atwo i szybko korzystaj\u0105c z numeru seryjnego cz\u0119\u015bci lub interaktywnego rysunku &hellip; Kontynuuacja\" \/>\n<meta property=\"og:url\" content=\"https:\/\/www.riwal.com\/pl\/marki\/\" \/>\n<meta property=\"og:site_name\" content=\"Riwal - Polska\" \/>\n<meta property=\"article:modified_time\" content=\"2024-01-29T13:17:04+00:00\" \/>\n<meta property=\"og:image\" content=\"https:\/\/www.riwal.com\/app\/uploads\/sites\/9\/2024\/01\/Wiedza-Umiejetnosci-i-doradztwo.png\" \/>\n<meta name=\"twitter:card\" content=\"summary_large_image\" \/>\n<meta name=\"twitter:label1\" content=\"Est. reading time\" \/>\n\t<meta name=\"twitter:data1\" content=\"2 minuty\" \/>\n<script type=\"application\/ld+json\" class=\"yoast-schema-graph\">{\"@context\":\"https:\/\/schema.org\",\"@graph\":[{\"@type\":\"WebPage\",\"@id\":\"https:\/\/www.riwal.com\/pl\/marki\/\",\"url\":\"https:\/\/www.riwal.com\/pl\/marki\/\",\"name\":\"Marki - Riwal - Polska\",\"isPartOf\":{\"@id\":\"https:\/\/www.riwal.com\/pl\/#website\"},\"primaryImageOfPage\":{\"@id\":\"https:\/\/www.riwal.com\/pl\/marki\/#primaryimage\"},\"image\":{\"@id\":\"https:\/\/www.riwal.com\/pl\/marki\/#primaryimage\"},\"thumbnailUrl\":\"https:\/\/www.riwal.com\/app\/uploads\/sites\/9\/2024\/01\/Wiedza-Umiejetnosci-i-doradztwo.png\",\"datePublished\":\"2024-01-25T14:39:28+00:00\",\"dateModified\":\"2024-01-29T13:17:04+00:00\",\"breadcrumb\":{\"@id\":\"https:\/\/www.riwal.com\/pl\/marki\/#breadcrumb\"},\"inLanguage\":\"pl-PL\",\"potentialAction\":[{\"@type\":\"ReadAction\",\"target\":[\"https:\/\/www.riwal.com\/pl\/marki\/\"]}]},{\"@type\":\"ImageObject\",\"inLanguage\":\"pl-PL\",\"@id\":\"https:\/\/www.riwal.com\/pl\/marki\/#primaryimage\",\"url\":\"https:\/\/www.riwal.com\/app\/uploads\/sites\/9\/2024\/01\/Wiedza-Umiejetnosci-i-doradztwo.png\",\"contentUrl\":\"https:\/\/www.riwal.com\/app\/uploads\/sites\/9\/2024\/01\/Wiedza-Umiejetnosci-i-doradztwo.png\"},{\"@type\":\"BreadcrumbList\",\"@id\":\"https:\/\/www.riwal.com\/pl\/marki\/#breadcrumb\",\"itemListElement\":[{\"@type\":\"ListItem\",\"position\":1,\"name\":\"Strona g\u0142\u00f3wna\",\"item\":\"https:\/\/www.riwal.com\/pl\/\"},{\"@type\":\"ListItem\",\"position\":2,\"name\":\"Marki\"}]},{\"@type\":\"WebSite\",\"@id\":\"https:\/\/www.riwal.com\/pl\/#website\",\"url\":\"https:\/\/www.riwal.com\/pl\/\",\"name\":\"Riwal\",\"description\":\"Arial work platform &amp; Telehandler Rental\/Sales\",\"publisher\":{\"@id\":\"https:\/\/www.riwal.com\/pl\/#organization\"},\"potentialAction\":[{\"@type\":\"SearchAction\",\"target\":{\"@type\":\"EntryPoint\",\"urlTemplate\":\"https:\/\/www.riwal.com\/pl\/?s={search_term_string}\"},\"query-input\":{\"@type\":\"PropertyValueSpecification\",\"valueRequired\":true,\"valueName\":\"search_term_string\"}}],\"inLanguage\":\"pl-PL\"},{\"@type\":\"Organization\",\"@id\":\"https:\/\/www.riwal.com\/pl\/#organization\",\"name\":\"Riwal\",\"url\":\"https:\/\/www.riwal.com\/pl\/\",\"logo\":{\"@type\":\"ImageObject\",\"inLanguage\":\"pl-PL\",\"@id\":\"https:\/\/www.riwal.com\/pl\/#\/schema\/logo\/image\/\",\"url\":\"\",\"contentUrl\":\"\",\"caption\":\"Riwal\"},\"image\":{\"@id\":\"https:\/\/www.riwal.com\/pl\/#\/schema\/logo\/image\/\"}}]}<\/script>\n<!-- \/ Yoast SEO Premium plugin. -->","yoast_head_json":{"title":"Marki - Riwal - Polska","robots":{"index":"index","follow":"follow","max-snippet":"max-snippet:-1","max-image-preview":"max-image-preview:large","max-video-preview":"max-video-preview:-1"},"canonical":"https:\/\/www.riwal.com\/pl\/marki\/","og_locale":"pl_PL","og_type":"article","og_title":"Marki","og_description":"MARKI Dostarczamy cz\u0119\u015bci dla nast\u0119puj\u0105cych&nbsp;marek:&nbsp;JLG,&nbsp;Genie,&nbsp;Skyjack,&nbsp;Haulotte,&nbsp;Holland Lift, Snorkel,&nbsp;Teupen, MEC, Upright, Iteco,&nbsp;Deutz, i&nbsp;Perkins. W&nbsp;sklepie internetowym&nbsp;znajduje si\u0119 pe\u0142na gama produkt\u00f3w JLG, Genie i Skyjack.Nasz sklep dost\u0119pny jest 24\/7, 365 dni w roku, w oparciu o bie\u017c\u0105ce cenniki, rzeczywiste stany magazynowe i aktualne terminy dostaw. Zam\u00f3wienia cz\u0119\u015bci dokonasz \u0142atwo i szybko korzystaj\u0105c z numeru seryjnego cz\u0119\u015bci lub interaktywnego rysunku &hellip; Kontynuuacja","og_url":"https:\/\/www.riwal.com\/pl\/marki\/","og_site_name":"Riwal - Polska","article_modified_time":"2024-01-29T13:17:04+00:00","og_image":[{"url":"https:\/\/www.riwal.com\/app\/uploads\/sites\/9\/2024\/01\/Wiedza-Umiejetnosci-i-doradztwo.png","type":"","width":"","height":""}],"twitter_card":"summary_large_image","twitter_misc":{"Est. reading time":"2 minuty"},"schema":{"@context":"https:\/\/schema.org","@graph":[{"@type":"WebPage","@id":"https:\/\/www.riwal.com\/pl\/marki\/","url":"https:\/\/www.riwal.com\/pl\/marki\/","name":"Marki - Riwal - Polska","isPartOf":{"@id":"https:\/\/www.riwal.com\/pl\/#website"},"primaryImageOfPage":{"@id":"https:\/\/www.riwal.com\/pl\/marki\/#primaryimage"},"image":{"@id":"https:\/\/www.riwal.com\/pl\/marki\/#primaryimage"},"thumbnailUrl":"https:\/\/www.riwal.com\/app\/uploads\/sites\/9\/2024\/01\/Wiedza-Umiejetnosci-i-doradztwo.png","datePublished":"2024-01-25T14:39:28+00:00","dateModified":"2024-01-29T13:17:04+00:00","breadcrumb":{"@id":"https:\/\/www.riwal.com\/pl\/marki\/#breadcrumb"},"inLanguage":"pl-PL","potentialAction":[{"@type":"ReadAction","target":["https:\/\/www.riwal.com\/pl\/marki\/"]}]},{"@type":"ImageObject","inLanguage":"pl-PL","@id":"https:\/\/www.riwal.com\/pl\/marki\/#primaryimage","url":"https:\/\/www.riwal.com\/app\/uploads\/sites\/9\/2024\/01\/Wiedza-Umiejetnosci-i-doradztwo.png","contentUrl":"https:\/\/www.riwal.com\/app\/uploads\/sites\/9\/2024\/01\/Wiedza-Umiejetnosci-i-doradztwo.png"},{"@type":"BreadcrumbList","@id":"https:\/\/www.riwal.com\/pl\/marki\/#breadcrumb","itemListElement":[{"@type":"ListItem","position":1,"name":"Strona g\u0142\u00f3wna","item":"https:\/\/www.riwal.com\/pl\/"},{"@type":"ListItem","position":2,"name":"Marki"}]},{"@type":"WebSite","@id":"https:\/\/www.riwal.com\/pl\/#website","url":"https:\/\/www.riwal.com\/pl\/","name":"Riwal","description":"Arial work platform &amp; Telehandler Rental\/Sales","publisher":{"@id":"https:\/\/www.riwal.com\/pl\/#organization"},"potentialAction":[{"@type":"SearchAction","target":{"@type":"EntryPoint","urlTemplate":"https:\/\/www.riwal.com\/pl\/?s={search_term_string}"},"query-input":{"@type":"PropertyValueSpecification","valueRequired":true,"valueName":"search_term_string"}}],"inLanguage":"pl-PL"},{"@type":"Organization","@id":"https:\/\/www.riwal.com\/pl\/#organization","name":"Riwal","url":"https:\/\/www.riwal.com\/pl\/","logo":{"@type":"ImageObject","inLanguage":"pl-PL","@id":"https:\/\/www.riwal.com\/pl\/#\/schema\/logo\/image\/","url":"","contentUrl":"","caption":"Riwal"},"image":{"@id":"https:\/\/www.riwal.com\/pl\/#\/schema\/logo\/image\/"}}]}},"_links":{"self":[{"href":"https:\/\/www.riwal.com\/pl\/wp-json\/wp\/v2\/pages\/5844","targetHints":{"allow":["GET"]}}],"collection":[{"href":"https:\/\/www.riwal.com\/pl\/wp-json\/wp\/v2\/pages"}],"about":[{"href":"https:\/\/www.riwal.com\/pl\/wp-json\/wp\/v2\/types\/page"}],"author":[{"embeddable":true,"href":"https:\/\/www.riwal.com\/pl\/wp-json\/wp\/v2\/users\/40"}],"replies":[{"embeddable":true,"href":"https:\/\/www.riwal.com\/pl\/wp-json\/wp\/v2\/comments?post=5844"}],"version-history":[{"count":10,"href":"https:\/\/www.riwal.com\/pl\/wp-json\/wp\/v2\/pages\/5844\/revisions"}],"predecessor-version":[{"id":5907,"href":"https:\/\/www.riwal.com\/pl\/wp-json\/wp\/v2\/pages\/5844\/revisions\/5907"}],"wp:attachment":[{"href":"https:\/\/www.riwal.com\/pl\/wp-json\/wp\/v2\/media?parent=5844"}],"curies":[{"name":"wp","href":"https:\/\/api.w.org\/{rel}","templated":true}]}}