{"id":5826,"date":"2024-01-25T13:17:25","date_gmt":"2024-01-25T13:17:25","guid":{"rendered":"https:\/\/www.riwal.com\/pl\/?page_id=5826"},"modified":"2025-06-10T10:46:03","modified_gmt":"2025-06-10T08:46:03","slug":"serwis-i-czesci","status":"publish","type":"page","link":"https:\/\/www.riwal.com\/pl\/serwis-i-czesci\/","title":{"rendered":"Serwis i cz\u0119\u015bci"},"content":{"rendered":"<div class=\"container\">\n<h2 class=\"wp-block-heading\" id=\"h-serwis-podnosnikow-ladowarek-podestow-ruchomych-sprzedaz-czesci-zamiennych\">SERWIS PODNO\u015aNIK\u00d3W, \u0141ADOWAREK, PODEST\u00d3W RUCHOMYCH &#8211; SPRZEDA\u017b CZ\u0118\u015aCI ZAMIENNYCH<\/h2>\n<\/div>\n\n<div class=\"container\">\n<h5 class=\"wp-block-heading\" id=\"h-naprawa-podnosnikow-koszowych-ladowarek-teleskopowych-i-podestow-ruchomych\">NAPRAWA PODNO\u015aNIK\u00d3W KOSZOWYCH, \u0141ADOWAREK TELESKOPOWYCH I PODEST\u00d3W RUCHOMYCH<\/h5>\n<\/div>\n\n<div class=\"container\">\n<p>W RIWAL wiemy, jak wa\u017cne jest zachowanie ci\u0105g\u0142o\u015bci pracy. Dlatego klienci, kt\u00f3rzy wynajmuj\u0105 od nas maszyny maj\u0105 zapewniony b\u0142yskawiczny serwis zewn\u0119trzny. Oferujemy<strong>&nbsp;serwis podno\u015bnik\u00f3w koszowych,&nbsp;<\/strong>inne dodatkowe naprawy oraz sprzeda\u017c cz\u0119\u015bci do podest\u00f3w ruchomych i \u0142adowarek teleskopowych. Zapraszamy do zapoznania si\u0119 ze szczeg\u00f3\u0142ami oferty.<\/p>\n<\/div>\n\n<div class=\"rental-wp-default-block rental-theme-block-default-margin\">\n\t\t\t\t\t\t\t\t<div class=\"container\">\n<div class=\"wp-block-columns is-layout-flex wp-container-core-columns-is-layout-28f84493 wp-block-columns-is-layout-flex\">\n<div class=\"wp-block-column is-layout-flow wp-block-column-is-layout-flow\">\n<figure class=\"wp-block-image aligncenter size-large\"><a href=\"https:\/\/www.riwal.com\/pl\/serwis-zewnetrzny-resurs\/\"><img loading=\"lazy\" decoding=\"async\" width=\"2560\" height=\"1441\" src=\"https:\/\/eqsk4m2dkju.exactdn.com\/app\/uploads\/sites\/9\/2024\/01\/serwis.1-1-edited-scaled.jpg?strip=all&quality=92&webp=92&avif=80&sharp=1\" alt=\"\" class=\"wp-image-5860\" srcset=\"https:\/\/eqsk4m2dkju.exactdn.com\/app\/uploads\/sites\/9\/2024\/01\/serwis.1-1-edited-scaled.jpg?strip=all&amp;quality=92&amp;webp=92&amp;avif=80&amp;sharp=1 2560w, https:\/\/eqsk4m2dkju.exactdn.com\/app\/uploads\/sites\/9\/2024\/01\/serwis.1-1-edited-300x169.jpg?strip=all&amp;quality=92&amp;webp=92&amp;avif=80&amp;sharp=1 300w, https:\/\/eqsk4m2dkju.exactdn.com\/app\/uploads\/sites\/9\/2024\/01\/serwis.1-1-edited-1024x576.jpg?strip=all&amp;quality=92&amp;webp=92&amp;avif=80&amp;sharp=1 1024w, https:\/\/eqsk4m2dkju.exactdn.com\/app\/uploads\/sites\/9\/2024\/01\/serwis.1-1-edited-768x432.jpg?strip=all&amp;quality=92&amp;webp=92&amp;avif=80&amp;sharp=1 768w, https:\/\/eqsk4m2dkju.exactdn.com\/app\/uploads\/sites\/9\/2024\/01\/serwis.1-1-edited-1536x865.jpg?strip=all&amp;quality=92&amp;webp=92&amp;avif=80&amp;sharp=1 1536w, https:\/\/eqsk4m2dkju.exactdn.com\/app\/uploads\/sites\/9\/2024\/01\/serwis.1-1-edited-2048x1153.jpg?strip=all&amp;quality=92&amp;webp=92&amp;avif=80&amp;sharp=1 2048w, https:\/\/eqsk4m2dkju.exactdn.com\/app\/uploads\/sites\/9\/2024\/01\/serwis.1-1-edited-178x100.jpg?strip=all&amp;quality=92&amp;webp=92&amp;avif=80&amp;sharp=1 178w, https:\/\/eqsk4m2dkju.exactdn.com\/app\/uploads\/sites\/9\/2024\/01\/serwis.1-1-edited-1440x811.jpg?strip=all&amp;quality=92&amp;webp=92&amp;avif=80&amp;sharp=1 1440w, https:\/\/eqsk4m2dkju.exactdn.com\/app\/uploads\/sites\/9\/2024\/01\/serwis.1-1-edited-390x220.jpg?strip=all&amp;quality=92&amp;webp=92&amp;avif=80&amp;sharp=1 390w, https:\/\/eqsk4m2dkju.exactdn.com\/app\/uploads\/sites\/9\/2024\/01\/serwis.1-1-edited-830x467.jpg?strip=all&amp;quality=92&amp;webp=92&amp;avif=80&amp;sharp=1 830w, https:\/\/eqsk4m2dkju.exactdn.com\/app\/uploads\/sites\/9\/2024\/01\/serwis.1-1-edited-250x141.jpg?strip=all&amp;quality=92&amp;webp=92&amp;avif=80&amp;sharp=1 250w, https:\/\/eqsk4m2dkju.exactdn.com\/app\/uploads\/sites\/9\/2024\/01\/serwis.1-1-edited-620x349.jpg?strip=all&amp;quality=92&amp;webp=92&amp;avif=80&amp;sharp=1 620w, https:\/\/eqsk4m2dkju.exactdn.com\/app\/uploads\/sites\/9\/2024\/01\/serwis.1-1-edited-237x133.jpg?strip=all&amp;quality=92&amp;webp=92&amp;avif=80&amp;sharp=1 237w, https:\/\/eqsk4m2dkju.exactdn.com\/app\/uploads\/sites\/9\/2024\/01\/serwis.1-1-edited-474x267.jpg?strip=all&amp;quality=92&amp;webp=92&amp;avif=80&amp;sharp=1 474w, https:\/\/eqsk4m2dkju.exactdn.com\/app\/uploads\/sites\/9\/2024\/01\/serwis.1-1-edited-scaled.jpg?strip=all&amp;quality=92&amp;webp=92&amp;avif=80&amp;sharp=1&amp;w=1920 1920w\" sizes=\"auto, (max-width: 1920px) 100vw, 1920px\" \/><\/a><figcaption class=\"wp-element-caption\"><a href=\"https:\/\/www.riwal.com\/pl\/serwis-zewnetrzny-resurs\/\"><strong>Serwis podno\u015bnik\u00f3w &#8211; naprawy, konserwacje, <\/strong><br><strong>resurs maszyn Klient\u00f3w <\/strong><br>Sprawd\u017a szczeg\u00f3\u0142y<\/a><\/figcaption><\/figure>\n<\/div>\n\n\n\n<div class=\"wp-block-column is-layout-flow wp-block-column-is-layout-flow\">\n<figure class=\"wp-block-image aligncenter size-full is-resized\"><a href=\"https:\/\/www.myriwalparts.com\/riwalstore\/#\/user\/login\"><img loading=\"lazy\" decoding=\"async\" width=\"409\" height=\"230\" src=\"https:\/\/eqsk4m2dkju.exactdn.com\/app\/uploads\/sites\/9\/2024\/01\/my-riwal-parts-sklep-internetowy-edited.png?strip=all&quality=92&webp=92&avif=80&sharp=1\" alt=\"\" class=\"wp-image-5861\" style=\"width:597px;height:auto\" srcset=\"https:\/\/eqsk4m2dkju.exactdn.com\/app\/uploads\/sites\/9\/2024\/01\/my-riwal-parts-sklep-internetowy-edited.png?strip=all&amp;quality=92&amp;webp=92&amp;avif=80&amp;sharp=1 409w, https:\/\/eqsk4m2dkju.exactdn.com\/app\/uploads\/sites\/9\/2024\/01\/my-riwal-parts-sklep-internetowy-edited-300x169.png?strip=all&amp;quality=92&amp;webp=92&amp;avif=80&amp;sharp=1 300w, https:\/\/eqsk4m2dkju.exactdn.com\/app\/uploads\/sites\/9\/2024\/01\/my-riwal-parts-sklep-internetowy-edited-178x100.png?strip=all&amp;quality=92&amp;webp=92&amp;avif=80&amp;sharp=1 178w, https:\/\/eqsk4m2dkju.exactdn.com\/app\/uploads\/sites\/9\/2024\/01\/my-riwal-parts-sklep-internetowy-edited-390x219.png?strip=all&amp;quality=92&amp;webp=92&amp;avif=80&amp;sharp=1 390w, https:\/\/eqsk4m2dkju.exactdn.com\/app\/uploads\/sites\/9\/2024\/01\/my-riwal-parts-sklep-internetowy-edited-250x141.png?strip=all&amp;quality=92&amp;webp=92&amp;avif=80&amp;sharp=1 250w, https:\/\/eqsk4m2dkju.exactdn.com\/app\/uploads\/sites\/9\/2024\/01\/my-riwal-parts-sklep-internetowy-edited-237x133.png?strip=all&amp;quality=92&amp;webp=92&amp;avif=80&amp;sharp=1 237w, https:\/\/eqsk4m2dkju.exactdn.com\/app\/uploads\/sites\/9\/2024\/01\/my-riwal-parts-sklep-internetowy-edited.png?strip=all&amp;quality=92&amp;webp=92&amp;avif=80&amp;sharp=1&amp;w=81 81w\" sizes=\"auto, (max-width: 409px) 100vw, 409px\" \/><\/a><figcaption class=\"wp-element-caption\"><a href=\"https:\/\/www.myriwalparts.com\/riwalstore\/#\/user\/login\"><strong>My Riwal Cz\u0119\u015bci <\/strong><br>Sklep internetowy do zamawiania cz\u0119\u015bci <\/a><\/figcaption><\/figure>\n<\/div>\n<\/div>\n<\/div>\n\t\t\t\t\t\t\t<\/div> \n\n<div class=\"container\">\n<h4 class=\"wp-block-heading\" id=\"h-twoja-ladowarka-teleskopowa-lub-podnosnik-potrzebuja-czesci-zamiennych\"><strong>Twoja \u0142adowarka teleskopowa lub podno\u015bnik potrzebuj\u0105 cz\u0119\u015bci zamiennych?<\/strong><\/h4>\n<\/div>\n\n<div class=\"container\">\n<p>Z ch\u0119ci\u0105 pomo\u017cemy Ci w odpowiednim wyborze. Skontaktuj si\u0119 z nami pod numerem\u00a0<strong><a href=\"tel:0048508412157\">+48 508 412 157<\/a>, <a href=\"tel:0048781800244\">+48 781 800 244<\/a><\/strong> lub\u00a0+<strong><a href=\"tel:0048781800162\">48 781 800 162<\/a>.\u00a0<\/strong> Mo\u017cesz te\u017c napisa\u0107 do nas \u2013 po otrzymaniu wiadomo\u015bci natychmiast zajmiemy si\u0119 Twoim zapytaniem.<\/p>\n<\/div>\n\n<div class=\"rental-wp-default-block rental-theme-block-default-margin\">\n\t\t\t\t\t\t\t\t<div class=\"container\">\n<div class=\"wp-block-buttons is-layout-flex wp-block-buttons-is-layout-flex\">\n<div class=\"wp-block-button\"><a class=\"wp-block-button__link wp-element-button\" href=\"mailto:czesci@riwal.com\"> Napisz e-mail<\/a><\/div>\n<\/div>\n<\/div>\n\t\t\t\t\t\t\t<\/div> \n\n<div class=\"container\">\n<p><\/p>\n<\/div>","protected":false},"excerpt":{"rendered":"<p>SERWIS PODNO\u015aNIK\u00d3W, \u0141ADOWAREK, PODEST\u00d3W RUCHOMYCH &#8211; SPRZEDA\u017b CZ\u0118\u015aCI ZAMIENNYCH NAPRAWA PODNO\u015aNIK\u00d3W KOSZOWYCH, \u0141ADOWAREK TELESKOPOWYCH I PODEST\u00d3W RUCHOMYCH W RIWAL wiemy, jak wa\u017cne jest zachowanie ci\u0105g\u0142o\u015bci pracy. Dlatego klienci, kt\u00f3rzy wynajmuj\u0105 od nas maszyny maj\u0105 zapewniony b\u0142yskawiczny serwis zewn\u0119trzny. Oferujemy&nbsp;serwis podno\u015bnik\u00f3w koszowych,&nbsp;inne dodatkowe naprawy oraz sprzeda\u017c cz\u0119\u015bci do podest\u00f3w ruchomych i \u0142adowarek teleskopowych. Zapraszamy do zapoznania &hellip; <a href=\"https:\/\/www.riwal.com\/pl\/serwis-i-czesci\/\">Kontynuuacja<\/a><\/p>\n","protected":false},"author":31,"featured_media":0,"parent":0,"menu_order":0,"comment_status":"closed","ping_status":"closed","template":"","meta":{"_acf_changed":false,"footnotes":""},"class_list":["post-5826","page","type-page","status-publish","hentry"],"acf":[],"yoast_head":"<!-- This site is optimized with the Yoast SEO Premium plugin v27.1 (Yoast SEO v27.1.1) - https:\/\/yoast.com\/product\/yoast-seo-premium-wordpress\/ -->\n<title>Serwis i cz\u0119\u015bci - Riwal - Polska<\/title>\n<meta name=\"robots\" content=\"index, follow, max-snippet:-1, max-image-preview:large, max-video-preview:-1\" \/>\n<link rel=\"canonical\" href=\"https:\/\/www.riwal.com\/pl\/serwis-i-czesci\/\" \/>\n<meta property=\"og:locale\" content=\"pl_PL\" \/>\n<meta property=\"og:type\" content=\"article\" \/>\n<meta property=\"og:title\" content=\"Serwis i cz\u0119\u015bci\" \/>\n<meta property=\"og:description\" content=\"SERWIS PODNO\u015aNIK\u00d3W, \u0141ADOWAREK, PODEST\u00d3W RUCHOMYCH &#8211; SPRZEDA\u017b CZ\u0118\u015aCI ZAMIENNYCH NAPRAWA PODNO\u015aNIK\u00d3W KOSZOWYCH, \u0141ADOWAREK TELESKOPOWYCH I PODEST\u00d3W RUCHOMYCH W RIWAL wiemy, jak wa\u017cne jest zachowanie ci\u0105g\u0142o\u015bci pracy. Dlatego klienci, kt\u00f3rzy wynajmuj\u0105 od nas maszyny maj\u0105 zapewniony b\u0142yskawiczny serwis zewn\u0119trzny. Oferujemy&nbsp;serwis podno\u015bnik\u00f3w koszowych,&nbsp;inne dodatkowe naprawy oraz sprzeda\u017c cz\u0119\u015bci do podest\u00f3w ruchomych i \u0142adowarek teleskopowych. Zapraszamy do zapoznania &hellip; Kontynuuacja\" \/>\n<meta property=\"og:url\" content=\"https:\/\/www.riwal.com\/pl\/serwis-i-czesci\/\" \/>\n<meta property=\"og:site_name\" content=\"Riwal - Polska\" \/>\n<meta property=\"article:modified_time\" content=\"2025-06-10T08:46:03+00:00\" \/>\n<meta property=\"og:image\" content=\"https:\/\/www.riwal.com\/app\/uploads\/sites\/9\/2024\/01\/serwis.1-1-edited-scaled.jpg\" \/>\n<meta name=\"twitter:card\" content=\"summary_large_image\" \/>\n<meta name=\"twitter:label1\" content=\"Est. reading time\" \/>\n\t<meta name=\"twitter:data1\" content=\"2 minuty\" \/>\n<script type=\"application\/ld+json\" class=\"yoast-schema-graph\">{\"@context\":\"https:\/\/schema.org\",\"@graph\":[{\"@type\":\"WebPage\",\"@id\":\"https:\/\/www.riwal.com\/pl\/serwis-i-czesci\/\",\"url\":\"https:\/\/www.riwal.com\/pl\/serwis-i-czesci\/\",\"name\":\"Serwis i cz\u0119\u015bci - Riwal - Polska\",\"isPartOf\":{\"@id\":\"https:\/\/www.riwal.com\/pl\/#website\"},\"primaryImageOfPage\":{\"@id\":\"https:\/\/www.riwal.com\/pl\/serwis-i-czesci\/#primaryimage\"},\"image\":{\"@id\":\"https:\/\/www.riwal.com\/pl\/serwis-i-czesci\/#primaryimage\"},\"thumbnailUrl\":\"https:\/\/www.riwal.com\/app\/uploads\/sites\/9\/2024\/01\/serwis.1-1-edited-scaled.jpg\",\"datePublished\":\"2024-01-25T13:17:25+00:00\",\"dateModified\":\"2025-06-10T08:46:03+00:00\",\"breadcrumb\":{\"@id\":\"https:\/\/www.riwal.com\/pl\/serwis-i-czesci\/#breadcrumb\"},\"inLanguage\":\"pl-PL\",\"potentialAction\":[{\"@type\":\"ReadAction\",\"target\":[\"https:\/\/www.riwal.com\/pl\/serwis-i-czesci\/\"]}]},{\"@type\":\"ImageObject\",\"inLanguage\":\"pl-PL\",\"@id\":\"https:\/\/www.riwal.com\/pl\/serwis-i-czesci\/#primaryimage\",\"url\":\"https:\/\/www.riwal.com\/app\/uploads\/sites\/9\/2024\/01\/serwis.1-1-edited-scaled.jpg\",\"contentUrl\":\"https:\/\/www.riwal.com\/app\/uploads\/sites\/9\/2024\/01\/serwis.1-1-edited-scaled.jpg\"},{\"@type\":\"BreadcrumbList\",\"@id\":\"https:\/\/www.riwal.com\/pl\/serwis-i-czesci\/#breadcrumb\",\"itemListElement\":[{\"@type\":\"ListItem\",\"position\":1,\"name\":\"Strona g\u0142\u00f3wna\",\"item\":\"https:\/\/www.riwal.com\/pl\/\"},{\"@type\":\"ListItem\",\"position\":2,\"name\":\"Serwis i cz\u0119\u015bci\"}]},{\"@type\":\"WebSite\",\"@id\":\"https:\/\/www.riwal.com\/pl\/#website\",\"url\":\"https:\/\/www.riwal.com\/pl\/\",\"name\":\"Riwal\",\"description\":\"Arial work platform &amp; Telehandler Rental\/Sales\",\"publisher\":{\"@id\":\"https:\/\/www.riwal.com\/pl\/#organization\"},\"potentialAction\":[{\"@type\":\"SearchAction\",\"target\":{\"@type\":\"EntryPoint\",\"urlTemplate\":\"https:\/\/www.riwal.com\/pl\/?s={search_term_string}\"},\"query-input\":{\"@type\":\"PropertyValueSpecification\",\"valueRequired\":true,\"valueName\":\"search_term_string\"}}],\"inLanguage\":\"pl-PL\"},{\"@type\":\"Organization\",\"@id\":\"https:\/\/www.riwal.com\/pl\/#organization\",\"name\":\"Riwal\",\"url\":\"https:\/\/www.riwal.com\/pl\/\",\"logo\":{\"@type\":\"ImageObject\",\"inLanguage\":\"pl-PL\",\"@id\":\"https:\/\/www.riwal.com\/pl\/#\/schema\/logo\/image\/\",\"url\":\"\",\"contentUrl\":\"\",\"caption\":\"Riwal\"},\"image\":{\"@id\":\"https:\/\/www.riwal.com\/pl\/#\/schema\/logo\/image\/\"}}]}<\/script>\n<!-- \/ Yoast SEO Premium plugin. -->","yoast_head_json":{"title":"Serwis i cz\u0119\u015bci - Riwal - Polska","robots":{"index":"index","follow":"follow","max-snippet":"max-snippet:-1","max-image-preview":"max-image-preview:large","max-video-preview":"max-video-preview:-1"},"canonical":"https:\/\/www.riwal.com\/pl\/serwis-i-czesci\/","og_locale":"pl_PL","og_type":"article","og_title":"Serwis i cz\u0119\u015bci","og_description":"SERWIS PODNO\u015aNIK\u00d3W, \u0141ADOWAREK, PODEST\u00d3W RUCHOMYCH &#8211; SPRZEDA\u017b CZ\u0118\u015aCI ZAMIENNYCH NAPRAWA PODNO\u015aNIK\u00d3W KOSZOWYCH, \u0141ADOWAREK TELESKOPOWYCH I PODEST\u00d3W RUCHOMYCH W RIWAL wiemy, jak wa\u017cne jest zachowanie ci\u0105g\u0142o\u015bci pracy. Dlatego klienci, kt\u00f3rzy wynajmuj\u0105 od nas maszyny maj\u0105 zapewniony b\u0142yskawiczny serwis zewn\u0119trzny. Oferujemy&nbsp;serwis podno\u015bnik\u00f3w koszowych,&nbsp;inne dodatkowe naprawy oraz sprzeda\u017c cz\u0119\u015bci do podest\u00f3w ruchomych i \u0142adowarek teleskopowych. Zapraszamy do zapoznania &hellip; Kontynuuacja","og_url":"https:\/\/www.riwal.com\/pl\/serwis-i-czesci\/","og_site_name":"Riwal - Polska","article_modified_time":"2025-06-10T08:46:03+00:00","og_image":[{"url":"https:\/\/www.riwal.com\/app\/uploads\/sites\/9\/2024\/01\/serwis.1-1-edited-scaled.jpg","type":"","width":"","height":""}],"twitter_card":"summary_large_image","twitter_misc":{"Est. reading time":"2 minuty"},"schema":{"@context":"https:\/\/schema.org","@graph":[{"@type":"WebPage","@id":"https:\/\/www.riwal.com\/pl\/serwis-i-czesci\/","url":"https:\/\/www.riwal.com\/pl\/serwis-i-czesci\/","name":"Serwis i cz\u0119\u015bci - Riwal - Polska","isPartOf":{"@id":"https:\/\/www.riwal.com\/pl\/#website"},"primaryImageOfPage":{"@id":"https:\/\/www.riwal.com\/pl\/serwis-i-czesci\/#primaryimage"},"image":{"@id":"https:\/\/www.riwal.com\/pl\/serwis-i-czesci\/#primaryimage"},"thumbnailUrl":"https:\/\/www.riwal.com\/app\/uploads\/sites\/9\/2024\/01\/serwis.1-1-edited-scaled.jpg","datePublished":"2024-01-25T13:17:25+00:00","dateModified":"2025-06-10T08:46:03+00:00","breadcrumb":{"@id":"https:\/\/www.riwal.com\/pl\/serwis-i-czesci\/#breadcrumb"},"inLanguage":"pl-PL","potentialAction":[{"@type":"ReadAction","target":["https:\/\/www.riwal.com\/pl\/serwis-i-czesci\/"]}]},{"@type":"ImageObject","inLanguage":"pl-PL","@id":"https:\/\/www.riwal.com\/pl\/serwis-i-czesci\/#primaryimage","url":"https:\/\/www.riwal.com\/app\/uploads\/sites\/9\/2024\/01\/serwis.1-1-edited-scaled.jpg","contentUrl":"https:\/\/www.riwal.com\/app\/uploads\/sites\/9\/2024\/01\/serwis.1-1-edited-scaled.jpg"},{"@type":"BreadcrumbList","@id":"https:\/\/www.riwal.com\/pl\/serwis-i-czesci\/#breadcrumb","itemListElement":[{"@type":"ListItem","position":1,"name":"Strona g\u0142\u00f3wna","item":"https:\/\/www.riwal.com\/pl\/"},{"@type":"ListItem","position":2,"name":"Serwis i cz\u0119\u015bci"}]},{"@type":"WebSite","@id":"https:\/\/www.riwal.com\/pl\/#website","url":"https:\/\/www.riwal.com\/pl\/","name":"Riwal","description":"Arial work platform &amp; Telehandler Rental\/Sales","publisher":{"@id":"https:\/\/www.riwal.com\/pl\/#organization"},"potentialAction":[{"@type":"SearchAction","target":{"@type":"EntryPoint","urlTemplate":"https:\/\/www.riwal.com\/pl\/?s={search_term_string}"},"query-input":{"@type":"PropertyValueSpecification","valueRequired":true,"valueName":"search_term_string"}}],"inLanguage":"pl-PL"},{"@type":"Organization","@id":"https:\/\/www.riwal.com\/pl\/#organization","name":"Riwal","url":"https:\/\/www.riwal.com\/pl\/","logo":{"@type":"ImageObject","inLanguage":"pl-PL","@id":"https:\/\/www.riwal.com\/pl\/#\/schema\/logo\/image\/","url":"","contentUrl":"","caption":"Riwal"},"image":{"@id":"https:\/\/www.riwal.com\/pl\/#\/schema\/logo\/image\/"}}]}},"_links":{"self":[{"href":"https:\/\/www.riwal.com\/pl\/wp-json\/wp\/v2\/pages\/5826","targetHints":{"allow":["GET"]}}],"collection":[{"href":"https:\/\/www.riwal.com\/pl\/wp-json\/wp\/v2\/pages"}],"about":[{"href":"https:\/\/www.riwal.com\/pl\/wp-json\/wp\/v2\/types\/page"}],"author":[{"embeddable":true,"href":"https:\/\/www.riwal.com\/pl\/wp-json\/wp\/v2\/users\/31"}],"replies":[{"embeddable":true,"href":"https:\/\/www.riwal.com\/pl\/wp-json\/wp\/v2\/comments?post=5826"}],"version-history":[{"count":15,"href":"https:\/\/www.riwal.com\/pl\/wp-json\/wp\/v2\/pages\/5826\/revisions"}],"predecessor-version":[{"id":20190,"href":"https:\/\/www.riwal.com\/pl\/wp-json\/wp\/v2\/pages\/5826\/revisions\/20190"}],"wp:attachment":[{"href":"https:\/\/www.riwal.com\/pl\/wp-json\/wp\/v2\/media?parent=5826"}],"curies":[{"name":"wp","href":"https:\/\/api.w.org\/{rel}","templated":true}]}}