{"id":5761,"date":"2024-01-24T15:25:04","date_gmt":"2024-01-24T15:25:04","guid":{"rendered":"https:\/\/www.riwal.com\/pl\/?page_id=5761"},"modified":"2024-01-26T15:53:24","modified_gmt":"2024-01-26T15:53:24","slug":"o-sklepie-my-riwal-parts","status":"publish","type":"page","link":"https:\/\/www.riwal.com\/pl\/o-sklepie-my-riwal-parts\/","title":{"rendered":"O sklepie My Riwal Parts"},"content":{"rendered":"<div class=\"container\">\n<h2 class=\"wp-block-heading\" id=\"h-sklep-my-riwal-czesci\">SKLEP MY RIWAL CZ\u0118\u015aCI<\/h2>\n<\/div>\n\n<div class=\"container\">\n<h3 class=\"wp-block-heading\" id=\"h-poszukujesz-oryginalnych-czesci-do-swojego-podnosnika-ladowarki-teleskopowej-nbsp-czy-wozka-widlowego-riwal-czesci-od-lat-jest-specjalista-numer-jeden-w-dostarczaniu-oryginalnych-czesci-zamiennych-i-akcesoriow\">Poszukujesz oryginalnych cz\u0119\u015bci do swojego podno\u015bnika, \u0142adowarki teleskopowej&nbsp; czy w\u00f3zka wid\u0142owego? Riwal Cz\u0119\u015bci od lat jest specjalist\u0105 numer jeden w dostarczaniu oryginalnych cz\u0119\u015bci (zamiennych) i akcesori\u00f3w.<\/h3>\n<\/div>\n\n<div class=\"container\">\n<p>Szybkie i \u0142atwe zamawianie cz\u0119\u015bci do podno\u015bnik\u00f3w? Mo\u017cesz to zrobi\u0107 z My Riwal Cz\u0119\u015bci! Tw\u00f3j numer jeden spo\u015br\u00f3d internetowych&nbsp; sklep\u00f3w z oryginalnymi cz\u0119\u015bciami i akcesoriami.&nbsp;<a><\/a><a href=\"https:\/\/www.myriwalparts.com\/riwalstore\/#\/user\/login\">My Riwal Cz\u0119\u015bci<\/a>&nbsp;to sklep internetowy z oryginalnymi cz\u0119\u015bciami zamiennymi od najwi\u0119kszych i najbardziej uznanych na \u015bwiecie producent\u00f3w podest\u00f3w ruchomych (MEWP).<\/p>\n<\/div>\n\n<div class=\"container\">\n<p>Mo\u017cesz zamawia\u0107, szuka\u0107 danych technicznych i \u015bledzi\u0107 swoje zam\u00f3wienie online 24\/7, 365 dni w roku.<br>Chcesz \u0142atwo zamawia\u0107 cz\u0119\u015bci do swoich maszyn? Za\u0142\u00f3\u017c darmowe konto!&nbsp;Zarejestruj si\u0119&nbsp;ju\u017c dzi\u015b lub&nbsp;przeczytaj wi\u0119cej&nbsp;o My Riwal Cz\u0119\u015bci!<\/p>\n<\/div>\n\n<div class=\"container\">\n<figure class=\"wp-block-image size-large is-resized\"><img loading=\"lazy\" decoding=\"async\" width=\"1024\" height=\"302\" src=\"https:\/\/eqsk4m2dkju.exactdn.com\/app\/uploads\/sites\/9\/2024\/01\/Zamw-w-3-PROSTYCH-KROKACH-na-My-Riwal-Czci-1-1024x302.jpg?strip=all&quality=92&webp=92&avif=80&sharp=1\" alt=\"\" class=\"wp-image-5707\" style=\"width:943px;height:auto\" srcset=\"https:\/\/eqsk4m2dkju.exactdn.com\/app\/uploads\/sites\/9\/2024\/01\/Zamw-w-3-PROSTYCH-KROKACH-na-My-Riwal-Czci-1-1024x302.jpg?strip=all&amp;quality=92&amp;webp=92&amp;avif=80&amp;sharp=1 1024w, https:\/\/eqsk4m2dkju.exactdn.com\/app\/uploads\/sites\/9\/2024\/01\/Zamw-w-3-PROSTYCH-KROKACH-na-My-Riwal-Czci-1-300x89.jpg?strip=all&amp;quality=92&amp;webp=92&amp;avif=80&amp;sharp=1 300w, https:\/\/eqsk4m2dkju.exactdn.com\/app\/uploads\/sites\/9\/2024\/01\/Zamw-w-3-PROSTYCH-KROKACH-na-My-Riwal-Czci-1-768x227.jpg?strip=all&amp;quality=92&amp;webp=92&amp;avif=80&amp;sharp=1 768w, https:\/\/eqsk4m2dkju.exactdn.com\/app\/uploads\/sites\/9\/2024\/01\/Zamw-w-3-PROSTYCH-KROKACH-na-My-Riwal-Czci-1-1536x454.jpg?strip=all&amp;quality=92&amp;webp=92&amp;avif=80&amp;sharp=1 1536w, https:\/\/eqsk4m2dkju.exactdn.com\/app\/uploads\/sites\/9\/2024\/01\/Zamw-w-3-PROSTYCH-KROKACH-na-My-Riwal-Czci-1-178x53.jpg?strip=all&amp;quality=92&amp;webp=92&amp;avif=80&amp;sharp=1 178w, https:\/\/eqsk4m2dkju.exactdn.com\/app\/uploads\/sites\/9\/2024\/01\/Zamw-w-3-PROSTYCH-KROKACH-na-My-Riwal-Czci-1-1440x425.jpg?strip=all&amp;quality=92&amp;webp=92&amp;avif=80&amp;sharp=1 1440w, https:\/\/eqsk4m2dkju.exactdn.com\/app\/uploads\/sites\/9\/2024\/01\/Zamw-w-3-PROSTYCH-KROKACH-na-My-Riwal-Czci-1-390x115.jpg?strip=all&amp;quality=92&amp;webp=92&amp;avif=80&amp;sharp=1 390w, https:\/\/eqsk4m2dkju.exactdn.com\/app\/uploads\/sites\/9\/2024\/01\/Zamw-w-3-PROSTYCH-KROKACH-na-My-Riwal-Czci-1-830x245.jpg?strip=all&amp;quality=92&amp;webp=92&amp;avif=80&amp;sharp=1 830w, https:\/\/eqsk4m2dkju.exactdn.com\/app\/uploads\/sites\/9\/2024\/01\/Zamw-w-3-PROSTYCH-KROKACH-na-My-Riwal-Czci-1-250x74.jpg?strip=all&amp;quality=92&amp;webp=92&amp;avif=80&amp;sharp=1 250w, https:\/\/eqsk4m2dkju.exactdn.com\/app\/uploads\/sites\/9\/2024\/01\/Zamw-w-3-PROSTYCH-KROKACH-na-My-Riwal-Czci-1-620x183.jpg?strip=all&amp;quality=92&amp;webp=92&amp;avif=80&amp;sharp=1 620w, https:\/\/eqsk4m2dkju.exactdn.com\/app\/uploads\/sites\/9\/2024\/01\/Zamw-w-3-PROSTYCH-KROKACH-na-My-Riwal-Czci-1-237x70.jpg?strip=all&amp;quality=92&amp;webp=92&amp;avif=80&amp;sharp=1 237w, https:\/\/eqsk4m2dkju.exactdn.com\/app\/uploads\/sites\/9\/2024\/01\/Zamw-w-3-PROSTYCH-KROKACH-na-My-Riwal-Czci-1-474x140.jpg?strip=all&amp;quality=92&amp;webp=92&amp;avif=80&amp;sharp=1 474w, https:\/\/eqsk4m2dkju.exactdn.com\/app\/uploads\/sites\/9\/2024\/01\/Zamw-w-3-PROSTYCH-KROKACH-na-My-Riwal-Czci-1.jpg?strip=all&amp;quality=92&amp;webp=92&amp;avif=80&amp;sharp=1 1920w, https:\/\/eqsk4m2dkju.exactdn.com\/app\/uploads\/sites\/9\/2024\/01\/Zamw-w-3-PROSTYCH-KROKACH-na-My-Riwal-Czci-1.jpg?strip=all&amp;quality=92&amp;webp=92&amp;avif=80&amp;sharp=1&amp;w=1152 1152w\" sizes=\"auto, (max-width: 1024px) 100vw, 1024px\" \/><\/figure>\n<\/div>\n\n<div class=\"container\">\n<h3 class=\"wp-block-heading\">Cz\u0119\u015bci dost\u0119pne widoczne w trybie aktualnych stan\u00f3w magazynowych<\/h3>\n<\/div>\n\n<div class=\"container\">\n<p>W sklepie internetowym znajdziesz pe\u0142n\u0105 gam\u0119 cz\u0119\u015bci zamiennych od najwi\u0119kszych i najbardziej uznanych na \u015bwiecie producent\u00f3w podest\u00f3w ruchomych MEWP. My Riwal Cz\u0119\u015bci to dost\u0119pno\u015b\u0107 cz\u0119\u015bci 24 godziny na dob\u0119, 7 dni w tygodniu, 365 dni w roku, w oparciu o aktualne ceny, stany magazynowe i terminy dostaw.<br>Cz\u0119\u015bci mo\u017cna zamawia\u0107 nie tylko za pomoc\u0105 zwyk\u0142ej funkcji wyszukiwania czy wed\u0142ug numeru cz\u0119\u015bci ale tak\u017ce za pomoc\u0105 numeru seryjnego czy interaktywnego rysunku maszyny. To proste! Kliknij wybran\u0105 cz\u0119\u015b\u0107 na rysunku i z \u0142atwo\u015bci\u0105 zam\u00f3w potrzebn\u0105 cz\u0119\u015b\u0107.<\/p>\n<\/div>\n\n<div class=\"rental-wp-default-block rental-theme-block-default-margin\">\n\t\t\t\t\t\t\t\t<div class=\"container\">\n<div class=\"wp-block-columns is-layout-flex wp-container-core-columns-is-layout-28f84493 wp-block-columns-is-layout-flex\">\n<div class=\"wp-block-column is-layout-flow wp-block-column-is-layout-flow\">\n<figure class=\"wp-block-image aligncenter size-full is-resized\"><img loading=\"lazy\" decoding=\"async\" width=\"450\" height=\"230\" src=\"https:\/\/eqsk4m2dkju.exactdn.com\/app\/uploads\/sites\/9\/2024\/01\/my-riwal-parts-sklep-internetowy_1-1.jpg?strip=all&quality=92&webp=92&avif=80&sharp=1\" alt=\"\" class=\"wp-image-5766\" style=\"width:451px;height:auto\" srcset=\"https:\/\/eqsk4m2dkju.exactdn.com\/app\/uploads\/sites\/9\/2024\/01\/my-riwal-parts-sklep-internetowy_1-1.jpg?strip=all&amp;quality=92&amp;webp=92&amp;avif=80&amp;sharp=1 450w, https:\/\/eqsk4m2dkju.exactdn.com\/app\/uploads\/sites\/9\/2024\/01\/my-riwal-parts-sklep-internetowy_1-1-300x153.jpg?strip=all&amp;quality=92&amp;webp=92&amp;avif=80&amp;sharp=1 300w, https:\/\/eqsk4m2dkju.exactdn.com\/app\/uploads\/sites\/9\/2024\/01\/my-riwal-parts-sklep-internetowy_1-1-178x91.jpg?strip=all&amp;quality=92&amp;webp=92&amp;avif=80&amp;sharp=1 178w, https:\/\/eqsk4m2dkju.exactdn.com\/app\/uploads\/sites\/9\/2024\/01\/my-riwal-parts-sklep-internetowy_1-1-390x199.jpg?strip=all&amp;quality=92&amp;webp=92&amp;avif=80&amp;sharp=1 390w, https:\/\/eqsk4m2dkju.exactdn.com\/app\/uploads\/sites\/9\/2024\/01\/my-riwal-parts-sklep-internetowy_1-1-250x128.jpg?strip=all&amp;quality=92&amp;webp=92&amp;avif=80&amp;sharp=1 250w, https:\/\/eqsk4m2dkju.exactdn.com\/app\/uploads\/sites\/9\/2024\/01\/my-riwal-parts-sklep-internetowy_1-1-237x121.jpg?strip=all&amp;quality=92&amp;webp=92&amp;avif=80&amp;sharp=1 237w, https:\/\/eqsk4m2dkju.exactdn.com\/app\/uploads\/sites\/9\/2024\/01\/my-riwal-parts-sklep-internetowy_1-1.jpg?strip=all&amp;quality=92&amp;webp=92&amp;avif=80&amp;sharp=1&amp;w=90 90w\" sizes=\"auto, (max-width: 450px) 100vw, 450px\" \/><figcaption class=\"wp-element-caption\"><a href=\"https:\/\/www.myriwalparts.com\/riwalstore\/#\/user\/login\">My Riwal Cz\u0119\u015bci<br>Sklep internetowy do zamawiania cz\u0119\u015bci<\/a><\/figcaption><\/figure>\n<\/div>\n\n\n\n<div class=\"wp-block-column is-layout-flow wp-block-column-is-layout-flow\">\n<figure class=\"wp-block-image aligncenter size-full\"><img loading=\"lazy\" decoding=\"async\" width=\"450\" height=\"230\" src=\"https:\/\/eqsk4m2dkju.exactdn.com\/app\/uploads\/sites\/9\/2024\/01\/zarejestruj-si-1.jpg?strip=all&quality=92&webp=92&avif=80&sharp=1\" alt=\"\" class=\"wp-image-5708\" srcset=\"https:\/\/eqsk4m2dkju.exactdn.com\/app\/uploads\/sites\/9\/2024\/01\/zarejestruj-si-1.jpg?strip=all&amp;quality=92&amp;webp=92&amp;avif=80&amp;sharp=1 450w, https:\/\/eqsk4m2dkju.exactdn.com\/app\/uploads\/sites\/9\/2024\/01\/zarejestruj-si-1-300x153.jpg?strip=all&amp;quality=92&amp;webp=92&amp;avif=80&amp;sharp=1 300w, https:\/\/eqsk4m2dkju.exactdn.com\/app\/uploads\/sites\/9\/2024\/01\/zarejestruj-si-1-178x91.jpg?strip=all&amp;quality=92&amp;webp=92&amp;avif=80&amp;sharp=1 178w, https:\/\/eqsk4m2dkju.exactdn.com\/app\/uploads\/sites\/9\/2024\/01\/zarejestruj-si-1-390x199.jpg?strip=all&amp;quality=92&amp;webp=92&amp;avif=80&amp;sharp=1 390w, https:\/\/eqsk4m2dkju.exactdn.com\/app\/uploads\/sites\/9\/2024\/01\/zarejestruj-si-1-250x128.jpg?strip=all&amp;quality=92&amp;webp=92&amp;avif=80&amp;sharp=1 250w, https:\/\/eqsk4m2dkju.exactdn.com\/app\/uploads\/sites\/9\/2024\/01\/zarejestruj-si-1-237x121.jpg?strip=all&amp;quality=92&amp;webp=92&amp;avif=80&amp;sharp=1 237w, https:\/\/eqsk4m2dkju.exactdn.com\/app\/uploads\/sites\/9\/2024\/01\/zarejestruj-si-1.jpg?strip=all&amp;quality=92&amp;webp=92&amp;avif=80&amp;sharp=1&amp;w=90 90w\" sizes=\"auto, (max-width: 450px) 100vw, 450px\" \/><figcaption class=\"wp-element-caption\"><a href=\"https:\/\/www.myriwalparts.com\/riwalstore\/#\/user\/register\">Za\u0142\u00f3\u017c bezp\u0142atne konto!<br>Zarejestruj si\u0119 ju\u017c dzi\u015b<\/a><\/figcaption><\/figure>\n<\/div>\n\n\n\n<div class=\"wp-block-column is-layout-flow wp-block-column-is-layout-flow\">\n<figure class=\"wp-block-image aligncenter size-full\"><a href=\"https:\/\/www.riwal.com\/pl\/my-riwal-czesci-2\/\"><img loading=\"lazy\" decoding=\"async\" width=\"450\" height=\"230\" src=\"https:\/\/eqsk4m2dkju.exactdn.com\/app\/uploads\/sites\/9\/2024\/01\/teaser-wiedza-doradztwo-serwis_1-1.jpg?strip=all&quality=92&webp=92&avif=80&sharp=1\" alt=\"\" class=\"wp-image-5706\" srcset=\"https:\/\/eqsk4m2dkju.exactdn.com\/app\/uploads\/sites\/9\/2024\/01\/teaser-wiedza-doradztwo-serwis_1-1.jpg?strip=all&amp;quality=92&amp;webp=92&amp;avif=80&amp;sharp=1 450w, https:\/\/eqsk4m2dkju.exactdn.com\/app\/uploads\/sites\/9\/2024\/01\/teaser-wiedza-doradztwo-serwis_1-1-300x153.jpg?strip=all&amp;quality=92&amp;webp=92&amp;avif=80&amp;sharp=1 300w, https:\/\/eqsk4m2dkju.exactdn.com\/app\/uploads\/sites\/9\/2024\/01\/teaser-wiedza-doradztwo-serwis_1-1-178x91.jpg?strip=all&amp;quality=92&amp;webp=92&amp;avif=80&amp;sharp=1 178w, https:\/\/eqsk4m2dkju.exactdn.com\/app\/uploads\/sites\/9\/2024\/01\/teaser-wiedza-doradztwo-serwis_1-1-390x199.jpg?strip=all&amp;quality=92&amp;webp=92&amp;avif=80&amp;sharp=1 390w, https:\/\/eqsk4m2dkju.exactdn.com\/app\/uploads\/sites\/9\/2024\/01\/teaser-wiedza-doradztwo-serwis_1-1-250x128.jpg?strip=all&amp;quality=92&amp;webp=92&amp;avif=80&amp;sharp=1 250w, https:\/\/eqsk4m2dkju.exactdn.com\/app\/uploads\/sites\/9\/2024\/01\/teaser-wiedza-doradztwo-serwis_1-1-237x121.jpg?strip=all&amp;quality=92&amp;webp=92&amp;avif=80&amp;sharp=1 237w, https:\/\/eqsk4m2dkju.exactdn.com\/app\/uploads\/sites\/9\/2024\/01\/teaser-wiedza-doradztwo-serwis_1-1.jpg?strip=all&amp;quality=92&amp;webp=92&amp;avif=80&amp;sharp=1&amp;w=90 90w\" sizes=\"auto, (max-width: 450px) 100vw, 450px\" \/><\/a><figcaption class=\"wp-element-caption\"><a href=\"https:\/\/www.riwal.com\/pl\/my-riwal-czesci-2\/\">Dowiedz si\u0119 wi\u0119cej o My RIwal Cz\u0119\u015bci<\/a><\/figcaption><\/figure>\n\n\n\n<p><\/p>\n<\/div>\n<\/div>\n<\/div>\n\t\t\t\t\t\t\t<\/div> \n\n<div class=\"rental-wp-default-block rental-theme-block-default-margin\">\n\t\t\t\t\t\t\t\t<div class=\"container\">\n<div class=\"wp-block-columns is-layout-flex wp-container-core-columns-is-layout-28f84493 wp-block-columns-is-layout-flex\">\n<div class=\"wp-block-column is-layout-flow wp-block-column-is-layout-flow\">\n<figure class=\"wp-block-image aligncenter size-full is-resized\"><a href=\"https:\/\/www.riwal.com\/pl\/personalne-doradztwo\/\"><img loading=\"lazy\" decoding=\"async\" width=\"450\" height=\"230\" src=\"https:\/\/eqsk4m2dkju.exactdn.com\/app\/uploads\/sites\/9\/2024\/01\/teaser-personal-service-czesci-1.jpg?strip=all&quality=92&webp=92&avif=80&sharp=1\" alt=\"\" class=\"wp-image-5704\" style=\"width:450px;height:auto\" srcset=\"https:\/\/eqsk4m2dkju.exactdn.com\/app\/uploads\/sites\/9\/2024\/01\/teaser-personal-service-czesci-1.jpg?strip=all&amp;quality=92&amp;webp=92&amp;avif=80&amp;sharp=1 450w, https:\/\/eqsk4m2dkju.exactdn.com\/app\/uploads\/sites\/9\/2024\/01\/teaser-personal-service-czesci-1-300x153.jpg?strip=all&amp;quality=92&amp;webp=92&amp;avif=80&amp;sharp=1 300w, https:\/\/eqsk4m2dkju.exactdn.com\/app\/uploads\/sites\/9\/2024\/01\/teaser-personal-service-czesci-1-178x91.jpg?strip=all&amp;quality=92&amp;webp=92&amp;avif=80&amp;sharp=1 178w, https:\/\/eqsk4m2dkju.exactdn.com\/app\/uploads\/sites\/9\/2024\/01\/teaser-personal-service-czesci-1-390x199.jpg?strip=all&amp;quality=92&amp;webp=92&amp;avif=80&amp;sharp=1 390w, https:\/\/eqsk4m2dkju.exactdn.com\/app\/uploads\/sites\/9\/2024\/01\/teaser-personal-service-czesci-1-250x128.jpg?strip=all&amp;quality=92&amp;webp=92&amp;avif=80&amp;sharp=1 250w, https:\/\/eqsk4m2dkju.exactdn.com\/app\/uploads\/sites\/9\/2024\/01\/teaser-personal-service-czesci-1-237x121.jpg?strip=all&amp;quality=92&amp;webp=92&amp;avif=80&amp;sharp=1 237w, https:\/\/eqsk4m2dkju.exactdn.com\/app\/uploads\/sites\/9\/2024\/01\/teaser-personal-service-czesci-1.jpg?strip=all&amp;quality=92&amp;webp=92&amp;avif=80&amp;sharp=1&amp;w=90 90w\" sizes=\"auto, (max-width: 450px) 100vw, 450px\" \/><\/a><figcaption class=\"wp-element-caption\"><a href=\"https:\/\/www.riwal.com\/pl\/personalne-doradztwo\/\">Indywidualne doradztwo<br>Potrzebujesz pomocy w znalezieniu cz\u0119\u015bci?<\/a><\/figcaption><\/figure>\n\n\n\n<p><\/p>\n<\/div>\n\n\n\n<div class=\"wp-block-column is-layout-flow wp-block-column-is-layout-flow\">\n<figure class=\"wp-block-image aligncenter size-full\"><a href=\"https:\/\/www.riwal.com\/pl\/marki\/\"><img loading=\"lazy\" decoding=\"async\" width=\"450\" height=\"230\" src=\"https:\/\/eqsk4m2dkju.exactdn.com\/app\/uploads\/sites\/9\/2024\/01\/teaser-marki-czesci-1.jpg?strip=all&quality=92&webp=92&avif=80&sharp=1\" alt=\"\" class=\"wp-image-5703\" srcset=\"https:\/\/eqsk4m2dkju.exactdn.com\/app\/uploads\/sites\/9\/2024\/01\/teaser-marki-czesci-1.jpg?strip=all&amp;quality=92&amp;webp=92&amp;avif=80&amp;sharp=1 450w, https:\/\/eqsk4m2dkju.exactdn.com\/app\/uploads\/sites\/9\/2024\/01\/teaser-marki-czesci-1-300x153.jpg?strip=all&amp;quality=92&amp;webp=92&amp;avif=80&amp;sharp=1 300w, https:\/\/eqsk4m2dkju.exactdn.com\/app\/uploads\/sites\/9\/2024\/01\/teaser-marki-czesci-1-178x91.jpg?strip=all&amp;quality=92&amp;webp=92&amp;avif=80&amp;sharp=1 178w, https:\/\/eqsk4m2dkju.exactdn.com\/app\/uploads\/sites\/9\/2024\/01\/teaser-marki-czesci-1-390x199.jpg?strip=all&amp;quality=92&amp;webp=92&amp;avif=80&amp;sharp=1 390w, https:\/\/eqsk4m2dkju.exactdn.com\/app\/uploads\/sites\/9\/2024\/01\/teaser-marki-czesci-1-250x128.jpg?strip=all&amp;quality=92&amp;webp=92&amp;avif=80&amp;sharp=1 250w, https:\/\/eqsk4m2dkju.exactdn.com\/app\/uploads\/sites\/9\/2024\/01\/teaser-marki-czesci-1-237x121.jpg?strip=all&amp;quality=92&amp;webp=92&amp;avif=80&amp;sharp=1 237w, https:\/\/eqsk4m2dkju.exactdn.com\/app\/uploads\/sites\/9\/2024\/01\/teaser-marki-czesci-1.jpg?strip=all&amp;quality=92&amp;webp=92&amp;avif=80&amp;sharp=1&amp;w=90 90w\" sizes=\"auto, (max-width: 450px) 100vw, 450px\" \/><\/a><figcaption class=\"wp-element-caption\"><a href=\"https:\/\/www.riwal.com\/pl\/marki\/\">Oryginalne cz\u0119\u015bci zamienne i akcesoria<\/a><\/figcaption><\/figure>\n<\/div>\n<\/div>\n<\/div>\n\t\t\t\t\t\t\t<\/div> ","protected":false},"excerpt":{"rendered":"<p>SKLEP MY RIWAL CZ\u0118\u015aCI Poszukujesz oryginalnych cz\u0119\u015bci do swojego podno\u015bnika, \u0142adowarki teleskopowej&nbsp; czy w\u00f3zka wid\u0142owego? Riwal Cz\u0119\u015bci od lat jest specjalist\u0105 numer jeden w dostarczaniu oryginalnych cz\u0119\u015bci (zamiennych) i akcesori\u00f3w. Szybkie i \u0142atwe zamawianie cz\u0119\u015bci do podno\u015bnik\u00f3w? Mo\u017cesz to zrobi\u0107 z My Riwal Cz\u0119\u015bci! Tw\u00f3j numer jeden spo\u015br\u00f3d internetowych&nbsp; sklep\u00f3w z oryginalnymi cz\u0119\u015bciami i akcesoriami.&nbsp;My &hellip; <a href=\"https:\/\/www.riwal.com\/pl\/o-sklepie-my-riwal-parts\/\">Kontynuuacja<\/a><\/p>\n","protected":false},"author":40,"featured_media":0,"parent":0,"menu_order":0,"comment_status":"closed","ping_status":"closed","template":"","meta":{"_acf_changed":false,"footnotes":""},"class_list":["post-5761","page","type-page","status-publish","hentry"],"acf":[],"yoast_head":"<!-- This site is optimized with the Yoast SEO Premium plugin v27.1 (Yoast SEO v27.1.1) - https:\/\/yoast.com\/product\/yoast-seo-premium-wordpress\/ -->\n<title>O sklepie My Riwal Parts - Riwal - Polska<\/title>\n<meta name=\"robots\" content=\"index, follow, max-snippet:-1, max-image-preview:large, max-video-preview:-1\" \/>\n<link rel=\"canonical\" href=\"https:\/\/www.riwal.com\/pl\/o-sklepie-my-riwal-parts\/\" \/>\n<meta property=\"og:locale\" content=\"pl_PL\" \/>\n<meta property=\"og:type\" content=\"article\" \/>\n<meta property=\"og:title\" content=\"O sklepie My Riwal Parts\" \/>\n<meta property=\"og:description\" content=\"SKLEP MY RIWAL CZ\u0118\u015aCI Poszukujesz oryginalnych cz\u0119\u015bci do swojego podno\u015bnika, \u0142adowarki teleskopowej&nbsp; czy w\u00f3zka wid\u0142owego? Riwal Cz\u0119\u015bci od lat jest specjalist\u0105 numer jeden w dostarczaniu oryginalnych cz\u0119\u015bci (zamiennych) i akcesori\u00f3w. Szybkie i \u0142atwe zamawianie cz\u0119\u015bci do podno\u015bnik\u00f3w? Mo\u017cesz to zrobi\u0107 z My Riwal Cz\u0119\u015bci! Tw\u00f3j numer jeden spo\u015br\u00f3d internetowych&nbsp; sklep\u00f3w z oryginalnymi cz\u0119\u015bciami i akcesoriami.&nbsp;My &hellip; Kontynuuacja\" \/>\n<meta property=\"og:url\" content=\"https:\/\/www.riwal.com\/pl\/o-sklepie-my-riwal-parts\/\" \/>\n<meta property=\"og:site_name\" content=\"Riwal - Polska\" \/>\n<meta property=\"article:modified_time\" content=\"2024-01-26T15:53:24+00:00\" \/>\n<meta property=\"og:image\" content=\"https:\/\/www.riwal.com\/app\/uploads\/sites\/9\/2024\/01\/Zamw-w-3-PROSTYCH-KROKACH-na-My-Riwal-Czci-1-1024x302.jpg\" \/>\n<meta name=\"twitter:card\" content=\"summary_large_image\" \/>\n<meta name=\"twitter:label1\" content=\"Est. reading time\" \/>\n\t<meta name=\"twitter:data1\" content=\"3 minuty\" \/>\n<script type=\"application\/ld+json\" class=\"yoast-schema-graph\">{\"@context\":\"https:\/\/schema.org\",\"@graph\":[{\"@type\":\"WebPage\",\"@id\":\"https:\/\/www.riwal.com\/pl\/o-sklepie-my-riwal-parts\/\",\"url\":\"https:\/\/www.riwal.com\/pl\/o-sklepie-my-riwal-parts\/\",\"name\":\"O sklepie My Riwal Parts - Riwal - Polska\",\"isPartOf\":{\"@id\":\"https:\/\/www.riwal.com\/pl\/#website\"},\"primaryImageOfPage\":{\"@id\":\"https:\/\/www.riwal.com\/pl\/o-sklepie-my-riwal-parts\/#primaryimage\"},\"image\":{\"@id\":\"https:\/\/www.riwal.com\/pl\/o-sklepie-my-riwal-parts\/#primaryimage\"},\"thumbnailUrl\":\"https:\/\/www.riwal.com\/app\/uploads\/sites\/9\/2024\/01\/Zamw-w-3-PROSTYCH-KROKACH-na-My-Riwal-Czci-1-1024x302.jpg\",\"datePublished\":\"2024-01-24T15:25:04+00:00\",\"dateModified\":\"2024-01-26T15:53:24+00:00\",\"breadcrumb\":{\"@id\":\"https:\/\/www.riwal.com\/pl\/o-sklepie-my-riwal-parts\/#breadcrumb\"},\"inLanguage\":\"pl-PL\",\"potentialAction\":[{\"@type\":\"ReadAction\",\"target\":[\"https:\/\/www.riwal.com\/pl\/o-sklepie-my-riwal-parts\/\"]}]},{\"@type\":\"ImageObject\",\"inLanguage\":\"pl-PL\",\"@id\":\"https:\/\/www.riwal.com\/pl\/o-sklepie-my-riwal-parts\/#primaryimage\",\"url\":\"https:\/\/www.riwal.com\/app\/uploads\/sites\/9\/2024\/01\/Zamw-w-3-PROSTYCH-KROKACH-na-My-Riwal-Czci-1-1024x302.jpg\",\"contentUrl\":\"https:\/\/www.riwal.com\/app\/uploads\/sites\/9\/2024\/01\/Zamw-w-3-PROSTYCH-KROKACH-na-My-Riwal-Czci-1-1024x302.jpg\"},{\"@type\":\"BreadcrumbList\",\"@id\":\"https:\/\/www.riwal.com\/pl\/o-sklepie-my-riwal-parts\/#breadcrumb\",\"itemListElement\":[{\"@type\":\"ListItem\",\"position\":1,\"name\":\"Strona g\u0142\u00f3wna\",\"item\":\"https:\/\/www.riwal.com\/pl\/\"},{\"@type\":\"ListItem\",\"position\":2,\"name\":\"O sklepie My Riwal Parts\"}]},{\"@type\":\"WebSite\",\"@id\":\"https:\/\/www.riwal.com\/pl\/#website\",\"url\":\"https:\/\/www.riwal.com\/pl\/\",\"name\":\"Riwal\",\"description\":\"Arial work platform &amp; Telehandler Rental\/Sales\",\"publisher\":{\"@id\":\"https:\/\/www.riwal.com\/pl\/#organization\"},\"potentialAction\":[{\"@type\":\"SearchAction\",\"target\":{\"@type\":\"EntryPoint\",\"urlTemplate\":\"https:\/\/www.riwal.com\/pl\/?s={search_term_string}\"},\"query-input\":{\"@type\":\"PropertyValueSpecification\",\"valueRequired\":true,\"valueName\":\"search_term_string\"}}],\"inLanguage\":\"pl-PL\"},{\"@type\":\"Organization\",\"@id\":\"https:\/\/www.riwal.com\/pl\/#organization\",\"name\":\"Riwal\",\"url\":\"https:\/\/www.riwal.com\/pl\/\",\"logo\":{\"@type\":\"ImageObject\",\"inLanguage\":\"pl-PL\",\"@id\":\"https:\/\/www.riwal.com\/pl\/#\/schema\/logo\/image\/\",\"url\":\"\",\"contentUrl\":\"\",\"caption\":\"Riwal\"},\"image\":{\"@id\":\"https:\/\/www.riwal.com\/pl\/#\/schema\/logo\/image\/\"}}]}<\/script>\n<!-- \/ Yoast SEO Premium plugin. -->","yoast_head_json":{"title":"O sklepie My Riwal Parts - Riwal - Polska","robots":{"index":"index","follow":"follow","max-snippet":"max-snippet:-1","max-image-preview":"max-image-preview:large","max-video-preview":"max-video-preview:-1"},"canonical":"https:\/\/www.riwal.com\/pl\/o-sklepie-my-riwal-parts\/","og_locale":"pl_PL","og_type":"article","og_title":"O sklepie My Riwal Parts","og_description":"SKLEP MY RIWAL CZ\u0118\u015aCI Poszukujesz oryginalnych cz\u0119\u015bci do swojego podno\u015bnika, \u0142adowarki teleskopowej&nbsp; czy w\u00f3zka wid\u0142owego? Riwal Cz\u0119\u015bci od lat jest specjalist\u0105 numer jeden w dostarczaniu oryginalnych cz\u0119\u015bci (zamiennych) i akcesori\u00f3w. Szybkie i \u0142atwe zamawianie cz\u0119\u015bci do podno\u015bnik\u00f3w? Mo\u017cesz to zrobi\u0107 z My Riwal Cz\u0119\u015bci! Tw\u00f3j numer jeden spo\u015br\u00f3d internetowych&nbsp; sklep\u00f3w z oryginalnymi cz\u0119\u015bciami i akcesoriami.&nbsp;My &hellip; Kontynuuacja","og_url":"https:\/\/www.riwal.com\/pl\/o-sklepie-my-riwal-parts\/","og_site_name":"Riwal - Polska","article_modified_time":"2024-01-26T15:53:24+00:00","og_image":[{"url":"https:\/\/www.riwal.com\/app\/uploads\/sites\/9\/2024\/01\/Zamw-w-3-PROSTYCH-KROKACH-na-My-Riwal-Czci-1-1024x302.jpg","type":"","width":"","height":""}],"twitter_card":"summary_large_image","twitter_misc":{"Est. reading time":"3 minuty"},"schema":{"@context":"https:\/\/schema.org","@graph":[{"@type":"WebPage","@id":"https:\/\/www.riwal.com\/pl\/o-sklepie-my-riwal-parts\/","url":"https:\/\/www.riwal.com\/pl\/o-sklepie-my-riwal-parts\/","name":"O sklepie My Riwal Parts - Riwal - Polska","isPartOf":{"@id":"https:\/\/www.riwal.com\/pl\/#website"},"primaryImageOfPage":{"@id":"https:\/\/www.riwal.com\/pl\/o-sklepie-my-riwal-parts\/#primaryimage"},"image":{"@id":"https:\/\/www.riwal.com\/pl\/o-sklepie-my-riwal-parts\/#primaryimage"},"thumbnailUrl":"https:\/\/www.riwal.com\/app\/uploads\/sites\/9\/2024\/01\/Zamw-w-3-PROSTYCH-KROKACH-na-My-Riwal-Czci-1-1024x302.jpg","datePublished":"2024-01-24T15:25:04+00:00","dateModified":"2024-01-26T15:53:24+00:00","breadcrumb":{"@id":"https:\/\/www.riwal.com\/pl\/o-sklepie-my-riwal-parts\/#breadcrumb"},"inLanguage":"pl-PL","potentialAction":[{"@type":"ReadAction","target":["https:\/\/www.riwal.com\/pl\/o-sklepie-my-riwal-parts\/"]}]},{"@type":"ImageObject","inLanguage":"pl-PL","@id":"https:\/\/www.riwal.com\/pl\/o-sklepie-my-riwal-parts\/#primaryimage","url":"https:\/\/www.riwal.com\/app\/uploads\/sites\/9\/2024\/01\/Zamw-w-3-PROSTYCH-KROKACH-na-My-Riwal-Czci-1-1024x302.jpg","contentUrl":"https:\/\/www.riwal.com\/app\/uploads\/sites\/9\/2024\/01\/Zamw-w-3-PROSTYCH-KROKACH-na-My-Riwal-Czci-1-1024x302.jpg"},{"@type":"BreadcrumbList","@id":"https:\/\/www.riwal.com\/pl\/o-sklepie-my-riwal-parts\/#breadcrumb","itemListElement":[{"@type":"ListItem","position":1,"name":"Strona g\u0142\u00f3wna","item":"https:\/\/www.riwal.com\/pl\/"},{"@type":"ListItem","position":2,"name":"O sklepie My Riwal Parts"}]},{"@type":"WebSite","@id":"https:\/\/www.riwal.com\/pl\/#website","url":"https:\/\/www.riwal.com\/pl\/","name":"Riwal","description":"Arial work platform &amp; Telehandler Rental\/Sales","publisher":{"@id":"https:\/\/www.riwal.com\/pl\/#organization"},"potentialAction":[{"@type":"SearchAction","target":{"@type":"EntryPoint","urlTemplate":"https:\/\/www.riwal.com\/pl\/?s={search_term_string}"},"query-input":{"@type":"PropertyValueSpecification","valueRequired":true,"valueName":"search_term_string"}}],"inLanguage":"pl-PL"},{"@type":"Organization","@id":"https:\/\/www.riwal.com\/pl\/#organization","name":"Riwal","url":"https:\/\/www.riwal.com\/pl\/","logo":{"@type":"ImageObject","inLanguage":"pl-PL","@id":"https:\/\/www.riwal.com\/pl\/#\/schema\/logo\/image\/","url":"","contentUrl":"","caption":"Riwal"},"image":{"@id":"https:\/\/www.riwal.com\/pl\/#\/schema\/logo\/image\/"}}]}},"_links":{"self":[{"href":"https:\/\/www.riwal.com\/pl\/wp-json\/wp\/v2\/pages\/5761","targetHints":{"allow":["GET"]}}],"collection":[{"href":"https:\/\/www.riwal.com\/pl\/wp-json\/wp\/v2\/pages"}],"about":[{"href":"https:\/\/www.riwal.com\/pl\/wp-json\/wp\/v2\/types\/page"}],"author":[{"embeddable":true,"href":"https:\/\/www.riwal.com\/pl\/wp-json\/wp\/v2\/users\/40"}],"replies":[{"embeddable":true,"href":"https:\/\/www.riwal.com\/pl\/wp-json\/wp\/v2\/comments?post=5761"}],"version-history":[{"count":6,"href":"https:\/\/www.riwal.com\/pl\/wp-json\/wp\/v2\/pages\/5761\/revisions"}],"predecessor-version":[{"id":5898,"href":"https:\/\/www.riwal.com\/pl\/wp-json\/wp\/v2\/pages\/5761\/revisions\/5898"}],"wp:attachment":[{"href":"https:\/\/www.riwal.com\/pl\/wp-json\/wp\/v2\/media?parent=5761"}],"curies":[{"name":"wp","href":"https:\/\/api.w.org\/{rel}","templated":true}]}}