{"id":5635,"date":"2024-01-23T15:27:46","date_gmt":"2024-01-23T15:27:46","guid":{"rendered":"https:\/\/www.riwal.com\/pl\/?page_id=5635"},"modified":"2025-06-10T11:01:03","modified_gmt":"2025-06-10T09:01:03","slug":"czesci","status":"publish","type":"page","link":"https:\/\/www.riwal.com\/pl\/czesci\/","title":{"rendered":"Cz\u0119\u015bci"},"content":{"rendered":"<div class=\"container\">\n<h1 class=\"wp-block-heading\" id=\"h-czesci-do-ladowarek-czesci-do-podnosnikow-koszowych\">Cz\u0119\u015bci do \u0142adowarek, cz\u0119\u015bci do podno\u015bnik\u00f3w koszowych<\/h1>\n<\/div>\n\n<div class=\"container\">\n<p>Poszukujesz oryginalnych cz\u0119\u015bci do swojego podno\u015bnika,&nbsp;\u0142adowarki teleskopowej&nbsp;czy&nbsp;w\u00f3zka wid\u0142owego?&nbsp;<strong>Riwal Cz\u0119\u015bci<\/strong>&nbsp;od lat jest specjalist\u0105 numer jeden w dostarczaniu&nbsp;<strong>oryginalnych cz\u0119\u015bci<\/strong>&nbsp;(zamiennych) i&nbsp;<strong>akcesori\u00f3w<\/strong>.<\/p>\n<\/div>\n\n<div class=\"container\">\n<p>Dzi\u0119ki naszemu wieloletniemu do\u015bwiadczeniu, mo\u017cemy kontynuowa\u0107 \u015bwiadczenie us\u0142ug wsz\u0119dzie tam, gdzie inni si\u0119 zatrzymuj\u0105. Oczekujesz oryginalnych i dobrych cz\u0119\u015bci, wi\u0119c dlaczego mia\u0142by\u015b oczekiwa\u0107 mniej od naszego serwisu? Dysponuj\u0105c zespo\u0142em zmotywowanych, posiadaj\u0105cych obszern\u0105 wiedz\u0119 i ogrom do\u015bwiadczenia os\u00f3b w naszym zespole, mo\u017cemy szybko&nbsp;pom\u00f3c w znalezieniu w\u0142a\u015bciwego dla Ciebie rozwi\u0105zania.<br><strong>Wsp\u00f3\u0142praca, niezawodno\u015b\u0107 i profesjonalna pomoc s\u0105 naszym g\u0142\u00f3wnym celem i priorytetem.<\/strong><\/p>\n<\/div>\n\n<div class=\"container\">\n<p>Dostarczamy cz\u0119\u015bci dla nast\u0119puj\u0105cych marek: JLG, Genie, Skyjack, Haulotte, Holland Lift, Snorkel, Teupen, MEC, Upright, Iteco, Deutz i Perkins.<\/p>\n<\/div>\n\n<div class=\"container\">\n<p><strong>Riwal Cz\u0119\u015bci gwarantuje:<\/strong><\/p>\n<\/div>\n\n<div class=\"container\">\n<figure class=\"wp-block-image aligncenter size-full\"><img loading=\"lazy\" decoding=\"async\" width=\"680\" height=\"225\" src=\"https:\/\/eqsk4m2dkju.exactdn.com\/app\/uploads\/sites\/9\/2024\/01\/Wiedza-Umiejetnosci-i-doradztwo.png?strip=all&quality=92&webp=92&avif=80&sharp=1\" alt=\"\" class=\"wp-image-5662\" srcset=\"https:\/\/eqsk4m2dkju.exactdn.com\/app\/uploads\/sites\/9\/2024\/01\/Wiedza-Umiejetnosci-i-doradztwo.png?strip=all&amp;quality=92&amp;webp=92&amp;avif=80&amp;sharp=1 680w, https:\/\/eqsk4m2dkju.exactdn.com\/app\/uploads\/sites\/9\/2024\/01\/Wiedza-Umiejetnosci-i-doradztwo-300x99.png?strip=all&amp;quality=92&amp;webp=92&amp;avif=80&amp;sharp=1 300w, https:\/\/eqsk4m2dkju.exactdn.com\/app\/uploads\/sites\/9\/2024\/01\/Wiedza-Umiejetnosci-i-doradztwo-178x59.png?strip=all&amp;quality=92&amp;webp=92&amp;avif=80&amp;sharp=1 178w, https:\/\/eqsk4m2dkju.exactdn.com\/app\/uploads\/sites\/9\/2024\/01\/Wiedza-Umiejetnosci-i-doradztwo-390x129.png?strip=all&amp;quality=92&amp;webp=92&amp;avif=80&amp;sharp=1 390w, https:\/\/eqsk4m2dkju.exactdn.com\/app\/uploads\/sites\/9\/2024\/01\/Wiedza-Umiejetnosci-i-doradztwo-250x83.png?strip=all&amp;quality=92&amp;webp=92&amp;avif=80&amp;sharp=1 250w, https:\/\/eqsk4m2dkju.exactdn.com\/app\/uploads\/sites\/9\/2024\/01\/Wiedza-Umiejetnosci-i-doradztwo-620x205.png?strip=all&amp;quality=92&amp;webp=92&amp;avif=80&amp;sharp=1 620w, https:\/\/eqsk4m2dkju.exactdn.com\/app\/uploads\/sites\/9\/2024\/01\/Wiedza-Umiejetnosci-i-doradztwo-237x78.png?strip=all&amp;quality=92&amp;webp=92&amp;avif=80&amp;sharp=1 237w, https:\/\/eqsk4m2dkju.exactdn.com\/app\/uploads\/sites\/9\/2024\/01\/Wiedza-Umiejetnosci-i-doradztwo-474x157.png?strip=all&amp;quality=92&amp;webp=92&amp;avif=80&amp;sharp=1 474w, https:\/\/eqsk4m2dkju.exactdn.com\/app\/uploads\/sites\/9\/2024\/01\/Wiedza-Umiejetnosci-i-doradztwo.png?strip=all&amp;quality=92&amp;webp=92&amp;avif=80&amp;sharp=1&amp;w=544 544w\" sizes=\"auto, (max-width: 680px) 100vw, 680px\" \/><\/figure>\n<\/div>\n\n<div class=\"container\">\n<p>Wszystkie cz\u0119\u015bci do podno\u015bnik\u00f3w koszowych, wysi\u0119gnik\u00f3w AWP i podno\u015bnik\u00f3w no\u017cycowych mo\u017cna znale\u017a\u0107 w sklepie internetowym. Cz\u0119\u015bci zamienne do podno\u015bnik\u00f3w koszowych w sklepie internetowym pochodz\u0105 od&nbsp;<strong>JLG<\/strong>,&nbsp;<strong>Genie<\/strong>&nbsp;i&nbsp;<strong>Skyjack<\/strong>. Opr\u00f3cz cz\u0119\u015bci tych marek mo\u017cemy r\u00f3wnie\u017c dostarczy\u0107 cz\u0119\u015bci zamienne do:&nbsp;<strong>Haulotte<\/strong>,&nbsp;<strong>Holland Lift<\/strong>,&nbsp;<strong>Snorkel<\/strong>,&nbsp;<strong>Teupen<\/strong>,&nbsp;<strong>MEC<\/strong>,&nbsp;<strong>Upright<\/strong>,&nbsp;<strong>Iteco<\/strong>,&nbsp;<strong>Deutz<\/strong>&nbsp;i&nbsp;<strong>Perkins<\/strong>. Mo\u017cemy r\u00f3wnie\u017c dostarczy\u0107 cz\u0119\u015bci do podno\u015bnik\u00f3w koszowych, w\u00f3zk\u00f3w wid\u0142owych i cz\u0119\u015bci do \u0142adowarek niemal ka\u017cdej innej marki.<br>Nie znalaz\u0142e\u015b cz\u0119\u015bci zamiennej do podno\u015bnika koszowego, w\u00f3zka wid\u0142owego lub \u0142adowarki teleskopowej? Skontaktuj si\u0119 z nami, a z przyjemno\u015bci\u0105 pomo\u017cemy Ci znale\u017a\u0107 cz\u0119\u015b\u0107, kt\u00f3rej szukasz.<\/p>\n<\/div>\n\n<div class=\"rental-wp-default-block rental-theme-block-default-margin\">\n\t\t\t\t\t\t\t\t<div class=\"container\">\n<div class=\"wp-block-columns is-layout-flex wp-container-core-columns-is-layout-28f84493 wp-block-columns-is-layout-flex\">\n<div class=\"wp-block-column is-layout-flow wp-block-column-is-layout-flow\">\n<figure class=\"wp-block-image aligncenter size-full is-resized\"><a href=\"https:\/\/www.myriwalparts.com\/riwalstore\/#\/user\/login\"><img loading=\"lazy\" decoding=\"async\" width=\"450\" height=\"230\" src=\"https:\/\/eqsk4m2dkju.exactdn.com\/app\/uploads\/sites\/9\/2024\/01\/my-riwal-parts-sklep-internetowy.png?strip=all&quality=92&webp=92&avif=80&sharp=1\" alt=\"\" class=\"wp-image-5724\" style=\"width:339px;height:auto\" srcset=\"https:\/\/eqsk4m2dkju.exactdn.com\/app\/uploads\/sites\/9\/2024\/01\/my-riwal-parts-sklep-internetowy.png?strip=all&amp;quality=92&amp;webp=92&amp;avif=80&amp;sharp=1 450w, https:\/\/eqsk4m2dkju.exactdn.com\/app\/uploads\/sites\/9\/2024\/01\/my-riwal-parts-sklep-internetowy-300x153.png?strip=all&amp;quality=92&amp;webp=92&amp;avif=80&amp;sharp=1 300w, https:\/\/eqsk4m2dkju.exactdn.com\/app\/uploads\/sites\/9\/2024\/01\/my-riwal-parts-sklep-internetowy-178x91.png?strip=all&amp;quality=92&amp;webp=92&amp;avif=80&amp;sharp=1 178w, https:\/\/eqsk4m2dkju.exactdn.com\/app\/uploads\/sites\/9\/2024\/01\/my-riwal-parts-sklep-internetowy-390x199.png?strip=all&amp;quality=92&amp;webp=92&amp;avif=80&amp;sharp=1 390w, https:\/\/eqsk4m2dkju.exactdn.com\/app\/uploads\/sites\/9\/2024\/01\/my-riwal-parts-sklep-internetowy-250x128.png?strip=all&amp;quality=92&amp;webp=92&amp;avif=80&amp;sharp=1 250w, https:\/\/eqsk4m2dkju.exactdn.com\/app\/uploads\/sites\/9\/2024\/01\/my-riwal-parts-sklep-internetowy-237x121.png?strip=all&amp;quality=92&amp;webp=92&amp;avif=80&amp;sharp=1 237w, https:\/\/eqsk4m2dkju.exactdn.com\/app\/uploads\/sites\/9\/2024\/01\/my-riwal-parts-sklep-internetowy.png?strip=all&amp;quality=92&amp;webp=92&amp;avif=80&amp;sharp=1&amp;w=90 90w\" sizes=\"auto, (max-width: 450px) 100vw, 450px\" \/><\/a><figcaption class=\"wp-element-caption\"><strong><a href=\"https:\/\/www.myriwalparts.com\/riwalstore\/#\/user\/login\">My Riwal Parts<br>Sklep do zamawiania cz\u0119\u015bci<\/a><\/strong><\/figcaption><\/figure>\n<\/div>\n\n\n\n<div class=\"wp-block-column is-layout-flow wp-block-column-is-layout-flow\">\n<figure class=\"wp-block-image aligncenter size-full is-resized\"><a href=\"https:\/\/www.riwal.com\/pl\/my-riwal-czesci-2\/\"><img loading=\"lazy\" decoding=\"async\" width=\"450\" height=\"230\" src=\"https:\/\/eqsk4m2dkju.exactdn.com\/app\/uploads\/sites\/9\/2024\/01\/teaser-wiedza-doradztwo-serwis_1-1.jpg?strip=all&quality=92&webp=92&avif=80&sharp=1\" alt=\"\" class=\"wp-image-5706\" style=\"width:338px;height:auto\" srcset=\"https:\/\/eqsk4m2dkju.exactdn.com\/app\/uploads\/sites\/9\/2024\/01\/teaser-wiedza-doradztwo-serwis_1-1.jpg?strip=all&amp;quality=92&amp;webp=92&amp;avif=80&amp;sharp=1 450w, https:\/\/eqsk4m2dkju.exactdn.com\/app\/uploads\/sites\/9\/2024\/01\/teaser-wiedza-doradztwo-serwis_1-1-300x153.jpg?strip=all&amp;quality=92&amp;webp=92&amp;avif=80&amp;sharp=1 300w, https:\/\/eqsk4m2dkju.exactdn.com\/app\/uploads\/sites\/9\/2024\/01\/teaser-wiedza-doradztwo-serwis_1-1-178x91.jpg?strip=all&amp;quality=92&amp;webp=92&amp;avif=80&amp;sharp=1 178w, https:\/\/eqsk4m2dkju.exactdn.com\/app\/uploads\/sites\/9\/2024\/01\/teaser-wiedza-doradztwo-serwis_1-1-390x199.jpg?strip=all&amp;quality=92&amp;webp=92&amp;avif=80&amp;sharp=1 390w, https:\/\/eqsk4m2dkju.exactdn.com\/app\/uploads\/sites\/9\/2024\/01\/teaser-wiedza-doradztwo-serwis_1-1-250x128.jpg?strip=all&amp;quality=92&amp;webp=92&amp;avif=80&amp;sharp=1 250w, https:\/\/eqsk4m2dkju.exactdn.com\/app\/uploads\/sites\/9\/2024\/01\/teaser-wiedza-doradztwo-serwis_1-1-237x121.jpg?strip=all&amp;quality=92&amp;webp=92&amp;avif=80&amp;sharp=1 237w, https:\/\/eqsk4m2dkju.exactdn.com\/app\/uploads\/sites\/9\/2024\/01\/teaser-wiedza-doradztwo-serwis_1-1.jpg?strip=all&amp;quality=92&amp;webp=92&amp;avif=80&amp;sharp=1&amp;w=90 90w\" sizes=\"auto, (max-width: 450px) 100vw, 450px\" \/><\/a><figcaption class=\"wp-element-caption\"><strong><a href=\"https:\/\/www.riwal.com\/pl\/my-riwal-czesci-2\/\">Dowiedz si\u0119 wi\u0119cej o My Riwal Cz\u0119\u015bci<\/a><\/strong><\/figcaption><\/figure>\n<\/div>\n\n\n\n<div class=\"wp-block-column is-layout-flow wp-block-column-is-layout-flow\">\n<figure class=\"wp-block-image aligncenter size-full is-resized\"><img loading=\"lazy\" decoding=\"async\" width=\"450\" height=\"230\" src=\"https:\/\/eqsk4m2dkju.exactdn.com\/app\/uploads\/sites\/9\/2024\/01\/zarejestruj-si-1.jpg?strip=all&quality=92&webp=92&avif=80&sharp=1\" alt=\"\" class=\"wp-image-5708\" style=\"width:338px;height:auto\" srcset=\"https:\/\/eqsk4m2dkju.exactdn.com\/app\/uploads\/sites\/9\/2024\/01\/zarejestruj-si-1.jpg?strip=all&amp;quality=92&amp;webp=92&amp;avif=80&amp;sharp=1 450w, https:\/\/eqsk4m2dkju.exactdn.com\/app\/uploads\/sites\/9\/2024\/01\/zarejestruj-si-1-300x153.jpg?strip=all&amp;quality=92&amp;webp=92&amp;avif=80&amp;sharp=1 300w, https:\/\/eqsk4m2dkju.exactdn.com\/app\/uploads\/sites\/9\/2024\/01\/zarejestruj-si-1-178x91.jpg?strip=all&amp;quality=92&amp;webp=92&amp;avif=80&amp;sharp=1 178w, https:\/\/eqsk4m2dkju.exactdn.com\/app\/uploads\/sites\/9\/2024\/01\/zarejestruj-si-1-390x199.jpg?strip=all&amp;quality=92&amp;webp=92&amp;avif=80&amp;sharp=1 390w, https:\/\/eqsk4m2dkju.exactdn.com\/app\/uploads\/sites\/9\/2024\/01\/zarejestruj-si-1-250x128.jpg?strip=all&amp;quality=92&amp;webp=92&amp;avif=80&amp;sharp=1 250w, https:\/\/eqsk4m2dkju.exactdn.com\/app\/uploads\/sites\/9\/2024\/01\/zarejestruj-si-1-237x121.jpg?strip=all&amp;quality=92&amp;webp=92&amp;avif=80&amp;sharp=1 237w, https:\/\/eqsk4m2dkju.exactdn.com\/app\/uploads\/sites\/9\/2024\/01\/zarejestruj-si-1.jpg?strip=all&amp;quality=92&amp;webp=92&amp;avif=80&amp;sharp=1&amp;w=90 90w\" sizes=\"auto, (max-width: 450px) 100vw, 450px\" \/><figcaption class=\"wp-element-caption\"><strong><a href=\"https:\/\/www.myriwalparts.com\/riwalstore\/#\/user\/register\">Za\u0142\u00f3\u017c bezp\u0142atne konto<br>Zarejestruj si\u0119 ju\u017c dzi\u015b!<\/a><\/strong><\/figcaption><\/figure>\n<\/div>\n<\/div>\n<\/div>\n\t\t\t\t\t\t\t<\/div> \n\n<div class=\"container\">\n<p><\/p>\n<\/div>\n\n<div class=\"container\">\n<h4 class=\"wp-block-heading\" id=\"h-twoja-ladowarka-teleskopowa-lub-podnosnik-potrzebuja-czesci-zamiennych\"><strong>Twoja \u0142adowarka teleskopowa lub podno\u015bnik potrzebuj\u0105 cz\u0119\u015bci zamiennych?<\/strong><\/h4>\n<\/div>\n\n<div class=\"container\">\n<p>Z ch\u0119ci\u0105 pomo\u017cemy Ci w odpowiednim wyborze. Skontaktuj si\u0119 z nami pod numerem\u00a0<strong><a href=\"tel:0048508412157\">+48 508 412 157<\/a>, <a href=\"tel:0048781800244\">+48 781 800 244<\/a><\/strong> lub\u00a0<a href=\"tel:0048781800162\">+<strong>48 781 800 162<\/strong><\/a>.<\/p>\n<\/div>\n\n<div class=\"container\">\n<p>Mo\u017cesz te\u017c napisa\u0107 do nas \u2013 po otrzymaniu wiadomo\u015bci natychmiast zajmiemy si\u0119 Twoim zapytaniem.<\/p>\n<\/div>\n\n<div class=\"rental-wp-default-block rental-theme-block-default-margin\">\n\t\t\t\t\t\t\t\t<div class=\"container\">\n<div class=\"wp-block-buttons is-content-justification-right is-layout-flex wp-container-core-buttons-is-layout-d445cf74 wp-block-buttons-is-layout-flex\">\n<div class=\"wp-block-button\"><a class=\"wp-block-button__link wp-element-button\" href=\"mailto:czesci@riwal.com\">Napisz e-mail <\/a><\/div>\n<\/div>\n<\/div>\n\t\t\t\t\t\t\t<\/div> \n\n<div class=\"container\">\n<p><\/p>\n<\/div>","protected":false},"excerpt":{"rendered":"<p>Cz\u0119\u015bci do \u0142adowarek, cz\u0119\u015bci do podno\u015bnik\u00f3w koszowych Poszukujesz oryginalnych cz\u0119\u015bci do swojego podno\u015bnika,&nbsp;\u0142adowarki teleskopowej&nbsp;czy&nbsp;w\u00f3zka wid\u0142owego?&nbsp;Riwal Cz\u0119\u015bci&nbsp;od lat jest specjalist\u0105 numer jeden w dostarczaniu&nbsp;oryginalnych cz\u0119\u015bci&nbsp;(zamiennych) i&nbsp;akcesori\u00f3w. Dzi\u0119ki naszemu wieloletniemu do\u015bwiadczeniu, mo\u017cemy kontynuowa\u0107 \u015bwiadczenie us\u0142ug wsz\u0119dzie tam, gdzie inni si\u0119 zatrzymuj\u0105. Oczekujesz oryginalnych i dobrych cz\u0119\u015bci, wi\u0119c dlaczego mia\u0142by\u015b oczekiwa\u0107 mniej od naszego serwisu? Dysponuj\u0105c zespo\u0142em zmotywowanych, &hellip; <a href=\"https:\/\/www.riwal.com\/pl\/czesci\/\">Kontynuuacja<\/a><\/p>\n","protected":false},"author":40,"featured_media":0,"parent":0,"menu_order":0,"comment_status":"closed","ping_status":"closed","template":"","meta":{"_acf_changed":false,"footnotes":""},"class_list":["post-5635","page","type-page","status-publish","hentry"],"acf":[],"yoast_head":"<!-- This site is optimized with the Yoast SEO Premium plugin v27.1 (Yoast SEO v27.1.1) - https:\/\/yoast.com\/product\/yoast-seo-premium-wordpress\/ -->\n<title>Cz\u0119\u015bci do \u0142adowarek, cz\u0119\u015bci do podno\u015bnik\u00f3w koszowych i no\u017cycowych | Riwal<\/title>\n<meta name=\"robots\" content=\"index, follow, max-snippet:-1, max-image-preview:large, max-video-preview:-1\" \/>\n<link rel=\"canonical\" href=\"https:\/\/www.riwal.com\/pl\/czesci\/\" \/>\n<meta property=\"og:locale\" content=\"pl_PL\" \/>\n<meta property=\"og:type\" content=\"article\" \/>\n<meta property=\"og:title\" content=\"Cz\u0119\u015bci\" \/>\n<meta property=\"og:description\" content=\"Cz\u0119\u015bci do \u0142adowarek, cz\u0119\u015bci do podno\u015bnik\u00f3w koszowych Poszukujesz oryginalnych cz\u0119\u015bci do swojego podno\u015bnika,&nbsp;\u0142adowarki teleskopowej&nbsp;czy&nbsp;w\u00f3zka wid\u0142owego?&nbsp;Riwal Cz\u0119\u015bci&nbsp;od lat jest specjalist\u0105 numer jeden w dostarczaniu&nbsp;oryginalnych cz\u0119\u015bci&nbsp;(zamiennych) i&nbsp;akcesori\u00f3w. Dzi\u0119ki naszemu wieloletniemu do\u015bwiadczeniu, mo\u017cemy kontynuowa\u0107 \u015bwiadczenie us\u0142ug wsz\u0119dzie tam, gdzie inni si\u0119 zatrzymuj\u0105. Oczekujesz oryginalnych i dobrych cz\u0119\u015bci, wi\u0119c dlaczego mia\u0142by\u015b oczekiwa\u0107 mniej od naszego serwisu? Dysponuj\u0105c zespo\u0142em zmotywowanych, &hellip; Kontynuuacja\" \/>\n<meta property=\"og:url\" content=\"https:\/\/www.riwal.com\/pl\/czesci\/\" \/>\n<meta property=\"og:site_name\" content=\"Riwal - Polska\" \/>\n<meta property=\"article:modified_time\" content=\"2025-06-10T09:01:03+00:00\" \/>\n<meta property=\"og:image\" content=\"https:\/\/www.riwal.com\/app\/uploads\/sites\/9\/2024\/01\/Wiedza-Umiejetnosci-i-doradztwo.png\" \/>\n<meta name=\"twitter:card\" content=\"summary_large_image\" \/>\n<meta name=\"twitter:label1\" content=\"Est. reading time\" \/>\n\t<meta name=\"twitter:data1\" content=\"3 minuty\" \/>\n<script type=\"application\/ld+json\" class=\"yoast-schema-graph\">{\"@context\":\"https:\/\/schema.org\",\"@graph\":[{\"@type\":\"WebPage\",\"@id\":\"https:\/\/www.riwal.com\/pl\/czesci\/\",\"url\":\"https:\/\/www.riwal.com\/pl\/czesci\/\",\"name\":\"Cz\u0119\u015bci do \u0142adowarek, cz\u0119\u015bci do podno\u015bnik\u00f3w koszowych i no\u017cycowych | Riwal\",\"isPartOf\":{\"@id\":\"https:\/\/www.riwal.com\/pl\/#website\"},\"primaryImageOfPage\":{\"@id\":\"https:\/\/www.riwal.com\/pl\/czesci\/#primaryimage\"},\"image\":{\"@id\":\"https:\/\/www.riwal.com\/pl\/czesci\/#primaryimage\"},\"thumbnailUrl\":\"https:\/\/www.riwal.com\/app\/uploads\/sites\/9\/2024\/01\/Wiedza-Umiejetnosci-i-doradztwo.png\",\"datePublished\":\"2024-01-23T15:27:46+00:00\",\"dateModified\":\"2025-06-10T09:01:03+00:00\",\"breadcrumb\":{\"@id\":\"https:\/\/www.riwal.com\/pl\/czesci\/#breadcrumb\"},\"inLanguage\":\"pl-PL\",\"potentialAction\":[{\"@type\":\"ReadAction\",\"target\":[\"https:\/\/www.riwal.com\/pl\/czesci\/\"]}]},{\"@type\":\"ImageObject\",\"inLanguage\":\"pl-PL\",\"@id\":\"https:\/\/www.riwal.com\/pl\/czesci\/#primaryimage\",\"url\":\"https:\/\/www.riwal.com\/app\/uploads\/sites\/9\/2024\/01\/Wiedza-Umiejetnosci-i-doradztwo.png\",\"contentUrl\":\"https:\/\/www.riwal.com\/app\/uploads\/sites\/9\/2024\/01\/Wiedza-Umiejetnosci-i-doradztwo.png\"},{\"@type\":\"BreadcrumbList\",\"@id\":\"https:\/\/www.riwal.com\/pl\/czesci\/#breadcrumb\",\"itemListElement\":[{\"@type\":\"ListItem\",\"position\":1,\"name\":\"Strona g\u0142\u00f3wna\",\"item\":\"https:\/\/www.riwal.com\/pl\/\"},{\"@type\":\"ListItem\",\"position\":2,\"name\":\"Cz\u0119\u015bci\"}]},{\"@type\":\"WebSite\",\"@id\":\"https:\/\/www.riwal.com\/pl\/#website\",\"url\":\"https:\/\/www.riwal.com\/pl\/\",\"name\":\"Riwal\",\"description\":\"Arial work platform &amp; Telehandler Rental\/Sales\",\"publisher\":{\"@id\":\"https:\/\/www.riwal.com\/pl\/#organization\"},\"potentialAction\":[{\"@type\":\"SearchAction\",\"target\":{\"@type\":\"EntryPoint\",\"urlTemplate\":\"https:\/\/www.riwal.com\/pl\/?s={search_term_string}\"},\"query-input\":{\"@type\":\"PropertyValueSpecification\",\"valueRequired\":true,\"valueName\":\"search_term_string\"}}],\"inLanguage\":\"pl-PL\"},{\"@type\":\"Organization\",\"@id\":\"https:\/\/www.riwal.com\/pl\/#organization\",\"name\":\"Riwal\",\"url\":\"https:\/\/www.riwal.com\/pl\/\",\"logo\":{\"@type\":\"ImageObject\",\"inLanguage\":\"pl-PL\",\"@id\":\"https:\/\/www.riwal.com\/pl\/#\/schema\/logo\/image\/\",\"url\":\"\",\"contentUrl\":\"\",\"caption\":\"Riwal\"},\"image\":{\"@id\":\"https:\/\/www.riwal.com\/pl\/#\/schema\/logo\/image\/\"}}]}<\/script>\n<!-- \/ Yoast SEO Premium plugin. -->","yoast_head_json":{"title":"Cz\u0119\u015bci do \u0142adowarek, cz\u0119\u015bci do podno\u015bnik\u00f3w koszowych i no\u017cycowych | Riwal","robots":{"index":"index","follow":"follow","max-snippet":"max-snippet:-1","max-image-preview":"max-image-preview:large","max-video-preview":"max-video-preview:-1"},"canonical":"https:\/\/www.riwal.com\/pl\/czesci\/","og_locale":"pl_PL","og_type":"article","og_title":"Cz\u0119\u015bci","og_description":"Cz\u0119\u015bci do \u0142adowarek, cz\u0119\u015bci do podno\u015bnik\u00f3w koszowych Poszukujesz oryginalnych cz\u0119\u015bci do swojego podno\u015bnika,&nbsp;\u0142adowarki teleskopowej&nbsp;czy&nbsp;w\u00f3zka wid\u0142owego?&nbsp;Riwal Cz\u0119\u015bci&nbsp;od lat jest specjalist\u0105 numer jeden w dostarczaniu&nbsp;oryginalnych cz\u0119\u015bci&nbsp;(zamiennych) i&nbsp;akcesori\u00f3w. Dzi\u0119ki naszemu wieloletniemu do\u015bwiadczeniu, mo\u017cemy kontynuowa\u0107 \u015bwiadczenie us\u0142ug wsz\u0119dzie tam, gdzie inni si\u0119 zatrzymuj\u0105. Oczekujesz oryginalnych i dobrych cz\u0119\u015bci, wi\u0119c dlaczego mia\u0142by\u015b oczekiwa\u0107 mniej od naszego serwisu? Dysponuj\u0105c zespo\u0142em zmotywowanych, &hellip; Kontynuuacja","og_url":"https:\/\/www.riwal.com\/pl\/czesci\/","og_site_name":"Riwal - Polska","article_modified_time":"2025-06-10T09:01:03+00:00","og_image":[{"url":"https:\/\/www.riwal.com\/app\/uploads\/sites\/9\/2024\/01\/Wiedza-Umiejetnosci-i-doradztwo.png","type":"","width":"","height":""}],"twitter_card":"summary_large_image","twitter_misc":{"Est. reading time":"3 minuty"},"schema":{"@context":"https:\/\/schema.org","@graph":[{"@type":"WebPage","@id":"https:\/\/www.riwal.com\/pl\/czesci\/","url":"https:\/\/www.riwal.com\/pl\/czesci\/","name":"Cz\u0119\u015bci do \u0142adowarek, cz\u0119\u015bci do podno\u015bnik\u00f3w koszowych i no\u017cycowych | Riwal","isPartOf":{"@id":"https:\/\/www.riwal.com\/pl\/#website"},"primaryImageOfPage":{"@id":"https:\/\/www.riwal.com\/pl\/czesci\/#primaryimage"},"image":{"@id":"https:\/\/www.riwal.com\/pl\/czesci\/#primaryimage"},"thumbnailUrl":"https:\/\/www.riwal.com\/app\/uploads\/sites\/9\/2024\/01\/Wiedza-Umiejetnosci-i-doradztwo.png","datePublished":"2024-01-23T15:27:46+00:00","dateModified":"2025-06-10T09:01:03+00:00","breadcrumb":{"@id":"https:\/\/www.riwal.com\/pl\/czesci\/#breadcrumb"},"inLanguage":"pl-PL","potentialAction":[{"@type":"ReadAction","target":["https:\/\/www.riwal.com\/pl\/czesci\/"]}]},{"@type":"ImageObject","inLanguage":"pl-PL","@id":"https:\/\/www.riwal.com\/pl\/czesci\/#primaryimage","url":"https:\/\/www.riwal.com\/app\/uploads\/sites\/9\/2024\/01\/Wiedza-Umiejetnosci-i-doradztwo.png","contentUrl":"https:\/\/www.riwal.com\/app\/uploads\/sites\/9\/2024\/01\/Wiedza-Umiejetnosci-i-doradztwo.png"},{"@type":"BreadcrumbList","@id":"https:\/\/www.riwal.com\/pl\/czesci\/#breadcrumb","itemListElement":[{"@type":"ListItem","position":1,"name":"Strona g\u0142\u00f3wna","item":"https:\/\/www.riwal.com\/pl\/"},{"@type":"ListItem","position":2,"name":"Cz\u0119\u015bci"}]},{"@type":"WebSite","@id":"https:\/\/www.riwal.com\/pl\/#website","url":"https:\/\/www.riwal.com\/pl\/","name":"Riwal","description":"Arial work platform &amp; Telehandler Rental\/Sales","publisher":{"@id":"https:\/\/www.riwal.com\/pl\/#organization"},"potentialAction":[{"@type":"SearchAction","target":{"@type":"EntryPoint","urlTemplate":"https:\/\/www.riwal.com\/pl\/?s={search_term_string}"},"query-input":{"@type":"PropertyValueSpecification","valueRequired":true,"valueName":"search_term_string"}}],"inLanguage":"pl-PL"},{"@type":"Organization","@id":"https:\/\/www.riwal.com\/pl\/#organization","name":"Riwal","url":"https:\/\/www.riwal.com\/pl\/","logo":{"@type":"ImageObject","inLanguage":"pl-PL","@id":"https:\/\/www.riwal.com\/pl\/#\/schema\/logo\/image\/","url":"","contentUrl":"","caption":"Riwal"},"image":{"@id":"https:\/\/www.riwal.com\/pl\/#\/schema\/logo\/image\/"}}]}},"_links":{"self":[{"href":"https:\/\/www.riwal.com\/pl\/wp-json\/wp\/v2\/pages\/5635","targetHints":{"allow":["GET"]}}],"collection":[{"href":"https:\/\/www.riwal.com\/pl\/wp-json\/wp\/v2\/pages"}],"about":[{"href":"https:\/\/www.riwal.com\/pl\/wp-json\/wp\/v2\/types\/page"}],"author":[{"embeddable":true,"href":"https:\/\/www.riwal.com\/pl\/wp-json\/wp\/v2\/users\/40"}],"replies":[{"embeddable":true,"href":"https:\/\/www.riwal.com\/pl\/wp-json\/wp\/v2\/comments?post=5635"}],"version-history":[{"count":24,"href":"https:\/\/www.riwal.com\/pl\/wp-json\/wp\/v2\/pages\/5635\/revisions"}],"predecessor-version":[{"id":20191,"href":"https:\/\/www.riwal.com\/pl\/wp-json\/wp\/v2\/pages\/5635\/revisions\/20191"}],"wp:attachment":[{"href":"https:\/\/www.riwal.com\/pl\/wp-json\/wp\/v2\/media?parent=5635"}],"curies":[{"name":"wp","href":"https:\/\/api.w.org\/{rel}","templated":true}]}}