{"id":5548,"date":"2024-01-19T12:37:31","date_gmt":"2024-01-19T12:37:31","guid":{"rendered":"https:\/\/www.riwal.com\/pl\/?page_id=5548"},"modified":"2026-01-14T17:49:22","modified_gmt":"2026-01-14T16:49:22","slug":"finansowanie-maszyn","status":"publish","type":"page","link":"https:\/\/www.riwal.com\/pl\/finansowanie-maszyn\/","title":{"rendered":"Finansowanie maszyn"},"content":{"rendered":"<div class=\"wp-block-rental-theme-featured rental-theme-block-default-padding\">\n\t<div class=\"container\">\n\t\t<div class=\"wp-block-rental-theme-featured-container\">\n\t\t\t<div class=\"wp-block-rental-theme-featured__image\">\n\t\t\t\t<div class=\"wp-block-rental-theme-featured-image-container\">\n\t\t\t\t\t\t\t\t\t\t\t<div class=\"main-image\">\n\t\t\t\t\t\t\t<img decoding=\"async\" src=\"https:\/\/eqsk4m2dkju.exactdn.com\/app\/uploads\/sites\/9\/2024\/01\/finansowanie-zakupu-maszyn.svg\" class=\"attachment-featured_block_image size-featured_block_image\" alt=\"\" \/>\t\t\t\t\t\t<\/div>\n\t\t\t\t\t\t\t\t\t\t<div class=\"wp-block-rental-theme-featured-image-container__subtext\">\n\t\t\t\t\t\t\t\t\t\t\t<\/div>\n\t\t\t\t<\/div>\n\t\t\t<\/div>\n\t\t\t<div class=\"wp-block-rental-theme-featured-content\">\n\t\t\t\t<div>\n\t\t\t\t\t<h2 class=\"wp-block-rental-theme-featured-title\">Finansowanie zakupu maszyn<\/h2>\n\t\t\t\t\t<div class=\"wp-block-rental-theme-featured-text\">\n\n<p>W Riwal wiemy, \u017ce zakup podestu ruchomego czy \u0142adowarki obrotowej wymagaj\u0105 szerokiej wiedzy i dba\u0142o\u015bci o szczeg\u00f3\u0142y. Dzi\u0119ki fachowej wiedzy i doradztwie pracownik\u00f3w dzia\u0142u sprzeda\u017cy Riwal, nie zostawimy Ci\u0119 bez odpowiedzi na Twoje pytania.<\/p>\n\n\n\n<p>Na codzie\u0144, w zakresie finansowania zakupu maszyn wsp\u00f3\u0142pracujemy z rzetelnymi partnerami w zakresie doradztwa leasingowego.<br>Nasi partnerzy ch\u0119tnie pomog\u0105 klientow Riwal wybra\u0107 odpowiedni\u0105 ofert\u0119 i form\u0119 leasingu na zakup maszyny.<\/p>\n\n<\/div>\n\t\t\t\t<\/div>\n\t\t\t<\/div>\n\t\t<\/div>\n\t<\/div>\n<\/div>\n\n\n<div class=\"container\">\n<p><\/p>\n<\/div>\n\n<div class=\"container\">\n<h1 class=\"wp-block-heading\" id=\"h-finansowanie-zakupu-maszyn-podestow-ruchomych-ladowarek-teleskopowych-i-obrotowych\">Finansowanie zakupu maszyn: podest\u00f3w ruchomych, \u0142adowarek teleskopowych i obrotowych<\/h1>\n<\/div>\n\n<div class=\"container\">\n<p>Skorzystanie z finansowania oferowanego przez instytucje finansowe to szansa na szybki zakup maszyny, kt\u00f3rej potrzebujesz ju\u017c teraz, bez konieczno\u015bci oczekiwania na zgromadzenie wszystkich potrzebnych na zakup \u015brodk\u00f3w. Dzi\u0119ki wsp\u00f3\u0142pracy ze sprawdzonymi partnerami mo\u017cemy zaoferowa\u0107 konkurencyjne rozwi\u0105zania finansowe, kt\u00f3rych warunki s\u0105 korzystniejsze od ofert og\u00f3lno-dost\u0119pnych na rynku.<\/p>\n<\/div>\n\n<div class=\"container\">\n<h2 class=\"wp-block-heading\">Dlaczego do finansowania zakupu maszun warto skorzysta\u0107 z rekomendowanych partner\u00f3w Riwal? <\/h2>\n<\/div>\n\n<div class=\"container\">\n<p>Naszym celem jest udzielanie pe\u0142nego wsparcia dla Twojego biznesu i wszystkich inwestycji, kt\u00f3re pomog\u0105 osi\u0105gn\u0105\u0107 Ci sukces.<br>Finansowanie mo\u017cna uzyska\u0107 za po\u015brednictwem dowolnie wybranego przez siebie partnera, dopasowuj\u0105c opcje do indywidualnych potrzeb finansowych. Nie narzucamy wsp\u00f3\u0142pracy z okre\u015blon\u0105 firm\u0105 \u2013 ta decyzja nale\u017cy wy\u0142\u0105cznie do Ciebie.<br>Rekomendujemy wsp\u00f3\u0142prac\u0119 z jedn\u0105 ze sprawdzonych przez nas instytucji, ze wzgl\u0119du na zweryfikowan\u0105 przez Riwal jako\u015b\u0107 i rzetelno\u015b\u0107 \u015bwiadczonych us\u0142ug.<br>Chcemy, aby ka\u017cdy proces zakupu i finansowania przebiega\u0142 dla naszych klient\u00f3w \u0142atwo i szybko, przy zachowaniu minimum niezb\u0119dnych formalno\u015bci.<br><br>Ch\u0119tnie poznamy tak\u017ce Twoje osobiste do\u015bwiadczenia zwi\u0105zane ze wsp\u00f3\u0142prac\u0105 z jednym z rekomendowanych przez nas przedstawicieli.<\/p>\n<\/div>\n\n<div class=\"container\">\n<p><\/p>\n<\/div>\n\n<div class=\"wp-block-rental-theme-featured rental-theme-block-default-padding\">\n\t<div class=\"container\">\n\t\t<div class=\"wp-block-rental-theme-featured-container\">\n\t\t\t<div class=\"wp-block-rental-theme-featured__image\">\n\t\t\t\t<div class=\"wp-block-rental-theme-featured-image-container\">\n\t\t\t\t\t\t\t\t\t\t\t<div class=\"main-image\">\n\t\t\t\t\t\t\t<img loading=\"lazy\" decoding=\"async\" width=\"620\" height=\"310\" src=\"https:\/\/eqsk4m2dkju.exactdn.com\/app\/uploads\/sites\/9\/2024\/02\/relokacja-maszyn-tablet-1200x600-1-620x310.png?strip=all&amp;quality=92&amp;webp=92&amp;avif=80&amp;sharp=1\" class=\"attachment-featured_block_image size-featured_block_image\" alt=\"\" srcset=\"https:\/\/eqsk4m2dkju.exactdn.com\/app\/uploads\/sites\/9\/2024\/02\/relokacja-maszyn-tablet-1200x600-1-620x310.png?strip=all&amp;quality=92&amp;webp=92&amp;avif=80&amp;sharp=1 620w, https:\/\/eqsk4m2dkju.exactdn.com\/app\/uploads\/sites\/9\/2024\/02\/relokacja-maszyn-tablet-1200x600-1-300x150.png?strip=all&amp;quality=92&amp;webp=92&amp;avif=80&amp;sharp=1 300w, https:\/\/eqsk4m2dkju.exactdn.com\/app\/uploads\/sites\/9\/2024\/02\/relokacja-maszyn-tablet-1200x600-1-1024x512.png?strip=all&amp;quality=92&amp;webp=92&amp;avif=80&amp;sharp=1 1024w, https:\/\/eqsk4m2dkju.exactdn.com\/app\/uploads\/sites\/9\/2024\/02\/relokacja-maszyn-tablet-1200x600-1-768x384.png?strip=all&amp;quality=92&amp;webp=92&amp;avif=80&amp;sharp=1 768w, https:\/\/eqsk4m2dkju.exactdn.com\/app\/uploads\/sites\/9\/2024\/02\/relokacja-maszyn-tablet-1200x600-1-178x89.png?strip=all&amp;quality=92&amp;webp=92&amp;avif=80&amp;sharp=1 178w, https:\/\/eqsk4m2dkju.exactdn.com\/app\/uploads\/sites\/9\/2024\/02\/relokacja-maszyn-tablet-1200x600-1-390x195.png?strip=all&amp;quality=92&amp;webp=92&amp;avif=80&amp;sharp=1 390w, https:\/\/eqsk4m2dkju.exactdn.com\/app\/uploads\/sites\/9\/2024\/02\/relokacja-maszyn-tablet-1200x600-1-830x415.png?strip=all&amp;quality=92&amp;webp=92&amp;avif=80&amp;sharp=1 830w, https:\/\/eqsk4m2dkju.exactdn.com\/app\/uploads\/sites\/9\/2024\/02\/relokacja-maszyn-tablet-1200x600-1-250x125.png?strip=all&amp;quality=92&amp;webp=92&amp;avif=80&amp;sharp=1 250w, https:\/\/eqsk4m2dkju.exactdn.com\/app\/uploads\/sites\/9\/2024\/02\/relokacja-maszyn-tablet-1200x600-1-237x119.png?strip=all&amp;quality=92&amp;webp=92&amp;avif=80&amp;sharp=1 237w, https:\/\/eqsk4m2dkju.exactdn.com\/app\/uploads\/sites\/9\/2024\/02\/relokacja-maszyn-tablet-1200x600-1-474x237.png?strip=all&amp;quality=92&amp;webp=92&amp;avif=80&amp;sharp=1 474w, https:\/\/eqsk4m2dkju.exactdn.com\/app\/uploads\/sites\/9\/2024\/02\/relokacja-maszyn-tablet-1200x600-1.png?strip=all&amp;quality=92&amp;webp=92&amp;avif=80&amp;sharp=1 1200w, https:\/\/eqsk4m2dkju.exactdn.com\/app\/uploads\/sites\/9\/2024\/02\/relokacja-maszyn-tablet-1200x600-1.png?strip=all&amp;quality=92&amp;webp=92&amp;avif=80&amp;sharp=1&amp;w=960 960w\" sizes=\"auto, (max-width: 620px) 100vw, 620px\" \/>\t\t\t\t\t\t<\/div>\n\t\t\t\t\t\t\t\t\t\t<div class=\"wp-block-rental-theme-featured-image-container__subtext\">\n\t\t\t\t\t\tSkontaktuj si\u0119 z nami\t\t\t\t\t<\/div>\n\t\t\t\t<\/div>\n\t\t\t<\/div>\n\t\t\t<div class=\"wp-block-rental-theme-featured-content\">\n\t\t\t\t<div>\n\t\t\t\t\t<h2 class=\"wp-block-rental-theme-featured-title\">Skontaktuj si\u0119 z nami ju\u017c dzi\u015b \u2013 ch\u0119tnie doradzimy i pomo\u017cemy dobra\u0107 rozwi\u0105zanie najlepiej dopasowane do potrzeb Twojej firmy.<\/h2>\n\t\t\t\t\t<div class=\"wp-block-rental-theme-featured-text\">\n\n<p>&lt;a href=&quot;tel:&lt;strong&gt;Sprzeda%C5%BC maszyn &lt;\/strong&gt;&lt;br \/&gt; +48 881 077 179<br><br>+48 881 077 179<\/a><\/p>\n\n\n\n<p><a href=\"mailto:sprzedaz@riwal.com\">sprzedaz@riwal.com<\/a><\/p>\n\n<\/div>\n\t\t\t\t<\/div>\n\t\t\t<\/div>\n\t\t<\/div>\n\t<\/div>\n<\/div>\n\n\n<div class=\"rental-wp-default-block rental-theme-block-default-margin\">\n\t\t\t\t\t\t\t\t<div class=\"container\">\n<div class=\"wp-block-media-text is-stacked-on-mobile has-primary-background-color has-background\" style=\"grid-template-columns:28% auto\"><figure class=\"wp-block-media-text__media\"><img loading=\"lazy\" decoding=\"async\" width=\"325\" height=\"166\" src=\"https:\/\/eqsk4m2dkju.exactdn.com\/app\/uploads\/sites\/9\/2023\/10\/Riwal-inwestuje-w-przyszlosc.jpg?strip=all&quality=92&webp=92&avif=80&sharp=1\" alt=\"\" class=\"wp-image-3783 size-full\" srcset=\"https:\/\/eqsk4m2dkju.exactdn.com\/app\/uploads\/sites\/9\/2023\/10\/Riwal-inwestuje-w-przyszlosc.jpg?strip=all&amp;quality=92&amp;webp=92&amp;avif=80&amp;sharp=1 325w, https:\/\/eqsk4m2dkju.exactdn.com\/app\/uploads\/sites\/9\/2023\/10\/Riwal-inwestuje-w-przyszlosc-300x153.jpg?strip=all&amp;quality=92&amp;webp=92&amp;avif=80&amp;sharp=1 300w, https:\/\/eqsk4m2dkju.exactdn.com\/app\/uploads\/sites\/9\/2023\/10\/Riwal-inwestuje-w-przyszlosc-178x91.jpg?strip=all&amp;quality=92&amp;webp=92&amp;avif=80&amp;sharp=1 178w, https:\/\/eqsk4m2dkju.exactdn.com\/app\/uploads\/sites\/9\/2023\/10\/Riwal-inwestuje-w-przyszlosc-250x128.jpg?strip=all&amp;quality=92&amp;webp=92&amp;avif=80&amp;sharp=1 250w, https:\/\/eqsk4m2dkju.exactdn.com\/app\/uploads\/sites\/9\/2023\/10\/Riwal-inwestuje-w-przyszlosc.jpg?strip=all&amp;quality=92&amp;webp=92&amp;avif=80&amp;sharp=1&amp;w=65 65w\" sizes=\"auto, (max-width: 325px) 100vw, 325px\" \/><\/figure><div class=\"wp-block-media-text__content\">\n<p class=\"has-white-color has-text-color has-link-color wp-elements-f2b642bc4e1965bf77985194c4ca4a4e\">Zyskaj najlepsze rozwi\u0105zania dla swojego biznesu z pakietami serwisowymi Riwal, obejmuj\u0105cymi naprawy&nbsp;<a href=\"https:\/\/www.riwal.com\/pl\/sprzedaz\/nowe-maszyny\/?_overview_sales_sort=working_height_ascending&amp;_overview_sales_category=podesty-ruchome\">podest\u00f3w&nbsp;<\/a>i&nbsp;<a href=\"https:\/\/www.riwal.com\/poland\/pl-pl\/sprzedaz\/nowe\/ladowarki-teleskopowe-nowe\">\u0142adoware<\/a><a href=\"https:\/\/www.riwal.com\/pl\/sprzedaz\/nowe-maszyny\/?_overview_sales_sort=working_height_ascending&amp;_overview_sales_category=ladowarka-obrotowa%2Cladowarka-teleskopowa-prosta\">k<\/a>&nbsp;w Twojej flocie . Zachowaj sprawno\u015b\u0107 i niezawodno\u015b\u0107 parku maszyn dzi\u0119ki serwisowi posprzeda\u017cowemu Riwal \u2013&nbsp;<a href=\"https:\/\/www.riwal.com\/poland\/pl-pl\/serwis-i-naprawa\">sprawd\u017a szczeg\u00f3\u0142y<\/a>.<\/p>\n<\/div><\/div>\n<\/div>\n\t\t\t\t\t\t\t<\/div> \n\n<div class=\"rental-wp-default-block rental-theme-block-default-margin\">\n\t\t\t\t\t\t\t\t<div class=\"container\">\n<div class=\"wp-block-buttons is-horizontal is-content-justification-left is-layout-flex wp-container-core-buttons-is-layout-65a8c4df wp-block-buttons-is-layout-flex\">\n<div class=\"wp-block-button\"><a class=\"wp-block-button__link wp-element-button\" href=\"serwis-sprzedaz@riwal.com\"><strong>Napisz do nas<\/strong><\/a><\/div>\n\n\n\n<div class=\"wp-block-button\"><a class=\"wp-block-button__link wp-element-button\" href=\"https:\/\/+48 781 800 215\"><strong>Zadzwo\u0144<\/strong><\/a><\/div>\n<\/div>\n<\/div>\n\t\t\t\t\t\t\t<\/div> ","protected":false},"excerpt":{"rendered":"<p>Finansowanie zakupu maszyn: podest\u00f3w ruchomych, \u0142adowarek teleskopowych i obrotowych Skorzystanie z finansowania oferowanego przez instytucje finansowe to szansa na szybki zakup maszyny, kt\u00f3rej potrzebujesz ju\u017c teraz, bez konieczno\u015bci oczekiwania na zgromadzenie wszystkich potrzebnych na zakup \u015brodk\u00f3w. Dzi\u0119ki wsp\u00f3\u0142pracy ze sprawdzonymi partnerami mo\u017cemy zaoferowa\u0107 konkurencyjne rozwi\u0105zania finansowe, kt\u00f3rych warunki s\u0105 korzystniejsze od ofert og\u00f3lno-dost\u0119pnych na rynku. &hellip; <a href=\"https:\/\/www.riwal.com\/pl\/finansowanie-maszyn\/\">Kontynuuacja<\/a><\/p>\n","protected":false},"author":31,"featured_media":0,"parent":0,"menu_order":0,"comment_status":"closed","ping_status":"closed","template":"","meta":{"_acf_changed":false,"footnotes":""},"class_list":["post-5548","page","type-page","status-publish","hentry"],"acf":[],"yoast_head":"<!-- This site is optimized with the Yoast SEO Premium plugin v27.1 (Yoast SEO v27.1.1) - https:\/\/yoast.com\/product\/yoast-seo-premium-wordpress\/ -->\n<title>Finansowanie zakupu podest\u00f3w ruchomych i \u0142adowarek teleskopowo-obrotowych | Riwal<\/title>\n<meta name=\"description\" content=\"Sprawd\u017a ofert\u0119 finansowania zakupu maszyn wraz z partnerami Riwal. Wybierz najlepsz\u0105 form\u0119 finansowania dla maszyn.\" \/>\n<meta name=\"robots\" content=\"index, follow, max-snippet:-1, max-image-preview:large, max-video-preview:-1\" \/>\n<link rel=\"canonical\" href=\"https:\/\/www.riwal.com\/pl\/finansowanie-maszyn\/\" \/>\n<meta property=\"og:locale\" content=\"pl_PL\" \/>\n<meta property=\"og:type\" content=\"article\" \/>\n<meta property=\"og:title\" content=\"Finansowanie maszyn\" \/>\n<meta property=\"og:description\" content=\"Sprawd\u017a ofert\u0119 finansowania zakupu maszyn wraz z partnerami Riwal. Wybierz najlepsz\u0105 form\u0119 finansowania dla maszyn.\" \/>\n<meta property=\"og:url\" content=\"https:\/\/www.riwal.com\/pl\/finansowanie-maszyn\/\" \/>\n<meta property=\"og:site_name\" content=\"Riwal - Polska\" \/>\n<meta property=\"article:modified_time\" content=\"2026-01-14T16:49:22+00:00\" \/>\n<meta property=\"og:image\" content=\"https:\/\/www.riwal.com\/app\/uploads\/sites\/9\/2023\/10\/Riwal-inwestuje-w-przyszlosc.jpg\" \/>\n<meta name=\"twitter:card\" content=\"summary_large_image\" \/>\n<meta name=\"twitter:label1\" content=\"Est. reading time\" \/>\n\t<meta name=\"twitter:data1\" content=\"2 minuty\" \/>\n<script type=\"application\/ld+json\" class=\"yoast-schema-graph\">{\"@context\":\"https:\/\/schema.org\",\"@graph\":[{\"@type\":\"WebPage\",\"@id\":\"https:\/\/www.riwal.com\/pl\/finansowanie-maszyn\/\",\"url\":\"https:\/\/www.riwal.com\/pl\/finansowanie-maszyn\/\",\"name\":\"Finansowanie zakupu podest\u00f3w ruchomych i \u0142adowarek teleskopowo-obrotowych | Riwal\",\"isPartOf\":{\"@id\":\"https:\/\/www.riwal.com\/pl\/#website\"},\"primaryImageOfPage\":{\"@id\":\"https:\/\/www.riwal.com\/pl\/finansowanie-maszyn\/#primaryimage\"},\"image\":{\"@id\":\"https:\/\/www.riwal.com\/pl\/finansowanie-maszyn\/#primaryimage\"},\"thumbnailUrl\":\"https:\/\/www.riwal.com\/app\/uploads\/sites\/9\/2023\/10\/Riwal-inwestuje-w-przyszlosc.jpg\",\"datePublished\":\"2024-01-19T12:37:31+00:00\",\"dateModified\":\"2026-01-14T16:49:22+00:00\",\"description\":\"Sprawd\u017a ofert\u0119 finansowania zakupu maszyn wraz z partnerami Riwal. Wybierz najlepsz\u0105 form\u0119 finansowania dla maszyn.\",\"breadcrumb\":{\"@id\":\"https:\/\/www.riwal.com\/pl\/finansowanie-maszyn\/#breadcrumb\"},\"inLanguage\":\"pl-PL\",\"potentialAction\":[{\"@type\":\"ReadAction\",\"target\":[\"https:\/\/www.riwal.com\/pl\/finansowanie-maszyn\/\"]}]},{\"@type\":\"ImageObject\",\"inLanguage\":\"pl-PL\",\"@id\":\"https:\/\/www.riwal.com\/pl\/finansowanie-maszyn\/#primaryimage\",\"url\":\"https:\/\/www.riwal.com\/app\/uploads\/sites\/9\/2023\/10\/Riwal-inwestuje-w-przyszlosc.jpg\",\"contentUrl\":\"https:\/\/www.riwal.com\/app\/uploads\/sites\/9\/2023\/10\/Riwal-inwestuje-w-przyszlosc.jpg\"},{\"@type\":\"BreadcrumbList\",\"@id\":\"https:\/\/www.riwal.com\/pl\/finansowanie-maszyn\/#breadcrumb\",\"itemListElement\":[{\"@type\":\"ListItem\",\"position\":1,\"name\":\"Strona g\u0142\u00f3wna\",\"item\":\"https:\/\/www.riwal.com\/pl\/\"},{\"@type\":\"ListItem\",\"position\":2,\"name\":\"Finansowanie maszyn\"}]},{\"@type\":\"WebSite\",\"@id\":\"https:\/\/www.riwal.com\/pl\/#website\",\"url\":\"https:\/\/www.riwal.com\/pl\/\",\"name\":\"Riwal\",\"description\":\"Arial work platform &amp; Telehandler Rental\/Sales\",\"publisher\":{\"@id\":\"https:\/\/www.riwal.com\/pl\/#organization\"},\"potentialAction\":[{\"@type\":\"SearchAction\",\"target\":{\"@type\":\"EntryPoint\",\"urlTemplate\":\"https:\/\/www.riwal.com\/pl\/?s={search_term_string}\"},\"query-input\":{\"@type\":\"PropertyValueSpecification\",\"valueRequired\":true,\"valueName\":\"search_term_string\"}}],\"inLanguage\":\"pl-PL\"},{\"@type\":\"Organization\",\"@id\":\"https:\/\/www.riwal.com\/pl\/#organization\",\"name\":\"Riwal\",\"url\":\"https:\/\/www.riwal.com\/pl\/\",\"logo\":{\"@type\":\"ImageObject\",\"inLanguage\":\"pl-PL\",\"@id\":\"https:\/\/www.riwal.com\/pl\/#\/schema\/logo\/image\/\",\"url\":\"\",\"contentUrl\":\"\",\"caption\":\"Riwal\"},\"image\":{\"@id\":\"https:\/\/www.riwal.com\/pl\/#\/schema\/logo\/image\/\"}}]}<\/script>\n<!-- \/ Yoast SEO Premium plugin. -->","yoast_head_json":{"title":"Finansowanie zakupu podest\u00f3w ruchomych i \u0142adowarek teleskopowo-obrotowych | Riwal","description":"Sprawd\u017a ofert\u0119 finansowania zakupu maszyn wraz z partnerami Riwal. Wybierz najlepsz\u0105 form\u0119 finansowania dla maszyn.","robots":{"index":"index","follow":"follow","max-snippet":"max-snippet:-1","max-image-preview":"max-image-preview:large","max-video-preview":"max-video-preview:-1"},"canonical":"https:\/\/www.riwal.com\/pl\/finansowanie-maszyn\/","og_locale":"pl_PL","og_type":"article","og_title":"Finansowanie maszyn","og_description":"Sprawd\u017a ofert\u0119 finansowania zakupu maszyn wraz z partnerami Riwal. Wybierz najlepsz\u0105 form\u0119 finansowania dla maszyn.","og_url":"https:\/\/www.riwal.com\/pl\/finansowanie-maszyn\/","og_site_name":"Riwal - Polska","article_modified_time":"2026-01-14T16:49:22+00:00","og_image":[{"url":"https:\/\/www.riwal.com\/app\/uploads\/sites\/9\/2023\/10\/Riwal-inwestuje-w-przyszlosc.jpg","type":"","width":"","height":""}],"twitter_card":"summary_large_image","twitter_misc":{"Est. reading time":"2 minuty"},"schema":{"@context":"https:\/\/schema.org","@graph":[{"@type":"WebPage","@id":"https:\/\/www.riwal.com\/pl\/finansowanie-maszyn\/","url":"https:\/\/www.riwal.com\/pl\/finansowanie-maszyn\/","name":"Finansowanie zakupu podest\u00f3w ruchomych i \u0142adowarek teleskopowo-obrotowych | Riwal","isPartOf":{"@id":"https:\/\/www.riwal.com\/pl\/#website"},"primaryImageOfPage":{"@id":"https:\/\/www.riwal.com\/pl\/finansowanie-maszyn\/#primaryimage"},"image":{"@id":"https:\/\/www.riwal.com\/pl\/finansowanie-maszyn\/#primaryimage"},"thumbnailUrl":"https:\/\/www.riwal.com\/app\/uploads\/sites\/9\/2023\/10\/Riwal-inwestuje-w-przyszlosc.jpg","datePublished":"2024-01-19T12:37:31+00:00","dateModified":"2026-01-14T16:49:22+00:00","description":"Sprawd\u017a ofert\u0119 finansowania zakupu maszyn wraz z partnerami Riwal. Wybierz najlepsz\u0105 form\u0119 finansowania dla maszyn.","breadcrumb":{"@id":"https:\/\/www.riwal.com\/pl\/finansowanie-maszyn\/#breadcrumb"},"inLanguage":"pl-PL","potentialAction":[{"@type":"ReadAction","target":["https:\/\/www.riwal.com\/pl\/finansowanie-maszyn\/"]}]},{"@type":"ImageObject","inLanguage":"pl-PL","@id":"https:\/\/www.riwal.com\/pl\/finansowanie-maszyn\/#primaryimage","url":"https:\/\/www.riwal.com\/app\/uploads\/sites\/9\/2023\/10\/Riwal-inwestuje-w-przyszlosc.jpg","contentUrl":"https:\/\/www.riwal.com\/app\/uploads\/sites\/9\/2023\/10\/Riwal-inwestuje-w-przyszlosc.jpg"},{"@type":"BreadcrumbList","@id":"https:\/\/www.riwal.com\/pl\/finansowanie-maszyn\/#breadcrumb","itemListElement":[{"@type":"ListItem","position":1,"name":"Strona g\u0142\u00f3wna","item":"https:\/\/www.riwal.com\/pl\/"},{"@type":"ListItem","position":2,"name":"Finansowanie maszyn"}]},{"@type":"WebSite","@id":"https:\/\/www.riwal.com\/pl\/#website","url":"https:\/\/www.riwal.com\/pl\/","name":"Riwal","description":"Arial work platform &amp; Telehandler Rental\/Sales","publisher":{"@id":"https:\/\/www.riwal.com\/pl\/#organization"},"potentialAction":[{"@type":"SearchAction","target":{"@type":"EntryPoint","urlTemplate":"https:\/\/www.riwal.com\/pl\/?s={search_term_string}"},"query-input":{"@type":"PropertyValueSpecification","valueRequired":true,"valueName":"search_term_string"}}],"inLanguage":"pl-PL"},{"@type":"Organization","@id":"https:\/\/www.riwal.com\/pl\/#organization","name":"Riwal","url":"https:\/\/www.riwal.com\/pl\/","logo":{"@type":"ImageObject","inLanguage":"pl-PL","@id":"https:\/\/www.riwal.com\/pl\/#\/schema\/logo\/image\/","url":"","contentUrl":"","caption":"Riwal"},"image":{"@id":"https:\/\/www.riwal.com\/pl\/#\/schema\/logo\/image\/"}}]}},"_links":{"self":[{"href":"https:\/\/www.riwal.com\/pl\/wp-json\/wp\/v2\/pages\/5548","targetHints":{"allow":["GET"]}}],"collection":[{"href":"https:\/\/www.riwal.com\/pl\/wp-json\/wp\/v2\/pages"}],"about":[{"href":"https:\/\/www.riwal.com\/pl\/wp-json\/wp\/v2\/types\/page"}],"author":[{"embeddable":true,"href":"https:\/\/www.riwal.com\/pl\/wp-json\/wp\/v2\/users\/31"}],"replies":[{"embeddable":true,"href":"https:\/\/www.riwal.com\/pl\/wp-json\/wp\/v2\/comments?post=5548"}],"version-history":[{"count":23,"href":"https:\/\/www.riwal.com\/pl\/wp-json\/wp\/v2\/pages\/5548\/revisions"}],"predecessor-version":[{"id":21388,"href":"https:\/\/www.riwal.com\/pl\/wp-json\/wp\/v2\/pages\/5548\/revisions\/21388"}],"wp:attachment":[{"href":"https:\/\/www.riwal.com\/pl\/wp-json\/wp\/v2\/media?parent=5548"}],"curies":[{"name":"wp","href":"https:\/\/api.w.org\/{rel}","templated":true}]}}