{"id":5111,"date":"2024-01-23T12:25:19","date_gmt":"2024-01-23T12:25:19","guid":{"rendered":"https:\/\/www.riwal.com\/pl\/?page_id=5111"},"modified":"2025-12-09T17:07:04","modified_gmt":"2025-12-09T16:07:04","slug":"o-riwal","status":"publish","type":"page","link":"https:\/\/www.riwal.com\/pl\/o-riwal\/","title":{"rendered":"O Riwal"},"content":{"rendered":"<div class=\"rental-wp-default-block rental-theme-block-default-margin\">\n\t\t\t\t\t\t\t\t<div class=\"container\">\n<div class=\"wp-block-columns is-layout-flex wp-container-core-columns-is-layout-28f84493 wp-block-columns-is-layout-flex\">\n<div class=\"wp-block-column is-layout-flow wp-block-column-is-layout-flow\" style=\"flex-basis:33.33%\">\n<h2 class=\"wp-block-heading\" id=\"h-praca-na-wysokosci-z-riwal\">Praca na wysoko\u015bci z Riwal<\/h2>\n<\/div>\n\n\n\n<div class=\"wp-block-column is-layout-flow wp-block-column-is-layout-flow\" style=\"flex-basis:66.66%\">\n<p>Riwal jest specjalist\u0105 od bezpiecznej i efektywnej pracy na wysoko\u015bci od 1968 roku. Dzi\u0119ki ponad 55-letniemu do\u015bwiadczeniu i dog\u0142\u0119bnej wiedzy o podestach, \u0142adowarkach teleskopowych i w\u00f3zkach wid\u0142owych codziennie wspieramy klient\u00f3w z bran\u017cy budowlanej, przemys\u0142owej i logistycznej. Od 2024 roku Riwal jest cz\u0119\u015bci\u0105 <a href=\"https:\/\/www.boels.com\/pl-pl\">Boels Rental<\/a>. Razem oferujemy jedn\u0105 z najnowocze\u015bniejszych i najbardziej zr\u00f3wnowa\u017conych flot podest\u00f3w w Europie, z czego ponad 60% to urz\u0105dzenia elektryczne lub hybrydowe. Umo\u017cliwia nam to dostarczanie niezawodnych, przysz\u0142o\u015bciowych rozwi\u0105za\u0144 dla ka\u017cdego projektu.<\/p>\n\n\n\n<p>Nasz\u0105 si\u0142\u0105 jest nie tylko wynajem maszyn, ale tak\u017ce us\u0142ugi dodatkowe, takie jak specjalistyczne doradztwo, profesjonalne szkolenia z bezpiecznej obs\u0142ugi maszyn oraz inteligentne rozwi\u0105zania dostosowane do potrzeb. Dzi\u0119ki silnej mi\u0119dzynarodowej sieci i zaanga\u017cowanemu zespo\u0142owi specjalist\u00f3w zapewniamy szybk\u0105 dost\u0119pno\u015b\u0107, indywidualn\u0105 obs\u0142ug\u0119 i maksymaln\u0105 gotowo\u015b\u0107 operacyjn\u0105 na ka\u017cdym miejscu pracy. Dzi\u0119ki temu Twoja praca na wysoko\u015bci przebiega p\u0142ynnie ca\u0142y czas.<\/p>\n<\/div>\n<\/div>\n<\/div>\n\t\t\t\t\t\t\t<\/div> ","protected":false},"excerpt":{"rendered":"<p>Praca na wysoko\u015bci z Riwal Riwal jest specjalist\u0105 od bezpiecznej i efektywnej pracy na wysoko\u015bci od 1968 roku. Dzi\u0119ki ponad 55-letniemu do\u015bwiadczeniu i dog\u0142\u0119bnej wiedzy o podestach, \u0142adowarkach teleskopowych i w\u00f3zkach wid\u0142owych codziennie wspieramy klient\u00f3w z bran\u017cy budowlanej, przemys\u0142owej i logistycznej. Od 2024 roku Riwal jest cz\u0119\u015bci\u0105 Boels Rental. Razem oferujemy jedn\u0105 z najnowocze\u015bniejszych i &hellip; <a href=\"https:\/\/www.riwal.com\/pl\/o-riwal\/\">Kontynuuacja<\/a><\/p>\n","protected":false},"author":14,"featured_media":0,"parent":0,"menu_order":0,"comment_status":"closed","ping_status":"closed","template":"","meta":{"_acf_changed":false,"footnotes":""},"class_list":["post-5111","page","type-page","status-publish","hentry"],"acf":[],"yoast_head":"<!-- This site is optimized with the Yoast SEO Premium plugin v27.1 (Yoast SEO v27.1.1) - https:\/\/yoast.com\/product\/yoast-seo-premium-wordpress\/ -->\n<title>O Riwal - Riwal - Polska<\/title>\n<meta name=\"robots\" content=\"index, follow, max-snippet:-1, max-image-preview:large, max-video-preview:-1\" \/>\n<link rel=\"canonical\" href=\"https:\/\/www.riwal.com\/pl\/o-riwal\/\" \/>\n<meta property=\"og:locale\" content=\"pl_PL\" \/>\n<meta property=\"og:type\" content=\"article\" \/>\n<meta property=\"og:title\" content=\"O Riwal\" \/>\n<meta property=\"og:description\" content=\"Praca na wysoko\u015bci z Riwal Riwal jest specjalist\u0105 od bezpiecznej i efektywnej pracy na wysoko\u015bci od 1968 roku. Dzi\u0119ki ponad 55-letniemu do\u015bwiadczeniu i dog\u0142\u0119bnej wiedzy o podestach, \u0142adowarkach teleskopowych i w\u00f3zkach wid\u0142owych codziennie wspieramy klient\u00f3w z bran\u017cy budowlanej, przemys\u0142owej i logistycznej. Od 2024 roku Riwal jest cz\u0119\u015bci\u0105 Boels Rental. Razem oferujemy jedn\u0105 z najnowocze\u015bniejszych i &hellip; Kontynuuacja\" \/>\n<meta property=\"og:url\" content=\"https:\/\/www.riwal.com\/pl\/o-riwal\/\" \/>\n<meta property=\"og:site_name\" content=\"Riwal - Polska\" \/>\n<meta property=\"article:modified_time\" content=\"2025-12-09T16:07:04+00:00\" \/>\n<meta name=\"twitter:card\" content=\"summary_large_image\" \/>\n<meta name=\"twitter:label1\" content=\"Est. reading time\" \/>\n\t<meta name=\"twitter:data1\" content=\"1 minuta\" \/>\n<script type=\"application\/ld+json\" class=\"yoast-schema-graph\">{\"@context\":\"https:\/\/schema.org\",\"@graph\":[{\"@type\":\"WebPage\",\"@id\":\"https:\/\/www.riwal.com\/pl\/o-riwal\/\",\"url\":\"https:\/\/www.riwal.com\/pl\/o-riwal\/\",\"name\":\"O Riwal - Riwal - Polska\",\"isPartOf\":{\"@id\":\"https:\/\/www.riwal.com\/pl\/#website\"},\"datePublished\":\"2024-01-23T12:25:19+00:00\",\"dateModified\":\"2025-12-09T16:07:04+00:00\",\"breadcrumb\":{\"@id\":\"https:\/\/www.riwal.com\/pl\/o-riwal\/#breadcrumb\"},\"inLanguage\":\"pl-PL\",\"potentialAction\":[{\"@type\":\"ReadAction\",\"target\":[\"https:\/\/www.riwal.com\/pl\/o-riwal\/\"]}]},{\"@type\":\"BreadcrumbList\",\"@id\":\"https:\/\/www.riwal.com\/pl\/o-riwal\/#breadcrumb\",\"itemListElement\":[{\"@type\":\"ListItem\",\"position\":1,\"name\":\"Strona g\u0142\u00f3wna\",\"item\":\"https:\/\/www.riwal.com\/pl\/\"},{\"@type\":\"ListItem\",\"position\":2,\"name\":\"O Riwal\"}]},{\"@type\":\"WebSite\",\"@id\":\"https:\/\/www.riwal.com\/pl\/#website\",\"url\":\"https:\/\/www.riwal.com\/pl\/\",\"name\":\"Riwal\",\"description\":\"Arial work platform &amp; Telehandler Rental\/Sales\",\"publisher\":{\"@id\":\"https:\/\/www.riwal.com\/pl\/#organization\"},\"potentialAction\":[{\"@type\":\"SearchAction\",\"target\":{\"@type\":\"EntryPoint\",\"urlTemplate\":\"https:\/\/www.riwal.com\/pl\/?s={search_term_string}\"},\"query-input\":{\"@type\":\"PropertyValueSpecification\",\"valueRequired\":true,\"valueName\":\"search_term_string\"}}],\"inLanguage\":\"pl-PL\"},{\"@type\":\"Organization\",\"@id\":\"https:\/\/www.riwal.com\/pl\/#organization\",\"name\":\"Riwal\",\"url\":\"https:\/\/www.riwal.com\/pl\/\",\"logo\":{\"@type\":\"ImageObject\",\"inLanguage\":\"pl-PL\",\"@id\":\"https:\/\/www.riwal.com\/pl\/#\/schema\/logo\/image\/\",\"url\":\"\",\"contentUrl\":\"\",\"caption\":\"Riwal\"},\"image\":{\"@id\":\"https:\/\/www.riwal.com\/pl\/#\/schema\/logo\/image\/\"}}]}<\/script>\n<!-- \/ Yoast SEO Premium plugin. -->","yoast_head_json":{"title":"O Riwal - Riwal - Polska","robots":{"index":"index","follow":"follow","max-snippet":"max-snippet:-1","max-image-preview":"max-image-preview:large","max-video-preview":"max-video-preview:-1"},"canonical":"https:\/\/www.riwal.com\/pl\/o-riwal\/","og_locale":"pl_PL","og_type":"article","og_title":"O Riwal","og_description":"Praca na wysoko\u015bci z Riwal Riwal jest specjalist\u0105 od bezpiecznej i efektywnej pracy na wysoko\u015bci od 1968 roku. Dzi\u0119ki ponad 55-letniemu do\u015bwiadczeniu i dog\u0142\u0119bnej wiedzy o podestach, \u0142adowarkach teleskopowych i w\u00f3zkach wid\u0142owych codziennie wspieramy klient\u00f3w z bran\u017cy budowlanej, przemys\u0142owej i logistycznej. Od 2024 roku Riwal jest cz\u0119\u015bci\u0105 Boels Rental. Razem oferujemy jedn\u0105 z najnowocze\u015bniejszych i &hellip; Kontynuuacja","og_url":"https:\/\/www.riwal.com\/pl\/o-riwal\/","og_site_name":"Riwal - Polska","article_modified_time":"2025-12-09T16:07:04+00:00","twitter_card":"summary_large_image","twitter_misc":{"Est. reading time":"1 minuta"},"schema":{"@context":"https:\/\/schema.org","@graph":[{"@type":"WebPage","@id":"https:\/\/www.riwal.com\/pl\/o-riwal\/","url":"https:\/\/www.riwal.com\/pl\/o-riwal\/","name":"O Riwal - Riwal - Polska","isPartOf":{"@id":"https:\/\/www.riwal.com\/pl\/#website"},"datePublished":"2024-01-23T12:25:19+00:00","dateModified":"2025-12-09T16:07:04+00:00","breadcrumb":{"@id":"https:\/\/www.riwal.com\/pl\/o-riwal\/#breadcrumb"},"inLanguage":"pl-PL","potentialAction":[{"@type":"ReadAction","target":["https:\/\/www.riwal.com\/pl\/o-riwal\/"]}]},{"@type":"BreadcrumbList","@id":"https:\/\/www.riwal.com\/pl\/o-riwal\/#breadcrumb","itemListElement":[{"@type":"ListItem","position":1,"name":"Strona g\u0142\u00f3wna","item":"https:\/\/www.riwal.com\/pl\/"},{"@type":"ListItem","position":2,"name":"O Riwal"}]},{"@type":"WebSite","@id":"https:\/\/www.riwal.com\/pl\/#website","url":"https:\/\/www.riwal.com\/pl\/","name":"Riwal","description":"Arial work platform &amp; Telehandler Rental\/Sales","publisher":{"@id":"https:\/\/www.riwal.com\/pl\/#organization"},"potentialAction":[{"@type":"SearchAction","target":{"@type":"EntryPoint","urlTemplate":"https:\/\/www.riwal.com\/pl\/?s={search_term_string}"},"query-input":{"@type":"PropertyValueSpecification","valueRequired":true,"valueName":"search_term_string"}}],"inLanguage":"pl-PL"},{"@type":"Organization","@id":"https:\/\/www.riwal.com\/pl\/#organization","name":"Riwal","url":"https:\/\/www.riwal.com\/pl\/","logo":{"@type":"ImageObject","inLanguage":"pl-PL","@id":"https:\/\/www.riwal.com\/pl\/#\/schema\/logo\/image\/","url":"","contentUrl":"","caption":"Riwal"},"image":{"@id":"https:\/\/www.riwal.com\/pl\/#\/schema\/logo\/image\/"}}]}},"_links":{"self":[{"href":"https:\/\/www.riwal.com\/pl\/wp-json\/wp\/v2\/pages\/5111","targetHints":{"allow":["GET"]}}],"collection":[{"href":"https:\/\/www.riwal.com\/pl\/wp-json\/wp\/v2\/pages"}],"about":[{"href":"https:\/\/www.riwal.com\/pl\/wp-json\/wp\/v2\/types\/page"}],"author":[{"embeddable":true,"href":"https:\/\/www.riwal.com\/pl\/wp-json\/wp\/v2\/users\/14"}],"replies":[{"embeddable":true,"href":"https:\/\/www.riwal.com\/pl\/wp-json\/wp\/v2\/comments?post=5111"}],"version-history":[{"count":16,"href":"https:\/\/www.riwal.com\/pl\/wp-json\/wp\/v2\/pages\/5111\/revisions"}],"predecessor-version":[{"id":21365,"href":"https:\/\/www.riwal.com\/pl\/wp-json\/wp\/v2\/pages\/5111\/revisions\/21365"}],"wp:attachment":[{"href":"https:\/\/www.riwal.com\/pl\/wp-json\/wp\/v2\/media?parent=5111"}],"curies":[{"name":"wp","href":"https:\/\/api.w.org\/{rel}","templated":true}]}}