{"id":4832,"date":"2023-10-30T15:59:46","date_gmt":"2023-10-30T15:59:46","guid":{"rendered":"https:\/\/www.riwal.com\/pl\/?page_id=4832"},"modified":"2023-10-30T15:59:49","modified_gmt":"2023-10-30T15:59:49","slug":"zastrzezenie","status":"publish","type":"page","link":"https:\/\/www.riwal.com\/pl\/zastrzezenie\/","title":{"rendered":"Zastrze\u017cenie"},"content":{"rendered":"<div class=\"container\">\n<h2 class=\"wp-block-heading\" id=\"h-zastrzezenie-riwal-poland\">Zastrze\u017cenie Riwal Poland<\/h2>\n<\/div>\n\n<div class=\"container\">\n<p>Riwal zastrzega sobie prawo do zmiany tre\u015bci w dowolnym momencie lub do usuni\u0119cia jej cz\u0119\u015bci bez konieczno\u015bci powiadamiania u\u017cytkownika.&nbsp;<br>U\u017cytkownicy serwisu s\u0105 proszeni o cz\u0119ste czytanie tej informacji, aby zawsze byli na bie\u017c\u0105co z najnowsz\u0105 wersj\u0105.<\/p>\n<\/div>\n\n<div class=\"container\">\n<p><strong>Ograniczona odpowiedzialno\u015b\u0107<\/strong><\/p>\n<\/div>\n\n<div class=\"container\">\n<p>Riwal stara si\u0119 uzupe\u0142nia\u0107 i aktualizowa\u0107 zawarto\u015b\u0107 strony tak cz\u0119sto, jak to mo\u017cliwe. Pomimo tej troski i uwagi mo\u017cliwe, \u017ce b\u0119dzie zawiera\u0107 niekompletne lub nieprawid\u0142owe tre\u015bci. Produkty i us\u0142ugi proponowane na stronie s\u0105 oferowane bez jakiejkolwiek gwarancji lub roszczenia do poprawno\u015bci. Produkty te mog\u0105 si\u0119 zmienia\u0107 w dowolnym momencie bez uprzedniego powiadomienia przez Riwal.<br>Pomimo ci\u0105g\u0142ej dba\u0142o\u015bci Riwal o stron\u0119 internetow\u0105 i publikowane na niej informacje, Riwal nie mo\u017ce ponosi\u0107 odpowiedzialno\u015bci za kompletno\u015b\u0107, poprawno\u015b\u0107 i aktualno\u015b\u0107 witryny oraz publikowane na niej tre\u015bci.\u00a0<br>Informacje na stronie internetowej s\u0105 przeznaczone wy\u0142\u0105cznie do cel\u00f3w og\u00f3lnych i nie mo\u017cna ich traktowa\u0107 jako oferty. Riwal nie ponosi odpowiedzialno\u015bci za straty lub szkody wynikaj\u0105ce z korzystania ze strony internetowej (lub z niemo\u017cno\u015bci korzystania z niej), w tym za straty lub szkody spowodowane przez wirusy lub nieprawid\u0142owe lub niekompletne informacje, chyba \u017ce taka strata lub uszkodzenie wynikaj\u0105 z zamierzonego niew\u0142a\u015bciwego dzia\u0142ania lub ra\u017c\u0105cego zaniedbania ze strony Riwal.\u00a0<br>Riwal nie b\u0119dzie r\u00f3wnie\u017c odpowiedzialny za straty lub szkody wynikaj\u0105ce z u\u017cycia elektronicznych \u015brodk\u00f3w komunikacji, w tym &#8211; ale nie wy\u0142\u0105cznie &#8211; straty lub szkody spowodowane op\u00f3\u017anieniami w komunikacji elektronicznej lub niedostarczeniem komunikacji elektronicznej oraz przechwytywaniem lub manipulowaniem urz\u0105dzeniami komunikacji elektronicznej przez osoby trzecie lub programy komputerowe wykorzystywane do komunikacji elektronicznej i rozprzestrzeniania si\u0119 wirus\u00f3w. Wszystkie ceny na stronie internetowej s\u0105 pogl\u0105dowe i mog\u0105 w nich wyst\u0105pi\u0107 b\u0142\u0119dy zwi\u0105zane z ich wpisywaniem lub wynikaj\u0105ce z samej aplikacji. W\u0142a\u015bciciel strony wy\u0142\u0105cza odpowiedzialno\u015b\u0107 za konsekwencje zwi\u0105zane z wyst\u0105pieniem takich b\u0142\u0119d\u00f3w. Nie b\u0119d\u0105 zawierane umowy w oparciu o takie b\u0142\u0119dy.\u00a0<br>Informacje pochodz\u0105ce od stron trzecich s\u0105 wyrazem ich osobistych pogl\u0105d\u00f3w. Riwal nie ponosi odpowiedzialno\u015bci za te informacje.\u00a0<br>Ta strona internetowa zawiera linki do zewn\u0119trznych stron internetowych zarz\u0105dzanych przez strony trzecie, m.in Google, Facebook, LinkedIn, Albacross. Riwal nie ponosi odpowiedzialno\u015bci za zawarto\u015b\u0107 lub dzia\u0142anie powy\u017cszych zewn\u0119trznych stron internetowych. Riwal nie ponosi \u017cadnej odpowiedzialno\u015bci za jako\u015b\u0107 produkt\u00f3w lub us\u0142ug oferowanych przez te strony i nie \u00a0ponosi odpowiedzialno\u015bci za wykorzystanie tre\u015bci stron internetowych, kt\u00f3re prowadz\u0105 do lub z Witryny.<\/p>\n<\/div>\n\n<div class=\"container\">\n<p><strong>Prawo autorskie<\/strong><\/p>\n<\/div>\n\n<div class=\"container\">\n<p>Wszelkie prawa w\u0142asno\u015bci intelektualnej zwi\u0105zane z materia\u0142ami na stronie internetowej pozostaj\u0105 w\u0142asno\u015bci\u0105 firmy Riwal.\u00a0<br>Kopiowanie, rozpowszechnianie i jakiekolwiek inne wykorzystanie tych materia\u0142\u00f3w jest zabronione bez pisemnej zgody Riwal (tak jak prawo do cytowania), z zastrze\u017ceniem i tylko w zakresie, w jakim zosta\u0142o to okre\u015blone przez obowi\u0105zuj\u0105ce przepisy, o ile nie wskazano inaczej dla konkretnych materia\u0142\u00f3w.\u00a0<br>O ile nie wskazano inaczej, wszelkie prawa do strony internetowej i informacji na stronie internetowej, w tym &#8211; ale nie wy\u0142\u0105cznie &#8211; prawa autorskie i inne prawa w\u0142asno\u015bci intelektualnej, nale\u017c\u0105 do Riwal. Prawa te odnosz\u0105 si\u0119 do wszystkich praw do marki, wizualizacji, znak\u00f3w tekstowych i logo Riwal przedstawionych na tej stronie.\u00a0<br>\u201eRiwal\u201d jest zarejestrowanym znakiem towarowym firmy Riwal.\u00a0<br>U\u017cytkownicy mog\u0105 czyta\u0107 i kopiowa\u0107 informacje na stronie internetowej do osobistego, niekomercyjnego u\u017cytku, na przyk\u0142ad drukuj\u0105c lub zapisuj\u0105c informacje.\u00a0<br>Jakiekolwiek inne wykorzystanie strony internetowej lub informacji na stronie internetowej, takie jak zapisywanie lub powielanie (cz\u0119\u015bci) witryny internetowej Riwal na zewn\u0119trznej stronie internetowej lub tworzenie link\u00f3w, odsy\u0142aczy lub \u0142\u0105czy bezpo\u015brednich mi\u0119dzy witryn\u0105 a jak\u0105kolwiek inn\u0105 witryn\u0105, jest zabronione bez pisemnej zgody Riwal.<\/p>\n<\/div>\n\n<div class=\"container\">\n<p><strong>Pozosta\u0142e<\/strong><\/p>\n<\/div>\n\n<div class=\"container\">\n<p>Ta klauzula mo\u017ce by\u0107 od czasu do czasu uaktualniana.<\/p>\n<\/div>","protected":false},"excerpt":{"rendered":"<p>Zastrze\u017cenie Riwal Poland Riwal zastrzega sobie prawo do zmiany tre\u015bci w dowolnym momencie lub do usuni\u0119cia jej cz\u0119\u015bci bez konieczno\u015bci powiadamiania u\u017cytkownika.&nbsp;U\u017cytkownicy serwisu s\u0105 proszeni o cz\u0119ste czytanie tej informacji, aby zawsze byli na bie\u017c\u0105co z najnowsz\u0105 wersj\u0105. Ograniczona odpowiedzialno\u015b\u0107 Riwal stara si\u0119 uzupe\u0142nia\u0107 i aktualizowa\u0107 zawarto\u015b\u0107 strony tak cz\u0119sto, jak to mo\u017cliwe. Pomimo tej &hellip; <a href=\"https:\/\/www.riwal.com\/pl\/zastrzezenie\/\">Kontynuuacja<\/a><\/p>\n","protected":false},"author":31,"featured_media":0,"parent":0,"menu_order":0,"comment_status":"closed","ping_status":"closed","template":"","meta":{"_acf_changed":false,"footnotes":""},"class_list":["post-4832","page","type-page","status-publish","hentry"],"acf":[],"yoast_head":"<!-- This site is optimized with the Yoast SEO Premium plugin v27.1 (Yoast SEO v27.1.1) - https:\/\/yoast.com\/product\/yoast-seo-premium-wordpress\/ -->\n<title>Zastrze\u017cenie - Riwal - Polska<\/title>\n<meta name=\"description\" content=\"Riwal zastrzega sobie prawo do zmiany tre\u015bci w dowolnym momencie lub do usuni\u0119cia jej cz\u0119\u015bci bez konieczno\u015bci powiadamiania u\u017cytkownika.\" \/>\n<meta name=\"robots\" content=\"index, follow, max-snippet:-1, max-image-preview:large, max-video-preview:-1\" \/>\n<link rel=\"canonical\" href=\"https:\/\/www.riwal.com\/pl\/zastrzezenie\/\" \/>\n<meta property=\"og:locale\" content=\"pl_PL\" \/>\n<meta property=\"og:type\" content=\"article\" \/>\n<meta property=\"og:title\" content=\"Zastrze\u017cenie\" \/>\n<meta property=\"og:description\" content=\"Riwal zastrzega sobie prawo do zmiany tre\u015bci w dowolnym momencie lub do usuni\u0119cia jej cz\u0119\u015bci bez konieczno\u015bci powiadamiania u\u017cytkownika.\" \/>\n<meta property=\"og:url\" content=\"https:\/\/www.riwal.com\/pl\/zastrzezenie\/\" \/>\n<meta property=\"og:site_name\" content=\"Riwal - Polska\" \/>\n<meta property=\"article:modified_time\" content=\"2023-10-30T15:59:49+00:00\" \/>\n<meta name=\"twitter:card\" content=\"summary_large_image\" \/>\n<meta name=\"twitter:label1\" content=\"Est. reading time\" \/>\n\t<meta name=\"twitter:data1\" content=\"4 minuty\" \/>\n<script type=\"application\/ld+json\" class=\"yoast-schema-graph\">{\"@context\":\"https:\/\/schema.org\",\"@graph\":[{\"@type\":\"WebPage\",\"@id\":\"https:\/\/www.riwal.com\/pl\/zastrzezenie\/\",\"url\":\"https:\/\/www.riwal.com\/pl\/zastrzezenie\/\",\"name\":\"Zastrze\u017cenie - Riwal - Polska\",\"isPartOf\":{\"@id\":\"https:\/\/www.riwal.com\/pl\/#website\"},\"datePublished\":\"2023-10-30T15:59:46+00:00\",\"dateModified\":\"2023-10-30T15:59:49+00:00\",\"description\":\"Riwal zastrzega sobie prawo do zmiany tre\u015bci w dowolnym momencie lub do usuni\u0119cia jej cz\u0119\u015bci bez konieczno\u015bci powiadamiania u\u017cytkownika.\",\"breadcrumb\":{\"@id\":\"https:\/\/www.riwal.com\/pl\/zastrzezenie\/#breadcrumb\"},\"inLanguage\":\"pl-PL\",\"potentialAction\":[{\"@type\":\"ReadAction\",\"target\":[\"https:\/\/www.riwal.com\/pl\/zastrzezenie\/\"]}]},{\"@type\":\"BreadcrumbList\",\"@id\":\"https:\/\/www.riwal.com\/pl\/zastrzezenie\/#breadcrumb\",\"itemListElement\":[{\"@type\":\"ListItem\",\"position\":1,\"name\":\"Strona g\u0142\u00f3wna\",\"item\":\"https:\/\/www.riwal.com\/pl\/\"},{\"@type\":\"ListItem\",\"position\":2,\"name\":\"Zastrze\u017cenie\"}]},{\"@type\":\"WebSite\",\"@id\":\"https:\/\/www.riwal.com\/pl\/#website\",\"url\":\"https:\/\/www.riwal.com\/pl\/\",\"name\":\"Riwal\",\"description\":\"Arial work platform &amp; Telehandler Rental\/Sales\",\"publisher\":{\"@id\":\"https:\/\/www.riwal.com\/pl\/#organization\"},\"potentialAction\":[{\"@type\":\"SearchAction\",\"target\":{\"@type\":\"EntryPoint\",\"urlTemplate\":\"https:\/\/www.riwal.com\/pl\/?s={search_term_string}\"},\"query-input\":{\"@type\":\"PropertyValueSpecification\",\"valueRequired\":true,\"valueName\":\"search_term_string\"}}],\"inLanguage\":\"pl-PL\"},{\"@type\":\"Organization\",\"@id\":\"https:\/\/www.riwal.com\/pl\/#organization\",\"name\":\"Riwal\",\"url\":\"https:\/\/www.riwal.com\/pl\/\",\"logo\":{\"@type\":\"ImageObject\",\"inLanguage\":\"pl-PL\",\"@id\":\"https:\/\/www.riwal.com\/pl\/#\/schema\/logo\/image\/\",\"url\":\"\",\"contentUrl\":\"\",\"caption\":\"Riwal\"},\"image\":{\"@id\":\"https:\/\/www.riwal.com\/pl\/#\/schema\/logo\/image\/\"}}]}<\/script>\n<!-- \/ Yoast SEO Premium plugin. -->","yoast_head_json":{"title":"Zastrze\u017cenie - Riwal - Polska","description":"Riwal zastrzega sobie prawo do zmiany tre\u015bci w dowolnym momencie lub do usuni\u0119cia jej cz\u0119\u015bci bez konieczno\u015bci powiadamiania u\u017cytkownika.","robots":{"index":"index","follow":"follow","max-snippet":"max-snippet:-1","max-image-preview":"max-image-preview:large","max-video-preview":"max-video-preview:-1"},"canonical":"https:\/\/www.riwal.com\/pl\/zastrzezenie\/","og_locale":"pl_PL","og_type":"article","og_title":"Zastrze\u017cenie","og_description":"Riwal zastrzega sobie prawo do zmiany tre\u015bci w dowolnym momencie lub do usuni\u0119cia jej cz\u0119\u015bci bez konieczno\u015bci powiadamiania u\u017cytkownika.","og_url":"https:\/\/www.riwal.com\/pl\/zastrzezenie\/","og_site_name":"Riwal - Polska","article_modified_time":"2023-10-30T15:59:49+00:00","twitter_card":"summary_large_image","twitter_misc":{"Est. reading time":"4 minuty"},"schema":{"@context":"https:\/\/schema.org","@graph":[{"@type":"WebPage","@id":"https:\/\/www.riwal.com\/pl\/zastrzezenie\/","url":"https:\/\/www.riwal.com\/pl\/zastrzezenie\/","name":"Zastrze\u017cenie - Riwal - Polska","isPartOf":{"@id":"https:\/\/www.riwal.com\/pl\/#website"},"datePublished":"2023-10-30T15:59:46+00:00","dateModified":"2023-10-30T15:59:49+00:00","description":"Riwal zastrzega sobie prawo do zmiany tre\u015bci w dowolnym momencie lub do usuni\u0119cia jej cz\u0119\u015bci bez konieczno\u015bci powiadamiania u\u017cytkownika.","breadcrumb":{"@id":"https:\/\/www.riwal.com\/pl\/zastrzezenie\/#breadcrumb"},"inLanguage":"pl-PL","potentialAction":[{"@type":"ReadAction","target":["https:\/\/www.riwal.com\/pl\/zastrzezenie\/"]}]},{"@type":"BreadcrumbList","@id":"https:\/\/www.riwal.com\/pl\/zastrzezenie\/#breadcrumb","itemListElement":[{"@type":"ListItem","position":1,"name":"Strona g\u0142\u00f3wna","item":"https:\/\/www.riwal.com\/pl\/"},{"@type":"ListItem","position":2,"name":"Zastrze\u017cenie"}]},{"@type":"WebSite","@id":"https:\/\/www.riwal.com\/pl\/#website","url":"https:\/\/www.riwal.com\/pl\/","name":"Riwal","description":"Arial work platform &amp; Telehandler Rental\/Sales","publisher":{"@id":"https:\/\/www.riwal.com\/pl\/#organization"},"potentialAction":[{"@type":"SearchAction","target":{"@type":"EntryPoint","urlTemplate":"https:\/\/www.riwal.com\/pl\/?s={search_term_string}"},"query-input":{"@type":"PropertyValueSpecification","valueRequired":true,"valueName":"search_term_string"}}],"inLanguage":"pl-PL"},{"@type":"Organization","@id":"https:\/\/www.riwal.com\/pl\/#organization","name":"Riwal","url":"https:\/\/www.riwal.com\/pl\/","logo":{"@type":"ImageObject","inLanguage":"pl-PL","@id":"https:\/\/www.riwal.com\/pl\/#\/schema\/logo\/image\/","url":"","contentUrl":"","caption":"Riwal"},"image":{"@id":"https:\/\/www.riwal.com\/pl\/#\/schema\/logo\/image\/"}}]}},"_links":{"self":[{"href":"https:\/\/www.riwal.com\/pl\/wp-json\/wp\/v2\/pages\/4832","targetHints":{"allow":["GET"]}}],"collection":[{"href":"https:\/\/www.riwal.com\/pl\/wp-json\/wp\/v2\/pages"}],"about":[{"href":"https:\/\/www.riwal.com\/pl\/wp-json\/wp\/v2\/types\/page"}],"author":[{"embeddable":true,"href":"https:\/\/www.riwal.com\/pl\/wp-json\/wp\/v2\/users\/31"}],"replies":[{"embeddable":true,"href":"https:\/\/www.riwal.com\/pl\/wp-json\/wp\/v2\/comments?post=4832"}],"version-history":[{"count":1,"href":"https:\/\/www.riwal.com\/pl\/wp-json\/wp\/v2\/pages\/4832\/revisions"}],"predecessor-version":[{"id":4833,"href":"https:\/\/www.riwal.com\/pl\/wp-json\/wp\/v2\/pages\/4832\/revisions\/4833"}],"wp:attachment":[{"href":"https:\/\/www.riwal.com\/pl\/wp-json\/wp\/v2\/media?parent=4832"}],"curies":[{"name":"wp","href":"https:\/\/api.w.org\/{rel}","templated":true}]}}