{"id":427,"date":"2023-04-21T12:12:55","date_gmt":"2023-04-21T12:12:55","guid":{"rendered":"https:\/\/www.riwal.com\/en\/?page_id=427"},"modified":"2024-10-22T10:13:36","modified_gmt":"2024-10-22T08:13:36","slug":"careers","status":"publish","type":"page","link":"https:\/\/www.riwal.com\/pl\/careers\/","title":{"rendered":"Kariera"},"content":{"rendered":"\n<div class=\"wp-block-rental-theme-header\">\n\t<div class=\"wp-block-rental-theme-header__lines\">\n\t\t<svg width=\"726\" height=\"442\" viewBox=\"0 0 726 442\" fill=\"none\" xmlns=\"http:\/\/www.w3.org\/2000\/svg\"><g opacity=\".5\"><mask id=\"path-1-inside-1_1_2\" fill=\"#fff\"><path fill-rule=\"evenodd\" clip-rule=\"evenodd\" d=\"M441.458.5H284.542L0 285.042v156.917l156.917-.001L363 235.876l206.083 206.082 156.917.001V285.042L441.458.5Z\"\/><\/mask><path d=\"M284.542.5v-1h-.415l-.292.293.707.707Zm156.916 0 .708-.707-.293-.293h-.415v1ZM0 285.042l-.707-.708-.293.293v.415h1Zm0 156.917h-1v1h1v-1Zm156.917-.001v1h.414l.293-.292-.707-.708ZM363 235.876l.707-.708-.707-.707-.707.707.707.708Zm206.083 206.082-.707.708.293.292h.414v-1Zm156.917.001v1h1v-1h-1Zm0-156.917h1v-.415l-.293-.293-.707.708ZM284.542 1.5h156.916v-2H284.542v2ZM.707 285.749 285.25 1.207l-1.414-1.414L-.707 284.334l1.414 1.415ZM1 441.959V285.042h-2v156.917h2Zm155.917-1.001L0 440.959v2l156.917-.001v-2Zm205.376-205.79L156.21 441.251l1.414 1.415 206.083-206.083-1.414-1.415Zm0 1.415 206.083 206.083 1.414-1.415-206.083-206.083-1.414 1.415Zm206.79 206.375 156.917.001v-2l-156.917-.001v2ZM727 441.959V285.042h-2v156.917h2Zm-.293-157.625L442.166-.206l-1.415 1.413L725.293 285.75l1.414-1.415Z\" fill=\"#5B728B\" mask=\"url(#path-1-inside-1_1_2)\"\/><\/g><\/svg>\t\t<svg width=\"726\" height=\"442\" viewBox=\"0 0 726 442\" fill=\"none\" xmlns=\"http:\/\/www.w3.org\/2000\/svg\"><g opacity=\".5\"><mask id=\"path-1-inside-1_1_2\" fill=\"#fff\"><path fill-rule=\"evenodd\" clip-rule=\"evenodd\" d=\"M441.458.5H284.542L0 285.042v156.917l156.917-.001L363 235.876l206.083 206.082 156.917.001V285.042L441.458.5Z\"\/><\/mask><path d=\"M284.542.5v-1h-.415l-.292.293.707.707Zm156.916 0 .708-.707-.293-.293h-.415v1ZM0 285.042l-.707-.708-.293.293v.415h1Zm0 156.917h-1v1h1v-1Zm156.917-.001v1h.414l.293-.292-.707-.708ZM363 235.876l.707-.708-.707-.707-.707.707.707.708Zm206.083 206.082-.707.708.293.292h.414v-1Zm156.917.001v1h1v-1h-1Zm0-156.917h1v-.415l-.293-.293-.707.708ZM284.542 1.5h156.916v-2H284.542v2ZM.707 285.749 285.25 1.207l-1.414-1.414L-.707 284.334l1.414 1.415ZM1 441.959V285.042h-2v156.917h2Zm155.917-1.001L0 440.959v2l156.917-.001v-2Zm205.376-205.79L156.21 441.251l1.414 1.415 206.083-206.083-1.414-1.415Zm0 1.415 206.083 206.083 1.414-1.415-206.083-206.083-1.414 1.415Zm206.79 206.375 156.917.001v-2l-156.917-.001v2ZM727 441.959V285.042h-2v156.917h2Zm-.293-157.625L442.166-.206l-1.415 1.413L725.293 285.75l1.414-1.415Z\" fill=\"#5B728B\" mask=\"url(#path-1-inside-1_1_2)\"\/><\/g><\/svg>\t<\/div>\n\t\t\t<div class=\"container\">\n\t\t<h1 class='wp-block-rental-theme-header__title' style='position: absolute; min-height: 120px'>Do\u0142\u0105cz do Riwal<\/h1>\t<\/div>\n<\/div>\n\n\n<div class=\"rental-wp-default-block rental-theme-block-default-margin\">\n\t\t\t\t\t\t\t\t<div class=\"container\">\n<div class=\"wp-block-columns image-text__columns is-layout-flex wp-container-core-columns-is-layout-28f84493 wp-block-columns-is-layout-flex\">\n<div class=\"wp-block-column image-text__column is-layout-flow wp-block-column-is-layout-flow\">\n<figure class=\"wp-block-image size-full is-resized\"><img decoding=\"async\" src=\"https:\/\/eqsk4m2dkju.exactdn.com\/app\/themes\/rental\/dist\/images\/double-image-example.jpg?strip=all&quality=92&webp=92&avif=80&sharp=1&w=1920\" alt=\"\" class=\"wp-image-253\" style=\"width:628px;height:628px\" \/><\/figure>\n<\/div>\n\n\n\n<div class=\"wp-block-column is-vertically-aligned-top has-primary-color has-text-color is-layout-flow wp-block-column-is-layout-flow\">\n<h2 class=\"wp-block-heading\" id=\"h-riwal-lubi-inwestowac-w-swoich-ludzi\">Riwal lubi inwestowa\u0107<br>w swoich ludzi<\/h2>\n\n\n\n<p>Ka\u017cda firma jest tak dobra jak jej pracownicy. Dlatego Riwal lubi inwestowa\u0107 w swoich ludzi. Niezale\u017cnie od stanowiska, u nas zawsze b\u0119dziesz mie\u0107 mo\u017cliwo\u015b\u0107 dalszego rozwoju swoich kompetencji i umiej\u0119tno\u015bci. Mo\u017cna to zrobi\u0107 poprzez kompleksowy program wdro\u017cenia oraz szkolenia wewn\u0119trzne i zewn\u0119trzne. Kluczowe dla naszej kultury s\u0105 podstawowe warto\u015bci: bezpiecze\u0144stwo, r\u00f3\u017cnorodno\u015b\u0107, uczciwo\u015b\u0107, praca zespo\u0142owa i zr\u00f3wnowa\u017cony rozw\u00f3j. Zawsze szukamy energicznych i pe\u0142nych pasji profesjonalist\u00f3w, kt\u00f3rzy ka\u017cdego dnia chc\u0105 pracowa\u0107 tak, aby zapewni\u0107 naszym klientom najwy\u017cszy poziom us\u0142ug.<\/p>\n\n\n\n<div class=\"wp-block-buttons is-content-justification-left is-layout-flex wp-container-core-buttons-is-layout-fc4fd283 wp-block-buttons-is-layout-flex\">\n<div class=\"wp-block-button\"><a class=\"wp-block-button__link wp-element-button\" href=\"https:\/\/careers.boels.com\/pl-pl\/oferty-pracy\">Boels Careers<\/a><\/div>\n<\/div>\n<\/div>\n<\/div>\n<\/div>\n\t\t\t\t\t\t\t<\/div> \n\n<div class=\"rental-wp-default-block rental-theme-block-default-margin\">\n\t\t\t\t\t\t\t\t<div class=\"container\"><\/div>\n\t\t\t\t\t\t\t<\/div> \n\n<div class=\"rental-wp-default-block rental-theme-block-default-margin\">\n\t\t\t\t\t\t\t\t<div class=\"container\">\n<div class=\"wp-block-columns is-layout-flex wp-container-core-columns-is-layout-28f84493 wp-block-columns-is-layout-flex\">\n<div class=\"wp-block-column is-layout-flow wp-block-column-is-layout-flow\"><\/div>\n<\/div>\n<\/div>\n\t\t\t\t\t\t\t<\/div> ","protected":false},"excerpt":{"rendered":"<p>Riwal lubi inwestowa\u0107w swoich ludzi Ka\u017cda firma jest tak dobra jak jej pracownicy. Dlatego Riwal lubi inwestowa\u0107 w swoich ludzi. Niezale\u017cnie od stanowiska, u nas zawsze b\u0119dziesz mie\u0107 mo\u017cliwo\u015b\u0107 dalszego rozwoju swoich kompetencji i umiej\u0119tno\u015bci. Mo\u017cna to zrobi\u0107 poprzez kompleksowy program wdro\u017cenia oraz szkolenia wewn\u0119trzne i zewn\u0119trzne. Kluczowe dla naszej kultury s\u0105 podstawowe warto\u015bci: bezpiecze\u0144stwo, &hellip; <a href=\"https:\/\/www.riwal.com\/pl\/careers\/\">Kontynuuacja<\/a><\/p>\n","protected":false},"author":6,"featured_media":0,"parent":0,"menu_order":0,"comment_status":"closed","ping_status":"closed","template":"","meta":{"_acf_changed":false,"footnotes":""},"class_list":["post-427","page","type-page","status-publish","hentry"],"acf":[],"yoast_head":"<!-- This site is optimized with the Yoast SEO Premium plugin v27.1 (Yoast SEO v27.1.1) - https:\/\/yoast.com\/product\/yoast-seo-premium-wordpress\/ -->\n<title>Kariera - Riwal - Polska<\/title>\n<meta name=\"robots\" content=\"index, follow, max-snippet:-1, max-image-preview:large, max-video-preview:-1\" \/>\n<link rel=\"canonical\" href=\"https:\/\/www.riwal.com\/pl\/careers\/\" \/>\n<meta property=\"og:locale\" content=\"pl_PL\" \/>\n<meta property=\"og:type\" content=\"article\" \/>\n<meta property=\"og:title\" content=\"Kariera\" \/>\n<meta property=\"og:description\" content=\"Riwal lubi inwestowa\u0107w swoich ludzi Ka\u017cda firma jest tak dobra jak jej pracownicy. Dlatego Riwal lubi inwestowa\u0107 w swoich ludzi. Niezale\u017cnie od stanowiska, u nas zawsze b\u0119dziesz mie\u0107 mo\u017cliwo\u015b\u0107 dalszego rozwoju swoich kompetencji i umiej\u0119tno\u015bci. Mo\u017cna to zrobi\u0107 poprzez kompleksowy program wdro\u017cenia oraz szkolenia wewn\u0119trzne i zewn\u0119trzne. Kluczowe dla naszej kultury s\u0105 podstawowe warto\u015bci: bezpiecze\u0144stwo, &hellip; Kontynuuacja\" \/>\n<meta property=\"og:url\" content=\"https:\/\/www.riwal.com\/pl\/careers\/\" \/>\n<meta property=\"og:site_name\" content=\"Riwal - Polska\" \/>\n<meta property=\"article:modified_time\" content=\"2024-10-22T08:13:36+00:00\" \/>\n<meta property=\"og:image\" content=\"https:\/\/www.riwal.com\/app\/themes\/rental\/dist\/images\/double-image-example.jpg\" \/>\n<meta name=\"twitter:card\" content=\"summary_large_image\" \/>\n<meta name=\"twitter:label1\" content=\"Est. reading time\" \/>\n\t<meta name=\"twitter:data1\" content=\"1 minuta\" \/>\n<script type=\"application\/ld+json\" class=\"yoast-schema-graph\">{\"@context\":\"https:\/\/schema.org\",\"@graph\":[{\"@type\":\"WebPage\",\"@id\":\"https:\/\/www.riwal.com\/pl\/careers\/\",\"url\":\"https:\/\/www.riwal.com\/pl\/careers\/\",\"name\":\"Kariera - Riwal - Polska\",\"isPartOf\":{\"@id\":\"https:\/\/www.riwal.com\/pl\/#website\"},\"primaryImageOfPage\":{\"@id\":\"https:\/\/www.riwal.com\/pl\/careers\/#primaryimage\"},\"image\":{\"@id\":\"https:\/\/www.riwal.com\/pl\/careers\/#primaryimage\"},\"thumbnailUrl\":\"https:\/\/www.riwal.com\/app\/themes\/rental\/dist\/images\/double-image-example.jpg\",\"datePublished\":\"2023-04-21T12:12:55+00:00\",\"dateModified\":\"2024-10-22T08:13:36+00:00\",\"breadcrumb\":{\"@id\":\"https:\/\/www.riwal.com\/pl\/careers\/#breadcrumb\"},\"inLanguage\":\"pl-PL\",\"potentialAction\":[{\"@type\":\"ReadAction\",\"target\":[\"https:\/\/www.riwal.com\/pl\/careers\/\"]}]},{\"@type\":\"ImageObject\",\"inLanguage\":\"pl-PL\",\"@id\":\"https:\/\/www.riwal.com\/pl\/careers\/#primaryimage\",\"url\":\"https:\/\/www.riwal.com\/app\/themes\/rental\/dist\/images\/double-image-example.jpg\",\"contentUrl\":\"https:\/\/www.riwal.com\/app\/themes\/rental\/dist\/images\/double-image-example.jpg\"},{\"@type\":\"BreadcrumbList\",\"@id\":\"https:\/\/www.riwal.com\/pl\/careers\/#breadcrumb\",\"itemListElement\":[{\"@type\":\"ListItem\",\"position\":1,\"name\":\"Strona g\u0142\u00f3wna\",\"item\":\"https:\/\/www.riwal.com\/pl\/\"},{\"@type\":\"ListItem\",\"position\":2,\"name\":\"Kariera\"}]},{\"@type\":\"WebSite\",\"@id\":\"https:\/\/www.riwal.com\/pl\/#website\",\"url\":\"https:\/\/www.riwal.com\/pl\/\",\"name\":\"Riwal\",\"description\":\"Arial work platform &amp; Telehandler Rental\/Sales\",\"publisher\":{\"@id\":\"https:\/\/www.riwal.com\/pl\/#organization\"},\"potentialAction\":[{\"@type\":\"SearchAction\",\"target\":{\"@type\":\"EntryPoint\",\"urlTemplate\":\"https:\/\/www.riwal.com\/pl\/?s={search_term_string}\"},\"query-input\":{\"@type\":\"PropertyValueSpecification\",\"valueRequired\":true,\"valueName\":\"search_term_string\"}}],\"inLanguage\":\"pl-PL\"},{\"@type\":\"Organization\",\"@id\":\"https:\/\/www.riwal.com\/pl\/#organization\",\"name\":\"Riwal\",\"url\":\"https:\/\/www.riwal.com\/pl\/\",\"logo\":{\"@type\":\"ImageObject\",\"inLanguage\":\"pl-PL\",\"@id\":\"https:\/\/www.riwal.com\/pl\/#\/schema\/logo\/image\/\",\"url\":\"\",\"contentUrl\":\"\",\"caption\":\"Riwal\"},\"image\":{\"@id\":\"https:\/\/www.riwal.com\/pl\/#\/schema\/logo\/image\/\"}}]}<\/script>\n<!-- \/ Yoast SEO Premium plugin. -->","yoast_head_json":{"title":"Kariera - Riwal - Polska","robots":{"index":"index","follow":"follow","max-snippet":"max-snippet:-1","max-image-preview":"max-image-preview:large","max-video-preview":"max-video-preview:-1"},"canonical":"https:\/\/www.riwal.com\/pl\/careers\/","og_locale":"pl_PL","og_type":"article","og_title":"Kariera","og_description":"Riwal lubi inwestowa\u0107w swoich ludzi Ka\u017cda firma jest tak dobra jak jej pracownicy. Dlatego Riwal lubi inwestowa\u0107 w swoich ludzi. Niezale\u017cnie od stanowiska, u nas zawsze b\u0119dziesz mie\u0107 mo\u017cliwo\u015b\u0107 dalszego rozwoju swoich kompetencji i umiej\u0119tno\u015bci. Mo\u017cna to zrobi\u0107 poprzez kompleksowy program wdro\u017cenia oraz szkolenia wewn\u0119trzne i zewn\u0119trzne. Kluczowe dla naszej kultury s\u0105 podstawowe warto\u015bci: bezpiecze\u0144stwo, &hellip; Kontynuuacja","og_url":"https:\/\/www.riwal.com\/pl\/careers\/","og_site_name":"Riwal - Polska","article_modified_time":"2024-10-22T08:13:36+00:00","og_image":[{"url":"https:\/\/www.riwal.com\/app\/themes\/rental\/dist\/images\/double-image-example.jpg","type":"","width":"","height":""}],"twitter_card":"summary_large_image","twitter_misc":{"Est. reading time":"1 minuta"},"schema":{"@context":"https:\/\/schema.org","@graph":[{"@type":"WebPage","@id":"https:\/\/www.riwal.com\/pl\/careers\/","url":"https:\/\/www.riwal.com\/pl\/careers\/","name":"Kariera - Riwal - Polska","isPartOf":{"@id":"https:\/\/www.riwal.com\/pl\/#website"},"primaryImageOfPage":{"@id":"https:\/\/www.riwal.com\/pl\/careers\/#primaryimage"},"image":{"@id":"https:\/\/www.riwal.com\/pl\/careers\/#primaryimage"},"thumbnailUrl":"https:\/\/www.riwal.com\/app\/themes\/rental\/dist\/images\/double-image-example.jpg","datePublished":"2023-04-21T12:12:55+00:00","dateModified":"2024-10-22T08:13:36+00:00","breadcrumb":{"@id":"https:\/\/www.riwal.com\/pl\/careers\/#breadcrumb"},"inLanguage":"pl-PL","potentialAction":[{"@type":"ReadAction","target":["https:\/\/www.riwal.com\/pl\/careers\/"]}]},{"@type":"ImageObject","inLanguage":"pl-PL","@id":"https:\/\/www.riwal.com\/pl\/careers\/#primaryimage","url":"https:\/\/www.riwal.com\/app\/themes\/rental\/dist\/images\/double-image-example.jpg","contentUrl":"https:\/\/www.riwal.com\/app\/themes\/rental\/dist\/images\/double-image-example.jpg"},{"@type":"BreadcrumbList","@id":"https:\/\/www.riwal.com\/pl\/careers\/#breadcrumb","itemListElement":[{"@type":"ListItem","position":1,"name":"Strona g\u0142\u00f3wna","item":"https:\/\/www.riwal.com\/pl\/"},{"@type":"ListItem","position":2,"name":"Kariera"}]},{"@type":"WebSite","@id":"https:\/\/www.riwal.com\/pl\/#website","url":"https:\/\/www.riwal.com\/pl\/","name":"Riwal","description":"Arial work platform &amp; Telehandler Rental\/Sales","publisher":{"@id":"https:\/\/www.riwal.com\/pl\/#organization"},"potentialAction":[{"@type":"SearchAction","target":{"@type":"EntryPoint","urlTemplate":"https:\/\/www.riwal.com\/pl\/?s={search_term_string}"},"query-input":{"@type":"PropertyValueSpecification","valueRequired":true,"valueName":"search_term_string"}}],"inLanguage":"pl-PL"},{"@type":"Organization","@id":"https:\/\/www.riwal.com\/pl\/#organization","name":"Riwal","url":"https:\/\/www.riwal.com\/pl\/","logo":{"@type":"ImageObject","inLanguage":"pl-PL","@id":"https:\/\/www.riwal.com\/pl\/#\/schema\/logo\/image\/","url":"","contentUrl":"","caption":"Riwal"},"image":{"@id":"https:\/\/www.riwal.com\/pl\/#\/schema\/logo\/image\/"}}]}},"_links":{"self":[{"href":"https:\/\/www.riwal.com\/pl\/wp-json\/wp\/v2\/pages\/427","targetHints":{"allow":["GET"]}}],"collection":[{"href":"https:\/\/www.riwal.com\/pl\/wp-json\/wp\/v2\/pages"}],"about":[{"href":"https:\/\/www.riwal.com\/pl\/wp-json\/wp\/v2\/types\/page"}],"author":[{"embeddable":true,"href":"https:\/\/www.riwal.com\/pl\/wp-json\/wp\/v2\/users\/6"}],"replies":[{"embeddable":true,"href":"https:\/\/www.riwal.com\/pl\/wp-json\/wp\/v2\/comments?post=427"}],"version-history":[{"count":46,"href":"https:\/\/www.riwal.com\/pl\/wp-json\/wp\/v2\/pages\/427\/revisions"}],"predecessor-version":[{"id":16069,"href":"https:\/\/www.riwal.com\/pl\/wp-json\/wp\/v2\/pages\/427\/revisions\/16069"}],"wp:attachment":[{"href":"https:\/\/www.riwal.com\/pl\/wp-json\/wp\/v2\/media?parent=427"}],"curies":[{"name":"wp","href":"https:\/\/api.w.org\/{rel}","templated":true}]}}