{"id":18788,"date":"2025-04-01T18:30:13","date_gmt":"2025-04-01T16:30:13","guid":{"rendered":"https:\/\/www.riwal.com\/pl\/?page_id=18788"},"modified":"2025-04-01T18:30:14","modified_gmt":"2025-04-01T16:30:14","slug":"oryginalne-czesci-zamienne-do-podestow-marki-faresin","status":"publish","type":"page","link":"https:\/\/www.riwal.com\/pl\/oryginalne-czesci-zamienne-do-podestow-marki-faresin\/","title":{"rendered":"Oryginalne cz\u0119\u015bci zamienne do podest\u00f3w marki Faresin"},"content":{"rendered":"<div class=\"container\">\n<h1 class=\"wp-block-heading\" id=\"h-serwis-i-oryginalne-czesci-zamienne-do-ladowarek-teleskopowych-marki-faresin\">Serwis i oryginalne cz\u0119\u015bci zamienne do \u0142adowarek teleskopowych marki Faresin<\/h1>\n<\/div>\n\n<div class=\"container\">\n<p>Potrzebujesz nowych cz\u0119\u015bci do \u0142adowarek teleskopowych lub platform do prac wysoko\u015bciowych marki Magni?<\/p>\n<\/div>\n\n<div class=\"container\">\n<p>Riwal jest dealerem Faresin.<br>Jeste\u015bmy specjalist\u0105 numer jeden w zakresie oryginalnych cz\u0119\u015bci i komponent\u00f3w do:<br>&#8211; \u0142adowarek teleskopowych<br>&#8211; maszyn Full Electric<br>Riwal, jako oficjalny dealer importuje i sprzedaje oryginalne cz\u0119\u015bci zamienne.<\/p>\n<\/div>\n\n<div class=\"container\">\n<p>Konieczno\u015b\u0107 wymiany cz\u0119\u015bci zawsze pojawia si\u0119 w nieodpowiednim czasie.<br>Riwal Cz\u0119\u015bci pomaga szybko zam\u00f3wi\u0107 konkretn\u0105 cz\u0119\u015b\u0107 i dostarczy\u0107 j\u0105 na czas.<br>Niezale\u017cnie od tego, czy jest to podest obrotowy, sta\u0142y czy typu heavy duty.<br>Nasz zesp\u00f3\u0142 Riwal Cz\u0119\u015bci jest gotowy, aby pom\u00f3c utrzyma\u0107 Twoje maszyny w najlepszym stanie!<\/p>\n<\/div>\n\n<div class=\"container\">\n<p>Innowacyjne podej\u015bcie przemys\u0142owe, dzi\u0119ki kt\u00f3remu Faresin mo\u017ce wyposa\u017cy\u0107 ka\u017cdy model w r\u00f3\u017cne konfiguracje, r\u00f3\u017cni\u0105ce si\u0119 osi\u0105gami i opcjami, ale zapewniaj\u0105ce maksymalny komfort i wydajno\u015b\u0107.\u00a0<\/p>\n<\/div>\n\n<div class=\"container\">\n<p>Czy wiesz, \u017ce mo\u017cesz \u0142atwo i szybko zam\u00f3wi\u0107 cz\u0119\u015bci Magni w Riwal?<br>Oryginalne cz\u0119\u015bci do podno\u015bnik\u00f3w koszowych renomowanych marek, takich jak Magni, mo\u017cna znale\u017a\u0107 w sklepie internetowym&nbsp;<a href=\"https:\/\/www.riwal.com\/poland\/pl-pl\/czesci\/sklep-my-riwal-czesci\">My Riwal Parts<\/a>.<\/p>\n<\/div>\n\n<div class=\"container\">\n<h2 class=\"wp-block-heading\" id=\"h-czesci-marki-faresin-dostepne-w-sklepie\">CZ\u0118\u015aCI MARKI FARESIN DOST\u0118PNE W SKLEPIE<\/h2>\n<\/div>\n\n<div class=\"container\">\n<p>Znajd\u017a pe\u0142ny asortyment\u00a0<strong>cz\u0119\u015bci <\/strong>Faresin\u00a0w My Riwal Cz\u0119\u015bci.<br>Niezale\u017cnie od tego, czy chodzi o<strong>\u00a0prze\u0142\u0105czniki<\/strong>,\u00a0<strong>filtry<\/strong>\u00a0czy\u00a0<strong>cz\u0119\u015bci elektroniczne<\/strong>\u00a0i\u00a0<strong>mechaniczne<\/strong>, znajdziesz je wszystkie w naszym sklepie internetowym.<br>My Riwal Cz\u0119\u015bci jest dost\u0119pny 24\/7, 365 dni w roku, z aktualnymi cenami i bie\u017c\u0105c\u0105 dost\u0119pno\u015bci\u0105 magazynow\u0105.<br>Cz\u0119\u015bci JLG mo\u017cna zamawia\u0107 nie tylko wed\u0142ug numeru cz\u0119\u015bci lub numeru seryjnego, ale tak\u017ce za pomoc\u0105 naszej unikalnej funkcji interaktywnych rysunk\u00f3w maszyn.<br>W My Riwal Cz\u0119\u015bci mo\u017cesz od razu zobaczy\u0107, czy potrzebna Ci cz\u0119\u015b\u0107 jest w naszym magazynie.<br>Dzi\u0119ki mo\u017cliwo\u015bci\u00a0<strong>szybkiej dostawy<\/strong>\u00a0Twoja maszyna b\u0119dzie gotowa do pracy w mgnieniu oka!<\/p>\n<\/div>\n\n<div class=\"container\">\n<p><\/p>\n<\/div>\n\n<div class=\"container\">\n<h3 class=\"wp-block-heading\" id=\"h-zamow-czesci-zamienne-faresin\">ZAM\u00d3W CZ\u0118\u015aCI ZAMIENNE FARESIN<\/h3>\n<\/div>\n\n<div class=\"container\">\n<p>W sklepie My Riwal Cz\u0119\u015bci znajdziesz oryginalne&nbsp;<strong>cz\u0119\u015bci zamienne<\/strong>&nbsp;do swoich maszyn.<\/p>\n<\/div>\n\n<div class=\"container\">\n<p>Nasz zesp\u00f3\u0142 do\u015bwiadczonych specjalist\u00f3w ch\u0119tnie pomo\u017ce Ci znale\u017a\u0107 potrzebn\u0105 cz\u0119\u015b\u0107 i doradzi w wyborze odpowiedniego komponentu dla Twojej maszyny.<br>Dzi\u0119ki My Riwal Cz\u0119\u015bci z szerok\u0105 gam\u0105 cz\u0119\u015bci do maszyn Faresin nie musisz ju\u017c martwi\u0107 si\u0119 o dost\u0119pno\u015b\u0107 potrzebnych cz\u0119\u015bci zamiennych.<\/p>\n<\/div>\n\n<div class=\"rental-wp-default-block rental-theme-block-default-margin\">\n\t\t\t\t\t\t\t\t<div class=\"container\">\n<div class=\"wp-block-columns is-layout-flex wp-container-core-columns-is-layout-28f84493 wp-block-columns-is-layout-flex\">\n<div class=\"wp-block-column is-layout-flow wp-block-column-is-layout-flow\">\n<figure class=\"wp-block-image aligncenter size-full\"><a href=\"https:\/\/www.myriwalparts.com\/riwalstore\/#\/user\/register\"><img loading=\"lazy\" decoding=\"async\" width=\"450\" height=\"230\" src=\"https:\/\/eqsk4m2dkju.exactdn.com\/app\/uploads\/sites\/9\/2024\/01\/zarejestruj-si-1.jpg?strip=all&quality=92&webp=92&avif=80&sharp=1\" alt=\"\" class=\"wp-image-5708\" srcset=\"https:\/\/eqsk4m2dkju.exactdn.com\/app\/uploads\/sites\/9\/2024\/01\/zarejestruj-si-1.jpg?strip=all&amp;quality=92&amp;webp=92&amp;avif=80&amp;sharp=1 450w, https:\/\/eqsk4m2dkju.exactdn.com\/app\/uploads\/sites\/9\/2024\/01\/zarejestruj-si-1-300x153.jpg?strip=all&amp;quality=92&amp;webp=92&amp;avif=80&amp;sharp=1 300w, https:\/\/eqsk4m2dkju.exactdn.com\/app\/uploads\/sites\/9\/2024\/01\/zarejestruj-si-1-178x91.jpg?strip=all&amp;quality=92&amp;webp=92&amp;avif=80&amp;sharp=1 178w, https:\/\/eqsk4m2dkju.exactdn.com\/app\/uploads\/sites\/9\/2024\/01\/zarejestruj-si-1-390x199.jpg?strip=all&amp;quality=92&amp;webp=92&amp;avif=80&amp;sharp=1 390w, https:\/\/eqsk4m2dkju.exactdn.com\/app\/uploads\/sites\/9\/2024\/01\/zarejestruj-si-1-250x128.jpg?strip=all&amp;quality=92&amp;webp=92&amp;avif=80&amp;sharp=1 250w, https:\/\/eqsk4m2dkju.exactdn.com\/app\/uploads\/sites\/9\/2024\/01\/zarejestruj-si-1-237x121.jpg?strip=all&amp;quality=92&amp;webp=92&amp;avif=80&amp;sharp=1 237w, https:\/\/eqsk4m2dkju.exactdn.com\/app\/uploads\/sites\/9\/2024\/01\/zarejestruj-si-1.jpg?strip=all&amp;quality=92&amp;webp=92&amp;avif=80&amp;sharp=1&amp;w=90 90w\" sizes=\"auto, (max-width: 450px) 100vw, 450px\" \/><\/a><figcaption class=\"wp-element-caption\"><a href=\"https:\/\/www.myriwalparts.com\/riwalstore\/#\/user\/register\"><strong>Za\u0142\u00f3\u017c bezp\u0142atne konto<\/strong>!<br>Zarejestruj si\u0119 ju\u017c dzi\u015b <\/a><\/figcaption><\/figure>\n<\/div>\n\n\n\n<div class=\"wp-block-column is-layout-flow wp-block-column-is-layout-flow\">\n<figure class=\"wp-block-image aligncenter size-full is-resized\"><a href=\"https:\/\/www.myriwalparts.com\/riwalstore\/#\/user\/login\"><img loading=\"lazy\" decoding=\"async\" width=\"450\" height=\"230\" src=\"https:\/\/eqsk4m2dkju.exactdn.com\/app\/uploads\/sites\/9\/2024\/01\/my-riwal-parts-sklep-internetowy_1-1.jpg?strip=all&quality=92&webp=92&avif=80&sharp=1\" alt=\"\" class=\"wp-image-5766\" style=\"width:383px;height:auto\" srcset=\"https:\/\/eqsk4m2dkju.exactdn.com\/app\/uploads\/sites\/9\/2024\/01\/my-riwal-parts-sklep-internetowy_1-1.jpg?strip=all&amp;quality=92&amp;webp=92&amp;avif=80&amp;sharp=1 450w, https:\/\/eqsk4m2dkju.exactdn.com\/app\/uploads\/sites\/9\/2024\/01\/my-riwal-parts-sklep-internetowy_1-1-300x153.jpg?strip=all&amp;quality=92&amp;webp=92&amp;avif=80&amp;sharp=1 300w, https:\/\/eqsk4m2dkju.exactdn.com\/app\/uploads\/sites\/9\/2024\/01\/my-riwal-parts-sklep-internetowy_1-1-178x91.jpg?strip=all&amp;quality=92&amp;webp=92&amp;avif=80&amp;sharp=1 178w, https:\/\/eqsk4m2dkju.exactdn.com\/app\/uploads\/sites\/9\/2024\/01\/my-riwal-parts-sklep-internetowy_1-1-390x199.jpg?strip=all&amp;quality=92&amp;webp=92&amp;avif=80&amp;sharp=1 390w, https:\/\/eqsk4m2dkju.exactdn.com\/app\/uploads\/sites\/9\/2024\/01\/my-riwal-parts-sklep-internetowy_1-1-250x128.jpg?strip=all&amp;quality=92&amp;webp=92&amp;avif=80&amp;sharp=1 250w, https:\/\/eqsk4m2dkju.exactdn.com\/app\/uploads\/sites\/9\/2024\/01\/my-riwal-parts-sklep-internetowy_1-1-237x121.jpg?strip=all&amp;quality=92&amp;webp=92&amp;avif=80&amp;sharp=1 237w, https:\/\/eqsk4m2dkju.exactdn.com\/app\/uploads\/sites\/9\/2024\/01\/my-riwal-parts-sklep-internetowy_1-1.jpg?strip=all&amp;quality=92&amp;webp=92&amp;avif=80&amp;sharp=1&amp;w=90 90w\" sizes=\"auto, (max-width: 450px) 100vw, 450px\" \/><\/a><figcaption class=\"wp-element-caption\"><a href=\"https:\/\/www.myriwalparts.com\/riwalstore\/#\/user\/login\"><strong>My Riwal Cz\u0119\u015bci <\/strong><br>Sklep internetowy do zamawiania cz\u0119\u015bci<\/a><\/figcaption><\/figure>\n<\/div>\n\n\n\n<div class=\"wp-block-column is-layout-flow wp-block-column-is-layout-flow\">\n<figure class=\"wp-block-image aligncenter size-full is-resized\"><a href=\"https:\/\/www.riwal.com\/pl\/personalne-doradztwo\/\"><img loading=\"lazy\" decoding=\"async\" width=\"450\" height=\"230\" src=\"https:\/\/eqsk4m2dkju.exactdn.com\/app\/uploads\/sites\/9\/2024\/01\/teaser-personal-service-czesci-1.jpg?strip=all&quality=92&webp=92&avif=80&sharp=1\" alt=\"\" class=\"wp-image-5704\" style=\"width:383px;height:auto\" srcset=\"https:\/\/eqsk4m2dkju.exactdn.com\/app\/uploads\/sites\/9\/2024\/01\/teaser-personal-service-czesci-1.jpg?strip=all&amp;quality=92&amp;webp=92&amp;avif=80&amp;sharp=1 450w, https:\/\/eqsk4m2dkju.exactdn.com\/app\/uploads\/sites\/9\/2024\/01\/teaser-personal-service-czesci-1-300x153.jpg?strip=all&amp;quality=92&amp;webp=92&amp;avif=80&amp;sharp=1 300w, https:\/\/eqsk4m2dkju.exactdn.com\/app\/uploads\/sites\/9\/2024\/01\/teaser-personal-service-czesci-1-178x91.jpg?strip=all&amp;quality=92&amp;webp=92&amp;avif=80&amp;sharp=1 178w, https:\/\/eqsk4m2dkju.exactdn.com\/app\/uploads\/sites\/9\/2024\/01\/teaser-personal-service-czesci-1-390x199.jpg?strip=all&amp;quality=92&amp;webp=92&amp;avif=80&amp;sharp=1 390w, https:\/\/eqsk4m2dkju.exactdn.com\/app\/uploads\/sites\/9\/2024\/01\/teaser-personal-service-czesci-1-250x128.jpg?strip=all&amp;quality=92&amp;webp=92&amp;avif=80&amp;sharp=1 250w, https:\/\/eqsk4m2dkju.exactdn.com\/app\/uploads\/sites\/9\/2024\/01\/teaser-personal-service-czesci-1-237x121.jpg?strip=all&amp;quality=92&amp;webp=92&amp;avif=80&amp;sharp=1 237w, https:\/\/eqsk4m2dkju.exactdn.com\/app\/uploads\/sites\/9\/2024\/01\/teaser-personal-service-czesci-1.jpg?strip=all&amp;quality=92&amp;webp=92&amp;avif=80&amp;sharp=1&amp;w=90 90w\" sizes=\"auto, (max-width: 450px) 100vw, 450px\" \/><\/a><figcaption class=\"wp-element-caption\"><a href=\"https:\/\/www.riwal.com\/pl\/personalne-doradztwo\/\"><strong>Indywidualne doradztwo<\/strong> <br>Potrzebujesz pomocy w znalezieniu cz\u0119\u015bci?<\/a><\/figcaption><\/figure>\n<\/div>\n<\/div>\n<\/div>\n\t\t\t\t\t\t\t<\/div> ","protected":false},"excerpt":{"rendered":"<p>Serwis i oryginalne cz\u0119\u015bci zamienne do \u0142adowarek teleskopowych marki Faresin Potrzebujesz nowych cz\u0119\u015bci do \u0142adowarek teleskopowych lub platform do prac wysoko\u015bciowych marki Magni? Riwal jest dealerem Faresin.Jeste\u015bmy specjalist\u0105 numer jeden w zakresie oryginalnych cz\u0119\u015bci i komponent\u00f3w do:&#8211; \u0142adowarek teleskopowych&#8211; maszyn Full ElectricRiwal, jako oficjalny dealer importuje i sprzedaje oryginalne cz\u0119\u015bci zamienne. Konieczno\u015b\u0107 wymiany cz\u0119\u015bci zawsze &hellip; <a href=\"https:\/\/www.riwal.com\/pl\/oryginalne-czesci-zamienne-do-podestow-marki-faresin\/\">Kontynuuacja<\/a><\/p>\n","protected":false},"author":31,"featured_media":0,"parent":0,"menu_order":0,"comment_status":"closed","ping_status":"closed","template":"","meta":{"_acf_changed":false,"footnotes":""},"class_list":["post-18788","page","type-page","status-publish","hentry"],"acf":[],"yoast_head":"<!-- This site is optimized with the Yoast SEO Premium plugin v27.1 (Yoast SEO v27.1.1) - https:\/\/yoast.com\/product\/yoast-seo-premium-wordpress\/ -->\n<title>Serwis i cz\u0119\u015bci zamienne do podest\u00f3w marki JLG | Riwal<\/title>\n<meta name=\"robots\" content=\"index, follow, max-snippet:-1, max-image-preview:large, max-video-preview:-1\" \/>\n<link rel=\"canonical\" href=\"https:\/\/www.riwal.com\/pl\/oryginalne-czesci-zamienne-do-podestow-marki-faresin\/\" \/>\n<meta property=\"og:locale\" content=\"pl_PL\" \/>\n<meta property=\"og:type\" content=\"article\" \/>\n<meta property=\"og:title\" content=\"Oryginalne cz\u0119\u015bci zamienne do podest\u00f3w marki Faresin\" \/>\n<meta property=\"og:description\" content=\"Serwis i oryginalne cz\u0119\u015bci zamienne do \u0142adowarek teleskopowych marki Faresin Potrzebujesz nowych cz\u0119\u015bci do \u0142adowarek teleskopowych lub platform do prac wysoko\u015bciowych marki Magni? Riwal jest dealerem Faresin.Jeste\u015bmy specjalist\u0105 numer jeden w zakresie oryginalnych cz\u0119\u015bci i komponent\u00f3w do:&#8211; \u0142adowarek teleskopowych&#8211; maszyn Full ElectricRiwal, jako oficjalny dealer importuje i sprzedaje oryginalne cz\u0119\u015bci zamienne. Konieczno\u015b\u0107 wymiany cz\u0119\u015bci zawsze &hellip; Kontynuuacja\" \/>\n<meta property=\"og:url\" content=\"https:\/\/www.riwal.com\/pl\/oryginalne-czesci-zamienne-do-podestow-marki-faresin\/\" \/>\n<meta property=\"og:site_name\" content=\"Riwal - Polska\" \/>\n<meta property=\"article:modified_time\" content=\"2025-04-01T16:30:14+00:00\" \/>\n<meta property=\"og:image\" content=\"https:\/\/www.riwal.com\/app\/uploads\/sites\/9\/2024\/01\/zarejestruj-si-1.jpg\" \/>\n<meta name=\"twitter:card\" content=\"summary_large_image\" \/>\n<meta name=\"twitter:label1\" content=\"Est. reading time\" \/>\n\t<meta name=\"twitter:data1\" content=\"3 minuty\" \/>\n<script type=\"application\/ld+json\" class=\"yoast-schema-graph\">{\"@context\":\"https:\/\/schema.org\",\"@graph\":[{\"@type\":\"WebPage\",\"@id\":\"https:\/\/www.riwal.com\/pl\/oryginalne-czesci-zamienne-do-podestow-marki-faresin\/\",\"url\":\"https:\/\/www.riwal.com\/pl\/oryginalne-czesci-zamienne-do-podestow-marki-faresin\/\",\"name\":\"Serwis i cz\u0119\u015bci zamienne do podest\u00f3w marki JLG | Riwal\",\"isPartOf\":{\"@id\":\"https:\/\/www.riwal.com\/pl\/#website\"},\"primaryImageOfPage\":{\"@id\":\"https:\/\/www.riwal.com\/pl\/oryginalne-czesci-zamienne-do-podestow-marki-faresin\/#primaryimage\"},\"image\":{\"@id\":\"https:\/\/www.riwal.com\/pl\/oryginalne-czesci-zamienne-do-podestow-marki-faresin\/#primaryimage\"},\"thumbnailUrl\":\"https:\/\/www.riwal.com\/app\/uploads\/sites\/9\/2024\/01\/zarejestruj-si-1.jpg\",\"datePublished\":\"2025-04-01T16:30:13+00:00\",\"dateModified\":\"2025-04-01T16:30:14+00:00\",\"breadcrumb\":{\"@id\":\"https:\/\/www.riwal.com\/pl\/oryginalne-czesci-zamienne-do-podestow-marki-faresin\/#breadcrumb\"},\"inLanguage\":\"pl-PL\",\"potentialAction\":[{\"@type\":\"ReadAction\",\"target\":[\"https:\/\/www.riwal.com\/pl\/oryginalne-czesci-zamienne-do-podestow-marki-faresin\/\"]}]},{\"@type\":\"ImageObject\",\"inLanguage\":\"pl-PL\",\"@id\":\"https:\/\/www.riwal.com\/pl\/oryginalne-czesci-zamienne-do-podestow-marki-faresin\/#primaryimage\",\"url\":\"https:\/\/www.riwal.com\/app\/uploads\/sites\/9\/2024\/01\/zarejestruj-si-1.jpg\",\"contentUrl\":\"https:\/\/www.riwal.com\/app\/uploads\/sites\/9\/2024\/01\/zarejestruj-si-1.jpg\"},{\"@type\":\"BreadcrumbList\",\"@id\":\"https:\/\/www.riwal.com\/pl\/oryginalne-czesci-zamienne-do-podestow-marki-faresin\/#breadcrumb\",\"itemListElement\":[{\"@type\":\"ListItem\",\"position\":1,\"name\":\"Strona g\u0142\u00f3wna\",\"item\":\"https:\/\/www.riwal.com\/pl\/\"},{\"@type\":\"ListItem\",\"position\":2,\"name\":\"Oryginalne cz\u0119\u015bci zamienne do podest\u00f3w marki Faresin\"}]},{\"@type\":\"WebSite\",\"@id\":\"https:\/\/www.riwal.com\/pl\/#website\",\"url\":\"https:\/\/www.riwal.com\/pl\/\",\"name\":\"Riwal\",\"description\":\"Arial work platform &amp; Telehandler Rental\/Sales\",\"publisher\":{\"@id\":\"https:\/\/www.riwal.com\/pl\/#organization\"},\"potentialAction\":[{\"@type\":\"SearchAction\",\"target\":{\"@type\":\"EntryPoint\",\"urlTemplate\":\"https:\/\/www.riwal.com\/pl\/?s={search_term_string}\"},\"query-input\":{\"@type\":\"PropertyValueSpecification\",\"valueRequired\":true,\"valueName\":\"search_term_string\"}}],\"inLanguage\":\"pl-PL\"},{\"@type\":\"Organization\",\"@id\":\"https:\/\/www.riwal.com\/pl\/#organization\",\"name\":\"Riwal\",\"url\":\"https:\/\/www.riwal.com\/pl\/\",\"logo\":{\"@type\":\"ImageObject\",\"inLanguage\":\"pl-PL\",\"@id\":\"https:\/\/www.riwal.com\/pl\/#\/schema\/logo\/image\/\",\"url\":\"\",\"contentUrl\":\"\",\"caption\":\"Riwal\"},\"image\":{\"@id\":\"https:\/\/www.riwal.com\/pl\/#\/schema\/logo\/image\/\"}}]}<\/script>\n<!-- \/ Yoast SEO Premium plugin. -->","yoast_head_json":{"title":"Serwis i cz\u0119\u015bci zamienne do podest\u00f3w marki JLG | Riwal","robots":{"index":"index","follow":"follow","max-snippet":"max-snippet:-1","max-image-preview":"max-image-preview:large","max-video-preview":"max-video-preview:-1"},"canonical":"https:\/\/www.riwal.com\/pl\/oryginalne-czesci-zamienne-do-podestow-marki-faresin\/","og_locale":"pl_PL","og_type":"article","og_title":"Oryginalne cz\u0119\u015bci zamienne do podest\u00f3w marki Faresin","og_description":"Serwis i oryginalne cz\u0119\u015bci zamienne do \u0142adowarek teleskopowych marki Faresin Potrzebujesz nowych cz\u0119\u015bci do \u0142adowarek teleskopowych lub platform do prac wysoko\u015bciowych marki Magni? Riwal jest dealerem Faresin.Jeste\u015bmy specjalist\u0105 numer jeden w zakresie oryginalnych cz\u0119\u015bci i komponent\u00f3w do:&#8211; \u0142adowarek teleskopowych&#8211; maszyn Full ElectricRiwal, jako oficjalny dealer importuje i sprzedaje oryginalne cz\u0119\u015bci zamienne. Konieczno\u015b\u0107 wymiany cz\u0119\u015bci zawsze &hellip; Kontynuuacja","og_url":"https:\/\/www.riwal.com\/pl\/oryginalne-czesci-zamienne-do-podestow-marki-faresin\/","og_site_name":"Riwal - Polska","article_modified_time":"2025-04-01T16:30:14+00:00","og_image":[{"url":"https:\/\/www.riwal.com\/app\/uploads\/sites\/9\/2024\/01\/zarejestruj-si-1.jpg","type":"","width":"","height":""}],"twitter_card":"summary_large_image","twitter_misc":{"Est. reading time":"3 minuty"},"schema":{"@context":"https:\/\/schema.org","@graph":[{"@type":"WebPage","@id":"https:\/\/www.riwal.com\/pl\/oryginalne-czesci-zamienne-do-podestow-marki-faresin\/","url":"https:\/\/www.riwal.com\/pl\/oryginalne-czesci-zamienne-do-podestow-marki-faresin\/","name":"Serwis i cz\u0119\u015bci zamienne do podest\u00f3w marki JLG | Riwal","isPartOf":{"@id":"https:\/\/www.riwal.com\/pl\/#website"},"primaryImageOfPage":{"@id":"https:\/\/www.riwal.com\/pl\/oryginalne-czesci-zamienne-do-podestow-marki-faresin\/#primaryimage"},"image":{"@id":"https:\/\/www.riwal.com\/pl\/oryginalne-czesci-zamienne-do-podestow-marki-faresin\/#primaryimage"},"thumbnailUrl":"https:\/\/www.riwal.com\/app\/uploads\/sites\/9\/2024\/01\/zarejestruj-si-1.jpg","datePublished":"2025-04-01T16:30:13+00:00","dateModified":"2025-04-01T16:30:14+00:00","breadcrumb":{"@id":"https:\/\/www.riwal.com\/pl\/oryginalne-czesci-zamienne-do-podestow-marki-faresin\/#breadcrumb"},"inLanguage":"pl-PL","potentialAction":[{"@type":"ReadAction","target":["https:\/\/www.riwal.com\/pl\/oryginalne-czesci-zamienne-do-podestow-marki-faresin\/"]}]},{"@type":"ImageObject","inLanguage":"pl-PL","@id":"https:\/\/www.riwal.com\/pl\/oryginalne-czesci-zamienne-do-podestow-marki-faresin\/#primaryimage","url":"https:\/\/www.riwal.com\/app\/uploads\/sites\/9\/2024\/01\/zarejestruj-si-1.jpg","contentUrl":"https:\/\/www.riwal.com\/app\/uploads\/sites\/9\/2024\/01\/zarejestruj-si-1.jpg"},{"@type":"BreadcrumbList","@id":"https:\/\/www.riwal.com\/pl\/oryginalne-czesci-zamienne-do-podestow-marki-faresin\/#breadcrumb","itemListElement":[{"@type":"ListItem","position":1,"name":"Strona g\u0142\u00f3wna","item":"https:\/\/www.riwal.com\/pl\/"},{"@type":"ListItem","position":2,"name":"Oryginalne cz\u0119\u015bci zamienne do podest\u00f3w marki Faresin"}]},{"@type":"WebSite","@id":"https:\/\/www.riwal.com\/pl\/#website","url":"https:\/\/www.riwal.com\/pl\/","name":"Riwal","description":"Arial work platform &amp; Telehandler Rental\/Sales","publisher":{"@id":"https:\/\/www.riwal.com\/pl\/#organization"},"potentialAction":[{"@type":"SearchAction","target":{"@type":"EntryPoint","urlTemplate":"https:\/\/www.riwal.com\/pl\/?s={search_term_string}"},"query-input":{"@type":"PropertyValueSpecification","valueRequired":true,"valueName":"search_term_string"}}],"inLanguage":"pl-PL"},{"@type":"Organization","@id":"https:\/\/www.riwal.com\/pl\/#organization","name":"Riwal","url":"https:\/\/www.riwal.com\/pl\/","logo":{"@type":"ImageObject","inLanguage":"pl-PL","@id":"https:\/\/www.riwal.com\/pl\/#\/schema\/logo\/image\/","url":"","contentUrl":"","caption":"Riwal"},"image":{"@id":"https:\/\/www.riwal.com\/pl\/#\/schema\/logo\/image\/"}}]}},"_links":{"self":[{"href":"https:\/\/www.riwal.com\/pl\/wp-json\/wp\/v2\/pages\/18788","targetHints":{"allow":["GET"]}}],"collection":[{"href":"https:\/\/www.riwal.com\/pl\/wp-json\/wp\/v2\/pages"}],"about":[{"href":"https:\/\/www.riwal.com\/pl\/wp-json\/wp\/v2\/types\/page"}],"author":[{"embeddable":true,"href":"https:\/\/www.riwal.com\/pl\/wp-json\/wp\/v2\/users\/31"}],"replies":[{"embeddable":true,"href":"https:\/\/www.riwal.com\/pl\/wp-json\/wp\/v2\/comments?post=18788"}],"version-history":[{"count":1,"href":"https:\/\/www.riwal.com\/pl\/wp-json\/wp\/v2\/pages\/18788\/revisions"}],"predecessor-version":[{"id":18792,"href":"https:\/\/www.riwal.com\/pl\/wp-json\/wp\/v2\/pages\/18788\/revisions\/18792"}],"wp:attachment":[{"href":"https:\/\/www.riwal.com\/pl\/wp-json\/wp\/v2\/media?parent=18788"}],"curies":[{"name":"wp","href":"https:\/\/api.w.org\/{rel}","templated":true}]}}