{"id":12402,"date":"2024-04-16T15:37:15","date_gmt":"2024-04-16T13:37:15","guid":{"rendered":"https:\/\/www.riwal.com\/pl\/?page_id=12402"},"modified":"2024-04-16T15:53:07","modified_gmt":"2024-04-16T13:53:07","slug":"dealer-jlg","status":"publish","type":"page","link":"https:\/\/www.riwal.com\/pl\/dealer-jlg\/","title":{"rendered":"Dealer JLG"},"content":{"rendered":"<div class=\"container\">\n<h1 class=\"wp-block-heading\" id=\"h-dealer-jlg\">Dealer JLG<\/h1>\n<\/div>\n\n<div class=\"container\">\n<h2 class=\"wp-block-heading\" id=\"h-czy-jestes-przedsiebiorca-zakup-podnosnika-koszowego-lub-ladowarki-teleskopowej-moze-byc-idealnym-rozwiazaniem-w-twojej-sytuacji\">Czy jeste\u015b przedsi\u0119biorc\u0105? Zakup podno\u015bnika koszowego <br>lub \u0142adowarki teleskopowej mo\u017ce by\u0107 idealnym rozwi\u0105zaniem w Twojej sytuacji.\u00a0<\/h2>\n<\/div>\n\n<div class=\"container\">\n<p>Od 1995 roku jeste\u015bmy wy\u0142\u0105cznym dealerem JLG Industries w Holandii, a obecnie jeste\u015bmy tak\u017ce oficjalnymi dealerami JLG w takich krajach jak&nbsp;<a href=\"https:\/\/www.riwal.com\/pl\/\">Polska<\/a>&nbsp;,&nbsp;<a href=\"https:\/\/www.riwal.com\/kk\/\">Kazachstan<\/a>&nbsp;,&nbsp;<a href=\"https:\/\/www.riwal.com\/hr\">Chorwacja<\/a>&nbsp;i&nbsp;<a href=\"https:\/\/www.riwal.com\/sl\/\">S\u0142owenia<\/a>&nbsp;.&nbsp;<\/p>\n<\/div>\n\n<div class=\"container\">\n<p>Zakup podno\u015bnika koszowego lub \u0142adowarki teleskopowej to inwestycja. Jako specjali\u015bci obs\u0142uguj\u0105cy ca\u0142y \u015bwiat, ch\u0119tnie dzielimy si\u0119 nasz\u0105 wiedz\u0105, aby pom\u00f3c Ci podj\u0105\u0107 w\u0142a\u015bciw\u0105 decyzj\u0119. Nie tylko sprzedajemy wysokiej jako\u015bci maszyny, ale tak\u017ce organizujemy transport na ca\u0142ym \u015bwiecie i za\u0142adunek kontener\u00f3w. Dzi\u0119ki naszym wyspecjalizowanym zespo\u0142om sprzeda\u017cy i wsparcia technicznego w 14 krajach lokalny ekspert Riwal jest zawsze dost\u0119pny w celu porady i konserwacji.<\/p>\n<\/div>\n\n<div class=\"container\">\n<ul class=\"wp-block-list\">\n<li>Wy\u0142\u0105czny dystrybutor cenionych marek<\/li>\n\n\n\n<li>Globalny zasi\u0119g dzi\u0119ki naszemu dzia\u0142owi sprzeda\u017cy mi\u0119dzynarodowej<\/li>\n\n\n\n<li>Globalne rozwi\u0105zania i globalna sie\u0107<\/li>\n\n\n\n<li>Pe\u0142na oferta rozwi\u0105za\u0144 elektrycznych firmy Riwal<\/li>\n\n\n\n<li>Dostawa na ca\u0142y \u015bwiat<\/li>\n\n\n\n<li>30 lat mi\u0119dzynarodowego do\u015bwiadczenia<\/li>\n<\/ul>\n<\/div>","protected":false},"excerpt":{"rendered":"<p>Dealer JLG Czy jeste\u015b przedsi\u0119biorc\u0105? Zakup podno\u015bnika koszowego lub \u0142adowarki teleskopowej mo\u017ce by\u0107 idealnym rozwi\u0105zaniem w Twojej sytuacji.\u00a0 Od 1995 roku jeste\u015bmy wy\u0142\u0105cznym dealerem JLG Industries w Holandii, a obecnie jeste\u015bmy tak\u017ce oficjalnymi dealerami JLG w takich krajach jak&nbsp;Polska&nbsp;,&nbsp;Kazachstan&nbsp;,&nbsp;Chorwacja&nbsp;i&nbsp;S\u0142owenia&nbsp;.&nbsp; Zakup podno\u015bnika koszowego lub \u0142adowarki teleskopowej to inwestycja. Jako specjali\u015bci obs\u0142uguj\u0105cy ca\u0142y \u015bwiat, ch\u0119tnie dzielimy si\u0119 &hellip; <a href=\"https:\/\/www.riwal.com\/pl\/dealer-jlg\/\">Kontynuuacja<\/a><\/p>\n","protected":false},"author":40,"featured_media":0,"parent":0,"menu_order":0,"comment_status":"closed","ping_status":"closed","template":"","meta":{"_acf_changed":false,"footnotes":""},"class_list":["post-12402","page","type-page","status-publish","hentry"],"acf":[],"yoast_head":"<!-- This site is optimized with the Yoast SEO Premium plugin v27.1 (Yoast SEO v27.1.1) - https:\/\/yoast.com\/product\/yoast-seo-premium-wordpress\/ -->\n<title>Dealer JLG - Riwal - Polska<\/title>\n<meta name=\"robots\" content=\"index, follow, max-snippet:-1, max-image-preview:large, max-video-preview:-1\" \/>\n<link rel=\"canonical\" href=\"https:\/\/www.riwal.com\/pl\/dealer-jlg\/\" \/>\n<meta property=\"og:locale\" content=\"pl_PL\" \/>\n<meta property=\"og:type\" content=\"article\" \/>\n<meta property=\"og:title\" content=\"Dealer JLG\" \/>\n<meta property=\"og:description\" content=\"Dealer JLG Czy jeste\u015b przedsi\u0119biorc\u0105? Zakup podno\u015bnika koszowego lub \u0142adowarki teleskopowej mo\u017ce by\u0107 idealnym rozwi\u0105zaniem w Twojej sytuacji.\u00a0 Od 1995 roku jeste\u015bmy wy\u0142\u0105cznym dealerem JLG Industries w Holandii, a obecnie jeste\u015bmy tak\u017ce oficjalnymi dealerami JLG w takich krajach jak&nbsp;Polska&nbsp;,&nbsp;Kazachstan&nbsp;,&nbsp;Chorwacja&nbsp;i&nbsp;S\u0142owenia&nbsp;.&nbsp; Zakup podno\u015bnika koszowego lub \u0142adowarki teleskopowej to inwestycja. Jako specjali\u015bci obs\u0142uguj\u0105cy ca\u0142y \u015bwiat, ch\u0119tnie dzielimy si\u0119 &hellip; Kontynuuacja\" \/>\n<meta property=\"og:url\" content=\"https:\/\/www.riwal.com\/pl\/dealer-jlg\/\" \/>\n<meta property=\"og:site_name\" content=\"Riwal - Polska\" \/>\n<meta property=\"article:modified_time\" content=\"2024-04-16T13:53:07+00:00\" \/>\n<meta name=\"twitter:card\" content=\"summary_large_image\" \/>\n<meta name=\"twitter:label1\" content=\"Est. reading time\" \/>\n\t<meta name=\"twitter:data1\" content=\"1 minuta\" \/>\n<script type=\"application\/ld+json\" class=\"yoast-schema-graph\">{\"@context\":\"https:\/\/schema.org\",\"@graph\":[{\"@type\":\"WebPage\",\"@id\":\"https:\/\/www.riwal.com\/pl\/dealer-jlg\/\",\"url\":\"https:\/\/www.riwal.com\/pl\/dealer-jlg\/\",\"name\":\"Dealer JLG - Riwal - Polska\",\"isPartOf\":{\"@id\":\"https:\/\/www.riwal.com\/pl\/#website\"},\"datePublished\":\"2024-04-16T13:37:15+00:00\",\"dateModified\":\"2024-04-16T13:53:07+00:00\",\"breadcrumb\":{\"@id\":\"https:\/\/www.riwal.com\/pl\/dealer-jlg\/#breadcrumb\"},\"inLanguage\":\"pl-PL\",\"potentialAction\":[{\"@type\":\"ReadAction\",\"target\":[\"https:\/\/www.riwal.com\/pl\/dealer-jlg\/\"]}]},{\"@type\":\"BreadcrumbList\",\"@id\":\"https:\/\/www.riwal.com\/pl\/dealer-jlg\/#breadcrumb\",\"itemListElement\":[{\"@type\":\"ListItem\",\"position\":1,\"name\":\"Strona g\u0142\u00f3wna\",\"item\":\"https:\/\/www.riwal.com\/pl\/\"},{\"@type\":\"ListItem\",\"position\":2,\"name\":\"Dealer JLG\"}]},{\"@type\":\"WebSite\",\"@id\":\"https:\/\/www.riwal.com\/pl\/#website\",\"url\":\"https:\/\/www.riwal.com\/pl\/\",\"name\":\"Riwal\",\"description\":\"Arial work platform &amp; Telehandler Rental\/Sales\",\"publisher\":{\"@id\":\"https:\/\/www.riwal.com\/pl\/#organization\"},\"potentialAction\":[{\"@type\":\"SearchAction\",\"target\":{\"@type\":\"EntryPoint\",\"urlTemplate\":\"https:\/\/www.riwal.com\/pl\/?s={search_term_string}\"},\"query-input\":{\"@type\":\"PropertyValueSpecification\",\"valueRequired\":true,\"valueName\":\"search_term_string\"}}],\"inLanguage\":\"pl-PL\"},{\"@type\":\"Organization\",\"@id\":\"https:\/\/www.riwal.com\/pl\/#organization\",\"name\":\"Riwal\",\"url\":\"https:\/\/www.riwal.com\/pl\/\",\"logo\":{\"@type\":\"ImageObject\",\"inLanguage\":\"pl-PL\",\"@id\":\"https:\/\/www.riwal.com\/pl\/#\/schema\/logo\/image\/\",\"url\":\"\",\"contentUrl\":\"\",\"caption\":\"Riwal\"},\"image\":{\"@id\":\"https:\/\/www.riwal.com\/pl\/#\/schema\/logo\/image\/\"}}]}<\/script>\n<!-- \/ Yoast SEO Premium plugin. -->","yoast_head_json":{"title":"Dealer JLG - Riwal - Polska","robots":{"index":"index","follow":"follow","max-snippet":"max-snippet:-1","max-image-preview":"max-image-preview:large","max-video-preview":"max-video-preview:-1"},"canonical":"https:\/\/www.riwal.com\/pl\/dealer-jlg\/","og_locale":"pl_PL","og_type":"article","og_title":"Dealer JLG","og_description":"Dealer JLG Czy jeste\u015b przedsi\u0119biorc\u0105? Zakup podno\u015bnika koszowego lub \u0142adowarki teleskopowej mo\u017ce by\u0107 idealnym rozwi\u0105zaniem w Twojej sytuacji.\u00a0 Od 1995 roku jeste\u015bmy wy\u0142\u0105cznym dealerem JLG Industries w Holandii, a obecnie jeste\u015bmy tak\u017ce oficjalnymi dealerami JLG w takich krajach jak&nbsp;Polska&nbsp;,&nbsp;Kazachstan&nbsp;,&nbsp;Chorwacja&nbsp;i&nbsp;S\u0142owenia&nbsp;.&nbsp; Zakup podno\u015bnika koszowego lub \u0142adowarki teleskopowej to inwestycja. Jako specjali\u015bci obs\u0142uguj\u0105cy ca\u0142y \u015bwiat, ch\u0119tnie dzielimy si\u0119 &hellip; Kontynuuacja","og_url":"https:\/\/www.riwal.com\/pl\/dealer-jlg\/","og_site_name":"Riwal - Polska","article_modified_time":"2024-04-16T13:53:07+00:00","twitter_card":"summary_large_image","twitter_misc":{"Est. reading time":"1 minuta"},"schema":{"@context":"https:\/\/schema.org","@graph":[{"@type":"WebPage","@id":"https:\/\/www.riwal.com\/pl\/dealer-jlg\/","url":"https:\/\/www.riwal.com\/pl\/dealer-jlg\/","name":"Dealer JLG - Riwal - Polska","isPartOf":{"@id":"https:\/\/www.riwal.com\/pl\/#website"},"datePublished":"2024-04-16T13:37:15+00:00","dateModified":"2024-04-16T13:53:07+00:00","breadcrumb":{"@id":"https:\/\/www.riwal.com\/pl\/dealer-jlg\/#breadcrumb"},"inLanguage":"pl-PL","potentialAction":[{"@type":"ReadAction","target":["https:\/\/www.riwal.com\/pl\/dealer-jlg\/"]}]},{"@type":"BreadcrumbList","@id":"https:\/\/www.riwal.com\/pl\/dealer-jlg\/#breadcrumb","itemListElement":[{"@type":"ListItem","position":1,"name":"Strona g\u0142\u00f3wna","item":"https:\/\/www.riwal.com\/pl\/"},{"@type":"ListItem","position":2,"name":"Dealer JLG"}]},{"@type":"WebSite","@id":"https:\/\/www.riwal.com\/pl\/#website","url":"https:\/\/www.riwal.com\/pl\/","name":"Riwal","description":"Arial work platform &amp; Telehandler Rental\/Sales","publisher":{"@id":"https:\/\/www.riwal.com\/pl\/#organization"},"potentialAction":[{"@type":"SearchAction","target":{"@type":"EntryPoint","urlTemplate":"https:\/\/www.riwal.com\/pl\/?s={search_term_string}"},"query-input":{"@type":"PropertyValueSpecification","valueRequired":true,"valueName":"search_term_string"}}],"inLanguage":"pl-PL"},{"@type":"Organization","@id":"https:\/\/www.riwal.com\/pl\/#organization","name":"Riwal","url":"https:\/\/www.riwal.com\/pl\/","logo":{"@type":"ImageObject","inLanguage":"pl-PL","@id":"https:\/\/www.riwal.com\/pl\/#\/schema\/logo\/image\/","url":"","contentUrl":"","caption":"Riwal"},"image":{"@id":"https:\/\/www.riwal.com\/pl\/#\/schema\/logo\/image\/"}}]}},"_links":{"self":[{"href":"https:\/\/www.riwal.com\/pl\/wp-json\/wp\/v2\/pages\/12402","targetHints":{"allow":["GET"]}}],"collection":[{"href":"https:\/\/www.riwal.com\/pl\/wp-json\/wp\/v2\/pages"}],"about":[{"href":"https:\/\/www.riwal.com\/pl\/wp-json\/wp\/v2\/types\/page"}],"author":[{"embeddable":true,"href":"https:\/\/www.riwal.com\/pl\/wp-json\/wp\/v2\/users\/40"}],"replies":[{"embeddable":true,"href":"https:\/\/www.riwal.com\/pl\/wp-json\/wp\/v2\/comments?post=12402"}],"version-history":[{"count":4,"href":"https:\/\/www.riwal.com\/pl\/wp-json\/wp\/v2\/pages\/12402\/revisions"}],"predecessor-version":[{"id":12408,"href":"https:\/\/www.riwal.com\/pl\/wp-json\/wp\/v2\/pages\/12402\/revisions\/12408"}],"wp:attachment":[{"href":"https:\/\/www.riwal.com\/pl\/wp-json\/wp\/v2\/media?parent=12402"}],"curies":[{"name":"wp","href":"https:\/\/api.w.org\/{rel}","templated":true}]}}