{"id":699,"date":"2023-05-01T14:14:18","date_gmt":"2023-05-01T14:14:18","guid":{"rendered":"https:\/\/www.riwal.com\/en\/?page_id=699"},"modified":"2024-01-16T10:51:09","modified_gmt":"2024-01-16T10:51:09","slug":"side-ikke-funnet","status":"publish","type":"page","link":"https:\/\/www.riwal.com\/no\/side-ikke-funnet\/","title":{"rendered":"Side ikke funnet"},"content":{"rendered":"<div class=\"rental-wp-default-block rental-theme-block-default-margin\">\n\t\t\t\t\t\t\t\t<div class=\"container\">\n<div class=\"wp-block-rental-theme-title-text rental-theme-block-default-margin\">\n\t<div class=\"wp-block-rental-theme-title-text__container\">\n\t\t<div class=\"wp-block-rental-theme-title-text__wrapper\">\n\t\t\t<h1 class='wp-block-rental-theme-title-text__title'>Side ikke funnet<\/h1>\t\t<\/div>\n\t\t<div class='wp-block-rental-theme-title-text__text'>\n\n<p>Finner du ikke det du leter etter? Pr\u00f8v \u00e5 g\u00e5 tilbake til hjemmesiden eller sjekk andre nyttige sider!<\/p>\n\n\n\n<p><a href=\"https:\/\/www.riwal.com\/no\/utleie\/\">Utleie <\/a><\/p>\n\n\n\n<p><a href=\"https:\/\/www.riwal.com\/no\/salg\/\">Salg <\/a><\/p>\n\n\n\n<p><a href=\"https:\/\/www.riwal.com\/no\/service-sakkyndig-kontroll-riwal-norge\/\">Service<\/a><\/p>\n\n\n\n<p><a href=\"https:\/\/www.riwal.com\/no\/riwal-norge-originale-reservedeler\/\">Reservedeler<\/a><\/p>\n\n\n\n<p>Har du sp\u00f8rsm\u00e5l? Vennligst kontakt oss p\u00e5 +47 22 32 41 10 eller <a href=\"mailto:lift_no@riwal.com\">lift_no@riwal.com<\/a>.<\/p>\n\n<\/div>\n\t<\/div>\n<\/div><\/div>\n\t\t\t\t\t\t\t<\/div> ","protected":false},"excerpt":{"rendered":"","protected":false},"author":3,"featured_media":4175,"parent":0,"menu_order":0,"comment_status":"closed","ping_status":"closed","template":"","meta":{"_acf_changed":false,"footnotes":""},"class_list":["post-699","page","type-page","status-publish","has-post-thumbnail","hentry"],"acf":[],"yoast_head":"<!-- This site is optimized with the Yoast SEO Premium plugin v27.1 (Yoast SEO v27.1.1) - https:\/\/yoast.com\/product\/yoast-seo-premium-wordpress\/ -->\n<title>Side ikke funnet - Riwal Norge<\/title>\n<meta name=\"description\" content=\"Oops! Det ser ut til at du har kommet til en side som ikke finnes. Ikke bekymre deg, vi jobber med \u00e5 l\u00f8se problemet. Du kan g\u00e5 tilbake til startsiden.\" \/>\n<meta name=\"robots\" content=\"index, follow, max-snippet:-1, max-image-preview:large, max-video-preview:-1\" \/>\n<link rel=\"canonical\" href=\"https:\/\/www.riwal.com\/no\/side-ikke-funnet\/\" \/>\n<meta property=\"og:locale\" content=\"nn_NO\" \/>\n<meta property=\"og:type\" content=\"article\" \/>\n<meta property=\"og:title\" content=\"Side ikke funnet\" \/>\n<meta property=\"og:description\" content=\"Oops! Det ser ut til at du har kommet til en side som ikke finnes. Ikke bekymre deg, vi jobber med \u00e5 l\u00f8se problemet. Du kan g\u00e5 tilbake til startsiden.\" \/>\n<meta property=\"og:url\" content=\"https:\/\/www.riwal.com\/no\/side-ikke-funnet\/\" \/>\n<meta property=\"og:site_name\" content=\"Riwal Norge\" \/>\n<meta property=\"article:modified_time\" content=\"2024-01-16T10:51:09+00:00\" \/>\n<meta property=\"og:image\" content=\"https:\/\/www.riwal.com\/app\/uploads\/sites\/12\/2024\/01\/riwal-holding-group-404-error-page-not-found.jpg\" \/>\n\t<meta property=\"og:image:width\" content=\"470\" \/>\n\t<meta property=\"og:image:height\" content=\"600\" \/>\n\t<meta property=\"og:image:type\" content=\"image\/jpeg\" \/>\n<meta name=\"twitter:card\" content=\"summary_large_image\" \/>\n<meta name=\"twitter:label1\" content=\"Est. reading time\" \/>\n\t<meta name=\"twitter:data1\" content=\"1 minutt\" \/>\n<script type=\"application\/ld+json\" class=\"yoast-schema-graph\">{\"@context\":\"https:\/\/schema.org\",\"@graph\":[{\"@type\":\"WebPage\",\"@id\":\"https:\/\/www.riwal.com\/no\/side-ikke-funnet\/\",\"url\":\"https:\/\/www.riwal.com\/no\/side-ikke-funnet\/\",\"name\":\"Side ikke funnet - Riwal Norge\",\"isPartOf\":{\"@id\":\"https:\/\/www.riwal.com\/no\/#website\"},\"primaryImageOfPage\":{\"@id\":\"https:\/\/www.riwal.com\/no\/side-ikke-funnet\/#primaryimage\"},\"image\":{\"@id\":\"https:\/\/www.riwal.com\/no\/side-ikke-funnet\/#primaryimage\"},\"thumbnailUrl\":\"https:\/\/eqsk4m2dkju.exactdn.com\/app\/uploads\/sites\/12\/2024\/01\/riwal-holding-group-404-error-page-not-found.jpg?strip=all&quality=92&webp=92&avif=80&sharp=1\",\"datePublished\":\"2023-05-01T14:14:18+00:00\",\"dateModified\":\"2024-01-16T10:51:09+00:00\",\"description\":\"Oops! Det ser ut til at du har kommet til en side som ikke finnes. Ikke bekymre deg, vi jobber med \u00e5 l\u00f8se problemet. Du kan g\u00e5 tilbake til startsiden.\",\"breadcrumb\":{\"@id\":\"https:\/\/www.riwal.com\/no\/side-ikke-funnet\/#breadcrumb\"},\"inLanguage\":\"nn-NO\",\"potentialAction\":[{\"@type\":\"ReadAction\",\"target\":[\"https:\/\/www.riwal.com\/no\/side-ikke-funnet\/\"]}]},{\"@type\":\"ImageObject\",\"inLanguage\":\"nn-NO\",\"@id\":\"https:\/\/www.riwal.com\/no\/side-ikke-funnet\/#primaryimage\",\"url\":\"https:\/\/eqsk4m2dkju.exactdn.com\/app\/uploads\/sites\/12\/2024\/01\/riwal-holding-group-404-error-page-not-found.jpg?strip=all&quality=92&webp=92&avif=80&sharp=1\",\"contentUrl\":\"https:\/\/eqsk4m2dkju.exactdn.com\/app\/uploads\/sites\/12\/2024\/01\/riwal-holding-group-404-error-page-not-found.jpg?strip=all&quality=92&webp=92&avif=80&sharp=1\",\"width\":470,\"height\":600},{\"@type\":\"BreadcrumbList\",\"@id\":\"https:\/\/www.riwal.com\/no\/side-ikke-funnet\/#breadcrumb\",\"itemListElement\":[{\"@type\":\"ListItem\",\"position\":1,\"name\":\"Hjem\",\"item\":\"https:\/\/www.riwal.com\/no\/\"},{\"@type\":\"ListItem\",\"position\":2,\"name\":\"Side ikke funnet\"}]},{\"@type\":\"WebSite\",\"@id\":\"https:\/\/www.riwal.com\/no\/#website\",\"url\":\"https:\/\/www.riwal.com\/no\/\",\"name\":\"Riwal\",\"description\":\"JLG lifter til salgs\",\"publisher\":{\"@id\":\"https:\/\/www.riwal.com\/no\/#organization\"},\"potentialAction\":[{\"@type\":\"SearchAction\",\"target\":{\"@type\":\"EntryPoint\",\"urlTemplate\":\"https:\/\/www.riwal.com\/no\/?s={search_term_string}\"},\"query-input\":{\"@type\":\"PropertyValueSpecification\",\"valueRequired\":true,\"valueName\":\"search_term_string\"}}],\"inLanguage\":\"nn-NO\"},{\"@type\":\"Organization\",\"@id\":\"https:\/\/www.riwal.com\/no\/#organization\",\"name\":\"Riwal\",\"url\":\"https:\/\/www.riwal.com\/no\/\",\"logo\":{\"@type\":\"ImageObject\",\"inLanguage\":\"nn-NO\",\"@id\":\"https:\/\/www.riwal.com\/no\/#\/schema\/logo\/image\/\",\"url\":\"\",\"contentUrl\":\"\",\"caption\":\"Riwal\"},\"image\":{\"@id\":\"https:\/\/www.riwal.com\/no\/#\/schema\/logo\/image\/\"}}]}<\/script>\n<!-- \/ Yoast SEO Premium plugin. -->","yoast_head_json":{"title":"Side ikke funnet - Riwal Norge","description":"Oops! Det ser ut til at du har kommet til en side som ikke finnes. Ikke bekymre deg, vi jobber med \u00e5 l\u00f8se problemet. Du kan g\u00e5 tilbake til startsiden.","robots":{"index":"index","follow":"follow","max-snippet":"max-snippet:-1","max-image-preview":"max-image-preview:large","max-video-preview":"max-video-preview:-1"},"canonical":"https:\/\/www.riwal.com\/no\/side-ikke-funnet\/","og_locale":"nn_NO","og_type":"article","og_title":"Side ikke funnet","og_description":"Oops! Det ser ut til at du har kommet til en side som ikke finnes. Ikke bekymre deg, vi jobber med \u00e5 l\u00f8se problemet. Du kan g\u00e5 tilbake til startsiden.","og_url":"https:\/\/www.riwal.com\/no\/side-ikke-funnet\/","og_site_name":"Riwal Norge","article_modified_time":"2024-01-16T10:51:09+00:00","og_image":[{"width":470,"height":600,"url":"https:\/\/www.riwal.com\/app\/uploads\/sites\/12\/2024\/01\/riwal-holding-group-404-error-page-not-found.jpg","type":"image\/jpeg"}],"twitter_card":"summary_large_image","twitter_misc":{"Est. reading time":"1 minutt"},"schema":{"@context":"https:\/\/schema.org","@graph":[{"@type":"WebPage","@id":"https:\/\/www.riwal.com\/no\/side-ikke-funnet\/","url":"https:\/\/www.riwal.com\/no\/side-ikke-funnet\/","name":"Side ikke funnet - Riwal Norge","isPartOf":{"@id":"https:\/\/www.riwal.com\/no\/#website"},"primaryImageOfPage":{"@id":"https:\/\/www.riwal.com\/no\/side-ikke-funnet\/#primaryimage"},"image":{"@id":"https:\/\/www.riwal.com\/no\/side-ikke-funnet\/#primaryimage"},"thumbnailUrl":"https:\/\/eqsk4m2dkju.exactdn.com\/app\/uploads\/sites\/12\/2024\/01\/riwal-holding-group-404-error-page-not-found.jpg?strip=all&quality=92&webp=92&avif=80&sharp=1","datePublished":"2023-05-01T14:14:18+00:00","dateModified":"2024-01-16T10:51:09+00:00","description":"Oops! Det ser ut til at du har kommet til en side som ikke finnes. Ikke bekymre deg, vi jobber med \u00e5 l\u00f8se problemet. Du kan g\u00e5 tilbake til startsiden.","breadcrumb":{"@id":"https:\/\/www.riwal.com\/no\/side-ikke-funnet\/#breadcrumb"},"inLanguage":"nn-NO","potentialAction":[{"@type":"ReadAction","target":["https:\/\/www.riwal.com\/no\/side-ikke-funnet\/"]}]},{"@type":"ImageObject","inLanguage":"nn-NO","@id":"https:\/\/www.riwal.com\/no\/side-ikke-funnet\/#primaryimage","url":"https:\/\/eqsk4m2dkju.exactdn.com\/app\/uploads\/sites\/12\/2024\/01\/riwal-holding-group-404-error-page-not-found.jpg?strip=all&quality=92&webp=92&avif=80&sharp=1","contentUrl":"https:\/\/eqsk4m2dkju.exactdn.com\/app\/uploads\/sites\/12\/2024\/01\/riwal-holding-group-404-error-page-not-found.jpg?strip=all&quality=92&webp=92&avif=80&sharp=1","width":470,"height":600},{"@type":"BreadcrumbList","@id":"https:\/\/www.riwal.com\/no\/side-ikke-funnet\/#breadcrumb","itemListElement":[{"@type":"ListItem","position":1,"name":"Hjem","item":"https:\/\/www.riwal.com\/no\/"},{"@type":"ListItem","position":2,"name":"Side ikke funnet"}]},{"@type":"WebSite","@id":"https:\/\/www.riwal.com\/no\/#website","url":"https:\/\/www.riwal.com\/no\/","name":"Riwal","description":"JLG lifter til salgs","publisher":{"@id":"https:\/\/www.riwal.com\/no\/#organization"},"potentialAction":[{"@type":"SearchAction","target":{"@type":"EntryPoint","urlTemplate":"https:\/\/www.riwal.com\/no\/?s={search_term_string}"},"query-input":{"@type":"PropertyValueSpecification","valueRequired":true,"valueName":"search_term_string"}}],"inLanguage":"nn-NO"},{"@type":"Organization","@id":"https:\/\/www.riwal.com\/no\/#organization","name":"Riwal","url":"https:\/\/www.riwal.com\/no\/","logo":{"@type":"ImageObject","inLanguage":"nn-NO","@id":"https:\/\/www.riwal.com\/no\/#\/schema\/logo\/image\/","url":"","contentUrl":"","caption":"Riwal"},"image":{"@id":"https:\/\/www.riwal.com\/no\/#\/schema\/logo\/image\/"}}]}},"_links":{"self":[{"href":"https:\/\/www.riwal.com\/no\/wp-json\/wp\/v2\/pages\/699","targetHints":{"allow":["GET"]}}],"collection":[{"href":"https:\/\/www.riwal.com\/no\/wp-json\/wp\/v2\/pages"}],"about":[{"href":"https:\/\/www.riwal.com\/no\/wp-json\/wp\/v2\/types\/page"}],"author":[{"embeddable":true,"href":"https:\/\/www.riwal.com\/no\/wp-json\/wp\/v2\/users\/3"}],"replies":[{"embeddable":true,"href":"https:\/\/www.riwal.com\/no\/wp-json\/wp\/v2\/comments?post=699"}],"version-history":[{"count":13,"href":"https:\/\/www.riwal.com\/no\/wp-json\/wp\/v2\/pages\/699\/revisions"}],"predecessor-version":[{"id":4174,"href":"https:\/\/www.riwal.com\/no\/wp-json\/wp\/v2\/pages\/699\/revisions\/4174"}],"wp:featuredmedia":[{"embeddable":true,"href":"https:\/\/www.riwal.com\/no\/wp-json\/wp\/v2\/media\/4175"}],"wp:attachment":[{"href":"https:\/\/www.riwal.com\/no\/wp-json\/wp\/v2\/media?parent=699"}],"curies":[{"name":"wp","href":"https:\/\/api.w.org\/{rel}","templated":true}]}}