{"id":6204,"date":"2024-03-01T11:27:14","date_gmt":"2024-03-01T11:27:14","guid":{"rendered":"https:\/\/www.riwal.com\/no\/?page_id=6204"},"modified":"2025-06-13T09:12:56","modified_gmt":"2025-06-13T07:12:56","slug":"forhandler-jlg","status":"publish","type":"page","link":"https:\/\/www.riwal.com\/no\/om-riwal-norge\/forhandler-jlg\/","title":{"rendered":"Offisiell forhandler av JLG"},"content":{"rendered":"<div class=\"rental-wp-default-block rental-theme-block-default-margin\">\n\t\t\t\t\t\t\t\t<div class=\"container\">\n<div class=\"wp-block-rental-theme-title-text rental-theme-block-default-margin\">\n\t<div class=\"wp-block-rental-theme-title-text__container\">\n\t\t<div class=\"wp-block-rental-theme-title-text__wrapper\">\n\t\t\t\t\t<\/div>\n\t\t<div class='wp-block-rental-theme-title-text__text'>\n\n<h1 class=\"wp-block-heading\" id=\"h-offisiell-forhandler-av-jlg\">Offisiell forhandler av JLG<\/h1>\n\n\n\n<p>Er du en gr\u00fcnder? \u00c5 kj\u00f8pe en lift eller teleskoptruck kan v\u00e6re den ideelle l\u00f8sningen i din situasjon. Hvis du velger \u00e5 kj\u00f8pe, har Riwal nye lifter til salgs i alle former og st\u00f8rrelser. Vi har v\u00e6rt eksklusiv forhandler for JLG Industries i Nederland siden 1995, og er for \u00f8yeblikket ogs\u00e5 offisiell JLG-forhandler i land som Polen, Kasakhstan, Kroatia og Slovenia. I tillegg er Riwal den eksklusive Magni-forhandleren i Polen.<\/p>\n\n\n\n<p>\u00c5 kj\u00f8pe en plattformlift eller teleskoptruck er en investering. Som spesialist som betjener hele verden, deler vi gjerne v\u00e5r kunnskap for \u00e5 hjelpe deg med \u00e5 ta riktige beslutninger. Vi selger ikke bare maskiner av h\u00f8y kvalitet, men vi ordner ogs\u00e5 verdensomspennende transport og containerpakk. Med v\u00e5re dedikerte salgs- og tekniske supportteam i 14 land, er det alltid en lokal Riwal-ekspert som kan gi r\u00e5d og utf\u00f8re vedlikehold.<\/p>\n\n\n\n<ul class=\"wp-block-list\">\n<li>Eksklusiv forhandler av respekterte merker<\/li>\n\n\n\n<li>Global dekning med v\u00e5r internasjonale salgsavdeling<\/li>\n\n\n\n<li>Verdensomspennende l\u00f8sninger og et globalt nettverk<\/li>\n\n\n\n<li>Fullt spekter av elektriske l\u00f8sninger fra Riwal<\/li>\n\n\n\n<li>Verdensomspennende forsendelse<\/li>\n\n\n\n<li>30 \u00e5rs internasjonal erfaring<\/li>\n<\/ul>\n\n<\/div>\n\t<\/div>\n<\/div><\/div>\n\t\t\t\t\t\t\t<\/div> ","protected":false},"excerpt":{"rendered":"","protected":false},"author":27,"featured_media":4726,"parent":5657,"menu_order":0,"comment_status":"closed","ping_status":"closed","template":"","meta":{"_acf_changed":false,"footnotes":""},"class_list":["post-6204","page","type-page","status-publish","has-post-thumbnail","hentry"],"acf":[],"yoast_head":"<!-- This site is optimized with the Yoast SEO Premium plugin v27.1 (Yoast SEO v27.1.1) - https:\/\/yoast.com\/product\/yoast-seo-premium-wordpress\/ -->\n<title>Offisiell forhandler av JLG - Riwal Norge<\/title>\n<meta name=\"description\" content=\"Riwal Norge er forhanlder av JLG i Norge. Dette sikkrer deg god kvalitet og utmerket utvalg av lifter fra JLG.\" \/>\n<meta name=\"robots\" content=\"index, follow, max-snippet:-1, max-image-preview:large, max-video-preview:-1\" \/>\n<link rel=\"canonical\" href=\"https:\/\/www.riwal.com\/no\/om-riwal-norge\/forhandler-jlg\/\" \/>\n<meta property=\"og:locale\" content=\"nn_NO\" \/>\n<meta property=\"og:type\" content=\"article\" \/>\n<meta property=\"og:title\" content=\"Offisiell forhandler av JLG\" \/>\n<meta property=\"og:description\" content=\"Riwal Norge er forhanlder av JLG i Norge. Dette sikkrer deg god kvalitet og utmerket utvalg av lifter fra JLG.\" \/>\n<meta property=\"og:url\" content=\"https:\/\/www.riwal.com\/no\/om-riwal-norge\/forhandler-jlg\/\" \/>\n<meta property=\"og:site_name\" content=\"Riwal Norge\" \/>\n<meta property=\"article:modified_time\" content=\"2025-06-13T07:12:56+00:00\" \/>\n<meta property=\"og:image\" content=\"https:\/\/www.riwal.com\/app\/uploads\/sites\/12\/2024\/02\/JLG-1850SJ-2.jpg\" \/>\n\t<meta property=\"og:image:width\" content=\"900\" \/>\n\t<meta property=\"og:image:height\" content=\"484\" \/>\n\t<meta property=\"og:image:type\" content=\"image\/jpeg\" \/>\n<meta name=\"twitter:card\" content=\"summary_large_image\" \/>\n<meta name=\"twitter:label1\" content=\"Est. reading time\" \/>\n\t<meta name=\"twitter:data1\" content=\"2 minutt\" \/>\n<script type=\"application\/ld+json\" class=\"yoast-schema-graph\">{\"@context\":\"https:\/\/schema.org\",\"@graph\":[{\"@type\":\"WebPage\",\"@id\":\"https:\/\/www.riwal.com\/no\/om-riwal-norge\/forhandler-jlg\/\",\"url\":\"https:\/\/www.riwal.com\/no\/om-riwal-norge\/forhandler-jlg\/\",\"name\":\"Offisiell forhandler av JLG - Riwal Norge\",\"isPartOf\":{\"@id\":\"https:\/\/www.riwal.com\/no\/#website\"},\"primaryImageOfPage\":{\"@id\":\"https:\/\/www.riwal.com\/no\/om-riwal-norge\/forhandler-jlg\/#primaryimage\"},\"image\":{\"@id\":\"https:\/\/www.riwal.com\/no\/om-riwal-norge\/forhandler-jlg\/#primaryimage\"},\"thumbnailUrl\":\"https:\/\/eqsk4m2dkju.exactdn.com\/app\/uploads\/sites\/12\/2024\/02\/JLG-1850SJ-2.jpg?strip=all&quality=92&webp=92&avif=80&sharp=1\",\"datePublished\":\"2024-03-01T11:27:14+00:00\",\"dateModified\":\"2025-06-13T07:12:56+00:00\",\"description\":\"Riwal Norge er forhanlder av JLG i Norge. Dette sikkrer deg god kvalitet og utmerket utvalg av lifter fra JLG.\",\"breadcrumb\":{\"@id\":\"https:\/\/www.riwal.com\/no\/om-riwal-norge\/forhandler-jlg\/#breadcrumb\"},\"inLanguage\":\"nn-NO\",\"potentialAction\":[{\"@type\":\"ReadAction\",\"target\":[\"https:\/\/www.riwal.com\/no\/om-riwal-norge\/forhandler-jlg\/\"]}]},{\"@type\":\"ImageObject\",\"inLanguage\":\"nn-NO\",\"@id\":\"https:\/\/www.riwal.com\/no\/om-riwal-norge\/forhandler-jlg\/#primaryimage\",\"url\":\"https:\/\/eqsk4m2dkju.exactdn.com\/app\/uploads\/sites\/12\/2024\/02\/JLG-1850SJ-2.jpg?strip=all&quality=92&webp=92&avif=80&sharp=1\",\"contentUrl\":\"https:\/\/eqsk4m2dkju.exactdn.com\/app\/uploads\/sites\/12\/2024\/02\/JLG-1850SJ-2.jpg?strip=all&quality=92&webp=92&avif=80&sharp=1\",\"width\":900,\"height\":484,\"caption\":\"JLG 1850SJ - Teleskop bomlift\"},{\"@type\":\"BreadcrumbList\",\"@id\":\"https:\/\/www.riwal.com\/no\/om-riwal-norge\/forhandler-jlg\/#breadcrumb\",\"itemListElement\":[{\"@type\":\"ListItem\",\"position\":1,\"name\":\"Hjem\",\"item\":\"https:\/\/www.riwal.com\/no\/\"},{\"@type\":\"ListItem\",\"position\":2,\"name\":\"Om Riwal\",\"item\":\"https:\/\/www.riwal.com\/no\/om-riwal-norge\/\"},{\"@type\":\"ListItem\",\"position\":3,\"name\":\"Offisiell forhandler av JLG\"}]},{\"@type\":\"WebSite\",\"@id\":\"https:\/\/www.riwal.com\/no\/#website\",\"url\":\"https:\/\/www.riwal.com\/no\/\",\"name\":\"Riwal\",\"description\":\"JLG lifter til salgs\",\"publisher\":{\"@id\":\"https:\/\/www.riwal.com\/no\/#organization\"},\"potentialAction\":[{\"@type\":\"SearchAction\",\"target\":{\"@type\":\"EntryPoint\",\"urlTemplate\":\"https:\/\/www.riwal.com\/no\/?s={search_term_string}\"},\"query-input\":{\"@type\":\"PropertyValueSpecification\",\"valueRequired\":true,\"valueName\":\"search_term_string\"}}],\"inLanguage\":\"nn-NO\"},{\"@type\":\"Organization\",\"@id\":\"https:\/\/www.riwal.com\/no\/#organization\",\"name\":\"Riwal\",\"url\":\"https:\/\/www.riwal.com\/no\/\",\"logo\":{\"@type\":\"ImageObject\",\"inLanguage\":\"nn-NO\",\"@id\":\"https:\/\/www.riwal.com\/no\/#\/schema\/logo\/image\/\",\"url\":\"\",\"contentUrl\":\"\",\"caption\":\"Riwal\"},\"image\":{\"@id\":\"https:\/\/www.riwal.com\/no\/#\/schema\/logo\/image\/\"}}]}<\/script>\n<!-- \/ Yoast SEO Premium plugin. -->","yoast_head_json":{"title":"Offisiell forhandler av JLG - Riwal Norge","description":"Riwal Norge er forhanlder av JLG i Norge. Dette sikkrer deg god kvalitet og utmerket utvalg av lifter fra JLG.","robots":{"index":"index","follow":"follow","max-snippet":"max-snippet:-1","max-image-preview":"max-image-preview:large","max-video-preview":"max-video-preview:-1"},"canonical":"https:\/\/www.riwal.com\/no\/om-riwal-norge\/forhandler-jlg\/","og_locale":"nn_NO","og_type":"article","og_title":"Offisiell forhandler av JLG","og_description":"Riwal Norge er forhanlder av JLG i Norge. Dette sikkrer deg god kvalitet og utmerket utvalg av lifter fra JLG.","og_url":"https:\/\/www.riwal.com\/no\/om-riwal-norge\/forhandler-jlg\/","og_site_name":"Riwal Norge","article_modified_time":"2025-06-13T07:12:56+00:00","og_image":[{"width":900,"height":484,"url":"https:\/\/www.riwal.com\/app\/uploads\/sites\/12\/2024\/02\/JLG-1850SJ-2.jpg","type":"image\/jpeg"}],"twitter_card":"summary_large_image","twitter_misc":{"Est. reading time":"2 minutt"},"schema":{"@context":"https:\/\/schema.org","@graph":[{"@type":"WebPage","@id":"https:\/\/www.riwal.com\/no\/om-riwal-norge\/forhandler-jlg\/","url":"https:\/\/www.riwal.com\/no\/om-riwal-norge\/forhandler-jlg\/","name":"Offisiell forhandler av JLG - Riwal Norge","isPartOf":{"@id":"https:\/\/www.riwal.com\/no\/#website"},"primaryImageOfPage":{"@id":"https:\/\/www.riwal.com\/no\/om-riwal-norge\/forhandler-jlg\/#primaryimage"},"image":{"@id":"https:\/\/www.riwal.com\/no\/om-riwal-norge\/forhandler-jlg\/#primaryimage"},"thumbnailUrl":"https:\/\/eqsk4m2dkju.exactdn.com\/app\/uploads\/sites\/12\/2024\/02\/JLG-1850SJ-2.jpg?strip=all&quality=92&webp=92&avif=80&sharp=1","datePublished":"2024-03-01T11:27:14+00:00","dateModified":"2025-06-13T07:12:56+00:00","description":"Riwal Norge er forhanlder av JLG i Norge. Dette sikkrer deg god kvalitet og utmerket utvalg av lifter fra JLG.","breadcrumb":{"@id":"https:\/\/www.riwal.com\/no\/om-riwal-norge\/forhandler-jlg\/#breadcrumb"},"inLanguage":"nn-NO","potentialAction":[{"@type":"ReadAction","target":["https:\/\/www.riwal.com\/no\/om-riwal-norge\/forhandler-jlg\/"]}]},{"@type":"ImageObject","inLanguage":"nn-NO","@id":"https:\/\/www.riwal.com\/no\/om-riwal-norge\/forhandler-jlg\/#primaryimage","url":"https:\/\/eqsk4m2dkju.exactdn.com\/app\/uploads\/sites\/12\/2024\/02\/JLG-1850SJ-2.jpg?strip=all&quality=92&webp=92&avif=80&sharp=1","contentUrl":"https:\/\/eqsk4m2dkju.exactdn.com\/app\/uploads\/sites\/12\/2024\/02\/JLG-1850SJ-2.jpg?strip=all&quality=92&webp=92&avif=80&sharp=1","width":900,"height":484,"caption":"JLG 1850SJ - Teleskop bomlift"},{"@type":"BreadcrumbList","@id":"https:\/\/www.riwal.com\/no\/om-riwal-norge\/forhandler-jlg\/#breadcrumb","itemListElement":[{"@type":"ListItem","position":1,"name":"Hjem","item":"https:\/\/www.riwal.com\/no\/"},{"@type":"ListItem","position":2,"name":"Om Riwal","item":"https:\/\/www.riwal.com\/no\/om-riwal-norge\/"},{"@type":"ListItem","position":3,"name":"Offisiell forhandler av JLG"}]},{"@type":"WebSite","@id":"https:\/\/www.riwal.com\/no\/#website","url":"https:\/\/www.riwal.com\/no\/","name":"Riwal","description":"JLG lifter til salgs","publisher":{"@id":"https:\/\/www.riwal.com\/no\/#organization"},"potentialAction":[{"@type":"SearchAction","target":{"@type":"EntryPoint","urlTemplate":"https:\/\/www.riwal.com\/no\/?s={search_term_string}"},"query-input":{"@type":"PropertyValueSpecification","valueRequired":true,"valueName":"search_term_string"}}],"inLanguage":"nn-NO"},{"@type":"Organization","@id":"https:\/\/www.riwal.com\/no\/#organization","name":"Riwal","url":"https:\/\/www.riwal.com\/no\/","logo":{"@type":"ImageObject","inLanguage":"nn-NO","@id":"https:\/\/www.riwal.com\/no\/#\/schema\/logo\/image\/","url":"","contentUrl":"","caption":"Riwal"},"image":{"@id":"https:\/\/www.riwal.com\/no\/#\/schema\/logo\/image\/"}}]}},"_links":{"self":[{"href":"https:\/\/www.riwal.com\/no\/wp-json\/wp\/v2\/pages\/6204","targetHints":{"allow":["GET"]}}],"collection":[{"href":"https:\/\/www.riwal.com\/no\/wp-json\/wp\/v2\/pages"}],"about":[{"href":"https:\/\/www.riwal.com\/no\/wp-json\/wp\/v2\/types\/page"}],"author":[{"embeddable":true,"href":"https:\/\/www.riwal.com\/no\/wp-json\/wp\/v2\/users\/27"}],"replies":[{"embeddable":true,"href":"https:\/\/www.riwal.com\/no\/wp-json\/wp\/v2\/comments?post=6204"}],"version-history":[{"count":3,"href":"https:\/\/www.riwal.com\/no\/wp-json\/wp\/v2\/pages\/6204\/revisions"}],"predecessor-version":[{"id":17177,"href":"https:\/\/www.riwal.com\/no\/wp-json\/wp\/v2\/pages\/6204\/revisions\/17177"}],"up":[{"embeddable":true,"href":"https:\/\/www.riwal.com\/no\/wp-json\/wp\/v2\/pages\/5657"}],"wp:featuredmedia":[{"embeddable":true,"href":"https:\/\/www.riwal.com\/no\/wp-json\/wp\/v2\/media\/4726"}],"wp:attachment":[{"href":"https:\/\/www.riwal.com\/no\/wp-json\/wp\/v2\/media?parent=6204"}],"curies":[{"name":"wp","href":"https:\/\/api.w.org\/{rel}","templated":true}]}}