{"id":5674,"date":"2024-02-09T13:10:48","date_gmt":"2024-02-09T13:10:48","guid":{"rendered":"https:\/\/www.riwal.com\/no\/?page_id=5674"},"modified":"2024-02-28T07:47:01","modified_gmt":"2024-02-28T07:47:01","slug":"var-visjon-riwal-norge","status":"publish","type":"page","link":"https:\/\/www.riwal.com\/no\/var-visjon-riwal-norge\/","title":{"rendered":"Riwal Norge sin Visjon"},"content":{"rendered":"\n<div class=\"wp-block-rental-theme-header\">\n\t<div class=\"wp-block-rental-theme-header__lines\">\n\t\t<svg width=\"726\" height=\"442\" viewBox=\"0 0 726 442\" fill=\"none\" xmlns=\"http:\/\/www.w3.org\/2000\/svg\"><g opacity=\".5\"><mask id=\"path-1-inside-1_1_2\" fill=\"#fff\"><path fill-rule=\"evenodd\" clip-rule=\"evenodd\" d=\"M441.458.5H284.542L0 285.042v156.917l156.917-.001L363 235.876l206.083 206.082 156.917.001V285.042L441.458.5Z\"\/><\/mask><path d=\"M284.542.5v-1h-.415l-.292.293.707.707Zm156.916 0 .708-.707-.293-.293h-.415v1ZM0 285.042l-.707-.708-.293.293v.415h1Zm0 156.917h-1v1h1v-1Zm156.917-.001v1h.414l.293-.292-.707-.708ZM363 235.876l.707-.708-.707-.707-.707.707.707.708Zm206.083 206.082-.707.708.293.292h.414v-1Zm156.917.001v1h1v-1h-1Zm0-156.917h1v-.415l-.293-.293-.707.708ZM284.542 1.5h156.916v-2H284.542v2ZM.707 285.749 285.25 1.207l-1.414-1.414L-.707 284.334l1.414 1.415ZM1 441.959V285.042h-2v156.917h2Zm155.917-1.001L0 440.959v2l156.917-.001v-2Zm205.376-205.79L156.21 441.251l1.414 1.415 206.083-206.083-1.414-1.415Zm0 1.415 206.083 206.083 1.414-1.415-206.083-206.083-1.414 1.415Zm206.79 206.375 156.917.001v-2l-156.917-.001v2ZM727 441.959V285.042h-2v156.917h2Zm-.293-157.625L442.166-.206l-1.415 1.413L725.293 285.75l1.414-1.415Z\" fill=\"#5B728B\" mask=\"url(#path-1-inside-1_1_2)\"\/><\/g><\/svg>\t\t<svg width=\"726\" height=\"442\" viewBox=\"0 0 726 442\" fill=\"none\" xmlns=\"http:\/\/www.w3.org\/2000\/svg\"><g opacity=\".5\"><mask id=\"path-1-inside-1_1_2\" fill=\"#fff\"><path fill-rule=\"evenodd\" clip-rule=\"evenodd\" d=\"M441.458.5H284.542L0 285.042v156.917l156.917-.001L363 235.876l206.083 206.082 156.917.001V285.042L441.458.5Z\"\/><\/mask><path d=\"M284.542.5v-1h-.415l-.292.293.707.707Zm156.916 0 .708-.707-.293-.293h-.415v1ZM0 285.042l-.707-.708-.293.293v.415h1Zm0 156.917h-1v1h1v-1Zm156.917-.001v1h.414l.293-.292-.707-.708ZM363 235.876l.707-.708-.707-.707-.707.707.707.708Zm206.083 206.082-.707.708.293.292h.414v-1Zm156.917.001v1h1v-1h-1Zm0-156.917h1v-.415l-.293-.293-.707.708ZM284.542 1.5h156.916v-2H284.542v2ZM.707 285.749 285.25 1.207l-1.414-1.414L-.707 284.334l1.414 1.415ZM1 441.959V285.042h-2v156.917h2Zm155.917-1.001L0 440.959v2l156.917-.001v-2Zm205.376-205.79L156.21 441.251l1.414 1.415 206.083-206.083-1.414-1.415Zm0 1.415 206.083 206.083 1.414-1.415-206.083-206.083-1.414 1.415Zm206.79 206.375 156.917.001v-2l-156.917-.001v2ZM727 441.959V285.042h-2v156.917h2Zm-.293-157.625L442.166-.206l-1.415 1.413L725.293 285.75l1.414-1.415Z\" fill=\"#5B728B\" mask=\"url(#path-1-inside-1_1_2)\"\/><\/g><\/svg>\t<\/div>\n\t<img fetchpriority=\"high\" decoding=\"async\" width=\"1440\" height=\"810\" src=\"https:\/\/eqsk4m2dkju.exactdn.com\/app\/uploads\/sites\/12\/2024\/02\/Volvo-ocean-race-Riwal-scaled-1-1440x810.jpg?strip=all&amp;quality=92&amp;webp=92&amp;avif=80&amp;sharp=1\" class=\"wp-block-rental-theme-header__image wp-block-rental-theme-header__image--desktop\" alt=\"Volvo ocean race Riwal\" loading=\"eager\" srcset=\"https:\/\/eqsk4m2dkju.exactdn.com\/app\/uploads\/sites\/12\/2024\/02\/Volvo-ocean-race-Riwal-scaled-1-1440x810.jpg?strip=all&amp;quality=92&amp;webp=92&amp;avif=80&amp;sharp=1 1440w, https:\/\/eqsk4m2dkju.exactdn.com\/app\/uploads\/sites\/12\/2024\/02\/Volvo-ocean-race-Riwal-scaled-1-300x169.jpg?strip=all&amp;quality=92&amp;webp=92&amp;avif=80&amp;sharp=1 300w, https:\/\/eqsk4m2dkju.exactdn.com\/app\/uploads\/sites\/12\/2024\/02\/Volvo-ocean-race-Riwal-scaled-1-1024x576.jpg?strip=all&amp;quality=92&amp;webp=92&amp;avif=80&amp;sharp=1 1024w, https:\/\/eqsk4m2dkju.exactdn.com\/app\/uploads\/sites\/12\/2024\/02\/Volvo-ocean-race-Riwal-scaled-1-768x432.jpg?strip=all&amp;quality=92&amp;webp=92&amp;avif=80&amp;sharp=1 768w, https:\/\/eqsk4m2dkju.exactdn.com\/app\/uploads\/sites\/12\/2024\/02\/Volvo-ocean-race-Riwal-scaled-1-1536x864.jpg?strip=all&amp;quality=92&amp;webp=92&amp;avif=80&amp;sharp=1 1536w, https:\/\/eqsk4m2dkju.exactdn.com\/app\/uploads\/sites\/12\/2024\/02\/Volvo-ocean-race-Riwal-scaled-1-2048x1152.jpg?strip=all&amp;quality=92&amp;webp=92&amp;avif=80&amp;sharp=1 2048w, https:\/\/eqsk4m2dkju.exactdn.com\/app\/uploads\/sites\/12\/2024\/02\/Volvo-ocean-race-Riwal-scaled-1-178x100.jpg?strip=all&amp;quality=92&amp;webp=92&amp;avif=80&amp;sharp=1 178w, https:\/\/eqsk4m2dkju.exactdn.com\/app\/uploads\/sites\/12\/2024\/02\/Volvo-ocean-race-Riwal-scaled-1-390x219.jpg?strip=all&amp;quality=92&amp;webp=92&amp;avif=80&amp;sharp=1 390w, https:\/\/eqsk4m2dkju.exactdn.com\/app\/uploads\/sites\/12\/2024\/02\/Volvo-ocean-race-Riwal-scaled-1-830x467.jpg?strip=all&amp;quality=92&amp;webp=92&amp;avif=80&amp;sharp=1 830w, https:\/\/eqsk4m2dkju.exactdn.com\/app\/uploads\/sites\/12\/2024\/02\/Volvo-ocean-race-Riwal-scaled-1-250x141.jpg?strip=all&amp;quality=92&amp;webp=92&amp;avif=80&amp;sharp=1 250w, https:\/\/eqsk4m2dkju.exactdn.com\/app\/uploads\/sites\/12\/2024\/02\/Volvo-ocean-race-Riwal-scaled-1-620x349.jpg?strip=all&amp;quality=92&amp;webp=92&amp;avif=80&amp;sharp=1 620w, https:\/\/eqsk4m2dkju.exactdn.com\/app\/uploads\/sites\/12\/2024\/02\/Volvo-ocean-race-Riwal-scaled-1-237x133.jpg?strip=all&amp;quality=92&amp;webp=92&amp;avif=80&amp;sharp=1 237w, https:\/\/eqsk4m2dkju.exactdn.com\/app\/uploads\/sites\/12\/2024\/02\/Volvo-ocean-race-Riwal-scaled-1-474x267.jpg?strip=all&amp;quality=92&amp;webp=92&amp;avif=80&amp;sharp=1 474w, https:\/\/eqsk4m2dkju.exactdn.com\/app\/uploads\/sites\/12\/2024\/02\/Volvo-ocean-race-Riwal-scaled-1.jpg?strip=all&amp;quality=92&amp;webp=92&amp;avif=80&amp;sharp=1&amp;w=960 960w, https:\/\/eqsk4m2dkju.exactdn.com\/app\/uploads\/sites\/12\/2024\/02\/Volvo-ocean-race-Riwal-scaled-1.jpg?strip=all&amp;quality=92&amp;webp=92&amp;avif=80&amp;sharp=1&amp;w=1920 1920w, https:\/\/eqsk4m2dkju.exactdn.com\/app\/uploads\/sites\/12\/2024\/02\/Volvo-ocean-race-Riwal-scaled-1.jpg?strip=all&amp;quality=92&amp;webp=92&amp;avif=80&amp;sharp=1 2400w\" sizes=\"(max-width: 1440px) 100vw, 1440px\" \/>\t<img decoding=\"async\" width=\"390\" height=\"219\" src=\"https:\/\/eqsk4m2dkju.exactdn.com\/app\/uploads\/sites\/12\/2024\/02\/Volvo-ocean-race-Riwal-scaled-1-390x219.jpg?strip=all&amp;quality=92&amp;webp=92&amp;avif=80&amp;sharp=1\" class=\"wp-block-rental-theme-header__image wp-block-rental-theme-header__image--mobile\" alt=\"Volvo ocean race Riwal\" loading=\"eager\" srcset=\"https:\/\/eqsk4m2dkju.exactdn.com\/app\/uploads\/sites\/12\/2024\/02\/Volvo-ocean-race-Riwal-scaled-1-390x219.jpg?strip=all&amp;quality=92&amp;webp=92&amp;avif=80&amp;sharp=1 390w, https:\/\/eqsk4m2dkju.exactdn.com\/app\/uploads\/sites\/12\/2024\/02\/Volvo-ocean-race-Riwal-scaled-1-300x169.jpg?strip=all&amp;quality=92&amp;webp=92&amp;avif=80&amp;sharp=1 300w, https:\/\/eqsk4m2dkju.exactdn.com\/app\/uploads\/sites\/12\/2024\/02\/Volvo-ocean-race-Riwal-scaled-1-1024x576.jpg?strip=all&amp;quality=92&amp;webp=92&amp;avif=80&amp;sharp=1 1024w, https:\/\/eqsk4m2dkju.exactdn.com\/app\/uploads\/sites\/12\/2024\/02\/Volvo-ocean-race-Riwal-scaled-1-768x432.jpg?strip=all&amp;quality=92&amp;webp=92&amp;avif=80&amp;sharp=1 768w, https:\/\/eqsk4m2dkju.exactdn.com\/app\/uploads\/sites\/12\/2024\/02\/Volvo-ocean-race-Riwal-scaled-1-1536x864.jpg?strip=all&amp;quality=92&amp;webp=92&amp;avif=80&amp;sharp=1 1536w, https:\/\/eqsk4m2dkju.exactdn.com\/app\/uploads\/sites\/12\/2024\/02\/Volvo-ocean-race-Riwal-scaled-1-2048x1152.jpg?strip=all&amp;quality=92&amp;webp=92&amp;avif=80&amp;sharp=1 2048w, https:\/\/eqsk4m2dkju.exactdn.com\/app\/uploads\/sites\/12\/2024\/02\/Volvo-ocean-race-Riwal-scaled-1-178x100.jpg?strip=all&amp;quality=92&amp;webp=92&amp;avif=80&amp;sharp=1 178w, https:\/\/eqsk4m2dkju.exactdn.com\/app\/uploads\/sites\/12\/2024\/02\/Volvo-ocean-race-Riwal-scaled-1-1440x810.jpg?strip=all&amp;quality=92&amp;webp=92&amp;avif=80&amp;sharp=1 1440w, https:\/\/eqsk4m2dkju.exactdn.com\/app\/uploads\/sites\/12\/2024\/02\/Volvo-ocean-race-Riwal-scaled-1-830x467.jpg?strip=all&amp;quality=92&amp;webp=92&amp;avif=80&amp;sharp=1 830w, https:\/\/eqsk4m2dkju.exactdn.com\/app\/uploads\/sites\/12\/2024\/02\/Volvo-ocean-race-Riwal-scaled-1-250x141.jpg?strip=all&amp;quality=92&amp;webp=92&amp;avif=80&amp;sharp=1 250w, https:\/\/eqsk4m2dkju.exactdn.com\/app\/uploads\/sites\/12\/2024\/02\/Volvo-ocean-race-Riwal-scaled-1-620x349.jpg?strip=all&amp;quality=92&amp;webp=92&amp;avif=80&amp;sharp=1 620w, https:\/\/eqsk4m2dkju.exactdn.com\/app\/uploads\/sites\/12\/2024\/02\/Volvo-ocean-race-Riwal-scaled-1-237x133.jpg?strip=all&amp;quality=92&amp;webp=92&amp;avif=80&amp;sharp=1 237w, https:\/\/eqsk4m2dkju.exactdn.com\/app\/uploads\/sites\/12\/2024\/02\/Volvo-ocean-race-Riwal-scaled-1-474x267.jpg?strip=all&amp;quality=92&amp;webp=92&amp;avif=80&amp;sharp=1 474w, https:\/\/eqsk4m2dkju.exactdn.com\/app\/uploads\/sites\/12\/2024\/02\/Volvo-ocean-race-Riwal-scaled-1.jpg?strip=all&amp;quality=92&amp;webp=92&amp;avif=80&amp;sharp=1&amp;w=960 960w, https:\/\/eqsk4m2dkju.exactdn.com\/app\/uploads\/sites\/12\/2024\/02\/Volvo-ocean-race-Riwal-scaled-1.jpg?strip=all&amp;quality=92&amp;webp=92&amp;avif=80&amp;sharp=1&amp;w=1920 1920w, https:\/\/eqsk4m2dkju.exactdn.com\/app\/uploads\/sites\/12\/2024\/02\/Volvo-ocean-race-Riwal-scaled-1.jpg?strip=all&amp;quality=92&amp;webp=92&amp;avif=80&amp;sharp=1 2400w\" sizes=\"(max-width: 390px) 100vw, 390px\" \/>\t<div class=\"container\">\n\t\t<h1 class='wp-block-rental-theme-header__title' style='position: absolute; min-height: 120px'>V\u00e5r visjon<\/h1>\t<\/div>\n<\/div>\n\n\n<div class=\"container\">\n<h2 class=\"wp-block-heading\" id=\"h-hva-star-vi-for\">Hva st\u00e5r vi for?<\/h2>\n<\/div>\n\n<div class=\"container\">\n<p>N\u00e5r du arbeider med Riwal som samarbeidspartner, lover vi \u00e5 gi deg den beste servicen. Dermed kan du ha fred i sinnet gjennom hele prosessen. V\u00e5re flinke medarbeider er her for at ditt prosjekt skal g\u00e5 uten feil. <\/p>\n<\/div>\n\n<div class=\"rental-wp-default-block rental-theme-block-default-margin\">\n\t\t\t\t\t\t\t\t<div class=\"container\">\n<div class=\"wp-block-columns is-layout-flex wp-container-core-columns-is-layout-28f84493 wp-block-columns-is-layout-flex\">\n<div class=\"wp-block-column is-layout-flow wp-block-column-is-layout-flow\">\n<h2 class=\"wp-block-heading\" id=\"h-vi-holder-det-vi-lover\">Vi holder det vi lover<\/h2>\n\n\n\n<p>V\u00e5r store kunnskap og erfaring har gjort oss til den foretrukne leverand\u00f8ren innen lifter og teleskoptrucker. Hos Riwal er vi derfor eksperter og kan derfor gi deg den beste servicen. Hos Riwal holder vi det vi lover &#8211; hver eneste gang.<\/p>\n\n\n\n<h2 class=\"wp-block-heading\">Vi finner l\u00f8sninger<\/h2>\n\n\n\n<p>Vi er kjent for v\u00e5r store fl\u00e5te med maskiner fra anerkjente produsenter. Vi jobber for at du kan arbeide mer sikkert, effektivt og b\u00e6rekraftig. Hos oss har du muligheten til og b\u00e5de leie, kj\u00f8pe eller leasing av maskiner. P\u00e5 denne m\u00e5ten kan vi hjelpe v\u00e5re kunder til og n\u00e5 sine m\u00e5l p\u00e5 mange m\u00e5ter. S\u00e5 ikke n\u00f8l med \u00e5 <a href=\"https:\/\/www.riwal.com\/no\/riwal-norge-medarbeidere-hoydearbeidseksperter\/\">kontakte oss<\/a>.<\/p>\n<\/div>\n\n\n\n<div class=\"wp-block-column is-layout-flow wp-block-column-is-layout-flow\">\n<figure class=\"wp-block-image size-large\"><img decoding=\"async\" src=\"https:\/\/eqsk4m2dkju.exactdn.com\/app\/themes\/rental\/dist\/images\/patterns\/about_riwal_our_beliefs_1.webp?strip=all&quality=92&webp=92&avif=80&sharp=1&w=1920\" alt=\"Vision - Medarbejder - Riwal\" class=\"wp-image-1222\" \/><\/figure>\n<\/div>\n<\/div>\n<\/div>\n\t\t\t\t\t\t\t<\/div> \n\n<div class=\"rental-wp-default-block rental-theme-block-default-margin\">\n\t\t\t\t\t\t\t\t<div class=\"container\">\n<div class=\"wp-block-columns is-layout-flex wp-container-core-columns-is-layout-28f84493 wp-block-columns-is-layout-flex\">\n<div class=\"wp-block-column is-layout-flow wp-block-column-is-layout-flow\">\n<h2 class=\"wp-block-heading\" id=\"h-simpelt-og-effektivt\">Simpelt og effektivt<\/h2>\n\n\n\n<p>I Riwal fors\u00f8ker vi alltid \u00e5 effektivisere. Derfor gj\u00f8r vi tingene enkle. Hos oss f\u00e5r du personlig kontakt, digitale bestillings muligheter, digitalt overblikk over v\u00e5r fl\u00e5te, sporing av dine maskiner og en kundeportal som gj\u00f8r at din neste lift kun er et enkelt klikk unna.<\/p>\n\n\n\n<div class=\"wp-block-media-text is-stacked-on-mobile\"><figure class=\"wp-block-media-text__media\"><img loading=\"lazy\" decoding=\"async\" width=\"1024\" height=\"683\" src=\"https:\/\/eqsk4m2dkju.exactdn.com\/app\/uploads\/sites\/12\/2024\/02\/Natural-History-Museum-Copenhagen_Riwal-1024x683-1.jpg?strip=all&quality=92&webp=92&avif=80&sharp=1\" alt=\"\" class=\"wp-image-6002 size-full\" srcset=\"https:\/\/eqsk4m2dkju.exactdn.com\/app\/uploads\/sites\/12\/2024\/02\/Natural-History-Museum-Copenhagen_Riwal-1024x683-1.jpg?strip=all&amp;quality=92&amp;webp=92&amp;avif=80&amp;sharp=1 1024w, https:\/\/eqsk4m2dkju.exactdn.com\/app\/uploads\/sites\/12\/2024\/02\/Natural-History-Museum-Copenhagen_Riwal-1024x683-1-300x200.jpg?strip=all&amp;quality=92&amp;webp=92&amp;avif=80&amp;sharp=1 300w, https:\/\/eqsk4m2dkju.exactdn.com\/app\/uploads\/sites\/12\/2024\/02\/Natural-History-Museum-Copenhagen_Riwal-1024x683-1-768x512.jpg?strip=all&amp;quality=92&amp;webp=92&amp;avif=80&amp;sharp=1 768w, https:\/\/eqsk4m2dkju.exactdn.com\/app\/uploads\/sites\/12\/2024\/02\/Natural-History-Museum-Copenhagen_Riwal-1024x683-1-178x119.jpg?strip=all&amp;quality=92&amp;webp=92&amp;avif=80&amp;sharp=1 178w, https:\/\/eqsk4m2dkju.exactdn.com\/app\/uploads\/sites\/12\/2024\/02\/Natural-History-Museum-Copenhagen_Riwal-1024x683-1-390x260.jpg?strip=all&amp;quality=92&amp;webp=92&amp;avif=80&amp;sharp=1 390w, https:\/\/eqsk4m2dkju.exactdn.com\/app\/uploads\/sites\/12\/2024\/02\/Natural-History-Museum-Copenhagen_Riwal-1024x683-1-830x554.jpg?strip=all&amp;quality=92&amp;webp=92&amp;avif=80&amp;sharp=1 830w, https:\/\/eqsk4m2dkju.exactdn.com\/app\/uploads\/sites\/12\/2024\/02\/Natural-History-Museum-Copenhagen_Riwal-1024x683-1-250x167.jpg?strip=all&amp;quality=92&amp;webp=92&amp;avif=80&amp;sharp=1 250w, https:\/\/eqsk4m2dkju.exactdn.com\/app\/uploads\/sites\/12\/2024\/02\/Natural-History-Museum-Copenhagen_Riwal-1024x683-1-620x414.jpg?strip=all&amp;quality=92&amp;webp=92&amp;avif=80&amp;sharp=1 620w, https:\/\/eqsk4m2dkju.exactdn.com\/app\/uploads\/sites\/12\/2024\/02\/Natural-History-Museum-Copenhagen_Riwal-1024x683-1-237x158.jpg?strip=all&amp;quality=92&amp;webp=92&amp;avif=80&amp;sharp=1 237w, https:\/\/eqsk4m2dkju.exactdn.com\/app\/uploads\/sites\/12\/2024\/02\/Natural-History-Museum-Copenhagen_Riwal-1024x683-1-474x316.jpg?strip=all&amp;quality=92&amp;webp=92&amp;avif=80&amp;sharp=1 474w\" sizes=\"auto, (max-width: 1024px) 100vw, 1024px\" \/><\/figure><div class=\"wp-block-media-text__content\">\n<h2 class=\"wp-block-heading\" id=\"h-vi-skaper-verdi\">Vi skaper verdi<\/h2>\n\n\n\n<p>\u00c5 levere en maskin er ikke rakettvitenskap. Men vi skiller oss likevel ut ved \u00e5 skape merverdi for kundene v\u00e5re: V\u00e5r ekspertise gj\u00f8r oss til det helt riktige valget for deg. Personlig r\u00e5dgivning, et nytt perspektiv p\u00e5 din arbeidsoppgave eller en l\u00f8sning p\u00e5 en tidligere umulig oppgave. Vi skal nok finne en l\u00f8sning.<\/p>\n\n\n\n<h2 class=\"wp-block-heading\" id=\"h-vi-streber-etter-a-bli-bedre\">Vi streber etter \u00e5 bli bedre<\/h2>\n\n\n\n<p>For oss er det ikke nok bare \u00e5 v\u00e6re gode, vi vil v\u00e6re de beste. Dette inneb\u00e6rer b\u00e5de v\u00e5r utleiefl\u00e5te, salg, kundeservice og l\u00f8sninger. Vi g\u00e5r p\u00e5 jobb hver dag for \u00e5 bli enda bedre i alle v\u00e5re avdelinger. La oss finne en l\u00f8sning for deg, slik at din virksomhet kan vokse enda mer.<\/p>\n<\/div><\/div>\n<\/div>\n<\/div>\n<\/div>\n\t\t\t\t\t\t\t<\/div> \n\n<div class=\"wp-block-rental-theme-form rental-theme-block-default-padding\">\n\t\t\t\t\t\t\t\t\t<div class=\"container\"><\/div>\n\t\t\t\t\t\t\t\t<\/div>","protected":false},"excerpt":{"rendered":"<p>Hva st\u00e5r vi for? N\u00e5r du arbeider med Riwal som samarbeidspartner, lover vi \u00e5 gi deg den beste servicen. Dermed kan du ha fred i sinnet gjennom hele prosessen. V\u00e5re flinke medarbeider er her for at ditt prosjekt skal g\u00e5 uten feil. Vi holder det vi lover V\u00e5r store kunnskap og erfaring har gjort oss &hellip; <a href=\"https:\/\/www.riwal.com\/no\/var-visjon-riwal-norge\/\">Fortsettelse<\/a><\/p>\n","protected":false},"author":18,"featured_media":4158,"parent":0,"menu_order":0,"comment_status":"closed","ping_status":"closed","template":"","meta":{"_acf_changed":false,"footnotes":""},"class_list":["post-5674","page","type-page","status-publish","has-post-thumbnail","hentry"],"acf":[],"yoast_head":"<!-- This site is optimized with the Yoast SEO Premium plugin v27.1 (Yoast SEO v27.1.1) - https:\/\/yoast.com\/product\/yoast-seo-premium-wordpress\/ -->\n<title>Riwal Norge sin Visjon - Riwal Norge<\/title>\n<meta name=\"description\" content=\"N\u00e5r du arbeider med Riwal som samarbeidspartner, lover vi \u00e5 gi deg den beste servicen. Dermed kan du ha fred i sinnet gjennom hele prosessen.\" \/>\n<meta name=\"robots\" content=\"index, follow, max-snippet:-1, max-image-preview:large, max-video-preview:-1\" \/>\n<link rel=\"canonical\" href=\"https:\/\/www.riwal.com\/no\/var-visjon-riwal-norge\/\" \/>\n<meta property=\"og:locale\" content=\"nn_NO\" \/>\n<meta property=\"og:type\" content=\"article\" \/>\n<meta property=\"og:title\" content=\"Riwal Norge sin Visjon\" \/>\n<meta property=\"og:description\" content=\"N\u00e5r du arbeider med Riwal som samarbeidspartner, lover vi \u00e5 gi deg den beste servicen. Dermed kan du ha fred i sinnet gjennom hele prosessen.\" \/>\n<meta property=\"og:url\" content=\"https:\/\/www.riwal.com\/no\/var-visjon-riwal-norge\/\" \/>\n<meta property=\"og:site_name\" content=\"Riwal Norge\" \/>\n<meta property=\"article:modified_time\" content=\"2024-02-28T07:47:01+00:00\" \/>\n<meta property=\"og:image\" content=\"https:\/\/www.riwal.com\/app\/uploads\/sites\/12\/2024\/01\/unnamed-17-scaled.jpg\" \/>\n\t<meta property=\"og:image:width\" content=\"2560\" \/>\n\t<meta property=\"og:image:height\" content=\"1707\" \/>\n\t<meta property=\"og:image:type\" content=\"image\/jpeg\" \/>\n<meta name=\"twitter:card\" content=\"summary_large_image\" \/>\n<meta name=\"twitter:label1\" content=\"Est. reading time\" \/>\n\t<meta name=\"twitter:data1\" content=\"3 minutt\" \/>\n<script type=\"application\/ld+json\" class=\"yoast-schema-graph\">{\"@context\":\"https:\/\/schema.org\",\"@graph\":[{\"@type\":\"WebPage\",\"@id\":\"https:\/\/www.riwal.com\/no\/var-visjon-riwal-norge\/\",\"url\":\"https:\/\/www.riwal.com\/no\/var-visjon-riwal-norge\/\",\"name\":\"Riwal Norge sin Visjon - Riwal Norge\",\"isPartOf\":{\"@id\":\"https:\/\/www.riwal.com\/no\/#website\"},\"primaryImageOfPage\":{\"@id\":\"https:\/\/www.riwal.com\/no\/var-visjon-riwal-norge\/#primaryimage\"},\"image\":{\"@id\":\"https:\/\/www.riwal.com\/no\/var-visjon-riwal-norge\/#primaryimage\"},\"thumbnailUrl\":\"https:\/\/eqsk4m2dkju.exactdn.com\/app\/uploads\/sites\/12\/2024\/01\/unnamed-17-scaled.jpg?strip=all&quality=92&webp=92&avif=80&sharp=1\",\"datePublished\":\"2024-02-09T13:10:48+00:00\",\"dateModified\":\"2024-02-28T07:47:01+00:00\",\"description\":\"N\u00e5r du arbeider med Riwal som samarbeidspartner, lover vi \u00e5 gi deg den beste servicen. Dermed kan du ha fred i sinnet gjennom hele prosessen.\",\"breadcrumb\":{\"@id\":\"https:\/\/www.riwal.com\/no\/var-visjon-riwal-norge\/#breadcrumb\"},\"inLanguage\":\"nn-NO\",\"potentialAction\":[{\"@type\":\"ReadAction\",\"target\":[\"https:\/\/www.riwal.com\/no\/var-visjon-riwal-norge\/\"]}]},{\"@type\":\"ImageObject\",\"inLanguage\":\"nn-NO\",\"@id\":\"https:\/\/www.riwal.com\/no\/var-visjon-riwal-norge\/#primaryimage\",\"url\":\"https:\/\/eqsk4m2dkju.exactdn.com\/app\/uploads\/sites\/12\/2024\/01\/unnamed-17-scaled.jpg?strip=all&quality=92&webp=92&avif=80&sharp=1\",\"contentUrl\":\"https:\/\/eqsk4m2dkju.exactdn.com\/app\/uploads\/sites\/12\/2024\/01\/unnamed-17-scaled.jpg?strip=all&quality=92&webp=92&avif=80&sharp=1\",\"width\":2400,\"height\":1600},{\"@type\":\"BreadcrumbList\",\"@id\":\"https:\/\/www.riwal.com\/no\/var-visjon-riwal-norge\/#breadcrumb\",\"itemListElement\":[{\"@type\":\"ListItem\",\"position\":1,\"name\":\"Hjem\",\"item\":\"https:\/\/www.riwal.com\/no\/\"},{\"@type\":\"ListItem\",\"position\":2,\"name\":\"Riwal Norge sin Visjon\"}]},{\"@type\":\"WebSite\",\"@id\":\"https:\/\/www.riwal.com\/no\/#website\",\"url\":\"https:\/\/www.riwal.com\/no\/\",\"name\":\"Riwal\",\"description\":\"JLG lifter til salgs\",\"publisher\":{\"@id\":\"https:\/\/www.riwal.com\/no\/#organization\"},\"potentialAction\":[{\"@type\":\"SearchAction\",\"target\":{\"@type\":\"EntryPoint\",\"urlTemplate\":\"https:\/\/www.riwal.com\/no\/?s={search_term_string}\"},\"query-input\":{\"@type\":\"PropertyValueSpecification\",\"valueRequired\":true,\"valueName\":\"search_term_string\"}}],\"inLanguage\":\"nn-NO\"},{\"@type\":\"Organization\",\"@id\":\"https:\/\/www.riwal.com\/no\/#organization\",\"name\":\"Riwal\",\"url\":\"https:\/\/www.riwal.com\/no\/\",\"logo\":{\"@type\":\"ImageObject\",\"inLanguage\":\"nn-NO\",\"@id\":\"https:\/\/www.riwal.com\/no\/#\/schema\/logo\/image\/\",\"url\":\"\",\"contentUrl\":\"\",\"caption\":\"Riwal\"},\"image\":{\"@id\":\"https:\/\/www.riwal.com\/no\/#\/schema\/logo\/image\/\"}}]}<\/script>\n<!-- \/ Yoast SEO Premium plugin. -->","yoast_head_json":{"title":"Riwal Norge sin Visjon - Riwal Norge","description":"N\u00e5r du arbeider med Riwal som samarbeidspartner, lover vi \u00e5 gi deg den beste servicen. Dermed kan du ha fred i sinnet gjennom hele prosessen.","robots":{"index":"index","follow":"follow","max-snippet":"max-snippet:-1","max-image-preview":"max-image-preview:large","max-video-preview":"max-video-preview:-1"},"canonical":"https:\/\/www.riwal.com\/no\/var-visjon-riwal-norge\/","og_locale":"nn_NO","og_type":"article","og_title":"Riwal Norge sin Visjon","og_description":"N\u00e5r du arbeider med Riwal som samarbeidspartner, lover vi \u00e5 gi deg den beste servicen. Dermed kan du ha fred i sinnet gjennom hele prosessen.","og_url":"https:\/\/www.riwal.com\/no\/var-visjon-riwal-norge\/","og_site_name":"Riwal Norge","article_modified_time":"2024-02-28T07:47:01+00:00","og_image":[{"width":2560,"height":1707,"url":"https:\/\/www.riwal.com\/app\/uploads\/sites\/12\/2024\/01\/unnamed-17-scaled.jpg","type":"image\/jpeg"}],"twitter_card":"summary_large_image","twitter_misc":{"Est. reading time":"3 minutt"},"schema":{"@context":"https:\/\/schema.org","@graph":[{"@type":"WebPage","@id":"https:\/\/www.riwal.com\/no\/var-visjon-riwal-norge\/","url":"https:\/\/www.riwal.com\/no\/var-visjon-riwal-norge\/","name":"Riwal Norge sin Visjon - Riwal Norge","isPartOf":{"@id":"https:\/\/www.riwal.com\/no\/#website"},"primaryImageOfPage":{"@id":"https:\/\/www.riwal.com\/no\/var-visjon-riwal-norge\/#primaryimage"},"image":{"@id":"https:\/\/www.riwal.com\/no\/var-visjon-riwal-norge\/#primaryimage"},"thumbnailUrl":"https:\/\/eqsk4m2dkju.exactdn.com\/app\/uploads\/sites\/12\/2024\/01\/unnamed-17-scaled.jpg?strip=all&quality=92&webp=92&avif=80&sharp=1","datePublished":"2024-02-09T13:10:48+00:00","dateModified":"2024-02-28T07:47:01+00:00","description":"N\u00e5r du arbeider med Riwal som samarbeidspartner, lover vi \u00e5 gi deg den beste servicen. Dermed kan du ha fred i sinnet gjennom hele prosessen.","breadcrumb":{"@id":"https:\/\/www.riwal.com\/no\/var-visjon-riwal-norge\/#breadcrumb"},"inLanguage":"nn-NO","potentialAction":[{"@type":"ReadAction","target":["https:\/\/www.riwal.com\/no\/var-visjon-riwal-norge\/"]}]},{"@type":"ImageObject","inLanguage":"nn-NO","@id":"https:\/\/www.riwal.com\/no\/var-visjon-riwal-norge\/#primaryimage","url":"https:\/\/eqsk4m2dkju.exactdn.com\/app\/uploads\/sites\/12\/2024\/01\/unnamed-17-scaled.jpg?strip=all&quality=92&webp=92&avif=80&sharp=1","contentUrl":"https:\/\/eqsk4m2dkju.exactdn.com\/app\/uploads\/sites\/12\/2024\/01\/unnamed-17-scaled.jpg?strip=all&quality=92&webp=92&avif=80&sharp=1","width":2400,"height":1600},{"@type":"BreadcrumbList","@id":"https:\/\/www.riwal.com\/no\/var-visjon-riwal-norge\/#breadcrumb","itemListElement":[{"@type":"ListItem","position":1,"name":"Hjem","item":"https:\/\/www.riwal.com\/no\/"},{"@type":"ListItem","position":2,"name":"Riwal Norge sin Visjon"}]},{"@type":"WebSite","@id":"https:\/\/www.riwal.com\/no\/#website","url":"https:\/\/www.riwal.com\/no\/","name":"Riwal","description":"JLG lifter til salgs","publisher":{"@id":"https:\/\/www.riwal.com\/no\/#organization"},"potentialAction":[{"@type":"SearchAction","target":{"@type":"EntryPoint","urlTemplate":"https:\/\/www.riwal.com\/no\/?s={search_term_string}"},"query-input":{"@type":"PropertyValueSpecification","valueRequired":true,"valueName":"search_term_string"}}],"inLanguage":"nn-NO"},{"@type":"Organization","@id":"https:\/\/www.riwal.com\/no\/#organization","name":"Riwal","url":"https:\/\/www.riwal.com\/no\/","logo":{"@type":"ImageObject","inLanguage":"nn-NO","@id":"https:\/\/www.riwal.com\/no\/#\/schema\/logo\/image\/","url":"","contentUrl":"","caption":"Riwal"},"image":{"@id":"https:\/\/www.riwal.com\/no\/#\/schema\/logo\/image\/"}}]}},"_links":{"self":[{"href":"https:\/\/www.riwal.com\/no\/wp-json\/wp\/v2\/pages\/5674","targetHints":{"allow":["GET"]}}],"collection":[{"href":"https:\/\/www.riwal.com\/no\/wp-json\/wp\/v2\/pages"}],"about":[{"href":"https:\/\/www.riwal.com\/no\/wp-json\/wp\/v2\/types\/page"}],"author":[{"embeddable":true,"href":"https:\/\/www.riwal.com\/no\/wp-json\/wp\/v2\/users\/18"}],"replies":[{"embeddable":true,"href":"https:\/\/www.riwal.com\/no\/wp-json\/wp\/v2\/comments?post=5674"}],"version-history":[{"count":10,"href":"https:\/\/www.riwal.com\/no\/wp-json\/wp\/v2\/pages\/5674\/revisions"}],"predecessor-version":[{"id":6006,"href":"https:\/\/www.riwal.com\/no\/wp-json\/wp\/v2\/pages\/5674\/revisions\/6006"}],"wp:featuredmedia":[{"embeddable":true,"href":"https:\/\/www.riwal.com\/no\/wp-json\/wp\/v2\/media\/4158"}],"wp:attachment":[{"href":"https:\/\/www.riwal.com\/no\/wp-json\/wp\/v2\/media?parent=5674"}],"curies":[{"name":"wp","href":"https:\/\/api.w.org\/{rel}","templated":true}]}}