{"id":5657,"date":"2024-02-09T13:08:47","date_gmt":"2024-02-09T13:08:47","guid":{"rendered":"https:\/\/www.riwal.com\/no\/?page_id=5657"},"modified":"2025-12-15T15:31:49","modified_gmt":"2025-12-15T14:31:49","slug":"om-riwal-norge","status":"publish","type":"page","link":"https:\/\/www.riwal.com\/no\/om-riwal-norge\/","title":{"rendered":"Om Riwal"},"content":{"rendered":"<div class=\"rental-wp-default-block rental-theme-block-default-margin\">\n\t\t\t\t\t\t\t\t<div class=\"container\">\n<div class=\"wp-block-columns is-layout-flex wp-container-core-columns-is-layout-28f84493 wp-block-columns-is-layout-flex\">\n<div class=\"wp-block-column is-layout-flow wp-block-column-is-layout-flow\" style=\"flex-basis:33.33%\">\n<h2 class=\"wp-block-heading\" id=\"h-arbeid-i-hoyden-med-riwal\">Arbeid i h\u00f8yden med Riwal<\/h2>\n<\/div>\n\n\n\n<div class=\"wp-block-column is-layout-flow wp-block-column-is-layout-flow\" style=\"flex-basis:66.66%\">\n<p>Riwal har siden 1968 v\u00e6rt spesialisten p\u00e5 sikkert og effektivt arbeid i h\u00f8yden. Med mer enn 55 \u00e5rs erfaring og solid kunnskap om lift\u00acer, teleskoplastere og gaffeltrucker st\u00f8tter vi kunder i bygg- og anleggsbransjen, industrien og logistikk hver dag. Siden 2024 har Riwal v\u00e6rt en del av <a href=\"https:\/\/www.cramo.no\/no\">Cramo AS<\/a>. Sammen har vi en av de mest moderne og b\u00e6rekraftige liftparkene i Europa, hvor over 60% er elektriske eller hybride. Dette gj\u00f8r det mulig for oss \u00e5 levere p\u00e5litelige, fremtidsrettede l\u00f8sninger for hvert prosjekt.<\/p>\n\n\n\n<p>V\u00e5r styrke ligger ikke bare i utleie av maskiner, men ogs\u00e5 i tilleggstjenester, faglig r\u00e5dgivning, profesjonelle sikkerhetskurs og smarte l\u00f8sninger tilpasset behov. Takket v\u00e6re et sterkt internasjonalt nettverk og et dedikert team av spesialister sikrer vi rask tilgjengelighet, personlig service og maksimal driftstid p\u00e5 enhver arbeidsplass. Slik holder vi arbeidet ditt i h\u00f8yden i kontinuerlig bevegelse.<\/p>\n<\/div>\n<\/div>\n<\/div>\n\t\t\t\t\t\t\t<\/div> ","protected":false},"excerpt":{"rendered":"<p>Arbeid i h\u00f8yden med Riwal Riwal har siden 1968 v\u00e6rt spesialisten p\u00e5 sikkert og effektivt arbeid i h\u00f8yden. Med mer enn 55 \u00e5rs erfaring og solid kunnskap om lift\u00acer, teleskoplastere og gaffeltrucker st\u00f8tter vi kunder i bygg- og anleggsbransjen, industrien og logistikk hver dag. Siden 2024 har Riwal v\u00e6rt en del av Cramo AS. Sammen &hellip; <a href=\"https:\/\/www.riwal.com\/no\/om-riwal-norge\/\">Fortsettelse<\/a><\/p>\n","protected":false},"author":18,"featured_media":326,"parent":0,"menu_order":0,"comment_status":"closed","ping_status":"closed","template":"","meta":{"_acf_changed":false,"footnotes":""},"class_list":["post-5657","page","type-page","status-publish","has-post-thumbnail","hentry"],"acf":[],"yoast_head":"<!-- This site is optimized with the Yoast SEO Premium plugin v27.1 (Yoast SEO v27.1.1) - https:\/\/yoast.com\/product\/yoast-seo-premium-wordpress\/ -->\n<title>Om Riwal - Riwal Norge<\/title>\n<meta name=\"description\" content=\"Om Riwal: 55 \u00e5rs erfaring, en internasjonal utleie- og salgsspesialist innen lifter, teleskoptrucker, minikraner og trucker.\" \/>\n<meta name=\"robots\" content=\"index, follow, max-snippet:-1, max-image-preview:large, max-video-preview:-1\" \/>\n<link rel=\"canonical\" href=\"https:\/\/www.riwal.com\/no\/om-riwal-norge\/\" \/>\n<meta property=\"og:locale\" content=\"nn_NO\" \/>\n<meta property=\"og:type\" content=\"article\" \/>\n<meta property=\"og:title\" content=\"Om Riwal\" \/>\n<meta property=\"og:description\" content=\"Om Riwal: 55 \u00e5rs erfaring, en internasjonal utleie- og salgsspesialist innen lifter, teleskoptrucker, minikraner og trucker.\" \/>\n<meta property=\"og:url\" content=\"https:\/\/www.riwal.com\/no\/om-riwal-norge\/\" \/>\n<meta property=\"og:site_name\" content=\"Riwal Norge\" \/>\n<meta property=\"article:modified_time\" content=\"2025-12-15T14:31:49+00:00\" \/>\n<meta property=\"og:image\" content=\"https:\/\/www.riwal.com\/app\/uploads\/sites\/12\/2023\/04\/riwal-rental-expertise-on-site-min-1-scaled.jpg\" \/>\n\t<meta property=\"og:image:width\" content=\"2400\" \/>\n\t<meta property=\"og:image:height\" content=\"1600\" \/>\n\t<meta property=\"og:image:type\" content=\"image\/jpeg\" \/>\n<meta name=\"twitter:card\" content=\"summary_large_image\" \/>\n<meta name=\"twitter:label1\" content=\"Est. reading time\" \/>\n\t<meta name=\"twitter:data1\" content=\"1 minutt\" \/>\n<script type=\"application\/ld+json\" class=\"yoast-schema-graph\">{\"@context\":\"https:\/\/schema.org\",\"@graph\":[{\"@type\":\"WebPage\",\"@id\":\"https:\/\/www.riwal.com\/no\/om-riwal-norge\/\",\"url\":\"https:\/\/www.riwal.com\/no\/om-riwal-norge\/\",\"name\":\"Om Riwal - Riwal Norge\",\"isPartOf\":{\"@id\":\"https:\/\/www.riwal.com\/no\/#website\"},\"primaryImageOfPage\":{\"@id\":\"https:\/\/www.riwal.com\/no\/om-riwal-norge\/#primaryimage\"},\"image\":{\"@id\":\"https:\/\/www.riwal.com\/no\/om-riwal-norge\/#primaryimage\"},\"thumbnailUrl\":\"https:\/\/eqsk4m2dkju.exactdn.com\/app\/uploads\/sites\/12\/2023\/04\/riwal-rental-expertise-on-site-min-1-scaled.jpg?strip=all&quality=92&webp=92&avif=80&sharp=1\",\"datePublished\":\"2024-02-09T13:08:47+00:00\",\"dateModified\":\"2025-12-15T14:31:49+00:00\",\"description\":\"Om Riwal: 55 \u00e5rs erfaring, en internasjonal utleie- og salgsspesialist innen lifter, teleskoptrucker, minikraner og trucker.\",\"breadcrumb\":{\"@id\":\"https:\/\/www.riwal.com\/no\/om-riwal-norge\/#breadcrumb\"},\"inLanguage\":\"nn-NO\",\"potentialAction\":[{\"@type\":\"ReadAction\",\"target\":[\"https:\/\/www.riwal.com\/no\/om-riwal-norge\/\"]}]},{\"@type\":\"ImageObject\",\"inLanguage\":\"nn-NO\",\"@id\":\"https:\/\/www.riwal.com\/no\/om-riwal-norge\/#primaryimage\",\"url\":\"https:\/\/eqsk4m2dkju.exactdn.com\/app\/uploads\/sites\/12\/2023\/04\/riwal-rental-expertise-on-site-min-1-scaled.jpg?strip=all&quality=92&webp=92&avif=80&sharp=1\",\"contentUrl\":\"https:\/\/eqsk4m2dkju.exactdn.com\/app\/uploads\/sites\/12\/2023\/04\/riwal-rental-expertise-on-site-min-1-scaled.jpg?strip=all&quality=92&webp=92&avif=80&sharp=1\",\"width\":2400,\"height\":1600,\"caption\":\"Om Riwal Norge\"},{\"@type\":\"BreadcrumbList\",\"@id\":\"https:\/\/www.riwal.com\/no\/om-riwal-norge\/#breadcrumb\",\"itemListElement\":[{\"@type\":\"ListItem\",\"position\":1,\"name\":\"Hjem\",\"item\":\"https:\/\/www.riwal.com\/no\/\"},{\"@type\":\"ListItem\",\"position\":2,\"name\":\"Om Riwal\"}]},{\"@type\":\"WebSite\",\"@id\":\"https:\/\/www.riwal.com\/no\/#website\",\"url\":\"https:\/\/www.riwal.com\/no\/\",\"name\":\"Riwal\",\"description\":\"JLG lifter til salgs\",\"publisher\":{\"@id\":\"https:\/\/www.riwal.com\/no\/#organization\"},\"potentialAction\":[{\"@type\":\"SearchAction\",\"target\":{\"@type\":\"EntryPoint\",\"urlTemplate\":\"https:\/\/www.riwal.com\/no\/?s={search_term_string}\"},\"query-input\":{\"@type\":\"PropertyValueSpecification\",\"valueRequired\":true,\"valueName\":\"search_term_string\"}}],\"inLanguage\":\"nn-NO\"},{\"@type\":\"Organization\",\"@id\":\"https:\/\/www.riwal.com\/no\/#organization\",\"name\":\"Riwal\",\"url\":\"https:\/\/www.riwal.com\/no\/\",\"logo\":{\"@type\":\"ImageObject\",\"inLanguage\":\"nn-NO\",\"@id\":\"https:\/\/www.riwal.com\/no\/#\/schema\/logo\/image\/\",\"url\":\"\",\"contentUrl\":\"\",\"caption\":\"Riwal\"},\"image\":{\"@id\":\"https:\/\/www.riwal.com\/no\/#\/schema\/logo\/image\/\"}}]}<\/script>\n<!-- \/ Yoast SEO Premium plugin. -->","yoast_head_json":{"title":"Om Riwal - Riwal Norge","description":"Om Riwal: 55 \u00e5rs erfaring, en internasjonal utleie- og salgsspesialist innen lifter, teleskoptrucker, minikraner og trucker.","robots":{"index":"index","follow":"follow","max-snippet":"max-snippet:-1","max-image-preview":"max-image-preview:large","max-video-preview":"max-video-preview:-1"},"canonical":"https:\/\/www.riwal.com\/no\/om-riwal-norge\/","og_locale":"nn_NO","og_type":"article","og_title":"Om Riwal","og_description":"Om Riwal: 55 \u00e5rs erfaring, en internasjonal utleie- og salgsspesialist innen lifter, teleskoptrucker, minikraner og trucker.","og_url":"https:\/\/www.riwal.com\/no\/om-riwal-norge\/","og_site_name":"Riwal Norge","article_modified_time":"2025-12-15T14:31:49+00:00","og_image":[{"width":2400,"height":1600,"url":"https:\/\/www.riwal.com\/app\/uploads\/sites\/12\/2023\/04\/riwal-rental-expertise-on-site-min-1-scaled.jpg","type":"image\/jpeg"}],"twitter_card":"summary_large_image","twitter_misc":{"Est. reading time":"1 minutt"},"schema":{"@context":"https:\/\/schema.org","@graph":[{"@type":"WebPage","@id":"https:\/\/www.riwal.com\/no\/om-riwal-norge\/","url":"https:\/\/www.riwal.com\/no\/om-riwal-norge\/","name":"Om Riwal - Riwal Norge","isPartOf":{"@id":"https:\/\/www.riwal.com\/no\/#website"},"primaryImageOfPage":{"@id":"https:\/\/www.riwal.com\/no\/om-riwal-norge\/#primaryimage"},"image":{"@id":"https:\/\/www.riwal.com\/no\/om-riwal-norge\/#primaryimage"},"thumbnailUrl":"https:\/\/eqsk4m2dkju.exactdn.com\/app\/uploads\/sites\/12\/2023\/04\/riwal-rental-expertise-on-site-min-1-scaled.jpg?strip=all&quality=92&webp=92&avif=80&sharp=1","datePublished":"2024-02-09T13:08:47+00:00","dateModified":"2025-12-15T14:31:49+00:00","description":"Om Riwal: 55 \u00e5rs erfaring, en internasjonal utleie- og salgsspesialist innen lifter, teleskoptrucker, minikraner og trucker.","breadcrumb":{"@id":"https:\/\/www.riwal.com\/no\/om-riwal-norge\/#breadcrumb"},"inLanguage":"nn-NO","potentialAction":[{"@type":"ReadAction","target":["https:\/\/www.riwal.com\/no\/om-riwal-norge\/"]}]},{"@type":"ImageObject","inLanguage":"nn-NO","@id":"https:\/\/www.riwal.com\/no\/om-riwal-norge\/#primaryimage","url":"https:\/\/eqsk4m2dkju.exactdn.com\/app\/uploads\/sites\/12\/2023\/04\/riwal-rental-expertise-on-site-min-1-scaled.jpg?strip=all&quality=92&webp=92&avif=80&sharp=1","contentUrl":"https:\/\/eqsk4m2dkju.exactdn.com\/app\/uploads\/sites\/12\/2023\/04\/riwal-rental-expertise-on-site-min-1-scaled.jpg?strip=all&quality=92&webp=92&avif=80&sharp=1","width":2400,"height":1600,"caption":"Om Riwal Norge"},{"@type":"BreadcrumbList","@id":"https:\/\/www.riwal.com\/no\/om-riwal-norge\/#breadcrumb","itemListElement":[{"@type":"ListItem","position":1,"name":"Hjem","item":"https:\/\/www.riwal.com\/no\/"},{"@type":"ListItem","position":2,"name":"Om Riwal"}]},{"@type":"WebSite","@id":"https:\/\/www.riwal.com\/no\/#website","url":"https:\/\/www.riwal.com\/no\/","name":"Riwal","description":"JLG lifter til salgs","publisher":{"@id":"https:\/\/www.riwal.com\/no\/#organization"},"potentialAction":[{"@type":"SearchAction","target":{"@type":"EntryPoint","urlTemplate":"https:\/\/www.riwal.com\/no\/?s={search_term_string}"},"query-input":{"@type":"PropertyValueSpecification","valueRequired":true,"valueName":"search_term_string"}}],"inLanguage":"nn-NO"},{"@type":"Organization","@id":"https:\/\/www.riwal.com\/no\/#organization","name":"Riwal","url":"https:\/\/www.riwal.com\/no\/","logo":{"@type":"ImageObject","inLanguage":"nn-NO","@id":"https:\/\/www.riwal.com\/no\/#\/schema\/logo\/image\/","url":"","contentUrl":"","caption":"Riwal"},"image":{"@id":"https:\/\/www.riwal.com\/no\/#\/schema\/logo\/image\/"}}]}},"_links":{"self":[{"href":"https:\/\/www.riwal.com\/no\/wp-json\/wp\/v2\/pages\/5657","targetHints":{"allow":["GET"]}}],"collection":[{"href":"https:\/\/www.riwal.com\/no\/wp-json\/wp\/v2\/pages"}],"about":[{"href":"https:\/\/www.riwal.com\/no\/wp-json\/wp\/v2\/types\/page"}],"author":[{"embeddable":true,"href":"https:\/\/www.riwal.com\/no\/wp-json\/wp\/v2\/users\/18"}],"replies":[{"embeddable":true,"href":"https:\/\/www.riwal.com\/no\/wp-json\/wp\/v2\/comments?post=5657"}],"version-history":[{"count":14,"href":"https:\/\/www.riwal.com\/no\/wp-json\/wp\/v2\/pages\/5657\/revisions"}],"predecessor-version":[{"id":17998,"href":"https:\/\/www.riwal.com\/no\/wp-json\/wp\/v2\/pages\/5657\/revisions\/17998"}],"wp:featuredmedia":[{"embeddable":true,"href":"https:\/\/www.riwal.com\/no\/wp-json\/wp\/v2\/media\/326"}],"wp:attachment":[{"href":"https:\/\/www.riwal.com\/no\/wp-json\/wp\/v2\/media?parent=5657"}],"curies":[{"name":"wp","href":"https:\/\/api.w.org\/{rel}","templated":true}]}}