{"id":4146,"date":"2024-02-02T11:43:40","date_gmt":"2024-02-02T11:43:40","guid":{"rendered":"https:\/\/www.riwal.com\/no\/?page_id=4146"},"modified":"2024-02-06T07:27:38","modified_gmt":"2024-02-06T07:27:38","slug":"riwal-opphavsrett-og-ansvarsfraskrivelse","status":"publish","type":"page","link":"https:\/\/www.riwal.com\/no\/riwal-opphavsrett-og-ansvarsfraskrivelse\/","title":{"rendered":"Ansvarsfraskrivelse"},"content":{"rendered":"<div class=\"rental-wp-default-block rental-theme-block-default-margin\">\n\t\t\t\t\t\t\t\t<div class=\"container\">\n<div class=\"wp-block-group is-layout-constrained wp-block-group-is-layout-constrained\">\n<div class=\"wp-block-rental-theme-title-text rental-theme-block-default-margin\">\n\t<div class=\"wp-block-rental-theme-title-text__container\">\n\t\t<div class=\"wp-block-rental-theme-title-text__wrapper\">\n\t\t\t<h1 class='wp-block-rental-theme-title-text__title'>Ansvarsfraskrivelse for www.riwal.com<\/h1>\t\t<\/div>\n\t\t<div class='wp-block-rental-theme-title-text__text'>\n\n<p>Riwal forbeholder seg retten til \u00e5 endre innholdet n\u00e5r som helst eller fjerne deler av det uten \u00e5 informere deg. Nettstedsbrukere anbefales \u00e5 lese ansvarsfraskrivelsen jevnlig slik at de alltid er oppdatert med den nyeste versjonen.<\/p>\n\n\n\n<h2 class=\"wp-block-heading\" id=\"h-begrenset-ansvar\">Begrenset ansvar<\/h2>\n\n\n\n<p>Riwal streber etter \u00e5 supplere og\/eller oppdatere innholdet p\u00e5 nettstedet s\u00e5 ofte som mulig. Til tross for denne omsorgen og oppmerksomheten er det fortsatt mulig at innholdet kan v\u00e6re ufullstendig og\/eller feil.<\/p>\n\n\n\n<p>Materialene som tilbys p\u00e5 nettstedet, tilbys uten noen form for garanti eller p\u00e5stand om riktighet. Disse materialene kan endre seg n\u00e5r som helst uten forh\u00e5ndsvarsel fra Riwal.<\/p>\n\n\n\n<p>Til tross for den p\u00e5g\u00e5ende omsorgen Riwal legger ned p\u00e5 nettstedet og informasjonen som publiseres der, kan ikke Riwal holdes ansvarlig for fullstendigheten, riktigheten og aktualiteten av nettstedet og informasjonen som publiseres der.<\/p>\n\n<\/div>\n\t<\/div>\n<\/div>\n\n\n<div class=\"wp-block-group is-layout-constrained wp-block-group-is-layout-constrained\">\n<div class=\"wp-block-group is-layout-constrained wp-block-group-is-layout-constrained\">\n<div class=\"wp-block-group is-layout-constrained wp-block-group-is-layout-constrained\">\n<p>Informasjonen p\u00e5 nettstedet er kun ment for generelle form\u00e5l og kan ikke betraktes som r\u00e5d. Riwal er ikke ansvarlig for tap eller skade som f\u00f8lge av bruk av nettstedet (eller manglende evne til \u00e5 bruke det), inkludert tap eller skade for\u00e5rsaket av virus eller feilaktig eller ufullstendig informasjon, med mindre slikt tap eller skade skyldes forsettlige handlinger eller grov uaktsomhet fra Riwal sin side.<\/p>\n\n\n\n<p>Riwal vil heller ikke v\u00e6re ansvarlig for tap eller skade som f\u00f8lge av bruk av elektroniske kommunikasjonsmidler, inkludert &#8211; men ikke begrenset til &#8211; tap eller skade for\u00e5rsaket av forsinkelser i levering av elektronisk kommunikasjon eller manglende levering av elektronisk kommunikasjon, samt avlytting eller manipulering av elektronisk kommunikasjon av tredjeparter eller dataprogrammer brukt for elektronisk kommunikasjon og spredning av virus. Spesielt er alle priser p\u00e5 nettstedet betingede og underlagt skrive- eller programmeringsfeil. Ansvar aksepteres ikke for konsekvensene knyttet til slike feil. Avtaler vil ikke inng\u00e5s basert p\u00e5 slike feil.<\/p>\n\n\n\n<p>Informasjon fra tredjeparter uttrykker deres personlige synspunkter. Riwal er ikke ansvarlig eller ansvarlig for denne informasjonen.<\/p>\n\n\n\n<p>Dette nettstedet inneholder lenker til eksterne nettsteder som forvaltes av tredjeparter. Riwal er ikke ansvarlig for innholdet eller ytelsen til disse eksterne nettstedene. Riwal p\u00e5tar seg ingen ansvar hva som helst for kvaliteten p\u00e5 produktene og\/eller tjenestene som tilbys av slike eksterne nettsteder og er ikke ansvarlig for bruken av innholdet p\u00e5 nettsteder som lenker til eller fra nettstedet.<\/p>\n<\/div>\n\n\n\n<h2 class=\"wp-block-heading\" id=\"h-opphavsrett\">Opphavsrett<\/h2>\n\n\n\n<p>Alle immaterielle rettigheter knyttet til disse materialene forblir hos Riwal.<\/p>\n\n\n\n<p>Kopiering, distribusjon og enhver annen bruk av disse materialene er forbudt uten skriftlig tillatelse fra Riwal, med mindre det ellers er fastsatt av bindende regler (slik som retten til \u00e5 sitere), med mindre det er angitt annerledes for spesifikke materialer.<\/p>\n\n\n\n<p>Med mindre det er angitt annerledes, vil alle rettigheter p\u00e5 nettstedet og informasjonen p\u00e5 nettstedet, inkludert &#8211; men ikke begrenset til &#8211; opphavsrett og andre immaterielle rettigheter, tilh\u00f8re Riwal. Disse rettighetene gjelder alle rettigheter til varemerket, visuelle elementer, tekstmerker og logoer til Riwal som er illustrert eller avbildet p\u00e5 dette nettstedet.<\/p>\n\n\n\n<p>&laquo;Riwal&raquo; er et registrert varemerke for Riwal.<\/p>\n\n\n\n<p>Brukere kan lese og kopiere informasjonen p\u00e5 nettstedet for personlig, ikke-kommersiell bruk, for eksempel ved \u00e5 skrive ut eller lagre informasjonen.<\/p>\n\n\n\n<p>Enhver annen bruk av nettstedet eller informasjonen p\u00e5 nettstedet, som \u00e5 lagre og\/eller duplisere (del av) Riwal&#8217;s nettsted p\u00e5 en ekstern nettside eller etablere lenker, hypertekstlenker eller dyplenker mellom nettstedet og en annen nettside, er forbudt uten Riwal&#8217;s uttrykkelige skriftlige tillatelse.<\/p>\n\n\n\n<p><strong>Annet<\/strong><\/p>\n\n\n\n<p>Denne ansvarsfraskrivelsen kan tilpasses fra tid til annen.<\/p>\n<\/div>\n<\/div>\n<\/div>\n<\/div>\n\t\t\t\t\t\t\t<\/div> ","protected":false},"excerpt":{"rendered":"<p>Informasjonen p\u00e5 nettstedet er kun ment for generelle form\u00e5l og kan ikke betraktes som r\u00e5d. Riwal er ikke ansvarlig for tap eller skade som f\u00f8lge av bruk av nettstedet (eller manglende evne til \u00e5 bruke det), inkludert tap eller skade for\u00e5rsaket av virus eller feilaktig eller ufullstendig informasjon, med mindre slikt tap eller skade skyldes &hellip; <a href=\"https:\/\/www.riwal.com\/no\/riwal-opphavsrett-og-ansvarsfraskrivelse\/\">Fortsettelse<\/a><\/p>\n","protected":false},"author":14,"featured_media":0,"parent":0,"menu_order":0,"comment_status":"closed","ping_status":"closed","template":"","meta":{"_acf_changed":false,"footnotes":""},"class_list":["post-4146","page","type-page","status-publish","hentry"],"acf":[],"yoast_head":"<!-- This site is optimized with the Yoast SEO Premium plugin v27.1 (Yoast SEO v27.1.1) - https:\/\/yoast.com\/product\/yoast-seo-premium-wordpress\/ -->\n<title>Riwal: Opphavsrett, Immaterielle Rettigheter og Ansvarsfraskrivelse<\/title>\n<meta name=\"description\" content=\"Riwal&#039;s opphavsrett, immaterielle rettigheter og ansvarsfraskrivelse. Les om brukerrettigheter, varemerker og informasjon om v\u00e5rt nettsted.\" \/>\n<meta name=\"robots\" content=\"index, follow, max-snippet:-1, max-image-preview:large, max-video-preview:-1\" \/>\n<link rel=\"canonical\" href=\"https:\/\/www.riwal.com\/no\/riwal-opphavsrett-og-ansvarsfraskrivelse\/\" \/>\n<meta property=\"og:locale\" content=\"nn_NO\" \/>\n<meta property=\"og:type\" content=\"article\" \/>\n<meta property=\"og:title\" content=\"Ansvarsfraskrivelse\" \/>\n<meta property=\"og:description\" content=\"Riwal&#039;s opphavsrett, immaterielle rettigheter og ansvarsfraskrivelse. Les om brukerrettigheter, varemerker og informasjon om v\u00e5rt nettsted.\" \/>\n<meta property=\"og:url\" content=\"https:\/\/www.riwal.com\/no\/riwal-opphavsrett-og-ansvarsfraskrivelse\/\" \/>\n<meta property=\"og:site_name\" content=\"Riwal Norge\" \/>\n<meta property=\"article:modified_time\" content=\"2024-02-06T07:27:38+00:00\" \/>\n<meta name=\"twitter:card\" content=\"summary_large_image\" \/>\n<meta name=\"twitter:label1\" content=\"Est. reading time\" \/>\n\t<meta name=\"twitter:data1\" content=\"3 minutt\" \/>\n<script type=\"application\/ld+json\" class=\"yoast-schema-graph\">{\"@context\":\"https:\/\/schema.org\",\"@graph\":[{\"@type\":\"WebPage\",\"@id\":\"https:\/\/www.riwal.com\/no\/riwal-opphavsrett-og-ansvarsfraskrivelse\/\",\"url\":\"https:\/\/www.riwal.com\/no\/riwal-opphavsrett-og-ansvarsfraskrivelse\/\",\"name\":\"Riwal: Opphavsrett, Immaterielle Rettigheter og Ansvarsfraskrivelse\",\"isPartOf\":{\"@id\":\"https:\/\/www.riwal.com\/no\/#website\"},\"datePublished\":\"2024-02-02T11:43:40+00:00\",\"dateModified\":\"2024-02-06T07:27:38+00:00\",\"description\":\"Riwal's opphavsrett, immaterielle rettigheter og ansvarsfraskrivelse. Les om brukerrettigheter, varemerker og informasjon om v\u00e5rt nettsted.\",\"breadcrumb\":{\"@id\":\"https:\/\/www.riwal.com\/no\/riwal-opphavsrett-og-ansvarsfraskrivelse\/#breadcrumb\"},\"inLanguage\":\"nn-NO\",\"potentialAction\":[{\"@type\":\"ReadAction\",\"target\":[\"https:\/\/www.riwal.com\/no\/riwal-opphavsrett-og-ansvarsfraskrivelse\/\"]}]},{\"@type\":\"BreadcrumbList\",\"@id\":\"https:\/\/www.riwal.com\/no\/riwal-opphavsrett-og-ansvarsfraskrivelse\/#breadcrumb\",\"itemListElement\":[{\"@type\":\"ListItem\",\"position\":1,\"name\":\"Hjem\",\"item\":\"https:\/\/www.riwal.com\/no\/\"},{\"@type\":\"ListItem\",\"position\":2,\"name\":\"Ansvarsfraskrivelse\"}]},{\"@type\":\"WebSite\",\"@id\":\"https:\/\/www.riwal.com\/no\/#website\",\"url\":\"https:\/\/www.riwal.com\/no\/\",\"name\":\"Riwal\",\"description\":\"JLG lifter til salgs\",\"publisher\":{\"@id\":\"https:\/\/www.riwal.com\/no\/#organization\"},\"potentialAction\":[{\"@type\":\"SearchAction\",\"target\":{\"@type\":\"EntryPoint\",\"urlTemplate\":\"https:\/\/www.riwal.com\/no\/?s={search_term_string}\"},\"query-input\":{\"@type\":\"PropertyValueSpecification\",\"valueRequired\":true,\"valueName\":\"search_term_string\"}}],\"inLanguage\":\"nn-NO\"},{\"@type\":\"Organization\",\"@id\":\"https:\/\/www.riwal.com\/no\/#organization\",\"name\":\"Riwal\",\"url\":\"https:\/\/www.riwal.com\/no\/\",\"logo\":{\"@type\":\"ImageObject\",\"inLanguage\":\"nn-NO\",\"@id\":\"https:\/\/www.riwal.com\/no\/#\/schema\/logo\/image\/\",\"url\":\"\",\"contentUrl\":\"\",\"caption\":\"Riwal\"},\"image\":{\"@id\":\"https:\/\/www.riwal.com\/no\/#\/schema\/logo\/image\/\"}}]}<\/script>\n<!-- \/ Yoast SEO Premium plugin. -->","yoast_head_json":{"title":"Riwal: Opphavsrett, Immaterielle Rettigheter og Ansvarsfraskrivelse","description":"Riwal's opphavsrett, immaterielle rettigheter og ansvarsfraskrivelse. Les om brukerrettigheter, varemerker og informasjon om v\u00e5rt nettsted.","robots":{"index":"index","follow":"follow","max-snippet":"max-snippet:-1","max-image-preview":"max-image-preview:large","max-video-preview":"max-video-preview:-1"},"canonical":"https:\/\/www.riwal.com\/no\/riwal-opphavsrett-og-ansvarsfraskrivelse\/","og_locale":"nn_NO","og_type":"article","og_title":"Ansvarsfraskrivelse","og_description":"Riwal's opphavsrett, immaterielle rettigheter og ansvarsfraskrivelse. Les om brukerrettigheter, varemerker og informasjon om v\u00e5rt nettsted.","og_url":"https:\/\/www.riwal.com\/no\/riwal-opphavsrett-og-ansvarsfraskrivelse\/","og_site_name":"Riwal Norge","article_modified_time":"2024-02-06T07:27:38+00:00","twitter_card":"summary_large_image","twitter_misc":{"Est. reading time":"3 minutt"},"schema":{"@context":"https:\/\/schema.org","@graph":[{"@type":"WebPage","@id":"https:\/\/www.riwal.com\/no\/riwal-opphavsrett-og-ansvarsfraskrivelse\/","url":"https:\/\/www.riwal.com\/no\/riwal-opphavsrett-og-ansvarsfraskrivelse\/","name":"Riwal: Opphavsrett, Immaterielle Rettigheter og Ansvarsfraskrivelse","isPartOf":{"@id":"https:\/\/www.riwal.com\/no\/#website"},"datePublished":"2024-02-02T11:43:40+00:00","dateModified":"2024-02-06T07:27:38+00:00","description":"Riwal's opphavsrett, immaterielle rettigheter og ansvarsfraskrivelse. Les om brukerrettigheter, varemerker og informasjon om v\u00e5rt nettsted.","breadcrumb":{"@id":"https:\/\/www.riwal.com\/no\/riwal-opphavsrett-og-ansvarsfraskrivelse\/#breadcrumb"},"inLanguage":"nn-NO","potentialAction":[{"@type":"ReadAction","target":["https:\/\/www.riwal.com\/no\/riwal-opphavsrett-og-ansvarsfraskrivelse\/"]}]},{"@type":"BreadcrumbList","@id":"https:\/\/www.riwal.com\/no\/riwal-opphavsrett-og-ansvarsfraskrivelse\/#breadcrumb","itemListElement":[{"@type":"ListItem","position":1,"name":"Hjem","item":"https:\/\/www.riwal.com\/no\/"},{"@type":"ListItem","position":2,"name":"Ansvarsfraskrivelse"}]},{"@type":"WebSite","@id":"https:\/\/www.riwal.com\/no\/#website","url":"https:\/\/www.riwal.com\/no\/","name":"Riwal","description":"JLG lifter til salgs","publisher":{"@id":"https:\/\/www.riwal.com\/no\/#organization"},"potentialAction":[{"@type":"SearchAction","target":{"@type":"EntryPoint","urlTemplate":"https:\/\/www.riwal.com\/no\/?s={search_term_string}"},"query-input":{"@type":"PropertyValueSpecification","valueRequired":true,"valueName":"search_term_string"}}],"inLanguage":"nn-NO"},{"@type":"Organization","@id":"https:\/\/www.riwal.com\/no\/#organization","name":"Riwal","url":"https:\/\/www.riwal.com\/no\/","logo":{"@type":"ImageObject","inLanguage":"nn-NO","@id":"https:\/\/www.riwal.com\/no\/#\/schema\/logo\/image\/","url":"","contentUrl":"","caption":"Riwal"},"image":{"@id":"https:\/\/www.riwal.com\/no\/#\/schema\/logo\/image\/"}}]}},"_links":{"self":[{"href":"https:\/\/www.riwal.com\/no\/wp-json\/wp\/v2\/pages\/4146","targetHints":{"allow":["GET"]}}],"collection":[{"href":"https:\/\/www.riwal.com\/no\/wp-json\/wp\/v2\/pages"}],"about":[{"href":"https:\/\/www.riwal.com\/no\/wp-json\/wp\/v2\/types\/page"}],"author":[{"embeddable":true,"href":"https:\/\/www.riwal.com\/no\/wp-json\/wp\/v2\/users\/14"}],"replies":[{"embeddable":true,"href":"https:\/\/www.riwal.com\/no\/wp-json\/wp\/v2\/comments?post=4146"}],"version-history":[{"count":4,"href":"https:\/\/www.riwal.com\/no\/wp-json\/wp\/v2\/pages\/4146\/revisions"}],"predecessor-version":[{"id":5434,"href":"https:\/\/www.riwal.com\/no\/wp-json\/wp\/v2\/pages\/4146\/revisions\/5434"}],"wp:attachment":[{"href":"https:\/\/www.riwal.com\/no\/wp-json\/wp\/v2\/media?parent=4146"}],"curies":[{"name":"wp","href":"https:\/\/api.w.org\/{rel}","templated":true}]}}