{"id":3022,"date":"2023-09-18T12:49:08","date_gmt":"2023-09-18T12:49:08","guid":{"rendered":"https:\/\/www.riwal.com\/no\/?page_id=3022"},"modified":"2024-10-11T08:45:53","modified_gmt":"2024-10-11T06:45:53","slug":"sikkerhet-fremfor-alt-riwal","status":"publish","type":"page","link":"https:\/\/www.riwal.com\/no\/sikkerhet-fremfor-alt-riwal\/","title":{"rendered":"Sikkerhet"},"content":{"rendered":"<div class=\"rental-wp-default-block rental-theme-block-default-margin\">\n\t\t\t\t\t\t\t\t<div class=\"container\">\n<div class=\"wp-block-rental-theme-title-text rental-theme-block-default-margin\">\n\t<div class=\"wp-block-rental-theme-title-text__container\">\n\t\t<div class=\"wp-block-rental-theme-title-text__wrapper\">\n\t\t\t\t\t<\/div>\n\t\t<div class='wp-block-rental-theme-title-text__text'>\n\n<h1 class=\"wp-block-heading\" id=\"h-sikkerhet-fremfor-alt-hos-riwal\">Sikkerhet fremfor alt hos Riwal<\/h1>\n\n\n\n<p>I en bransje som omhandler salg og utleie av lifter og l\u00f8fteutstyr til byggeplasser, er sikkerhet v\u00e5r aller h\u00f8yeste prioritet. Hos Riwal mener vi at sikkerhet er v\u00e5rt viktigste produkt, og derfor g\u00e5r vi aldri p\u00e5 kompromiss med det. Sikkerheten handler ikke bare om \u00e5 levere utstyr, men om \u00e5 sikre at alt utstyr brukes trygt og effektivt. Det betyr at vi har trygge prosesser, kontinuerlig oppl\u00e6ring, og en dypt forankret sikkerhetskultur.<\/p>\n\n\n\n<h2 class=\"wp-block-heading\" id=\"h-trygt-utstyr-og-vedlikehold\">Trygt utstyr og vedlikehold<\/h2>\n\n\n\n<p>Grunnlaget for sikkerhet starter med utstyret vi tilbyr. Hos Riwal sikrer vi at alt v\u00e5rt l\u00f8fteutstyr holder topp kvalitet og vedlikeholdes regelmessig. Hver gang en lift returneres til et av v\u00e5re mange depoter, gjennomg\u00e5r det en grundig inspeksjon, hvor b\u00e5de slitasje og potensielle feil rettes opp. Ved behov utf\u00f8rer vi umiddelbart n\u00f8dvendig vedlikehold for \u00e5 sikre at utstyret er klart til neste oppdrag.<\/p>\n\n\n\n<p>Alle v\u00e5re maskiner er \u00e5rlig inspisert og sertifisert i henhold til nasjonale sikkerhetskrav. Vi forst\u00e5r viktigheten av \u00e5 holde utstyret i topp stand, fordi selv de minste feil kan f\u00e5 store konsekvenser p\u00e5 byggeplassen. Derfor samarbeider vi med ledende produsenter og bruker kun sertifiserte deler for \u00e5 sikre at alt utstyr er i topp stand til enhver tid.<\/p>\n\n\n\n<p><\/p>\n\n<\/div>\n\t<\/div>\n<\/div><\/div>\n\t\t\t\t\t\t\t<\/div> \n\n<div class=\"container\">\n<h2 class=\"wp-block-heading\" id=\"h-sikkerhet-gjennom-trygge-prosedyrer-0\">Sikkerhet gjennom trygge prosedyrer<\/h2>\n<\/div>\n\n<div class=\"container\">\n<p>Vi arbeider etter internasjonalt anerkjente sikkerhetsstandarder, og v\u00e5r OHSAS 18001-sertifisering beviser v\u00e5rt engasjement for helse og sikkerhet p\u00e5 arbeidsplassen. Ved \u00e5 implementere denne standarden i alle aspekter av v\u00e5r virksomhet, reduserer vi risikoen for uhell til et minimum. V\u00e5re prosedyrer s\u00f8rger for at alle som bruker v\u00e5rt utstyr \u2013 enten det er v\u00e5re egne ansatte eller kunder \u2013 kan gj\u00f8re det med vissheten om at sikkerheten er ivaretatt.<\/p>\n<\/div>\n\n<div class=\"container\">\n<p>Dette inneb\u00e6rer en proaktiv tiln\u00e6rming hvor vi kartlegger mulige risikoer p\u00e5 forh\u00e5nd, og har klare retningslinjer for hvordan uforutsette situasjoner skal h\u00e5ndteres. Det sikrer at alle involverte kan arbeide effektivt og uten un\u00f8dvendige bekymringer.<\/p>\n<\/div>\n\n<div class=\"container\">\n<p><\/p>\n<\/div>\n\n<div class=\"container\">\n<h2 class=\"wp-block-heading\" id=\"h-en-sikkerhetskultur\">En sikkerhetskultur<\/h2>\n<\/div>\n\n<div class=\"container\">\n<p>Trygt utstyr og trygge fremgangsm\u00e5ter er \u00e9n ting, men det er ikke nok uten kunnskap og en sikkerhetskultur. Derfor gir vi oppl\u00e6ring til v\u00e5re egne medarbeidere, samt tilbyr oppl\u00e6ring til andre for \u00e5 sikre trygg drift av utstyret v\u00e5rt. I tilfeller der lokale sikkerhetsforskrifter krever egne sertifikater, s\u00f8rger vi for at alle medarbeidere og veiledere har fullf\u00f8rt den n\u00f8dvendige oppl\u00e6ringen og er i samsvar med de lokale forskriftene.<\/p>\n<\/div>\n\n<div class=\"container\">\n<p>Alle m\u00f8ter med v\u00e5re ansatte i alle v\u00e5re nesten 60 depot begynner med sikkerhet. Hver uke tar n\u00f8kkelpersonell en \u00absikkerhetsrunde\u00bb rundt depotet for \u00e5 se etter risiko. Alle v\u00e5re ansatte oppfordres til \u00e5 komme med forslag til forbedring n\u00e5r de ser noe som kan utgj\u00f8re en sikkerhetsrisiko. Alle problemer og hendelser registreres p\u00e5 v\u00e5r \u00abForbedringstavle\u00bb \u2013 og tiltak settes i gang. V\u00e5rt m\u00e5l er ingen uhell eller hendelser, og vi jobber hardt for \u00e5 oppn\u00e5 det med en proaktiv tiln\u00e6rming til sikkerhet.<\/p>\n<\/div>\n\n<div class=\"container\">\n<p><\/p>\n<\/div>\n\n<div class=\"container\">\n<h3 class=\"wp-block-heading\" id=\"h-sertifisert-for-sikkerhet-og-kvalitet\"><strong>Sertifisert for sikkerhet og kvalitet:<\/strong><\/h3>\n<\/div>\n\n<div class=\"container\">\n<p>V\u00e5rt m\u00e5l er enkelt \u2013 vi jobber for en uhellsfri arbeidsplass. Dette krever kontinuerlig fokus og dedikasjon fra alle involverte, og hos Riwal har vi gjort sikkerhet til en del av v\u00e5rt DNA. Fra det \u00f8yeblikket du trer inn i et av v\u00e5re depoter, til du avslutter et prosjekt med v\u00e5rt utstyr, kan du v\u00e6re trygg p\u00e5 at sikkerheten st\u00e5r i h\u00f8ysetet.<\/p>\n<\/div>\n\n<div class=\"container\">\n<ul class=\"wp-block-list\">\n<li>OHSAS 18001-standard for yrkesmessig helse- og sikkerhetsstyring<\/li>\n\n\n\n<li>ISO 9001 for kvalitet<\/li>\n\n\n\n<li>VCA (sikkerhetssertifikat for entrepen\u00f8rer) i Nederland<\/li>\n<\/ul>\n<\/div>\n\n<div class=\"container\">\n<p>Med sertifiseringer som OHSAS 18001 for helse og sikkerhet, ISO 9001 for kvalitet, og VCA-sertifisering for entrepren\u00f8rer i Nederland, s\u00f8rger vi for at b\u00e5de kvalitet og sikkerhet oppfyller de h\u00f8yeste standardene.<\/p>\n<\/div>\n\n<div class=\"wp-block-rental-theme-featured rental-theme-block-default-padding\">\n\t<div class=\"container\">\n\t\t<div class=\"wp-block-rental-theme-featured-container\">\n\t\t\t<div class=\"wp-block-rental-theme-featured__image\">\n\t\t\t\t<div class=\"wp-block-rental-theme-featured-image-container\">\n\t\t\t\t\t\t\t\t\t\t\t<div class=\"main-image\">\n\t\t\t\t\t\t\t<img loading=\"lazy\" decoding=\"async\" width=\"620\" height=\"413\" src=\"https:\/\/eqsk4m2dkju.exactdn.com\/app\/uploads\/sites\/12\/2023\/06\/riwal-aerial-work-platform-rental-sales-67-scaled.webp?strip=all&amp;quality=92&amp;webp=92&amp;avif=80&amp;sharp=1&amp;fit=620%2C413\" class=\"attachment-featured_block_image size-featured_block_image\" alt=\"\" srcset=\"https:\/\/eqsk4m2dkju.exactdn.com\/app\/uploads\/sites\/12\/2023\/06\/riwal-aerial-work-platform-rental-sales-67-scaled.webp?strip=all&amp;quality=92&amp;webp=92&amp;avif=80&amp;sharp=1 2560w, https:\/\/eqsk4m2dkju.exactdn.com\/app\/uploads\/sites\/12\/2023\/06\/riwal-aerial-work-platform-rental-sales-67-2048x1365.webp?strip=all&amp;quality=92&amp;webp=92&amp;avif=80&amp;sharp=1 2048w, https:\/\/eqsk4m2dkju.exactdn.com\/app\/uploads\/sites\/12\/2023\/06\/riwal-aerial-work-platform-rental-sales-67-1388x925.webp?strip=all&amp;quality=92&amp;webp=92&amp;avif=80&amp;sharp=1 1388w, https:\/\/eqsk4m2dkju.exactdn.com\/app\/uploads\/sites\/12\/2023\/06\/riwal-aerial-work-platform-rental-sales-67-830x553.webp?strip=all&amp;quality=92&amp;webp=92&amp;avif=80&amp;sharp=1 830w, https:\/\/eqsk4m2dkju.exactdn.com\/app\/uploads\/sites\/12\/2023\/06\/riwal-aerial-work-platform-rental-sales-67-250x167.webp?strip=all&amp;quality=92&amp;webp=92&amp;avif=80&amp;sharp=1 250w, https:\/\/eqsk4m2dkju.exactdn.com\/app\/uploads\/sites\/12\/2023\/06\/riwal-aerial-work-platform-rental-sales-67-300x200.webp?strip=all&amp;quality=92&amp;webp=92&amp;avif=80&amp;sharp=1 300w, https:\/\/eqsk4m2dkju.exactdn.com\/app\/uploads\/sites\/12\/2023\/06\/riwal-aerial-work-platform-rental-sales-67-768x512.webp?strip=all&amp;quality=92&amp;webp=92&amp;avif=80&amp;sharp=1 768w, https:\/\/eqsk4m2dkju.exactdn.com\/app\/uploads\/sites\/12\/2023\/06\/riwal-aerial-work-platform-rental-sales-67-1024x683.webp?strip=all&amp;quality=92&amp;webp=92&amp;avif=80&amp;sharp=1 1024w, https:\/\/eqsk4m2dkju.exactdn.com\/app\/uploads\/sites\/12\/2023\/06\/riwal-aerial-work-platform-rental-sales-67-1536x1024.webp?strip=all&amp;quality=92&amp;webp=92&amp;avif=80&amp;sharp=1 1536w, https:\/\/eqsk4m2dkju.exactdn.com\/app\/uploads\/sites\/12\/2023\/06\/riwal-aerial-work-platform-rental-sales-67-178x119.webp?strip=all&amp;quality=92&amp;webp=92&amp;avif=80&amp;sharp=1 178w, https:\/\/eqsk4m2dkju.exactdn.com\/app\/uploads\/sites\/12\/2023\/06\/riwal-aerial-work-platform-rental-sales-67-390x260.webp?strip=all&amp;quality=92&amp;webp=92&amp;avif=80&amp;sharp=1 390w, https:\/\/eqsk4m2dkju.exactdn.com\/app\/uploads\/sites\/12\/2023\/06\/riwal-aerial-work-platform-rental-sales-67-scaled.webp?strip=all&amp;quality=92&amp;webp=92&amp;avif=80&amp;sharp=1&amp;w=512 512w, https:\/\/eqsk4m2dkju.exactdn.com\/app\/uploads\/sites\/12\/2023\/06\/riwal-aerial-work-platform-rental-sales-67-scaled.webp?strip=all&amp;quality=92&amp;webp=92&amp;avif=80&amp;sharp=1&amp;w=450 450w\" sizes=\"auto, (max-width: 620px) 100vw, 620px\" \/>\t\t\t\t\t\t<\/div>\n\t\t\t\t\t\t\t\t\t\t<div class=\"wp-block-rental-theme-featured-image-container__subtext\">\n\t\t\t\t\t\tRiwal Norge Gjerdrum\t\t\t\t\t<\/div>\n\t\t\t\t<\/div>\n\t\t\t<\/div>\n\t\t\t<div class=\"wp-block-rental-theme-featured-content\">\n\t\t\t\t<div>\n\t\t\t\t\t<h2 class=\"wp-block-rental-theme-featured-title\">Trenger du ny JLG Lift?<br><\/h2>\n\t\t\t\t\t<div class=\"wp-block-rental-theme-featured-text\">\n\n<div class=\"wp-block-button\"><a class=\"wp-block-button__link wp-element-button\">Se v\u00e5re JLG maskiner her! <\/a><\/div>\n\n<\/div>\n\t\t\t\t<\/div>\n\t\t\t<\/div>\n\t\t<\/div>\n\t<\/div>\n<\/div>\n","protected":false},"excerpt":{"rendered":"<p>Sikkerhet gjennom trygge prosedyrer Vi arbeider etter internasjonalt anerkjente sikkerhetsstandarder, og v\u00e5r OHSAS 18001-sertifisering beviser v\u00e5rt engasjement for helse og sikkerhet p\u00e5 arbeidsplassen. Ved \u00e5 implementere denne standarden i alle aspekter av v\u00e5r virksomhet, reduserer vi risikoen for uhell til et minimum. V\u00e5re prosedyrer s\u00f8rger for at alle som bruker v\u00e5rt utstyr \u2013 enten det &hellip; <a href=\"https:\/\/www.riwal.com\/no\/sikkerhet-fremfor-alt-riwal\/\">Fortsettelse<\/a><\/p>\n","protected":false},"author":27,"featured_media":1076,"parent":0,"menu_order":0,"comment_status":"closed","ping_status":"closed","template":"","meta":{"_acf_changed":false,"footnotes":""},"class_list":["post-3022","page","type-page","status-publish","has-post-thumbnail","hentry"],"acf":[],"yoast_head":"<!-- This site is optimized with the Yoast SEO Premium plugin v27.1 (Yoast SEO v27.1.1) - https:\/\/yoast.com\/product\/yoast-seo-premium-wordpress\/ -->\n<title>Sikkerhet - Riwal Norge<\/title>\n<meta name=\"description\" content=\"Meta beskrivelse: Hos Riwal er sikkerhet v\u00e5r h\u00f8yeste prioritet. Utforsk hvordan vi jobber proaktivt for \u00e5 sikre en risikofri opplevelse\" \/>\n<meta name=\"robots\" content=\"index, follow, max-snippet:-1, max-image-preview:large, max-video-preview:-1\" \/>\n<link rel=\"canonical\" href=\"https:\/\/www.riwal.com\/no\/sikkerhet-fremfor-alt-riwal\/\" \/>\n<meta property=\"og:locale\" content=\"nn_NO\" \/>\n<meta property=\"og:type\" content=\"article\" \/>\n<meta property=\"og:title\" content=\"Sikkerhet\" \/>\n<meta property=\"og:description\" content=\"Meta beskrivelse: Hos Riwal er sikkerhet v\u00e5r h\u00f8yeste prioritet. Utforsk hvordan vi jobber proaktivt for \u00e5 sikre en risikofri opplevelse\" \/>\n<meta property=\"og:url\" content=\"https:\/\/www.riwal.com\/no\/sikkerhet-fremfor-alt-riwal\/\" \/>\n<meta property=\"og:site_name\" content=\"Riwal Norge\" \/>\n<meta property=\"article:modified_time\" content=\"2024-10-11T06:45:53+00:00\" \/>\n<meta property=\"og:image\" content=\"https:\/\/www.riwal.com\/app\/uploads\/sites\/12\/2023\/06\/riwal-aerial-work-platform-rental-sales-3-scaled.webp\" \/>\n\t<meta property=\"og:image:width\" content=\"2560\" \/>\n\t<meta property=\"og:image:height\" content=\"1707\" \/>\n\t<meta property=\"og:image:type\" content=\"image\/webp\" \/>\n<meta name=\"twitter:card\" content=\"summary_large_image\" \/>\n<meta name=\"twitter:label1\" content=\"Est. reading time\" \/>\n\t<meta name=\"twitter:data1\" content=\"4 minutt\" \/>\n<script type=\"application\/ld+json\" class=\"yoast-schema-graph\">{\"@context\":\"https:\/\/schema.org\",\"@graph\":[{\"@type\":\"WebPage\",\"@id\":\"https:\/\/www.riwal.com\/no\/sikkerhet-fremfor-alt-riwal\/\",\"url\":\"https:\/\/www.riwal.com\/no\/sikkerhet-fremfor-alt-riwal\/\",\"name\":\"Sikkerhet - Riwal Norge\",\"isPartOf\":{\"@id\":\"https:\/\/www.riwal.com\/no\/#website\"},\"primaryImageOfPage\":{\"@id\":\"https:\/\/www.riwal.com\/no\/sikkerhet-fremfor-alt-riwal\/#primaryimage\"},\"image\":{\"@id\":\"https:\/\/www.riwal.com\/no\/sikkerhet-fremfor-alt-riwal\/#primaryimage\"},\"thumbnailUrl\":\"https:\/\/eqsk4m2dkju.exactdn.com\/app\/uploads\/sites\/12\/2023\/06\/riwal-aerial-work-platform-rental-sales-3-scaled.webp?strip=all&quality=92&webp=92&avif=80&sharp=1\",\"datePublished\":\"2023-09-18T12:49:08+00:00\",\"dateModified\":\"2024-10-11T06:45:53+00:00\",\"description\":\"Meta beskrivelse: Hos Riwal er sikkerhet v\u00e5r h\u00f8yeste prioritet. Utforsk hvordan vi jobber proaktivt for \u00e5 sikre en risikofri opplevelse\",\"breadcrumb\":{\"@id\":\"https:\/\/www.riwal.com\/no\/sikkerhet-fremfor-alt-riwal\/#breadcrumb\"},\"inLanguage\":\"nn-NO\",\"potentialAction\":[{\"@type\":\"ReadAction\",\"target\":[\"https:\/\/www.riwal.com\/no\/sikkerhet-fremfor-alt-riwal\/\"]}]},{\"@type\":\"ImageObject\",\"inLanguage\":\"nn-NO\",\"@id\":\"https:\/\/www.riwal.com\/no\/sikkerhet-fremfor-alt-riwal\/#primaryimage\",\"url\":\"https:\/\/eqsk4m2dkju.exactdn.com\/app\/uploads\/sites\/12\/2023\/06\/riwal-aerial-work-platform-rental-sales-3-scaled.webp?strip=all&quality=92&webp=92&avif=80&sharp=1\",\"contentUrl\":\"https:\/\/eqsk4m2dkju.exactdn.com\/app\/uploads\/sites\/12\/2023\/06\/riwal-aerial-work-platform-rental-sales-3-scaled.webp?strip=all&quality=92&webp=92&avif=80&sharp=1\",\"width\":2560,\"height\":1707},{\"@type\":\"BreadcrumbList\",\"@id\":\"https:\/\/www.riwal.com\/no\/sikkerhet-fremfor-alt-riwal\/#breadcrumb\",\"itemListElement\":[{\"@type\":\"ListItem\",\"position\":1,\"name\":\"Hjem\",\"item\":\"https:\/\/www.riwal.com\/no\/\"},{\"@type\":\"ListItem\",\"position\":2,\"name\":\"Sikkerhet\"}]},{\"@type\":\"WebSite\",\"@id\":\"https:\/\/www.riwal.com\/no\/#website\",\"url\":\"https:\/\/www.riwal.com\/no\/\",\"name\":\"Riwal\",\"description\":\"JLG lifter til salgs\",\"publisher\":{\"@id\":\"https:\/\/www.riwal.com\/no\/#organization\"},\"potentialAction\":[{\"@type\":\"SearchAction\",\"target\":{\"@type\":\"EntryPoint\",\"urlTemplate\":\"https:\/\/www.riwal.com\/no\/?s={search_term_string}\"},\"query-input\":{\"@type\":\"PropertyValueSpecification\",\"valueRequired\":true,\"valueName\":\"search_term_string\"}}],\"inLanguage\":\"nn-NO\"},{\"@type\":\"Organization\",\"@id\":\"https:\/\/www.riwal.com\/no\/#organization\",\"name\":\"Riwal\",\"url\":\"https:\/\/www.riwal.com\/no\/\",\"logo\":{\"@type\":\"ImageObject\",\"inLanguage\":\"nn-NO\",\"@id\":\"https:\/\/www.riwal.com\/no\/#\/schema\/logo\/image\/\",\"url\":\"\",\"contentUrl\":\"\",\"caption\":\"Riwal\"},\"image\":{\"@id\":\"https:\/\/www.riwal.com\/no\/#\/schema\/logo\/image\/\"}}]}<\/script>\n<!-- \/ Yoast SEO Premium plugin. -->","yoast_head_json":{"title":"Sikkerhet - Riwal Norge","description":"Meta beskrivelse: Hos Riwal er sikkerhet v\u00e5r h\u00f8yeste prioritet. Utforsk hvordan vi jobber proaktivt for \u00e5 sikre en risikofri opplevelse","robots":{"index":"index","follow":"follow","max-snippet":"max-snippet:-1","max-image-preview":"max-image-preview:large","max-video-preview":"max-video-preview:-1"},"canonical":"https:\/\/www.riwal.com\/no\/sikkerhet-fremfor-alt-riwal\/","og_locale":"nn_NO","og_type":"article","og_title":"Sikkerhet","og_description":"Meta beskrivelse: Hos Riwal er sikkerhet v\u00e5r h\u00f8yeste prioritet. Utforsk hvordan vi jobber proaktivt for \u00e5 sikre en risikofri opplevelse","og_url":"https:\/\/www.riwal.com\/no\/sikkerhet-fremfor-alt-riwal\/","og_site_name":"Riwal Norge","article_modified_time":"2024-10-11T06:45:53+00:00","og_image":[{"width":2560,"height":1707,"url":"https:\/\/www.riwal.com\/app\/uploads\/sites\/12\/2023\/06\/riwal-aerial-work-platform-rental-sales-3-scaled.webp","type":"image\/webp"}],"twitter_card":"summary_large_image","twitter_misc":{"Est. reading time":"4 minutt"},"schema":{"@context":"https:\/\/schema.org","@graph":[{"@type":"WebPage","@id":"https:\/\/www.riwal.com\/no\/sikkerhet-fremfor-alt-riwal\/","url":"https:\/\/www.riwal.com\/no\/sikkerhet-fremfor-alt-riwal\/","name":"Sikkerhet - Riwal Norge","isPartOf":{"@id":"https:\/\/www.riwal.com\/no\/#website"},"primaryImageOfPage":{"@id":"https:\/\/www.riwal.com\/no\/sikkerhet-fremfor-alt-riwal\/#primaryimage"},"image":{"@id":"https:\/\/www.riwal.com\/no\/sikkerhet-fremfor-alt-riwal\/#primaryimage"},"thumbnailUrl":"https:\/\/eqsk4m2dkju.exactdn.com\/app\/uploads\/sites\/12\/2023\/06\/riwal-aerial-work-platform-rental-sales-3-scaled.webp?strip=all&quality=92&webp=92&avif=80&sharp=1","datePublished":"2023-09-18T12:49:08+00:00","dateModified":"2024-10-11T06:45:53+00:00","description":"Meta beskrivelse: Hos Riwal er sikkerhet v\u00e5r h\u00f8yeste prioritet. Utforsk hvordan vi jobber proaktivt for \u00e5 sikre en risikofri opplevelse","breadcrumb":{"@id":"https:\/\/www.riwal.com\/no\/sikkerhet-fremfor-alt-riwal\/#breadcrumb"},"inLanguage":"nn-NO","potentialAction":[{"@type":"ReadAction","target":["https:\/\/www.riwal.com\/no\/sikkerhet-fremfor-alt-riwal\/"]}]},{"@type":"ImageObject","inLanguage":"nn-NO","@id":"https:\/\/www.riwal.com\/no\/sikkerhet-fremfor-alt-riwal\/#primaryimage","url":"https:\/\/eqsk4m2dkju.exactdn.com\/app\/uploads\/sites\/12\/2023\/06\/riwal-aerial-work-platform-rental-sales-3-scaled.webp?strip=all&quality=92&webp=92&avif=80&sharp=1","contentUrl":"https:\/\/eqsk4m2dkju.exactdn.com\/app\/uploads\/sites\/12\/2023\/06\/riwal-aerial-work-platform-rental-sales-3-scaled.webp?strip=all&quality=92&webp=92&avif=80&sharp=1","width":2560,"height":1707},{"@type":"BreadcrumbList","@id":"https:\/\/www.riwal.com\/no\/sikkerhet-fremfor-alt-riwal\/#breadcrumb","itemListElement":[{"@type":"ListItem","position":1,"name":"Hjem","item":"https:\/\/www.riwal.com\/no\/"},{"@type":"ListItem","position":2,"name":"Sikkerhet"}]},{"@type":"WebSite","@id":"https:\/\/www.riwal.com\/no\/#website","url":"https:\/\/www.riwal.com\/no\/","name":"Riwal","description":"JLG lifter til salgs","publisher":{"@id":"https:\/\/www.riwal.com\/no\/#organization"},"potentialAction":[{"@type":"SearchAction","target":{"@type":"EntryPoint","urlTemplate":"https:\/\/www.riwal.com\/no\/?s={search_term_string}"},"query-input":{"@type":"PropertyValueSpecification","valueRequired":true,"valueName":"search_term_string"}}],"inLanguage":"nn-NO"},{"@type":"Organization","@id":"https:\/\/www.riwal.com\/no\/#organization","name":"Riwal","url":"https:\/\/www.riwal.com\/no\/","logo":{"@type":"ImageObject","inLanguage":"nn-NO","@id":"https:\/\/www.riwal.com\/no\/#\/schema\/logo\/image\/","url":"","contentUrl":"","caption":"Riwal"},"image":{"@id":"https:\/\/www.riwal.com\/no\/#\/schema\/logo\/image\/"}}]}},"_links":{"self":[{"href":"https:\/\/www.riwal.com\/no\/wp-json\/wp\/v2\/pages\/3022","targetHints":{"allow":["GET"]}}],"collection":[{"href":"https:\/\/www.riwal.com\/no\/wp-json\/wp\/v2\/pages"}],"about":[{"href":"https:\/\/www.riwal.com\/no\/wp-json\/wp\/v2\/types\/page"}],"author":[{"embeddable":true,"href":"https:\/\/www.riwal.com\/no\/wp-json\/wp\/v2\/users\/27"}],"replies":[{"embeddable":true,"href":"https:\/\/www.riwal.com\/no\/wp-json\/wp\/v2\/comments?post=3022"}],"version-history":[{"count":6,"href":"https:\/\/www.riwal.com\/no\/wp-json\/wp\/v2\/pages\/3022\/revisions"}],"predecessor-version":[{"id":13156,"href":"https:\/\/www.riwal.com\/no\/wp-json\/wp\/v2\/pages\/3022\/revisions\/13156"}],"wp:featuredmedia":[{"embeddable":true,"href":"https:\/\/www.riwal.com\/no\/wp-json\/wp\/v2\/media\/1076"}],"wp:attachment":[{"href":"https:\/\/www.riwal.com\/no\/wp-json\/wp\/v2\/media?parent=3022"}],"curies":[{"name":"wp","href":"https:\/\/api.w.org\/{rel}","templated":true}]}}